{"id":2805,"date":"2021-09-25T10:07:48","date_gmt":"2021-09-25T02:07:48","guid":{"rendered":"https:\/\/tianhuipackingmachine.com\/?page_id=2805"},"modified":"2022-12-08T11:47:23","modified_gmt":"2022-12-08T03:47:23","slug":"desktop-vacuum-packing-machine","status":"publish","type":"product","link":"https:\/\/tianhuipackingmachine.com\/pt\/desktop-vacuum-packing-machine\/","title":{"rendered":"M\u00e1quina de embalagem a v\u00e1cuo de mesa"},"content":{"rendered":"<p class=\"translation-block\"><strong>M\u00e1quina de embalagem a v\u00e1cuo de mesa<\/strong> aplica-se a v\u00e1rias embalagens a v\u00e1cuo de alimentos, estendendo a vida \u00fatil, retardando a deteriora\u00e7\u00e3o dos alimentos. Possui as vantagens de pouco espa\u00e7o ocupado, portabilidade, baixo custo e bom efeito de selagem. Este tipo de m\u00e1quina de embalagem a v\u00e1cuo de bancada requer que coloquemos o material a ser preenchido em sacos pr\u00e9-fabricados manualmente, depois colocamos o saco com o material na m\u00e1quina para selar. Assim, a m\u00e1quina de embalagem a v\u00e1cuo de mesa tamb\u00e9m pode ser chamada de seladora a v\u00e1cuo de mesa.<\/p>    <h2 class=\"wp-block-heading\" id=\"h-desktop-vacuum-packing-machine-for-sale\">Venda m\u00e1quina de embalagem a v\u00e1cuo de mesa<\/h2>    <p>A seladora a v\u00e1cuo port\u00e1til \u00e0 venda na Top Packing Machinery inclui o tipo DZ-260, que subdivide DZ-260A, DZ-260B e DZ-260C. A m\u00e1quina de embalagem a v\u00e1cuo \u00e9 feita de a\u00e7o inoxid\u00e1vel, dur\u00e1vel e n\u00e3o enferruja. A bomba de v\u00e1cuo adota pe\u00e7as de marcas famosas, extraindo ar de forma r\u00e1pida e eficiente, funcionando com efici\u00eancia. Sua tampa \u00e9 transparente, resistente \u00e0 corros\u00e3o, prolongando o tempo de servi\u00e7o. Se voc\u00ea quiser escolher e comprar uma seladora a v\u00e1cuo que seja mais eficiente, voc\u00ea pode considerar uma m\u00e1quina de embalagem a v\u00e1cuo de c\u00e2mara ou uma m\u00e1quina de embalagem a v\u00e1cuo dupla.<\/p>    <figure class=\"wp-block-image aligncenter size-full\"><img loading=\"lazy\" decoding=\"async\" width=\"750\" height=\"500\" src=\"https:\/\/tianhuipackingmachine.com\/wp-content\/uploads\/2021\/09\/desktop-vacuum-packing-machine.jpg\" alt=\"m\u00e1quina de embalagem a v\u00e1cuo de mesa\" class=\"wp-image-2806\" srcset=\"https:\/\/tianhuipackingmachine.com\/wp-content\/uploads\/2021\/09\/desktop-vacuum-packing-machine.jpg 750w, https:\/\/tianhuipackingmachine.com\/wp-content\/uploads\/2021\/09\/desktop-vacuum-packing-machine-300x200.jpg 300w\" sizes=\"auto, (max-width: 750px) 100vw, 750px\" \/><figcaption class=\"wp-element-caption\">M\u00e1quina de embalagem a v\u00e1cuo de mesa<\/figcaption><\/figure>    <h2 class=\"has-text-color wp-block-heading\" id=\"h-table-top-vacuum-sealer-parameters\" style=\"color:#ff5200\">Par\u00e2metros do selador a v\u00e1cuo de mesa<\/h2>    <figure class=\"wp-block-table is-style-stripes\"><table><tbody><tr><td>Modelo<\/td><td>DZ-260A<\/td><td>DZ-260B<\/td><td>DZ-260C<\/td><\/tr><tr><td>Fonte de energia<\/td><td> CA220V\/50Hz 110V\/60Hz <\/td><td>CA220V\/50Hz 110V\/60Hz<\/td><td>CA220V\/50Hz 110V\/60Hz<\/td><\/tr><tr><td>Pot\u00eancia da bomba de v\u00e1cuo<\/td><td>180W<\/td><td>180W<\/td><td>120W<\/td><\/tr><tr><td>Poder de selagem t\u00e9rmica<\/td><td>260W<\/td><td>260W<\/td><td>260W<\/td><\/tr><tr><td>Tamanho da sala de v\u00e1cuo<\/td><td>390*285*50mm<\/td><td>390*285*50mm<\/td><td>330*270*50mm<\/td><\/tr><tr><td>Material da sala de v\u00e1cuo<\/td><td>A\u00e7o inoxid\u00e1vel<\/td><td>A\u00e7o inoxid\u00e1vel<\/td><td>A\u00e7o inoxid\u00e1vel<\/td><\/tr><tr><td>Tamanho da m\u00e1quina<\/td><td>490*340*380mm<\/td><td>490*340*380mm<\/td><td>405*320*340mm<\/td><\/tr><\/tbody><\/table><\/figure>    <h2 class=\"wp-block-heading\" id=\"h-features-of-tabletop-vacuum-packing-machine\">Caracter\u00edsticas da m\u00e1quina de embalagem a v\u00e1cuo de mesa<\/h2>    <ol class=\"wp-block-list\" type=\"1\"> <li>Design razo\u00e1vel, estrutura simples, bom efeito de veda\u00e7\u00e3o, opera\u00e7\u00e3o simples, amplas aplica\u00e7\u00f5es<\/li>    <li>Tamanho pequeno, port\u00e1til, baixo custo, pre\u00e7o acess\u00edvel, adequado para empresas de pequena escala, baixo ru\u00eddo<\/li>    <li>Painel de controle inteligente adota sistema de microcomputador, f\u00e1cil de gerenciar v\u00e1rios par\u00e2metros<\/li>    <li>O corpo da m\u00e1quina \u00e9 feito de a\u00e7o inoxid\u00e1vel, dur\u00e1vel e de boa apar\u00eancia<\/li>    <li>A sala de v\u00e1cuo tem um design inclinado, conveniente para colocar o material \u00famido ou com \u00f3leo<\/li>    <li>Tampa de v\u00e1cuo transparente, resistente \u00e0 corros\u00e3o e ferrugem, boas condi\u00e7\u00f5es de veda\u00e7\u00e3o<\/li>    <li>F\u00e1cil de operar e manter, simples de desmontar a m\u00e1quina pela parte traseira<\/li>    <li>O interruptor de emerg\u00eancia pode interromper o procedimento quando funciona como medida de seguran\u00e7a<\/li> <\/ol>    <h2 class=\"wp-block-heading\" id=\"h-wide-applications-of-desktop-vacuum-sealer\">Amplas aplica\u00e7\u00f5es de seladora a v\u00e1cuo de mesa<\/h2>    <p class=\"translation-block\">Como um tipo de <strong><a href=\"https:\/\/tianhuipackingmachine.com\/pt\/vacuum-packaging-machine\/\">seladora a v\u00e1cuo<\/a><\/strong>, a m\u00e1quina de embalagem a v\u00e1cuo de mesa aplica-se a carne, fruta, vegetal, gr\u00e3os, especiarias, snacks, marisco, etc. \u00c9 adequada para carne de vaca, carne de carneiro, porco, peixe, frango, salsicha, bacon, pato assado, ma\u00e7\u00e3, ameixas, p\u00eassegos, laranja, kiwi, mirtilo, lim\u00e3o, anan\u00e1s, jaca, cenoura, vegetal verde, malagueta, pepino, tofu seco, <strong><a href=\"https:\/\/tianhuipackingmachine.com\/pt\/rice-packaging-machine\/\">arroz<\/a><\/strong>, aveia, soja, feij\u00e3o verde, feij\u00e3o vermelho, arroz negro, p\u00f3 de pimenta negra, <strong><a href=\"https:\/\/tianhuipackingmachine.com\/pt\/chilli-powder-packing-machine\/\">p\u00f3 de malagueta<\/a><\/strong>, p\u00f3 de gengibre, p\u00f3 de cominhos, p\u00f3 de cardamomo, <strong><a href=\"https:\/\/tianhuipackingmachine.com\/pt\/tea-packaging-machine\/\">ch\u00e1<\/a><\/strong>, bolacha, fruta seca, milho, amendoim, frutos secos, sementes de mel\u00e3o, etc. Para sacos de embalagem, os sacos comuns de embalagem a v\u00e1cuo s\u00e3o geralmente aplic\u00e1veis.<\/p>    <figure class=\"wp-block-image aligncenter size-full\"><img loading=\"lazy\" decoding=\"async\" width=\"750\" height=\"500\" src=\"https:\/\/tianhuipackingmachine.com\/wp-content\/uploads\/2021\/09\/table-top-vacuum-packing-machine-applications.jpg\" alt=\"aplica\u00e7\u00f5es de m\u00e1quinas de embalagem a v\u00e1cuo de mesa\" class=\"wp-image-2807\" srcset=\"https:\/\/tianhuipackingmachine.com\/wp-content\/uploads\/2021\/09\/table-top-vacuum-packing-machine-applications.jpg 750w, https:\/\/tianhuipackingmachine.com\/wp-content\/uploads\/2021\/09\/table-top-vacuum-packing-machine-applications-300x200.jpg 300w\" sizes=\"auto, (max-width: 750px) 100vw, 750px\" \/><figcaption class=\"wp-element-caption\">Aplica\u00e7\u00f5es de m\u00e1quinas de embalagem a v\u00e1cuo de mesa<\/figcaption><\/figure>    <h2 class=\"wp-block-heading\" id=\"h-desktop-vacuum-packing-machine-structure\">Estrutura da m\u00e1quina de embalagem a v\u00e1cuo de mesa<\/h2>    <p>A m\u00e1quina de embalagem a v\u00e1cuo de mesa consiste em uma bomba de v\u00e1cuo, painel de controle, uma sala de v\u00e1cuo, tira de veda\u00e7\u00e3o, tampa transparente, etc. Em primeiro lugar, a bomba de v\u00e1cuo \u00e9 de alta pot\u00eancia, velocidade de bombeamento r\u00e1pida, alta efici\u00eancia e baixo ru\u00eddo. Em segundo lugar, o painel de controle gerencia os par\u00e2metros de v\u00e1cuo, exibindo o grau de v\u00e1cuo na c\u00e2mara de v\u00e1cuo, o tempo de aspira\u00e7\u00e3o, veda\u00e7\u00e3o, resfriamento, etc. Em terceiro lugar, a superf\u00edcie da sala de v\u00e1cuo \u00e9 inclinada, conveniente para colocar o saco de v\u00e1cuo com material \u00famido ou oleoso. Al\u00e9m disso, uma tira de veda\u00e7\u00e3o \u00e9 usada para garantir o comprimento e a largura do v\u00e1cuo. E a tampa transparente torna o processo de trabalho vis\u00edvel e f\u00e1cil de operar.<\/p>    <h2 class=\"wp-block-heading\" id=\"h-related-machines-to-vacuum-packaging\">M\u00e1quinas relacionadas \u00e0 embalagem a v\u00e1cuo<\/h2>    <p class=\"translation-block\">As m\u00e1quinas de embalagem a v\u00e1cuo em <strong><a href=\"https:\/\/tianhuipackingmachine.com\/pt\/\">Top(Henan) Packaging Machinery<\/a><\/strong> para venda incluem empacotadora a v\u00e1cuo de mesa, empacotadora a v\u00e1cuo de c\u00e2mara \u00fanica e empacotadora a v\u00e1cuo de c\u00e2mara dupla. Comparada com a seladora a v\u00e1cuo de bancada, a sala de v\u00e1cuo de uma <strong><a href=\"https:\/\/tianhuipackingmachine.com\/pt\/single-chamber-vacuum-packaging-machine\/\">m\u00e1quina de embalagem a v\u00e1cuo de c\u00e2mara \u00fanica<\/a><\/strong> possui um espa\u00e7o maior para selagem a v\u00e1cuo e maior efici\u00eancia de trabalho. Se procura uma maior produ\u00e7\u00e3o, \u00e9 uma boa ideia escolher <strong><a href=\"https:\/\/tianhuipackingmachine.com\/pt\/double-chamber-vacuum-packaging-machine\/\">a m\u00e1quina de embalagem a v\u00e1cuo de c\u00e2mara dupla<\/a><\/strong>. Al\u00e9m disso, tamb\u00e9m fornecemos m\u00e1quinas de enchimento, m\u00e1quinas de etiquetagem, impressoras de datas, etc. Adicionalmente, tamb\u00e9m apoiamos o servi\u00e7o de personaliza\u00e7\u00e3o de acordo com os seus requisitos espec\u00edficos. <strong><a href=\"https:\/\/tianhuipackingmachine.com\/pt\/contact\/\">Entre em contato connosco<\/a><\/strong> para mais detalhes.<\/p>    <figure class=\"wp-block-image aligncenter size-full\"><img loading=\"lazy\" decoding=\"async\" width=\"750\" height=\"500\" src=\"https:\/\/tianhuipackingmachine.com\/wp-content\/uploads\/2021\/09\/single-chamber-double-chamber-vacuum-sealer.jpg\" alt=\"seladora a v\u00e1cuo de c\u00e2mara \u00fanica e c\u00e2mara dupla\" class=\"wp-image-2809\" srcset=\"https:\/\/tianhuipackingmachine.com\/wp-content\/uploads\/2021\/09\/single-chamber-double-chamber-vacuum-sealer.jpg 750w, https:\/\/tianhuipackingmachine.com\/wp-content\/uploads\/2021\/09\/single-chamber-double-chamber-vacuum-sealer-300x200.jpg 300w\" sizes=\"auto, (max-width: 750px) 100vw, 750px\" \/><figcaption class=\"wp-element-caption\">C\u00e2mara \u00fanica e Amp; Seladora a v\u00e1cuo de c\u00e2mara dupla<\/figcaption><\/figure>","protected":false},"excerpt":{"rendered":"<p>Desktop vacuum packing machine applies to various food vacuum packaging, extending shelf life, slowing down food spoilage. It has the advantages of small occupied space, portability, low cost, and good sealing effect. This kind of tabletop vacuum packaging machine needs us to put the material to fill in pre-made bags manually, then place the pouch [&hellip;]<\/p>\n","protected":false},"author":1,"featured_media":2806,"parent":0,"template":"","tags":[194],"product-type":[140],"class_list":["post-2805","product","type-product","status-publish","has-post-thumbnail","hentry","tag-vacuum-packing-machine","product-type-vacuum-packaging-machines"],"_links":{"self":[{"href":"https:\/\/tianhuipackingmachine.com\/pt\/wp-json\/wp\/v2\/product\/2805","targetHints":{"allow":["GET"]}}],"collection":[{"href":"https:\/\/tianhuipackingmachine.com\/pt\/wp-json\/wp\/v2\/product"}],"about":[{"href":"https:\/\/tianhuipackingmachine.com\/pt\/wp-json\/wp\/v2\/types\/product"}],"author":[{"embeddable":true,"href":"https:\/\/tianhuipackingmachine.com\/pt\/wp-json\/wp\/v2\/users\/1"}],"wp:featuredmedia":[{"embeddable":true,"href":"https:\/\/tianhuipackingmachine.com\/pt\/wp-json\/wp\/v2\/media\/2806"}],"wp:attachment":[{"href":"https:\/\/tianhuipackingmachine.com\/pt\/wp-json\/wp\/v2\/media?parent=2805"}],"wp:term":[{"taxonomy":"post_tag","embeddable":true,"href":"https:\/\/tianhuipackingmachine.com\/pt\/wp-json\/wp\/v2\/tags?post=2805"},{"taxonomy":"product-type","embeddable":true,"href":"https:\/\/tianhuipackingmachine.com\/pt\/wp-json\/wp\/v2\/product-type?post=2805"}],"curies":[{"name":"wp","href":"https:\/\/api.w.org\/{rel}","templated":true}]}}