{"id":2733,"date":"2021-09-24T09:58:04","date_gmt":"2021-09-24T01:58:04","guid":{"rendered":"https:\/\/tianhuipackingmachine.com\/?page_id=2733"},"modified":"2022-04-27T11:43:16","modified_gmt":"2022-04-27T03:43:16","slug":"electric-vertical-packing-machine","status":"publish","type":"product","link":"https:\/\/tianhuipackingmachine.com\/pt\/electric-vertical-packing-machine\/","title":{"rendered":"M\u00e1quina de embalagem vertical el\u00e9trica"},"content":{"rendered":"<p class=\"translation-block\"><strong>M\u00e1quina de embalagem vertical el\u00e9trica<\/strong> consiste principalmente em duas partes, sistema de alimenta\u00e7\u00e3o e sistema de embalagem. O sistema de alimenta\u00e7\u00e3o \u00e9 uma pequena m\u00e1quina de enchimento para p\u00f3, granulado ou dois em um. Muitos \u00e2mbitos de enchimento s\u00e3o opcionais. O sistema de embalagem \u00e9 usado para fazer sacos para embalar materiais que caem do sistema de alimenta\u00e7\u00e3o. Comparada com uma m\u00e1quina de embalagem padr\u00e3o de granulado ou p\u00f3, a m\u00e1quina enche com maior precis\u00e3o por pesagem quantitativa, mas a velocidade de embalagem \u00e9 mais lenta. E tem baixo custo, adequada para pequenas e m\u00e9dias empresas. Al\u00e9m disso, o servi\u00e7o de personaliza\u00e7\u00e3o est\u00e1 dispon\u00edvel de acordo com suas necessidades.<\/p>    <h2 class=\"wp-block-heading\" id=\"h-electric-vertical-packaging-machine-for-sale\">M\u00e1quina de embalagem vertical el\u00e9trica para venda<\/h2>    <p class=\"translation-block\">M\u00e1quina de embalagem vertical el\u00e9trica em <strong><a href=\"https:\/\/tianhuipackingmachine.com\/pt\/\">Henan Top Packing machinery<\/a><\/strong> \u00e0 venda inclui m\u00e1quina de embalagem el\u00e9trica tipo selo lateral e m\u00e1quina de embalagem el\u00e9trica tipo selo traseiro. Os dois tipos de equipamentos diferem na formadora de sacos, dispositivo de selagem vertical e dispositivo de selagem e corte final. A m\u00e1quina pode fazer sacos com selo de 3 lados ou sacos com selo traseiro. Pode concluir separadamente o processo de pesagem, forma\u00e7\u00e3o de saco, enchimento, selagem e corte. O painel de controle pode definir a temperatura de selagem e o comprimento do saco, e exibir a temperatura superior, temperatura inferior e o comprimento real.<\/p>    <figure class=\"wp-block-gallery has-nested-images columns-default is-cropped wp-block-gallery-2 is-layout-flex wp-block-gallery-is-layout-flex\"> <figure class=\"wp-block-image size-large\"><img loading=\"lazy\" decoding=\"async\" width=\"750\" height=\"500\" data-id=\"4432\" src=\"https:\/\/tianhuipackingmachine.com\/wp-content\/uploads\/2021\/12\/electric-packaging-machine-750x500.jpg\" alt=\"m\u00e1quina de embalagem el\u00e9trica\" class=\"wp-image-4432\" srcset=\"https:\/\/tianhuipackingmachine.com\/wp-content\/uploads\/2021\/12\/electric-packaging-machine.jpg 750w, https:\/\/tianhuipackingmachine.com\/wp-content\/uploads\/2021\/12\/electric-packaging-machine-480x320.jpg 480w\" sizes=\"auto, (max-width: 750px) 100vw, 750px\" \/><figcaption>M\u00e1quina de embalagem el\u00e9trica<\/figcaption><\/figure>    <figure class=\"wp-block-image size-large\"><img loading=\"lazy\" decoding=\"async\" width=\"750\" height=\"500\" data-id=\"3630\" src=\"https:\/\/tianhuipackingmachine.com\/wp-content\/uploads\/2021\/12\/Electric-VFFS-Machine-750x500.jpg\" alt=\"M\u00e1quina el\u00e9trica VFFS\" class=\"wp-image-3630\" srcset=\"https:\/\/tianhuipackingmachine.com\/wp-content\/uploads\/2021\/12\/Electric-VFFS-Machine.jpg 750w, https:\/\/tianhuipackingmachine.com\/wp-content\/uploads\/2021\/12\/Electric-VFFS-Machine-480x320.jpg 480w\" sizes=\"auto, (max-width: 750px) 100vw, 750px\" \/><figcaption>M\u00e1quina el\u00e9trica Vffs<\/figcaption><\/figure> <\/figure>    <h2 class=\"wp-block-heading\" id=\"h-features-of-electric-vertical-packaging-machine\">Caracter\u00edsticas da m\u00e1quina de embalagem vertical el\u00e9trica<\/h2>    <ol class=\"wp-block-list\" type=\"1\"><li>Design razo\u00e1vel, estrutura simples, f\u00e1cil de operar<\/li><li>Pesagem precisa, alta precis\u00e3o, baixo custo, pre\u00e7o acess\u00edvel<\/li><li>Muitos escopos de embalagem podem ser escolhidos com base em suas necessidades<\/li><li>Saco com veda\u00e7\u00e3o de 3 lados e saco com veda\u00e7\u00e3o traseira s\u00e3o opcionais<\/li><li>Servi\u00e7o de personaliza\u00e7\u00e3o dispon\u00edvel<\/li><\/ol>    <h2 class=\"wp-block-heading\" id=\"h-wide-applications-of-small-electric-packing-machine\">Amplas aplica\u00e7\u00f5es de pequenas m\u00e1quinas de embalagem el\u00e9trica<\/h2>    <p class=\"translation-block\">A m\u00e1quina \u00e9 semelhante a outras <strong><a href=\"https:\/\/tianhuipackingmachine.com\/pt\/granule-packing-machine\/\">m\u00e1quinas de embalagem de granulados<\/a><\/strong> e m\u00e1quinas de embalagem de p\u00f3. Aplica-se a v\u00e1rios granulados e p\u00f3s, como amendoim, gr\u00e3os de caf\u00e9, sementes de mel\u00e3o, cereais, nozes, aveia, arroz, ch\u00e1, frutas secas, s\u00e9samo, soja, feij\u00e3o verde, feij\u00e3o vermelho, glutamato monoss\u00f3dico, sal, farinha, leite em p\u00f3, farinha de milho, farinha de arroz, <strong><a href=\"https:\/\/tianhuipackingmachine.com\/pt\/coffee-packaging-machine\/\">p\u00f3 de caf\u00e9<\/a><\/strong>, especiarias, <strong><a href=\"https:\/\/tianhuipackingmachine.com\/pt\/chilli-powder-packing-machine\/\">p\u00f3 de malagueta<\/a><\/strong>, amido, p\u00f3 de corantes, <strong><a href=\"https:\/\/tianhuipackingmachine.com\/pt\/detergent-powder-packing-machine\/\">p\u00f3 de detergente<\/a><\/strong>, etc.<\/p>    <figure class=\"wp-block-gallery has-nested-images columns-default is-cropped wp-block-gallery-3 is-layout-flex wp-block-gallery-is-layout-flex\"> <figure class=\"wp-block-image size-large\"><img loading=\"lazy\" decoding=\"async\" width=\"750\" height=\"500\" data-id=\"4433\" src=\"https:\/\/tianhuipackingmachine.com\/wp-content\/uploads\/2021\/12\/final-packing-effect-750x500.jpg\" alt=\"efeito de embalagem final\" class=\"wp-image-4433\" srcset=\"https:\/\/tianhuipackingmachine.com\/wp-content\/uploads\/2021\/12\/final-packing-effect.jpg 750w, https:\/\/tianhuipackingmachine.com\/wp-content\/uploads\/2021\/12\/final-packing-effect-480x320.jpg 480w\" sizes=\"auto, (max-width: 750px) 100vw, 750px\" \/><figcaption>Efeito de embalagem final<\/figcaption><\/figure>    <figure class=\"wp-block-image size-large\"><img loading=\"lazy\" decoding=\"async\" width=\"750\" height=\"500\" data-id=\"4434\" src=\"https:\/\/tianhuipackingmachine.com\/wp-content\/uploads\/2021\/12\/packaging-effect-display-1-750x500.jpg\" alt=\"exibi\u00e7\u00e3o de efeito de embalagem\" class=\"wp-image-4434\" srcset=\"https:\/\/tianhuipackingmachine.com\/wp-content\/uploads\/2021\/12\/packaging-effect-display-1.jpg 750w, https:\/\/tianhuipackingmachine.com\/wp-content\/uploads\/2021\/12\/packaging-effect-display-1-480x320.jpg 480w\" sizes=\"auto, (max-width: 750px) 100vw, 750px\" \/><figcaption>Exibi\u00e7\u00e3o de efeito de embalagem<\/figcaption><\/figure> <\/figure>    <h2 class=\"wp-block-heading\" id=\"h-electric-vertical-form-filling-sealing-machine-working-video\">V\u00eddeo de funcionamento da m\u00e1quina el\u00e9trica de enchimento e selagem de formul\u00e1rio vertical <\/h2>   <figure class=\"wp-block-embed-youtube wp-block-embed is-type-video is-provider-youtube wp-embed-aspect-16-9 wp-has-aspect-ratio\"><div class=\"lyte-wrapper\" title=\"M\u00e1quina de embalagem vertical el\u00e9trica | Adequado para p\u00f3, gr\u00e2nulos com saco stick, saco com veda\u00e7\u00e3o lateral\" style=\"width:853px;max-width:100%;margin:5px auto;\"><div class=\"lyMe\" id=\"WYL_7TSMlFBWPOY\" itemprop=\"video\" itemscope itemtype=\"https:\/\/schema.org\/VideoObject\"><div><meta itemprop=\"thumbnailUrl\" content=\"https:\/\/i.ytimg.com\/vi\/7TSMlFBWPOY\/hqdefault.jpg\" \/><meta itemprop=\"embedURL\" content=\"https:\/\/www.youtube.com\/embed\/7TSMlFBWPOY\" \/><meta itemprop=\"duration\" content=\"PT4M31S\" \/><meta itemprop=\"uploadDate\" content=\"2021-12-24T04:18:33Z\" \/><\/div><div id=\"lyte_7TSMlFBWPOY\" data-src=\"https:\/\/i.ytimg.com\/vi\/7TSMlFBWPOY\/hqdefault.jpg\" class=\"pL\"><div class=\"tC\"><div class=\"tT\" itemprop=\"name\">M\u00e1quina de embalagem vertical el\u00e9trica | Adequado para p\u00f3, gr\u00e2nulos com saco stick, saco com veda\u00e7\u00e3o lateral<\/div><\/div><div class=\"play\"><\/div><div class=\"ctrl\"><div class=\"Lctrl\"><\/div><div class=\"Rctrl\"><\/div><\/div><\/div><noscript><a href=\"https:\/\/youtu.be\/7TSMlFBWPOY\" rel=\"nofollow noopener\" target=\"_blank\"><img loading=\"lazy\" decoding=\"async\" src=\"https:\/\/i.ytimg.com\/vi\/7TSMlFBWPOY\/0.jpg\" alt=\"M\u00e1quina de embalagem vertical el\u00e9trica | Adequado para p\u00f3, gr\u00e2nulos com saco stick, saco com veda\u00e7\u00e3o lateral\" width=\"853\" height=\"460\" \/><\/a><\/noscript><meta itemprop=\"description\" content=\"https:\/\/tianhuipackingmachine.com\/electric-vertical-packing-machine\/ If you are interested in it, welcome to consult us. Email: sales@toppackingmachine.com | Whatsapp\/Tel: +86 17329326135 Electric vertical packing machine applies to various powdery and granular material packaging, such as milk powder, coffee powder, spice powder, sugar, salt, peanut, banana chips, rice, etc. It has the characteristics of low cost, small occupied space, wide applicable material, and so on. There are lots of types of machines, and so can choose the suitable one according to your actual needs. If you are interested in it, welcome to consult us. Email: sales@toppackingmachine.com | Whatsapp\/Tel: +86 17329326135 https:\/\/tianhuipackingmachine.com\/electric-vertical-packing-machine\/\"><\/div><\/div><div class=\"lL\" style=\"max-width:100%;width:853px;margin:5px auto;\"> <a href=\"https:\/\/youtu.be\/7TSMlFBWPOY\" target=\"_blank\" rel=\"noopener\">Assista a este v\u00eddeo no YouTube<\/a>.<\/div><figcaption><\/figcaption><\/figure>   <h2 class=\"wp-block-heading\" id=\"h-electric-vertical-packing-machine-structure\">Estrutura el\u00e9trica da m\u00e1quina de embalagem vertical<\/h2>    <p class=\"translation-block\">A m\u00e1quina de embalagem el\u00e9trica \u00e9 um tipo de <strong><a href=\"https:\/\/tianhuipackingmachine.com\/pt\/vertical-packaging-machine\/\">m\u00e1quina vertical de enchimento e selagem<\/a><\/strong>. \u00c9 composta por filme de embalagem em rolo, tremonha de material, painel de controle quantitativo, formador de sacos, painel de controle encapsulado, interruptor de alimenta\u00e7\u00e3o, separador, dispositivo de selagem, rodas de tra\u00e7\u00e3o do filme de embalagem, orif\u00edcio de descarga. Adota pesagem e enchimento quantitativos, alta precis\u00e3o e exatid\u00e3o. Os pain\u00e9is de controle inteligentes podem definir v\u00e1rios par\u00e2metros sobre enchimento e embalagem, o que \u00e9 simples de operar. A formadora de sacos \u00e9 usada para modelar sacos para embalagem. A selagem por aquecimento \u00e9 est\u00e1vel e tem bom efeito. As rodas de tra\u00e7\u00e3o do filme de embalagem puxam o filme para baixo, promovendo a efici\u00eancia da embalagem. Al\u00e9m disso, a m\u00e1quina tamb\u00e9m pode ser combinada com outros dispositivos, como impressora de data, dispositivo de carregamento, dispositivo de enchimento de nitrog\u00eanio, etc. <\/p>    <div class=\"wp-block-image\"><figure class=\"aligncenter size-large\"><img loading=\"lazy\" decoding=\"async\" width=\"750\" height=\"500\" src=\"https:\/\/tianhuipackingmachine.com\/wp-content\/uploads\/2021\/12\/structure-of-electric-verticle-packing-machine-750x500.jpg\" alt=\"estrutura da m\u00e1quina de embalagem vertical el\u00e9trica\" class=\"wp-image-4317\" srcset=\"https:\/\/tianhuipackingmachine.com\/wp-content\/uploads\/2021\/12\/structure-of-electric-verticle-packing-machine.jpg 750w, https:\/\/tianhuipackingmachine.com\/wp-content\/uploads\/2021\/12\/structure-of-electric-verticle-packing-machine-480x320.jpg 480w\" sizes=\"auto, (max-width: 750px) 100vw, 750px\" \/><figcaption>estrutura da m\u00e1quina de embalagem vertical el\u00e9trica<\/figcaption><\/figure><\/div>    <h2 class=\"wp-block-heading\" id=\"h-detailed-components-of-the-electric-vertical-packer\">Componentes detalhados do empacotador vertical el\u00e9trico<\/h2>    <div class=\"wp-block-columns is-layout-flex wp-container-core-columns-is-layout-28f84493 wp-block-columns-is-layout-flex\"> <div class=\"wp-block-column is-layout-flow wp-block-column-is-layout-flow\"> <figure class=\"wp-block-gallery has-nested-images columns-default is-cropped wp-block-gallery-4 is-layout-flex wp-block-gallery-is-layout-flex\"> <figure class=\"wp-block-image size-large\"><img loading=\"lazy\" decoding=\"async\" width=\"750\" height=\"500\" data-id=\"4325\" src=\"https:\/\/tianhuipackingmachine.com\/wp-content\/uploads\/2021\/12\/material-hopper-750x500.jpg\" alt=\"tremonha de material\" class=\"wp-image-4325\" srcset=\"https:\/\/tianhuipackingmachine.com\/wp-content\/uploads\/2021\/12\/material-hopper.jpg 750w, https:\/\/tianhuipackingmachine.com\/wp-content\/uploads\/2021\/12\/material-hopper-480x320.jpg 480w\" sizes=\"auto, (max-width: 750px) 100vw, 750px\" \/><figcaption>Funil de materiais<\/figcaption><\/figure>    <figure class=\"wp-block-image size-large\"><img loading=\"lazy\" decoding=\"async\" width=\"750\" height=\"500\" data-id=\"4326\" src=\"https:\/\/tianhuipackingmachine.com\/wp-content\/uploads\/2021\/12\/top-material-holder-750x500.jpg\" alt=\"suporte de material superior\" class=\"wp-image-4326\" srcset=\"https:\/\/tianhuipackingmachine.com\/wp-content\/uploads\/2021\/12\/top-material-holder.jpg 750w, https:\/\/tianhuipackingmachine.com\/wp-content\/uploads\/2021\/12\/top-material-holder-480x320.jpg 480w\" sizes=\"auto, (max-width: 750px) 100vw, 750px\" \/><figcaption>Suporte de material superior<\/figcaption><\/figure> <\/figure> <\/div>    <div class=\"wp-block-column is-layout-flow wp-block-column-is-layout-flow\"> <figure class=\"wp-block-gallery has-nested-images columns-default is-cropped wp-block-gallery-5 is-layout-flex wp-block-gallery-is-layout-flex\"> <figure class=\"wp-block-image size-large\"><img loading=\"lazy\" decoding=\"async\" width=\"750\" height=\"500\" data-id=\"4320\" src=\"https:\/\/tianhuipackingmachine.com\/wp-content\/uploads\/2021\/12\/control-panel-750x500.jpg\" alt=\"painel de controle\" class=\"wp-image-4320\" srcset=\"https:\/\/tianhuipackingmachine.com\/wp-content\/uploads\/2021\/12\/control-panel.jpg 750w, https:\/\/tianhuipackingmachine.com\/wp-content\/uploads\/2021\/12\/control-panel-480x320.jpg 480w\" sizes=\"auto, (max-width: 750px) 100vw, 750px\" \/><figcaption>Painel de controle<\/figcaption><\/figure>    <figure class=\"wp-block-image size-large\"><img loading=\"lazy\" decoding=\"async\" width=\"750\" height=\"500\" data-id=\"4319\" src=\"https:\/\/tianhuipackingmachine.com\/wp-content\/uploads\/2021\/12\/coding-printer-750x500.jpg\" alt=\"impressora de codifica\u00e7\u00e3o\" class=\"wp-image-4319\" srcset=\"https:\/\/tianhuipackingmachine.com\/wp-content\/uploads\/2021\/12\/coding-printer.jpg 750w, https:\/\/tianhuipackingmachine.com\/wp-content\/uploads\/2021\/12\/coding-printer-480x320.jpg 480w\" sizes=\"auto, (max-width: 750px) 100vw, 750px\" \/><figcaption>Impressora de codifica\u00e7\u00e3o<\/figcaption><\/figure> <\/figure> <\/div> <\/div>    <div class=\"wp-block-columns is-layout-flex wp-container-core-columns-is-layout-28f84493 wp-block-columns-is-layout-flex\"> <div class=\"wp-block-column is-layout-flow wp-block-column-is-layout-flow\"> <figure class=\"wp-block-gallery has-nested-images columns-default is-cropped wp-block-gallery-6 is-layout-flex wp-block-gallery-is-layout-flex\"> <figure class=\"wp-block-image size-large\"><img loading=\"lazy\" decoding=\"async\" width=\"750\" height=\"500\" data-id=\"4324\" src=\"https:\/\/tianhuipackingmachine.com\/wp-content\/uploads\/2021\/12\/heat-sealing-750x500.jpg\" alt=\"selagem por calor\" class=\"wp-image-4324\" srcset=\"https:\/\/tianhuipackingmachine.com\/wp-content\/uploads\/2021\/12\/heat-sealing.jpg 750w, https:\/\/tianhuipackingmachine.com\/wp-content\/uploads\/2021\/12\/heat-sealing-480x320.jpg 480w\" sizes=\"auto, (max-width: 750px) 100vw, 750px\" \/><figcaption>Selagem por calor<\/figcaption><\/figure>    <figure class=\"wp-block-image size-large\"><img loading=\"lazy\" decoding=\"async\" width=\"750\" height=\"500\" data-id=\"4323\" src=\"https:\/\/tianhuipackingmachine.com\/wp-content\/uploads\/2021\/12\/forming-part-750x500.jpg\" alt=\"fazendo parte\" class=\"wp-image-4323\" srcset=\"https:\/\/tianhuipackingmachine.com\/wp-content\/uploads\/2021\/12\/forming-part.jpg 750w, https:\/\/tianhuipackingmachine.com\/wp-content\/uploads\/2021\/12\/forming-part-480x320.jpg 480w\" sizes=\"auto, (max-width: 750px) 100vw, 750px\" \/><figcaption>Parte Formadora<\/figcaption><\/figure> <\/figure> <\/div>    <div class=\"wp-block-column is-layout-flow wp-block-column-is-layout-flow\"> <figure class=\"wp-block-gallery has-nested-images columns-default is-cropped wp-block-gallery-7 is-layout-flex wp-block-gallery-is-layout-flex\"> <figure class=\"wp-block-image size-large\"><img loading=\"lazy\" decoding=\"async\" width=\"750\" height=\"500\" data-id=\"4321\" src=\"https:\/\/tianhuipackingmachine.com\/wp-content\/uploads\/2021\/12\/cursor-position-tracker-750x500.jpg\" alt=\"rastreador de posi\u00e7\u00e3o do cursor\" class=\"wp-image-4321\" srcset=\"https:\/\/tianhuipackingmachine.com\/wp-content\/uploads\/2021\/12\/cursor-position-tracker.jpg 750w, https:\/\/tianhuipackingmachine.com\/wp-content\/uploads\/2021\/12\/cursor-position-tracker-480x320.jpg 480w\" sizes=\"auto, (max-width: 750px) 100vw, 750px\" \/><figcaption>Rastreador de posi\u00e7\u00e3o do cursor<\/figcaption><\/figure>    <figure class=\"wp-block-image size-large\"><img loading=\"lazy\" decoding=\"async\" width=\"750\" height=\"500\" data-id=\"4322\" src=\"https:\/\/tianhuipackingmachine.com\/wp-content\/uploads\/2021\/12\/feeding-clamp-wheel-750x500.jpg\" alt=\"roda de fixa\u00e7\u00e3o de alimenta\u00e7\u00e3o\" class=\"wp-image-4322\" srcset=\"https:\/\/tianhuipackingmachine.com\/wp-content\/uploads\/2021\/12\/feeding-clamp-wheel.jpg 750w, https:\/\/tianhuipackingmachine.com\/wp-content\/uploads\/2021\/12\/feeding-clamp-wheel-480x320.jpg 480w\" sizes=\"auto, (max-width: 750px) 100vw, 750px\" \/><figcaption>Roda de alimenta\u00e7\u00e3o<\/figcaption><\/figure> <\/figure> <\/div> <\/div>    <h2 class=\"has-text-color wp-block-heading\" id=\"h-electric-side-seal-vertical-packaging-machine-parameters\" style=\"color:#ff5200\">Par\u00e2metros da m\u00e1quina de embalagem vertical com veda\u00e7\u00e3o lateral el\u00e9trica<\/h2>    <figure class=\"wp-block-table is-style-stripes\"><table><tbody><tr><td>Modelo<\/td><td>CF-200<\/td><td>CF-260<\/td><td>CF-300<\/td><\/tr><tr><td>Poder<\/td><td>600W<\/td><td>700W<\/td><td>800W<\/td><\/tr><tr><td>Velocidade de embalagem<\/td><td>700-1200 sacos\/h<\/td><td>650-1000 sacos\/h<\/td><td>650-1000 sacos\/h<\/td><\/tr><tr><td>Largura do filme de embalagem<\/td><td>5-20cm<\/td><td>21-26cm<\/td><td>27-30cm<\/td><\/tr><tr><td>Comprimento do saco<\/td><td>3-17cm<\/td><td>3-22cm<\/td><td>3-22cm<\/td><\/tr><tr><td>Tamanho da m\u00e1quina<\/td><td>45*55*148cm<\/td><td>56*63*168cm<\/td><td>56*63*168<\/td><\/tr><\/tbody><\/table><\/figure>    <h2 class=\"has-text-color wp-block-heading\" id=\"h-electric-back-seal-vertical-packaging-machine-parameters\" style=\"color:#ff5200\">Par\u00e2metros da m\u00e1quina de embalagem vertical com veda\u00e7\u00e3o traseira el\u00e9trica<\/h2>    <figure class=\"wp-block-table is-style-stripes\"><table><tbody><tr><td>Modelo<\/td><td>BF-200<\/td><td>BF-260<\/td><td>BF-340<\/td><td>BF-440<\/td><\/tr><tr><td>Poder<\/td><td>600W<\/td><td>700W<\/td><td>800W<\/td><td>900 W<\/td><\/tr><tr><td>Velocidade de embalagem<\/td><td>700-1200 sacos\/h<\/td><td>650-1000 sacos\/h<\/td><td>650-1000 sacos\/h<\/td><td>600-950 sacos\/h<\/td><\/tr><tr><td>Largura do filme de embalagem<\/td><td>5-20cm<\/td><td>21-26cm<\/td><td>27-34cm<\/td><td>35-44cm<\/td><\/tr><tr><td>Comprimento do saco<\/td><td>3-17cm<\/td><td>3-22cm<\/td><td>3-22cm<\/td><td>5-27cm<\/td><\/tr><tr><td>Tamanho da m\u00e1quina<\/td><td>45*55*148cm<\/td><td>56*63*168cm<\/td><td>56*63*168cm<\/td><td>66*77*180cm<\/td><\/tr><\/tbody><\/table><\/figure>    <h2 class=\"wp-block-heading\" id=\"h-conclusion\">Conclus\u00e3o<\/h2>    <p class=\"translation-block\">A m\u00e1quina de embalagem vertical el\u00e9trica pode concluir automaticamente o processo de embalagem. Sua velocidade de trabalho \u00e9 mais lenta do que uma empacotadora de granulados padr\u00e3o e <strong><a href=\"https:\/\/tianhuipackingmachine.com\/pt\/powder-packing-machine\/\">empacotadora de p\u00f3<\/a><\/strong>, mas sua precis\u00e3o de enchimento \u00e9 maior porque a m\u00e1quina adota pesagem e enchimento quantitativos, em vez de copos medidores ou agitadores. Al\u00e9m disso, tamb\u00e9m tem as vantagens de baixo custo, pre\u00e7o acess\u00edvel, adequada para pequenas e m\u00e9dias empresas. Se voc\u00ea quiser <strong><a href=\"https:\/\/tianhuipackingmachine.com\/pt\/contact\/\">obter mais detalhes<\/a><\/strong> ou ser um distribuidor, entre em contato conosco e responderemos o mais breve poss\u00edvel.<\/p>","protected":false},"excerpt":{"rendered":"<p>Electric vertical packing machine mainly consists of two parts, feeding system, and packaging system. The feeding system is a small filling machine for powder, granule, or two-in-one. Many filling scopes are optional. The packaging system is used to make bags to package falling materials from the feeding system. Compared with a standard granule or powder [&hellip;]<\/p>\n","protected":false},"author":1,"featured_media":2743,"parent":0,"template":"","tags":[199],"product-type":[145],"class_list":["post-2733","product","type-product","status-publish","has-post-thumbnail","hentry","tag-vertical-packing-machine","product-type-other-products"],"_links":{"self":[{"href":"https:\/\/tianhuipackingmachine.com\/pt\/wp-json\/wp\/v2\/product\/2733","targetHints":{"allow":["GET"]}}],"collection":[{"href":"https:\/\/tianhuipackingmachine.com\/pt\/wp-json\/wp\/v2\/product"}],"about":[{"href":"https:\/\/tianhuipackingmachine.com\/pt\/wp-json\/wp\/v2\/types\/product"}],"author":[{"embeddable":true,"href":"https:\/\/tianhuipackingmachine.com\/pt\/wp-json\/wp\/v2\/users\/1"}],"wp:featuredmedia":[{"embeddable":true,"href":"https:\/\/tianhuipackingmachine.com\/pt\/wp-json\/wp\/v2\/media\/2743"}],"wp:attachment":[{"href":"https:\/\/tianhuipackingmachine.com\/pt\/wp-json\/wp\/v2\/media?parent=2733"}],"wp:term":[{"taxonomy":"post_tag","embeddable":true,"href":"https:\/\/tianhuipackingmachine.com\/pt\/wp-json\/wp\/v2\/tags?post=2733"},{"taxonomy":"product-type","embeddable":true,"href":"https:\/\/tianhuipackingmachine.com\/pt\/wp-json\/wp\/v2\/product-type?post=2733"}],"curies":[{"name":"wp","href":"https:\/\/api.w.org\/{rel}","templated":true}]}}