{"id":2710,"date":"2021-09-23T15:38:40","date_gmt":"2021-09-23T07:38:40","guid":{"rendered":"https:\/\/tianhuipackingmachine.com\/?page_id=2710"},"modified":"2023-01-18T15:30:04","modified_gmt":"2023-01-18T07:30:04","slug":"shisha-charcoal-packing-machine","status":"publish","type":"product","link":"https:\/\/tianhuipackingmachine.com\/pt\/shisha-charcoal-packing-machine\/","title":{"rendered":"M\u00e1quina de embalagem de carv\u00e3o Shisha"},"content":{"rendered":"<p class=\"translation-block\"><strong>M\u00e1quina de embalagem de carv\u00e3o de shisha<\/strong> ou m\u00e1quina de embalagem de carv\u00e3o de hookah \u00e9 um tipo de m\u00e1quina de embalagem de fluxo horizontal. \u00c9 alimentada por eletricidade e \u00e9 controlada por um sistema de controle PLC inteligente. Com material de a\u00e7o inoxid\u00e1vel 304 e uma estrutura razo\u00e1vel, a m\u00e1quina de embalagem de carv\u00e3o de shisha \u00e9 dur\u00e1vel e tem uma longa vida \u00fatil. Al\u00e9m disso, \u00e9 bastante f\u00e1cil de instalar, operar e manter. O equipamento de embalagem de carv\u00e3o de shisha \u00e0 venda da Henan Top Packing Machinery desfruta de alta qualidade e pre\u00e7os competitivos. E \u00e9 amado por muitos clientes. Bem-vindo a entrar em contato conosco para o pre\u00e7o mais recente.<\/p>    <figure class=\"wp-block-image aligncenter size-large\"><img loading=\"lazy\" decoding=\"async\" width=\"750\" height=\"500\" src=\"https:\/\/tianhuipackingmachine.com\/wp-content\/uploads\/2022\/01\/shisha-charcoal-packing-machine-750x500.jpg\" alt=\"m\u00e1quina de embalagem de carv\u00e3o shisha\" class=\"wp-image-5054\" srcset=\"https:\/\/tianhuipackingmachine.com\/wp-content\/uploads\/2022\/01\/shisha-charcoal-packing-machine.jpg 750w, https:\/\/tianhuipackingmachine.com\/wp-content\/uploads\/2022\/01\/shisha-charcoal-packing-machine-480x320.jpg 480w\" sizes=\"auto, (max-width: 750px) 100vw, 750px\" \/><figcaption class=\"wp-element-caption\">M\u00e1quina de embalagem de carv\u00e3o Shisha<\/figcaption><\/figure>    <h2 class=\"wp-block-heading\" id=\"h-detailed-components-of-the-ring-shisha-charcoal-packing-equipment\">Componentes detalhados da m\u00e1quina de embalagem de carv\u00e3o shisha anel<\/h2>    <p class=\"translation-block\">Uma linha de produ\u00e7\u00e3o de embalagem de carv\u00e3o de hookah \u00e9 composta principalmente por uma esteira transportadora, uma m\u00e1quina de alimenta\u00e7\u00e3o e uma m\u00e1quina de embalagem tipo travesseiro. Depois que o operador coloca as mat\u00e9rias-primas na esteira transportadora, ela as transporta para a m\u00e1quina de alimenta\u00e7\u00e3o. O alimentador de material pode separar esses carv\u00f5es de shisha e combin\u00e1-los em grupos para embalagem. Existem muitas travas na m\u00e1quina de embalagem de fluxo para que o equipamento possa fazer o carv\u00e3o de hookah manter uma embalagem em forma cil\u00edndrica. Se voc\u00ea precisar embal\u00e1-los em caixas, n\u00f3s fornecemos <a href=\"https:\/\/tianhuipackingmachine.com\/pt\/carton-sealing-machine\/\">m\u00e1quinas de selagem e estrangulamento de caixas<\/a> tamb\u00e9m. Bem-vindo a nos consultar se voc\u00ea estiver interessado neste tipo de m\u00e1quina de embalagem.<\/p>    <figure class=\"wp-block-gallery has-nested-images columns-default is-cropped wp-block-gallery-2 is-layout-flex wp-block-gallery-is-layout-flex\"> <figure class=\"wp-block-image size-large\"><img loading=\"lazy\" decoding=\"async\" width=\"750\" height=\"500\" data-id=\"5045\" src=\"https:\/\/tianhuipackingmachine.com\/wp-content\/uploads\/2022\/01\/conveyor-belts-for-hookah-charcoal-750x500.jpg\" alt=\"\" class=\"wp-image-5045\" srcset=\"https:\/\/tianhuipackingmachine.com\/wp-content\/uploads\/2022\/01\/conveyor-belts-for-hookah-charcoal.jpg 750w, https:\/\/tianhuipackingmachine.com\/wp-content\/uploads\/2022\/01\/conveyor-belts-for-hookah-charcoal-480x320.jpg 480w\" sizes=\"auto, (max-width: 750px) 100vw, 750px\" \/><figcaption class=\"wp-element-caption\">Correias transportadoras para carv\u00e3o para narguil\u00e9<\/figcaption><\/figure>    <figure class=\"wp-block-image size-large\"><img loading=\"lazy\" decoding=\"async\" width=\"750\" height=\"500\" data-id=\"5039\" src=\"https:\/\/tianhuipackingmachine.com\/wp-content\/uploads\/2022\/01\/feeding-machine-for-sets-of-shisha-charcoal-750x500.jpg\" alt=\"m\u00e1quina de alimenta\u00e7\u00e3o para conjuntos de carv\u00e3o shisha\" class=\"wp-image-5039\" srcset=\"https:\/\/tianhuipackingmachine.com\/wp-content\/uploads\/2022\/01\/feeding-machine-for-sets-of-shisha-charcoal.jpg 750w, https:\/\/tianhuipackingmachine.com\/wp-content\/uploads\/2022\/01\/feeding-machine-for-sets-of-shisha-charcoal-480x320.jpg 480w\" sizes=\"auto, (max-width: 750px) 100vw, 750px\" \/><figcaption class=\"wp-element-caption\">M\u00e1quina de alimenta\u00e7\u00e3o para conjuntos de carv\u00e3o Shisha<\/figcaption><\/figure>    <figure class=\"wp-block-image size-large\"><img loading=\"lazy\" decoding=\"async\" width=\"750\" height=\"500\" data-id=\"5044\" src=\"https:\/\/tianhuipackingmachine.com\/wp-content\/uploads\/2022\/01\/the-place-for-putting-a-group-of-hookah-charcoal-750x500.jpg\" alt=\"o lugar para colocar um grupo de carv\u00e3o para narguil\u00e9\" class=\"wp-image-5044\" srcset=\"https:\/\/tianhuipackingmachine.com\/wp-content\/uploads\/2022\/01\/the-place-for-putting-a-group-of-hookah-charcoal.jpg 750w, https:\/\/tianhuipackingmachine.com\/wp-content\/uploads\/2022\/01\/the-place-for-putting-a-group-of-hookah-charcoal-480x320.jpg 480w\" sizes=\"auto, (max-width: 750px) 100vw, 750px\" \/><figcaption class=\"wp-element-caption\">O lugar para colocar um grupo de carv\u00e3o para narguil\u00e9<\/figcaption><\/figure> <\/figure>    <figure class=\"wp-block-gallery has-nested-images columns-default is-cropped wp-block-gallery-3 is-layout-flex wp-block-gallery-is-layout-flex\"> <figure class=\"wp-block-image size-large\"><img loading=\"lazy\" decoding=\"async\" width=\"750\" height=\"500\" data-id=\"5041\" src=\"https:\/\/tianhuipackingmachine.com\/wp-content\/uploads\/2022\/01\/shisha-charcoal-packaging-production-line-750x500.jpg\" alt=\"linha de produ\u00e7\u00e3o de embalagens de carv\u00e3o shisha\" class=\"wp-image-5041\" srcset=\"https:\/\/tianhuipackingmachine.com\/wp-content\/uploads\/2022\/01\/shisha-charcoal-packaging-production-line.jpg 750w, https:\/\/tianhuipackingmachine.com\/wp-content\/uploads\/2022\/01\/shisha-charcoal-packaging-production-line-480x320.jpg 480w\" sizes=\"auto, (max-width: 750px) 100vw, 750px\" \/><figcaption class=\"wp-element-caption\">Linha de produ\u00e7\u00e3o de embalagens de carv\u00e3o Shisha<\/figcaption><\/figure>    <figure class=\"wp-block-image size-large\"><img loading=\"lazy\" decoding=\"async\" width=\"750\" height=\"500\" data-id=\"5051\" src=\"https:\/\/tianhuipackingmachine.com\/wp-content\/uploads\/2022\/01\/upper-roll-film-device-750x500.jpg\" alt=\"dispositivo de filme de rolo superior\" class=\"wp-image-5051\" srcset=\"https:\/\/tianhuipackingmachine.com\/wp-content\/uploads\/2022\/01\/upper-roll-film-device.jpg 750w, https:\/\/tianhuipackingmachine.com\/wp-content\/uploads\/2022\/01\/upper-roll-film-device-480x320.jpg 480w\" sizes=\"auto, (max-width: 750px) 100vw, 750px\" \/><figcaption class=\"wp-element-caption\">Dispositivo de filme em rolo superior<\/figcaption><\/figure>    <figure class=\"wp-block-image size-large\"><img loading=\"lazy\" decoding=\"async\" width=\"750\" height=\"500\" data-id=\"5048\" src=\"https:\/\/tianhuipackingmachine.com\/wp-content\/uploads\/2022\/01\/PLC-touch-screen-750x500.jpg\" alt=\"Tela sens\u00edvel ao toque do CLP\" class=\"wp-image-5048\" srcset=\"https:\/\/tianhuipackingmachine.com\/wp-content\/uploads\/2022\/01\/PLC-touch-screen.jpg 750w, https:\/\/tianhuipackingmachine.com\/wp-content\/uploads\/2022\/01\/PLC-touch-screen-480x320.jpg 480w\" sizes=\"auto, (max-width: 750px) 100vw, 750px\" \/><figcaption class=\"wp-element-caption\">Tela de toque Plc<\/figcaption><\/figure> <\/figure>    <h2 class=\"wp-block-heading\" id=\"h-features-of-hookah-charcoal-packaging-machine\">Caracter\u00edsticas da m\u00e1quina de embalagem de carv\u00e3o para narguil\u00e9<\/h2>    <ol class=\"wp-block-list\" type=\"1\"> <li>excelente design, estrutura simples, desempenho est\u00e1vel<\/li>    <li>Sistema de controle inteligente PLC, f\u00e1cil de operar e atualizar<\/li>    <li>Dispositivos de prote\u00e7\u00e3o de seguran\u00e7a confi\u00e1veis \u200b\u200bpara garantir a seguran\u00e7a dos operadores<\/li>    <li>Sistema servo motor, funciona com precis\u00e3o e efici\u00eancia<\/li>    <li>Controle PID de temperatura independente, adequado para embalar v\u00e1rios materiais de filme<\/li>    <li>Baixo ru\u00eddo, economia de energia e pre\u00e7o de f\u00e1brica<\/li> <\/ol>    <h2 class=\"wp-block-heading\" id=\"h-how-to-package-shisha-charcoal-by-the-pillow-packing-machine\">Como embalar carv\u00e3o shisha com a m\u00e1quina de embalar travesseiros?<\/h2>   <figure class=\"wp-block-embed-youtube wp-block-embed is-type-video is-provider-youtube wp-embed-aspect-16-9 wp-has-aspect-ratio\"><div class=\"lyte-wrapper\" title=\"M\u00e1quina autom\u00e1tica de embalagem de briquete de carv\u00e3o Shisha | Alta efici\u00eancia\" style=\"width:853px;max-width:100%;margin:5px auto;\"><div class=\"lyMe\" id=\"WYL_XRflGHvTdo8\" itemprop=\"video\" itemscope itemtype=\"https:\/\/schema.org\/VideoObject\"><div><meta itemprop=\"thumbnailUrl\" content=\"https:\/\/i.ytimg.com\/vi\/XRflGHvTdo8\/hqdefault.jpg\" \/><meta itemprop=\"embedURL\" content=\"https:\/\/www.youtube.com\/embed\/XRflGHvTdo8\" \/><meta itemprop=\"duration\" content=\"PT2M34S\" \/><meta itemprop=\"uploadDate\" content=\"2021-09-27T10:20:48Z\" \/><\/div><div id=\"lyte_XRflGHvTdo8\" data-src=\"https:\/\/i.ytimg.com\/vi\/XRflGHvTdo8\/hqdefault.jpg\" class=\"pL\"><div class=\"tC\"><div class=\"tT\" itemprop=\"name\">M\u00e1quina autom\u00e1tica de embalagem de briquete de carv\u00e3o Shisha | Alta efici\u00eancia<\/div><\/div><div class=\"play\"><\/div><div class=\"ctrl\"><div class=\"Lctrl\"><\/div><div class=\"Rctrl\"><\/div><\/div><\/div><noscript><a href=\"https:\/\/youtu.be\/XRflGHvTdo8\" rel=\"nofollow noopener\" target=\"_blank\"><img loading=\"lazy\" decoding=\"async\" src=\"https:\/\/i.ytimg.com\/vi\/XRflGHvTdo8\/0.jpg\" alt=\"M\u00e1quina autom\u00e1tica de embalagem de briquete de carv\u00e3o Shisha | Alta efici\u00eancia\" width=\"853\" height=\"460\" \/><\/a><\/noscript><meta itemprop=\"description\" content=\"Email: sales@toppackingmachine.com Whatsapp\/Tel: +86 17329326135 Official website: https:\/\/tianhuipackingmachine.com\/shisha-charcoal-packing-machine\/ Shisha charcoal packing machine or hookah charcoal packing machine is a kind of pillow packing machine. It is powered by electricity and controlled by an intelligent PLC control system. With 304 stainless steel material and reasonable structure, the shisha charcoal wrapping machine is durable and has a long service life. Besides, it is quite easy to install, operate, and maintain.\"><\/div><\/div><div class=\"lL\" style=\"max-width:100%;width:853px;margin:5px auto;\"> <a href=\"https:\/\/youtu.be\/XRflGHvTdo8\" target=\"_blank\" rel=\"noopener\">Assista a este v\u00eddeo no YouTube<\/a>.<\/div><figcaption><\/figcaption><\/figure>   <h2 class=\"wp-block-heading\" id=\"h-do-you-know-these-about-hookah-charcoal-packing-machine\">Voc\u00ea conhece isso sobre a m\u00e1quina de embalagem de carv\u00e3o para narguil\u00e9?<\/h2>    <p class=\"translation-block\">Na verdade, a m\u00e1quina de embalagem de carv\u00e3o de shisha \u00e0 venda \u00e9 um tipo de <a href=\"https:\/\/tianhuipackingmachine.com\/pt\/pillow-packing-machine\/\">equipamento de embalagem tipo travesseiro<\/a>, ela pode embrulhar briquetes de carv\u00e3o de shisha de forma compacta e bonita. Portanto, \u00e9 conveniente para armazenar e vender. Como um dos principais fabricantes de m\u00e1quinas de embalagem na China, temos uma forte capacidade de produ\u00e7\u00e3o e apoiamos o servi\u00e7o OEM\/ODM para atender a qualquer uma das suas necessidades espec\u00edficas, como material do corpo, pot\u00eancia, dimens\u00e3o da m\u00e1quina, marca do motor, etc. <\/p>    <p class=\"translation-block\">Admitimos que o pre\u00e7o da nossa m\u00e1quina de embalagem de carv\u00e3o de hookah \u00e9 absolutamente favor\u00e1vel. Se voc\u00ea est\u00e1 procurando uma m\u00e1quina de embalagem de carv\u00e3o de shisha de qualidade, entre em contato conosco hoje para impulsionar seu neg\u00f3cio. E se voc\u00ea quiser <a href=\"https:\/\/tianhuipackingmachine.com\/pt\/be-agent\/\">ser nosso agente<\/a>, por favor, me avise, e n\u00f3s lhe enviaremos informa\u00e7\u00f5es detalhadas relacionadas.<\/p>    <figure class=\"wp-block-gallery has-nested-images columns-default is-cropped wp-block-gallery-4 is-layout-flex wp-block-gallery-is-layout-flex\"> <figure class=\"wp-block-image size-large\"><img loading=\"lazy\" decoding=\"async\" width=\"750\" height=\"500\" data-id=\"5049\" src=\"https:\/\/tianhuipackingmachine.com\/wp-content\/uploads\/2022\/01\/shisha-charcoal-packaging-machine-in-factory-750x500.jpg\" alt=\"m\u00e1quina de embalagem de carv\u00e3o shisha na f\u00e1brica\" class=\"wp-image-5049\" srcset=\"https:\/\/tianhuipackingmachine.com\/wp-content\/uploads\/2022\/01\/shisha-charcoal-packaging-machine-in-factory.jpg 750w, https:\/\/tianhuipackingmachine.com\/wp-content\/uploads\/2022\/01\/shisha-charcoal-packaging-machine-in-factory-480x320.jpg 480w\" sizes=\"auto, (max-width: 750px) 100vw, 750px\" \/><figcaption class=\"wp-element-caption\">M\u00e1quina de embalagem de carv\u00e3o Shisha na f\u00e1brica<\/figcaption><\/figure>    <figure class=\"wp-block-image size-large\"><img loading=\"lazy\" decoding=\"async\" width=\"750\" height=\"500\" data-id=\"5052\" src=\"https:\/\/tianhuipackingmachine.com\/wp-content\/uploads\/2022\/01\/pillow-packaging-equipment-display-750x500.jpg\" alt=\"exibi\u00e7\u00e3o de equipamento de embalagem de travesseiros\" class=\"wp-image-5052\" srcset=\"https:\/\/tianhuipackingmachine.com\/wp-content\/uploads\/2022\/01\/pillow-packaging-equipment-display.jpg 750w, https:\/\/tianhuipackingmachine.com\/wp-content\/uploads\/2022\/01\/pillow-packaging-equipment-display-480x320.jpg 480w\" sizes=\"auto, (max-width: 750px) 100vw, 750px\" \/><figcaption class=\"wp-element-caption\">Exibi\u00e7\u00e3o de equipamentos de embalagem de travesseiros<\/figcaption><\/figure> <\/figure>    <h2 class=\"has-luminous-vivid-orange-color has-text-color wp-block-heading\" id=\"h-shisha-charcoal-flow-wrapping-machine-parameter\">Par\u00e2metros da m\u00e1quina de embalagem de fluxo de carv\u00e3o Shisha<\/h2>    <figure class=\"wp-block-table is-style-stripes\"><table><tbody><tr><td>Modelo<\/td><td>TH-280<\/td><\/tr><tr><td>Largura do filme<\/td><td>M\u00e1x. 280 mm<\/td><\/tr><tr><td>Largura da bolsa<\/td><td>50-110mm<\/td><\/tr><tr><td>Produtos em altura<\/td><td>M\u00e1x.40mm<\/td><\/tr><tr><td>Di\u00e2metro do rolo de filme<\/td><td>M\u00e1x.320mm<\/td><\/tr><tr><td>Textura<\/td><td>A\u00e7o inoxid\u00e1vel<\/td><\/tr><tr><td>Comprimento da embalagem<\/td><td>65-190 mm ou 120-280 mm<\/td><\/tr><tr><td>Velocidade de embalagem<\/td><td>40-230 sacos\/min<\/td><\/tr><tr><td>Tens\u00e3o<\/td><td>220V50HZ 2,5kw (ajust\u00e1vel)<\/td><\/tr><tr><td>Dimens\u00e3o<\/td><td>(C)3920\u00d7(L)670\u00d7(A)1210mm<\/td><\/tr><tr><td>Peso<\/td><td>500kg<\/td><\/tr><\/tbody><\/table><\/figure>    <h2 class=\"wp-block-heading\" id=\"h-what-is-the-shisha-charcoal-packing-machine-price\">Qual \u00e9 o pre\u00e7o da m\u00e1quina de embalagem de carv\u00e3o shisha?<\/h2>    <p>O pre\u00e7o da m\u00e1quina de embalagem de carv\u00e3o Shisha depende de muitos fatores, como quantidade do pedido, material do corpo, marca dos acess\u00f3rios, custo de envio, etc. Portanto, o custo da m\u00e1quina de embalagem de fluxo de carv\u00e3o shisha varia e \u00e9 inst\u00e1vel. Mas podemos garantir que o pre\u00e7o da nossa m\u00e1quina de embalagem de carv\u00e3o para narguil\u00e9 seja bastante competitivo e razo\u00e1vel. Se voc\u00ea est\u00e1 interessado neste equipamento, envie-nos um e-mail ou deixe sua mensagem abaixo, e lhe enviaremos o melhor pre\u00e7o.<\/p>    <h2 class=\"wp-block-heading\" id=\"h-contact-us-to-start-your-business\">Entre em contato conosco para iniciar seu neg\u00f3cio<\/h2>    <p class=\"translation-block\">Como um fabricante e fornecedor abrangente de m\u00e1quinas de embalagem, <a href=\"https:\/\/tianhuipackingmachine.com\/pt\/\">Henan Top Packing Machinery Co., Ltd<\/a> fornece excelentes m\u00e1quinas de embalagem horizontal para carv\u00e3o de hookah com bom desempenho e pre\u00e7o razo\u00e1vel. Al\u00e9m disso, oferecemos servi\u00e7o personalizado para atender sua necessidade especial. Com f\u00e1brica direta e boa qualidade, nossas m\u00e1quinas podem beneficiar muito o seu neg\u00f3cio. Envie suas exig\u00eancias e n\u00f3s responderemos o mais r\u00e1pido poss\u00edvel.<\/p>","protected":false},"excerpt":{"rendered":"<p>Shisha charcoal packing machine or&nbsp;hookah charcoal packing machine is a kind of horizontal flow wrap machine. It is powered by electricity and is controlled by an intelligent PLC control system. With 304 stainless steel material and a reasonable structure, the shisha charcoal wrapping machine is durable and has a long service life. Besides, it is [&hellip;]<\/p>\n","protected":false},"author":1,"featured_media":5054,"parent":0,"template":"","tags":[213],"product-type":[139],"class_list":["post-2710","product","type-product","status-publish","has-post-thumbnail","hentry","tag-flow-wrapping-machine","product-type-pillow-packing-machines"],"_links":{"self":[{"href":"https:\/\/tianhuipackingmachine.com\/pt\/wp-json\/wp\/v2\/product\/2710","targetHints":{"allow":["GET"]}}],"collection":[{"href":"https:\/\/tianhuipackingmachine.com\/pt\/wp-json\/wp\/v2\/product"}],"about":[{"href":"https:\/\/tianhuipackingmachine.com\/pt\/wp-json\/wp\/v2\/types\/product"}],"author":[{"embeddable":true,"href":"https:\/\/tianhuipackingmachine.com\/pt\/wp-json\/wp\/v2\/users\/1"}],"wp:featuredmedia":[{"embeddable":true,"href":"https:\/\/tianhuipackingmachine.com\/pt\/wp-json\/wp\/v2\/media\/5054"}],"wp:attachment":[{"href":"https:\/\/tianhuipackingmachine.com\/pt\/wp-json\/wp\/v2\/media?parent=2710"}],"wp:term":[{"taxonomy":"post_tag","embeddable":true,"href":"https:\/\/tianhuipackingmachine.com\/pt\/wp-json\/wp\/v2\/tags?post=2710"},{"taxonomy":"product-type","embeddable":true,"href":"https:\/\/tianhuipackingmachine.com\/pt\/wp-json\/wp\/v2\/product-type?post=2710"}],"curies":[{"name":"wp","href":"https:\/\/api.w.org\/{rel}","templated":true}]}}