{"id":2692,"date":"2021-09-23T11:35:54","date_gmt":"2021-09-23T03:35:54","guid":{"rendered":"https:\/\/tianhuipackingmachine.com\/?page_id=2692"},"modified":"2025-05-07T15:12:27","modified_gmt":"2025-05-07T07:12:27","slug":"small-filling-machine","status":"publish","type":"product","link":"https:\/\/tianhuipackingmachine.com\/pt\/small-filling-machine\/","title":{"rendered":"M\u00e1quina de enchimento pequena"},"content":{"rendered":"<p class=\"translation-block\"><strong>M\u00e1quina de enchimento pequena<\/strong> \u00e9 um tipo de m\u00e1quina quantitativa pequena para pesagem e enchimento de materiais. Possui as vantagens de ocupar pouco espa\u00e7o, pesagem precisa, baixo custo, ampla aplica\u00e7\u00e3o, etc., sendo adequada para v\u00e1rios gr\u00e2nulos, p\u00f3s, l\u00edquidos ou pastas, independentemente de sacos ou garrafas. Esta m\u00e1quina pode ser usada individualmente ou como parte de uma linha de embalagem. Pode ser combinada com uma parte de embalagem para completar todo o processo de embalagem. Por exemplo, uma combina\u00e7\u00e3o comum \u00e9 uma m\u00e1quina de embalagem de balde em cadeia com v\u00e1rias pequenas m\u00e1quinas de enchimento quantitativo de gr\u00e2nulos para embalar ch\u00e1 aromatizado. Al\u00e9m disso, o servi\u00e7o de personaliza\u00e7\u00e3o est\u00e1 dispon\u00edvel de acordo com suas necessidades.<\/p>   <figure class=\"wp-block-embed-youtube wp-block-embed is-type-video is-provider-youtube wp-embed-aspect-16-9 wp-has-aspect-ratio\"><div class=\"lyte-wrapper\" title=\"M\u00e1quina de embalagem horizontal rec\u00e9m-fabricada\" style=\"width:853px;max-width:100%;margin:5px auto;\"><div class=\"lyMe\" id=\"WYL_pBURm4vka_Q\" itemprop=\"video\" itemscope itemtype=\"https:\/\/schema.org\/VideoObject\"><div><meta itemprop=\"thumbnailUrl\" content=\"https:\/\/i.ytimg.com\/vi\/pBURm4vka_Q\/hqdefault.jpg\" \/><meta itemprop=\"embedURL\" content=\"https:\/\/www.youtube.com\/embed\/pBURm4vka_Q\" \/><meta itemprop=\"duration\" content=\"PT1M17S\" \/><meta itemprop=\"uploadDate\" content=\"2025-04-17T05:39:35Z\" \/><\/div><div id=\"lyte_pBURm4vka_Q\" data-src=\"https:\/\/i.ytimg.com\/vi\/pBURm4vka_Q\/hqdefault.jpg\" class=\"pL\"><div class=\"tC\"><div class=\"tT\" itemprop=\"name\">M\u00e1quina de embalagem horizontal rec\u00e9m-fabricada<\/div><\/div><div class=\"play\"><\/div><div class=\"ctrl\"><div class=\"Lctrl\"><\/div><div class=\"Rctrl\"><\/div><\/div><\/div><noscript><a href=\"https:\/\/youtu.be\/pBURm4vka_Q\" rel=\"nofollow noopener\" target=\"_blank\"><img loading=\"lazy\" decoding=\"async\" src=\"https:\/\/i.ytimg.com\/vi\/pBURm4vka_Q\/0.jpg\" alt=\"M\u00e1quina de embalagem horizontal rec\u00e9m-fabricada\" width=\"853\" height=\"460\" \/><\/a><\/noscript><meta itemprop=\"description\" content=\"WhatsApp No.: https:\/\/wa.me\/+8613673689272 WeChat\/Tel No.:+8613673689272 Email: info@tianhuipackingmachine.com Website: https:\/\/tianhuipackingmachine.com\/small-filling-machine\/ Want to improve your powder filling efficiency? Check out our high-precision automatic filling machine, specially designed for filling fine powder and small particle products such as milk powder, protein powder, flour, coffee powder, spice, cocoa powder, chemical powder, rice, coffee beans, and more. \ud83d\udca1 Features of our powder filling machine: Accurate dosing with minimal error Adjustable filling weight Easy to clean and operate Applicable to jars, bottles, pouches, and cans Optional screw feeder and dust collection system available \ud83c\udfaf Ideal for food, pharmaceutical, and chemical industries. \ud83d\udcde Contact us now to get the best price and customized solution for your production line! \ud83c\udf10 Learn more on our website or leave a comment below for more machine details! WhatsApp No.: https:\/\/wa.me\/+8613673689272 WeChat\/Tel No.:+8613673689272 Email: info@tianhuipackingmachine.com Website: https:\/\/tianhuipackingmachine.com\/small-filling-machine\/\"><\/div><\/div><div class=\"lL\" style=\"max-width:100%;width:853px;margin:5px auto;\"> <a href=\"https:\/\/youtu.be\/pBURm4vka_Q\" target=\"_blank\" rel=\"noopener\">Assista a este v\u00eddeo no YouTube<\/a>.<\/div><figcaption>M\u00e1quina de embalagem horizontal usada na ind\u00fastria aliment\u00edcia<\/figcaption><\/figure>   <h2 class=\"wp-block-heading\" id=\"h-small-filling-machine-for-sale\">Venda pequena m\u00e1quina de envase<\/h2>    <p>M\u00e1quina de envase quantitativa de mesa pequena em m\u00e1quinas de embalagem Top (Henan) para venda inclui enchimento quantitativo de gr\u00e2nulos, enchimento quantitativo de p\u00f3, enchimento quantitativo de gr\u00e2nulos e p\u00f3 em um, enchimento l\u00edquido, enchimento de pasta. Todos possuem como caracter\u00edsticas pequeno espa\u00e7o ocupado, preenchimento quantitativo, baixo custo, facilidade de opera\u00e7\u00e3o. Muitos volumes de enchimento est\u00e3o dispon\u00edveis. Voc\u00ea pode escolher de acordo com suas necessidades. Voc\u00ea est\u00e1 interessado neles? Quer ser nosso distribuidor? Se sim, forneceremos pre\u00e7os mais competitivos quando voc\u00ea comprar mais. Bem-vindo a entrar em contato conosco para obter mais detalhes.<\/p>    <div class=\"wp-block-columns is-layout-flex wp-container-core-columns-is-layout-28f84493 wp-block-columns-is-layout-flex\"> <div class=\"wp-block-column is-layout-flow wp-block-column-is-layout-flow\"> <figure class=\"wp-block-image aligncenter size-full\"><img loading=\"lazy\" decoding=\"async\" width=\"750\" height=\"500\" src=\"https:\/\/tianhuipackingmachine.com\/wp-content\/uploads\/2021\/09\/granule-powder-two-in-one-desktop-filling-machine.jpg\" alt=\"m\u00e1quina de envase de mesa de gr\u00e2nulos, p\u00f3 e dois em um\" class=\"wp-image-2705\" srcset=\"https:\/\/tianhuipackingmachine.com\/wp-content\/uploads\/2021\/09\/granule-powder-two-in-one-desktop-filling-machine.jpg 750w, https:\/\/tianhuipackingmachine.com\/wp-content\/uploads\/2021\/09\/granule-powder-two-in-one-desktop-filling-machine-300x200.jpg 300w\" sizes=\"auto, (max-width: 750px) 100vw, 750px\" \/><figcaption class=\"wp-element-caption\">Preocupa\u00e7\u00f5es dos clientes: Como a Shuliy dissipa d\u00favidas?<\/figcaption><\/figure> <\/div> <\/div>    <h2 class=\"wp-block-heading\" id=\"h-small-granule-filling-machine\">M\u00e1quina de enchimento de gr\u00e2nulos pequenos<\/h2>    <p class=\"translation-block\">O <strong>enchimento de gr\u00e2nulos de mesa<\/strong> \u00e9 de baixo custo, ocupa pouco espa\u00e7o, \u00e9 port\u00e1til e adequado para v\u00e1rios gr\u00e2nulos, como gr\u00e3os, ch\u00e1, bugigangas, arroz, cereais, sementes, frutas secas, ch\u00e1 aromatizado, a\u00e7\u00facar rock, ch\u00e1 de rosa, ch\u00e1 de jasmim, ch\u00e1 de cris\u00e2ntemo, feij\u00e3o verde, feij\u00e3o vermelho, amendoim, sementes de mel\u00e3o, nozes, etc. O escopo de enchimento quantitativo inclui 0,3-20g, 0,5-50g, 0,5-99g e 1-200g.&nbsp;<\/p>    <figure class=\"wp-block-image aligncenter size-full\"><img loading=\"lazy\" decoding=\"async\" width=\"750\" height=\"500\" src=\"https:\/\/tianhuipackingmachine.com\/wp-content\/uploads\/2021\/09\/small-granule-filler.jpg\" alt=\"enchimento de gr\u00e2nulos pequenos\" class=\"wp-image-2697\" srcset=\"https:\/\/tianhuipackingmachine.com\/wp-content\/uploads\/2021\/09\/small-granule-filler.jpg 750w, https:\/\/tianhuipackingmachine.com\/wp-content\/uploads\/2021\/09\/small-granule-filler-300x200.jpg 300w\" sizes=\"auto, (max-width: 750px) 100vw, 750px\" \/><figcaption class=\"wp-element-caption\">5 conjuntos de m\u00e1quinas de embalagem em almofada para entrega<\/figcaption><\/figure>    <h2 class=\"wp-block-heading has-text-color\" id=\"h-desktop-granule-filler-parameters\" style=\"color:#ff5200\">Par\u00e2metros de preenchimento de gr\u00e2nulos de mesa<\/h2>    <figure class=\"wp-block-table is-style-stripes\"><table><tbody><tr><td>Modelo<\/td><td>KL-20<\/td><td>KL-50<\/td><td>KL-100<\/td><td>KL-200<\/td><\/tr><tr><td>Poder<\/td><td>100 W<\/td><td>100 W<\/td><td>100 W<\/td><td>120W<\/td><\/tr><tr><td>Escopo de preenchimento<\/td><td>0,3-20g<\/td><td>0,5-50g<\/td><td>0,5-99,9g<\/td><td>1-200g<\/td><\/tr><tr><td>Desvio<\/td><td>\u00b10,1-0,3g<\/td><td>\u00b10,1-0,3g<\/td><td>\u00b10,1-0,3g<\/td><td>\u00b10,1-0,5g<\/td><\/tr><tr><td>Tamanho da m\u00e1quina<\/td><td>38*24*49cm<\/td><td>38*24*49cm<\/td><td>38*24*51cm<\/td><td>38*24*51cm<\/td><\/tr><\/tbody><\/table><\/figure>    <h2 class=\"wp-block-heading\" id=\"h-desktop-powder-filling-machine\">M\u00e1quina de enchimento de p\u00f3 de mesa<\/h2>    <p>A m\u00e1quina de envase de p\u00f3 pequeno aplica-se a uma variedade de p\u00f3s, como farinha, leite em p\u00f3, caf\u00e9 em p\u00f3, especiarias em p\u00f3, farinha de milho, farinha de arroz, corantes em p\u00f3, p\u00f3 nutricional, condimento, cacau em p\u00f3, p\u00f3 qu\u00edmico, pimenta em p\u00f3, pimenta preta em p\u00f3, p\u00f3 de ervas, etc. Os escopos de enchimento de 0,3-20g, 0,5-50g, 0,5-99,9g e 1-200g s\u00e3o opcionais. O erro de enchimento \u00e9 \u00b1 0,1-0,3g.<\/p>    <figure class=\"wp-block-image aligncenter size-full\"><img loading=\"lazy\" decoding=\"async\" width=\"750\" height=\"500\" src=\"https:\/\/tianhuipackingmachine.com\/wp-content\/uploads\/2021\/09\/desktop-powder-weighing-and-filling-machine.jpg\" alt=\"m\u00e1quina de pesagem e enchimento de p\u00f3 de mesa\" class=\"wp-image-2699\" srcset=\"https:\/\/tianhuipackingmachine.com\/wp-content\/uploads\/2021\/09\/desktop-powder-weighing-and-filling-machine.jpg 750w, https:\/\/tianhuipackingmachine.com\/wp-content\/uploads\/2021\/09\/desktop-powder-weighing-and-filling-machine-300x200.jpg 300w\" sizes=\"auto, (max-width: 750px) 100vw, 750px\" \/><figcaption class=\"wp-element-caption\">A m\u00e1quina de embalagem horizontal Shuliy tem amplas aplica\u00e7\u00f5es, suporta OEM, comissionamento remoto, treinamento t\u00e9cnico, que atende \u00e0s demandas de embalagem dos clientes nigerianos.<\/figcaption><\/figure>    <h2 class=\"wp-block-heading has-text-color\" id=\"h-small-powder-filler-parameters\" style=\"color:#ff5200\">Par\u00e2metros de enchimento de p\u00f3 pequeno<\/h2>    <figure class=\"wp-block-table is-style-stripes\"><table><tbody><tr><td>Modelo<\/td><td>F-20<\/td><td>F-50<\/td><td>F-100<\/td><td>F-200<\/td><\/tr><tr><td>Poder<\/td><td>100 W<\/td><td>100 W<\/td><td>100 W<\/td><td>120W<\/td><\/tr><tr><td>Escopo de preenchimento<\/td><td>0,3-20g<\/td><td>0,5-50g<\/td><td>0,5-99,9g<\/td><td>1-200g<\/td><\/tr><tr><td>Desvio<\/td><td>\u00b10,1-0,3g<\/td><td>\u00b10,1-0,3g<\/td><td>\u00b10,1-0,3g<\/td><td>\u00b10,1-0,5g<\/td><\/tr><tr><td>Tamanho da m\u00e1quina<\/td><td>38*24*51cm<\/td><td>38*24*51cm<\/td><td>38*24*51cm\/38*24*56cm (funil quadrado)<\/td><td>42*26*62cm<\/td><\/tr><\/tbody><\/table><\/figure>    <h2 class=\"wp-block-heading\" id=\"h-desktop-granule-and-powder-filling-machine-in-one\">M\u00e1quina de enchimento de gr\u00e2nulos e p\u00f3 de mesa em um<\/h2>    <p>Este tipo de m\u00e1quina \u00e9 a m\u00e1quina de envase dois em um para gr\u00e2nulos e p\u00f3s. Ele n\u00e3o s\u00f3 pode pesar e encher p\u00f3s, mas tamb\u00e9m gr\u00e2nulos. Se o recheio for farinha, o peso m\u00e1ximo do recheio pode ser de 500g. J\u00e1 para o arroz pode chegar a 999g. Entre essas tr\u00eas m\u00e1quinas de envase quantitativa de mesa, todas elas t\u00eam suporte para personaliza\u00e7\u00e3o e a voltagem pode ser alterada. &nbsp;<\/p>    <figure class=\"wp-block-image aligncenter size-full\"><img loading=\"lazy\" decoding=\"async\" width=\"750\" height=\"500\" src=\"https:\/\/tianhuipackingmachine.com\/wp-content\/uploads\/2021\/09\/small-granule-and-powder-quantitative-filler.jpg\" alt=\"enchimento quantitativo de gr\u00e2nulos pequenos e p\u00f3\" class=\"wp-image-2701\" srcset=\"https:\/\/tianhuipackingmachine.com\/wp-content\/uploads\/2021\/09\/small-granule-and-powder-quantitative-filler.jpg 750w, https:\/\/tianhuipackingmachine.com\/wp-content\/uploads\/2021\/09\/small-granule-and-powder-quantitative-filler-300x200.jpg 300w\" sizes=\"auto, (max-width: 750px) 100vw, 750px\" \/><figcaption class=\"wp-element-caption\">5 Conjuntos de M\u00e1quinas de Embalagem Horizontal Enviados para a Nig\u00e9ria - Fabricante de M\u00e1quinas de Embalagem Shuliy<\/figcaption><\/figure>    <h2 class=\"wp-block-heading has-text-color\" id=\"h-desktop-powder-and-granule-filler-parameters\" style=\"color:#ff5200\">Par\u00e2metros de enchimento de p\u00f3 e gr\u00e2nulos de mesa<\/h2>    <figure class=\"wp-block-table is-style-stripes\"><table><tbody><tr><td>Modelo<\/td><td>F-500<\/td><\/tr><tr><td>Poder<\/td><td>200W<\/td><\/tr><tr><td>Escopo de preenchimento<\/td><td>1-500g(farinha)\/1-999g(arroz)<\/td><\/tr><tr><td>Desvio<\/td><td>\u00b11-3g<\/td><\/tr><tr><td>Tamanho da m\u00e1quina<\/td><td>40*27*80cm<\/td><\/tr><\/tbody><\/table><\/figure>    <h2 class=\"wp-block-heading\" id=\"h-desktop-quantitative-liquid-filling-machine\">M\u00e1quina de enchimento l\u00edquida quantitativa de mesa<\/h2>    <p>A m\u00e1quina de envase de l\u00edquidos de mesa \u00e9 acionada por um cilindro para extrair e ejetar material. Muitos tamanhos de bombas de l\u00edquido s\u00e3o opcionais e o escopo dos modelos de enchimento inclui 1-10ml, 10-100ml, 100-1000ml, 5-50ml, 50-500ml, 500-5000ml, 30-300ml, 300-3000ml, 1000-5000ml, etc. \u00c9 adequado para o l\u00edquido que pode fluir suavemente. Esta m\u00e1quina \u00e9 popular para pequenas e m\u00e9dias empresas devido ao seu pequeno espa\u00e7o ocupado, opera\u00e7\u00e3o port\u00e1til, simples e baixo custo. A m\u00e1quina de envase de l\u00edquidos de mesa padr\u00e3o \u00e9 uma envasadora de sa\u00edda. Se voc\u00ea precisar de um enchimento de l\u00edquido com bico duplo, ele pode ser personalizado de acordo com suas necessidades.<\/p>    <figure class=\"wp-block-image aligncenter size-full\"><img loading=\"lazy\" decoding=\"async\" width=\"750\" height=\"500\" src=\"https:\/\/tianhuipackingmachine.com\/wp-content\/uploads\/2021\/09\/semi-automatic-single-outlet-liquid-filler.jpg\" alt=\"enchedor de l\u00edquido semiautom\u00e1tico de sa\u00edda \u00fanica\" class=\"wp-image-2563\" srcset=\"https:\/\/tianhuipackingmachine.com\/wp-content\/uploads\/2021\/09\/semi-automatic-single-outlet-liquid-filler.jpg 750w, https:\/\/tianhuipackingmachine.com\/wp-content\/uploads\/2021\/09\/semi-automatic-single-outlet-liquid-filler-300x200.jpg 300w\" sizes=\"auto, (max-width: 750px) 100vw, 750px\" \/><figcaption class=\"wp-element-caption\">Enchimento de l\u00edquido de sa\u00edda \u00fanica semiautom\u00e1tico<\/figcaption><\/figure>    <h2 class=\"wp-block-heading\" id=\"h-desktop-paste-filling-machine\">M\u00e1quina de enchimento de pasta de mesa<\/h2>    <p>O enchimento de pasta pequena inclui dois tipos deles, enchimento de pasta de funil em forma de cone e enchimento de pasta tipo U. Como os nomes indicam, eles diferem na alimenta\u00e7\u00e3o dos funis. O primeiro \u00e9 equipado com funil em formato de cone, adequado para pastas com boa fluidez e sem gr\u00e2nulos ou sedimentos. Se o material de enchimento for vicioso, \u00e9 melhor combinar um dispositivo de agita\u00e7\u00e3o e uma fun\u00e7\u00e3o de aquecimento para ajudar no enchimento. Enquanto o \u00faltimo se aplica a pastas com part\u00edculas ou sedimentos. Um dispositivo de agita\u00e7\u00e3o no funil tipo U faz com que o material com part\u00edculas ou sedimentos se misture bem e uniformemente.<\/p>    <div class=\"wp-block-columns is-layout-flex wp-container-core-columns-is-layout-28f84493 wp-block-columns-is-layout-flex\"> <div class=\"wp-block-column is-layout-flow wp-block-column-is-layout-flow\"> <figure class=\"wp-block-image size-full\"><img loading=\"lazy\" decoding=\"async\" width=\"750\" height=\"500\" src=\"https:\/\/tianhuipackingmachine.com\/wp-content\/uploads\/2021\/09\/semi-automatic-cone-shaped-hopper-paste-filler.jpg\" alt=\"Enchedor de pasta de funil semiautom\u00e1tico em forma de cone\" class=\"wp-image-2573\" srcset=\"https:\/\/tianhuipackingmachine.com\/wp-content\/uploads\/2021\/09\/semi-automatic-cone-shaped-hopper-paste-filler.jpg 750w, https:\/\/tianhuipackingmachine.com\/wp-content\/uploads\/2021\/09\/semi-automatic-cone-shaped-hopper-paste-filler-300x200.jpg 300w\" sizes=\"auto, (max-width: 750px) 100vw, 750px\" \/><figcaption class=\"wp-element-caption\">Enchedor de pasta de funil semiautom\u00e1tico em forma de cone<\/figcaption><\/figure> <\/div>    <div class=\"wp-block-column is-layout-flow wp-block-column-is-layout-flow\"> <figure class=\"wp-block-image size-full\"><img loading=\"lazy\" decoding=\"async\" width=\"750\" height=\"500\" src=\"https:\/\/tianhuipackingmachine.com\/wp-content\/uploads\/2021\/09\/semi-automatic-U-type-paste-filling-machine.jpg\" alt=\"m\u00e1quina de enchimento de pasta tipo U semiautom\u00e1tica\" class=\"wp-image-2574\" srcset=\"https:\/\/tianhuipackingmachine.com\/wp-content\/uploads\/2021\/09\/semi-automatic-U-type-paste-filling-machine.jpg 750w, https:\/\/tianhuipackingmachine.com\/wp-content\/uploads\/2021\/09\/semi-automatic-U-type-paste-filling-machine-300x200.jpg 300w\" sizes=\"auto, (max-width: 750px) 100vw, 750px\" \/><figcaption class=\"wp-element-caption\">M\u00e1quina envasadora de pasta tipo U semiautom\u00e1tica<\/figcaption><\/figure> <\/div> <\/div>    <h2 class=\"wp-block-heading has-text-color\" id=\"h-semi-automatic-paste-filler-parameters\" style=\"color:#ff5200\">Par\u00e2metros de enchimento de pasta semiautom\u00e1tico<\/h2>    <figure class=\"wp-block-table is-style-stripes\"><table><tbody><tr><td>Modelo<\/td><td>500 (8 modelos no total)<\/td><\/tr><tr><td>Material de enchimento<\/td><td>Colar<\/td><\/tr><tr><td>Faixa de enchimento<\/td><td>50-500ml (8 faixas no total)<\/td><\/tr><tr><td>Press\u00e3o do ar<\/td><td>0,4-0,6Mpa<\/td><\/tr><tr><td>Escopo de toler\u00e2ncia<\/td><td>0.50%<\/td><\/tr><tr><td>Cabe\u00e7a de enchimento<\/td><td>Solteiro<\/td><\/tr><\/tbody><\/table><\/figure>    <h2 class=\"wp-block-heading\" id=\"h-characteristics-of-desktop-filling-machine\">Caracter\u00edsticas da m\u00e1quina de envase de mesa<\/h2>    <ol class=\"wp-block-list\"> <li>Pequeno espa\u00e7o ocupado, port\u00e1til, baixo custo, pre\u00e7o acess\u00edvel, amplas aplica\u00e7\u00f5es<\/li>    <li>Execute de forma est\u00e1vel e suave, baixo ru\u00eddo, pot\u00eancia m\u00ednima, leve, conserva\u00e7\u00e3o de energia<\/li>    <li>Controle de microcomputador, alta precis\u00e3o, pesagem e enchimento precisos<\/li>    <li>Pesagem e enchimento quantitativos, baixo desvio, diminuindo o desperd\u00edcio de material<\/li>    <li>Muitos tipos de escopos de enchimento s\u00e3o opcionais para diferentes demandas<\/li>    <li>Adote a\u00e7o inoxid\u00e1vel para as pe\u00e7as do material de contato, dur\u00e1vel e f\u00e1cil de limpar<\/li>    <li>Suporte ao servi\u00e7o OEM, incluindo altera\u00e7\u00e3o de tens\u00e3o com base em suas necessidades<\/li> <\/ol>    <h2 class=\"wp-block-heading\" id=\"h-structure-of-small-filler-for-powder-and-granules\">Estrutura de pequena carga para p\u00f3 e gr\u00e2nulos<\/h2>    <p>A estrutura da m\u00e1quina de enchimento de mesa para gr\u00e2nulos e p\u00f3 inclui funil de armazenamento, painel de controle inteligente, pedal, sa\u00edda, sensor infravermelho, porta de dados. A tremonha de armazenamento pode carregar muitos materiais, economizando tempo de alimenta\u00e7\u00e3o. Um painel de controle inteligente \u00e9 f\u00e1cil de operar, conveniente para configurar v\u00e1rios par\u00e2metros, altamente preciso e exato. A parte do material de contato \u00e9 feita de a\u00e7o inoxid\u00e1vel dur\u00e1vel, higi\u00eanico e limpo. O cabo de alimenta\u00e7\u00e3o do produto \u00e9 altamente isolado para evitar vazamentos. Tens\u00e3o personalizada est\u00e1 dispon\u00edvel.<\/p>    <figure class=\"wp-block-image aligncenter size-full\"><img loading=\"lazy\" decoding=\"async\" width=\"750\" height=\"500\" src=\"https:\/\/tianhuipackingmachine.com\/wp-content\/uploads\/2021\/09\/small-quantitative-powder-filler-structure.jpg\" alt=\"pequena estrutura quantitativa de enchimento de p\u00f3\" class=\"wp-image-2702\" srcset=\"https:\/\/tianhuipackingmachine.com\/wp-content\/uploads\/2021\/09\/small-quantitative-powder-filler-structure.jpg 750w, https:\/\/tianhuipackingmachine.com\/wp-content\/uploads\/2021\/09\/small-quantitative-powder-filler-structure-300x200.jpg 300w\" sizes=\"auto, (max-width: 750px) 100vw, 750px\" \/><figcaption class=\"wp-element-caption\">m\u00e1quina de embalagem horizontal rec\u00e9m-fabricada<\/figcaption><\/figure>    <h2 class=\"wp-block-heading\" id=\"h-why-choose-us-as-your-top-supplier\">Por que nos escolher como seu principal fornecedor?<\/h2>    <p class=\"translation-block\">Primeiramente, nossa empresa, Top(Henan) Packing Machinery Co., Ltd \u00e9 <strong><a href=\"https:\/\/tianhuipackingmachine.com\/pt\/\">um fabricante e fornecedor<\/a><\/strong>. A m\u00e1quina \u00e9 entregue diretamente da f\u00e1brica, e podemos oferecer aos clientes um bom pre\u00e7o. Antes do envio, enviaremos ao comprador fotos e v\u00eddeos. Para a m\u00e1quina em opera\u00e7\u00e3o, forneceremos um manual e v\u00eddeo em ingl\u00eas. Se nossos clientes tiverem algum problema ao usar nosso equipamento, o servi\u00e7o online 24 horas est\u00e1 dispon\u00edvel. Al\u00e9m disso, apoiamos o servi\u00e7o OEM de acordo com suas necessidades espec\u00edficas.<\/p>    <h2 class=\"wp-block-heading\" id=\"h-related-machines\">M\u00e1quinas relacionadas<\/h2>    <p class=\"translation-block\">Tudo acima s\u00e3o pequenas m\u00e1quinas de enchimento para p\u00f3, gr\u00e2nulo, l\u00edquido ou pasta. Al\u00e9m disso, tamb\u00e9m fornecemos m\u00e1quinas de enchimento de p\u00f3 de 5-50kg, m\u00e1quinas autom\u00e1ticas de embalagem de p\u00f3, <strong><a href=\"https:\/\/tianhuipackingmachine.com\/pt\/5-50kg-granule-filling-machine\/\">m\u00e1quina de enchimento de gr\u00e2nulos de 5-50kg<\/a><\/strong>, m\u00e1quina de embalagem de gr\u00e2nulos totalmente autom\u00e1tica, m\u00e1quina de embalagem com pesadora multi-head, m\u00e1quina de embalagem de balde em cadeia, m\u00e1quina de enchimento de pasta com bico multi-head, sa\u00edda multi-head <strong><a href=\"https:\/\/tianhuipackingmachine.com\/pt\/liquid-filling-machines\/\">m\u00e1quina de enchimento de l\u00edquido<\/a><\/strong>, m\u00e1quina de embalagem de saco l\u00edquido, m\u00e1quina de embalagem de sach\u00ea de molho. Muitos volumes de enchimento s\u00e3o opcionais. Voc\u00ea pode escolher de acordo com suas necessidades, ou <strong><a href=\"https:\/\/tianhuipackingmachine.com\/pt\/contact\/\">entre em contato conosco<\/a><\/strong> para obter sugest\u00f5es \u00fateis.<\/p>    <figure class=\"wp-block-image aligncenter size-full\"><img loading=\"lazy\" decoding=\"async\" width=\"600\" height=\"450\" src=\"https:\/\/tianhuipackingmachine.com\/wp-content\/uploads\/2021\/07\/multi-head-liquid-bottle-packaging-machine.jpg\" alt=\"m\u00e1quina de embalagem de garrafas l\u00edquidas com v\u00e1rias cabe\u00e7as\" class=\"wp-image-1959\" srcset=\"https:\/\/tianhuipackingmachine.com\/wp-content\/uploads\/2021\/07\/multi-head-liquid-bottle-packaging-machine.jpg 600w, https:\/\/tianhuipackingmachine.com\/wp-content\/uploads\/2021\/07\/multi-head-liquid-bottle-packaging-machine-300x225.jpg 300w\" sizes=\"auto, (max-width: 600px) 100vw, 600px\" \/><figcaption class=\"wp-element-caption\">M\u00e1quina de embalagem de garrafas l\u00edquidas com m\u00faltiplas cabe\u00e7as<\/figcaption><\/figure>    <h2 class=\"wp-block-heading\" id=\"h-conclusion\">Conclus\u00e3o<\/h2>    <p class=\"translation-block\">Como fabricante e fornecedor de m\u00e1quinas de embalagem, a Top(Henan) Packing Machinery fornece todos os tipos de m\u00e1quinas de embalagem, m\u00e1quinas de selagem, <strong><a href=\"https:\/\/tianhuipackingmachine.com\/pt\/filling-machines\/\">m\u00e1quinas de enchimento<\/a><\/strong>, m\u00e1quinas de tampagem, m\u00e1quinas de rotulagem, <strong><a href=\"https:\/\/tianhuipackingmachine.com\/pt\/shrink-packing-machine\/\">m\u00e1quinas de embalagem retr\u00e1til<\/a><\/strong>, etc. Al\u00e9m disso, muitas m\u00e1quinas de apoio est\u00e3o \u00e0 venda, como m\u00e1quinas de carregamento, correias transportadoras, impressoras de codifica\u00e7\u00e3o e assim por diante. Al\u00e9m disso, apoiamos o servi\u00e7o de personaliza\u00e7\u00e3o com base em suas exig\u00eancias. Faremos o nosso melhor para atender \u00e0s suas necessidades de m\u00e1quinas. Voc\u00ea quer mais informa\u00e7\u00f5es e o melhor pre\u00e7o? Entre em contato conosco para mais comunica\u00e7\u00e3o, e responderemos o mais r\u00e1pido poss\u00edvel.<\/p>","protected":false},"excerpt":{"rendered":"<p>Small filling machine is a kind of small quantitative machine for weighing and filling materials. It has the advantages of small occupied place, accurate weighing, low cost, wide applications, etc., suitable for various granule, powder, liquid, or paste, no matter bags or bottles. This machine can be used individually or as a part of a [&hellip;]<\/p>\n","protected":false},"author":1,"featured_media":2705,"parent":0,"template":"","tags":[162],"product-type":[141],"class_list":["post-2692","product","type-product","status-publish","has-post-thumbnail","hentry","tag-filling-machine","product-type-filling-machines"],"_links":{"self":[{"href":"https:\/\/tianhuipackingmachine.com\/pt\/wp-json\/wp\/v2\/product\/2692","targetHints":{"allow":["GET"]}}],"collection":[{"href":"https:\/\/tianhuipackingmachine.com\/pt\/wp-json\/wp\/v2\/product"}],"about":[{"href":"https:\/\/tianhuipackingmachine.com\/pt\/wp-json\/wp\/v2\/types\/product"}],"author":[{"embeddable":true,"href":"https:\/\/tianhuipackingmachine.com\/pt\/wp-json\/wp\/v2\/users\/1"}],"wp:featuredmedia":[{"embeddable":true,"href":"https:\/\/tianhuipackingmachine.com\/pt\/wp-json\/wp\/v2\/media\/2705"}],"wp:attachment":[{"href":"https:\/\/tianhuipackingmachine.com\/pt\/wp-json\/wp\/v2\/media?parent=2692"}],"wp:term":[{"taxonomy":"post_tag","embeddable":true,"href":"https:\/\/tianhuipackingmachine.com\/pt\/wp-json\/wp\/v2\/tags?post=2692"},{"taxonomy":"product-type","embeddable":true,"href":"https:\/\/tianhuipackingmachine.com\/pt\/wp-json\/wp\/v2\/product-type?post=2692"}],"curies":[{"name":"wp","href":"https:\/\/api.w.org\/{rel}","templated":true}]}}