{"id":2601,"date":"2021-09-14T18:02:34","date_gmt":"2021-09-14T10:02:34","guid":{"rendered":"https:\/\/tianhuipackingmachine.com\/?page_id=2601"},"modified":"2025-04-28T17:02:29","modified_gmt":"2025-04-28T09:02:29","slug":"chain-bucket-packing-machine","status":"publish","type":"product","link":"https:\/\/tianhuipackingmachine.com\/pt\/chain-bucket-packing-machine\/","title":{"rendered":"M\u00e1quina de embalagem de balde de corrente"},"content":{"rendered":"<p class=\"translation-block\"><strong>A m\u00e1quina de embalagem de balde de corrente<\/strong> \u00e9 um tipo de equipamento que n\u00e3o pesa o material durante o processo de embalagem. Aplica-se amplamente a v\u00e1rios gr\u00e2nulos, como amendoins, batatas fritas, chips de banana, bolachas de camar\u00e3o, snacks bugles, an\u00e9is de cebola, biscoitos, favas, feij\u00f5es verdes, t\u00e2maras vermelhas, cereais, etc. Al\u00e9m disso, pode possibilitar a embalagem de diferentes materiais em um \u00fanico saco, como ch\u00e1 aromatizado. Voc\u00ea pode optar por colocar manualmente o material nos baldes de corrente ou combinar com uma m\u00e1quina de enchimento por pesagem para realizar um processo totalmente autom\u00e1tico, melhorando significativamente a efici\u00eancia da produ\u00e7\u00e3o e economizando m\u00e3o de obra e tempo.<\/p>   <figure class=\"wp-block-embed-youtube wp-block-embed is-type-video is-provider-youtube wp-embed-aspect-16-9 wp-has-aspect-ratio\"><div class=\"lyte-wrapper\" title=\"Isto ajuda os clientes a dominar rapidamente a opera\u00e7\u00e3o e manuten\u00e7\u00e3o do\" style=\"width:853px;max-width:100%;margin:5px auto;\"><div class=\"lyMe\" id=\"WYL_yw1mwP7_aCI\" itemprop=\"video\" itemscope itemtype=\"https:\/\/schema.org\/VideoObject\"><div><meta itemprop=\"thumbnailUrl\" content=\"https:\/\/i.ytimg.com\/vi\/yw1mwP7_aCI\/hqdefault.jpg\" \/><meta itemprop=\"embedURL\" content=\"https:\/\/www.youtube.com\/embed\/yw1mwP7_aCI\" \/><meta itemprop=\"duration\" content=\"PT1M7S\" \/><meta itemprop=\"uploadDate\" content=\"2025-04-28T09:01:59Z\" \/><\/div><div id=\"lyte_yw1mwP7_aCI\" data-src=\"https:\/\/i.ytimg.com\/vi\/yw1mwP7_aCI\/hqdefault.jpg\" class=\"pL\"><div class=\"tC\"><div class=\"tT\" itemprop=\"name\">Isto ajuda os clientes a dominar rapidamente a opera\u00e7\u00e3o e manuten\u00e7\u00e3o do<\/div><\/div><div class=\"play\"><\/div><div class=\"ctrl\"><div class=\"Lctrl\"><\/div><div class=\"Rctrl\"><\/div><\/div><\/div><noscript><a href=\"https:\/\/youtu.be\/yw1mwP7_aCI\" rel=\"nofollow noopener\" target=\"_blank\"><img loading=\"lazy\" decoding=\"async\" src=\"https:\/\/i.ytimg.com\/vi\/yw1mwP7_aCI\/0.jpg\" alt=\"Isto ajuda os clientes a dominar rapidamente a opera\u00e7\u00e3o e manuten\u00e7\u00e3o do\" width=\"853\" height=\"460\" \/><\/a><\/noscript><meta itemprop=\"description\" content=\"#granulepackingmachine #granules #packingmachine #packagingmachine WhatsApp No.: https:\/\/wa.me\/+8613673689272 WeChat\/Tel No.:+8613673689272 Email: info@tianhuipackingmachine.com Website: https:\/\/tianhuipackingmachine.com\/chain-bucket-packing-machine\/ Discover the working process of our efficient bucket conveyor packing machine! This automatic dump type packaging machine is perfect for various granular, powder, and irregular products. It features precise filling, stable operation, and easy maintenance, making it ideal for industries like food, agriculture, and chemicals. If you&#039;re looking for a reliable and high-efficiency packing solution, don&#039;t miss this video! \u2705 Contact us now for professional advice and best price! \ud83c\udf1f Application: rice, seeds, nuts, beans, snacks, chemical powders, fertilizers, etc. \ud83c\udf1f Features: high efficiency, precise weighing, smooth dumping, customizable solutions. \ud83d\udce9 Inquiry for more details and machine quotation! WhatsApp No.: https:\/\/wa.me\/+8613673689272 WeChat\/Tel No.:+8613673689272 Email: info@tianhuipackingmachine.com Website: https:\/\/tianhuipackingmachine.com\/chain-bucket-packing-machine\/\"><\/div><\/div><div class=\"lL\" style=\"max-width:100%;width:853px;margin:5px auto;\"> <a href=\"https:\/\/youtu.be\/yw1mwP7_aCI\" target=\"_blank\" rel=\"noopener\">Assista a este v\u00eddeo no YouTube<\/a>.<\/div><figcaption>m\u00e1quina de enchimento e selagem de p\u00f3<\/figcaption><\/figure>   <h2 class=\"wp-block-heading\" id=\"h-chain-bucket-packing-machine-for-sale\">Venda m\u00e1quina de embalagem de balde de corrente<\/h2>    <p>A m\u00e1quina embaladora de sacos com balde de corrente \u00e0 venda em Top (Henan) Packing Machinery inclui 2 modelos, TH-320 e TH-450. Eles s\u00e3o nomeados pela largura m\u00e1xima do filme da embalagem. Todos eles podem terminar a fabrica\u00e7\u00e3o, enchimento, selagem, corte e contagem de sacos automaticamente. Quando funciona, embala os materiais da ca\u00e7amba de corrente um por um, n\u00e3o importa a quantidade de material.<\/p>    <figure class=\"wp-block-image aligncenter size-full\"><img loading=\"lazy\" decoding=\"async\" width=\"600\" height=\"450\" src=\"https:\/\/tianhuipackingmachine.com\/wp-content\/uploads\/2021\/09\/chain-bucket-packing-machine.jpg\" alt=\"m\u00e1quina de embalagem de balde de corrente\" class=\"wp-image-2605\" srcset=\"https:\/\/tianhuipackingmachine.com\/wp-content\/uploads\/2021\/09\/chain-bucket-packing-machine.jpg 600w, https:\/\/tianhuipackingmachine.com\/wp-content\/uploads\/2021\/09\/chain-bucket-packing-machine-300x225.jpg 300w\" sizes=\"auto, (max-width: 600px) 100vw, 600px\" \/><figcaption class=\"wp-element-caption\">M\u00e1quina embaladora de balde de corrente<\/figcaption><\/figure>    <h2 class=\"wp-block-heading has-text-color\" id=\"h-chain-bucket-granule-packaging-machine-parameters\" style=\"color:#ff5200\">Par\u00e2metros da m\u00e1quina de embalagem de gr\u00e2nulos de balde de corrente<\/h2>    <figure class=\"wp-block-table is-style-stripes\"><table><tbody><tr><td>Poder<\/td><td>2,2 kW<\/td><\/tr><tr><td>Comprimento do saco de embalagem<\/td><td>50-300 mm<\/td><\/tr><tr><td>Largura do saco de embalagem<\/td><td>80-200 mm<\/td><\/tr><tr><td>Velocidade de embalagem<\/td><td>20-60 sacos\/min<\/td><\/tr><tr><td>Capacidade de embalagem<\/td><td>Coloca\u00e7\u00e3o manual de material ou m\u00e1quina de enchimento de f\u00f3sforos<\/td><\/tr><tr><td>Estilo de veda\u00e7\u00e3o<\/td><td>Selo traseiro<\/td><\/tr><tr><td>Peso<\/td><td>400kg<\/td><\/tr><tr><td>Dimens\u00e3o<\/td><td>820*1220*2000mm<\/td><\/tr><\/tbody><\/table><\/figure>    <p>(Os par\u00e2metros podem ser ajustados de acordo com os requisitos do cliente)<\/p>    <h2 class=\"wp-block-heading\" id=\"h-bucket-chain-packing-machine-working-video\">V\u00eddeo de funcionamento da m\u00e1quina de embalagem com corrente de balde <\/h2>   <figure class=\"wp-block-embed-youtube wp-block-embed is-type-video is-provider-youtube wp-embed-aspect-16-9 wp-has-aspect-ratio\"><div class=\"lyte-wrapper\" title=\"\u00c9 assim que funciona uma m\u00e1quina embaladora de balde de corrente | Inteligente, multifuncional, semiautom\u00e1tico, autom\u00e1tico\" style=\"width:853px;max-width:100%;margin:5px auto;\"><div class=\"lyMe\" id=\"WYL_Fl8qAtw3M4o\" itemprop=\"video\" itemscope itemtype=\"https:\/\/schema.org\/VideoObject\"><div><meta itemprop=\"thumbnailUrl\" content=\"https:\/\/i.ytimg.com\/vi\/Fl8qAtw3M4o\/hqdefault.jpg\" \/><meta itemprop=\"embedURL\" content=\"https:\/\/www.youtube.com\/embed\/Fl8qAtw3M4o\" \/><meta itemprop=\"duration\" content=\"PT2M14S\" \/><meta itemprop=\"uploadDate\" content=\"2022-01-11T09:10:20Z\" \/><\/div><div id=\"lyte_Fl8qAtw3M4o\" data-src=\"https:\/\/i.ytimg.com\/vi\/Fl8qAtw3M4o\/hqdefault.jpg\" class=\"pL\"><div class=\"tC\"><div class=\"tT\" itemprop=\"name\">\u00c9 assim que funciona uma m\u00e1quina embaladora de balde de corrente | Inteligente, multifuncional, semiautom\u00e1tico, autom\u00e1tico<\/div><\/div><div class=\"play\"><\/div><div class=\"ctrl\"><div class=\"Lctrl\"><\/div><div class=\"Rctrl\"><\/div><\/div><\/div><noscript><a href=\"https:\/\/youtu.be\/Fl8qAtw3M4o\" rel=\"nofollow noopener\" target=\"_blank\"><img loading=\"lazy\" decoding=\"async\" src=\"https:\/\/i.ytimg.com\/vi\/Fl8qAtw3M4o\/0.jpg\" alt=\"\u00c9 assim que funciona uma m\u00e1quina embaladora de balde de corrente | Inteligente, multifuncional, semiautom\u00e1tico, autom\u00e1tico\" width=\"853\" height=\"460\" \/><\/a><\/noscript><meta itemprop=\"description\" content=\"If you are interested in it, welcome to consult us. Website: https:\/\/tianhuipackingmachine.com\/chain-bucket-packing-machine\/ Whatsapp\/Tel: +86 17329326135 Email: sales@toppackingmachine.com Chain bucket packing machine is a kind of special equipment. The pouch can package the material in each bucket as long as the packaging bag has enough capacity. The operator can choose to place material manually or match one or several feeders based on the needs. The size of the machine support customization service for different packaging raw material and actual requirements. It is composed of a PLC touch screen, bucket chain, bag maker, film roll fixing device, vertical sealing device, horizontal sealing, and cutting device, etc. The operator can set up using language, packaging bag length, packing speed, etc. The sealing temperature is adjustable according to the packaging effect. When the bucket chain reaches to bag maker, it will tip the material into the packaging bag automatically. The tripping bucket packing machine is suitable for single or multiple objects per bag. And it can be equipped with a date cording machine, nitrogen filling device, output conveyor, etc. The sealing style includes bag center seal, 3-side seal, 4-side seal, gusset pouch, flat bag, pouch with a hole, plain end seal, sawtooth end seal, etc. This type of packaging machine has a wide range of applications, such as scented tea, coffee bean, peanut, broad bean, melon seeds, puffed food, oatmeal, rice crust, green beans, red beans, popcorn, candy, apple chips, potato\u00a0chips, french chips, banana chips, prawn cracker, bugles snacks, onion ring, biscuit,\u00a0snacks, jelly, dried fruit, dried vegetable, and so on. If you want to know more about granule packing machines, you can see them here. Vertical granule packing machine: https:\/\/youtu.be\/WL8gU11AWqI Four-head weigher packing machine: https:\/\/www.youtube.com\/watch?v=m3XHQ9LlhgY&amp;t=19s 10-Head scale packing machine for potato chips: https:\/\/youtu.be\/fIU65zNNvU4 Whatsapp\/Tel: +86 17329326135 Email: sales@toppackingmachine.com\"><\/div><\/div><div class=\"lL\" style=\"max-width:100%;width:853px;margin:5px auto;\"> <a href=\"https:\/\/youtu.be\/Fl8qAtw3M4o\" target=\"_blank\" rel=\"noopener\">Assista a este v\u00eddeo no YouTube<\/a>.<\/div><figcaption><\/figcaption><\/figure>   <h2 class=\"wp-block-heading\" id=\"h-features-of-chain-bucket-packaging-machine\">Caracter\u00edsticas da m\u00e1quina de embalagem com balde de corrente<\/h2>    <ol class=\"wp-block-list\"> <li>Design razo\u00e1vel, estrutura simples, balde de corrente horizontal, f\u00e1cil de operar<\/li>    <li>Controle avan\u00e7ado de chip de microcomputador, na tela sens\u00edvel ao toque para configura\u00e7\u00e3o usando idioma, velocidade de embalagem, comprimento do saco, etc.<\/li>    <li>Ele pode completar todo o processo de forma\u00e7\u00e3o, enchimento, selagem, corte e contagem do saco automaticamente.<\/li>    <li>Equipado com olho fotoel\u00e9trico para garantir posicionamento preciso e corte preciso<\/li>    <li>Uma tela grande \u00e9 f\u00e1cil de ver v\u00e1rios par\u00e2metros na tela.<\/li>    <li>\u00c9 f\u00e1cil ver a temperatura de veda\u00e7\u00e3o vertical e horizontal<\/li>    <li>Diagn\u00f3stico inteligente de falhas, exibindo a posi\u00e7\u00e3o da falha, f\u00e1cil de manter<\/li>    <li>O bot\u00e3o de emerg\u00eancia foi projetado como uma medida de seguran\u00e7a<\/li>    <li>Servi\u00e7o de personaliza\u00e7\u00e3o dispon\u00edvel<\/li> <\/ol>    <h2 class=\"wp-block-heading\" id=\"h-wide-applications-of-chain-bucket-packing-equipment\">Amplas aplica\u00e7\u00f5es de equipamentos de embalagem de baldes de corrente<\/h2>    <p class=\"translation-block\">A m\u00e1quina de embalagem de selagem traseira com baldes de corrente \u00e9 adequada para todos os tipos de gr\u00e2nulos n\u00e3o pegajosos, como ch\u00e1 aromatizado, gr\u00e3o de caf\u00e9, amendoim, fava, sementes de mel\u00e3o, alimentos expandidos, aveia, crosta de arroz, feij\u00f5es verdes, feij\u00f5es vermelhos, pipoca, doces, chips de ma\u00e7\u00e3, <strong><a href=\"https:\/\/tianhuipackingmachine.com\/pt\/chips-packaging-machine\/\">chips<\/a><\/strong> de batata, chips franceses, chips de banana, bolacha de camar\u00e3o, snacks bugles, an\u00e9is de cebola, biscoitos, <strong><a href=\"https:\/\/tianhuipackingmachine.com\/pt\/snacks-packing-machine\/\">snacks<\/a><\/strong>, gelatina, frutas secas, vegetais secos, etc. &nbsp;<\/p>    <figure class=\"wp-block-image aligncenter size-full\"><img loading=\"lazy\" decoding=\"async\" width=\"750\" height=\"500\" src=\"https:\/\/tianhuipackingmachine.com\/wp-content\/uploads\/2021\/09\/applications-of-chain-bucket-packaging-machine.jpg\" alt=\"aplica\u00e7\u00f5es da m\u00e1quina de embalagem de balde de corrente\" class=\"wp-image-2610\" srcset=\"https:\/\/tianhuipackingmachine.com\/wp-content\/uploads\/2021\/09\/applications-of-chain-bucket-packaging-machine.jpg 750w, https:\/\/tianhuipackingmachine.com\/wp-content\/uploads\/2021\/09\/applications-of-chain-bucket-packaging-machine-300x200.jpg 300w\" sizes=\"auto, (max-width: 750px) 100vw, 750px\" \/><figcaption class=\"wp-element-caption\">Aplica\u00e7\u00f5es da m\u00e1quina de embalagem com balde de corrente<\/figcaption><\/figure>    <h2 class=\"wp-block-heading\" id=\"h-chain-granule-packing-machine-structure\">Estrutura da m\u00e1quina de embalagem de gr\u00e2nulos de corrente<\/h2>    <p>O equipamento \u00e9 composto por tela sens\u00edvel ao toque, ca\u00e7ambas de corrente, formador de saco, dispositivo de fixa\u00e7\u00e3o de rolo de filme, dispositivo de selagem vertical, selagem horizontal e dispositivo de corte, etc. O operador pode configurar usando idioma, comprimento do saco de embalagem, velocidade de embalagem, etc. A ca\u00e7amba de corrente para materiais \u00e9 usada para transportar e alimentar os gr\u00e2nulos na embalagem. E o tamanho da ca\u00e7amba de corrente para o material apresenta algumas diferen\u00e7as com base nas diferentes necessidades do cliente. Se voc\u00ea quiser embalar sacolas de tamanhos diferentes, ser\u00e1 necess\u00e1rio substituir o fabricante de sacolas coordenador. Al\u00e9m disso, tamb\u00e9m fornecemos dispositivos de enchimento de nitrog\u00eanio, se desejar. Al\u00e9m disso, o servi\u00e7o OEM est\u00e1 dispon\u00edvel.<\/p>    <figure class=\"wp-block-image aligncenter size-full\"><img loading=\"lazy\" decoding=\"async\" width=\"750\" height=\"500\" src=\"https:\/\/tianhuipackingmachine.com\/wp-content\/uploads\/2021\/09\/chain-bucket-packaging-machine-structure.jpg\" alt=\"estrutura da m\u00e1quina de embalagem de balde de corrente\" class=\"wp-image-2606\" srcset=\"https:\/\/tianhuipackingmachine.com\/wp-content\/uploads\/2021\/09\/chain-bucket-packaging-machine-structure.jpg 750w, https:\/\/tianhuipackingmachine.com\/wp-content\/uploads\/2021\/09\/chain-bucket-packaging-machine-structure-300x200.jpg 300w\" sizes=\"auto, (max-width: 750px) 100vw, 750px\" \/><figcaption class=\"wp-element-caption\">F\u00e1brica de M\u00e1quinas de Enchimento de P\u00f3 Seco<\/figcaption><\/figure>    <h2 class=\"wp-block-heading\" id=\"h-do-you-know-these-about-chain-bucket-packing-equipment-price\">Voc\u00ea conhece isso sobre o pre\u00e7o do equipamento de embalagem de balde de corrente?<\/h2>    <p class=\"translation-block\">O pre\u00e7o da m\u00e1quina de embalagem de gr\u00e2nulos em corrente est\u00e1 intimamente relacionado ao material de fabrica\u00e7\u00e3o, tecnologia e outros dispositivos opcionais para combinar. Quanto melhor o material de fabrica\u00e7\u00e3o da m\u00e1quina, maior ser\u00e1 o custo do material. Tecnologias mais avan\u00e7adas exigem mais custos de m\u00e3o de obra para serem realizadas. Para dispositivos opcionais, depende das suas escolhas. Se voc\u00ea precisar de um dispositivo de alimenta\u00e7\u00e3o para encher material no balde de corrente, pode optar por combinar um ou v\u00e1rios dispositivos de pesagem e enchimento quantitativos que s\u00e3o de baixo custo. Al\u00e9m disso, h\u00e1 uma impressora de codifica\u00e7\u00e3o, transportador de sa\u00edda, dispositivo de enchimento de nitrog\u00eanio, etc. Portanto, o pre\u00e7o final \u00e9 decidido pela m\u00e1quina espec\u00edfica. Voc\u00ea est\u00e1 interessado? <strong><a href=\"https:\/\/tianhuipackingmachine.com\/pt\/contact\/\">Entre em contato conosco<\/a><\/strong> para obter mais detalhes e o melhor pre\u00e7o.<\/p>    <h2 class=\"wp-block-heading\" id=\"h-contact-us-to-learn-more-information\">Entre em contato conosco para saber mais informa\u00e7\u00f5es<\/h2>    <p class=\"translation-block\">Comparado com outras <strong><a href=\"https:\/\/tianhuipackingmachine.com\/pt\/granule-packing-machine\/\">m\u00e1quinas de embalagem de gr\u00e2nulos<\/a><\/strong>, pode embalar v\u00e1rios tamanhos de gr\u00e2nulos no alcance do balde de corrente e do saco de embalagem. Quando funciona com dispositivos de alimenta\u00e7\u00e3o quantitativos, \u00e9 poss\u00edvel embalar diferentes materiais em uma certa propor\u00e7\u00e3o. Os modelos comuns na Top(Henan) Packing Machinery s\u00e3o TH-320 e TH-450, mas podemos personalizar o tamanho da m\u00e1quina de acordo com suas necessidades. Al\u00e9m disso, tamb\u00e9m fornecemos <strong><a href=\"https:\/\/tianhuipackingmachine.com\/pt\/\">m\u00e1quinas de embalagem<\/a><\/strong> para l\u00edquidos, pastas, pe\u00e7as, p\u00f3s ou gr\u00e2nulos, seladores a v\u00e1cuo, m\u00e1quinas de tampagem, m\u00e1quinas de selagem, m\u00e1quinas de embalagem em pillow, etc. Aguardamos suas informa\u00e7\u00f5es de contato e uma comunica\u00e7\u00e3o mais aprofundada.<\/p>","protected":false},"excerpt":{"rendered":"<p>Chain bucket packing machine is a kind of equipment that does not weigh the material when during the packaging process. It widely applies to various granules, such as peanuts, potato chips, banana chips, prawn crackers, bugles snacks, onion rings, biscuits, broad beans, green beans, red dates, cereal, etc. Besides, it can make it possible to [&hellip;]<\/p>\n","protected":false},"author":1,"featured_media":2606,"parent":0,"template":"","tags":[184],"product-type":[145],"class_list":["post-2601","product","type-product","status-publish","has-post-thumbnail","hentry","tag-chain-bucket-packing-machine","product-type-other-products"],"_links":{"self":[{"href":"https:\/\/tianhuipackingmachine.com\/pt\/wp-json\/wp\/v2\/product\/2601","targetHints":{"allow":["GET"]}}],"collection":[{"href":"https:\/\/tianhuipackingmachine.com\/pt\/wp-json\/wp\/v2\/product"}],"about":[{"href":"https:\/\/tianhuipackingmachine.com\/pt\/wp-json\/wp\/v2\/types\/product"}],"author":[{"embeddable":true,"href":"https:\/\/tianhuipackingmachine.com\/pt\/wp-json\/wp\/v2\/users\/1"}],"wp:featuredmedia":[{"embeddable":true,"href":"https:\/\/tianhuipackingmachine.com\/pt\/wp-json\/wp\/v2\/media\/2606"}],"wp:attachment":[{"href":"https:\/\/tianhuipackingmachine.com\/pt\/wp-json\/wp\/v2\/media?parent=2601"}],"wp:term":[{"taxonomy":"post_tag","embeddable":true,"href":"https:\/\/tianhuipackingmachine.com\/pt\/wp-json\/wp\/v2\/tags?post=2601"},{"taxonomy":"product-type","embeddable":true,"href":"https:\/\/tianhuipackingmachine.com\/pt\/wp-json\/wp\/v2\/product-type?post=2601"}],"curies":[{"name":"wp","href":"https:\/\/api.w.org\/{rel}","templated":true}]}}