{"id":2571,"date":"2021-09-14T11:13:10","date_gmt":"2021-09-14T03:13:10","guid":{"rendered":"https:\/\/tianhuipackingmachine.com\/?page_id=2571"},"modified":"2022-04-27T11:20:26","modified_gmt":"2022-04-27T03:20:26","slug":"paste-filling-machines","status":"publish","type":"product","link":"https:\/\/tianhuipackingmachine.com\/pt\/paste-filling-machines\/","title":{"rendered":"M\u00e1quina de enchimento de pasta"},"content":{"rendered":"<p class=\"translation-block\"><strong>A m\u00e1quina de preenchimento de pasta<\/strong> \u00e9 o equipamento para encher pasta em sacos, garrafas ou latas. \u00c9 adequada para v\u00e1rias pastas, como molhos, produtos de uso di\u00e1rio, produtos qu\u00edmicos, etc. H\u00e1 um enchimento de pasta semi-autom\u00e1tico e um enchimento autom\u00e1tico de m\u00faltiplas cabe\u00e7as. O primeiro ocupa um pequeno espa\u00e7o, tem uma estrutura simples e baixo custo. O \u00faltimo \u00e9 equipado com v\u00e1rias sa\u00eddas, enchimento autom\u00e1tico, melhorando a efici\u00eancia da produ\u00e7\u00e3o e economizando m\u00e3o de obra. E o autom\u00e1tico pode ser combinado com outras m\u00e1quinas para formar uma linha de produ\u00e7\u00e3o, como descarregador de garrafas, m\u00e1quina de limpeza, m\u00e1quina de tampagem, m\u00e1quina de rotulagem, impressora de codifica\u00e7\u00e3o, etc. Al\u00e9m disso, um servi\u00e7o de personaliza\u00e7\u00e3o est\u00e1 dispon\u00edvel.<\/p>    <h2 class=\"wp-block-heading\" id=\"h-paste-filling-machine-for-sale\">M\u00e1quina de enchimento de pasta \u00e0 venda<\/h2>    <p>O equipamento de enchimento de pasta na m\u00e1quina de embalagem Top (Henan) para venda inclui enchimento semiautom\u00e1tico de pasta com funil em forma de cone ou funil tipo U, enchimento autom\u00e1tico de pasta com v\u00e1rias cabe\u00e7as. Para enchimento de pasta semiautom\u00e1tico, 8 modelos de escopos de enchimento s\u00e3o opcionais, 5-50ml, 10-100ml, 30-300ml, 50-500ml, 100-1000ml, 250-2500ml, 300-3000ml e 500-5000ml.<\/p>    <div class=\"wp-block-columns is-layout-flex wp-container-core-columns-is-layout-28f84493 wp-block-columns-is-layout-flex\"> <div class=\"wp-block-column is-layout-flow wp-block-column-is-layout-flow\"> <figure class=\"wp-block-image size-full\"><img loading=\"lazy\" decoding=\"async\" width=\"750\" height=\"500\" src=\"https:\/\/tianhuipackingmachine.com\/wp-content\/uploads\/2021\/09\/semi-automatic-cone-shaped-hopper-paste-filler.jpg\" alt=\"Enchedor de pasta de funil semiautom\u00e1tico em forma de cone\" class=\"wp-image-2573\" srcset=\"https:\/\/tianhuipackingmachine.com\/wp-content\/uploads\/2021\/09\/semi-automatic-cone-shaped-hopper-paste-filler.jpg 750w, https:\/\/tianhuipackingmachine.com\/wp-content\/uploads\/2021\/09\/semi-automatic-cone-shaped-hopper-paste-filler-300x200.jpg 300w\" sizes=\"auto, (max-width: 750px) 100vw, 750px\" \/><figcaption>Enchedor de pasta de funil semiautom\u00e1tico em forma de cone<\/figcaption><\/figure> <\/div>    <div class=\"wp-block-column is-layout-flow wp-block-column-is-layout-flow\"> <figure class=\"wp-block-image size-full\"><img loading=\"lazy\" decoding=\"async\" width=\"750\" height=\"500\" src=\"https:\/\/tianhuipackingmachine.com\/wp-content\/uploads\/2021\/09\/semi-automatic-U-type-paste-filling-machine.jpg\" alt=\"m\u00e1quina de enchimento de pasta tipo U semiautom\u00e1tica\" class=\"wp-image-2574\" srcset=\"https:\/\/tianhuipackingmachine.com\/wp-content\/uploads\/2021\/09\/semi-automatic-U-type-paste-filling-machine.jpg 750w, https:\/\/tianhuipackingmachine.com\/wp-content\/uploads\/2021\/09\/semi-automatic-U-type-paste-filling-machine-300x200.jpg 300w\" sizes=\"auto, (max-width: 750px) 100vw, 750px\" \/><figcaption>M\u00e1quina envasadora de pasta tipo U semiautom\u00e1tica<\/figcaption><\/figure> <\/div> <\/div>    <h2 class=\"wp-block-heading\" id=\"h-cone-shaped-hopper-semi-auto-paste-filler\">Enchedor de pasta semiautom\u00e1tico com funil em forma de cone<\/h2>    <p>O enchimento semiautom\u00e1tico de pasta com funil em forma de cone \u00e9 adequado para v\u00e1rias pastas sem pequenos gr\u00e2nulos ou sedimentos. Se o material for muito viscoso, \u00e9 melhor adicionar um dispositivo de aquecimento e agita\u00e7\u00e3o para promover o processo de enchimento. Este tipo de m\u00e1quina de envase de pasta aplica enchimento de sacos, garrafas ou latas. A velocidade de enchimento e o volume de enchimento podem ser ajustados de acordo com suas necessidades. <\/p>    <h2 class=\"wp-block-heading\" id=\"h-cone-shaped-hopper-paste-filling-machine-structure\">Estrutura da m\u00e1quina de enchimento de pasta de funil em forma de cone<\/h2>    <p>\u00c9 composto por tremonha, sa\u00edda, pedal, v\u00e1lvula rotativa, cilindro, bar\u00f4metro, al\u00e7a, etc. O contato com a parte do material \u00e9 feito de a\u00e7o inoxid\u00e1vel 304. O bocal de sa\u00edda \u00e9 \u00e0 prova de gotejamento, melhorando a precis\u00e3o do trabalho e mantendo um ambiente de enchimento limpo. A v\u00e1lvula rotativa controla o processo de enchimento da pasta. Girar a al\u00e7a ajusta o volume de enchimento. O controle pneum\u00e1tico requer combina\u00e7\u00e3o com o compressor de ar, funcionando de forma est\u00e1vel. A precis\u00e3o do enchimento \u00e9 afetada pela estabilidade da press\u00e3o do ar, uniformidade do material e velocidade de enchimento. Embora a velocidade de trabalho esteja relacionada \u00e0 viscosidade do material, ao tamanho do bocal de sa\u00edda e \u00e0 velocidade de opera\u00e7\u00e3o do trabalhador.<\/p>    <figure class=\"wp-block-gallery has-nested-images columns-default is-cropped wp-block-gallery-2 is-layout-flex wp-block-gallery-is-layout-flex\"> <figure class=\"wp-block-image size-large\"><img loading=\"lazy\" decoding=\"async\" width=\"750\" height=\"500\" data-id=\"2575\" src=\"https:\/\/tianhuipackingmachine.com\/wp-content\/uploads\/2021\/09\/cone-shaped-hopper-paste-semi-automatic-filler-structure.jpg\" alt=\"estrutura de enchimento semiautom\u00e1tica de pasta de funil em forma de cone\" class=\"wp-image-2575\" srcset=\"https:\/\/tianhuipackingmachine.com\/wp-content\/uploads\/2021\/09\/cone-shaped-hopper-paste-semi-automatic-filler-structure.jpg 750w, https:\/\/tianhuipackingmachine.com\/wp-content\/uploads\/2021\/09\/cone-shaped-hopper-paste-semi-automatic-filler-structure-300x200.jpg 300w\" sizes=\"auto, (max-width: 750px) 100vw, 750px\" \/><figcaption>Estrutura de enchimento semiautom\u00e1tico de pasta de funil em forma de cone<\/figcaption><\/figure>    <figure class=\"wp-block-image size-large\"><img loading=\"lazy\" decoding=\"async\" width=\"750\" height=\"500\" data-id=\"4482\" src=\"https:\/\/tianhuipackingmachine.com\/wp-content\/uploads\/2021\/12\/details-of-cone-hopper-type-sauce-filler-750x500.jpg\" alt=\"detalhes do enchimento de molho tipo cone-hopper\" class=\"wp-image-4482\" srcset=\"https:\/\/tianhuipackingmachine.com\/wp-content\/uploads\/2021\/12\/details-of-cone-hopper-type-sauce-filler.jpg 750w, https:\/\/tianhuipackingmachine.com\/wp-content\/uploads\/2021\/12\/details-of-cone-hopper-type-sauce-filler-480x320.jpg 480w\" sizes=\"auto, (max-width: 750px) 100vw, 750px\" \/><figcaption>Detalhes do enchimento de molho tipo Cone-Hopper<\/figcaption><\/figure> <\/figure>    <h2 class=\"wp-block-heading\" id=\"h-u-type-hopper-semi-automatic-paste-filler\">Enchedor de pasta semiautom\u00e1tico com funil tipo U<\/h2>    <p>O equipamento de enchimento semiautom\u00e1tico de pasta de funil tipo U \u00e9 um tipo de m\u00e1quina de enchimento horizontal. Em compara\u00e7\u00e3o com o enchedor de pasta em formato de cone, a m\u00e1quina de envase de pasta com funil tipo U tem maior capacidade de enchimento e custo mais alto. Se a pasta apresentar part\u00edculas ou sedimentos, a tremonha tipo U \u00e9 uma boa escolha, como molho de pimenta, cidra de mel, molho de maracuj\u00e1, gel\u00e9ias com gr\u00e2nulos pequenos, pasta de carne, etc. a ma\u00e7aneta.<\/p>    <h2 class=\"wp-block-heading\" id=\"h-u-type-hopper-paste-filling-machine-structure\">Estrutura da m\u00e1quina de enchimento de pasta tipo U<\/h2>    <p>A m\u00e1quina \u00e9 composta por uma sa\u00edda, v\u00e1lvula rotativa, funil de mistura, interruptor de p\u00e9, cilindro, bar\u00f4metro, motor, pe\u00e7a de ajuste, etc. O bico de sa\u00edda adota tecnologia anti-gotejamento, enchendo com mais precis\u00e3o. A tremonha est\u00e1 equipada com um agitador para misturar o material uniformemente. O pedal \u00e9 conveniente para colocar em um local adequado quando voc\u00ea usa a m\u00e1quina. Girar a al\u00e7a ajusta o ponteiro na escala fora do cilindro e, em seguida, o volume de enchimento \u00e9 alterado. \u00c9 acionado por for\u00e7a pneum\u00e1tica, necessitando de compressor de ar na utiliza\u00e7\u00e3o da m\u00e1quina.<\/p>    <figure class=\"wp-block-gallery has-nested-images columns-default is-cropped wp-block-gallery-3 is-layout-flex wp-block-gallery-is-layout-flex\"> <figure class=\"wp-block-image size-large\"><img loading=\"lazy\" decoding=\"async\" width=\"750\" height=\"500\" data-id=\"2596\" src=\"https:\/\/tianhuipackingmachine.com\/wp-content\/uploads\/2021\/09\/structure-of-U-type-hopper-paste-filling-machine.jpg\" alt=\"estrutura da m\u00e1quina de enchimento de pasta de funil tipo U\" class=\"wp-image-2596\" srcset=\"https:\/\/tianhuipackingmachine.com\/wp-content\/uploads\/2021\/09\/structure-of-U-type-hopper-paste-filling-machine.jpg 750w, https:\/\/tianhuipackingmachine.com\/wp-content\/uploads\/2021\/09\/structure-of-U-type-hopper-paste-filling-machine-300x200.jpg 300w\" sizes=\"auto, (max-width: 750px) 100vw, 750px\" \/><figcaption>Estrutura da m\u00e1quina de enchimento de pasta de funil tipo U<\/figcaption><\/figure>    <figure class=\"wp-block-image size-large\"><img loading=\"lazy\" decoding=\"async\" width=\"750\" height=\"500\" data-id=\"4485\" src=\"https:\/\/tianhuipackingmachine.com\/wp-content\/uploads\/2021\/12\/detailed-parts-of-U-type-hopper-sauce-filler-750x500.jpg\" alt=\"partes detalhadas do enchimento de molho de funil tipo U\" class=\"wp-image-4485\" srcset=\"https:\/\/tianhuipackingmachine.com\/wp-content\/uploads\/2021\/12\/detailed-parts-of-U-type-hopper-sauce-filler.jpg 750w, https:\/\/tianhuipackingmachine.com\/wp-content\/uploads\/2021\/12\/detailed-parts-of-U-type-hopper-sauce-filler-480x320.jpg 480w\" sizes=\"auto, (max-width: 750px) 100vw, 750px\" \/><figcaption>Pe\u00e7as detalhadas do enchimento de molho de funil tipo U<\/figcaption><\/figure> <\/figure>    <h2 class=\"has-text-color wp-block-heading\" id=\"h-parameters-of-semi-automatic-paste-filler\" style=\"color:#ff5200\">Par\u00e2metros do enchimento de pasta semiautom\u00e1tico<\/h2>    <figure class=\"wp-block-table is-style-stripes\"><table><tbody><tr><td>Modelo<\/td><td>500 (8 modelos no total)<\/td><\/tr><tr><td>Material de enchimento<\/td><td>Colar<\/td><\/tr><tr><td>Faixa de enchimento<\/td><td>50-500ml (8 faixas no total)<\/td><\/tr><tr><td>Press\u00e3o do ar<\/td><td>0,4-0,6Mpa<\/td><\/tr><tr><td>Escopo de toler\u00e2ncia<\/td><td>0.50%<\/td><\/tr><tr><td>Cabe\u00e7a de enchimento<\/td><td>Solteiro<\/td><\/tr><\/tbody><\/table><\/figure>    <h2 class=\"wp-block-heading\" id=\"h-multi-head-automatic-paste-filling-machine\">M\u00e1quina de enchimento de pasta autom\u00e1tica com v\u00e1rias cabe\u00e7as<\/h2>    <p>O equipamento de enchimento autom\u00e1tico de pasta com v\u00e1rias cabe\u00e7as pode completar automaticamente o enchimento de pasta de v\u00e1rias garrafas uma vez, melhorando muito a efici\u00eancia da produ\u00e7\u00e3o. A quantidade de bicos de sa\u00edda pode ser customizada de acordo com sua necessidade. E pode compor uma linha de produ\u00e7\u00e3o com outras m\u00e1quinas, como decodificadora de garrafas, tampadora a v\u00e1cuo, tampadora de garrafas pl\u00e1sticas, etiquetadora, impressora de codifica\u00e7\u00e3o, etc.<\/p>    <h2 class=\"wp-block-heading\" id=\"h-multi-head-automatic-paste-filler-structure\">Estrutura de enchimento de pasta autom\u00e1tica com m\u00faltiplas cabe\u00e7as<\/h2>    <p>O equipamento consiste em um painel de controle, tremonha, bot\u00e3o girat\u00f3rio para ajuste de altura, bocal de enchimento, transportador, olho el\u00e9trico, caixa da m\u00e1quina, etc. O painel de controle com tela de toque PLC pode configurar v\u00e1rios par\u00e2metros de forma r\u00e1pida e conveniente. O bico de enchimento adota um dispositivo anti-gotejamento. A largura da correia transportadora pode ser personalizada de acordo com suas necessidades.<\/p>    <div class=\"wp-block-image\"><figure class=\"aligncenter size-full\"><img loading=\"lazy\" decoding=\"async\" width=\"750\" height=\"500\" src=\"https:\/\/tianhuipackingmachine.com\/wp-content\/uploads\/2021\/09\/multi-head-paste-filling-equipment-structure.jpg\" alt=\"estrutura do equipamento de enchimento de pasta com v\u00e1rias cabe\u00e7as\" class=\"wp-image-2582\" srcset=\"https:\/\/tianhuipackingmachine.com\/wp-content\/uploads\/2021\/09\/multi-head-paste-filling-equipment-structure.jpg 750w, https:\/\/tianhuipackingmachine.com\/wp-content\/uploads\/2021\/09\/multi-head-paste-filling-equipment-structure-300x200.jpg 300w\" sizes=\"auto, (max-width: 750px) 100vw, 750px\" \/><figcaption>estrutura do equipamento de enchimento de pasta com v\u00e1rias cabe\u00e7as<\/figcaption><\/figure><\/div>    <h2 class=\"has-text-color wp-block-heading\" id=\"h-parameters-of-automatic-paste-filler\" style=\"color:#ff5200\">Par\u00e2metros de preenchimento autom\u00e1tico de pasta <\/h2>    <figure class=\"wp-block-table is-style-stripes\"><table><tbody><tr><td>P\u00f3<\/td><td>220V\/50Hz<\/td><\/tr><tr><td>Faixa de enchimento<\/td><td>50-500, 100-1000<\/td><\/tr><tr><td>Precis\u00e3o de preenchimento<\/td><td>&lt;\u00b11%<\/td><\/tr><tr><td>Velocidade de enchimento<\/td><td>2.000-2.400 garrafas\/h<\/td><\/tr><tr><td>Observa\u00e7\u00e3o<\/td><td>Servi\u00e7o de personaliza\u00e7\u00e3o dispon\u00edvel<\/td><\/tr><\/tbody><\/table><\/figure>    <h2 class=\"wp-block-heading\" id=\"h-features-of-paste-filling-machine\">Caracter\u00edsticas da m\u00e1quina de enchimento de pasta<\/h2>    <ol class=\"wp-block-list\" type=\"1\"><li>Estrutura compacta, estrutura simples, f\u00e1cil de operar<\/li><li>Ser conduzido por for\u00e7a pneum\u00e1tica, funcionando de forma est\u00e1vel<\/li><li>Equipado com dispositivo anti-gotejamento, enchendo com precis\u00e3o<\/li><li>A parte do material de contato adota a\u00e7o inoxid\u00e1vel, dur\u00e1vel e f\u00e1cil de limpar<\/li><li>A velocidade e o volume de enchimento podem ser ajustados de acordo com suas necessidades<\/li><li>A m\u00e1quina envasadora de pasta semiautom\u00e1tica possui dois m\u00e9todos de envase: pedal e autom\u00e1tico. E os dois m\u00e9todos de enchimento podem ser trocados \u00e0 vontade.<\/li><li>O enchimento de pasta semiautom\u00e1tico horizontal \u00e9 equipado com agitador, misturando o material uniformemente<\/li><li>A m\u00e1quina de envase autom\u00e1tica de pasta pode encher o material automaticamente ap\u00f3s configurar os par\u00e2metros na tela de toque.<\/li><li>O servi\u00e7o OEM est\u00e1 dispon\u00edvel<\/li><\/ol>    <h2 class=\"wp-block-heading\" id=\"h-wide-applications-of-paste-filling-equipment\">Amplas aplica\u00e7\u00f5es de equipamentos de enchimento de pasta<\/h2>    <p>A m\u00e1quina de enchimento de pasta aplica-se amplamente a mel, gel\u00e9ia de morango, gel\u00e9ia de mirtilo, marmelada, cidra de mel, molho de maracuj\u00e1, tahine, molho para salada, \u00f3leo de cozinha, ketchup, molho, molho de pimenta, manteiga, pasta de gergelim, manteiga de amendoim, pasta de carne, hoisin molho, molho de ostra, detergente, desinfetante para as m\u00e3os, xampu, condicionador de cabelo, gel de aloe vera, cosm\u00e9tico, cola, etc. Para aquelas pastas com part\u00edculas, \u00e9 melhor escolher o funil tipo U. Se o material for viscoso, adicionar um dispositivo de aquecimento e agita\u00e7\u00e3o \u00e9 uma boa ideia para facilitar o enchimento do material.<\/p>    <figure class=\"wp-block-gallery has-nested-images columns-default is-cropped wp-block-gallery-4 is-layout-flex wp-block-gallery-is-layout-flex\"> <figure class=\"wp-block-image size-large\"><img loading=\"lazy\" decoding=\"async\" width=\"750\" height=\"500\" data-id=\"2595\" src=\"https:\/\/tianhuipackingmachine.com\/wp-content\/uploads\/2021\/09\/wide-applications-of-paste-filling-equipment.jpg\" alt=\"amplas aplica\u00e7\u00f5es de equipamento de enchimento de pasta\" class=\"wp-image-2595\" srcset=\"https:\/\/tianhuipackingmachine.com\/wp-content\/uploads\/2021\/09\/wide-applications-of-paste-filling-equipment.jpg 750w, https:\/\/tianhuipackingmachine.com\/wp-content\/uploads\/2021\/09\/wide-applications-of-paste-filling-equipment-300x200.jpg 300w\" sizes=\"auto, (max-width: 750px) 100vw, 750px\" \/><figcaption>Amplas aplica\u00e7\u00f5es de equipamentos de enchimento de pasta<\/figcaption><\/figure>    <figure class=\"wp-block-image size-large\"><img loading=\"lazy\" decoding=\"async\" width=\"750\" height=\"500\" data-id=\"4480\" src=\"https:\/\/tianhuipackingmachine.com\/wp-content\/uploads\/2021\/12\/applicable-filling-products-750x500.jpg\" alt=\"produtos de enchimento aplic\u00e1veis\" class=\"wp-image-4480\" srcset=\"https:\/\/tianhuipackingmachine.com\/wp-content\/uploads\/2021\/12\/applicable-filling-products.jpg 750w, https:\/\/tianhuipackingmachine.com\/wp-content\/uploads\/2021\/12\/applicable-filling-products-480x320.jpg 480w\" sizes=\"auto, (max-width: 750px) 100vw, 750px\" \/><figcaption>Produtos de enchimento aplic\u00e1veis<\/figcaption><\/figure> <\/figure>    <h2 class=\"wp-block-heading\" id=\"h-related-machines-in-henan-top-packing-machinery\">M\u00e1quinas relacionadas em Henan Top Packing Machinery<\/h2>    <p class=\"translation-block\">A m\u00e1quina de preenchimento de pasta \u00e9 uma parte dos produtos que a Henan Top Packing Machinery Co., Ltd fornece. Como um fabricante e fornecedor confi\u00e1vel de m\u00e1quinas de embalagem, h\u00e1 uma variedade de m\u00e1quinas de embalagem dispon\u00edveis, como empacotadora de p\u00f3, m\u00e1quina de embalagem de gr\u00e2nulos, <a href=\"https:\/\/tianhuipackingmachine.com\/pt\/liquid-packing-machine\/\" target=\"_blank\" rel=\"noreferrer noopener\">m\u00e1quina de embalagem l\u00edquida<\/a>, m\u00e1quina de embalagem de pasta, seladora a v\u00e1cuo, m\u00e1quina de embalagem em pillow, etc. E temos m\u00e1quinas de preenchimento para p\u00f3, gr\u00e2nulos, l\u00edquido ou pasta. Al\u00e9m disso, tamb\u00e9m fornecemos uma m\u00e1quina de selagem de sacos, <a href=\"https:\/\/tianhuipackingmachine.com\/pt\/vacuum-capping-machines\/\" target=\"_blank\" rel=\"noreferrer noopener\">m\u00e1quina de tampagem<\/a>, m\u00e1quina de cord\u00e3o, <a href=\"https:\/\/tianhuipackingmachine.com\/pt\/automatic-round-bottle-labeling-machine-sale\/\" target=\"_blank\" rel=\"noreferrer noopener\">m\u00e1quina de rotulagem<\/a>, m\u00e1quina de selagem de caixas, e assim por diante. Entre em contato conosco para obter mais informa\u00e7\u00f5es.<\/p>    <figure class=\"wp-block-gallery has-nested-images columns-default is-cropped wp-block-gallery-5 is-layout-flex wp-block-gallery-is-layout-flex\"> <figure class=\"wp-block-image size-large\"><img loading=\"lazy\" decoding=\"async\" width=\"750\" height=\"500\" data-id=\"2014\" src=\"https:\/\/tianhuipackingmachine.com\/wp-content\/uploads\/2021\/08\/vacuum-capping-machine-1.jpg\" alt=\"m\u00e1quina tampando do v\u00e1cuo\" class=\"wp-image-2014\" srcset=\"https:\/\/tianhuipackingmachine.com\/wp-content\/uploads\/2021\/08\/vacuum-capping-machine-1.jpg 750w, https:\/\/tianhuipackingmachine.com\/wp-content\/uploads\/2021\/08\/vacuum-capping-machine-1-300x200.jpg 300w\" sizes=\"auto, (max-width: 750px) 100vw, 750px\" \/><figcaption>M\u00e1quina tampadora a v\u00e1cuo<\/figcaption><\/figure>    <figure class=\"wp-block-image size-large\"><img loading=\"lazy\" decoding=\"async\" width=\"750\" height=\"500\" data-id=\"1988\" src=\"https:\/\/tianhuipackingmachine.com\/wp-content\/uploads\/2021\/07\/automatic-round-bottle-labeler.jpg\" alt=\"etiquetadora autom\u00e1tica de garrafas redondas\" class=\"wp-image-1988\" srcset=\"https:\/\/tianhuipackingmachine.com\/wp-content\/uploads\/2021\/07\/automatic-round-bottle-labeler.jpg 750w, https:\/\/tianhuipackingmachine.com\/wp-content\/uploads\/2021\/07\/automatic-round-bottle-labeler-300x200.jpg 300w\" sizes=\"auto, (max-width: 750px) 100vw, 750px\" \/><figcaption>Rotuladora autom\u00e1tica de garrafas redondas<\/figcaption><\/figure> <\/figure>    <figure class=\"wp-block-gallery has-nested-images columns-default is-cropped wp-block-gallery-6 is-layout-flex wp-block-gallery-is-layout-flex\"> <figure class=\"wp-block-image size-large\"><img loading=\"lazy\" decoding=\"async\" width=\"750\" height=\"500\" data-id=\"4484\" src=\"https:\/\/tianhuipackingmachine.com\/wp-content\/uploads\/2021\/12\/U-type-paste-filler-in-factory-750x500.jpg\" alt=\"Enchimento de pasta tipo U na f\u00e1brica\" class=\"wp-image-4484\" srcset=\"https:\/\/tianhuipackingmachine.com\/wp-content\/uploads\/2021\/12\/U-type-paste-filler-in-factory.jpg 750w, https:\/\/tianhuipackingmachine.com\/wp-content\/uploads\/2021\/12\/U-type-paste-filler-in-factory-480x320.jpg 480w\" sizes=\"auto, (max-width: 750px) 100vw, 750px\" \/><figcaption>Enchimento de pasta tipo U na f\u00e1brica<\/figcaption><\/figure>    <figure class=\"wp-block-image size-large\"><img loading=\"lazy\" decoding=\"async\" width=\"750\" height=\"500\" data-id=\"4483\" src=\"https:\/\/tianhuipackingmachine.com\/wp-content\/uploads\/2021\/12\/paste-fillling-pump-in-factory-display-750x500.jpg\" alt=\"bomba de enchimento de pasta em exibi\u00e7\u00e3o de f\u00e1brica\" class=\"wp-image-4483\" srcset=\"https:\/\/tianhuipackingmachine.com\/wp-content\/uploads\/2021\/12\/paste-fillling-pump-in-factory-display.jpg 750w, https:\/\/tianhuipackingmachine.com\/wp-content\/uploads\/2021\/12\/paste-fillling-pump-in-factory-display-480x320.jpg 480w\" sizes=\"auto, (max-width: 750px) 100vw, 750px\" \/><figcaption>Cole a bomba de enchimento em exibi\u00e7\u00e3o de f\u00e1brica<\/figcaption><\/figure> <\/figure>","protected":false},"excerpt":{"rendered":"<p>Paste filling machine is the equipment to fill paste into bags, bottles, or cans. It\u2019s suitable for various pastes, like sauces, daily necessities, chemicals, etc. There is semi-automatic paste filler and automatic multi-head filler. The former occupies a small space, simple structure, low cost. The latter is equipped with multiple outlets, automatic filling, improving production [&hellip;]<\/p>\n","protected":false},"author":1,"featured_media":2573,"parent":0,"template":"","tags":[162],"product-type":[141],"class_list":["post-2571","product","type-product","status-publish","has-post-thumbnail","hentry","tag-filling-machine","product-type-filling-machines"],"_links":{"self":[{"href":"https:\/\/tianhuipackingmachine.com\/pt\/wp-json\/wp\/v2\/product\/2571","targetHints":{"allow":["GET"]}}],"collection":[{"href":"https:\/\/tianhuipackingmachine.com\/pt\/wp-json\/wp\/v2\/product"}],"about":[{"href":"https:\/\/tianhuipackingmachine.com\/pt\/wp-json\/wp\/v2\/types\/product"}],"author":[{"embeddable":true,"href":"https:\/\/tianhuipackingmachine.com\/pt\/wp-json\/wp\/v2\/users\/1"}],"wp:featuredmedia":[{"embeddable":true,"href":"https:\/\/tianhuipackingmachine.com\/pt\/wp-json\/wp\/v2\/media\/2573"}],"wp:attachment":[{"href":"https:\/\/tianhuipackingmachine.com\/pt\/wp-json\/wp\/v2\/media?parent=2571"}],"wp:term":[{"taxonomy":"post_tag","embeddable":true,"href":"https:\/\/tianhuipackingmachine.com\/pt\/wp-json\/wp\/v2\/tags?post=2571"},{"taxonomy":"product-type","embeddable":true,"href":"https:\/\/tianhuipackingmachine.com\/pt\/wp-json\/wp\/v2\/product-type?post=2571"}],"curies":[{"name":"wp","href":"https:\/\/api.w.org\/{rel}","templated":true}]}}