{"id":2556,"date":"2021-09-11T11:45:26","date_gmt":"2021-09-11T03:45:26","guid":{"rendered":"https:\/\/tianhuipackingmachine.com\/?page_id=2556"},"modified":"2022-04-27T11:18:46","modified_gmt":"2022-04-27T03:18:46","slug":"liquid-filling-machines","status":"publish","type":"product","link":"https:\/\/tianhuipackingmachine.com\/pt\/liquid-filling-machines\/","title":{"rendered":"M\u00e1quina de enchimento de l\u00edquidos"},"content":{"rendered":"<p class=\"translation-block\"><strong>M\u00e1quina de enchimento de l\u00edquidos<\/strong> \u00e9 um tipo de m\u00e1quina de enchimento quantitativo, com enchimento uniforme e opera\u00e7\u00e3o simples. O equipamento \u00e9 adequado para uma variedade de l\u00edquidos com boa fluidez, como \u00e1gua, sumo, leite, vinho, cerveja, \u00e1lcool, vinagre, bebidas, \u00f3leo, lubrificante, \u00e1gua de maquilhagem, etc. Uma variedade de modelos de bombas de enchimento de l\u00edquidos s\u00e3o opcionais. Pode escolher o dispositivo de enchimento mais adequado de acordo com as suas necessidades de volume. Al\u00e9m disso, tamb\u00e9m oferecemos servi\u00e7o de personaliza\u00e7\u00e3o com base nos seus requisitos reais.<\/p>    <h2 class=\"wp-block-heading\" id=\"h-liquid-filling-machine-for-sale\">M\u00e1quina de envase de l\u00edquidos para venda<\/h2>    <p>Existem dois tipos de m\u00e1quinas de envase de l\u00edquidos nas m\u00e1quinas de embalagem Top (Henan) para venda, envasadora de l\u00edquidos semiautom\u00e1tica de sa\u00edda \u00fanica e envasadora de l\u00edquidos autom\u00e1tica com v\u00e1rias cabe\u00e7as. O primeiro tem as vantagens de baixo custo, pequena ocupa\u00e7\u00e3o e ampla aplica\u00e7\u00e3o, adequado para pequenos neg\u00f3cios. Esta \u00faltima e outras m\u00e1quinas podem compor uma linha de produ\u00e7\u00e3o de embalagens de l\u00edquidos, como m\u00e1quina de desembaralhar garrafas, tampadora, etiquetadora, impressora de codifica\u00e7\u00e3o, etc., funcionando de forma eficiente e precisa, adequada para produ\u00e7\u00e3o de enchimento de l\u00edquidos em massa.<\/p>    <div class=\"wp-block-columns is-layout-flex wp-container-core-columns-is-layout-28f84493 wp-block-columns-is-layout-flex\"> <div class=\"wp-block-column is-layout-flow wp-block-column-is-layout-flow\"> <figure class=\"wp-block-image size-full\"><img loading=\"lazy\" decoding=\"async\" width=\"750\" height=\"500\" src=\"https:\/\/tianhuipackingmachine.com\/wp-content\/uploads\/2021\/09\/semi-automatic-single-outlet-liquid-filler.jpg\" alt=\"enchedor de l\u00edquido semiautom\u00e1tico de sa\u00edda \u00fanica\" class=\"wp-image-2563\" srcset=\"https:\/\/tianhuipackingmachine.com\/wp-content\/uploads\/2021\/09\/semi-automatic-single-outlet-liquid-filler.jpg 750w, https:\/\/tianhuipackingmachine.com\/wp-content\/uploads\/2021\/09\/semi-automatic-single-outlet-liquid-filler-300x200.jpg 300w\" sizes=\"auto, (max-width: 750px) 100vw, 750px\" \/><figcaption>Enchimento de l\u00edquido de sa\u00edda \u00fanica semiautom\u00e1tico<\/figcaption><\/figure> <\/div>    <div class=\"wp-block-column is-layout-flow wp-block-column-is-layout-flow\"> <figure class=\"wp-block-image size-full\"><img loading=\"lazy\" decoding=\"async\" width=\"750\" height=\"500\" src=\"https:\/\/tianhuipackingmachine.com\/wp-content\/uploads\/2021\/09\/multi-head-automatic-liquid-filler.jpg\" alt=\"enchedor de l\u00edquidos autom\u00e1tico com m\u00faltiplas cabe\u00e7as\" class=\"wp-image-2564\" srcset=\"https:\/\/tianhuipackingmachine.com\/wp-content\/uploads\/2021\/09\/multi-head-automatic-liquid-filler.jpg 750w, https:\/\/tianhuipackingmachine.com\/wp-content\/uploads\/2021\/09\/multi-head-automatic-liquid-filler-300x200.jpg 300w\" sizes=\"auto, (max-width: 750px) 100vw, 750px\" \/><figcaption>Enchedor de l\u00edquidos autom\u00e1tico com m\u00faltiplas cabe\u00e7as<\/figcaption><\/figure> <\/div> <\/div>    <h2 class=\"wp-block-heading\" id=\"h-semi-automatic-single-outlet-liquid-filling-machine\">M\u00e1quina semiautom\u00e1tica de envase de l\u00edquidos de sa\u00edda \u00fanica<\/h2>    <p>A m\u00e1quina de envase de l\u00edquido de sa\u00edda \u00fanica \u00e9 uma m\u00e1quina de envase de pist\u00e3o semiautom\u00e1tica, acionada por um cilindro para extrair e ejetar materiais. O corpo da m\u00e1quina \u00e9 feito de a\u00e7o inoxid\u00e1vel, dur\u00e1vel e f\u00e1cil de limpar e manter. Uma escala est\u00e1 no dispositivo para ajustar o volume de enchimento, f\u00e1cil de operar. Muitos tamanhos de bombas de l\u00edquidos s\u00e3o opcionais. O escopo dos modelos de bomba de enchimento inclui 1-10ml, 10-100ml, 100-1000ml, 5-50ml, 50-500ml, 500-5000ml, 3-30ml, 30-300ml, 300-3000ml, 1000-5000ml, etc. pode escolher de acordo com suas necessidades. A m\u00e1quina \u00e9 popular entre as pequenas empresas devido \u00e0 sua caracter\u00edstica de pequeno espa\u00e7o ocupado, boa qualidade e baixo custo.<\/p>    <h2 class=\"wp-block-heading\" id=\"h-single-outlet-liquid-filling-machine-structure\">Estrutura da m\u00e1quina de enchimento de l\u00edquido de sa\u00edda \u00fanica<\/h2>    <div class=\"wp-block-image\"><figure class=\"aligncenter size-full\"><img loading=\"lazy\" decoding=\"async\" width=\"750\" height=\"500\" src=\"https:\/\/tianhuipackingmachine.com\/wp-content\/uploads\/2021\/09\/semi-automatic-liquid-filling-machine-structure.jpg\" alt=\"estrutura da m\u00e1quina de enchimento de l\u00edquidos semiautom\u00e1tica\" class=\"wp-image-2560\" srcset=\"https:\/\/tianhuipackingmachine.com\/wp-content\/uploads\/2021\/09\/semi-automatic-liquid-filling-machine-structure.jpg 750w, https:\/\/tianhuipackingmachine.com\/wp-content\/uploads\/2021\/09\/semi-automatic-liquid-filling-machine-structure-300x200.jpg 300w\" sizes=\"auto, (max-width: 750px) 100vw, 750px\" \/><figcaption>estrutura da m\u00e1quina de enchimento de l\u00edquidos semiautom\u00e1tica<\/figcaption><\/figure><\/div>    <h2 class=\"wp-block-heading\" id=\"h-automatic-multi-head-liquid-filling-equipment\">Equipamento autom\u00e1tico de enchimento de l\u00edquidos com m\u00faltiplas cabe\u00e7as<\/h2>    <p>Enchedora autom\u00e1tica de l\u00edquidos com m\u00faltiplas cabe\u00e7as, como o nome indica, adota m\u00faltiplas cabe\u00e7as para enchimento, melhorando muito a produ\u00e7\u00e3o de trabalho. Entre eles, equipamentos de envase de l\u00edquidos com 12 cabe\u00e7otes podem atingir 3.000 garrafas\/h. O n\u00famero m\u00ednimo de cabe\u00e7as de enchimento \u00e9 dois e o n\u00famero pode ser personalizado. Voc\u00ea pode escolher com base na sua escala de produ\u00e7\u00e3o. Al\u00e9m disso, o dispositivo de enchimento linear \u00e9 equipado com um dispositivo anti-gotejamento que evita efetivamente o desperd\u00edcio de materiais. Os modelos de bomba de escopo de enchimento s\u00e3o 10-100ml, 50-500ml, 100-1000ml, 500-3000ml, 1000-5000ml, etc. Tamb\u00e9m pode ser combinada com outras m\u00e1quinas para compor uma linha de produ\u00e7\u00e3o, adequada para m\u00e9dias e grandes empresas. \u00a0<\/p>    <h2 class=\"wp-block-heading\" id=\"h-multi-head-bottle-filling-machine-structure\">Estrutura da m\u00e1quina de envase de garrafas com v\u00e1rias cabe\u00e7as<\/h2>    <div class=\"wp-block-image\"><figure class=\"aligncenter size-full\"><img loading=\"lazy\" decoding=\"async\" width=\"750\" height=\"500\" src=\"https:\/\/tianhuipackingmachine.com\/wp-content\/uploads\/2021\/09\/multi-head-automatic-liquid-filling-equipment-structure.jpg\" alt=\"estrutura de equipamento de enchimento autom\u00e1tico de l\u00edquidos com m\u00faltiplas cabe\u00e7as\" class=\"wp-image-2568\" srcset=\"https:\/\/tianhuipackingmachine.com\/wp-content\/uploads\/2021\/09\/multi-head-automatic-liquid-filling-equipment-structure.jpg 750w, https:\/\/tianhuipackingmachine.com\/wp-content\/uploads\/2021\/09\/multi-head-automatic-liquid-filling-equipment-structure-300x200.jpg 300w\" sizes=\"auto, (max-width: 750px) 100vw, 750px\" \/><figcaption>estrutura de equipamento de enchimento autom\u00e1tico de l\u00edquidos com m\u00faltiplas cabe\u00e7as<\/figcaption><\/figure><\/div>    <h2 class=\"wp-block-heading\" id=\"h-features-benefits-of-liquid-filling-machines\">Recursos e benef\u00edcios das m\u00e1quinas de envase de l\u00edquidos<\/h2>    <ol class=\"wp-block-list\" type=\"1\"><li>Design razo\u00e1vel, estrutura simples, enchimento quantitativo, f\u00e1cil de operar<\/li><li>V\u00e1rios escopos de bomba de enchimento de l\u00edquido opcionais, volume de enchimento e velocidade s\u00e3o ajust\u00e1veis<\/li><li>O corpo do equipamento adota a\u00e7o inoxid\u00e1vel, dur\u00e1vel e conveniente para limpar e manter<\/li><li>Equipado com dispositivo anti-gotejamento para garantir o enchimento com precis\u00e3o.<\/li><li>Enchedor de l\u00edquido semiautom\u00e1tico ocupa pequeno espa\u00e7o, tem baixo investimento e baixo ru\u00eddo<\/li><li>O enchedor autom\u00e1tico de m\u00faltiplas cabe\u00e7as pode combinar com outras m\u00e1quinas para compor uma linha de produ\u00e7\u00e3o inteira, realizando automa\u00e7\u00e3o total, melhorando a efici\u00eancia e economizando m\u00e3o de obra.<\/li><li>Precisa trabalhar com o compressor de ar juntos<\/li><li>Servi\u00e7o de personaliza\u00e7\u00e3o dispon\u00edvel<\/li><\/ol>    <h2 class=\"wp-block-heading\" id=\"h-multi-head-water-bottle-filling-machine-working-video\">V\u00eddeo de funcionamento da m\u00e1quina de enchimento de garrafas de \u00e1gua com v\u00e1rias cabe\u00e7as<\/h2>   <figure class=\"wp-block-embed-youtube wp-block-embed is-type-video is-provider-youtube wp-embed-aspect-16-9 wp-has-aspect-ratio\"><div class=\"lyte-wrapper\" title=\"M\u00e1quina de engarrafamento com m\u00faltiplas cabe\u00e7as | Alta efici\u00eancia e precis\u00e3o\" style=\"width:853px;max-width:100%;margin:5px auto;\"><div class=\"lyMe\" id=\"WYL_FyQd0tZFAAA\" itemprop=\"video\" itemscope itemtype=\"https:\/\/schema.org\/VideoObject\"><div><meta itemprop=\"thumbnailUrl\" content=\"https:\/\/i.ytimg.com\/vi\/FyQd0tZFAAA\/hqdefault.jpg\" \/><meta itemprop=\"embedURL\" content=\"https:\/\/www.youtube.com\/embed\/FyQd0tZFAAA\" \/><meta itemprop=\"duration\" content=\"PT1M34S\" \/><meta itemprop=\"uploadDate\" content=\"2021-08-06T10:47:45Z\" \/><\/div><div id=\"lyte_FyQd0tZFAAA\" data-src=\"https:\/\/i.ytimg.com\/vi\/FyQd0tZFAAA\/hqdefault.jpg\" class=\"pL\"><div class=\"tC\"><div class=\"tT\" itemprop=\"name\">M\u00e1quina de engarrafamento com m\u00faltiplas cabe\u00e7as | Alta efici\u00eancia e precis\u00e3o<\/div><\/div><div class=\"play\"><\/div><div class=\"ctrl\"><div class=\"Lctrl\"><\/div><div class=\"Rctrl\"><\/div><\/div><\/div><noscript><a href=\"https:\/\/youtu.be\/FyQd0tZFAAA\" rel=\"nofollow noopener\" target=\"_blank\"><img loading=\"lazy\" decoding=\"async\" src=\"https:\/\/i.ytimg.com\/vi\/FyQd0tZFAAA\/0.jpg\" alt=\"M\u00e1quina de engarrafamento com m\u00faltiplas cabe\u00e7as | Alta efici\u00eancia e precis\u00e3o\" width=\"853\" height=\"460\" \/><\/a><\/noscript><meta itemprop=\"description\" content=\"Multi-head bottle filling and packaging machine is suitable for various kinds of liquids to realize high-volume production, filling with multiple heads, efficiently and accurately. It also can match with some other machines, such as unscramble bottle machine, screwing cap machine, labeling machine, date printer, etc. Get more details: https:\/\/tianhuipackingmachine.com\/water-packing-machine\/ Email: toppacking@163.com\"><\/div><\/div><div class=\"lL\" style=\"max-width:100%;width:853px;margin:5px auto;\"> <a href=\"https:\/\/youtu.be\/FyQd0tZFAAA\" target=\"_blank\" rel=\"noopener\">Assista a este v\u00eddeo no YouTube<\/a>.<\/div><figcaption><\/figcaption><\/figure>   <h2 class=\"wp-block-heading\" id=\"h-applications-of-liquid-filling-equipment\">Aplica\u00e7\u00f5es de equipamento de enchimento de l\u00edquidos<\/h2>    <p class=\"translation-block\">As m\u00e1quinas de enchimento de l\u00edquidos s\u00e3o adequadas para encher l\u00edquidos com boa fluidez, aplicando-se amplamente a <strong><a href=\"https:\/\/tianhuipackingmachine.com\/pt\/water-packing-machine\/\">\u00e1gua<\/a><\/strong>, bebidas, condimentos, <strong><a href=\"https:\/\/tianhuipackingmachine.com\/pt\/oil-packaging-machine\/\">\u00f3leos<\/a><\/strong>, necessidades di\u00e1rias, medicamentos, cosm\u00e9ticos, produtos qu\u00edmicos, aditivos, etc. O equipamento pode encher \u00e1gua mineral, \u00e1gua gaseificada, \u00e1gua com g\u00e1s, sumo, leite, cerveja, vinho, vinagre, aguardente, \u00e1lcool, l\u00edquidos orais, \u00f3leo alimentar, azeite, \u00f3leo de amendoim, lubrificante, \u00e1gua de maquilhagem, detergente l\u00edquido, desinfetantes para as m\u00e3os, champ\u00f4, gel de banho, desinfetantes, anticongelante, pesticidas, herbicidas, e assim por diante. Para o enchimento de l\u00edquidos viscosos, \u00e9 necess\u00e1rio usar uma m\u00e1quina de enchimento de pasta.<\/p>    <h2 class=\"wp-block-heading\" id=\"h-liquid-filling-machine-price\">Pre\u00e7o da m\u00e1quina de envase de l\u00edquidos<\/h2>    <p class=\"translation-block\">O pre\u00e7o do enchimento de l\u00edquidos est\u00e1 relacionado com o tipo de m\u00e1quina, o tamanho da bomba de enchimento, o n\u00famero de sa\u00eddas de enchimento, etc. Em compara\u00e7\u00e3o com o enchimento de l\u00edquidos semiautom\u00e1tico de sa\u00edda \u00fanica, o pre\u00e7o do enchimento de l\u00edquidos autom\u00e1tico com m\u00faltiplas sa\u00eddas \u00e9 mais elevado porque este \u00faltimo necessita de um custo de produ\u00e7\u00e3o maior. Para diferentes tamanhos de bombas de enchimento de l\u00edquidos, a maior \u00e9 mais cara. Al\u00e9m disso, no que diz respeito ao enchimento com m\u00faltiplas sa\u00eddas, mais sa\u00eddas tamb\u00e9m implicam um custo mais elevado. Como <strong><a href=\"https:\/\/tianhuipackingmachine.com\/pt\/\">fabricante e fornecedor de embalagens<\/a><\/strong>, faremos o nosso melhor para fornecer m\u00e1quinas de alto desempenho e custo-benef\u00edcio. Mas, como diz o ditado, voc\u00ea obt\u00e9m o que paga. Portanto, \u00e9 melhor n\u00e3o ignorar a qualidade e outras propriedades por causa do pre\u00e7o. <strong><a href=\"https:\/\/tianhuipackingmachine.com\/pt\/contact\/\">Entre em contacto connosco<\/a><\/strong> para obter mais detalhes.<\/p>","protected":false},"excerpt":{"rendered":"<p>Liquid filling machine is one kind of quantitative filling machine, filling evenly, simple to operate. The equipment is suitable for a variety of liquids that flow well, such as water, juice, milk, wine, beer, alcohol, vinegar, beverage, oil, lubricant, make-up water, etc. A variety of liquid filling pump models are optional. You can choose the [&hellip;]<\/p>\n","protected":false},"author":1,"featured_media":2563,"parent":0,"template":"","tags":[162],"product-type":[141],"class_list":["post-2556","product","type-product","status-publish","has-post-thumbnail","hentry","tag-filling-machine","product-type-filling-machines"],"_links":{"self":[{"href":"https:\/\/tianhuipackingmachine.com\/pt\/wp-json\/wp\/v2\/product\/2556","targetHints":{"allow":["GET"]}}],"collection":[{"href":"https:\/\/tianhuipackingmachine.com\/pt\/wp-json\/wp\/v2\/product"}],"about":[{"href":"https:\/\/tianhuipackingmachine.com\/pt\/wp-json\/wp\/v2\/types\/product"}],"author":[{"embeddable":true,"href":"https:\/\/tianhuipackingmachine.com\/pt\/wp-json\/wp\/v2\/users\/1"}],"wp:featuredmedia":[{"embeddable":true,"href":"https:\/\/tianhuipackingmachine.com\/pt\/wp-json\/wp\/v2\/media\/2563"}],"wp:attachment":[{"href":"https:\/\/tianhuipackingmachine.com\/pt\/wp-json\/wp\/v2\/media?parent=2556"}],"wp:term":[{"taxonomy":"post_tag","embeddable":true,"href":"https:\/\/tianhuipackingmachine.com\/pt\/wp-json\/wp\/v2\/tags?post=2556"},{"taxonomy":"product-type","embeddable":true,"href":"https:\/\/tianhuipackingmachine.com\/pt\/wp-json\/wp\/v2\/product-type?post=2556"}],"curies":[{"name":"wp","href":"https:\/\/api.w.org\/{rel}","templated":true}]}}