{"id":2522,"date":"2021-09-09T11:06:51","date_gmt":"2021-09-09T03:06:51","guid":{"rendered":"https:\/\/tianhuipackingmachine.com\/?page_id=2522"},"modified":"2023-02-15T10:24:05","modified_gmt":"2023-02-15T02:24:05","slug":"yogurt-cup-filling-machine","status":"publish","type":"product","link":"https:\/\/tianhuipackingmachine.com\/pt\/yogurt-cup-filling-machine\/","title":{"rendered":"M\u00e1quina de enchimento de copo de iogurte"},"content":{"rendered":"<p class=\"translation-block\"><strong>M\u00e1quina de enchimento de iogurte em copo<\/strong>, como o nome indica, \u00e9 um tipo de equipamento para enchimento e selagem de copos. Comparada com a m\u00e1quina de enchimento de l\u00edquidos em linha, esta m\u00e1quina de embalagem de iogurte para copos est\u00e1 equipada com um prato rotativo. A <strong>m\u00e1quina de enchimento e selagem de iogurte em copo<\/strong> pode completar automaticamente todo o processo de alimenta\u00e7\u00e3o de copos, enchimento, selagem e extra\u00e7\u00e3o de produtos acabados. Aplica-se a copos pr\u00e9-fabricados e tampas de copo. <\/p>    <p>Cabe\u00e7as de sa\u00edda \u00fanica e de enchimento duplo s\u00e3o tipos comuns. Al\u00e9m disso, este tipo de m\u00e1quina requer personaliza\u00e7\u00e3o de acordo com os tamanhos e formatos dos copos e tampas, por isso sugerimos ao nosso cliente que nos informe os detalhes do formato e capacidade do produto ao entrar em contato conosco.<\/p>    <figure class=\"wp-block-image aligncenter size-full\"><img loading=\"lazy\" decoding=\"async\" width=\"750\" height=\"500\" src=\"https:\/\/tianhuipackingmachine.com\/wp-content\/uploads\/2021\/09\/yogurt-cup-filler.jpg\" alt=\"enchimento de copo de iogurte\" class=\"wp-image-2523\" srcset=\"https:\/\/tianhuipackingmachine.com\/wp-content\/uploads\/2021\/09\/yogurt-cup-filler.jpg 750w, https:\/\/tianhuipackingmachine.com\/wp-content\/uploads\/2021\/09\/yogurt-cup-filler-300x200.jpg 300w\" sizes=\"auto, (max-width: 750px) 100vw, 750px\" \/><figcaption class=\"wp-element-caption\">Enchimento de copo de iogurte<\/figcaption><\/figure>    <h2 class=\"wp-block-heading\" id=\"h-features-benefits-of-yogurt-cup-filling-machine\">Recursos e benef\u00edcios da m\u00e1quina de enchimento de copos de iogurte<\/h2>    <ol class=\"wp-block-list\" type=\"1\"> <li>Estrutura rotativa, design razo\u00e1vel, alta efici\u00eancia e precis\u00e3o, fun\u00e7\u00f5es completas.<\/li>    <li>Tela sens\u00edvel ao toque para configurar diversos par\u00e2metros da m\u00e1quina, f\u00e1ceis de operar.<\/li>    <li>Alta automa\u00e7\u00e3o: alimenta\u00e7\u00e3o autom\u00e1tica de copos, enchimento, selagem e retirada de produtos acabados.<\/li>    <li>Ocupe pequenos espa\u00e7os, funcionando de forma est\u00e1vel, usando controle de temperatura independente.<\/li>    <li>A m\u00e1quina ir\u00e1 parar se nenhum copo cair, reiniciando ap\u00f3s a alimenta\u00e7\u00e3o do copo.<\/li>    <li>\u00c9 feito de a\u00e7o inoxid\u00e1vel e liga de alum\u00ednio, est\u00e1vel e dur\u00e1vel e f\u00e1cil de limpar.<\/li>    <li>Adote sistema de controle mundialmente famoso e componentes pneum\u00e1ticos, boa qualidade e longa vida \u00fatil.<\/li>    <li>Servi\u00e7o de personaliza\u00e7\u00e3o dispon\u00edvel.<\/li> <\/ol>    <h2 class=\"wp-block-heading\" id=\"how-does-a-yogurt-cup-filling-and-sealing-machine-work\">Como funciona uma m\u00e1quina para encher e selar copos de iogurte?<\/h2>   <figure class=\"wp-block-embed-youtube wp-block-embed is-type-video is-provider-youtube wp-embed-aspect-16-9 wp-has-aspect-ratio lyte-align aligncenter\"><div class=\"lyte-wrapper\" title=\"M\u00e1quina autom\u00e1tica de enchimento e selagem de copo de iogurte com tipo rotativo\" style=\"width:853px;max-width:100%;margin:5px auto;\"><div class=\"lyMe\" id=\"WYL_HicsfkDOUwI\" itemprop=\"video\" itemscope itemtype=\"https:\/\/schema.org\/VideoObject\"><div><meta itemprop=\"thumbnailUrl\" content=\"https:\/\/i.ytimg.com\/vi\/HicsfkDOUwI\/hqdefault.jpg\" \/><meta itemprop=\"embedURL\" content=\"https:\/\/www.youtube.com\/embed\/HicsfkDOUwI\" \/><meta itemprop=\"duration\" content=\"PT3M10S\" \/><meta itemprop=\"uploadDate\" content=\"2021-09-17T09:58:33Z\" \/><\/div><div id=\"lyte_HicsfkDOUwI\" data-src=\"https:\/\/i.ytimg.com\/vi\/HicsfkDOUwI\/hqdefault.jpg\" class=\"pL\"><div class=\"tC\"><div class=\"tT\" itemprop=\"name\">M\u00e1quina autom\u00e1tica de enchimento e selagem de copo de iogurte com tipo rotativo<\/div><\/div><div class=\"play\"><\/div><div class=\"ctrl\"><div class=\"Lctrl\"><\/div><div class=\"Rctrl\"><\/div><\/div><\/div><noscript><a href=\"https:\/\/youtu.be\/HicsfkDOUwI\" rel=\"nofollow noopener\" target=\"_blank\"><img loading=\"lazy\" decoding=\"async\" src=\"https:\/\/i.ytimg.com\/vi\/HicsfkDOUwI\/0.jpg\" alt=\"M\u00e1quina autom\u00e1tica de enchimento e selagem de copo de iogurte com tipo rotativo\" width=\"853\" height=\"460\" \/><\/a><\/noscript><meta itemprop=\"description\" content=\"#yogurt #yogurtrecipe #yogurtpackaging Email\ud83d\udc49 sales@tianhuipackingmachine.com WhatsApp\/Tel\ud83d\udc49 +86 17329326135 Useful reference\ud83d\udc49 https:\/\/tianhuipackingmachine.com\/yogurt-cup-filling-machine\/ ----------------------------------------------------------------------- Yogurt cup filling sealing machine is a kind of equipment for cup yogurt packaging. Compared with a single outlet liquid filling machine and multi-head liquid filling machine, this yogurt packaging machine for cups can automatically complete the whole process of feeding cups, filling, sealing, pulling out finished products. Besides, this kind of machine requires to customize according to the sizes and shapes of cups and covers, so we suggest our customer tell us the details of the product\u2019s shape and capacity when getting in touch with us. Yogurt cup filling machine is composed of an automatic touch screen, cup dropping system, gearing and pulling system, filling system, film putting device, sealing system, and cup discharging device with an output conveyor belt. ----------------------------------------------------------------------- Email\ud83d\udc49 sales@tianhuipackingmachine.com WhatsApp\/Tel\ud83d\udc49 +86 17329326135 Useful reference\ud83d\udc49 https:\/\/tianhuipackingmachine.com\/yogurt-cup-filling-machine\/\"><\/div><\/div><div class=\"lL\" style=\"max-width:100%;width:853px;margin:5px auto;\"> <a href=\"https:\/\/youtu.be\/HicsfkDOUwI\" target=\"_blank\" rel=\"noopener\">Assista a este v\u00eddeo no YouTube<\/a>.<\/div><figcaption><\/figcaption><\/figure>   <h2 class=\"wp-block-heading\" id=\"h-yogurt-cup-filler-structure\">Estrutura de enchimento de copo de iogurte<\/h2>    <p>A m\u00e1quina envasadora de copo de iogurte \u00e9 composta por uma tela de toque autom\u00e1tica, sistema de queda de copo, sistema de engrenagem e tra\u00e7\u00e3o, sistema de enchimento, dispositivo de coloca\u00e7\u00e3o de filme, sistema de veda\u00e7\u00e3o e dispositivo de descarga de copo com uma correia transportadora de sa\u00edda. A tela sens\u00edvel ao toque controla os interruptores de queda do copo, enchimento, coloca\u00e7\u00e3o do filme, selagem, descarga e exibi\u00e7\u00e3o da contagem do produto acabado. O dispositivo de queda do copo executado \u00e9 acionado por energia pneum\u00e1tica, funcionando de forma est\u00e1vel e precisa. <\/p>    <p>O sistema de engrenagem e tra\u00e7\u00e3o inclui um motor de acionamento, redutor de velocidade, dispositivo de engrenagem est\u00e1vel e copos de transporte para o sistema de enchimento. O dispositivo de enchimento inclui sa\u00edda \u00fanica e cabe\u00e7ote duplo para enchimento, sendo este \u00faltimo mais eficiente. A tampa do copo coloca o sistema com precis\u00e3o. O equipamento sela firmemente a borda do copo e os empurra para dentro da esteira de sa\u00edda.<\/p>    <figure class=\"wp-block-image aligncenter size-full\"><img loading=\"lazy\" decoding=\"async\" width=\"750\" height=\"500\" src=\"https:\/\/tianhuipackingmachine.com\/wp-content\/uploads\/2021\/09\/yogurt-cup-filling-machine-structure.jpg\" alt=\"estrutura da m\u00e1quina de enchimento de copos de iogurte\" class=\"wp-image-2524\" srcset=\"https:\/\/tianhuipackingmachine.com\/wp-content\/uploads\/2021\/09\/yogurt-cup-filling-machine-structure.jpg 750w, https:\/\/tianhuipackingmachine.com\/wp-content\/uploads\/2021\/09\/yogurt-cup-filling-machine-structure-300x200.jpg 300w\" sizes=\"auto, (max-width: 750px) 100vw, 750px\" \/><figcaption class=\"wp-element-caption\">Estrutura da m\u00e1quina de enchimento de copos de iogurte<\/figcaption><\/figure>    <h2 class=\"has-text-color wp-block-heading\" id=\"h-yogurt-filling-equipment-parameters\" style=\"color:#ff5200\">Par\u00e2metros do equipamento de enchimento de iogurte<\/h2>    <figure class=\"wp-block-table is-style-stripes\"><table><tbody><tr><td>Poder<\/td><td>220V \u00a0\u00a01200W<\/td><\/tr><tr><td>Velocidade de embalagem<\/td><td>800-900 x\u00edcaras\/h (sa\u00edda \u00fanica) \u00a0 1600-1800 x\u00edcaras\/h (sa\u00edda dupla)<\/td><\/tr><tr><td>Press\u00e3o do ar<\/td><td>0,5-0,75Mpa<\/td><\/tr><tr><td>Consumo m\u00e1ximo de ar<\/td><td>0,45m<sup>3<\/sup>\/m<\/td><\/tr><tr><td>Dimens\u00e3o<\/td><td>100*80*120cm<\/td><\/tr><tr><td>Peso<\/td><td>350kg<\/td><\/tr><\/tbody><\/table><\/figure>    <p>A t\u00e9cnica real ser\u00e1 algumas diferen\u00e7as com base na situa\u00e7\u00e3o real, porque a m\u00e1quina de envase de copos de iogurte geralmente \u00e9 personalizada. <\/p>    <h2 class=\"wp-block-heading\" id=\"h-applications-of-yogurt-filling-machine\">Aplica\u00e7\u00f5es da m\u00e1quina de envase de iogurte<\/h2>    <p>Enchedor de copos de iogurte\u00a0n\u00e3o s\u00f3 pode encher e selar copos de iogurte, mas tamb\u00e9m pode ser aplicado em bebidas, leite, caf\u00e9, suco, creme de caf\u00e9, sorvete, gel\u00e9ia, leite de soja, xarope de ameixa, vinho de arroz, gel\u00e9ia, molho, molho de pimenta, carne bovina pasta, etc. equipado com diferentes sistemas de enchimento. \u00c9 adequado para copos de pl\u00e1stico, copos de papel, copos de alum\u00ednio, etc. Para o dispositivo de enchimento, v\u00e1rios volumes de enchimento s\u00e3o opcionais, referindo-se a 1-10ml, 10-100ml, 5-50ml, 50-500ml, 30-300ml, etc. (at\u00e9 500ml). Voc\u00ea pode escolher de acordo com suas necessidades reais. <\/p>    <figure class=\"wp-block-gallery has-nested-images columns-default is-cropped wp-block-gallery-2 is-layout-flex wp-block-gallery-is-layout-flex\"> <figure class=\"wp-block-image size-large\"><img loading=\"lazy\" decoding=\"async\" width=\"750\" height=\"500\" data-id=\"2526\" src=\"https:\/\/tianhuipackingmachine.com\/wp-content\/uploads\/2021\/09\/yogurt-cup-filling-equipment-applications-display.jpg\" alt=\"exibi\u00e7\u00e3o de aplica\u00e7\u00f5es de equipamentos de enchimento de copos de iogurte\" class=\"wp-image-2526\" srcset=\"https:\/\/tianhuipackingmachine.com\/wp-content\/uploads\/2021\/09\/yogurt-cup-filling-equipment-applications-display.jpg 750w, https:\/\/tianhuipackingmachine.com\/wp-content\/uploads\/2021\/09\/yogurt-cup-filling-equipment-applications-display-300x200.jpg 300w\" sizes=\"auto, (max-width: 750px) 100vw, 750px\" \/><figcaption class=\"wp-element-caption\">Exibi\u00e7\u00e3o de aplica\u00e7\u00f5es de equipamentos de enchimento de copos de iogurte<\/figcaption><\/figure>    <figure class=\"wp-block-image size-large\"><img loading=\"lazy\" decoding=\"async\" width=\"750\" height=\"500\" data-id=\"4684\" src=\"https:\/\/tianhuipackingmachine.com\/wp-content\/uploads\/2021\/12\/coffee-mate-750x500.jpg\" alt=\"companheiro de caf\u00e9\" class=\"wp-image-4684\" srcset=\"https:\/\/tianhuipackingmachine.com\/wp-content\/uploads\/2021\/12\/coffee-mate.jpg 750w, https:\/\/tianhuipackingmachine.com\/wp-content\/uploads\/2021\/12\/coffee-mate-480x320.jpg 480w\" sizes=\"auto, (max-width: 750px) 100vw, 750px\" \/><figcaption class=\"wp-element-caption\">Caf\u00e9 companheiro<\/figcaption><\/figure> <\/figure>    <h2 class=\"wp-block-heading\" id=\"do-you-need-a-yogurt-cup-filling-and-sealing-machine-for-larger-output\">Voc\u00ea precisa de uma m\u00e1quina para encher e selar copos de iogurte para uma produ\u00e7\u00e3o maior?<\/h2>    <p>Se sim, voc\u00ea pode dar uma olhada na m\u00e1quina cont\u00ednua de enchimento e selagem de copos. \u00c9 o equipamento ideal para embalagens de copos para linhas de montagem e grandes produ\u00e7\u00f5es em massa. Esta m\u00e1quina embaladora de copos aplica-se a iogurte, geleia, suco, sorvete, pudim, mingau, outros l\u00edquidos ou pastas, etc. O equipamento pode concluir automaticamente o processo de queda de copos em modelos, enchimento de material em copos, alimenta\u00e7\u00e3o de filme, veda\u00e7\u00e3o e cortando o filme da embalagem. <\/p>    <p>Possui as vantagens de uma estrutura compacta, alto grau de automa\u00e7\u00e3o, uso conveniente, manuten\u00e7\u00e3o simples e alta efici\u00eancia de produ\u00e7\u00e3o. E o equipamento tem qualidade est\u00e1vel e longa vida \u00fatil, desempenho avan\u00e7ado e qualidade confi\u00e1vel. O n\u00famero do copo por linha pode ser personalizado de acordo com as necessidades de produ\u00e7\u00e3o do cliente.<\/p>    <figure class=\"wp-block-image aligncenter size-large\"><img loading=\"lazy\" decoding=\"async\" width=\"750\" height=\"500\" src=\"https:\/\/tianhuipackingmachine.com\/wp-content\/uploads\/2022\/02\/cup-filling-and-sealing-machine-750x500.jpg\" alt=\"m\u00e1quina de enchimento e selagem de copos\" class=\"wp-image-5183\" srcset=\"https:\/\/tianhuipackingmachine.com\/wp-content\/uploads\/2022\/02\/cup-filling-and-sealing-machine.jpg 750w, https:\/\/tianhuipackingmachine.com\/wp-content\/uploads\/2022\/02\/cup-filling-and-sealing-machine-480x320.jpg 480w\" sizes=\"auto, (max-width: 750px) 100vw, 750px\" \/><figcaption class=\"wp-element-caption\">M\u00e1quina para encher e selar copos<\/figcaption><\/figure>    <h2 class=\"wp-block-heading\" id=\"what-are-characteristics-of-the-continuous-yogurt-cup-filling-and-sealing-machine\">Quais s\u00e3o as caracter\u00edsticas da m\u00e1quina cont\u00ednua de enchimento e selagem de copos de iogurte?<\/h2>    <ol class=\"wp-block-list\" type=\"1\"> <li>Design avan\u00e7ado, estrutura razo\u00e1vel, alta automa\u00e7\u00e3o e desempenho confi\u00e1vel.<\/li>    <li>A opera\u00e7\u00e3o simples melhora a efici\u00eancia do trabalho e reduz o trabalho humano.<\/li>    <li>Toda a m\u00e1quina \u00e9 feita de a\u00e7o inoxid\u00e1vel, liga de alum\u00ednio, cobre e outros materiais anticorrosivos, de acordo com os padr\u00f5es de higiene e seguran\u00e7a alimentar<\/li>    <li>O molde para coloca\u00e7\u00e3o do copo pode ser personalizado. Moldes redondos e quadrados s\u00e3o tipos comuns dispon\u00edveis. <\/li>    <li>Os detectores oculares fotoel\u00e9tricos garantem o enchimento e a veda\u00e7\u00e3o com precis\u00e3o e exatid\u00e3o.<\/li>    <li>A velocidade de produ\u00e7\u00e3o e a press\u00e3o de veda\u00e7\u00e3o s\u00e3o ajust\u00e1veis \u200b\u200bcom base nas necessidades reais.<\/li>    <li>A veda\u00e7\u00e3o \u00e9 firme e as bordas s\u00e3o lisas e perfeitas.<\/li> <\/ol>    <figure class=\"wp-block-gallery has-nested-images columns-default is-cropped wp-block-gallery-3 is-layout-flex wp-block-gallery-is-layout-flex\"> <figure class=\"wp-block-image size-large\"><img loading=\"lazy\" decoding=\"async\" width=\"750\" height=\"500\" data-id=\"5185\" src=\"https:\/\/tianhuipackingmachine.com\/wp-content\/uploads\/2022\/02\/round-cup-type-filling-system-for-liquid.jpg\" alt=\"sistema de enchimento tipo copo redondo para l\u00edquido\" class=\"wp-image-5185\" srcset=\"https:\/\/tianhuipackingmachine.com\/wp-content\/uploads\/2022\/02\/round-cup-type-filling-system-for-liquid.jpg 750w, https:\/\/tianhuipackingmachine.com\/wp-content\/uploads\/2022\/02\/round-cup-type-filling-system-for-liquid-480x320.jpg 480w\" sizes=\"auto, (max-width: 750px) 100vw, 750px\" \/><figcaption class=\"wp-element-caption\">Sistema de enchimento tipo copo redondo para l\u00edquido<\/figcaption><\/figure>    <figure class=\"wp-block-image size-large\"><img loading=\"lazy\" decoding=\"async\" width=\"750\" height=\"500\" data-id=\"5184\" src=\"https:\/\/tianhuipackingmachine.com\/wp-content\/uploads\/2022\/02\/quadrate-cup-type-filling-system.jpg\" alt=\"sistema de enchimento tipo copo quadrado\" class=\"wp-image-5184\" srcset=\"https:\/\/tianhuipackingmachine.com\/wp-content\/uploads\/2022\/02\/quadrate-cup-type-filling-system.jpg 750w, https:\/\/tianhuipackingmachine.com\/wp-content\/uploads\/2022\/02\/quadrate-cup-type-filling-system-480x320.jpg 480w\" sizes=\"auto, (max-width: 750px) 100vw, 750px\" \/><figcaption class=\"wp-element-caption\">Sistema de enchimento tipo copo Quadrate<\/figcaption><\/figure> <\/figure>    <h2 class=\"has-luminous-vivid-orange-color has-text-color wp-block-heading\" id=\"multiline-linear-automatic-cup-packing-machine-parameter\">Par\u00e2metros da m\u00e1quina de embalagem autom\u00e1tica linear multilinha de copos<\/h2>    <figure class=\"wp-block-table\"><table><tbody><tr><td>Tipo<\/td><td>XBG60-4<\/td><td>JXS-1680<\/td><\/tr><tr><td>Poder<\/td><td>Trif\u00e1sico quatro fios, 380V\/50HZ, 2,4Kw\/h<\/td><td>380 V, 2,2 kW<\/td><\/tr><tr><td>Faixa de controle de temperatura<\/td><td>0-400\u2103<\/td><td>\/<\/td><\/tr><tr><td>Consumo de ar<\/td><td>0,6m<sup>3<\/sup>\/s<\/td><td>\/<\/td><\/tr><tr><td>Press\u00e3o do ar<\/td><td>0,65-0,85Mpa<\/td><td>0,6-0,8Mpa<\/td><\/tr><tr><td>Velocidade de embalagem<\/td><td>1800-2000 x\u00edcara\/h<\/td><td>1200-7200 x\u00edcara\/h<\/td><\/tr><tr><td>Peso<\/td><td>700kg<\/td><td>1050kg<\/td><\/tr><tr><td>Dimens\u00e3o<\/td><td>3000mm*600mm*1600mm<\/td><td>3200*1350*1720mm<\/td><\/tr><\/tbody><\/table><\/figure>    <p>Os dados t\u00e9cnicos reais ser\u00e3o ajustados de acordo com a situa\u00e7\u00e3o e os requisitos reais. <\/p>    <h2 class=\"wp-block-heading\" id=\"h-get-in-touch-with-us-to-get-more-information\">Entre em contato conosco para obter mais informa\u00e7\u00f5es<\/h2>    <p class=\"translation-block\">A m\u00e1quina rotativa autom\u00e1tica de enchimento e selagem de iogurte em copo \u00e9 geralmente personalizada para corresponder bem ao tamanho e formato do seu copo e tampa de copo. Na Henan Top Packing Machinery, existem muitas <a href=\"https:\/\/tianhuipackingmachine.com\/pt\/\">m\u00e1quinas de embalagem<\/a> \u00e0 venda, como <a href=\"https:\/\/tianhuipackingmachine.com\/pt\/liquid-packing-machine\/\">m\u00e1quina de embalagem de l\u00edquidos<\/a>, m\u00e1quina de embalagem de p\u00f3, m\u00e1quina de embalagem de gr\u00e2nulos, m\u00e1quina de embalagem a v\u00e1cuo, m\u00e1quina de embalagem tipo almofada, m\u00e1quina de rotulagem, impressora de data, <a href=\"https:\/\/tianhuipackingmachine.com\/pt\/carton-sealing-machine\/\">m\u00e1quina de selagem de caixas<\/a>, e assim por diante. Voc\u00ea est\u00e1 \u00e0 procura de equipamentos como estes? Contacte-nos para obter mais detalhes e o melhor pre\u00e7o.<\/p>","protected":false},"excerpt":{"rendered":"<p>Yogurt cup filling machine, as the name implies, is a kind of equipment for cup filling and sealing. Compared with the inline liquid filling machine, this yogurt packaging machine for cups is equipped with a rotary plate. The yogurt cup filling and sealing machine can automatically complete the whole process of feeding cups, filling, sealing, [&hellip;]<\/p>\n","protected":false},"author":1,"featured_media":2523,"parent":0,"template":"","tags":[162],"product-type":[141],"class_list":["post-2522","product","type-product","status-publish","has-post-thumbnail","hentry","tag-filling-machine","product-type-filling-machines"],"_links":{"self":[{"href":"https:\/\/tianhuipackingmachine.com\/pt\/wp-json\/wp\/v2\/product\/2522","targetHints":{"allow":["GET"]}}],"collection":[{"href":"https:\/\/tianhuipackingmachine.com\/pt\/wp-json\/wp\/v2\/product"}],"about":[{"href":"https:\/\/tianhuipackingmachine.com\/pt\/wp-json\/wp\/v2\/types\/product"}],"author":[{"embeddable":true,"href":"https:\/\/tianhuipackingmachine.com\/pt\/wp-json\/wp\/v2\/users\/1"}],"wp:featuredmedia":[{"embeddable":true,"href":"https:\/\/tianhuipackingmachine.com\/pt\/wp-json\/wp\/v2\/media\/2523"}],"wp:attachment":[{"href":"https:\/\/tianhuipackingmachine.com\/pt\/wp-json\/wp\/v2\/media?parent=2522"}],"wp:term":[{"taxonomy":"post_tag","embeddable":true,"href":"https:\/\/tianhuipackingmachine.com\/pt\/wp-json\/wp\/v2\/tags?post=2522"},{"taxonomy":"product-type","embeddable":true,"href":"https:\/\/tianhuipackingmachine.com\/pt\/wp-json\/wp\/v2\/product-type?post=2522"}],"curies":[{"name":"wp","href":"https:\/\/api.w.org\/{rel}","templated":true}]}}