{"id":2510,"date":"2021-09-08T11:10:06","date_gmt":"2021-09-08T03:10:06","guid":{"rendered":"https:\/\/tianhuipackingmachine.com\/?page_id=2510"},"modified":"2026-03-11T15:10:18","modified_gmt":"2026-03-11T07:10:18","slug":"1-10kg-powder-filling-machine","status":"publish","type":"product","link":"https:\/\/tianhuipackingmachine.com\/pt\/1-10kg-powder-filling-machine\/","title":{"rendered":"M\u00e1quina de enchimento de p\u00f3 de 1-10 kg"},"content":{"rendered":"<p class=\"translation-block\"><strong>M\u00e1quina de enchimento de p\u00f3<\/strong> aqui est\u00e1 uma ferramenta para encher p\u00f3 dentro de 1-10kg de maneira eficiente e confi\u00e1vel. Assim como outras m\u00e1quinas de embalagem de p\u00f3, ela \u00e9 equipada com um auger que mede o volume do material de enchimento. O equipamento \u00e9 adequado para v\u00e1rios tipos de p\u00f3s, como leite em p\u00f3, farinha, amido, condimentos, p\u00f3 de pimenta, p\u00f3 de detergente, p\u00f3 qu\u00edmico, produtos agr\u00edcolas e de linha secund\u00e1ria, p\u00f3 aditivo, p\u00f3 de corantes, p\u00f3 de ra\u00e7\u00e3o, etc. <\/p>    <p>Para embalar com mais efici\u00eancia, voc\u00ea pode us\u00e1-lo combinando-o com alguns dispositivos. Por exemplo, \u00e9 melhor comprar uma m\u00e1quina seladora de sacos juntos se voc\u00ea tamb\u00e9m quiser selar o saco. Embora se voc\u00ea usar garrafas para embalagem, poder\u00e1 comprar uma esteira transportadora para economizar m\u00e3o de obra. Al\u00e9m disso, o servi\u00e7o OEM est\u00e1 dispon\u00edvel de acordo com suas necessidades.<\/p>    <figure class=\"wp-block-image size-full\"><img loading=\"lazy\" decoding=\"async\" width=\"750\" height=\"500\" src=\"https:\/\/tianhuipackingmachine.com\/wp-content\/uploads\/2021\/09\/powder-weighing-and-filing-machine.jpg\" alt=\"m\u00e1quina de pesagem e enchimento de p\u00f3\" class=\"wp-image-6246\"\/><figcaption class=\"wp-element-caption\">M\u00e1quina de pesagem e enchimento de p\u00f3<\/figcaption><\/figure>    <h2 class=\"has-black-color has-text-color wp-block-heading\" id=\"h-features-benefits-of-1-10kg-powder-filling-machine\">Caracter\u00edsticas e benef\u00edcios da m\u00e1quina de pesagem e envase de p\u00f3 seco<\/h2>    <ol class=\"wp-block-list\" type=\"1\"> <li>Design razo\u00e1vel, estrutura simples, f\u00e1cil de instalar, operar e manter<\/li>    <li>Pesagem quantitativa autom\u00e1tica, enchimento e ajuste de erro de medi\u00e7\u00e3o<\/li>    <li>As teclas e a tela sens\u00edvel ao toque do PLC s\u00e3o opcionais com base nas suas necessidades<\/li>    <li>Adicione uma bra\u00e7adeira grande na porta de descarga para fixar a embalagem para encher um grande volume<\/li>    <li>Alterar diferentes tamanhos de sem-fim pode controlar o empacotamento de diferentes volumes de material<\/li>    <li>Adote um sistema de pesagem quantitativa com precis\u00e3o, efici\u00eancia e conveni\u00eancia<\/li>    <li>Use motor de passo e tecnologia de pesagem eletr\u00f4nica, alta precis\u00e3o<\/li>    <li>Adequado para encher sacos de embalagem, garrafas e latas<\/li>    <li>Servi\u00e7o de personaliza\u00e7\u00e3o dispon\u00edvel<\/li> <\/ol>    <h2 class=\"has-text-color wp-block-heading\" id=\"h-semi-automatic-1-10-kg-powder-packing-equipment-parameters\" style=\"color:#ff5200\">Par\u00e2metros da m\u00e1quina de enchimento de p\u00f3 semiautom\u00e1tica<\/h2>    <figure class=\"wp-block-table is-style-stripes\"><table><tbody><tr><td>Poder<\/td><td>CA380V\u00a0900W<\/td><\/tr><tr><td>Especifica\u00e7\u00f5es de embalagem<\/td><td>1-10kg<\/td><\/tr><tr><td>Precis\u00e3o da embalagem<\/td><td>\u00b11%<\/td><\/tr><tr><td>Velocidade de embalagem<\/td><td>500-1500 sacos\/h (de acordo com o tamanho da embalagem e dos produtos)<\/td><\/tr><tr><td>Dimens\u00e3o<\/td><td>1000*850*1850mm<\/td><\/tr><tr><td>Peso<\/td><td>280kg<\/td><\/tr><\/tbody><\/table><\/figure>    <h2 class=\"has-black-color has-text-color wp-block-heading\" id=\"h-1-10kg-powder-auger-filler-structure\">Estrutura da m\u00e1quina de enchimento de sem-fim de p\u00f3 de 1-10 kg<\/h2>    <p>O enchimento do sem-fim consiste em uma tremonha de material, sa\u00edda de descarga, painel de controle eletr\u00f4nico, bandeja, rosca transportadora com tremonha e um motor. A tremonha de material \u00e9 usada para armazenar p\u00f3 para enchimento. Uma sa\u00edda de descarga com sem-fim serve para controlar o volume de enchimento. Para enchimento de sacos grandes, ser\u00e1 equipado com um dispositivo de fixa\u00e7\u00e3o para fixar o saco. A bandeja tem fun\u00e7\u00e3o de suporte para sacos, garrafas ou latas. Existem dois tipos de pain\u00e9is de controle opcionais, teclas e uma tela de toque PLC. A rosca transportadora transporta o material para a tremonha da m\u00e1quina de envase pela for\u00e7a de seu pr\u00f3prio motor. <\/p>    <p class=\"translation-block\">Al\u00e9m disso, apoiamos m\u00e1quinas personalizadas de acordo com suas necessidades. Voc\u00ea pode <strong><a href=\"https:\/\/tianhuipackingmachine.com\/pt\/contact\/\">entrar em contato conosco<\/a><\/strong> para obter mais detalhes preenchendo o formul\u00e1rio na parte inferior deste artigo.<\/p>    <figure class=\"wp-block-image aligncenter size-full\"><img loading=\"lazy\" decoding=\"async\" width=\"750\" height=\"500\" src=\"https:\/\/tianhuipackingmachine.com\/wp-content\/uploads\/2021\/09\/1-10kg-powder-filling-equipment-structure.jpg\" alt=\"Estrutura do equipamento de enchimento de p\u00f3 de 1-10 kg\" class=\"wp-image-2512\" srcset=\"https:\/\/tianhuipackingmachine.com\/wp-content\/uploads\/2021\/09\/1-10kg-powder-filling-equipment-structure.jpg 750w, https:\/\/tianhuipackingmachine.com\/wp-content\/uploads\/2021\/09\/1-10kg-powder-filling-equipment-structure-300x200.jpg 300w\" sizes=\"auto, (max-width: 750px) 100vw, 750px\" \/><figcaption class=\"wp-element-caption\">Estrutura do equipamento de enchimento de p\u00f3 de 1-10Kg<\/figcaption><\/figure>    <h2 class=\"has-text-color wp-block-heading\" id=\"h-screw-conveyor-parameters\" style=\"color:#ff5200\">Par\u00e2metros do transportador helicoidal<\/h2>    <figure class=\"wp-block-table is-style-stripes\"><table><tbody><tr><td>Poder<\/td><td>CA380V\u00a01100W<\/td><\/tr><tr><td>Elevando a capacidade<\/td><td>1000-3000 kg\/h<\/td><\/tr><tr><td>Capacidade da tremonha<\/td><td>100-300kg<\/td><\/tr><tr><td>Altura do dispositivo de enchimento<\/td><td>2.000 mm (suporte para servi\u00e7o personalizado)<\/td><\/tr><tr><td>O material do equipamento<\/td><td>A\u00e7o inoxid\u00e1vel<\/td><\/tr><tr><td>Peso<\/td><td>150kg<\/td><\/tr><\/tbody><\/table><\/figure>    <h2 class=\"has-black-color has-text-color wp-block-heading\" id=\"h-wide-applications-in-food-non-food-bags-bottles-or-cans\">Amplas aplica\u00e7\u00f5es em alimentos e n\u00e3o alimentos, sacos, garrafas ou latas<\/h2>    <p class=\"translation-block\">A m\u00e1quina de enchimento de p\u00f3 para 1-10kg \u00e9 adequada para uma variedade de p\u00f3s, como leite em p\u00f3, p\u00f3 de caf\u00e9, farinha, farinha de milho, farinha de arroz, p\u00f3 de leite com ch\u00e1, p\u00f3 de albumina, amido, <strong><a href=\"https:\/\/tianhuipackingmachine.com\/pt\/spice-packaging-machine\/\">especiarias<\/a><\/strong>, p\u00f3 de matcha, p\u00f3 de cacau, pimenta, <strong><a href=\"https:\/\/tianhuipackingmachine.com\/pt\/chilli-powder-packing-machine\/\">p\u00f3 de pimenta<\/a><\/strong>, pimenta-do-reino, cominho, curry, masala, p\u00f3 de corantes, p\u00f3 de pesticidas, aditivos, p\u00f3 de ra\u00e7\u00e3o, etc. E o equipamento de enchimento aplica-se a sacos, garrafas e latas. <\/p>    <figure class=\"wp-block-image size-large\"><img loading=\"lazy\" decoding=\"async\" width=\"750\" height=\"500\" src=\"https:\/\/tianhuipackingmachine.com\/wp-content\/uploads\/2021\/12\/applicable-powder-750x500.jpg\" alt=\"p\u00f3 aplic\u00e1vel\" class=\"wp-image-4449\" srcset=\"https:\/\/tianhuipackingmachine.com\/wp-content\/uploads\/2021\/12\/applicable-powder.jpg 750w, https:\/\/tianhuipackingmachine.com\/wp-content\/uploads\/2021\/12\/applicable-powder-480x320.jpg 480w\" sizes=\"auto, (max-width: 750px) 100vw, 750px\" \/><figcaption class=\"wp-element-caption\">P\u00f3 aplic\u00e1vel<\/figcaption><\/figure>    <h2 class=\"has-black-color has-text-color wp-block-heading\" id=\"h-related-machines-in-top-packing-machinery\">M\u00e1quinas relacionadas de Henan Top Packing Machinery<\/h2>    <p class=\"translation-block\">Se voc\u00ea deseja uma linha de produ\u00e7\u00e3o com a m\u00e1quina de enchimento de p\u00f3 de 1-10kg, h\u00e1 muitas m\u00e1quinas opcionais na <strong><a href=\"https:\/\/tianhuipackingmachine.com\/pt\/\">Henan Top Packing Machinery<\/a><\/strong>, como correias transportadoras para garrafas ou latas, <strong><a href=\"https:\/\/tianhuipackingmachine.com\/pt\/continuous-bag-sealing-machine\/\">m\u00e1quina de selagem cont\u00ednua de sacos<\/a><\/strong>, m\u00e1quinas de fechamento, m\u00e1quina de selagem a v\u00e1cuo, impressora de datas, m\u00e1quina de selagem de cartonagens, e assim por diante. Al\u00e9m disso, tamb\u00e9m fornecemos <strong><a href=\"https:\/\/tianhuipackingmachine.com\/pt\/powder-packing-machine\/\">m\u00e1quinas de embalagem de p\u00f3<\/a><\/strong> para 0-80g\/saco, 20-200g\/saco, 500-1000g\/saco, 1000-3000g\/saco, 5-50kg\/saco, etc. Al\u00e9m disso, apoiamos servi\u00e7os de personaliza\u00e7\u00e3o. Entre em contato conosco para mais informa\u00e7\u00f5es e o melhor pre\u00e7o.<\/p>    <figure class=\"wp-block-image size-full\"><img loading=\"lazy\" decoding=\"async\" width=\"750\" height=\"500\" src=\"https:\/\/tianhuipackingmachine.com\/wp-content\/uploads\/2021\/09\/powder-filling-machine-factory.jpg\" alt=\"f\u00e1brica de m\u00e1quinas de enchimento de p\u00f3\" class=\"wp-image-6240\"\/><figcaption class=\"wp-element-caption\">F\u00e1brica de m\u00e1quinas de enchimento de p\u00f3<\/figcaption><\/figure>    <h2 class=\"wp-block-heading\">Conclus\u00e3o <\/h2>    <p class=\"translation-block\"><strong>M\u00e1quinas de enchimento de p\u00f3<\/strong> s\u00e3o uma ferramenta essencial em v\u00e1rias ind\u00fastrias, como farmac\u00eautica, alimentos e bebidas, produtos qu\u00edmicos e agricultura. Essas m\u00e1quinas s\u00e3o usadas para encher p\u00f3s em recipientes com um alto n\u00edvel de precis\u00e3o e consist\u00eancia. Elas est\u00e3o dispon\u00edveis em diferentes tipos, incluindo enchimento por auger, enchimento volum\u00e9trico e enchimento gravim\u00e9trico, cada uma com suas pr\u00f3prias caracter\u00edsticas e usos exclusivos. As principais caracter\u00edsticas das m\u00e1quinas de enchimento de p\u00f3 incluem velocidade e precis\u00e3o, precis\u00e3o e consist\u00eancia, facilidade de uso e manuten\u00e7\u00e3o, e recursos de seguran\u00e7a. Com o cont\u00ednuo crescimento e avan\u00e7o da tecnologia, as m\u00e1quinas de enchimento de p\u00f3 continuar\u00e3o a desempenhar um papel vital na garantia de produ\u00e7\u00e3o eficiente e eficaz em uma variedade de ind\u00fastrias.<\/p>","protected":false},"excerpt":{"rendered":"<p>Powder filling machine here is a tool to fill powder within 1-10kg efficiently and reliably. The same as other powder packing machines, it\u2019s equipped with an auger that measures the volume of filling material. The equipment is suitable for various kinds of powders, such as milk powder, flour, starch, condiment, chili powder, detergent powder, chemical [&hellip;]<\/p>\n","protected":false},"author":1,"featured_media":6238,"parent":0,"template":"","tags":[162],"product-type":[141],"class_list":["post-2510","product","type-product","status-publish","has-post-thumbnail","hentry","tag-filling-machine","product-type-filling-machines"],"_links":{"self":[{"href":"https:\/\/tianhuipackingmachine.com\/pt\/wp-json\/wp\/v2\/product\/2510","targetHints":{"allow":["GET"]}}],"collection":[{"href":"https:\/\/tianhuipackingmachine.com\/pt\/wp-json\/wp\/v2\/product"}],"about":[{"href":"https:\/\/tianhuipackingmachine.com\/pt\/wp-json\/wp\/v2\/types\/product"}],"author":[{"embeddable":true,"href":"https:\/\/tianhuipackingmachine.com\/pt\/wp-json\/wp\/v2\/users\/1"}],"wp:featuredmedia":[{"embeddable":true,"href":"https:\/\/tianhuipackingmachine.com\/pt\/wp-json\/wp\/v2\/media\/6238"}],"wp:attachment":[{"href":"https:\/\/tianhuipackingmachine.com\/pt\/wp-json\/wp\/v2\/media?parent=2510"}],"wp:term":[{"taxonomy":"post_tag","embeddable":true,"href":"https:\/\/tianhuipackingmachine.com\/pt\/wp-json\/wp\/v2\/tags?post=2510"},{"taxonomy":"product-type","embeddable":true,"href":"https:\/\/tianhuipackingmachine.com\/pt\/wp-json\/wp\/v2\/product-type?post=2510"}],"curies":[{"name":"wp","href":"https:\/\/api.w.org\/{rel}","templated":true}]}}