{"id":2464,"date":"2021-09-07T10:28:43","date_gmt":"2021-09-07T02:28:43","guid":{"rendered":"https:\/\/tianhuipackingmachine.com\/?page_id=2464"},"modified":"2023-01-18T15:53:55","modified_gmt":"2023-01-18T07:53:55","slug":"5-50kg-granule-filling-machine","status":"publish","type":"product","link":"https:\/\/tianhuipackingmachine.com\/pt\/5-50kg-granule-filling-machine\/","title":{"rendered":"M\u00e1quina de enchimento de gr\u00e2nulos de 5-50 kg"},"content":{"rendered":"<p class=\"translation-block\">A <strong>m\u00e1quina de enchimento de granulados<\/strong> est\u00e1 equipada com um dispositivo de selagem, incluindo principalmente duas partes, o sistema de enchimento e um sistema de selagem. O sistema de enchimento adota pesagem quantitativa, de forma precisa e eficiente. Pode pr\u00e9-definir o peso dos materiais de embalagem, que enche rapidamente. O de selagem refere-se a dois tipos de m\u00e1quinas, a m\u00e1quina de selagem para sacos de pl\u00e1stico e a m\u00e1quina de costura para sacos de tecido. Pode escolher uma delas ou ambas com base nas suas necessidades. O equipamento de enchimento aplica-se amplamente a arroz, trigo, milho mi\u00fado, milho, cereais, ra\u00e7\u00e3o para gatos, ra\u00e7\u00e3o para c\u00e3es, fertilizantes qu\u00edmicos, etc. Al\u00e9m disso, fornecemos servi\u00e7os de personaliza\u00e7\u00e3o de acordo com os seus requisitos reais.<\/p>   <figure class=\"wp-block-embed-youtube wp-block-embed is-type-video is-provider-youtube wp-embed-aspect-16-9 wp-has-aspect-ratio\"><div class=\"lyte-wrapper\" title=\"Vis\u00e3o geral e opera\u00e7\u00e3o da m\u00e1quina de pesagem e enchimento de gr\u00e2nulos de 5-50 kg\" style=\"width:853px;max-width:100%;margin:5px auto;\"><div class=\"lyMe\" id=\"WYL_f7g3DJ9Ghb8\" itemprop=\"video\" itemscope itemtype=\"https:\/\/schema.org\/VideoObject\"><div><meta itemprop=\"thumbnailUrl\" content=\"https:\/\/i.ytimg.com\/vi\/f7g3DJ9Ghb8\/hqdefault.jpg\" \/><meta itemprop=\"embedURL\" content=\"https:\/\/www.youtube.com\/embed\/f7g3DJ9Ghb8\" \/><meta itemprop=\"duration\" content=\"PT1M23S\" \/><meta itemprop=\"uploadDate\" content=\"2021-09-02T06:11:57Z\" \/><\/div><div id=\"lyte_f7g3DJ9Ghb8\" data-src=\"https:\/\/i.ytimg.com\/vi\/f7g3DJ9Ghb8\/hqdefault.jpg\" class=\"pL\"><div class=\"tC\"><div class=\"tT\" itemprop=\"name\">Vis\u00e3o geral e opera\u00e7\u00e3o da m\u00e1quina de pesagem e enchimento de gr\u00e2nulos de 5-50 kg<\/div><\/div><div class=\"play\"><\/div><div class=\"ctrl\"><div class=\"Lctrl\"><\/div><div class=\"Rctrl\"><\/div><\/div><\/div><noscript><a href=\"https:\/\/youtu.be\/f7g3DJ9Ghb8\" rel=\"nofollow noopener\" target=\"_blank\"><img loading=\"lazy\" decoding=\"async\" src=\"https:\/\/i.ytimg.com\/vi\/f7g3DJ9Ghb8\/0.jpg\" alt=\"Vis\u00e3o geral e opera\u00e7\u00e3o da m\u00e1quina de pesagem e enchimento de gr\u00e2nulos de 5-50 kg\" width=\"853\" height=\"460\" \/><\/a><\/noscript><meta itemprop=\"description\" content=\"Official website: https:\/\/tianhuipackingmachine.com\/5-50kg-granule-filling-machine\/ If you are interested in this machine, welcome to contact us to get a free quotation\uff01 Email: sales@toppackingmachine.com Whatsapp\/Tel: +86 17329326135 This kind of filling machine is specially designed and manufactured for granule items. It has the features of accurate weighing, intelligent control, easy operation, and good performance. Besides, particle filling machine from us has factory price and excellent after-sales service. Automatic granule packing machine: https:\/\/www.youtube.com\/watch?v=yDA78_loRBo Pillow packing machine: https:\/\/www.youtube.com\/watch?v=Xu9HTPWpcEI Vegetable packaging machine: https:\/\/www.youtube.com\/watch?v=5GtmU8TboFk Vertical powder packing machine: https:\/\/www.youtube.com\/watch?v=-dsZnBZpzUg Double chamber vacuum packaging machine: https:\/\/www.youtube.com\/watch?v=HrAGjwRJopI Chips pouch packing machine: https:\/\/www.youtube.com\/watch?v=fIU65zNNvU4 Peanut pre-made bag packaging machine: https:\/\/www.youtube.com\/watch?v=gSZ43wJ7sFw&amp;t=1s Email us: Email: sales@toppackingmachine.com | Whatsapp\/Tel: +86 17329326135\"><\/div><\/div><div class=\"lL\" style=\"max-width:100%;width:853px;margin:5px auto;\"> <a href=\"https:\/\/youtu.be\/f7g3DJ9Ghb8\" target=\"_blank\" rel=\"noopener\">Assista a este v\u00eddeo no YouTube<\/a>.<\/div><figcaption><\/figcaption><\/figure>   <h2 class=\"wp-block-heading\" id=\"h-5-50kg-granule-filling-sealing-machine-for-sale\">Venda m\u00e1quina de enchimento e selagem de gr\u00e2nulos de 5-50 kg<\/h2>    <p>A m\u00e1quina de envase de gr\u00e2nulos de 5 a 50 kg por saco est\u00e1 \u00e0 venda na Top (Henan) Packing Machinery. A m\u00e1quina de embalagem pode pesar, encher e selar (ou costurar) automaticamente. Adota um sistema de pesagem eletr\u00f4nica, de forma inteligente e precisa. A sa\u00edda de descarga est\u00e1 equipada com uma grande pin\u00e7a para fixar o saco para enchimento. O equipamento padr\u00e3o \u00e9 um orif\u00edcio de enchimento, mas tamb\u00e9m oferecemos suporte para uma sa\u00edda de enchimento dupla, se necess\u00e1rio. As pessoas geralmente compram um elevador de material tamb\u00e9m quando compram a m\u00e1quina embaladora com pesagem de gr\u00e2nulos de 5 a 50 kg porque a entrada de material \u00e9 alta e inconveniente para carregar manualmente. Al\u00e9m disso, tamb\u00e9m fornecemos servi\u00e7o OEM. Entre em contato conosco para obter mais detalhes.<\/p>    <figure class=\"wp-block-image aligncenter size-full\"><img loading=\"lazy\" decoding=\"async\" width=\"750\" height=\"500\" src=\"https:\/\/tianhuipackingmachine.com\/wp-content\/uploads\/2021\/09\/5-50kg-weighing-granule-filling-equipment.jpg\" alt=\"Equipamento de enchimento de gr\u00e2nulos de pesagem de 5-50 kg\" class=\"wp-image-2499\" srcset=\"https:\/\/tianhuipackingmachine.com\/wp-content\/uploads\/2021\/09\/5-50kg-weighing-granule-filling-equipment.jpg 750w, https:\/\/tianhuipackingmachine.com\/wp-content\/uploads\/2021\/09\/5-50kg-weighing-granule-filling-equipment-300x200.jpg 300w\" sizes=\"auto, (max-width: 750px) 100vw, 750px\" \/><figcaption class=\"wp-element-caption\">Equipamento de enchimento de gr\u00e2nulos de pesagem 5-50Kg<\/figcaption><\/figure>    <h2 class=\"wp-block-heading\" id=\"h-features-benefits-of-5-50kg-granule-filling-equipment\">Recursos e benef\u00edcios do equipamento da m\u00e1quina de envase de gr\u00e2nulos de 5 a 50 kg<\/h2>    <ol class=\"wp-block-list\" type=\"1\"> <li>Design razo\u00e1vel, sistema de controle inteligente, v\u00e1rios idiomas opcionais, amplas aplica\u00e7\u00f5es<\/li>    <li>Funciona de forma est\u00e1vel, pesando com precis\u00e3o, operando convenientemente, selando (ou costurando) com firmeza<\/li>    <li>Melhore a efici\u00eancia da produ\u00e7\u00e3o, economizando m\u00e3o de obra e tempo de embalagem<\/li>    <li>O detector \u00e9 equipado na sa\u00edda de descarga para controlar o enchimento ou n\u00e3o.<\/li>    <li>Uma bra\u00e7adeira grande \u00e9 usada para prender a embalagem para enchimento.<\/li>    <li>Suporta o peso predefinido dos objetos da embalagem, preenchendo com rapidez e precis\u00e3o. \u00a0\u00a0\u00a0\u00a0<\/li>    <li>O servi\u00e7o de personaliza\u00e7\u00e3o est\u00e1 dispon\u00edvel.<\/li> <\/ol>    <figure class=\"wp-block-image aligncenter size-full\"><img loading=\"lazy\" decoding=\"async\" width=\"750\" height=\"500\" src=\"https:\/\/tianhuipackingmachine.com\/wp-content\/uploads\/2021\/09\/5-50kg-granule-filling-sealing-machine-with-a-material-elevator.jpg\" alt=\"M\u00e1quina de enchimento e selagem de gr\u00e2nulos de 5-50 kg com elevador de material\" class=\"wp-image-2500\" srcset=\"https:\/\/tianhuipackingmachine.com\/wp-content\/uploads\/2021\/09\/5-50kg-granule-filling-sealing-machine-with-a-material-elevator.jpg 750w, https:\/\/tianhuipackingmachine.com\/wp-content\/uploads\/2021\/09\/5-50kg-granule-filling-sealing-machine-with-a-material-elevator-300x200.jpg 300w\" sizes=\"auto, (max-width: 750px) 100vw, 750px\" \/><figcaption class=\"wp-element-caption\">Enchimento de gr\u00e2nulos de 5-50Kg e Amp; M\u00e1quina de selagem com elevador de material<\/figcaption><\/figure>    <h2 class=\"wp-block-heading\" id=\"h-wide-applications-in-food-and-non-food\">Amplas aplica\u00e7\u00f5es em alimentos e n\u00e3o alimentares<\/h2>    <p class=\"translation-block\">A m\u00e1quina de enchimento de granulados de 5-50 kg \u00e9 amplamente aplicada a v\u00e1rios tipos de granulados, como arroz, trigo, milho mi\u00fado, milho, amendoim, feij\u00e3o mungo, feij\u00e3o vermelho, soja, s\u00e9samo, trigo sarraceno, sementes de mel\u00e3o, t\u00e2maras vermelhas, malaguetas secas, nozes, cereais, frutos secos, ra\u00e7\u00e3o para gatos, ra\u00e7\u00e3o para c\u00e3es, fertilizantes qu\u00edmicos, e assim por diante. \u00c9 adequada para 5-50 kg por saco. Sacos de pl\u00e1stico e sacos de tecido s\u00e3o opcionais. Sacos de pl\u00e1stico utilizam a <strong><a href=\"https:\/\/tianhuipackingmachine.com\/pt\/continuous-bag-sealing-machine\/\">m\u00e1quina de selagem a quente<\/a><\/strong>, enquanto os sacos de tecido necessitam da m\u00e1quina de costura. <\/p>    <figure class=\"wp-block-image aligncenter size-full\"><img loading=\"lazy\" decoding=\"async\" width=\"750\" height=\"500\" src=\"https:\/\/tianhuipackingmachine.com\/wp-content\/uploads\/2021\/09\/various-grains.jpg\" alt=\"v\u00e1rios gr\u00e3os\" class=\"wp-image-2483\" srcset=\"https:\/\/tianhuipackingmachine.com\/wp-content\/uploads\/2021\/09\/various-grains.jpg 750w, https:\/\/tianhuipackingmachine.com\/wp-content\/uploads\/2021\/09\/various-grains-300x200.jpg 300w\" sizes=\"auto, (max-width: 750px) 100vw, 750px\" \/><figcaption class=\"wp-element-caption\">V\u00e1rios gr\u00e3os<\/figcaption><\/figure>    <h2 class=\"wp-block-heading\">como escolher a m\u00e1quina de envase de gr\u00e2nulos certa? <\/h2>    <p>Escolher a m\u00e1quina de envase de gr\u00e2nulos certa para suas necessidades espec\u00edficas pode ser uma tarefa dif\u00edcil. Aqui est\u00e3o alguns fatores a serem considerados ao selecionar uma m\u00e1quina de envase de gr\u00e2nulos:<\/p>    <ol class=\"wp-block-list\"> <li><strong>Volume de produ\u00e7\u00e3o:<\/strong> Considere quantos recipientes precisam ser enchidos por dia ou por hora. Isso ajudar\u00e1 a determinar a velocidade e o tamanho da m\u00e1quina necess\u00e1ria.<\/li>    <li><strong>Tipo de gr\u00e2nulos:<\/strong> Diferentes tipos de gr\u00e2nulos podem exigir diferentes t\u00e9cnicas de enchimento. Por exemplo, se os gr\u00e2nulos forem muito pequenos ou tiverem tend\u00eancia a aglomerar-se, um enchimento volum\u00e9trico pode ser mais adequado, enquanto gr\u00e2nulos maiores ou de formato irregular podem necessitar de um enchimento sem-fim.<\/li>    <li><strong>Tamanho e formato do cont\u00eainer:<\/strong> Considere o tamanho e o formato dos recipientes que ser\u00e3o enchidos. Algumas m\u00e1quinas podem ser mais adequadas para determinados formatos e tamanhos de recipientes.<\/li>    <li><strong>Exatid\u00e3o e precis\u00e3o:<\/strong> Considere o n\u00edvel de exatid\u00e3o e precis\u00e3o necess\u00e1rios para sua aplica\u00e7\u00e3o. Algumas m\u00e1quinas podem fornecer um enchimento mais preciso e preciso do que outras.<\/li>    <li><strong>Facilidade de uso e manuten\u00e7\u00e3o:<\/strong> Considere a facilidade de uso e manuten\u00e7\u00e3o da m\u00e1quina. Procure m\u00e1quinas que sejam f\u00e1ceis de operar e manter e que tenham pe\u00e7as sobressalentes prontamente dispon\u00edveis.<\/li>    <li><strong>Caracter\u00edsticas de seguran\u00e7a:<\/strong> Procure recursos de seguran\u00e7a, como paradas de emerg\u00eancia, prote\u00e7\u00f5es e sensores que protejam o operador.<\/li>    <li><strong>Qualidade do fabricante:<\/strong> \u00c9 importante escolher um fabricante respeit\u00e1vel e confi\u00e1vel, com um bom hist\u00f3rico de produ\u00e7\u00e3o de m\u00e1quinas de qualidade.<\/li>    <li><strong>Or\u00e7amento:<\/strong> \u00c9 claro que o or\u00e7amento tamb\u00e9m \u00e9 levado em considera\u00e7\u00e3o na escolha de uma m\u00e1quina envasadora de gr\u00e2nulos, por isso \u00e9 importante procurar uma m\u00e1quina que ofere\u00e7a o melhor valor para o seu investimento.<\/li> <\/ol>    <p>\u00c9 sempre recomend\u00e1vel consultar um representante do fabricante ou um profissional da \u00e1rea para garantir que voc\u00ea est\u00e1 fazendo a escolha certa para suas necessidades espec\u00edficas.<\/p>    <h2 class=\"wp-block-heading\" id=\"h-contact-us-for-more-information\">Contate-nos para mais detalhes \u00fateis <\/h2>    <p class=\"translation-block\">Como um dos fabricantes e fornecedores de m\u00e1quinas de enchimento de granulados, a Henan Top Packing Machinery Co., Ltd fornece v\u00e1rias <strong><a href=\"https:\/\/tianhuipackingmachine.com\/pt\/\">m\u00e1quinas de embalagem<\/a><\/strong>, m\u00e1quinas de enchimento, m\u00e1quinas de selagem, m\u00e1quinas de tampar, etc. Pode escolher os dispositivos adequados de acordo com as suas necessidades. <strong><a href=\"https:\/\/tianhuipackingmachine.com\/pt\/contact\/\">Contacte-nos<\/a><\/strong> para obter mais detalhes e n\u00f3s responder-lhe-emos o mais rapidamente poss\u00edvel.<\/p>","protected":false},"excerpt":{"rendered":"<p>Granule filling machine is equipped with a sealing device, mainly including two parts, the filling system, and a sealing system. The filling system adopts quantitative weighing, accurately and efficiently. It can preset the weight of packaging materials, which fills quickly. The sealing one refers to two sorts of machines, the sealing machine for plastic bags [&hellip;]<\/p>\n","protected":false},"author":1,"featured_media":2500,"parent":0,"template":"","tags":[162],"product-type":[141],"class_list":["post-2464","product","type-product","status-publish","has-post-thumbnail","hentry","tag-filling-machine","product-type-filling-machines"],"_links":{"self":[{"href":"https:\/\/tianhuipackingmachine.com\/pt\/wp-json\/wp\/v2\/product\/2464","targetHints":{"allow":["GET"]}}],"collection":[{"href":"https:\/\/tianhuipackingmachine.com\/pt\/wp-json\/wp\/v2\/product"}],"about":[{"href":"https:\/\/tianhuipackingmachine.com\/pt\/wp-json\/wp\/v2\/types\/product"}],"author":[{"embeddable":true,"href":"https:\/\/tianhuipackingmachine.com\/pt\/wp-json\/wp\/v2\/users\/1"}],"wp:featuredmedia":[{"embeddable":true,"href":"https:\/\/tianhuipackingmachine.com\/pt\/wp-json\/wp\/v2\/media\/2500"}],"wp:attachment":[{"href":"https:\/\/tianhuipackingmachine.com\/pt\/wp-json\/wp\/v2\/media?parent=2464"}],"wp:term":[{"taxonomy":"post_tag","embeddable":true,"href":"https:\/\/tianhuipackingmachine.com\/pt\/wp-json\/wp\/v2\/tags?post=2464"},{"taxonomy":"product-type","embeddable":true,"href":"https:\/\/tianhuipackingmachine.com\/pt\/wp-json\/wp\/v2\/product-type?post=2464"}],"curies":[{"name":"wp","href":"https:\/\/api.w.org\/{rel}","templated":true}]}}