{"id":2354,"date":"2021-08-31T16:27:02","date_gmt":"2021-08-31T08:27:02","guid":{"rendered":"https:\/\/tianhuipackingmachine.com\/?page_id=2354"},"modified":"2024-12-11T11:32:54","modified_gmt":"2024-12-11T03:32:54","slug":"reciprocating-pillow-packing-machine","status":"publish","type":"product","link":"https:\/\/tianhuipackingmachine.com\/pt\/reciprocating-pillow-packing-machine\/","title":{"rendered":"M\u00e1quina de embalagem de travesseiros alternativos"},"content":{"rendered":"<p class=\"translation-block\">Esta <strong>m\u00e1quina de embalagem de travesseiro reciprocante<\/strong> \u00e9 uma m\u00e1quina de embalagem de travesseiro totalmente servo para embrulhar biscoitos, p\u00e3o, etc. em um saco com fundo expandido. Possui uma velocidade de embalagem de 20-80 sacos\/min e a altura m\u00e1xima do produto \u00e9 de 10cm.<\/p>    <p>A embaladora tipo almofada utiliza uma correia para transportar os itens e \u00e9 complementada com uma capa protetora transparente, que \u00e9 mais segura no trabalho. Com sua alta efici\u00eancia, amplas aplica\u00e7\u00f5es e servi\u00e7o p\u00f3s-venda, esta m\u00e1quina \u00e9 popular na ind\u00fastria de embalagens. <\/p>    <p>Voc\u00ea est\u00e1 procurando uma m\u00e1quina de embalagem de fluxo horizontal? Se sim, entre em contato conosco para mais detalhes.<\/p>   <figure class=\"wp-block-embed-youtube wp-block-embed is-type-video is-provider-youtube wp-embed-aspect-16-9 wp-has-aspect-ratio\"><div class=\"lyte-wrapper\" title=\"M\u00e1quina de embalagem de fluxo alternativo para p\u00e3o, biscoito, sabonete, etc. com saco de refor\u00e7o #packingmachine\" style=\"width:853px;max-width:100%;margin:5px auto;\"><div class=\"lyMe\" id=\"WYL_gK-ot64b-Nc\" itemprop=\"video\" itemscope itemtype=\"https:\/\/schema.org\/VideoObject\"><div><meta itemprop=\"thumbnailUrl\" content=\"https:\/\/i.ytimg.com\/vi\/gK-ot64b-Nc\/hqdefault.jpg\" \/><meta itemprop=\"embedURL\" content=\"https:\/\/www.youtube.com\/embed\/gK-ot64b-Nc\" \/><meta itemprop=\"duration\" content=\"PT4M35S\" \/><meta itemprop=\"uploadDate\" content=\"2024-12-11T03:29:57Z\" \/><\/div><meta itemprop=\"accessibilityFeature\" content=\"captions\" \/><div id=\"lyte_gK-ot64b-Nc\" data-src=\"https:\/\/i.ytimg.com\/vi\/gK-ot64b-Nc\/hqdefault.jpg\" class=\"pL\"><div class=\"tC\"><div class=\"tT\" itemprop=\"name\">M\u00e1quina de embalagem de fluxo alternativo para p\u00e3o, biscoito, sabonete, etc. com saco de refor\u00e7o #packingmachine<\/div><\/div><div class=\"play\"><\/div><div class=\"ctrl\"><div class=\"Lctrl\"><\/div><div class=\"Rctrl\"><\/div><\/div><\/div><noscript><a href=\"https:\/\/youtu.be\/gK-ot64b-Nc\" rel=\"nofollow noopener\" target=\"_blank\"><img loading=\"lazy\" decoding=\"async\" src=\"https:\/\/i.ytimg.com\/vi\/gK-ot64b-Nc\/0.jpg\" alt=\"M\u00e1quina de embalagem de fluxo alternativo para p\u00e3o, biscoito, sabonete, etc. com saco de refor\u00e7o #packingmachine\" width=\"853\" height=\"460\" \/><\/a><\/noscript><meta itemprop=\"description\" content=\"#automaticpackagingequipment #pillowpackingmachine #flowwrappingmachine #packagingmachine #packagingsolution WhatsApp No.: https:\/\/wa.me\/+8613673689272 WeChat\/Tel No.:+8613673689272 Email: info@tianhuipackingmachine.com Website: https:\/\/tianhuipackingmachine.com\/reciprocating-pillow-packing-machine\/ Explore the versatility of the reciprocating pillow packaging machine, designed to handle a wide range of products with precision and efficiency. This flow wrap machine is perfect for packaging items like snacks, biscuits, vegetables, small tools, and more. Its user-friendly interface, high-speed performance, and durable structure make it ideal for businesses aiming to optimize their packaging process. Watch this video to see the machine in action and discover how it can elevate your production line. WhatsApp No.: https:\/\/wa.me\/+8613673689272 WeChat\/Tel No.:+8613673689272 Email: info@tianhuipackingmachine.com Website: https:\/\/tianhuipackingmachine.com\/reciprocating-pillow-packing-machine\/\"><\/div><\/div><div class=\"lL\" style=\"max-width:100%;width:853px;margin:5px auto;\"> <a href=\"https:\/\/youtu.be\/gK-ot64b-Nc\" target=\"_blank\" rel=\"noopener\">Assista a este v\u00eddeo no YouTube<\/a>.<\/div><figcaption>v\u00eddeo de m\u00e1quina de embalagem alternativa<\/figcaption><\/figure>   <h2 class=\"wp-block-heading\" id=\"h-features-benefits-of-reciprocating-pillow-packing-machine\"><strong>Vantagens da m\u00e1quina de embalagem de travesseiros alternativos<\/strong><\/h2>    <ul class=\"wp-block-list\"> <li>Ele usa um <strong>sistema servo completo<\/strong>, a correia transportadora servo \u00e9 sens\u00edvel ao comprimento do produto, vedando e cortando com precis\u00e3o.<\/li>    <li>A m\u00e1quina flow wrap \u00e9 <strong>controlado por CLP<\/strong>, definindo a velocidade da embalagem, comprimento do saco, etc., simples de operar.<\/li>    <li>Isto <strong>economiza tempo de embalagem e filme<\/strong> devido aos transdutores duplos avan\u00e7ados.<\/li>    <li>Esta m\u00e1quina de embalagem de travesseiros est\u00e1 equipada com o <strong>detector fotoel\u00e9trico para posicionamento preciso<\/strong>.<\/li>    <li>O <strong>dispositivo de veda\u00e7\u00e3o final com tampa de vidro<\/strong> foi concebido como uma precau\u00e7\u00e3o de seguran\u00e7a.<\/li>    <li>Sem facas presas, sem desperd\u00edcio de filme de embalagem, fun\u00e7\u00e3o de autodiagn\u00f3stico em caso de mau funcionamento.<\/li> <\/ul>    <figure class=\"wp-block-image size-large\"><img loading=\"lazy\" decoding=\"async\" width=\"667\" height=\"500\" src=\"https:\/\/tianhuipackingmachine.com\/wp-content\/uploads\/2021\/08\/quality-pillow-packaging-machine-667x500.webp\" alt=\"m\u00e1quina de embalagem de travesseiros de qualidade\" class=\"wp-image-8315\" srcset=\"https:\/\/tianhuipackingmachine.com\/wp-content\/uploads\/2021\/08\/quality-pillow-packaging-machine-667x500.webp 667w, https:\/\/tianhuipackingmachine.com\/wp-content\/uploads\/2021\/08\/quality-pillow-packaging-machine-480x360.webp 480w, https:\/\/tianhuipackingmachine.com\/wp-content\/uploads\/2021\/08\/quality-pillow-packaging-machine-16x12.webp 16w, https:\/\/tianhuipackingmachine.com\/wp-content\/uploads\/2021\/08\/quality-pillow-packaging-machine.webp 720w\" sizes=\"auto, (max-width: 667px) 100vw, 667px\" \/><figcaption class=\"wp-element-caption\">M\u00e1quina de embalagem de travesseiros de qualidade<\/figcaption><\/figure>    <h2 class=\"wp-block-heading has-black-color has-text-color\" id=\"h-reciprocating-pillow-packing-equipment-parameters\"><strong>Par\u00e2metros t\u00e9cnicos da m\u00e1quina autom\u00e1tica de embalagem de travesseiros alternativos<\/strong><\/h2>    <figure class=\"wp-block-table is-style-stripes\"><table><tbody><tr><td>Tipo<\/td><td>SL-450W<\/td><td>SL-600W<\/td><\/tr><tr><td>Largura do filme<\/td><td>M\u00e1x.450mm<\/td><td>M\u00e1x.600mm<\/td><\/tr><tr><td>Comprimento de fabrica\u00e7\u00e3o de sacolas<\/td><td>120-450 mm<\/td><td>120-450 mm<\/td><\/tr><tr><td>Largura de fabrica\u00e7\u00e3o de sacolas<\/td><td>50-160mm<\/td><td>50-200 mm<\/td><\/tr><tr><td>Altura de produ\u00e7\u00e3o<\/td><td>10-100 mm<\/td><td>10-100 mm<\/td><\/tr><tr><td>Velocidade de embalagem<\/td><td>20-80 sacos\/min<\/td><td>20-80 sacos\/min<\/td><\/tr><tr><td>Especifica\u00e7\u00e3o de energia<\/td><td>4,2 kW\/220 V, 50\/60 Hz<\/td><td>4,6 kW\/220 V, 50\/60 Hz<\/td><\/tr><tr><td>Dimens\u00e3o da m\u00e1quina<\/td><td>(C)4380*(L)870*(A)1500mm<\/td><td>(C)4380*(L)970*(A)1500mm<\/td><\/tr><tr><td>Peso bruto<\/td><td>800kg<\/td><td>900kg<\/td><\/tr><\/tbody><\/table><figcaption class=\"wp-element-caption\">dados t\u00e9cnicos da m\u00e1quina de embalagem tipo travesseiro alternativo<\/figcaption><\/figure>    <p>Como um fabricante profissional de m\u00e1quinas de embalagem, temos dois tipos de m\u00e1quinas de embalagem de almofadas alternativas para venda: SL-450W e SL-600W.SL-450W tem um comprimento de fabrica\u00e7\u00e3o de sacos de 120-450 mm e uma largura de 50-160 mm. SL-600W tem um comprimento de fabrica\u00e7\u00e3o de sacos de 120-450 mm e uma largura de 50-200 mm. Al\u00e9m disso, voc\u00ea pode saber a tens\u00e3o, pot\u00eancia, tamanho e peso da m\u00e1quina, etc. Consulte a tabela acima para obter informa\u00e7\u00f5es de par\u00e2metros espec\u00edficos.<\/p>    <figure class=\"wp-block-image size-full\"><img loading=\"lazy\" decoding=\"async\" width=\"720\" height=\"540\" src=\"https:\/\/tianhuipackingmachine.com\/wp-content\/uploads\/2021\/08\/reciprocating-flow-wrapping-machine-in-the-factory.webp\" alt=\"M\u00e1quina de embalagem de fluxo alternativa na f\u00e1brica\" class=\"wp-image-8313\" srcset=\"https:\/\/tianhuipackingmachine.com\/wp-content\/uploads\/2021\/08\/reciprocating-flow-wrapping-machine-in-the-factory.webp 720w, https:\/\/tianhuipackingmachine.com\/wp-content\/uploads\/2021\/08\/reciprocating-flow-wrapping-machine-in-the-factory-480x360.webp 480w, https:\/\/tianhuipackingmachine.com\/wp-content\/uploads\/2021\/08\/reciprocating-flow-wrapping-machine-in-the-factory-667x500.webp 667w, https:\/\/tianhuipackingmachine.com\/wp-content\/uploads\/2021\/08\/reciprocating-flow-wrapping-machine-in-the-factory-16x12.webp 16w\" sizes=\"auto, (max-width: 720px) 100vw, 720px\" \/><figcaption class=\"wp-element-caption\">M\u00e1quina de embalagem de fluxo alternativo na f\u00e1brica<\/figcaption><\/figure>    <h2 class=\"wp-block-heading\" id=\"h-reciprocating-pillow-packaging-equipment-structure\"><strong>Estrutura da m\u00e1quina de embalagem de fluxo alternativo<\/strong><\/h2>    <p>Nossa m\u00e1quina de embalagem de travesseiros alternativos consiste em correia transportadora, dispositivo de alimenta\u00e7\u00e3o de filme, fabricante de sacos, tela sens\u00edvel ao toque, dispositivo de selagem intermedi\u00e1ria, dispositivo de selagem e corte de extremidade e porta de descarga.<\/p>    <figure class=\"wp-block-image aligncenter size-full\"><img loading=\"lazy\" decoding=\"async\" width=\"750\" height=\"500\" src=\"https:\/\/tianhuipackingmachine.com\/wp-content\/uploads\/2021\/08\/reciprocating-pillow-packing-machine-structure.jpg\" alt=\"estrutura alternativa da m\u00e1quina de embalagem de travesseiros\" class=\"wp-image-2357\" srcset=\"https:\/\/tianhuipackingmachine.com\/wp-content\/uploads\/2021\/08\/reciprocating-pillow-packing-machine-structure.jpg 750w, https:\/\/tianhuipackingmachine.com\/wp-content\/uploads\/2021\/08\/reciprocating-pillow-packing-machine-structure-300x200.jpg 300w\" sizes=\"auto, (max-width: 750px) 100vw, 750px\" \/><figcaption class=\"wp-element-caption\">Estrutura da m\u00e1quina de embalagem de travesseiros alternativos<\/figcaption><\/figure>    <ul class=\"wp-block-list\"> <li><strong>Correia transportadora<\/strong>: servo um, sens\u00edvel ao comprimento dos objetos na correia, ben\u00e9fico para veda\u00e7\u00e3o e precis\u00e3o de corte.<\/li>    <li><strong>Tela sens\u00edvel ao toque<\/strong>: configurar a velocidade de embalagem, comprimento de fabrica\u00e7\u00e3o do saco, uso do idioma, etc.<\/li>    <li><strong>Eixo do rolo de filme multi-link<\/strong>: coordena a tra\u00e7\u00e3o do filme e torna o filme suave.<\/li>    <li><strong>Dispositivo de veda\u00e7\u00e3o e corte final<\/strong>: pode ser equipado com um dispositivo de refor\u00e7o para deixar uma bolsa com boa apar\u00eancia. Ao adicionar o dispositivo de refor\u00e7o, \u00e9 necess\u00e1rio o compressor de ar.<\/li> <\/ul>    <figure class=\"wp-block-gallery has-nested-images columns-default is-cropped wp-block-gallery-2 is-layout-flex wp-block-gallery-is-layout-flex\"> <figure class=\"wp-block-image size-large\"><img loading=\"lazy\" decoding=\"async\" width=\"667\" height=\"500\" data-id=\"8307\" src=\"https:\/\/tianhuipackingmachine.com\/wp-content\/uploads\/2021\/08\/touch-screen-667x500.webp\" alt=\"Tela de toque\" class=\"wp-image-8307\" srcset=\"https:\/\/tianhuipackingmachine.com\/wp-content\/uploads\/2021\/08\/touch-screen-667x500.webp 667w, https:\/\/tianhuipackingmachine.com\/wp-content\/uploads\/2021\/08\/touch-screen-480x360.webp 480w, https:\/\/tianhuipackingmachine.com\/wp-content\/uploads\/2021\/08\/touch-screen-16x12.webp 16w, https:\/\/tianhuipackingmachine.com\/wp-content\/uploads\/2021\/08\/touch-screen.webp 720w\" sizes=\"auto, (max-width: 667px) 100vw, 667px\" \/><figcaption class=\"wp-element-caption\">Tela sens\u00edvel ao toque<\/figcaption><\/figure>    <figure class=\"wp-block-image size-large\"><img loading=\"lazy\" decoding=\"async\" width=\"667\" height=\"500\" data-id=\"8308\" src=\"https:\/\/tianhuipackingmachine.com\/wp-content\/uploads\/2021\/08\/multi-link-film-roll-shaft-667x500.webp\" alt=\"eixo de rolo de filme com v\u00e1rias links\" class=\"wp-image-8308\" srcset=\"https:\/\/tianhuipackingmachine.com\/wp-content\/uploads\/2021\/08\/multi-link-film-roll-shaft-667x500.webp 667w, https:\/\/tianhuipackingmachine.com\/wp-content\/uploads\/2021\/08\/multi-link-film-roll-shaft-480x360.webp 480w, https:\/\/tianhuipackingmachine.com\/wp-content\/uploads\/2021\/08\/multi-link-film-roll-shaft-16x12.webp 16w, https:\/\/tianhuipackingmachine.com\/wp-content\/uploads\/2021\/08\/multi-link-film-roll-shaft.webp 720w\" sizes=\"auto, (max-width: 667px) 100vw, 667px\" \/><figcaption class=\"wp-element-caption\">Eixo de rolo de filme multi-link<\/figcaption><\/figure> <\/figure>    <h2 class=\"wp-block-heading\" id=\"h-reciprocating-pillow-packaging-machine-vs-ordinary-pillow-packaging-machine\"><strong>M\u00e1quina de embalagem de travesseiro alternativo VS m\u00e1quina de embalagem de travesseiro comum<\/strong><\/h2>    <p>Esta m\u00e1quina de embalagem pode ser descrita como uma vers\u00e3o atualizada da normal, com as seguintes diferen\u00e7as principais:<\/p>    <figure class=\"wp-block-table\"><table class=\"has-fixed-layout\"><tbody><tr><td>Tipo de m\u00e1quina<\/td><td>M\u00e1quina de embalagem de travesseiros alternativos<\/td><td>Ordin\u00e1rio <a href=\"https:\/\/tianhuipackingmachine.com\/pt\/pillow-packing-machine\/\">m\u00e1quina de embalagem de travesseiros<\/a><\/td><\/tr><tr><td>Transportador de alimenta\u00e7\u00e3o<\/td><td>Correia transportadora servo<\/td><td>Transportador de clipe de corrente<\/td><\/tr><tr><td>Cortador<\/td><td>Faca reta (cortador superior e inferior)<\/td><td>Cortador \u00fanico, cortador duplo, tr\u00eas cortadores opcionais<\/td><\/tr><tr><td>Esponja de exaust\u00e3o<\/td><td>Tr\u00eas lados com esponjas<\/td><td>Adi\u00e7\u00e3o extra<\/td><\/tr><tr><td>Dispositivo de saco de refor\u00e7o<\/td><td>Melhor escolha<\/td><td>Adi\u00e7\u00e3o extra<\/td><\/tr><tr><td>Dispositivo de prote\u00e7\u00e3o<\/td><td>Tampa de vidro no local do dispositivo de veda\u00e7\u00e3o e corte<\/td><td>N\u00e3o<\/td><\/tr><\/tbody><\/table><figcaption class=\"wp-element-caption\">compara\u00e7\u00e3o de diferentes m\u00e1quinas de embalagem de travesseiros horizontais<\/figcaption><\/figure>    <figure class=\"wp-block-gallery has-nested-images columns-default is-cropped wp-block-gallery-3 is-layout-flex wp-block-gallery-is-layout-flex\"> <figure class=\"wp-block-image size-large\"><img loading=\"lazy\" decoding=\"async\" width=\"667\" height=\"500\" data-id=\"8310\" src=\"https:\/\/tianhuipackingmachine.com\/wp-content\/uploads\/2021\/08\/cutter-for-reciprocating-pillow-packing-machine-667x500.webp\" alt=\"cortador para travesseiros rec\u00edprocos M\u00e1quina de embalagem\" class=\"wp-image-8310\" srcset=\"https:\/\/tianhuipackingmachine.com\/wp-content\/uploads\/2021\/08\/cutter-for-reciprocating-pillow-packing-machine-667x500.webp 667w, https:\/\/tianhuipackingmachine.com\/wp-content\/uploads\/2021\/08\/cutter-for-reciprocating-pillow-packing-machine-480x360.webp 480w, https:\/\/tianhuipackingmachine.com\/wp-content\/uploads\/2021\/08\/cutter-for-reciprocating-pillow-packing-machine-16x12.webp 16w, https:\/\/tianhuipackingmachine.com\/wp-content\/uploads\/2021\/08\/cutter-for-reciprocating-pillow-packing-machine.webp 720w\" sizes=\"auto, (max-width: 667px) 100vw, 667px\" \/><figcaption class=\"wp-element-caption\">Cortador para m\u00e1quina de embalagem de travesseiro alternativo<\/figcaption><\/figure>    <figure class=\"wp-block-image size-large\"><img loading=\"lazy\" decoding=\"async\" width=\"667\" height=\"500\" data-id=\"8311\" src=\"https:\/\/tianhuipackingmachine.com\/wp-content\/uploads\/2021\/08\/end-sealing-device-for-reciprocating-pillow-type-packing-machine-667x500.webp\" alt=\"Dispositivo de veda\u00e7\u00e3o final para a m\u00e1quina de embalagem do tipo travesseiro rec\u00edproco\" class=\"wp-image-8311\" srcset=\"https:\/\/tianhuipackingmachine.com\/wp-content\/uploads\/2021\/08\/end-sealing-device-for-reciprocating-pillow-type-packing-machine-667x500.webp 667w, https:\/\/tianhuipackingmachine.com\/wp-content\/uploads\/2021\/08\/end-sealing-device-for-reciprocating-pillow-type-packing-machine-480x360.webp 480w, https:\/\/tianhuipackingmachine.com\/wp-content\/uploads\/2021\/08\/end-sealing-device-for-reciprocating-pillow-type-packing-machine-16x12.webp 16w, https:\/\/tianhuipackingmachine.com\/wp-content\/uploads\/2021\/08\/end-sealing-device-for-reciprocating-pillow-type-packing-machine.webp 720w\" sizes=\"auto, (max-width: 667px) 100vw, 667px\" \/><figcaption class=\"wp-element-caption\">Dispositivo de veda\u00e7\u00e3o final para m\u00e1quina de embalagem tipo travesseiro alternativo<\/figcaption><\/figure> <\/figure>    <h2 class=\"wp-block-heading\" id=\"h-wide-applications-of-reciprocating-wrapping-machine\"><strong>Amplas aplica\u00e7\u00f5es de m\u00e1quina de embalagem de travesseiros alternativos<\/strong><\/h2>    <p>Nossa embaladora de fluxo alternativo aplica-se amplamente a objetos s\u00f3lidos com formatos regulares com ou sem caixa, como:<\/p>    <p class=\"translation-block\"><strong>P\u00e3o, biscoitos, bolo da lua, macarr\u00e3o instant\u00e2neo, vegetais, frutas, suprimentos descart\u00e1veis para hot\u00e9is, utens\u00edlios descart\u00e1veis, artigos m\u00e9dicos descart\u00e1veis, batas m\u00e9dicas, m\u00e1scaras, seringas descart\u00e1veis, toalhas, caixas de papel, bandejas, plasticina, borrachas, acess\u00f3rios el\u00e9tricos, instru\u00e7\u00f5es, produtos pl\u00e1sticos, sab\u00e3o, esponja, bola de limpeza, luvas de borracha, toalhas, ferramentas, marcenaria<\/strong>, etc.<\/p>    <p>Esses itens geralmente s\u00e3o embalados em uma bolsa de refor\u00e7o. Se quiser embalar alguns itens, entre em contato conosco e recomendaremos a m\u00e1quina mais adequada para voc\u00ea com base na sua situa\u00e7\u00e3o real.<\/p>    <figure class=\"wp-block-image size-full\"><img loading=\"lazy\" decoding=\"async\" width=\"750\" height=\"500\" src=\"https:\/\/tianhuipackingmachine.com\/wp-content\/uploads\/2021\/08\/reciprocating-pillow-packing-equipment-applications.jpg\" alt=\"aplica\u00e7\u00f5es de equipamentos alternativos de embalagem de travesseiros\" class=\"wp-image-2359\" srcset=\"https:\/\/tianhuipackingmachine.com\/wp-content\/uploads\/2021\/08\/reciprocating-pillow-packing-equipment-applications.jpg 750w, https:\/\/tianhuipackingmachine.com\/wp-content\/uploads\/2021\/08\/reciprocating-pillow-packing-equipment-applications-300x200.jpg 300w\" sizes=\"auto, (max-width: 750px) 100vw, 750px\" \/><figcaption class=\"wp-element-caption\">Aplica\u00e7\u00f5es de equipamentos de embalagem de travesseiros alternativos<\/figcaption><\/figure>    <h2 class=\"wp-block-heading\"><strong>Entre em contato conosco agora para mais detalhes!<\/strong><\/h2>    <p class=\"translation-block\">Quer uma m\u00e1quina de embalagem reciprocante para embalagem de itens com <a href=\"https:\/\/en.wikipedia.org\/wiki\/Gusset\" target=\"_blank\" rel=\"noopener\">fundo expandido<\/a>? Se sim, sinta-se \u00e0 vontade para nos contatar agora, e n\u00f3s forneceremos a melhor solu\u00e7\u00e3o para beneficiar seu neg\u00f3cio de embalagem.<\/p>   <figure class=\"wp-block-embed-youtube wp-block-embed is-type-video is-provider-youtube wp-embed-aspect-16-9 wp-has-aspect-ratio\"><div class=\"lyte-wrapper\" title=\"M\u00e1quina de embalagem de travesseiros alternativos | M\u00e1quina de embalagem de travesseiros\" style=\"width:853px;max-width:100%;margin:5px auto;\"><div class=\"lyMe\" id=\"WYL_Ojf_it2csts\" itemprop=\"video\" itemscope itemtype=\"https:\/\/schema.org\/VideoObject\"><div><meta itemprop=\"thumbnailUrl\" content=\"https:\/\/i.ytimg.com\/vi\/Ojf_it2csts\/hqdefault.jpg\" \/><meta itemprop=\"embedURL\" content=\"https:\/\/www.youtube.com\/embed\/Ojf_it2csts\" \/><meta itemprop=\"duration\" content=\"PT1M40S\" \/><meta itemprop=\"uploadDate\" content=\"2021-09-11T10:42:51Z\" \/><\/div><div id=\"lyte_Ojf_it2csts\" data-src=\"https:\/\/i.ytimg.com\/vi\/Ojf_it2csts\/hqdefault.jpg\" class=\"pL\"><div class=\"tC\"><div class=\"tT\" itemprop=\"name\">M\u00e1quina de embalagem de travesseiros alternativos | M\u00e1quina de embalagem de travesseiros<\/div><\/div><div class=\"play\"><\/div><div class=\"ctrl\"><div class=\"Lctrl\"><\/div><div class=\"Rctrl\"><\/div><\/div><\/div><noscript><a href=\"https:\/\/youtu.be\/Ojf_it2csts\" rel=\"nofollow noopener\" target=\"_blank\"><img loading=\"lazy\" decoding=\"async\" src=\"https:\/\/i.ytimg.com\/vi\/Ojf_it2csts\/0.jpg\" alt=\"M\u00e1quina de embalagem de travesseiros alternativos | M\u00e1quina de embalagem de travesseiros\" width=\"853\" height=\"460\" \/><\/a><\/noscript><meta itemprop=\"description\" content=\"Reciprocating pillow packing machine can be regarded as an upgraded pillow packing machine. It can complete the process of feeding, middle sealing, end sealing, and cutting. This kind of machine can package gusset bags with pretty shapes. It&#039;s suitable for packaging food, vegetable, fruit, disposable products, plasticine, stationery, electrical accessories, instructions, plastic products, medical products, laundry supplies, cleaning tools, etc. Email: sales@toppackingmachine.com Whatsapp\/Tel: +86 17329326135 Website: https:\/\/tianhuipackingmachine.com\/reciprocating-pillow-packing-machine\/\"><\/div><\/div><div class=\"lL\" style=\"max-width:100%;width:853px;margin:5px auto;\"> <a href=\"https:\/\/youtu.be\/Ojf_it2csts\" target=\"_blank\" rel=\"noopener\">Assista a este v\u00eddeo no YouTube<\/a>.<\/div><figcaption>v\u00eddeo da m\u00e1quina de embalagem tipo travesseiro alternativo<\/figcaption><\/figure>","protected":false},"excerpt":{"rendered":"<p>Esta m\u00e1quina de embalagem de travesseiros alternativos \u00e9 uma m\u00e1quina de embalagem de travesseiros totalmente servo para embalar biscoitos, p\u00e3o, etc.<\/p>","protected":false},"author":1,"featured_media":2356,"parent":0,"template":"","tags":[213],"product-type":[139],"class_list":["post-2354","product","type-product","status-publish","has-post-thumbnail","hentry","tag-flow-wrapping-machine","product-type-pillow-packing-machines"],"_links":{"self":[{"href":"https:\/\/tianhuipackingmachine.com\/pt\/wp-json\/wp\/v2\/product\/2354","targetHints":{"allow":["GET"]}}],"collection":[{"href":"https:\/\/tianhuipackingmachine.com\/pt\/wp-json\/wp\/v2\/product"}],"about":[{"href":"https:\/\/tianhuipackingmachine.com\/pt\/wp-json\/wp\/v2\/types\/product"}],"author":[{"embeddable":true,"href":"https:\/\/tianhuipackingmachine.com\/pt\/wp-json\/wp\/v2\/users\/1"}],"wp:featuredmedia":[{"embeddable":true,"href":"https:\/\/tianhuipackingmachine.com\/pt\/wp-json\/wp\/v2\/media\/2356"}],"wp:attachment":[{"href":"https:\/\/tianhuipackingmachine.com\/pt\/wp-json\/wp\/v2\/media?parent=2354"}],"wp:term":[{"taxonomy":"post_tag","embeddable":true,"href":"https:\/\/tianhuipackingmachine.com\/pt\/wp-json\/wp\/v2\/tags?post=2354"},{"taxonomy":"product-type","embeddable":true,"href":"https:\/\/tianhuipackingmachine.com\/pt\/wp-json\/wp\/v2\/product-type?post=2354"}],"curies":[{"name":"wp","href":"https:\/\/api.w.org\/{rel}","templated":true}]}}