{"id":2263,"date":"2021-08-26T10:15:34","date_gmt":"2021-08-26T02:15:34","guid":{"rendered":"https:\/\/tianhuipackingmachine.com\/?page_id=2263"},"modified":"2023-02-02T10:17:43","modified_gmt":"2023-02-02T02:17:43","slug":"carton-sealing-machine","status":"publish","type":"product","link":"https:\/\/tianhuipackingmachine.com\/pt\/carton-sealing-machine\/","title":{"rendered":"M\u00e1quina seladora de papel\u00e3o"},"content":{"rendered":"<p class=\"translation-block\"><strong>M\u00e1quina de selagem de carton<\/strong> ou m\u00e1quina de embalar caixas \u00e9 o equipamento para selar caixas de cart\u00e3o com fita. Aplica-se amplamente ao acondicionamento de v\u00e1rios tipos de objetos em cartolas, tais como alimentos, bebidas, vinhos, medicamentos, livros, m\u00f3veis, l\u00e2mpadas, especiarias, utens\u00edlios de cozinha, ferragens, trabalhos em madeira, qu\u00edmicos, roupas, cer\u00e2mica, tampas de vidro, etc. Possui dois m\u00e9todos de utiliza\u00e7\u00e3o, apenas usando uma \u00fanica m\u00e1quina, ou como uma parte da linha de produ\u00e7\u00e3o de embalagem de cartonagem. Esta m\u00e1quina \u00e9 geralmente associada \u00e0 m\u00e1quina de desempacotar, m\u00e1quina de rotulagem, dispositivo de codifica\u00e7\u00e3o, m\u00e1quina de embalagem com pel\u00edcula retr\u00e1til de calor, etc. <\/p>    <figure class=\"wp-block-gallery aligncenter has-nested-images columns-default is-cropped wp-block-gallery-2 is-layout-flex wp-block-gallery-is-layout-flex\"> <figure class=\"wp-block-image size-large\"><img loading=\"lazy\" decoding=\"async\" width=\"750\" height=\"500\" data-id=\"4742\" src=\"https:\/\/tianhuipackingmachine.com\/wp-content\/uploads\/2021\/12\/carton-sealing-machine-strapping-machine-750x500.jpg\" alt=\"m\u00e1quina seladora de papel\u00e3o e m\u00e1quina de cintar\" class=\"wp-image-4742\" srcset=\"https:\/\/tianhuipackingmachine.com\/wp-content\/uploads\/2021\/12\/carton-sealing-machine-strapping-machine.jpg 750w, https:\/\/tianhuipackingmachine.com\/wp-content\/uploads\/2021\/12\/carton-sealing-machine-strapping-machine-480x320.jpg 480w\" sizes=\"auto, (max-width: 750px) 100vw, 750px\" \/><figcaption class=\"wp-element-caption\">M\u00e1quina de selagem de papel\u00e3o &amp;Amp; M\u00e1quina de cintar<\/figcaption><\/figure>    <figure class=\"wp-block-image size-large\"><img loading=\"lazy\" decoding=\"async\" width=\"750\" height=\"500\" data-id=\"4750\" src=\"https:\/\/tianhuipackingmachine.com\/wp-content\/uploads\/2021\/12\/the-carton-sealing-strapping-machine-in-factory-750x500.jpg\" alt=\"a m\u00e1quina de selar e cintar caixas de papel\u00e3o na f\u00e1brica\" class=\"wp-image-4750\" srcset=\"https:\/\/tianhuipackingmachine.com\/wp-content\/uploads\/2021\/12\/the-carton-sealing-strapping-machine-in-factory.jpg 750w, https:\/\/tianhuipackingmachine.com\/wp-content\/uploads\/2021\/12\/the-carton-sealing-strapping-machine-in-factory-480x320.jpg 480w\" sizes=\"auto, (max-width: 750px) 100vw, 750px\" \/><figcaption class=\"wp-element-caption\">A embalagem &amp;Amp; M\u00e1quina de cintar na f\u00e1brica<\/figcaption><\/figure> <\/figure>    <h2 class=\"wp-block-heading\" id=\"h-carton-sealing-machine-structure\">Estrutura da m\u00e1quina seladora de papel\u00e3o<\/h2>    <p>A m\u00e1quina seladora de caixas consiste em uma plataforma transportadora com rolos girat\u00f3rios, correias transportadoras esquerda e direita, rolos de posicionamento de caixas, hastes manuais para ajustar a altura da plataforma transportadora e o dispositivo de veda\u00e7\u00e3o superior, uma longa placa de metal, uma estrutura de suporte com escala, interruptor liga \/ desliga, bot\u00e3o de emerg\u00eancia, quatro rodas na parte inferior da m\u00e1quina, etc. Os rolos girat\u00f3rios est\u00e3o dispostos de forma pr\u00f3xima, adequados para o transporte de v\u00e1rios tamanhos de caixas. As correias transportadoras esquerda e direita levam a caixa automaticamente para selagem. A altura e a largura da veda\u00e7\u00e3o podem ser ajust\u00e1veis \u200b\u200batrav\u00e9s de hastes manuais. A longa placa de metal achata a parte superior da caixa, vedando suavemente.<\/p>    <figure class=\"wp-block-gallery has-nested-images columns-default is-cropped wp-block-gallery-3 is-layout-flex wp-block-gallery-is-layout-flex\"> <figure class=\"wp-block-image size-large\"><img loading=\"lazy\" decoding=\"async\" width=\"750\" height=\"500\" data-id=\"4746\" src=\"https:\/\/tianhuipackingmachine.com\/wp-content\/uploads\/2021\/12\/double-belts-on-both-sides-750x500.jpg\" alt=\"cintos duplos em ambos os lados\" class=\"wp-image-4746\" srcset=\"https:\/\/tianhuipackingmachine.com\/wp-content\/uploads\/2021\/12\/double-belts-on-both-sides.jpg 750w, https:\/\/tianhuipackingmachine.com\/wp-content\/uploads\/2021\/12\/double-belts-on-both-sides-480x320.jpg 480w\" sizes=\"auto, (max-width: 750px) 100vw, 750px\" \/><figcaption class=\"wp-element-caption\">Cintos duplos em ambos os lados<\/figcaption><\/figure>    <figure class=\"wp-block-image size-large\"><img loading=\"lazy\" decoding=\"async\" width=\"750\" height=\"500\" data-id=\"4745\" src=\"https:\/\/tianhuipackingmachine.com\/wp-content\/uploads\/2021\/12\/tape-sealing-device-for-the-bottom-of-the-carton-750x500.jpg\" alt=\"dispositivo de veda\u00e7\u00e3o de fita para o fundo da caixa\" class=\"wp-image-4745\" srcset=\"https:\/\/tianhuipackingmachine.com\/wp-content\/uploads\/2021\/12\/tape-sealing-device-for-the-bottom-of-the-carton.jpg 750w, https:\/\/tianhuipackingmachine.com\/wp-content\/uploads\/2021\/12\/tape-sealing-device-for-the-bottom-of-the-carton-480x320.jpg 480w\" sizes=\"auto, (max-width: 750px) 100vw, 750px\" \/><figcaption class=\"wp-element-caption\">Dispositivo de veda\u00e7\u00e3o de fita para o fundo da caixa<\/figcaption><\/figure> <\/figure>    <h2 class=\"wp-block-heading\">V\u00eddeo de funcionamento da m\u00e1quina de embalagem de papel\u00e3o <\/h2>   <figure class=\"wp-block-embed-youtube wp-block-embed is-type-video is-provider-youtube wp-embed-aspect-16-9 wp-has-aspect-ratio\"><div class=\"lyte-wrapper\" title=\"M\u00e1quina para selar e cintar caixas de papel\u00e3o | Equipamento para selagem de caixas de fita | Aplicando V\u00e1rios Tamanhos\" style=\"width:853px;max-width:100%;margin:5px auto;\"><div class=\"lyMe\" id=\"WYL_49oUgXl1olI\" itemprop=\"video\" itemscope itemtype=\"https:\/\/schema.org\/VideoObject\"><div><meta itemprop=\"thumbnailUrl\" content=\"https:\/\/i.ytimg.com\/vi\/49oUgXl1olI\/hqdefault.jpg\" \/><meta itemprop=\"embedURL\" content=\"https:\/\/www.youtube.com\/embed\/49oUgXl1olI\" \/><meta itemprop=\"duration\" content=\"PT1M20S\" \/><meta itemprop=\"uploadDate\" content=\"2022-01-07T10:07:57Z\" \/><\/div><div id=\"lyte_49oUgXl1olI\" data-src=\"https:\/\/i.ytimg.com\/vi\/49oUgXl1olI\/hqdefault.jpg\" class=\"pL\"><div class=\"tC\"><div class=\"tT\" itemprop=\"name\">M\u00e1quina para selar e cintar caixas de papel\u00e3o | Equipamento para selagem de caixas de fita | Aplicando V\u00e1rios Tamanhos<\/div><\/div><div class=\"play\"><\/div><div class=\"ctrl\"><div class=\"Lctrl\"><\/div><div class=\"Rctrl\"><\/div><\/div><\/div><noscript><a href=\"https:\/\/youtu.be\/49oUgXl1olI\" rel=\"nofollow noopener\" target=\"_blank\"><img loading=\"lazy\" decoding=\"async\" src=\"https:\/\/i.ytimg.com\/vi\/49oUgXl1olI\/0.jpg\" alt=\"M\u00e1quina para selar e cintar caixas de papel\u00e3o | Equipamento para selagem de caixas de fita | Aplicando V\u00e1rios Tamanhos\" width=\"853\" height=\"460\" \/><\/a><\/noscript><meta itemprop=\"description\" content=\"If you are interested in it, welcome to contact us. https:\/\/tianhuipackingmachine.com\/carton-sealing-machine\/ Whatsapp\/Tel: +86 17329326135 Email: sales@toppackingmachine.com Carton sealing and strapping machine is a set of equipment for box tape sealing and strapping. The carton sealing machine can seal the bottom and top of the box at the same time. It has a wide range of applications in many industries, such as cookers, dishes, furniture, shampoo, wine, juice, etc. Whatsapp\/Tel: +86 17329326135 Email: sales@toppackingmachine.com\"><\/div><\/div><div class=\"lL\" style=\"max-width:100%;width:853px;margin:5px auto;\"> <a href=\"https:\/\/youtu.be\/49oUgXl1olI\" target=\"_blank\" rel=\"noopener\">Assista a este v\u00eddeo no YouTube<\/a>.<\/div><figcaption><\/figcaption><\/figure>   <h2 class=\"wp-block-heading\" id=\"h-features-of-the-carton-sealing-machine\">Caracter\u00edsticas da m\u00e1quina seladora de papel\u00e3o<\/h2>    <ol class=\"wp-block-list\" type=\"1\"> <li>Design razo\u00e1vel, material dur\u00e1vel, funcionando perfeitamente, funcionando de forma eficiente<\/li>    <li>A altura do transportador \u00e9 ajust\u00e1vel de acordo com suas necessidades<\/li>    <li>Amplas aplica\u00e7\u00f5es para diferentes tamanhos de caixas<\/li>    <li>Arranjo dos rolos pr\u00f3ximo, adequado para diferentes tamanhos de caixas, especialmente caixas pequenas<\/li>    <li>O componente para fixa\u00e7\u00e3o da fita \u00e9 remov\u00edvel e conveniente para substituir as fitas.<\/li>    <li>Conclua a opera\u00e7\u00e3o de veda\u00e7\u00e3o inferior e superior uma vez, sele com firmeza e suavidade com uma apar\u00eancia bonita<\/li>    <li>Um bot\u00e3o de emerg\u00eancia foi projetado como medida de seguran\u00e7a.<\/li>    <li>O servi\u00e7o de personaliza\u00e7\u00e3o est\u00e1 dispon\u00edvel.<\/li> <\/ol>    <figure class=\"wp-block-gallery has-nested-images columns-default is-cropped wp-block-gallery-4 is-layout-flex wp-block-gallery-is-layout-flex\"> <figure class=\"wp-block-image size-large\"><img loading=\"lazy\" decoding=\"async\" width=\"750\" height=\"500\" data-id=\"4749\" src=\"https:\/\/tianhuipackingmachine.com\/wp-content\/uploads\/2021\/12\/the-applicable-cartons-750x500.jpg\" alt=\"as caixas aplic\u00e1veis\" class=\"wp-image-4749\" srcset=\"https:\/\/tianhuipackingmachine.com\/wp-content\/uploads\/2021\/12\/the-applicable-cartons.jpg 750w, https:\/\/tianhuipackingmachine.com\/wp-content\/uploads\/2021\/12\/the-applicable-cartons-480x320.jpg 480w\" sizes=\"auto, (max-width: 750px) 100vw, 750px\" \/><figcaption class=\"wp-element-caption\">As caixas aplic\u00e1veis<\/figcaption><\/figure>    <figure class=\"wp-block-image size-large\"><img loading=\"lazy\" decoding=\"async\" width=\"750\" height=\"500\" data-id=\"4748\" src=\"https:\/\/tianhuipackingmachine.com\/wp-content\/uploads\/2021\/12\/various-applicable-sizes-of-cartons-750x500.jpg\" alt=\"v\u00e1rios tamanhos aplic\u00e1veis \u200b\u200bde caixas\" class=\"wp-image-4748\" srcset=\"https:\/\/tianhuipackingmachine.com\/wp-content\/uploads\/2021\/12\/various-applicable-sizes-of-cartons.jpg 750w, https:\/\/tianhuipackingmachine.com\/wp-content\/uploads\/2021\/12\/various-applicable-sizes-of-cartons-480x320.jpg 480w\" sizes=\"auto, (max-width: 750px) 100vw, 750px\" \/><figcaption class=\"wp-element-caption\">V\u00e1rios tamanhos aplic\u00e1veis \u200b\u200bde caixas<\/figcaption><\/figure> <\/figure>    <h2 class=\"wp-block-heading\" id=\"h-operation-procedure-of-the-single-machine\">Procedimento de opera\u00e7\u00e3o da \u00fanica m\u00e1quina<\/h2>    <ol class=\"wp-block-list\" type=\"1\"> <li>Instale as duas fitas adesivas nos dispositivos de veda\u00e7\u00e3o<\/li>    <li>Ajuste v\u00e1rios par\u00e2metros e ligue a m\u00e1quina<\/li>    <li>Abra as caixas de papel\u00e3o<\/li>    <li>Coloque objetos na caixa<\/li>    <li>Coloque a caixa na esteira<\/li>    <li>Empurre a caixa e o dispositivo de veda\u00e7\u00e3o<\/li>    <li>A m\u00e1quina ir\u00e1 colar a parte superior e inferior da caixa automaticamente.<\/li> <\/ol>    <h2 class=\"wp-block-heading\" id=\"h-various-machines-waiting-for-you\">V\u00e1rias m\u00e1quinas esperando por voc\u00ea<\/h2>    <p class=\"translation-block\">Como fabricante e fornecedor de m\u00e1quinas de embalagem, fornecemos muitas m\u00e1quinas de embalagem. A m\u00e1quina de fechar caixas \u00e9 um dos nossos produtos populares. Tamb\u00e9m fornecemos m\u00e1quinas de embalagem de p\u00f3, m\u00e1quinas de embalagem de gr\u00e2nulos, m\u00e1quinas de enchimento e embalagem de l\u00edquidos, m\u00e1quinas de embalagem a v\u00e1cuo, m\u00e1quinas de embalagem tipo almofada, m\u00e1quinas de tampar autom\u00e1ticas, m\u00e1quinas de tampar a v\u00e1cuo, <strong><a href=\"https:\/\/tianhuipackingmachine.com\/pt\/continuous-bag-sealing-machine\/\">m\u00e1quinas de fechar sacos cont\u00ednuas<\/a><\/strong>, etc. Est\u00e1 interessado nelas? Entre em contato connosco para obter mais detalhes e responderemos o mais breve poss\u00edvel. <\/p>    <h2 class=\"has-luminous-vivid-orange-color has-text-color wp-block-heading\" id=\"h-parameters\">Par\u00e2metros da m\u00e1quina de embalagem cartonada Henan Top<\/h2>    <figure class=\"wp-block-table is-style-stripes\"><table><tbody><tr><td>Tipo<\/td><td>FXJ-4030<\/td><td>FXJ-6050<\/td><\/tr><tr><td>Poder<\/td><td>220V\/50Hz\/180W<\/td><td>220V\/50Hz\/180W <\/td><\/tr><tr><td>Capacidade<\/td><td>1000 caixas\/h<\/td><td>1000 caixas\/h <\/td><\/tr><tr><td>Largura da fita<\/td><td>45mm<\/td><td>45mm <\/td><\/tr><tr><td>Largura de veda\u00e7\u00e3o<\/td><td>80-300 mm<\/td><td>250-500 mm <\/td><\/tr><tr><td>Altura de veda\u00e7\u00e3o<\/td><td>90-400mm<\/td><td>180-600mm <\/td><\/tr><tr><td>Altura da mesa<\/td><td>min550mm\/m\u00e1x730mm<\/td><td>min570mm\/m\u00e1x730mm <\/td><\/tr><tr><td>Tamanho da m\u00e1quina<\/td><td>1060*660*1010mm<\/td><td>1000*830*1350mm <\/td><\/tr><\/tbody><\/table><\/figure>    <h2 class=\"wp-block-heading\">M\u00e1quina seladora de papel\u00e3o totalmente autom\u00e1tica para venda<\/h2>    <p>As m\u00e1quinas seladoras de caixas totalmente autom\u00e1ticas s\u00e3o equipadas com sensores que detectam a presen\u00e7a de uma caixa e ajustam automaticamente as configura\u00e7\u00f5es da m\u00e1quina para corresponder ao tamanho e formato da caixa. A m\u00e1quina ent\u00e3o aplica fita sens\u00edvel \u00e0 press\u00e3o nas abas superior e\/ou inferior da caixa, selando-a com seguran\u00e7a. A velocidade e a efici\u00eancia da m\u00e1quina podem ser ajustadas para atender \u00e0s necessidades do usu\u00e1rio.<\/p>    <h2 class=\"wp-block-heading\">Conclus\u00e3o <\/h2>    <p>Concluindo, uma m\u00e1quina seladora de caixas de papel\u00e3o \u00e9 uma ferramenta valiosa para melhorar a efici\u00eancia e agilizar o processo de embalagem em diversos setores. Com sua capacidade de vedar caixas de forma r\u00e1pida e segura, ele pode reduzir significativamente o tempo e o trabalho manual necess\u00e1rios para a embalagem. Henan Top Packing Machinery \u00e9 um fabricante profissional de m\u00e1quinas de embalagem de caixas. Voc\u00ea est\u00e1 interessado nesta m\u00e1quina? Contate-nos para um or\u00e7amento r\u00e1pido. <\/p>","protected":false},"excerpt":{"rendered":"<p>Carton sealing machine or box packing machine is the equipment to seal cardboard boxes with tape. It widely applies to packing various kinds of objects into cartons, such as foods, beverages, wines, medicines, books, furniture, lamps, spices, kitchenware, hardware, woodwork, chemicals, clothes, ceramics, glass caps, etc. It has two methods of usage, just using a [&hellip;]<\/p>\n","protected":false},"author":1,"featured_media":4742,"parent":0,"template":"","tags":[182],"product-type":[144],"class_list":["post-2263","product","type-product","status-publish","has-post-thumbnail","hentry","tag-sealing-machine","product-type-supporting-equipment"],"_links":{"self":[{"href":"https:\/\/tianhuipackingmachine.com\/pt\/wp-json\/wp\/v2\/product\/2263","targetHints":{"allow":["GET"]}}],"collection":[{"href":"https:\/\/tianhuipackingmachine.com\/pt\/wp-json\/wp\/v2\/product"}],"about":[{"href":"https:\/\/tianhuipackingmachine.com\/pt\/wp-json\/wp\/v2\/types\/product"}],"author":[{"embeddable":true,"href":"https:\/\/tianhuipackingmachine.com\/pt\/wp-json\/wp\/v2\/users\/1"}],"wp:featuredmedia":[{"embeddable":true,"href":"https:\/\/tianhuipackingmachine.com\/pt\/wp-json\/wp\/v2\/media\/4742"}],"wp:attachment":[{"href":"https:\/\/tianhuipackingmachine.com\/pt\/wp-json\/wp\/v2\/media?parent=2263"}],"wp:term":[{"taxonomy":"post_tag","embeddable":true,"href":"https:\/\/tianhuipackingmachine.com\/pt\/wp-json\/wp\/v2\/tags?post=2263"},{"taxonomy":"product-type","embeddable":true,"href":"https:\/\/tianhuipackingmachine.com\/pt\/wp-json\/wp\/v2\/product-type?post=2263"}],"curies":[{"name":"wp","href":"https:\/\/api.w.org\/{rel}","templated":true}]}}