{"id":2241,"date":"2021-08-24T14:31:39","date_gmt":"2021-08-24T06:31:39","guid":{"rendered":"https:\/\/tianhuipackingmachine.com\/?page_id=2241"},"modified":"2022-12-08T14:11:07","modified_gmt":"2022-12-08T06:11:07","slug":"automatic-capping-machine","status":"publish","type":"product","link":"https:\/\/tianhuipackingmachine.com\/pt\/automatic-capping-machine\/","title":{"rendered":"M\u00e1quina tampadora autom\u00e1tica"},"content":{"rendered":"<p class=\"translation-block\"><strong>M\u00e1quina autom\u00e1tica de tampa\u00e7\u00e3o<\/strong> \u00e9 adequada para v\u00e1rias tampas pl\u00e1sticas circulares com roscas. \u00c9 amplamente aplic\u00e1vel a muitos alimentos, bebidas, artigos de uso di\u00e1rio, cosm\u00e9ticos, medicamentos, \u00f3leo, etc. O equipamento utiliza a\u00e7o inoxid\u00e1vel, que \u00e9 dur\u00e1vel e f\u00e1cil de manter. A m\u00e1quina autom\u00e1tica de tampa com quatro rodas de atrito gira e aperta tampas circulares atrav\u00e9s de um motor comum. A velocidade de tampa\u00e7\u00e3o \u00e9 ajust\u00e1vel com base na produ\u00e7\u00e3o. Al\u00e9m disso, apoiamos o servi\u00e7o de OEM de acordo com as suas exig\u00eancias.<\/p>    <figure class=\"wp-block-image aligncenter size-full\"><img loading=\"lazy\" decoding=\"async\" width=\"750\" height=\"500\" src=\"https:\/\/tianhuipackingmachine.com\/wp-content\/uploads\/2021\/08\/automatic-capping-machine-1.jpg\" alt=\"m\u00e1quina tampando autom\u00e1tica\" class=\"wp-image-2256\" srcset=\"https:\/\/tianhuipackingmachine.com\/wp-content\/uploads\/2021\/08\/automatic-capping-machine-1.jpg 750w, https:\/\/tianhuipackingmachine.com\/wp-content\/uploads\/2021\/08\/automatic-capping-machine-1-300x200.jpg 300w\" sizes=\"auto, (max-width: 750px) 100vw, 750px\" \/><figcaption class=\"wp-element-caption\">M\u00e1quina tampadora autom\u00e1tica<\/figcaption><\/figure>    <h2 class=\"wp-block-heading\">Par\u00e2metro da m\u00e1quina de nivelamento autom\u00e1tico<\/h2>    <figure class=\"wp-block-table is-style-stripes\"><table><tbody><tr><td>Poder<\/td><td>300W &nbsp;<\/td><\/tr><tr><td>Tens\u00e3o<\/td><td>CA220V\/50hz<\/td><\/tr><tr><td>Tamanhos aplic\u00e1veis \u200b\u200bde tampas<\/td><td>15 \u2013 70 mm \u00a0\u00a040-100 mm<\/td><\/tr><tr><td>Velocidade de limite<\/td><td>0 \u2013 40 garrafas\/min<\/td><\/tr><tr><td>Di\u00e2metro das garrafas<\/td><td>50 \u2013 280 mm<\/td><\/tr><tr><td>Press\u00e3o do ar<\/td><td>0,4 \u2013 0,6MPa<\/td><\/tr><tr><td>Peso<\/td><td>108kg<\/td><\/tr><tr><td>Dimens\u00e3o<\/td><td>3500*470*1600mm<\/td><\/tr><\/tbody><\/table><\/figure>    <h2 class=\"wp-block-heading\">Caracter\u00edsticas da m\u00e1quina tampadora autom\u00e1tica<\/h2>    <ol class=\"wp-block-list\" type=\"1\"> <li>Estrutura compacta, design razo\u00e1vel, espa\u00e7o pequeno ocupado, simples de operar<\/li>    <li>Funciona de forma est\u00e1vel, colocando as tampas automaticamente, apertando firmemente, travando a tampa com efici\u00eancia<\/li>    <li>\u00c9 equipado com uma tela sens\u00edvel ao toque que pode ajustar a velocidade de funcionamento da correia transportadora.<\/li>    <li>Muitos usos s\u00e3o opcionais: uso independente ou combina\u00e7\u00e3o com m\u00e1quina de envase, etiquetadora, impressora de data, etc.<\/li>    <li>O motor principal adota conversor de frequ\u00eancia exportado com a fun\u00e7\u00e3o de velocidade de ajuste sem grau.<\/li>    <li>O servi\u00e7o de personaliza\u00e7\u00e3o est\u00e1 dispon\u00edvel.<\/li> <\/ol>    <h2 class=\"wp-block-heading\">Amplas aplica\u00e7\u00f5es de tampador de parafuso autom\u00e1tico<\/h2>    <p class=\"translation-block\">A m\u00e1quina autom\u00e1tica de tampa\u00e7\u00e3o \u00e9 normalmente utilizada para v\u00e1rias garrafas com tampas pl\u00e1sticas circulares, amplamente aplicada a doces, snacks, \u00e1gua, sumo, leite, iogurte, mel, \u00f3leo, detergente l\u00edquido, sanitizante, champ\u00f4, cosm\u00e9ticos, medicamentos, pesticidas, etc. Tamb\u00e9m pode ser combinada com m\u00e1quina de enchimento e m\u00e1quina de etiquetagem para compor a linha de produ\u00e7\u00e3o. Quer saber mais detalhes? <strong><a href=\"https:\/\/tianhuipackingmachine.com\/pt\/contact\/\">Entre em contacto connosco<\/a><\/strong> e responderemos assim que poss\u00edvel.<\/p>    <figure class=\"wp-block-image aligncenter size-full\"><img loading=\"lazy\" decoding=\"async\" width=\"750\" height=\"500\" src=\"https:\/\/tianhuipackingmachine.com\/wp-content\/uploads\/2021\/09\/applications-of-automatic-capping-equipment.jpg\" alt=\"aplica\u00e7\u00f5es de equipamento de nivelamento autom\u00e1tico\" class=\"wp-image-2862\" srcset=\"https:\/\/tianhuipackingmachine.com\/wp-content\/uploads\/2021\/09\/applications-of-automatic-capping-equipment.jpg 750w, https:\/\/tianhuipackingmachine.com\/wp-content\/uploads\/2021\/09\/applications-of-automatic-capping-equipment-300x200.jpg 300w\" sizes=\"auto, (max-width: 750px) 100vw, 750px\" \/><figcaption class=\"wp-element-caption\">Aplica\u00e7\u00f5es de equipamento de nivelamento autom\u00e1tico<\/figcaption><\/figure>    <h2 class=\"wp-block-heading\">Estrutura da m\u00e1quina tampadora autom\u00e1tica<\/h2>    <p>O equipamento de nivelamento consiste em tela sens\u00edvel ao toque, correia transportadora com defletor, motor comum, motor de passo, quatro rodas de fric\u00e7\u00e3o, tampa de press\u00e3o larga, roda de ajuste de altura da roda de fric\u00e7\u00e3o, correia transportadora lateral, roda de ajuste de altura para coloca\u00e7\u00e3o de garrafas, correia transportadora larga roda de ajuste para coloca\u00e7\u00e3o de correia transportadora de garrafas, etc. Seu corpo \u00e9 feito de a\u00e7o inoxid\u00e1vel.<\/p>    <h2 class=\"wp-block-heading\">Alguns detalhes do equipamento de nivelamento <\/h2>    <ul class=\"wp-block-list\"> <li><strong>Rodas de fric\u00e7\u00e3o<\/strong><\/li> <\/ul>    <p>A tampa \u00e9 firmemente aparafusada pelas rodas de fric\u00e7\u00e3o sob o controle do motor. As rodas de fric\u00e7\u00e3o de quatro mand\u00edbulas prendem e giram a tampa pl\u00e1stica de rosca quando o detector verifica se h\u00e1 tampa na garrafa.<\/p>    <ul class=\"wp-block-list\"> <li><strong>Olho fotoel\u00e9trico<\/strong><\/li> <\/ul>    <p>O olho fotoel\u00e9trico \u00e9 usado para detectar a garrafa. Ao detectar a garrafa, as rodas de fric\u00e7\u00e3o come\u00e7ar\u00e3o a funcionar.<\/p>    <ul class=\"wp-block-list\"> <li><strong>Pressione o widget de limite<\/strong><\/li> <\/ul>    <p>Um pequeno widget nas rodas de fric\u00e7\u00e3o de quatro mand\u00edbulas pode pressionar a tampa da garrafa para evitar que a garrafa escorregue durante o processo de rosqueamento. Portanto o equipamento \u00e9 adequado para garrafas mais duras.<\/p>    <ul class=\"wp-block-list\"> <li><strong>Correia transportadora e motor<\/strong><\/li> <\/ul>    <p>A correia transportadora se move atrav\u00e9s do acionamento do motor, e est\u00e1 dispon\u00edvel servi\u00e7o de customiza\u00e7\u00e3o da correia transportadora de acordo com o tamanho das garrafas ou latas.<\/p>    <ul class=\"wp-block-list\"> <li>Roda de ajuste de altura da roda de fric\u00e7\u00e3o<\/li> <\/ul>    <p>A roda de ajuste de altura da roda de fric\u00e7\u00e3o pode ajustar a altura da roda de fric\u00e7\u00e3o de quatro mand\u00edbulas com base na altura da boca da garrafa.<\/p>    <ul class=\"wp-block-list\"> <li><strong>Correia transportadora lateral e dispositivo de ajuste<\/strong><\/li> <\/ul>    <p>A correia transportadora lateral \u00e9 acionada por um motor de passo, que pode alimentar com precis\u00e3o as garrafas sob a roda helicoidal de quatro mand\u00edbulas. A roda de ajuste de largura da correia transportadora de garrafas pode ajustar a largura do defletor lateral para facilitar a fixa\u00e7\u00e3o da garrafa a ser parafusada. A roda de ajuste de altura da correia transportadora pode ajustar a altura da correia transportadora lateral.<\/p>    <ul class=\"wp-block-list\"> <li><strong>Tela sens\u00edvel ao toque<\/strong><\/li> <\/ul>    <p>A tela sens\u00edvel ao toque pode configurar a velocidade de opera\u00e7\u00e3o da correia transportadora, a dura\u00e7\u00e3o da tampagem e a dist\u00e2ncia de opera\u00e7\u00e3o da correia transportadora lateral.<\/p>","protected":false},"excerpt":{"rendered":"<p>Automatic capping machine is suitable for various plastic round caps with screw threads. It widely applies to many foods, beverages, daily necessities, cosmetics, medicines, oil, etc. The equipment adopts stainless steel, which is durable and convenient for maintenance. The automatic capping machine with four frictional wheels rotates and tightens round caps through ordinary motor. The [&hellip;]<\/p>\n","protected":false},"author":1,"featured_media":2256,"parent":0,"template":"","tags":[168],"product-type":[144],"class_list":["post-2241","product","type-product","status-publish","has-post-thumbnail","hentry","tag-capping-machine","product-type-supporting-equipment"],"_links":{"self":[{"href":"https:\/\/tianhuipackingmachine.com\/pt\/wp-json\/wp\/v2\/product\/2241","targetHints":{"allow":["GET"]}}],"collection":[{"href":"https:\/\/tianhuipackingmachine.com\/pt\/wp-json\/wp\/v2\/product"}],"about":[{"href":"https:\/\/tianhuipackingmachine.com\/pt\/wp-json\/wp\/v2\/types\/product"}],"author":[{"embeddable":true,"href":"https:\/\/tianhuipackingmachine.com\/pt\/wp-json\/wp\/v2\/users\/1"}],"wp:featuredmedia":[{"embeddable":true,"href":"https:\/\/tianhuipackingmachine.com\/pt\/wp-json\/wp\/v2\/media\/2256"}],"wp:attachment":[{"href":"https:\/\/tianhuipackingmachine.com\/pt\/wp-json\/wp\/v2\/media?parent=2241"}],"wp:term":[{"taxonomy":"post_tag","embeddable":true,"href":"https:\/\/tianhuipackingmachine.com\/pt\/wp-json\/wp\/v2\/tags?post=2241"},{"taxonomy":"product-type","embeddable":true,"href":"https:\/\/tianhuipackingmachine.com\/pt\/wp-json\/wp\/v2\/product-type?post=2241"}],"curies":[{"name":"wp","href":"https:\/\/api.w.org\/{rel}","templated":true}]}}