{"id":2114,"date":"2021-08-10T10:41:22","date_gmt":"2021-08-10T02:41:22","guid":{"rendered":"https:\/\/tianhuipackingmachine.com\/?page_id=2114"},"modified":"2024-03-11T17:35:48","modified_gmt":"2024-03-11T09:35:48","slug":"semi-automatic-round-bottle-labeling-machine","status":"publish","type":"product","link":"https:\/\/tianhuipackingmachine.com\/pt\/semi-automatic-round-bottle-labeling-machine\/","title":{"rendered":"M\u00e1quina rotuladora semiautom\u00e1tica de garrafas redondas"},"content":{"rendered":"<p class=\"translation-block\"><strong>Semi automatic round bottle labeling machine<\/strong>, tamb\u00e9m chamada de m\u00e1quina de rotulagem manual de garrafa redonda, \u00e9 um tipo de m\u00e1quina de rotulagem semiautom\u00e1tica. Ocupa pouco espa\u00e7o, adequada para v\u00e1rias garrafas redondas e latas. Este rotulador semiautom\u00e1tico pode ser aplicado a alimentos, bebidas, leite, sumos, molhos, medicamentos, produtos de uso di\u00e1rio, cosm\u00e9ticos, medicina, etc. Durante o processo de utiliza\u00e7\u00e3o, pode satisfazer diferentes tamanhos de garrafa redonda e n\u00e3o precisa de alterar nenhuma pe\u00e7a. Al\u00e9m disso, tamb\u00e9m fornecemos m\u00e1quina autom\u00e1tica de rotulagem de garrafas redondas, m\u00e1quina de rotulagem de garrafas quadradas, etc. Al\u00e9m disso, o servi\u00e7o de personaliza\u00e7\u00e3o est\u00e1 dispon\u00edvel de acordo com os seus requisitos.<\/p>    <div class=\"wp-block-columns is-layout-flex wp-container-core-columns-is-layout-28f84493 wp-block-columns-is-layout-flex\"> <div class=\"wp-block-column is-layout-flow wp-block-column-is-layout-flow\"> <figure class=\"wp-block-image aligncenter size-full\"><img loading=\"lazy\" decoding=\"async\" width=\"750\" height=\"500\" src=\"https:\/\/tianhuipackingmachine.com\/wp-content\/uploads\/2021\/08\/semi-automatic-round-bottle-labeler-1.jpg\" alt=\"etiquetadora semiautom\u00e1tica de garrafas redondas\" class=\"wp-image-2118\" srcset=\"https:\/\/tianhuipackingmachine.com\/wp-content\/uploads\/2021\/08\/semi-automatic-round-bottle-labeler-1.jpg 750w, https:\/\/tianhuipackingmachine.com\/wp-content\/uploads\/2021\/08\/semi-automatic-round-bottle-labeler-1-300x200.jpg 300w\" sizes=\"auto, (max-width: 750px) 100vw, 750px\" \/><figcaption>Rotuladora semiautom\u00e1tica de garrafas redondas<\/figcaption><\/figure> <\/div> <\/div>    <h2 class=\"has-text-color wp-block-heading\" id=\"h-semi-automatic-round-bottle-labeling-machine-parameters\" style=\"color:#ff5200\">Par\u00e2metros da m\u00e1quina de rotulagem semiautom\u00e1tica de garrafas redondas<\/h2>    <figure class=\"wp-block-table is-style-stripes\"><table><tbody><tr><td>Modelo<\/td><td>TZ-100<\/td><\/tr><tr><td>Poder<\/td><td>100 W<\/td><\/tr><tr><td>Di\u00e2metro da garrafa<\/td><td>15-120mm<\/td><\/tr><tr><td>Velocidade da etiqueta<\/td><td>20-40 garrafas\/min<\/td><\/tr><tr><td>Tamanho da etiqueta<\/td><td>W26L25-W150L300<\/td><\/tr><tr><td>O di\u00e2metro interno do rolo de etiquetas<\/td><td>75mm<\/td><\/tr><tr><td>Di\u00e2metro externo do rolo de etiqueta<\/td><td>275 mm<\/td><\/tr><tr><td>Tamanho da m\u00e1quina<\/td><td>650*345*450mm<\/td><\/tr><\/tbody><\/table><\/figure>    <h2 class=\"wp-block-heading\" id=\"h-features-of-semi-automatic-round-bottle-labeling-machine\">Caracter\u00edsticas da etiquetadora semiautom\u00e1tica de garrafas redondas<\/h2>    <ol class=\"wp-block-list\" type=\"1\"><li>Estrutura simples, design razo\u00e1vel, f\u00e1cil de instalar, operar e manter;<\/li><li>Trabalhe de forma est\u00e1vel, baixo ru\u00eddo, pre\u00e7o acess\u00edvel, ampla aplica\u00e7\u00e3o;<\/li><li>\u00c9 equipado com sensor fotoel\u00e9trico avan\u00e7ado, altamente inteligente para etiquetagem.<\/li><li>O corpo da etiquetadora \u00e9 feito de liga de alum\u00ednio que possui caracter\u00edsticas de leveza e boas propriedades de fundi\u00e7\u00e3o.<\/li><li>Satisfazer ao m\u00e1ximo as especifica\u00e7\u00f5es das necessidades de garrafas redondas.<\/li><li>A etiquetadora de garrafas semiautom\u00e1tica\u00a0adota rolos de borracha de alta qualidade com \u00f3tima transmiss\u00e3o.<\/li><li>O pre\u00e7o da etiquetadora semiautom\u00e1tica \u00e9 inferior ao da etiquetadora autom\u00e1tica.<\/li><li>A fonte de alimenta\u00e7\u00e3o est\u00e1 equipada com fun\u00e7\u00e3o de prote\u00e7\u00e3o contra sobrecorrente. Se exceder a faixa normal de uso, o fus\u00edvel queimar\u00e1 automaticamente para proteger a m\u00e1quina.<\/li><\/ol>    <h2 class=\"wp-block-heading\" id=\"h-various-applications-of-semi-automatic-labeling-machine-for-round-bottle\">V\u00e1rias aplica\u00e7\u00f5es de etiquetadora semiautom\u00e1tica para garrafas redondas<\/h2>    <p>A etiquetadora semiautom\u00e1tica \u00e9 adequada para v\u00e1rias garrafas ou latas redondas, n\u00e3o importa se o material da garrafa seja pl\u00e1stico, vidro ou metal, etc. Ela pode ser aplicada a garrafas ou latas de bebidas, suco, \u00e1gua, leite, \u00f3leo, molhos, temperos, pimenta em p\u00f3, salgadinhos, doces, biscoitos, salgadinhos, pipoca, frutas secas, produtos de uso di\u00e1rio, cosm\u00e9ticos, rem\u00e9dios, etc. O r\u00f3tulo pode cobrir o frasco em c\u00edrculo ou n\u00e3o. O comprimento da etiqueta depende das suas necessidades. Voc\u00ea tamb\u00e9m pode colar o r\u00f3tulo em uma parte da garrafa. <\/p>    <figure class=\"wp-block-image aligncenter size-full\"><img loading=\"lazy\" decoding=\"async\" width=\"750\" height=\"500\" src=\"https:\/\/tianhuipackingmachine.com\/wp-content\/uploads\/2021\/08\/applications-of-semi-automatic-round-bottle-labeler.jpg\" alt=\"aplica\u00e7\u00f5es de etiquetadora semiautom\u00e1tica de garrafas redondas\" class=\"wp-image-2120\" srcset=\"https:\/\/tianhuipackingmachine.com\/wp-content\/uploads\/2021\/08\/applications-of-semi-automatic-round-bottle-labeler.jpg 750w, https:\/\/tianhuipackingmachine.com\/wp-content\/uploads\/2021\/08\/applications-of-semi-automatic-round-bottle-labeler-300x200.jpg 300w\" sizes=\"auto, (max-width: 750px) 100vw, 750px\" \/><figcaption>Aplica\u00e7\u00f5es de etiquetadora semiautom\u00e1tica de garrafas redondas<\/figcaption><\/figure>    <h2 class=\"wp-block-heading\" id=\"h-structures-manual-round-bottle-labeling-machine\">Estrutura a etiquetadora manual de garrafas redondas<\/h2>    <p class=\"translation-block\">A m\u00e1quina de rotulagem de garrafas redondas semi-autom\u00e1tica \u00e9 constitu\u00edda principalmente por um motor, corpo de liga de alum\u00ednio electropla\u00e7ada, bandeja de fornecimento de papel, parafuso de ajuste da bandeja, sensor de alta qualidade, fibra \u00f3tica, bra\u00e7o oscilante de press\u00e3o da garrafa, rolete de suporte da garrafa, etc. O peso de liga de alum\u00ednio electropla\u00e7ada \u00e9 leve e tem boa propriedade de fundi\u00e7\u00e3o. A bandeja de fornecimento de papel com parafuso de ajuste serve para fixar o r\u00f3tulo para que funcione facilmente. O sensor de alta qualidade \u00e9 sens\u00edvel para detectar o r\u00f3tulo. A fibra \u00f3tica posiciona com precis\u00e3o. O bra\u00e7o oscilante de press\u00e3o da garrafa \u00e9 conveniente para colocar a garrafa ou lata no rolete de suporte de modo a rotular de forma limpa e lisa durante o r\u00f3tulo. Se quiser obter mais detalhes, pode <strong><a href=\"https:\/\/tianhuipackingmachine.com\/pt\/contact\/\">entrar em contacto connosco<\/a><\/strong> e responderemos assim que poss\u00edvel.<\/p>    <figure class=\"wp-block-image aligncenter size-full\"><img loading=\"lazy\" decoding=\"async\" width=\"750\" height=\"500\" src=\"https:\/\/tianhuipackingmachine.com\/wp-content\/uploads\/2021\/08\/the-structure-of-manual-round-bottle-labeler.jpg\" alt=\"a estrutura do rotulador manual de garrafas redondas\" class=\"wp-image-2119\" srcset=\"https:\/\/tianhuipackingmachine.com\/wp-content\/uploads\/2021\/08\/the-structure-of-manual-round-bottle-labeler.jpg 750w, https:\/\/tianhuipackingmachine.com\/wp-content\/uploads\/2021\/08\/the-structure-of-manual-round-bottle-labeler-300x200.jpg 300w\" sizes=\"auto, (max-width: 750px) 100vw, 750px\" \/><figcaption>A estrutura do rotulador manual de garrafas redondas<\/figcaption><\/figure>    <h2 class=\"wp-block-heading\" id=\"h-operation-procedures\">Procedimentos de opera\u00e7\u00e3o<\/h2>    <ol class=\"wp-block-list\" type=\"1\"><li>Certifique-se de que todas as pe\u00e7as da m\u00e1quina estejam bem instaladas.<\/li><li>Coloque a garrafa manualmente nos rolos de suporte.<\/li><li>Pressionar o bra\u00e7o oscilante da garrafa manualmente para fix\u00e1-la acionar\u00e1 a troca de rotulagem.<\/li><li>A garrafa e a bandeja de fornecimento de papel giram para completar a rotulagem da garrafa.<\/li><li>Levante o bra\u00e7o oscilante da garrafa e o processo de rotulagem estar\u00e1 conclu\u00eddo.<\/li><\/ol>    <h2 class=\"wp-block-heading\" id=\"h-faqs-about-semi-automatic-round-bottle-labeling-machine\">Perguntas frequentes sobre a etiquetadora semiautom\u00e1tica de garrafas redondas<\/h2>    <ul class=\"wp-block-list\"><li>Q1: A que tipos de garrafas a etiquetadora pode se aplicar?<\/li><li>A1: Garrafa redonda de pl\u00e1stico, garrafa redonda de vidro, garrafa redonda de metal, etc.<\/li><li>Q2: Quantas garrafas podem ser rotuladas em um minuto?<\/li><li>A2: Depende da velocidade manual e do comprimento da etiqueta.<\/li><li>Q3: Quais tamanhos de garrafas podem ser usados?<\/li><li>A3: A etiquetadora pode utilizar para garrafas cujo di\u00e2metro seja superior a 3,5 cm. Se a sua garrafa for menor que 3,5 cm de di\u00e2metro, a etiquetadora horizontal \u00e9 uma boa escolha.<\/li><\/ul>    <h2 class=\"wp-block-heading\" id=\"h-related-machines\">M\u00e1quinas relacionadas<\/h2>    <p class=\"translation-block\">Como fabricante e fornecedora de m\u00e1quinas de embalagem, <strong><a href=\"https:\/\/tianhuipackingmachine.com\/pt\/\">Henan Top Packing Machinery Co., Ltd<\/a><\/strong>, fornece uma variedade de m\u00e1quinas relacionadas com embalagens para uma linha de produ\u00e7\u00e3o. Por exemplo, existem m\u00e1quinas de embalagem, <strong><a href=\"https:\/\/tianhuipackingmachine.com\/pt\/automatic-round-bottle-labeling-machine-sale\/\">m\u00e1quinas de rotulagem<\/a><\/strong>, m\u00e1quinas de enchimento, <strong><a href=\"https:\/\/tianhuipackingmachine.com\/pt\/vacuum-capping-machines\/\">m\u00e1quinas de tampa de rosca<\/a><\/strong>, impressoras de data, <strong><a href=\"https:\/\/tianhuipackingmachine.com\/pt\/continuous-bag-sealing-machine\/\">m\u00e1quinas de vedagem cont\u00ednua<\/a><\/strong>, dispositivos de transporte de carregamento, correias transportadoras, dispositivos de enchimento de nitrog\u00eanio, etc. Pode escolher e comprar de acordo com as suas necessidades. Se pretender obter mais informa\u00e7\u00f5es, contacte-nos e responderemos assim que poss\u00edvel. Aguardamos o seu e-mail, mensagem ou telefone.<\/p>","protected":false},"excerpt":{"rendered":"<p>Semi automatic round bottle labeling machine, also called manual round bottle labeling machine, is a kind of semi-automatic labeling machine. It\u2019s occupied with small space, suitable various round bottles and cans. This semi-automatic labeler\u00a0can apply to food, beverage, milk, juice, sauces, medicine, daily use products, cosmetics, medicine, etc. During the process of using, it can [&hellip;]<\/p>\n","protected":false},"author":1,"featured_media":2118,"parent":0,"template":"","tags":[172],"product-type":[144],"class_list":["post-2114","product","type-product","status-publish","has-post-thumbnail","hentry","tag-labeling-machine","product-type-supporting-equipment"],"_links":{"self":[{"href":"https:\/\/tianhuipackingmachine.com\/pt\/wp-json\/wp\/v2\/product\/2114","targetHints":{"allow":["GET"]}}],"collection":[{"href":"https:\/\/tianhuipackingmachine.com\/pt\/wp-json\/wp\/v2\/product"}],"about":[{"href":"https:\/\/tianhuipackingmachine.com\/pt\/wp-json\/wp\/v2\/types\/product"}],"author":[{"embeddable":true,"href":"https:\/\/tianhuipackingmachine.com\/pt\/wp-json\/wp\/v2\/users\/1"}],"wp:featuredmedia":[{"embeddable":true,"href":"https:\/\/tianhuipackingmachine.com\/pt\/wp-json\/wp\/v2\/media\/2118"}],"wp:attachment":[{"href":"https:\/\/tianhuipackingmachine.com\/pt\/wp-json\/wp\/v2\/media?parent=2114"}],"wp:term":[{"taxonomy":"post_tag","embeddable":true,"href":"https:\/\/tianhuipackingmachine.com\/pt\/wp-json\/wp\/v2\/tags?post=2114"},{"taxonomy":"product-type","embeddable":true,"href":"https:\/\/tianhuipackingmachine.com\/pt\/wp-json\/wp\/v2\/product-type?post=2114"}],"curies":[{"name":"wp","href":"https:\/\/api.w.org\/{rel}","templated":true}]}}