{"id":2062,"date":"2021-08-04T14:09:42","date_gmt":"2021-08-04T06:09:42","guid":{"rendered":"https:\/\/tianhuipackingmachine.com\/?page_id=2062"},"modified":"2024-03-08T14:01:26","modified_gmt":"2024-03-08T06:01:26","slug":"continuous-bag-sealing-machine","status":"publish","type":"product","link":"https:\/\/tianhuipackingmachine.com\/pt\/continuous-bag-sealing-machine\/","title":{"rendered":"M\u00e1quina seladora cont\u00ednua de sacos"},"content":{"rendered":"<p class=\"translation-block\"><strong>A m\u00e1quina de selagem de sacos cont\u00ednua<\/strong> \u00e9 um pequeno selador a quente para sacos. \u00c9 conveniente coloc\u00e1-la em uma mesa ao us\u00e1-la. Existem dois tipos de m\u00e1quinas. Uma pode fazer o selamento do saco de embalagem horizontalmente na esteira transportadora, enquanto a outra pode fazer o selamento do saco de embalagem verticalmente na esteira transportadora. O selador de sacos \u00e9 adequado para o selamento de sach\u00eas de p\u00f3, gr\u00e2nulos, l\u00edquido, pasta, peda\u00e7os, etc. Al\u00e9m disso, o padr\u00e3o de selagem inclui uma grade, grade com data, suavidade, faixa. Duas categorias de impressoras de data s\u00e3o opcionais, a saber, c\u00f3digo de roda de tinta e c\u00f3digo de cartucho. Al\u00e9m disso, para m\u00e1quinas de selagem de sach\u00eas cont\u00ednuas, apoiamos servi\u00e7os de personaliza\u00e7\u00e3o para a largura da esteira transportadora, a altura entre o dispositivo de selagem e a esteira transportadora, etc. Entre em contato conosco para obter mais informa\u00e7\u00f5es.<\/p>    <div class=\"wp-block-columns is-layout-flex wp-container-core-columns-is-layout-28f84493 wp-block-columns-is-layout-flex\"> <div class=\"wp-block-column is-layout-flow wp-block-column-is-layout-flow\"> <figure class=\"wp-block-image size-full\"><img loading=\"lazy\" decoding=\"async\" width=\"750\" height=\"500\" src=\"https:\/\/tianhuipackingmachine.com\/wp-content\/uploads\/2021\/08\/flat-bag-heat-sealing-machine.jpg\" alt=\"m\u00e1quina de selagem a quente de saco plano\" class=\"wp-image-2075\" srcset=\"https:\/\/tianhuipackingmachine.com\/wp-content\/uploads\/2021\/08\/flat-bag-heat-sealing-machine.jpg 750w, https:\/\/tianhuipackingmachine.com\/wp-content\/uploads\/2021\/08\/flat-bag-heat-sealing-machine-300x200.jpg 300w\" sizes=\"auto, (max-width: 750px) 100vw, 750px\" \/><figcaption>M\u00e1quina de selagem t\u00e9rmica de saco plano<\/figcaption><\/figure> <\/div>    <div class=\"wp-block-column is-layout-flow wp-block-column-is-layout-flow\"> <figure class=\"wp-block-image size-full\"><img loading=\"lazy\" decoding=\"async\" width=\"750\" height=\"500\" src=\"https:\/\/tianhuipackingmachine.com\/wp-content\/uploads\/2021\/08\/vertical-bag-heat-sealing-machine.jpg\" alt=\"m\u00e1quina de selagem a quente de saco vertical\" class=\"wp-image-2076\" srcset=\"https:\/\/tianhuipackingmachine.com\/wp-content\/uploads\/2021\/08\/vertical-bag-heat-sealing-machine.jpg 750w, https:\/\/tianhuipackingmachine.com\/wp-content\/uploads\/2021\/08\/vertical-bag-heat-sealing-machine-300x200.jpg 300w\" sizes=\"auto, (max-width: 750px) 100vw, 750px\" \/><figcaption>M\u00e1quina de selagem t\u00e9rmica de saco vertical<\/figcaption><\/figure> <\/div> <\/div>    <h2 class=\"wp-block-heading\" id=\"h-wide-application-of-continuous-bag-sealer\">Ampla aplica\u00e7\u00e3o de seladora cont\u00ednua de sacos<\/h2>    <p class=\"translation-block\">A m\u00e1quina de selagem de sacos cont\u00ednua tem uma ampla aplica\u00e7\u00e3o na selagem de sacos de alum\u00ednio e pl\u00e1stico para p\u00f3, gr\u00e2nulos, l\u00edquido, pasta, peda\u00e7os, etc. As aplica\u00e7\u00f5es comuns referem-se ao selamento de sacos de p\u00f3 de caf\u00e9, p\u00f3 de leite, <strong><a href=\"https:\/\/tianhuipackingmachine.com\/pt\/spice-packaging-machine\/\">temperos<\/a><\/strong>, farinha, p\u00f3 de pimenta, p\u00f3 de detergente, lanches, <strong><a href=\"https:\/\/tianhuipackingmachine.com\/pt\/tea-packaging-machine\/\">ch\u00e1<\/a><\/strong>, gr\u00e3os de caf\u00e9, doces, sementes, cereais, biscoitos, p\u00e3o, arroz, leite, suco, vinagre, molho de soja, molho de tomate, molho de espaguete, molho para salada, geleia, m\u00e1scara, hardware, marcenaria, etc. O saco deita ou fica em p\u00e9 na esteira transportadora devido ao volume dos materiais e ao estado quando o pequeno selador a quente est\u00e1 em funcionamento. Voc\u00ea pode escolher o mais adequado de acordo com suas necessidades reais. <strong><a href=\"https:\/\/tianhuipackingmachine.com\/pt\/contact\/\">Entre em contato conosco<\/a><\/strong> para obter sugest\u00f5es \u00fateis.<\/p>    <div class=\"wp-block-image\"><figure class=\"aligncenter size-full\"><img loading=\"lazy\" decoding=\"async\" width=\"750\" height=\"500\" src=\"https:\/\/tianhuipackingmachine.com\/wp-content\/uploads\/2021\/08\/applications-of-continuous-pouch-sealer.jpg\" alt=\"aplica\u00e7\u00f5es de seladora cont\u00ednua de bolsas\" class=\"wp-image-2071\" srcset=\"https:\/\/tianhuipackingmachine.com\/wp-content\/uploads\/2021\/08\/applications-of-continuous-pouch-sealer.jpg 750w, https:\/\/tianhuipackingmachine.com\/wp-content\/uploads\/2021\/08\/applications-of-continuous-pouch-sealer-300x200.jpg 300w\" sizes=\"auto, (max-width: 750px) 100vw, 750px\" \/><figcaption>aplica\u00e7\u00f5es de seladora cont\u00ednua de bolsas<\/figcaption><\/figure><\/div>    <h2 class=\"wp-block-heading\" id=\"h-benefits-of-continuous-bag-sealing-machine\">Benef\u00edcios da m\u00e1quina seladora cont\u00ednua de sacos<\/h2>    <ol class=\"wp-block-list\" type=\"1\"><li>Estrutura simples de instalar, operar e manter;<\/li><li>Ocupar espa\u00e7o pequeno, baixo ru\u00eddo, baixo custo, efici\u00eancia e economizar tempo e energia;<\/li><li>O aquecimento do bloco de cobre puro \u00e9 r\u00e1pido e uniforme e a dissipa\u00e7\u00e3o de calor refrigerada a ar \u00e9 mais r\u00e1pida.<\/li><li>Espessamento da correia transportadora resistente ao desgaste, pre\u00e7o mais dur\u00e1vel e acess\u00edvel;<\/li><li>Diversas aplica\u00e7\u00f5es para sacos de p\u00f3, gr\u00e2nulos, l\u00edquidos, pastas, peda\u00e7os, etc.<\/li><li>Quatro padr\u00f5es de veda\u00e7\u00e3o s\u00e3o opcionais de acordo com suas necessidades.<\/li><li>A velocidade da correia transportadora \u00e9 ajust\u00e1vel.<\/li><li>O bot\u00e3o de emerg\u00eancia foi projetado como uma precau\u00e7\u00e3o de seguran\u00e7a.<\/li><\/ol>    <h2 class=\"wp-block-heading\" id=\"h-continuous-bag-sealing-machine-structure\">Estrutura cont\u00ednua da m\u00e1quina seladora de sacos<\/h2>    <p>A m\u00e1quina seladora cont\u00ednua de saco \u00e9 composta por um controlador termost\u00e1tico de temperatura, correia transportadora, mesa transportadora, roda de grava\u00e7\u00e3o, bot\u00e3o de ajuste de press\u00e3o, roda de resfriamento, bloco de calor, interruptor de emerg\u00eancia, medidor de temperatura controlada, ajuste transversal da mesa transportadora, bot\u00e3o de ajuste do transportador mesa. O controlador de temperatura termost\u00e1tico, com visualiza\u00e7\u00e3o r\u00e1pida da temperatura, mant\u00e9m a temperatura operacional para melhorar a qualidade e a efici\u00eancia do produto. A correia transportadora pode ser ampliada de acordo com suas necessidades. Quatro tipos de rodas de grava\u00e7\u00e3o s\u00e3o opcionais, roda da grade, roda da grade com data, roda da suavidade e roda da tira. O bloco de calor adota o material de cobre puro, aquecendo de forma r\u00e1pida e uniforme.<\/p>    <div class=\"wp-block-image\"><figure class=\"aligncenter size-full\"><img loading=\"lazy\" decoding=\"async\" width=\"750\" height=\"500\" src=\"https:\/\/tianhuipackingmachine.com\/wp-content\/uploads\/2021\/08\/the-structure-of-continuous-bag-sealer.jpg\" alt=\"a estrutura do selador de saco cont\u00ednuo\" class=\"wp-image-2068\" srcset=\"https:\/\/tianhuipackingmachine.com\/wp-content\/uploads\/2021\/08\/the-structure-of-continuous-bag-sealer.jpg 750w, https:\/\/tianhuipackingmachine.com\/wp-content\/uploads\/2021\/08\/the-structure-of-continuous-bag-sealer-300x200.jpg 300w\" sizes=\"auto, (max-width: 750px) 100vw, 750px\" \/><figcaption>a estrutura do selador de saco cont\u00ednuo<\/figcaption><\/figure><\/div>    <h2 class=\"wp-block-heading\" id=\"h-do-you-know-why-others-choose-our-machines\">Voc\u00ea sabe por que outros escolhem nossas m\u00e1quinas?<\/h2>    <p class=\"translation-block\">Primeiramente, temos um rigoroso sistema de inspe\u00e7\u00e3o de qualidade e nossos trabalhadores qualificados verificar\u00e3o as m\u00e1quinas cuidadosamente antes do envio. Nossas m\u00e1quinas t\u00eam garantia de qualidade aut\u00eantica. Em segundo lugar, fornecemos um manual em ingl\u00eas e v\u00eddeo de ensino. O servi\u00e7o online est\u00e1 dispon\u00edvel 24 horas. Em terceiro lugar, para a m\u00e1quina de selagem de sacos cont\u00ednua, podemos personalizar a largura da esteira transportadora e a altura entre o dispositivo de selagem e a esteira transportadora, etc., com base em suas exig\u00eancias. Al\u00e9m disso, tamb\u00e9m fornecemos m\u00e1quinas de enchimento, <strong><a href=\"https:\/\/tianhuipackingmachine.com\/pt\/\">m\u00e1quinas de embalagem<\/a><\/strong>, m\u00e1quinas de selagem a v\u00e1cuo, <strong><a href=\"https:\/\/tianhuipackingmachine.com\/pt\/automatic-round-bottle-labeling-machine-sale\/\">m\u00e1quinas de rotulagem<\/a><\/strong>, impressoras de data, etc. V\u00e1rias m\u00e1quinas s\u00e3o opcionais. Entre em contato conosco para mais detalhes.<\/p>","protected":false},"excerpt":{"rendered":"<p>Continuous bag sealing machine is a small heat sealer for pouches. It\u2019s convenient to put it on a table when using it. There are two kinds of machines. One can make the packaging bag horizontally on the conveyor belt, while the other one can make the packaging bag vertically on the conveyor belt. The bag [&hellip;]<\/p>\n","protected":false},"author":1,"featured_media":2075,"parent":0,"template":"","tags":[182],"product-type":[144],"class_list":["post-2062","product","type-product","status-publish","has-post-thumbnail","hentry","tag-sealing-machine","product-type-supporting-equipment"],"_links":{"self":[{"href":"https:\/\/tianhuipackingmachine.com\/pt\/wp-json\/wp\/v2\/product\/2062","targetHints":{"allow":["GET"]}}],"collection":[{"href":"https:\/\/tianhuipackingmachine.com\/pt\/wp-json\/wp\/v2\/product"}],"about":[{"href":"https:\/\/tianhuipackingmachine.com\/pt\/wp-json\/wp\/v2\/types\/product"}],"author":[{"embeddable":true,"href":"https:\/\/tianhuipackingmachine.com\/pt\/wp-json\/wp\/v2\/users\/1"}],"wp:featuredmedia":[{"embeddable":true,"href":"https:\/\/tianhuipackingmachine.com\/pt\/wp-json\/wp\/v2\/media\/2075"}],"wp:attachment":[{"href":"https:\/\/tianhuipackingmachine.com\/pt\/wp-json\/wp\/v2\/media?parent=2062"}],"wp:term":[{"taxonomy":"post_tag","embeddable":true,"href":"https:\/\/tianhuipackingmachine.com\/pt\/wp-json\/wp\/v2\/tags?post=2062"},{"taxonomy":"product-type","embeddable":true,"href":"https:\/\/tianhuipackingmachine.com\/pt\/wp-json\/wp\/v2\/product-type?post=2062"}],"curies":[{"name":"wp","href":"https:\/\/api.w.org\/{rel}","templated":true}]}}