{"id":2012,"date":"2021-08-02T17:28:39","date_gmt":"2021-08-02T09:28:39","guid":{"rendered":"https:\/\/tianhuipackingmachine.com\/?page_id=2012"},"modified":"2022-12-08T14:08:31","modified_gmt":"2022-12-08T06:08:31","slug":"vacuum-capping-machines","status":"publish","type":"product","link":"https:\/\/tianhuipackingmachine.com\/pt\/vacuum-capping-machines\/","title":{"rendered":"M\u00e1quina tampadora a v\u00e1cuo"},"content":{"rendered":"<p class=\"translation-block\"><strong>A m\u00e1quina de veda\u00e7\u00e3o a v\u00e1cuo<\/strong> \u00e9 uma m\u00e1quina de tampas de rosca que pode exaurir o ar de garrafas ou latas atrav\u00e9s de uma bomba de v\u00e1cuo, de modo que os alimentos em um ambiente a v\u00e1cuo prolonguem o tempo de armazenamento. O corpo do equipamento \u00e9 feito de material dur\u00e1vel em a\u00e7o inoxid\u00e1vel. Este selador de garrafas a v\u00e1cuo \u00e9 equipado com uma tela sens\u00edvel ao toque PLC, quatro moldes. O molde \u00e9 projetado com base no tamanho e na forma das garrafas ou latas. \u00c9 necess\u00e1rio que o usu\u00e1rio coloque a garrafa com a tampa no molde manualmente. \u00c9 adequado para garrafas de vidro e latas com tampas de ferro. Al\u00e9m disso, fornecemos servi\u00e7o de personaliza\u00e7\u00e3o de acordo com suas necessidades. Voc\u00ea quer obter mais detalhes? Entre em contato conosco e responderemos o mais r\u00e1pido poss\u00edvel.<\/p>    <h2 class=\"wp-block-heading\" id=\"h-various-applications-of-vacuum-capping-equipment\">V\u00e1rias aplica\u00e7\u00f5es de equipamentos de nivelamento a v\u00e1cuo<\/h2>    <p>A m\u00e1quina de embalagem a v\u00e1cuo \u00e9 adequada para garrafas de vidro ou latas com tampa de ferro, como leite, iogurte, suco, gel\u00e9ia, manteiga de amendoim, molho de tomate, molho para salada, molho de pimenta, latas de frutas, etc. quadrada, plana, hexagonal, octogonal, poligonal, irregular, etc. Esta m\u00e1quina tampa de rosca por acionamento pneum\u00e1tico, por isso \u00e9 uma boa ideia combinar com um compressor de ar. Al\u00e9m disso, \u00e9 melhor estar equipado com um separador \u00f3leo-\u00e1gua para evitar que a \u00e1gua produzida durante o processo de produ\u00e7\u00e3o chegue \u00e0 m\u00e1quina pela tubula\u00e7\u00e3o.<\/p>    <figure class=\"wp-block-image aligncenter size-full\"><img loading=\"lazy\" decoding=\"async\" width=\"750\" height=\"500\" src=\"https:\/\/tianhuipackingmachine.com\/wp-content\/uploads\/2021\/08\/vacuum-capping-machine-1.jpg\" alt=\"m\u00e1quina tampando do v\u00e1cuo\" class=\"wp-image-2014\" srcset=\"https:\/\/tianhuipackingmachine.com\/wp-content\/uploads\/2021\/08\/vacuum-capping-machine-1.jpg 750w, https:\/\/tianhuipackingmachine.com\/wp-content\/uploads\/2021\/08\/vacuum-capping-machine-1-300x200.jpg 300w\" sizes=\"auto, (max-width: 750px) 100vw, 750px\" \/><figcaption class=\"wp-element-caption\">M\u00e1quina tampadora a v\u00e1cuo<\/figcaption><\/figure>    <h2 class=\"has-text-color wp-block-heading\" id=\"h-vacuum-capping-machine-parameters\" style=\"color:#ff5200\">Par\u00e2metros da m\u00e1quina de nivelamento a v\u00e1cuo<\/h2>    <figure class=\"wp-block-table is-style-stripes\"><table><tbody><tr><td>Modelo<\/td><td> TZ-40 <\/td><\/tr><tr><td>Poder<\/td><td> 0,87 kW <\/td><\/tr><tr><td>Di\u00e2metro adequado da tampa<\/td><td> 45-80 mm <\/td><\/tr><tr><td> Di\u00e2metro da garrafa <\/td><td> 40-80mm <\/td><\/tr><tr><td> Altura da garrafa <\/td><td> 60-130mm <\/td><\/tr><tr><td> Velocidade de limite <\/td><td> 10-20 garrafas\/min <\/td><\/tr><tr><td> Tamanho da m\u00e1quina <\/td><td> 750*650*1400mm <\/td><\/tr><tr><td> Peso da m\u00e1quina <\/td><td> 160kg <\/td><\/tr><\/tbody><\/table><\/figure>    <h2 class=\"wp-block-heading\" id=\"h-semi-automatic-vacuum-capping-machine-working-video\">V\u00eddeo de funcionamento da m\u00e1quina tampadora a v\u00e1cuo semiautom\u00e1tica<\/h2>   <figure class=\"wp-block-embed-youtube wp-block-embed is-type-video is-provider-youtube wp-embed-aspect-16-9 wp-has-aspect-ratio\"><div class=\"lyte-wrapper\" title=\"M\u00e1quina tampadora a v\u00e1cuo | Veda\u00e7\u00e3o de Latas de Compotas, Mel, Manteiga de Amendoim, Molho de Chocolate, Molho de Pimenta\" style=\"width:853px;max-width:100%;margin:5px auto;\"><div class=\"lyMe\" id=\"WYL_32nMxgQSOaI\" itemprop=\"video\" itemscope itemtype=\"https:\/\/schema.org\/VideoObject\"><div><meta itemprop=\"thumbnailUrl\" content=\"https:\/\/i.ytimg.com\/vi\/32nMxgQSOaI\/hqdefault.jpg\" \/><meta itemprop=\"embedURL\" content=\"https:\/\/www.youtube.com\/embed\/32nMxgQSOaI\" \/><meta itemprop=\"duration\" content=\"PT1M7S\" \/><meta itemprop=\"uploadDate\" content=\"2022-02-14T07:15:13Z\" \/><\/div><meta itemprop=\"accessibilityFeature\" content=\"captions\" \/><div id=\"lyte_32nMxgQSOaI\" data-src=\"https:\/\/i.ytimg.com\/vi\/32nMxgQSOaI\/hqdefault.jpg\" class=\"pL\"><div class=\"tC\"><div class=\"tT\" itemprop=\"name\">M\u00e1quina tampadora a v\u00e1cuo | Veda\u00e7\u00e3o de Latas de Compotas, Mel, Manteiga de Amendoim, Molho de Chocolate, Molho de Pimenta<\/div><\/div><div class=\"play\"><\/div><div class=\"ctrl\"><div class=\"Lctrl\"><\/div><div class=\"Rctrl\"><\/div><\/div><\/div><noscript><a href=\"https:\/\/youtu.be\/32nMxgQSOaI\" rel=\"nofollow noopener\" target=\"_blank\"><img loading=\"lazy\" decoding=\"async\" src=\"https:\/\/i.ytimg.com\/vi\/32nMxgQSOaI\/0.jpg\" alt=\"M\u00e1quina tampadora a v\u00e1cuo | Veda\u00e7\u00e3o de Latas de Compotas, Mel, Manteiga de Amendoim, Molho de Chocolate, Molho de Pimenta\" width=\"853\" height=\"460\" \/><\/a><\/noscript><meta itemprop=\"description\" content=\"Website: https:\/\/tianhuipackingmachine.com\/vacuum-capping-machines\/ Email: sales@tianhuipackingmachine.com WhatsApp\/Tel: +86 17329326135 Vacuum capping machine has a wide range of applications in various kinds of sauces in jars. They are common in supermarkets and convenience stores, such as strawberry jam, blueberry sauce, marmalade, honey, peanut butter, chocolate sauce, chili sauce, salad dressing, tahini sauce, etc. Vacuum capping equipment is mainly composed of a touch screen, a rotary air cylinder, precision screw cap, screw cap mold, vacuum pump, stainless steel body. On the touch screen, the operator can set up various parameters, such as using language, output counting, capping time, vacuuming time, the delay time of bottle taking, capping, and so on. After setting data, put the glass cans into molds that will spin automatically so that the jars are easy to exhaust air from cans one by one. A vacuum capping machine is equipped with four molds that are the same and apply to the same jars. There are round, square, hexagonal, octagonal, and irregular shapes of cans optional. Furthermore, the mold is customized in accordance with the cans, so it requires different molds if you want to cap different shapes of jars. The vacuuming process is driven by the vacuum pump. Stainless steel material is durable and easy to maintain. Generally, one machine can produce 10-20 cans per minute. The production speed is related to the speed of placing jars manually and the size of the cans. If you are interested in the equipment, welcome to consult us. Email: sales@toppackingmachine.com WhatsApp\/Tel: +86 17329326135\"><\/div><\/div><div class=\"lL\" style=\"max-width:100%;width:853px;margin:5px auto;\"> <a href=\"https:\/\/youtu.be\/32nMxgQSOaI\" target=\"_blank\" rel=\"noopener\">Assista a este v\u00eddeo no YouTube<\/a>.<\/div><figcaption><\/figcaption><\/figure>   <h2 class=\"wp-block-heading\" id=\"h-features-benefits-of-vacuum-capping-machine\">Recursos e benef\u00edcios da m\u00e1quina de tampar a v\u00e1cuo<\/h2>    <ol class=\"wp-block-list\" type=\"1\"> <li>Estrutura simples e design razo\u00e1vel para instalar, operar e manter;<\/li>    <li>Funciona de forma est\u00e1vel, com baixo ru\u00eddo e pequeno espa\u00e7o ocupado;<\/li>    <li>Quatro p\u00e9s fixos ou quatro rodas opcionais; o p\u00e9 fixo \u00e9 mais est\u00e1vel;<\/li>    <li>O molde pode ser personalizado de acordo com o tamanho e formato de suas garrafas ou latas.<\/li>    <li>Garrafa de vidro com tampa de ferro \u00e9 a melhor escolha para tampar a v\u00e1cuo.<\/li>    <li>O servi\u00e7o de personaliza\u00e7\u00e3o est\u00e1 dispon\u00edvel. &nbsp;<\/li> <\/ol>    <h2 class=\"wp-block-heading\" id=\"h-the-structure-and-details-of-the-vacuum-capping-machine\">A estrutura e detalhes da m\u00e1quina de tampar a v\u00e1cuo<\/h2>    <p>A m\u00e1quina de nivelamento a v\u00e1cuo consiste em tela de toque PLC, cilindro rotativo, molde de tampa de rosca, bomba de v\u00e1cuo, etc. A tela de toque PLC pode configurar muitos par\u00e2metros, como uso de idioma, tempo de v\u00e1cuo, atraso de nivelamento de parafuso, tempo de levantamento , etc. Um conjunto de moldes de tampa de rosca \u00e9 quatro com o mesmo tamanho e formato. A velocidade de tampagem \u00e9 de 10 a 20 garrafas ou latas por minuto. Cada conjunto de moldes \u00e9 personalizado com base no tamanho e formato da garrafa ou lata. A bomba de v\u00e1cuo esgota o ar quando garrafas ou latas est\u00e3o no molde atrav\u00e9s de um tubo.<\/p>    <figure class=\"wp-block-image aligncenter size-full\"><img loading=\"lazy\" decoding=\"async\" width=\"750\" height=\"500\" src=\"https:\/\/tianhuipackingmachine.com\/wp-content\/uploads\/2021\/08\/the-structure-of-vacuum-capping-machine.jpg\" alt=\"a estrutura da m\u00e1quina de nivelamento a v\u00e1cuo\" class=\"wp-image-2017\" srcset=\"https:\/\/tianhuipackingmachine.com\/wp-content\/uploads\/2021\/08\/the-structure-of-vacuum-capping-machine.jpg 750w, https:\/\/tianhuipackingmachine.com\/wp-content\/uploads\/2021\/08\/the-structure-of-vacuum-capping-machine-300x200.jpg 300w\" sizes=\"auto, (max-width: 750px) 100vw, 750px\" \/><figcaption class=\"wp-element-caption\">A estrutura da m\u00e1quina de tampar a v\u00e1cuo<\/figcaption><\/figure>    <h2 class=\"wp-block-heading\" id=\"h-why-a-glass-bottle-or-can-with-an-iron-cover-is-the-best-choice\">Por que uma garrafa de vidro ou lata com tampa de ferro \u00e9 a melhor escolha?<\/h2>    <p>A m\u00e1quina de tampar a v\u00e1cuo ir\u00e1 exaurir o ar da garrafa de modo a criar uma situa\u00e7\u00e3o de v\u00e1cuo. Se estiver usando uma garrafa de pl\u00e1stico, \u00e9 prov\u00e1vel que ela se deforme ao tampar a v\u00e1cuo. Se a tampa n\u00e3o for de ferro, a tampa e a veda\u00e7\u00e3o podem n\u00e3o estar bem apertadas. Enquanto as garrafas de vidro ou latas com tampas de ferro podem ser bem fechadas e manter o v\u00e1cuo por muito tempo com base nas propriedades dos materiais de vidro e ferro. Para prolongar o tempo de armazenamento, uma garrafa de vidro ou lata com tampa de ferro \u00e9 a melhor escolha. A tampa a v\u00e1cuo ir\u00e1 efetivamente retardar a deteriora\u00e7\u00e3o dos alimentos.<\/p>    <h2 class=\"wp-block-heading\" id=\"h-related-machines\">M\u00e1quinas relacionadas<\/h2>    <p class=\"translation-block\">Como <strong><a href=\"https:\/\/tianhuipackingmachine.com\/pt\/\">fabricante e fornecedor de m\u00e1quinas de embalagem<\/a><\/strong>, tamb\u00e9m fornecemos m\u00e1quina de embalagem em saco, m\u00e1quina de embalagem de p\u00f3, m\u00e1quina de embalagem de gr\u00e2nulos, m\u00e1quina de embalagem l\u00edquida, m\u00e1quina de embalagem a v\u00e1cuo, m\u00e1quina de embalagem em pillow, m\u00e1quina autom\u00e1tica de enchimento e embalagem de garrafas, <strong><a href=\"https:\/\/tianhuipackingmachine.com\/pt\/automatic-round-bottle-labeling-machine-sale\/\">m\u00e1quina autom\u00e1tica de rotulagem de garrafas redondas<\/a><\/strong>, etc. V\u00e1rias m\u00e1quinas de embalagem est\u00e3o dispon\u00edveis. Al\u00e9m disso, esteira transportadora, impressora de data, compressor de ar est\u00e3o dispon\u00edveis. Enquanto isso, apoiamos servi\u00e7o OEM. Entre em contato conosco para obter mais detalhes e responderemos o mais r\u00e1pido poss\u00edvel.<\/p>","protected":false},"excerpt":{"rendered":"<p>Vacuum capping machine is a screw capper that can exhaust the air of bottles or cans through a vacuum pump so that the food in a vacuum circumstance extend storage time. The equipment body adopts durable stainless steel material. This vacuum bottle sealer is equipped with a PLC touch screen, four moulds. The mould is [&hellip;]<\/p>\n","protected":false},"author":1,"featured_media":2014,"parent":0,"template":"","tags":[168],"product-type":[144],"class_list":["post-2012","product","type-product","status-publish","has-post-thumbnail","hentry","tag-capping-machine","product-type-supporting-equipment"],"_links":{"self":[{"href":"https:\/\/tianhuipackingmachine.com\/pt\/wp-json\/wp\/v2\/product\/2012","targetHints":{"allow":["GET"]}}],"collection":[{"href":"https:\/\/tianhuipackingmachine.com\/pt\/wp-json\/wp\/v2\/product"}],"about":[{"href":"https:\/\/tianhuipackingmachine.com\/pt\/wp-json\/wp\/v2\/types\/product"}],"author":[{"embeddable":true,"href":"https:\/\/tianhuipackingmachine.com\/pt\/wp-json\/wp\/v2\/users\/1"}],"wp:featuredmedia":[{"embeddable":true,"href":"https:\/\/tianhuipackingmachine.com\/pt\/wp-json\/wp\/v2\/media\/2014"}],"wp:attachment":[{"href":"https:\/\/tianhuipackingmachine.com\/pt\/wp-json\/wp\/v2\/media?parent=2012"}],"wp:term":[{"taxonomy":"post_tag","embeddable":true,"href":"https:\/\/tianhuipackingmachine.com\/pt\/wp-json\/wp\/v2\/tags?post=2012"},{"taxonomy":"product-type","embeddable":true,"href":"https:\/\/tianhuipackingmachine.com\/pt\/wp-json\/wp\/v2\/product-type?post=2012"}],"curies":[{"name":"wp","href":"https:\/\/api.w.org\/{rel}","templated":true}]}}