{"id":1984,"date":"2021-07-29T16:56:16","date_gmt":"2021-07-29T08:56:16","guid":{"rendered":"https:\/\/tianhuipackingmachine.com\/?page_id=1984"},"modified":"2022-04-27T11:26:38","modified_gmt":"2022-04-27T03:26:38","slug":"automatic-round-bottle-labeling-machine-sale","status":"publish","type":"product","link":"https:\/\/tianhuipackingmachine.com\/pt\/automatic-round-bottle-labeling-machine-sale\/","title":{"rendered":"Rotuladora autom\u00e1tica de garrafas redondas"},"content":{"rendered":"<p class=\"translation-block\"><strong>A m\u00e1quina de rotulagem autom\u00e1tica de garrafas redondas<\/strong> \u00e9 o equipamento que pode colar rolos de papel adesivo em garrafas redondas. Os r\u00f3tulos incluem um r\u00f3tulo inteiro ou r\u00f3tulos duplos ao redor da circunfer\u00eancia da garrafa. \u00c9 adequada para v\u00e1rias garrafas, referindo-se a garrafas de pl\u00e1stico, garrafas de vidro, garrafas de metal, etc. Est\u00e1 equipada com um ecr\u00e3 t\u00e1ctil PLC que controla o uso da linguagem, a velocidade de rotulagem, a contagem de garrafas rotuladas, a limpeza da produ\u00e7\u00e3o, o teste de sa\u00edda do r\u00f3tulo, a configura\u00e7\u00e3o dos par\u00e2metros de teste de bloqueio da garrafa, etc. Al\u00e9m disso, tamb\u00e9m fornecemos descarregador de garrafas, m\u00e1quina autom\u00e1tica de enchimento de l\u00edquidos ou pastas e embalagem, correia transportadora, m\u00e1quina de tampagem por parafuso, impressora de datas, etc. Entretanto, o servi\u00e7o OEM est\u00e1 dispon\u00edvel de acordo com os seus requisitos reais. Contacte-nos para obter mais detalhes e o melhor pre\u00e7o.<\/p>    <div class=\"wp-block-columns is-layout-flex wp-container-core-columns-is-layout-28f84493 wp-block-columns-is-layout-flex\"> <div class=\"wp-block-column is-layout-flow wp-block-column-is-layout-flow\"> <div class=\"wp-block-image\"><figure class=\"aligncenter size-full\"><img loading=\"lazy\" decoding=\"async\" width=\"750\" height=\"500\" src=\"https:\/\/tianhuipackingmachine.com\/wp-content\/uploads\/2021\/07\/automatic-round-bottle-labeler.jpg\" alt=\"etiquetadora autom\u00e1tica de garrafas redondas\" class=\"wp-image-1988\" srcset=\"https:\/\/tianhuipackingmachine.com\/wp-content\/uploads\/2021\/07\/automatic-round-bottle-labeler.jpg 750w, https:\/\/tianhuipackingmachine.com\/wp-content\/uploads\/2021\/07\/automatic-round-bottle-labeler-300x200.jpg 300w\" sizes=\"auto, (max-width: 750px) 100vw, 750px\" \/><figcaption>etiquetadora autom\u00e1tica de garrafas redondas<\/figcaption><\/figure><\/div> <\/div> <\/div>    <h2 class=\"wp-block-heading\" id=\"h-structures-of-automatic-round-bottle-labeling-machine\">Estruturas da etiquetadora autom\u00e1tica de garrafas redondas<\/h2>    <p class=\"translation-block\">A m\u00e1quina de rotulagem autom\u00e1tica de garrafas redondas consiste em ecr\u00e3 t\u00e1ctil PLC, motor de rotulagem, rolos, dispositivo de separa\u00e7\u00e3o de garrafas com roda de paragem, arm\u00e1rio el\u00e9trico, dispositivo de r\u00f3tulo em rolo, transportador de sa\u00edda, etc. O seu corpo \u00e9 feito de a\u00e7o inoxid\u00e1vel dur\u00e1vel. Configure o uso da linguagem, a velocidade de funcionamento do dispositivo de separa\u00e7\u00e3o de garrafas, o tempo de rotulagem, etc. no ecr\u00e3 t\u00e1ctil PLC, que pode exibir a produ\u00e7\u00e3o total e a contagem de rotulagem. Os r\u00f3tulos passam pelos rolos acionados pelo motor. As garrafas na correia transportadora s\u00e3o separadas pela roda de paragem. As dimens\u00f5es dos componentes da m\u00e1quina autom\u00e1tica de rotulagem de garrafas s\u00e3o personalizadas com base nas suas necessidades. Quer obter mais informa\u00e7\u00f5es? <strong><a href=\"https:\/\/tianhuipackingmachine.com\/pt\/contact\/\">Entre em contacto connosco<\/a><\/strong> e n\u00f3s responderemos o mais r\u00e1pido poss\u00edvel.<\/p>    <div class=\"wp-block-image\"><figure class=\"aligncenter size-full\"><img loading=\"lazy\" decoding=\"async\" width=\"750\" height=\"500\" src=\"https:\/\/tianhuipackingmachine.com\/wp-content\/uploads\/2021\/07\/structure-of-automatic-round-bottle-labeling-machine.jpg\" alt=\"estrutura da etiquetadora autom\u00e1tica de garrafas redondas\" class=\"wp-image-2001\" srcset=\"https:\/\/tianhuipackingmachine.com\/wp-content\/uploads\/2021\/07\/structure-of-automatic-round-bottle-labeling-machine.jpg 750w, https:\/\/tianhuipackingmachine.com\/wp-content\/uploads\/2021\/07\/structure-of-automatic-round-bottle-labeling-machine-300x200.jpg 300w\" sizes=\"auto, (max-width: 750px) 100vw, 750px\" \/><figcaption>estrutura da etiquetadora autom\u00e1tica de garrafas redondas<\/figcaption><\/figure><\/div>    <h2 class=\"wp-block-heading\" id=\"h-features-benefits\">Recursos e benef\u00edcios<\/h2>    <ol class=\"wp-block-list\" type=\"1\"><li>Estrutura simples de instalar, operar e manter.<\/li><li>Execute de forma est\u00e1vel, design razo\u00e1vel, baixo ru\u00eddo, efici\u00eancia e precis\u00e3o.<\/li><li>A tela sens\u00edvel ao toque do PLC \u00e9 f\u00e1cil de operar.<\/li><li>A largura da correia transportadora, a largura da roda de rotulagem e a altura s\u00e3o ajust\u00e1veis.<\/li><li>Quatro rodas ou fundo fixo opcional<\/li><li>Servi\u00e7o de personaliza\u00e7\u00e3o dispon\u00edvel<\/li><\/ol>    <h2 class=\"wp-block-heading\" id=\"h-automatic-round-bottle-labeler-working-video\">V\u00eddeo de funcionamento da etiquetadora autom\u00e1tica de garrafas redondas <\/h2>   <figure class=\"wp-block-embed-youtube wp-block-embed is-type-video is-provider-youtube wp-embed-aspect-16-9 wp-has-aspect-ratio\"><div class=\"lyte-wrapper\" title=\"M\u00e1quina autom\u00e1tica de rotulagem de garrafas redondas | Aplicador de etiqueta\" style=\"width:853px;max-width:100%;margin:5px auto;\"><div class=\"lyMe\" id=\"WYL_hKvurQpWX5I\" itemprop=\"video\" itemscope itemtype=\"https:\/\/schema.org\/VideoObject\"><div><meta itemprop=\"thumbnailUrl\" content=\"https:\/\/i.ytimg.com\/vi\/hKvurQpWX5I\/hqdefault.jpg\" \/><meta itemprop=\"embedURL\" content=\"https:\/\/www.youtube.com\/embed\/hKvurQpWX5I\" \/><meta itemprop=\"duration\" content=\"PT2M37S\" \/><meta itemprop=\"uploadDate\" content=\"2021-10-14T07:39:26Z\" \/><\/div><div id=\"lyte_hKvurQpWX5I\" data-src=\"https:\/\/i.ytimg.com\/vi\/hKvurQpWX5I\/hqdefault.jpg\" class=\"pL\"><div class=\"tC\"><div class=\"tT\" itemprop=\"name\">M\u00e1quina autom\u00e1tica de rotulagem de garrafas redondas | Aplicador de etiqueta<\/div><\/div><div class=\"play\"><\/div><div class=\"ctrl\"><div class=\"Lctrl\"><\/div><div class=\"Rctrl\"><\/div><\/div><\/div><noscript><a href=\"https:\/\/youtu.be\/hKvurQpWX5I\" rel=\"nofollow noopener\" target=\"_blank\"><img loading=\"lazy\" decoding=\"async\" src=\"https:\/\/i.ytimg.com\/vi\/hKvurQpWX5I\/0.jpg\" alt=\"M\u00e1quina autom\u00e1tica de rotulagem de garrafas redondas | Aplicador de etiqueta\" width=\"853\" height=\"460\" \/><\/a><\/noscript><meta itemprop=\"description\" content=\"The automatic round bottle labeling machine can paste a whole long label or double short labels on the round bottles. The equipment size can be customized according to the diameter and the height of the round bottle. It can not only be used alone but also match with other machines to compose a production line, such as filling machine, capping machine, heat shrink packing machine, carton sealing machine, and so on. Email: sales@toppackingmachine.com Whatsapp\/Tel: +86 17329326135 More details on the website: https:\/\/tianhuipackingmachine.com\/automatic-round-bottle-labeling-machine-sale\/\"><\/div><\/div><div class=\"lL\" style=\"max-width:100%;width:853px;margin:5px auto;\"> <a href=\"https:\/\/youtu.be\/hKvurQpWX5I\" target=\"_blank\" rel=\"noopener\">Assista a este v\u00eddeo no YouTube<\/a>.<\/div><figcaption><\/figcaption><\/figure>   <h2 class=\"wp-block-heading\" id=\"h-various-applications-of-automatic-round-bottle-labeling-equipment\">V\u00e1rias aplica\u00e7\u00f5es de equipamento autom\u00e1tico de rotulagem de garrafas redondas<\/h2>    <p class=\"translation-block\">A m\u00e1quina autom\u00e1tica de embalagem de garrafas redondas \u00e9 adequada para garrafas de pl\u00e1stico, garrafas de vidro, garrafas de metal, etc., amplamente aplicada nas ind\u00fastrias de alimentos, bebidas, produtos de uso di\u00e1rio, medicamentos, molhos, cosm\u00e9ticos, produtos qu\u00edmicos, e assim por diante. Na nossa vida di\u00e1ria, \u00e9 comum ver garrafas de \u00e1gua, cerveja, vinho, <strong><a href=\"https:\/\/tianhuipackingmachine.com\/pt\/oil-packaging-machine\/\">\u00f3leo<\/a><\/strong>, especiarias, molho, medicamentos, leite, latas de snacks, etc. Um rotulador autom\u00e1tico de garrafas redondas n\u00e3o s\u00f3 pode colar um r\u00f3tulo inteiro ao redor da garrafa, mas tamb\u00e9m pode colar dois r\u00f3tulos na frente e atr\u00e1s. Al\u00e9m disso, pode ser combinado com outras m\u00e1quinas em funcionamento, como descarregador de garrafas, enchimento autom\u00e1tico de l\u00edquidos, m\u00e1quina de embalagem, correia transportadora, m\u00e1quina de tampagem por parafuso, impressora de datas, etc. Estas m\u00e1quinas a trabalhar em conjunto podem melhorar significativamente a automa\u00e7\u00e3o da produ\u00e7\u00e3o. Se est\u00e1 \u00e0 procura delas, entre em contacto connosco para mais informa\u00e7\u00f5es e o melhor pre\u00e7o.<\/p>    <div class=\"wp-block-image\"><figure class=\"aligncenter size-full\"><img loading=\"lazy\" decoding=\"async\" width=\"750\" height=\"500\" src=\"https:\/\/tianhuipackingmachine.com\/wp-content\/uploads\/2021\/07\/labeling-machines-for-all-kinds-of-round-bottles.jpg\" alt=\"m\u00e1quinas de rotulagem para todos os tipos de garrafas redondas\" class=\"wp-image-2003\" srcset=\"https:\/\/tianhuipackingmachine.com\/wp-content\/uploads\/2021\/07\/labeling-machines-for-all-kinds-of-round-bottles.jpg 750w, https:\/\/tianhuipackingmachine.com\/wp-content\/uploads\/2021\/07\/labeling-machines-for-all-kinds-of-round-bottles-300x200.jpg 300w\" sizes=\"auto, (max-width: 750px) 100vw, 750px\" \/><figcaption>m\u00e1quinas de rotulagem para todos os tipos de garrafas redondas<\/figcaption><\/figure><\/div>    <h2 class=\"wp-block-heading\" id=\"h-operating-procedures\">Procedimentos operacionais<\/h2>    <ol class=\"wp-block-list\" type=\"1\"><li>Instale as etiquetas conforme o diagrama e ajuste a altura de cada pe\u00e7a.<\/li><li>Verifique se a posi\u00e7\u00e3o da etiqueta est\u00e1 correta ou n\u00e3o.<\/li><li>Ajuste a largura do dispositivo de garrafa separado.<\/li><li>Conecte a fonte de alimenta\u00e7\u00e3o, abra a chave do detector fotoel\u00e9trico. \u00a0<\/li><li>Abra a chave de envio do motor e da etiqueta, testando a m\u00e1quina. Se houver algo errado, corrija.<\/li><li>Depois de garantir que o equipamento est\u00e1 sem falhas, voc\u00ea pode utiliz\u00e1-lo para come\u00e7ar a produzir.<\/li><li>Desconecte a fonte de alimenta\u00e7\u00e3o quando n\u00e3o a usar.<\/li><\/ol>    <h2 class=\"wp-block-heading\" id=\"h-attentions\">Aten\u00e7\u00f5es<\/h2>    <ul class=\"wp-block-list\" type=\"1\"><li>Antes de ligar a energia, verifique se todas as pe\u00e7as da m\u00e1quina est\u00e3o instaladas no lugar.<\/li><li>Certifique-se de que o fio terra esteja conectado ao usar.<\/li><li>Preste aten\u00e7\u00e3o se a dire\u00e7\u00e3o das etiquetas pode ser adequada ao equipamento.<\/li><li>Certifique-se de alisar e tensionar as etiquetas.<\/li><li>Coloque o detector fotoel\u00e9trico na posi\u00e7\u00e3o incorreta, caso contr\u00e1rio, a etiqueta adesiva n\u00e3o ficar\u00e1 lisa.<\/li><li>Certifique-se de que o transporte da mamadeira e o trajeto do r\u00f3tulo estejam desobstru\u00eddos.<\/li><\/ul>    <h2 class=\"wp-block-heading\" id=\"h-related-bottle-labeling-machine-for-sale\">M\u00e1quina de rotulagem de garrafas relacionada \u00e0 venda<\/h2>    <p class=\"translation-block\">Como <strong><a href=\"https:\/\/tianhuipackingmachine.com\/pt\/\">fabricante e fornecedor de m\u00e1quinas<\/a><\/strong>, al\u00e9m da m\u00e1quina autom\u00e1tica de rotulagem de garrafas redondas, tamb\u00e9m fornecemos m\u00e1quina de rotulagem de garrafas planas, m\u00e1quina de rotulagem de garrafas pequenas, m\u00e1quina de rotulagem de garrafas redondas para r\u00f3tulos curtos, m\u00e1quina de rotulagem de caixas planas ou sacos, m\u00e1quina de rotulagem manual de garrafas redondas, etc. A rotuladora de garrafas planas pode colar um lado plano ou dois lados planos opcionalmente. A rotuladora de garrafas pequenas \u00e9 adequada para pequenos objetos, como batons, gomas s\u00f3lidas, amostras de cosm\u00e9ticos com garrafas redondas, e assim por diante. A m\u00e1quina de rotulagem manual de garrafas redondas, tamb\u00e9m chamada de m\u00e1quina de rotulagem semiautom\u00e1tica de garrafas redondas, necessita que as pessoas coloquem a garrafa na posi\u00e7\u00e3o de rotulagem manualmente. Al\u00e9m disso, fornecemos servi\u00e7os de personaliza\u00e7\u00e3o de acordo com os seus requisitos espec\u00edficos. Se estiver interessado nelas, seja bem-vindo a entrar em contacto connosco para obter mais detalhes.<\/p>","protected":false},"excerpt":{"rendered":"<p>Automatic round bottle labeling machine is the equipment that can paste rolls of sticker paper label on the round bottles. The labels include a whole label or double labels around the circumference of the bottle. It is suitable for various bottles, referring to plastic bottles, glass bottles, metal bottles, etc.&nbsp;It\u2019s equipped with a PLC touch [&hellip;]<\/p>\n","protected":false},"author":1,"featured_media":1988,"parent":0,"template":"","tags":[173],"product-type":[144],"class_list":["post-1984","product","type-product","status-publish","has-post-thumbnail","hentry","tag-bottle-labeling-machine","product-type-supporting-equipment"],"_links":{"self":[{"href":"https:\/\/tianhuipackingmachine.com\/pt\/wp-json\/wp\/v2\/product\/1984","targetHints":{"allow":["GET"]}}],"collection":[{"href":"https:\/\/tianhuipackingmachine.com\/pt\/wp-json\/wp\/v2\/product"}],"about":[{"href":"https:\/\/tianhuipackingmachine.com\/pt\/wp-json\/wp\/v2\/types\/product"}],"author":[{"embeddable":true,"href":"https:\/\/tianhuipackingmachine.com\/pt\/wp-json\/wp\/v2\/users\/1"}],"wp:featuredmedia":[{"embeddable":true,"href":"https:\/\/tianhuipackingmachine.com\/pt\/wp-json\/wp\/v2\/media\/1988"}],"wp:attachment":[{"href":"https:\/\/tianhuipackingmachine.com\/pt\/wp-json\/wp\/v2\/media?parent=1984"}],"wp:term":[{"taxonomy":"post_tag","embeddable":true,"href":"https:\/\/tianhuipackingmachine.com\/pt\/wp-json\/wp\/v2\/tags?post=1984"},{"taxonomy":"product-type","embeddable":true,"href":"https:\/\/tianhuipackingmachine.com\/pt\/wp-json\/wp\/v2\/product-type?post=1984"}],"curies":[{"name":"wp","href":"https:\/\/api.w.org\/{rel}","templated":true}]}}