{"id":1721,"date":"2021-07-06T17:53:50","date_gmt":"2021-07-06T09:53:50","guid":{"rendered":"https:\/\/tianhuipackingmachine.com\/?page_id=1721"},"modified":"2024-03-08T09:30:29","modified_gmt":"2024-03-08T01:30:29","slug":"bag-packaging-machine","status":"publish","type":"product","link":"https:\/\/tianhuipackingmachine.com\/pt\/bag-packaging-machine\/","title":{"rendered":"M\u00e1quina de embalagem de sacos"},"content":{"rendered":"<p class=\"translation-block\"><strong>M\u00e1quina de embalagem de sacos<\/strong> aplica-se \u00e0 embalagem de v\u00e1rios tipos de p\u00f3s, s\u00f3lidos, l\u00edquidos e pastas. Os produtos de embalagem em saco est\u00e3o em todo o lado na nossa vida quotidiana, como supermercados, lojas de conveni\u00eancia, lojas de cosm\u00e9ticos, farm\u00e1cias, lojas de ferragens, etc. Com base no grau de automa\u00e7\u00e3o, a m\u00e1quina de embalagem de sacos inclui uma m\u00e1quina de embalagem totalmente autom\u00e1tica e uma m\u00e1quina de embalagem semiautom\u00e1tica. A m\u00e1quina de embalagem de sacos totalmente autom\u00e1tica pode completar automaticamente todo o processo de pesagem, forma\u00e7\u00e3o de sacos, enchimento, selagem, corte e contagem. Enquanto a m\u00e1quina de embalagem de sacos semiautom\u00e1tica precisa de colocar o saco na m\u00e1quina manualmente. \u00c9 melhor informar-nos sobre os produtos que precisa de embalar e os tamanhos dos sacos de embalagem que pretende antes de comprar uma m\u00e1quina de embalagem de sacos, para que possamos dar-lhe sugest\u00f5es mais \u00fateis. Al\u00e9m disso, fornecemos servi\u00e7o personalizado. Entre em contacto connosco agora para obter mais detalhes.<\/p>    <h2 class=\"wp-block-heading\" id=\"h-various-excellent-bag-packaging-machine-for-sale\">V\u00e1rias excelentes m\u00e1quinas de embalagem de sacos para venda<\/h2>    <p>A m\u00e1quina de embalagem de sacos para venda em Top Packing Machinery est\u00e1 relacionada \u00e0 m\u00e1quina de embalagem de p\u00f3, m\u00e1quina de embalagem de gr\u00e2nulos, m\u00e1quina de embalagem de l\u00edquidos, m\u00e1quina de embalagem de lapela, m\u00e1quina de embalagem de balde basculante, m\u00e1quina de embalagem a v\u00e1cuo, etc. A m\u00e1quina de embalagem de saco de p\u00f3 pode embalar os materiais dentro de 50kg . H\u00e1 uma m\u00e1quina de embalagem autom\u00e1tica de p\u00f3 em bolsa de 0-80g, m\u00e1quina de embalagem autom\u00e1tica de p\u00f3 de 0-1kg, equipamento de embalagem de p\u00f3 semiautom\u00e1tico de 1-5kg, equipamento de embalagem semiautom\u00e1tico de 5-50kg. Para gr\u00e2nulos, voc\u00ea tamb\u00e9m pode escolher uma m\u00e1quina de embalagem de gr\u00e2nulos pequenos ou uma m\u00e1quina de embalagem de gr\u00e2nulos grandes. A m\u00e1quina de embalagem a v\u00e1cuo inclui m\u00e1quina de embalagem de c\u00e2mara \u00fanica, m\u00e1quina de embalagem de c\u00e2mara dupla e m\u00e1quina de embalagem de filme extens\u00edvel. Al\u00e9m disso, os estilos de saco de embalagem s\u00e3o selo traseiro, selo de 3 lados, selo de 4 lados e saco pir\u00e2mide opcional. Al\u00e9m disso, apoiamos um servi\u00e7o de personaliza\u00e7\u00e3o de acordo com as suas necessidades reais. Voc\u00ea est\u00e1 interessado em nosso equipamento de embalagem de sacos? Contacte-nos para mais informa\u00e7\u00f5es.<\/p>    <div class=\"wp-block-columns is-layout-flex wp-container-core-columns-is-layout-28f84493 wp-block-columns-is-layout-flex\"> <div class=\"wp-block-column is-layout-flow wp-block-column-is-layout-flow\"> <figure class=\"wp-block-image size-large\"><img loading=\"lazy\" decoding=\"async\" width=\"600\" height=\"450\" src=\"https:\/\/tianhuipackingmachine.com\/wp-content\/uploads\/2021\/06\/powder-pouch-packing-machine-2.jpg\" alt=\"fornecedor de m\u00e1quina de embalagem de bolsa de p\u00f3\" class=\"wp-image-1351\" srcset=\"https:\/\/tianhuipackingmachine.com\/wp-content\/uploads\/2021\/06\/powder-pouch-packing-machine-2.jpg 600w, https:\/\/tianhuipackingmachine.com\/wp-content\/uploads\/2021\/06\/powder-pouch-packing-machine-2-300x225.jpg 300w\" sizes=\"auto, (max-width: 600px) 100vw, 600px\" \/><figcaption>M\u00e1quina de embalagem de bolsas de p\u00f3<\/figcaption><\/figure> <\/div>    <div class=\"wp-block-column is-layout-flow wp-block-column-is-layout-flow\"> <h3 class=\"has-text-color wp-block-heading\" id=\"h-0-80g-pouch-powder-packing-equipment-parameters\" style=\"color:#ff5200\">Par\u00e2metros do equipamento de embalagem de p\u00f3 de bolsa de 0-80g<\/h3>    <ul class=\"wp-block-list\"><li>Estilo de embalagem (estilo saco): veda\u00e7\u00e3o de 3 lados \/ veda\u00e7\u00e3o traseira \/ veda\u00e7\u00e3o de 4 lados<\/li><li>Velocidade de embalagem: 20-80 sacos\/min<\/li><li>Consumo de energia: 1,8 kW<\/li><li>Peso:\u00a0250kg<\/li><li>Dimens\u00f5es: 650*1050*1950mm<\/li><li>Peso da embalagem: 0-80g<\/li><li>Largura do saco: 20-150 mm (substituir o anterior do saco)<\/li><li>Comprimento do saco: ajuste de 30-180 mm<\/li><li>Nota: servi\u00e7o personalizado dispon\u00edvel<\/li><\/ul> <\/div> <\/div>    <div class=\"wp-block-columns is-layout-flex wp-container-core-columns-is-layout-28f84493 wp-block-columns-is-layout-flex\"> <div class=\"wp-block-column is-layout-flow wp-block-column-is-layout-flow\"> <figure class=\"wp-block-image size-large\"><img loading=\"lazy\" decoding=\"async\" width=\"600\" height=\"450\" src=\"https:\/\/tianhuipackingmachine.com\/wp-content\/uploads\/2021\/06\/snacks-granule-packing-machine.jpg\" alt=\"m\u00e1quina de embalagem de gr\u00e2nulos de lanches para venda\" class=\"wp-image-1060\" srcset=\"https:\/\/tianhuipackingmachine.com\/wp-content\/uploads\/2021\/06\/snacks-granule-packing-machine.jpg 600w, https:\/\/tianhuipackingmachine.com\/wp-content\/uploads\/2021\/06\/snacks-granule-packing-machine-300x225.jpg 300w\" sizes=\"auto, (max-width: 600px) 100vw, 600px\" \/><figcaption>M\u00e1quina de embalagem de gr\u00e2nulos de lanches<\/figcaption><\/figure> <\/div>    <div class=\"wp-block-column is-layout-flow wp-block-column-is-layout-flow\"> <h3 class=\"has-text-color wp-block-heading\" id=\"h-th-450-granule-packing-machine-parameters\" style=\"color:#ff5200\">Par\u00e2metros da m\u00e1quina de embalagem de gr\u00e2nulos TH-450<\/h3>    <ul class=\"wp-block-list\"><li>Estilo do saco de embalagem (escolha a op\u00e7\u00e3o): Selo traseiro\/selo de 3 lados<\/li><li>Velocidade de embalagem: 20-80 sacos\/min<\/li><li>Consumo de energia: 2,2 kW<\/li><li>Peso:\u00a0420kg<\/li><li>Dimens\u00f5es: 750*750*21000mm<\/li><li>Peso da embalagem: 100-1000 gramas<\/li><li>Largura do saco: 20-200 mm<\/li><li>Comprimento do saco: ajuste de 30-180 mm<\/li><li>Nota: personalizado dispon\u00edvel<\/li><\/ul> <\/div> <\/div>    <div class=\"wp-block-columns is-layout-flex wp-container-core-columns-is-layout-28f84493 wp-block-columns-is-layout-flex\"> <div class=\"wp-block-column is-layout-flow wp-block-column-is-layout-flow\"> <figure class=\"wp-block-image size-large\"><img loading=\"lazy\" decoding=\"async\" width=\"600\" height=\"450\" src=\"https:\/\/tianhuipackingmachine.com\/wp-content\/uploads\/2021\/07\/multi-head-weigher-bag-lapel-packaging-machine-1.jpg\" alt=\"m\u00e1quina de embalagem de lapela de saco pesador com v\u00e1rias cabe\u00e7as\" class=\"wp-image-1734\" srcset=\"https:\/\/tianhuipackingmachine.com\/wp-content\/uploads\/2021\/07\/multi-head-weigher-bag-lapel-packaging-machine-1.jpg 600w, https:\/\/tianhuipackingmachine.com\/wp-content\/uploads\/2021\/07\/multi-head-weigher-bag-lapel-packaging-machine-1-300x225.jpg 300w\" sizes=\"auto, (max-width: 600px) 100vw, 600px\" \/><figcaption>M\u00e1quina de embalagem de lapela de saco pesador de m\u00faltiplas cabe\u00e7as<\/figcaption><\/figure> <\/div>    <div class=\"wp-block-column is-layout-flow wp-block-column-is-layout-flow\"> <h3 class=\"has-text-color wp-block-heading\" id=\"h-tz-520-multi-head-weigher-packaging-machine-parameters\" style=\"color:#ff5200\">Par\u00e2metros da m\u00e1quina de embalagem de balan\u00e7a multi-cabe\u00e7a TZ-520<\/h3>    <ul class=\"wp-block-list\"><li>Largura do filme: M\u00e1x.520<\/li><li>Comprimento da bolsa\u00a0(mm):80-350<\/li><li>Largura do saco\u00a0(mm):100-250<\/li><li>Di\u00e2metro do filme\u00a0(mm): M\u00e1x.320<\/li><li>Velocidade de embalagem\u00a0(P\/min):5-60<\/li><li>Faixa de medi\u00e7\u00e3o: 2000<\/li><li>Pot\u00eancia (220v 50\/60Hz):3KW<\/li><li>Dimens\u00e3o (mm):1488*1080*1490<\/li><li>Nota: servi\u00e7o OEM dispon\u00edvel<\/li><\/ul> <\/div> <\/div>    <div class=\"wp-block-columns is-layout-flex wp-container-core-columns-is-layout-28f84493 wp-block-columns-is-layout-flex\"> <div class=\"wp-block-column is-layout-flow wp-block-column-is-layout-flow\"> <figure class=\"wp-block-image size-full\"><img loading=\"lazy\" decoding=\"async\" width=\"600\" height=\"450\" src=\"https:\/\/tianhuipackingmachine.com\/wp-content\/uploads\/2021\/12\/automatic-pillow-packing-machine.jpg\" alt=\"m\u00e1quina autom\u00e1tica de embalagem de travesseiros\" class=\"wp-image-3611\" srcset=\"https:\/\/tianhuipackingmachine.com\/wp-content\/uploads\/2021\/12\/automatic-pillow-packing-machine.jpg 600w, https:\/\/tianhuipackingmachine.com\/wp-content\/uploads\/2021\/12\/automatic-pillow-packing-machine-480x360.jpg 480w\" sizes=\"auto, (max-width: 600px) 100vw, 600px\" \/><figcaption>M\u00e1quina autom\u00e1tica de embalagem de travesseiros<\/figcaption><\/figure> <\/div>    <div class=\"wp-block-column is-layout-flow wp-block-column-is-layout-flow\"> <h3 class=\"has-text-color wp-block-heading\" id=\"h-th-450-pillow-packing-equipment-parameters\" style=\"color:#ff5200\">Par\u00e2metros do equipamento de embalagem de travesseiros TH-450<\/h3>    <ul class=\"wp-block-list\" id=\"block-2b2732e3-9ecb-491e-b7cd-ef8fd6cac921\"><li>Largura do filme: M\u00e1x. 450 mm<\/li><li>Comprimento do saco: 130-450 mm<\/li><li>Largura do saco: 50-80 mm<\/li><li>Altura do produto: M\u00e1x.70 mm<\/li><li>Velocidade de embalagem: 30-180 sacos\/min<\/li><li>Pot\u00eancia: 220 V, 50\/60 Hz, 2,6 KVA<\/li><li>Peso: 900 kg<\/li><li>Dimens\u00e3o: 4020*745*1450mm<\/li><li>Nota: pode ser personalizado<\/li><\/ul> <\/div> <\/div>    <h2 class=\"wp-block-heading\" id=\"h-characteristics-of-automatic-bag-pouch-packing-machine\">Caracter\u00edsticas da m\u00e1quina autom\u00e1tica de embalagem de bolsas<\/h2>    <ol class=\"wp-block-list\" type=\"1\"><li>Estrutura simples de instalar, operar e manter;<\/li><li>Quase os materiais do corpo adotam a\u00e7o inoxid\u00e1vel, dur\u00e1vel e f\u00e1cil de limpar;<\/li><li>Configure usando idioma, temperatura de selagem, velocidade de embalagem, etc. no painel de controle.<\/li><li>Adequado para v\u00e1rios tipos de embalagens de sacos; pequeno, m\u00e9dio ou grande; selo traseiro, selo de 3 lados, selo de 4 lados ou saco pir\u00e2mide;<\/li><li>Completamente <strong><a href=\"https:\/\/tianhuipackingmachine.com\/pt\/automatic-packing-machine\/\">m\u00e1quina autom\u00e1tica de embalagem de sacos<\/a><\/strong> pode completar todo o processo de pesagem, forma\u00e7\u00e3o de sacos, enchimento, selagem, corte e contagem.<\/li><li>A pequena m\u00e1quina embaladora de sacos verticais est\u00e1 equipada com quatro rodas, f\u00e1ceis de mover.<\/li><li>O bot\u00e3o de emerg\u00eancia foi projetado como uma precau\u00e7\u00e3o de seguran\u00e7a.<\/li><li>O servi\u00e7o OEM est\u00e1 dispon\u00edvel.<\/li><\/ol>    <h2 class=\"wp-block-heading\" id=\"h-wide-applications-of-automatic-bag-packing-equipment\"><strong>Amplas aplica\u00e7\u00f5es de equipamento autom\u00e1tico de embalagem de sacos<\/strong><\/h2>    <p class=\"translation-block\">A m\u00e1quina de embalagem de sacos est\u00e1 associada a <strong>m\u00e1quinas de embalagem de p\u00f3<\/strong>, m\u00e1quinas de embalagem de granulados, m\u00e1quinas de embalagem de l\u00edquidos, m\u00e1quinas de embalagem pillow, m\u00e1quinas de embalagem a v\u00e1cuo, etc.<\/p>    <ol class=\"wp-block-list\" type=\"1\"><li>M\u00e1quina de embalagem de saco de p\u00f3: caf\u00e9 em p\u00f3, especiarias em p\u00f3, leite em p\u00f3, farinha, farinha de milho, amilum, cacau em p\u00f3, condimento, p\u00f3 qu\u00edmico, etc.<\/li><li><strong><a href=\"https:\/\/tianhuipackingmachine.com\/pt\/granule-packing-machine\/\">M\u00e1quina de embalagem de saco de gr\u00e2nulos<\/a><\/strong>: gr\u00e3o de caf\u00e9, fava, soja verde, salgadinhos, a\u00e7\u00facar, amendoim, biscoito, aveia, doce, pipoca, arroz, ch\u00e1, sementes e assim por diante.<\/li><li>M\u00e1quina de embalagem de sacos l\u00edquidos: leite, suco, vinagre, leite de soja, \u00e1gua com g\u00e1s, etc.<\/li><li><strong><a href=\"https:\/\/tianhuipackingmachine.com\/pt\/pillow-packing-machine\/\">M\u00e1quina de embalagem de saco de travesseiro<\/a><\/strong>: p\u00e3o, biscoito, bolo da lua, rolinho su\u00ed\u00e7o, legumes, frutas, m\u00e1scara, toalha, roupas, marcenaria, sabonete, etc.<\/li><li><strong><a href=\"https:\/\/tianhuipackingmachine.com\/pt\/vacuum-packaging-machine\/\">M\u00e1quina de embalagem de saco a v\u00e1cuo<\/a><\/strong>: salsicha, bacon, pato assado, manteiga, arroz, amendoim, milho, frutas secas, biscoito, farinha, carne bovina, su\u00edna, frango, tofu seco, vegetais, frutas e assim por diante.<\/li><\/ol>    <div class=\"wp-block-columns is-layout-flex wp-container-core-columns-is-layout-28f84493 wp-block-columns-is-layout-flex\"> <div class=\"wp-block-column is-layout-flow wp-block-column-is-layout-flow\"> <figure class=\"wp-block-image size-large\"><img loading=\"lazy\" decoding=\"async\" width=\"600\" height=\"450\" src=\"https:\/\/tianhuipackingmachine.com\/wp-content\/uploads\/2021\/05\/powder-packing-equipment-applications.jpg\" alt=\"aplica\u00e7\u00f5es de equipamentos de embalagem de p\u00f3\" class=\"wp-image-700\" srcset=\"https:\/\/tianhuipackingmachine.com\/wp-content\/uploads\/2021\/05\/powder-packing-equipment-applications.jpg 600w, https:\/\/tianhuipackingmachine.com\/wp-content\/uploads\/2021\/05\/powder-packing-equipment-applications-300x225.jpg 300w\" sizes=\"auto, (max-width: 600px) 100vw, 600px\" \/><figcaption>Aplica\u00e7\u00f5es de equipamentos de embalagem de p\u00f3<\/figcaption><\/figure> <\/div>    <div class=\"wp-block-column is-layout-flow wp-block-column-is-layout-flow\"> <figure class=\"wp-block-image size-large\"><img loading=\"lazy\" decoding=\"async\" width=\"720\" height=\"484\" src=\"https:\/\/tianhuipackingmachine.com\/wp-content\/uploads\/2021\/05\/liquid-packing-products-display.jpg\" alt=\"exposi\u00e7\u00e3o de produtos de embalagem l\u00edquida\" class=\"wp-image-720\" srcset=\"https:\/\/tianhuipackingmachine.com\/wp-content\/uploads\/2021\/05\/liquid-packing-products-display.jpg 720w, https:\/\/tianhuipackingmachine.com\/wp-content\/uploads\/2021\/05\/liquid-packing-products-display-300x202.jpg 300w, https:\/\/tianhuipackingmachine.com\/wp-content\/uploads\/2021\/05\/liquid-packing-products-display-272x182.jpg 272w\" sizes=\"auto, (max-width: 720px) 100vw, 720px\" \/><figcaption>Exibi\u00e7\u00e3o de produtos de embalagem l\u00edquida<\/figcaption><\/figure> <\/div> <\/div>    <h2 class=\"wp-block-heading\" id=\"h-do-you-know-about-price\"><strong>Voc\u00ea sabe sobre pre\u00e7o? <\/strong><\/h2>    <p>O pre\u00e7o da m\u00e1quina de embalagem de sacos est\u00e1 intimamente relacionado com o status e os formatos do material de enchimento, o tamanho do saco de embalagem e quais dispositivos combinar. Em primeiro lugar, a m\u00e1quina embaladora de sacos est\u00e1 relacionada ao equipamento de embalagem para p\u00f3, gr\u00e2nulos, peda\u00e7os, l\u00edquidos, pasta, etc. Os pre\u00e7os das m\u00e1quinas embaladoras para diferentes status e formatos de materiais necessitam de diferentes estruturas e fun\u00e7\u00f5es, portanto seus pre\u00e7os s\u00e3o diferentes. Em segundo lugar, voc\u00ea tem requisitos espec\u00edficos sobre largura e comprimento da sacola? Algumas m\u00e1quinas podem embalar sacos pequenos, enquanto outras podem embalar sacos grandes. Seus pre\u00e7os diferem nos tamanhos das embalagens. Por \u00faltimo, mas n\u00e3o menos importante, fornecemos alguns dispositivos opcionais, como impressoras de data, dispositivos de enchimento de nitrog\u00eanio, correias transportadoras, dispositivos de carregamento, etc. Al\u00e9m disso, apoiamos um servi\u00e7o personalizado de acordo com as suas reais necessidades. Contate-nos hoje para o melhor pre\u00e7o.<\/p>    <h2 class=\"wp-block-heading\" id=\"h-similarity-differences\"><strong>Semelhan\u00e7as e diferen\u00e7as<\/strong><strong><\/strong><\/h2>    <ol class=\"wp-block-list\" type=\"1\"><li>A m\u00e1quina de embalagem de sacos para p\u00f3, gr\u00e2nulos e l\u00edquidos \u00e9 uma m\u00e1quina vertical. Equipamentos de embalagem de lapela, m\u00e1quina de embalagem com balde basculante e m\u00e1quina de embalagem a v\u00e1cuo de c\u00e2mara \u00fanica tamb\u00e9m s\u00e3o m\u00e1quinas verticais.<\/li><li>Para materiais de enchimento, a m\u00e1quina de embalagem de p\u00f3 geralmente \u00e9 equipada com um parafuso horizontal, vertical ou inclinado. A m\u00e1quina embaladora de gr\u00e2nulos usa plataforma girat\u00f3ria com copos medidores para medir o volume de enchimento. A m\u00e1quina de embalagem de l\u00edquidos adota tubos. A m\u00e1quina embaladora de lapela combina com a balan\u00e7a de m\u00faltiplas cabe\u00e7as. A m\u00e1quina embaladora com balde basculante tem muitos baldes.<\/li><li>Para selar, a m\u00e1quina embaladora a v\u00e1cuo de c\u00e2mara usa tira de veda\u00e7\u00e3o, enquanto a m\u00e1quina embaladora de saco que precisa fazer o saco atrav\u00e9s do formador de saco adota selagem t\u00e9rmica e dispositivo de corte.<\/li><\/ol>    <div class=\"wp-block-columns is-layout-flex wp-container-core-columns-is-layout-28f84493 wp-block-columns-is-layout-flex\"> <div class=\"wp-block-column is-layout-flow wp-block-column-is-layout-flow\"> <figure class=\"wp-block-image size-large\"><img loading=\"lazy\" decoding=\"async\" width=\"600\" height=\"450\" src=\"https:\/\/tianhuipackingmachine.com\/wp-content\/uploads\/2021\/07\/the-screw-used-in-powder-packer.jpg\" alt=\"o parafuso usado no empacotador de p\u00f3\" class=\"wp-image-1758\" srcset=\"https:\/\/tianhuipackingmachine.com\/wp-content\/uploads\/2021\/07\/the-screw-used-in-powder-packer.jpg 600w, https:\/\/tianhuipackingmachine.com\/wp-content\/uploads\/2021\/07\/the-screw-used-in-powder-packer-300x225.jpg 300w\" sizes=\"auto, (max-width: 600px) 100vw, 600px\" \/><figcaption>O parafuso usado no empacotador de p\u00f3<\/figcaption><\/figure> <\/div>    <div class=\"wp-block-column is-layout-flow wp-block-column-is-layout-flow\"> <figure class=\"wp-block-image size-large\"><img loading=\"lazy\" decoding=\"async\" width=\"600\" height=\"450\" src=\"https:\/\/tianhuipackingmachine.com\/wp-content\/uploads\/2021\/06\/rotary-table-and-measuring-cup.jpg\" alt=\"copo medidor de m\u00e1quina de embalagem\" class=\"wp-image-1053\" srcset=\"https:\/\/tianhuipackingmachine.com\/wp-content\/uploads\/2021\/06\/rotary-table-and-measuring-cup.jpg 600w, https:\/\/tianhuipackingmachine.com\/wp-content\/uploads\/2021\/06\/rotary-table-and-measuring-cup-300x225.jpg 300w\" sizes=\"auto, (max-width: 600px) 100vw, 600px\" \/><figcaption>Mesa girat\u00f3ria e copo medidor<\/figcaption><\/figure> <\/div> <\/div>    <h2 class=\"wp-block-heading\" id=\"h-why-choosing-us-is-a-good-idea-for-you\"><strong>Por que nos escolher \u00e9 uma boa ideia para voc\u00ea?<\/strong><strong><\/strong><\/h2>    <ol class=\"wp-block-list\" type=\"1\"><li>Temos uma vasta experi\u00eancia em m\u00e1quinas de embalagem de sacos. Nossa empresa, Henan Top Packing Machinery Co., Ltd, fundada em 1992, est\u00e1 envolvida em m\u00e1quinas de embalagem de sacos h\u00e1 quase 30 anos.<\/li><li>Contando com a boa qualidade e pre\u00e7o competitivo, temos pedidos completos de mais de 100 pa\u00edses, como EUA, Canad\u00e1, Austr\u00e1lia, Inglaterra, \u00cdndia, Paquist\u00e3o, Mal\u00e1sia, Filipinas, Indon\u00e9sia, Bangladesh, Nig\u00e9ria, etc.<\/li><li>Temos um sistema de inspe\u00e7\u00e3o extremamente rigoroso para nossos produtos. Antes do envio, tiraremos fotos e v\u00eddeos para voc\u00ea. Se voc\u00ea tiver alguma d\u00favida sobre nossas m\u00e1quinas, entre em contato conosco e responderemos o mais breve poss\u00edvel. O servi\u00e7o online 24 horas est\u00e1 dispon\u00edvel para voc\u00ea.<\/li><li>Como fabricante e fornecedor, oferecemos suporte ao servi\u00e7o OEM com base em seus requisitos espec\u00edficos. Faremos o nosso melhor para oferecer um melhor servi\u00e7o para voc\u00ea.<\/li><\/ol>    <h2 class=\"wp-block-heading\" id=\"h-contact-us-for-useful-details-and-the-best-price\"><strong>Contate-nos para detalhes \u00fateis e o melhor pre\u00e7o<\/strong><strong><\/strong><\/h2>    <p class=\"translation-block\">A m\u00e1quina de embalagem de sacos na <strong>Henan Top Packing Machinery<\/strong> refere-se a embalagem de p\u00f3, embalagem de granulados, embalagem de l\u00edquidos, embalagem a v\u00e1cuo, etc. A m\u00e1quina de embalagem de sacos tem uma vasta aplica\u00e7\u00e3o em <strong>caf\u00e9<\/strong>, leite, farinha, condimento, <strong>especiarias<\/strong>, fava, soja verde, <strong>snacks<\/strong>, a\u00e7\u00facar, amendoim, biscoito, aveia, doce, pipoca, ch\u00e1, <strong>arroz<\/strong>, sumo, vinagre, refrigerante, p\u00e3o, bolo lunar, carne, <strong>vegetais,<\/strong> fruta, m\u00e1scara, toalha, roupa,<strong> sab\u00e3o<\/strong>, detergente, produtos qu\u00edmicos, etc. Al\u00e9m disso, fornecemos dispositivos de carregamento, correias transportadoras, impressoras de datas, dispositivos de enchimento de nitrog\u00e9nio, etc. Pode escolher e comprar com base nas suas necessidades. Al\u00e9m disso, fornecemos servi\u00e7o personalizado para si. Est\u00e1 interessado nas nossas m\u00e1quinas? Entre em contacto connosco em breve para obter mais sugest\u00f5es \u00fateis e o melhor pre\u00e7o.<\/p>","protected":false},"excerpt":{"rendered":"<p>Bag packing machine applies for packaging various kinds of powder, solid, liquid, and paste. Bag packing products are everywhere in our daily life, such as supermarkets, convenience stores, cosmetic shops, drug stores, hardware stores, etc. Based on the degree of automation, the bag packaging machine includes a fully automatic packaging machine and a semi-automatic packaging [&hellip;]<\/p>\n","protected":false},"author":1,"featured_media":1734,"parent":0,"template":"","tags":[175],"product-type":[145],"class_list":["post-1721","product","type-product","status-publish","has-post-thumbnail","hentry","tag-bag-packing-machine","product-type-other-products"],"_links":{"self":[{"href":"https:\/\/tianhuipackingmachine.com\/pt\/wp-json\/wp\/v2\/product\/1721","targetHints":{"allow":["GET"]}}],"collection":[{"href":"https:\/\/tianhuipackingmachine.com\/pt\/wp-json\/wp\/v2\/product"}],"about":[{"href":"https:\/\/tianhuipackingmachine.com\/pt\/wp-json\/wp\/v2\/types\/product"}],"author":[{"embeddable":true,"href":"https:\/\/tianhuipackingmachine.com\/pt\/wp-json\/wp\/v2\/users\/1"}],"wp:featuredmedia":[{"embeddable":true,"href":"https:\/\/tianhuipackingmachine.com\/pt\/wp-json\/wp\/v2\/media\/1734"}],"wp:attachment":[{"href":"https:\/\/tianhuipackingmachine.com\/pt\/wp-json\/wp\/v2\/media?parent=1721"}],"wp:term":[{"taxonomy":"post_tag","embeddable":true,"href":"https:\/\/tianhuipackingmachine.com\/pt\/wp-json\/wp\/v2\/tags?post=1721"},{"taxonomy":"product-type","embeddable":true,"href":"https:\/\/tianhuipackingmachine.com\/pt\/wp-json\/wp\/v2\/product-type?post=1721"}],"curies":[{"name":"wp","href":"https:\/\/api.w.org\/{rel}","templated":true}]}}