{"id":1704,"date":"2021-07-02T18:39:31","date_gmt":"2021-07-02T10:39:31","guid":{"rendered":"https:\/\/tianhuipackingmachine.com\/?page_id=1704"},"modified":"2024-12-03T16:23:14","modified_gmt":"2024-12-03T08:23:14","slug":"soap-packaging-machines","status":"publish","type":"product","link":"https:\/\/tianhuipackingmachine.com\/pt\/soap-packaging-machines\/","title":{"rendered":"M\u00e1quina de embalagem de sab\u00e3o"},"content":{"rendered":"<p class=\"translation-block\">A <strong>m\u00e1quina de embalagem de sab\u00e3o Shuliy<\/strong> \u00e9 uma m\u00e1quina de embalagem tipo travesseiro, que embala automaticamente v\u00e1rias formas de sab\u00e3o, como sab\u00e3o em cubo, sab\u00e3o para toalete, sab\u00e3o redondo, etc. em sacos. \u00c9 amplamente utilizada nas ind\u00fastrias de produtos qu\u00edmicos di\u00e1rios e detergentes.<\/p>    <p>A velocidade de embalagem \u00e9 de 5 a 200 sacos por minuto, ajust\u00e1vel de acordo com as demandas do seu neg\u00f3cio. Com sua alta efici\u00eancia, bom pre\u00e7o e personaliza\u00e7\u00e3o, esta m\u00e1quina embaladora de sab\u00e3o em barra foi exportada para Emirados \u00c1rabes Unidos, Ge\u00f3rgia, Uganda, etc.<\/p>    <p>Voc\u00ea est\u00e1 procurando uma m\u00e1quina de embalagem Sabun? Bem-vindo a entrar em contato conosco para mais detalhes.<\/p>   <figure class=\"wp-block-embed-youtube wp-block-embed is-type-video is-provider-youtube wp-embed-aspect-16-9 wp-has-aspect-ratio\"><div class=\"lyte-wrapper\" title=\"M\u00e1quina autom\u00e1tica de embalagem de sab\u00e3o | M\u00e1quina embaladora de sab\u00e3o de alta velocidade #soappacking\" style=\"width:853px;max-width:100%;margin:5px auto;\"><div class=\"lyMe\" id=\"WYL_tHWV9_ADpxs\" itemprop=\"video\" itemscope itemtype=\"https:\/\/schema.org\/VideoObject\"><div><meta itemprop=\"thumbnailUrl\" content=\"https:\/\/i.ytimg.com\/vi\/tHWV9_ADpxs\/hqdefault.jpg\" \/><meta itemprop=\"embedURL\" content=\"https:\/\/www.youtube.com\/embed\/tHWV9_ADpxs\" \/><meta itemprop=\"duration\" content=\"PT2M32S\" \/><meta itemprop=\"uploadDate\" content=\"2024-12-03T03:46:36Z\" \/><\/div><div id=\"lyte_tHWV9_ADpxs\" data-src=\"https:\/\/i.ytimg.com\/vi\/tHWV9_ADpxs\/hqdefault.jpg\" class=\"pL\"><div class=\"tC\"><div class=\"tT\" itemprop=\"name\">M\u00e1quina autom\u00e1tica de embalagem de sab\u00e3o | M\u00e1quina embaladora de sab\u00e3o de alta velocidade #soappacking<\/div><\/div><div class=\"play\"><\/div><div class=\"ctrl\"><div class=\"Lctrl\"><\/div><div class=\"Rctrl\"><\/div><\/div><\/div><noscript><a href=\"https:\/\/youtu.be\/tHWV9_ADpxs\" rel=\"nofollow noopener\" target=\"_blank\"><img loading=\"lazy\" decoding=\"async\" src=\"https:\/\/i.ytimg.com\/vi\/tHWV9_ADpxs\/0.jpg\" alt=\"M\u00e1quina autom\u00e1tica de embalagem de sab\u00e3o | M\u00e1quina embaladora de sab\u00e3o de alta velocidade #soappacking\" width=\"853\" height=\"460\" \/><\/a><\/noscript><meta itemprop=\"description\" content=\"#soapwrapper #soappacking #packagingmachine #horizontalpackingmachine WhatsApp No.: https:\/\/wa.me\/+8613673689272 WeChat\/Tel No.:+8613673689272 Email: info@tianhuipackingmachine.com Website: https:\/\/tianhuipackingmachine.com\/soap-packaging-machines\/ Discover the efficiency of our automatic soap packaging machine in this high-speed demonstration. Perfect for packing bar soap, round soap, or custom-shaped soap, this machine ensures precise wrapping, durability, and attractive presentation. Designed for optimal performance, it supports a variety of packaging materials and styles, including transparent and printed film. Whether you&#039;re in cosmetics or cleaning product manufacturing, this machine adapts to your production needs. Contact us today for more details or a personalized solution for your packaging requirements! WhatsApp No.: https:\/\/wa.me\/+8613673689272 WeChat\/Tel No.:+8613673689272 Email: info@tianhuipackingmachine.com Website: https:\/\/tianhuipackingmachine.com\/soap-packaging-machines\/\"><\/div><\/div><div class=\"lL\" style=\"max-width:100%;width:853px;margin:5px auto;\"> <a href=\"https:\/\/youtu.be\/tHWV9_ADpxs\" target=\"_blank\" rel=\"noopener\">Assista a este v\u00eddeo no YouTube<\/a>.<\/div><figcaption>v\u00eddeo da m\u00e1quina de embalar sabonete em barra<\/figcaption><\/figure>   <h2 class=\"wp-block-heading\" id=\"h-soap-packaging-machine-for-sale\"><strong>Venda m\u00e1quina de embalagem de cubos de sab\u00e3o de alta qualidade<\/strong><\/h2>    <p>Como fabricante e fornecedor profissional de m\u00e1quinas de embalagem, v\u00e1rias m\u00e1quinas de embalagem de sab\u00e3o est\u00e3o dispon\u00edveis para venda. Os modelos principais incluem SL-250, SL-350, SL-450 e SL-600. A seguir est\u00e3o as informa\u00e7\u00f5es dos par\u00e2metros da m\u00e1quina embaladora de sab\u00e3o SL-350 para sua refer\u00eancia.<\/p>    <p>Se voc\u00ea quiser saber mais sobre os par\u00e2metros da m\u00e1quina, entre em contato conosco!<\/p>    <div class=\"wp-block-columns is-layout-flex wp-container-core-columns-is-layout-28f84493 wp-block-columns-is-layout-flex\"> <div class=\"wp-block-column is-layout-flow wp-block-column-is-layout-flow\"> <figure class=\"wp-block-image size-full\"><img loading=\"lazy\" decoding=\"async\" width=\"600\" height=\"450\" src=\"https:\/\/tianhuipackingmachine.com\/wp-content\/uploads\/2021\/12\/soap-packaging-machine.jpg\" alt=\"m\u00e1quina de embalagem de sab\u00e3o\" class=\"wp-image-3590\" srcset=\"https:\/\/tianhuipackingmachine.com\/wp-content\/uploads\/2021\/12\/soap-packaging-machine.jpg 600w, https:\/\/tianhuipackingmachine.com\/wp-content\/uploads\/2021\/12\/soap-packaging-machine-480x360.jpg 480w\" sizes=\"auto, (max-width: 600px) 100vw, 600px\" \/><figcaption class=\"wp-element-caption\">M\u00e1quina de embalagem de sab\u00e3o<\/figcaption><\/figure> <\/div>    <div class=\"wp-block-column is-vertically-aligned-center is-layout-flow wp-block-column-is-layout-flow\"> <h3 class=\"wp-block-heading has-text-color\" id=\"h-th-250-pillow-packing-equipment-parameters\" style=\"color:#ff5200\">Par\u00e2metros do equipamento de embalagem de travesseiro SL-350<\/h3>    <ul class=\"wp-block-list\"> <li>Comprimento do saco: 100-600mm<\/li>    <li>Largura do saco: 50-160mm<\/li>    <li>Altura do produto: m\u00e1x.70mm<\/li>    <li>Velocidade de embalagem: 5-200 sacos\/min<\/li>    <li>Pot\u00eancia: 220 V, 50\/60 Hz, 2,4 KVA<\/li>    <li>Peso: 800kg<\/li>    <li>Dimens\u00e3o: (C)4020*(L)720*(A)1450mm<\/li>    <li>Nota: pode ser personalizado<\/li> <\/ul> <\/div> <\/div>    <h2 class=\"wp-block-heading\" id=\"h-features-of-soap-wrapping-machine\"><strong>Vantagens da m\u00e1quina autom\u00e1tica de embalagem de sab\u00e3o<\/strong><\/h2>    <ul class=\"wp-block-list\"> <li>Pode <strong>embale de 5 a 200 sacos de sabonete em um minuto<\/strong>, que \u00e9 altamente eficiente.<\/li>    <li>A m\u00e1quina de embalagem de bolsas de sab\u00e3o Shuliy tem <strong>uma altura m\u00e1xima do produto de 100 mm, um comprimento de saco de 100-600 mm e uma largura de saco de 50-280 mm<\/strong>.<\/li>    <li>O material de embalagem do sab\u00e3o pode ser variado, suportando <strong>filme transparente, filme impresso<\/strong>, etc.<\/li>    <li>Voc\u00ea pode <strong>ajuste os par\u00e2metros no painel de controle PLC<\/strong>, simples e f\u00e1cil de usar.<\/li>    <li>De acordo com suas necessidades, <strong>faca simples, faca dupla e faca tripla<\/strong> s\u00e3o opcionais.<\/li>    <li>Pudermos <strong>personalize a tens\u00e3o da m\u00e1quina, pot\u00eancia, cor<\/strong>, etc. para atender \u00e0s suas necessidades.<\/li> <\/ul>    <figure class=\"wp-block-image size-large\"><img loading=\"lazy\" decoding=\"async\" width=\"667\" height=\"500\" src=\"https:\/\/tianhuipackingmachine.com\/wp-content\/uploads\/2024\/05\/soap-packing-machine-667x500.webp\" alt=\"m\u00e1quina de embalagem de sab\u00e3o\" class=\"wp-image-6673\" srcset=\"https:\/\/tianhuipackingmachine.com\/wp-content\/uploads\/2024\/05\/soap-packing-machine-667x500.webp 667w, https:\/\/tianhuipackingmachine.com\/wp-content\/uploads\/2024\/05\/soap-packing-machine-480x360.webp 480w, https:\/\/tianhuipackingmachine.com\/wp-content\/uploads\/2024\/05\/soap-packing-machine-16x12.webp 16w, https:\/\/tianhuipackingmachine.com\/wp-content\/uploads\/2024\/05\/soap-packing-machine.webp 720w\" sizes=\"auto, (max-width: 667px) 100vw, 667px\" \/><figcaption class=\"wp-element-caption\">M\u00e1quina de embalagem de sab\u00e3o<\/figcaption><\/figure>    <h2 class=\"wp-block-heading\" id=\"h-various-applications-of-soap-packaging-machine\"><strong>V\u00e1rias aplica\u00e7\u00f5es da m\u00e1quina de embalagem de sab\u00e3o em barra<\/strong><\/h2>    <p>Nossa m\u00e1quina para embalar sabonetes se aplica amplamente a diversos tamanhos de sabonetes. \u00c9 adequado para:<\/p>    <p>Sabonete quadrado, sabonete redondo, sadun oval, sabonete em cubo, sabonete em barra, sabonete, sabonete para banho, sabonete para beb\u00ea e outros. <\/p>    <p class=\"translation-block\">Al\u00e9m da embalagem de sab\u00e3o, esta <a href=\"https:\/\/tianhuipackingmachine.com\/pt\/pillow-packing-machine\/\">m\u00e1quina de embalagem horizontal tipo travesseiro<\/a> pode embalar m\u00e1scaras, toalhas, roupas, trabalhos em madeira, p\u00e3o, bolo da lua, biscoito, vegetais, frutas, etc. <\/p>    <p>Caso queira embalar tamb\u00e9m outros produtos, tamb\u00e9m pode entrar em contato conosco e obter mais informa\u00e7\u00f5es.<\/p>    <figure class=\"wp-block-image size-large\"><img loading=\"lazy\" decoding=\"async\" width=\"750\" height=\"500\" src=\"https:\/\/tianhuipackingmachine.com\/wp-content\/uploads\/2022\/01\/soap-bar-packaging-style-display-750x500.jpg\" alt=\"exibi\u00e7\u00e3o de estilo de embalagem de barra de sab\u00e3o\" class=\"wp-image-4787\" srcset=\"https:\/\/tianhuipackingmachine.com\/wp-content\/uploads\/2022\/01\/soap-bar-packaging-style-display.jpg 750w, https:\/\/tianhuipackingmachine.com\/wp-content\/uploads\/2022\/01\/soap-bar-packaging-style-display-480x320.jpg 480w\" sizes=\"auto, (max-width: 750px) 100vw, 750px\" \/><figcaption class=\"wp-element-caption\">Exibi\u00e7\u00e3o de estilo de embalagem de barra de sab\u00e3o<\/figcaption><\/figure>    <h2 class=\"wp-block-heading\" id=\"h-structures-and-details-about-soap-packing-machine\"><strong>Detalhes estruturais sobre a m\u00e1quina de embalagem de sabonete<\/strong><\/h2>    <p>Esta m\u00e1quina de embalagem Sabun consiste em um painel de controle PLC, plataforma de alimenta\u00e7\u00e3o de a\u00e7o inoxid\u00e1vel, correia transportadora, dispositivo de rolo de filme, formador de saco, rodas de filme puxadoras, cortador de selagem a quente, etc. <\/p>    <ul class=\"wp-block-list\"> <li>Painel de controle PLC: configura\u00e7\u00e3o do idioma, velocidade da embalagem, comprimento do saco, chave de rastreamento ocular fotoel\u00e9trico, temperatura de veda\u00e7\u00e3o m\u00e9dia e final, etc. <\/li>    <li>Plataforma de alimenta\u00e7\u00e3o com esteira transportadora: presta servi\u00e7o de ordena\u00e7\u00e3o de materiais.<\/li>    <li>Correia transportadora de filme servo: mais inteligente, detectando o comprimento dos materiais e economizando filme.<\/li>    <li>Dispositivo de rolo de filme: coloque o filme pronto para embalagem de sabonete artesanal.<\/li>    <li>Rodas puxadoras de filme: respons\u00e1veis \u200b\u200bpor puxar o filme, garantindo que o filme avance.<\/li>    <li>Cortador de selagem a quente: corte o filme para combinar com diferentes comprimentos de saco.<\/li> <\/ul>    <figure class=\"wp-block-gallery has-nested-images columns-default is-cropped wp-block-gallery-2 is-layout-flex wp-block-gallery-is-layout-flex\"> <figure class=\"wp-block-image size-large\"><img loading=\"lazy\" decoding=\"async\" width=\"600\" height=\"450\" data-id=\"4040\" src=\"https:\/\/tianhuipackingmachine.com\/wp-content\/uploads\/2021\/12\/servo-belt-conveying-type.jpg\" alt=\"tipo de transporte por correia servo\" class=\"wp-image-4040\" srcset=\"https:\/\/tianhuipackingmachine.com\/wp-content\/uploads\/2021\/12\/servo-belt-conveying-type.jpg 600w, https:\/\/tianhuipackingmachine.com\/wp-content\/uploads\/2021\/12\/servo-belt-conveying-type-480x360.jpg 480w\" sizes=\"auto, (max-width: 600px) 100vw, 600px\" \/><figcaption class=\"wp-element-caption\">Tipo de transporte por correia servo<\/figcaption><\/figure>    <figure class=\"wp-block-image size-large\"><img loading=\"lazy\" decoding=\"async\" width=\"600\" height=\"450\" data-id=\"4034\" src=\"https:\/\/tianhuipackingmachine.com\/wp-content\/uploads\/2021\/12\/chain-and-lock-catches-feeding-type.jpg\" alt=\"corrente e trava tipo de alimenta\u00e7\u00e3o\" class=\"wp-image-4034\" srcset=\"https:\/\/tianhuipackingmachine.com\/wp-content\/uploads\/2021\/12\/chain-and-lock-catches-feeding-type.jpg 600w, https:\/\/tianhuipackingmachine.com\/wp-content\/uploads\/2021\/12\/chain-and-lock-catches-feeding-type-480x360.jpg 480w\" sizes=\"auto, (max-width: 600px) 100vw, 600px\" \/><figcaption class=\"wp-element-caption\">Tipo de alimenta\u00e7\u00e3o com corrente e trava<\/figcaption><\/figure>    <figure class=\"wp-block-image size-large\"><img loading=\"lazy\" decoding=\"async\" width=\"750\" height=\"500\" data-id=\"4035\" src=\"https:\/\/tianhuipackingmachine.com\/wp-content\/uploads\/2021\/12\/end-sealing-and-cutting-device-three-cutters-750x500.jpg\" alt=\"dispositivo de veda\u00e7\u00e3o e corte final (tr\u00eas cortadores)\" class=\"wp-image-4035\" srcset=\"https:\/\/tianhuipackingmachine.com\/wp-content\/uploads\/2021\/12\/end-sealing-and-cutting-device-three-cutters.jpg 750w, https:\/\/tianhuipackingmachine.com\/wp-content\/uploads\/2021\/12\/end-sealing-and-cutting-device-three-cutters-480x320.jpg 480w\" sizes=\"auto, (max-width: 750px) 100vw, 750px\" \/><figcaption class=\"wp-element-caption\">Dispositivo de veda\u00e7\u00e3o e corte final (tr\u00eas cortadores)<\/figcaption><\/figure> <\/figure>    <figure class=\"wp-block-gallery has-nested-images columns-default is-cropped wp-block-gallery-3 is-layout-flex wp-block-gallery-is-layout-flex\"> <figure class=\"wp-block-image size-large\"><img loading=\"lazy\" decoding=\"async\" width=\"750\" height=\"500\" data-id=\"4039\" src=\"https:\/\/tianhuipackingmachine.com\/wp-content\/uploads\/2021\/12\/PLC-control-panel-of-pillow-packaging-equipment-750x500.jpg\" alt=\"Painel de controle PLC de equipamento de embalagem de travesseiros\" class=\"wp-image-4039\" srcset=\"https:\/\/tianhuipackingmachine.com\/wp-content\/uploads\/2021\/12\/PLC-control-panel-of-pillow-packaging-equipment.jpg 750w, https:\/\/tianhuipackingmachine.com\/wp-content\/uploads\/2021\/12\/PLC-control-panel-of-pillow-packaging-equipment-480x320.jpg 480w\" sizes=\"auto, (max-width: 750px) 100vw, 750px\" \/><figcaption class=\"wp-element-caption\">Painel de controle Plc de equipamento de embalagem de travesseiros<\/figcaption><\/figure>    <figure class=\"wp-block-image size-large\"><img loading=\"lazy\" decoding=\"async\" width=\"600\" height=\"450\" data-id=\"4038\" src=\"https:\/\/tianhuipackingmachine.com\/wp-content\/uploads\/2021\/12\/mid-sealing-device-for-upper-film-equipment.jpg\" alt=\"dispositivo de veda\u00e7\u00e3o intermedi\u00e1ria para equipamento de filme superior\" class=\"wp-image-4038\" srcset=\"https:\/\/tianhuipackingmachine.com\/wp-content\/uploads\/2021\/12\/mid-sealing-device-for-upper-film-equipment.jpg 600w, https:\/\/tianhuipackingmachine.com\/wp-content\/uploads\/2021\/12\/mid-sealing-device-for-upper-film-equipment-480x360.jpg 480w\" sizes=\"auto, (max-width: 600px) 100vw, 600px\" \/><figcaption class=\"wp-element-caption\">Dispositivo de veda\u00e7\u00e3o intermedi\u00e1ria para equipamentos de filme superior<\/figcaption><\/figure>    <figure class=\"wp-block-image size-large\"><img loading=\"lazy\" decoding=\"async\" width=\"600\" height=\"450\" data-id=\"4037\" src=\"https:\/\/tianhuipackingmachine.com\/wp-content\/uploads\/2021\/12\/mid-sealing-device-for-down-film-roll-equipment.jpg\" alt=\"dispositivo de veda\u00e7\u00e3o intermedi\u00e1ria para equipamento de rolo de filme descendente\" class=\"wp-image-4037\" srcset=\"https:\/\/tianhuipackingmachine.com\/wp-content\/uploads\/2021\/12\/mid-sealing-device-for-down-film-roll-equipment.jpg 600w, https:\/\/tianhuipackingmachine.com\/wp-content\/uploads\/2021\/12\/mid-sealing-device-for-down-film-roll-equipment-480x360.jpg 480w\" sizes=\"auto, (max-width: 600px) 100vw, 600px\" \/><figcaption class=\"wp-element-caption\">Dispositivo de veda\u00e7\u00e3o intermedi\u00e1ria para equipamento de rolo de filme inferior<\/figcaption><\/figure> <\/figure>    <h2 class=\"wp-block-heading\" id=\"h-what-affects-the-soap-packing-machine-price\"><strong>O que afeta o pre\u00e7o da m\u00e1quina de embalagem de sab\u00e3o?<\/strong><\/h2>    <p>O pre\u00e7o da m\u00e1quina embaladora autom\u00e1tica de sabonete est\u00e1 intimamente relacionado aos componentes do equipamento. <\/p>    <ul class=\"wp-block-list\"> <li>Em primeiro lugar, as larguras da correia transportadora e do formador de sacos s\u00e3o projetadas para os itens de embalagem. Seus custos diferem em tamanho. <\/li>    <li>Em segundo lugar, h\u00e1 a correia transportadora de filme servo e a correia transportadora com corrente e blocos de trava opcionais. O primeiro \u00e9 mais caro que o segundo. <\/li>    <li>Em terceiro lugar, o custo do cortador \u00fanico, do cortador duplo e do cortador triplo varia. Quanto mais facas de corte tiver, maior ser\u00e1 o pre\u00e7o.<\/li>    <li>Em quarto lugar, voc\u00ea precisa de outros dispositivos? Como impressoras de data, esponjas, pinc\u00e9is e assim por diante. Quanto mais equipamento adicional voc\u00ea tiver, maior ser\u00e1 o pre\u00e7o.<\/li> <\/ul>    <p>Todos os itens acima s\u00e3o fatores que podem afetar o pre\u00e7o final da pequena m\u00e1quina de embalar sabonete. Entre em contato conosco pelo melhor pre\u00e7o.<\/p>    <figure class=\"wp-block-image size-large\"><img loading=\"lazy\" decoding=\"async\" width=\"667\" height=\"500\" src=\"https:\/\/tianhuipackingmachine.com\/wp-content\/uploads\/2024\/05\/automatic-soap-packing-machine-for-sale-667x500.webp\" alt=\"M\u00e1quina autom\u00e1tica de embalagem de sab\u00e3o para venda\" class=\"wp-image-6674\" srcset=\"https:\/\/tianhuipackingmachine.com\/wp-content\/uploads\/2024\/05\/automatic-soap-packing-machine-for-sale-667x500.webp 667w, https:\/\/tianhuipackingmachine.com\/wp-content\/uploads\/2024\/05\/automatic-soap-packing-machine-for-sale-480x360.webp 480w, https:\/\/tianhuipackingmachine.com\/wp-content\/uploads\/2024\/05\/automatic-soap-packing-machine-for-sale-16x12.webp 16w, https:\/\/tianhuipackingmachine.com\/wp-content\/uploads\/2024\/05\/automatic-soap-packing-machine-for-sale.webp 720w\" sizes=\"auto, (max-width: 667px) 100vw, 667px\" \/><figcaption class=\"wp-element-caption\">M\u00e1quina autom\u00e1tica de embalagem de sab\u00e3o para venda<\/figcaption><\/figure>    <h2 class=\"wp-block-heading\" id=\"h-why-choose-us-as-your-top-manufacturer-and-supplier\"><strong>Por que nos escolher como seu principal fabricante de m\u00e1quinas de embalagem de sabonete?<\/strong><\/h2>    <p>Existem muitos fabricantes de m\u00e1quinas autom\u00e1ticas de embalagem de sab\u00e3o no mercado, mas por que nos escolher como fornecedor? Os pontos principais s\u00e3o os seguintes:<\/p>    <ul class=\"wp-block-list\"> <li>Rica experi\u00eancia em projetar, pesquisar, fabricar e fornecer v\u00e1rios tipos de m\u00e1quinas de embalagem <ul class=\"wp-block-list\"> <li>Fundada em 1992, a Shuliy atua na ind\u00fastria de m\u00e1quinas de embalagem h\u00e1 mais de d\u00e9cadas. Nossa m\u00e1quina embaladora de cubos de sab\u00e3o para banho tem uma grande reputa\u00e7\u00e3o por sua boa qualidade e pre\u00e7o competitivo.<\/li> <\/ul> <\/li>    <li>Inspe\u00e7\u00e3o extremamente rigorosa e sistema de entrega para nossas m\u00e1quinas <ul class=\"wp-block-list\"> <li>Antes do envio, enviaremos fotos e v\u00eddeos para voc\u00ea verificar. Normalmente, embalamos a m\u00e1quina em caixas de madeira para evitar danos durante o transporte.<\/li> <\/ul> <\/li> <\/ul>    <figure class=\"wp-block-gallery has-nested-images columns-default is-cropped wp-block-gallery-4 is-layout-flex wp-block-gallery-is-layout-flex\"> <figure class=\"wp-block-image size-large\"><img loading=\"lazy\" decoding=\"async\" width=\"750\" height=\"500\" data-id=\"4080\" src=\"https:\/\/tianhuipackingmachine.com\/wp-content\/uploads\/2021\/12\/packing-display-of-the-machine-before-shipment-750x500.jpg\" alt=\"exibi\u00e7\u00e3o de embalagem da m\u00e1quina antes do envio\" class=\"wp-image-4080\" srcset=\"https:\/\/tianhuipackingmachine.com\/wp-content\/uploads\/2021\/12\/packing-display-of-the-machine-before-shipment.jpg 750w, https:\/\/tianhuipackingmachine.com\/wp-content\/uploads\/2021\/12\/packing-display-of-the-machine-before-shipment-480x320.jpg 480w\" sizes=\"auto, (max-width: 750px) 100vw, 750px\" \/><figcaption class=\"wp-element-caption\">Exibi\u00e7\u00e3o da embalagem da m\u00e1quina antes do envio<\/figcaption><\/figure>    <figure class=\"wp-block-image size-large\"><img loading=\"lazy\" decoding=\"async\" width=\"750\" height=\"500\" data-id=\"4078\" src=\"https:\/\/tianhuipackingmachine.com\/wp-content\/uploads\/2021\/12\/packaged-in-wooden-cases-750x500.jpg\" alt=\"embalado em caixas de madeira\" class=\"wp-image-4078\" srcset=\"https:\/\/tianhuipackingmachine.com\/wp-content\/uploads\/2021\/12\/packaged-in-wooden-cases.jpg 750w, https:\/\/tianhuipackingmachine.com\/wp-content\/uploads\/2021\/12\/packaged-in-wooden-cases-480x320.jpg 480w\" sizes=\"auto, (max-width: 750px) 100vw, 750px\" \/><figcaption class=\"wp-element-caption\">Embalado em caixas de madeira<\/figcaption><\/figure> <\/figure>    <ul class=\"wp-block-list\"> <li>Servi\u00e7o p\u00f3s-venda <ul class=\"wp-block-list\"> <li>O manual e o v\u00eddeo em ingl\u00eas s\u00e3o fornecidos para ajud\u00e1-lo a instalar e operar a m\u00e1quina. Se voc\u00ea tiver alguma d\u00favida sobre nossos produtos, o servi\u00e7o online 24 horas est\u00e1 dispon\u00edvel.<\/li> <\/ul> <\/li>    <li>Servi\u00e7o de personaliza\u00e7\u00e3o <ul class=\"wp-block-list\"> <li>Podemos personalizar a m\u00e1quina de embalagem de sabonete com base em suas necessidades espec\u00edficas. E podemos personalizar a tens\u00e3o de acordo com o seu pa\u00eds.<\/li> <\/ul> <\/li> <\/ul>    <h2 class=\"wp-block-heading\" id=\"h-get-in-touch-with-us\"><strong>Entre em contato conosco!<\/strong><\/h2>    <p class=\"translation-block\">Se voc\u00ea tiver alguma d\u00favida ou quiser saber mais sobre nossa m\u00e1quina de embalagem para <a href=\"https:\/\/en.wikipedia.org\/wiki\/Soap\" target=\"_blank\" rel=\"noopener\">sab\u00e3o<\/a>, fique \u00e0 vontade para nos contatar. N\u00f3s forneceremos respostas profissionais e servi\u00e7os de qualidade!<\/p>   <figure class=\"wp-block-embed-youtube wp-block-embed is-type-video is-provider-youtube wp-embed-aspect-16-9 wp-has-aspect-ratio lyte-align aligncenter\"><div class=\"lyte-wrapper\" title=\"M\u00e1quina de embalagem de sab\u00e3o | M\u00e1quina de embalagem de fluxo horizontal de sab\u00e3o\" style=\"width:853px;max-width:100%;margin:5px auto;\"><div class=\"lyMe\" id=\"WYL_NqpZTmjrjgc\" itemprop=\"video\" itemscope itemtype=\"https:\/\/schema.org\/VideoObject\"><div><meta itemprop=\"thumbnailUrl\" content=\"https:\/\/i.ytimg.com\/vi\/NqpZTmjrjgc\/hqdefault.jpg\" \/><meta itemprop=\"embedURL\" content=\"https:\/\/www.youtube.com\/embed\/NqpZTmjrjgc\" \/><meta itemprop=\"duration\" content=\"PT44S\" \/><meta itemprop=\"uploadDate\" content=\"2021-10-22T05:55:46Z\" \/><\/div><div id=\"lyte_NqpZTmjrjgc\" data-src=\"https:\/\/i.ytimg.com\/vi\/NqpZTmjrjgc\/hqdefault.jpg\" class=\"pL\"><div class=\"tC\"><div class=\"tT\" itemprop=\"name\">M\u00e1quina de embalagem de sab\u00e3o | M\u00e1quina de embalagem de fluxo horizontal de sab\u00e3o<\/div><\/div><div class=\"play\"><\/div><div class=\"ctrl\"><div class=\"Lctrl\"><\/div><div class=\"Rctrl\"><\/div><\/div><\/div><noscript><a href=\"https:\/\/youtu.be\/NqpZTmjrjgc\" rel=\"nofollow noopener\" target=\"_blank\"><img loading=\"lazy\" decoding=\"async\" src=\"https:\/\/i.ytimg.com\/vi\/NqpZTmjrjgc\/0.jpg\" alt=\"M\u00e1quina de embalagem de sab\u00e3o | M\u00e1quina de embalagem de fluxo horizontal de sab\u00e3o\" width=\"853\" height=\"460\" \/><\/a><\/noscript><meta itemprop=\"description\" content=\"For more details: https:\/\/tianhuipackingmachine.com\/soap-packaging-machines\/ sales@toppackingmachine.com Whatsapp\/Tel: +86 17329326135 Soap packing machine is a kind of horizontal flow wrapping machine. It is widely used to package various shapes of soaps. With two electric motors and intelligent PLC control system, the soap wrapping machine is easy to operate and is super-efficient. Besides, different models of soap packing machine are available to fit different soap sizes. And we support customization service. Henan Top Packing Machinery Co., Ltd is a professional packing machine manufacturer and supplier. Our soap packaging machines have the features of good performance and affordable price. Welcome to get in touch with us for more details.\"><\/div><\/div><div class=\"lL\" style=\"max-width:100%;width:853px;margin:5px auto;\"> <a href=\"https:\/\/youtu.be\/NqpZTmjrjgc\" target=\"_blank\" rel=\"noopener\">Assista a este v\u00eddeo no YouTube<\/a>.<\/div><figcaption>v\u00eddeo de funcionamento da m\u00e1quina de embalagem de sab\u00e3o redonda<\/figcaption><\/figure>","protected":false},"excerpt":{"rendered":"<p>A m\u00e1quina de embalagem de sabonete Shuliy embala de forma totalmente autom\u00e1tica v\u00e1rios formatos de sabonete, como cubo de sopa, sabonete, sabonete redondo, etc.<\/p>","protected":false},"author":1,"featured_media":3590,"parent":0,"template":"","tags":[213],"product-type":[139],"class_list":["post-1704","product","type-product","status-publish","has-post-thumbnail","hentry","tag-flow-wrapping-machine","product-type-pillow-packing-machines"],"_links":{"self":[{"href":"https:\/\/tianhuipackingmachine.com\/pt\/wp-json\/wp\/v2\/product\/1704","targetHints":{"allow":["GET"]}}],"collection":[{"href":"https:\/\/tianhuipackingmachine.com\/pt\/wp-json\/wp\/v2\/product"}],"about":[{"href":"https:\/\/tianhuipackingmachine.com\/pt\/wp-json\/wp\/v2\/types\/product"}],"author":[{"embeddable":true,"href":"https:\/\/tianhuipackingmachine.com\/pt\/wp-json\/wp\/v2\/users\/1"}],"wp:featuredmedia":[{"embeddable":true,"href":"https:\/\/tianhuipackingmachine.com\/pt\/wp-json\/wp\/v2\/media\/3590"}],"wp:attachment":[{"href":"https:\/\/tianhuipackingmachine.com\/pt\/wp-json\/wp\/v2\/media?parent=1704"}],"wp:term":[{"taxonomy":"post_tag","embeddable":true,"href":"https:\/\/tianhuipackingmachine.com\/pt\/wp-json\/wp\/v2\/tags?post=1704"},{"taxonomy":"product-type","embeddable":true,"href":"https:\/\/tianhuipackingmachine.com\/pt\/wp-json\/wp\/v2\/product-type?post=1704"}],"curies":[{"name":"wp","href":"https:\/\/api.w.org\/{rel}","templated":true}]}}