{"id":1637,"date":"2021-06-30T15:21:50","date_gmt":"2021-06-30T07:21:50","guid":{"rendered":"https:\/\/tianhuipackingmachine.com\/?page_id=1637"},"modified":"2023-01-16T14:36:14","modified_gmt":"2023-01-16T06:36:14","slug":"small-packaging-machine","status":"publish","type":"product","link":"https:\/\/tianhuipackingmachine.com\/pt\/small-packaging-machine\/","title":{"rendered":"M\u00e1quina de embalagem pequena"},"content":{"rendered":"<p class=\"translation-block\"><strong>A m\u00e1quina de embalagem pequena<\/strong> \u00e9 uma ferramenta usada para embalar itens pequenos, como alimentos, produtos dom\u00e9sticos ou outros produtos de consumo, em pequenas quantidades. Essas m\u00e1quinas s\u00e3o tipicamente usadas em pequenos neg\u00f3cios, como lojas de conveni\u00eancia, delicatessens ou pequenas opera\u00e7\u00f5es de fabrica\u00e7\u00e3o, e s\u00e3o projetadas para serem compactas, f\u00e1ceis de usar e econ\u00f4micas. Alguns tipos comuns de m\u00e1quinas de embalagem pequenas incluem m\u00e1quinas VFFS, seladoras a v\u00e1cuo, m\u00e1quinas de enchimento e selagem, embaladoras retr\u00e1teis e embaladoras de fluxo horizontal. <\/p>    <p> A m\u00e1quina de embalagem pequena \u00e9 adequada para embalagem de sacos. V\u00e1rios equipamentos autom\u00e1ticos de embalagem pequena podem completar todo o processo de forma\u00e7\u00e3o, pesagem, enchimento, selagem, corte e contagem de sacos, o que melhora muito a efici\u00eancia de trabalho em compara\u00e7\u00e3o com o trabalho totalmente manual. Isso economiza muita m\u00e3o de obra at\u00e9 certo ponto. Al\u00e9m disso, esse tipo de m\u00e1quina de embalagem geralmente tem um custo menor que a maior.<\/p>    <h2 class=\"wp-block-heading\"><strong>Variedades de pequenas m\u00e1quinas de embalagem para venda<\/strong><strong><\/strong><\/h2>    <p>A m\u00e1quina de embalagem pequena para venda cont\u00e9m m\u00e1quina de embalagem de p\u00f3 pequeno, m\u00e1quina de embalagem de gr\u00e2nulos, m\u00e1quina de embalagem de l\u00edquidos, m\u00e1quina de embalagem a v\u00e1cuo, etc. A embalagem de p\u00f3 pequeno aplica-se a v\u00e1rios tipos de p\u00f3, como caf\u00e9 em p\u00f3, especiarias, leite em p\u00f3, farinha, farinha de milho e breve. M\u00e1quina de embalagem de gr\u00e2nulos pequenos embala bolsas de gr\u00e3os de caf\u00e9, favas, arroz, sementes de mel\u00e3o, amendoim, aveia, etc. Embora pequenos l\u00edquidos possam ser usados \u200b\u200b\u200b\u200bna embalagem de leite, suco, \u00e1gua e assim por diante. <\/p>    <p>Para alimentos perec\u00edveis, \u00e9 uma boa ideia adotar uma m\u00e1quina de embalagem a v\u00e1cuo. A embalagem a v\u00e1cuo pode efetivamente prolongar a vida \u00fatil dos alimentos e retardar a deteriora\u00e7\u00e3o dos alimentos. Al\u00e9m disso, tamb\u00e9m oferecemos servi\u00e7os personalizados com base em suas necessidades reais. Se voc\u00ea estiver interessado em nossos produtos, entre em contato conosco o mais breve poss\u00edvel para mais detalhes.<\/p>    <div class=\"wp-block-columns is-layout-flex wp-container-core-columns-is-layout-28f84493 wp-block-columns-is-layout-flex\"> <div class=\"wp-block-column is-layout-flow wp-block-column-is-layout-flow\"> <figure class=\"wp-block-image size-large\"><img loading=\"lazy\" decoding=\"async\" width=\"600\" height=\"450\" src=\"https:\/\/tianhuipackingmachine.com\/wp-content\/uploads\/2021\/06\/powder-pouch-packing-machine-2.jpg\" alt=\"fornecedor de m\u00e1quina de embalagem de bolsa de p\u00f3\" class=\"wp-image-1351\" srcset=\"https:\/\/tianhuipackingmachine.com\/wp-content\/uploads\/2021\/06\/powder-pouch-packing-machine-2.jpg 600w, https:\/\/tianhuipackingmachine.com\/wp-content\/uploads\/2021\/06\/powder-pouch-packing-machine-2-300x225.jpg 300w\" sizes=\"auto, (max-width: 600px) 100vw, 600px\" \/><figcaption class=\"wp-element-caption\">M\u00e1quina de embalagem de bolsas de p\u00f3<\/figcaption><\/figure> <\/div>    <div class=\"wp-block-column is-layout-flow wp-block-column-is-layout-flow\"> <h3 class=\"has-text-color wp-block-heading\" style=\"color:#ff5200\">Par\u00e2metros do equipamento de embalagem de p\u00f3 de bolsa de 1-80g<\/h3>    <ul class=\"wp-block-list\"> <li>Estilo de embalagem (estilo saco): veda\u00e7\u00e3o de 3 lados \/ veda\u00e7\u00e3o traseira \/ veda\u00e7\u00e3o de 4 lados<\/li>    <li>Velocidade de embalagem: 20-80 sacos\/min<\/li>    <li>Consumo de energia: 1,8 kW<\/li>    <li>Consumo de energia: 1,8 kW<\/li>    <li>Peso:\u00a0250kg<\/li>    <li>Dimens\u00f5es: 650*1050*1950mm<\/li>    <li>Peso da embalagem: 0-80g<\/li>    <li>Largura do saco: 20-150 mm (substituir o anterior do saco)<\/li>    <li>Comprimento do saco: ajuste de 30-180 mm<\/li>    <li>Nota: servi\u00e7o personalizado dispon\u00edvel<\/li> <\/ul> <\/div> <\/div>    <div class=\"wp-block-columns is-layout-flex wp-container-core-columns-is-layout-28f84493 wp-block-columns-is-layout-flex\"> <div class=\"wp-block-column is-layout-flow wp-block-column-is-layout-flow\"> <figure class=\"wp-block-image size-full\"><img loading=\"lazy\" decoding=\"async\" width=\"600\" height=\"450\" src=\"https:\/\/tianhuipackingmachine.com\/wp-content\/uploads\/2021\/06\/rice-granule-packing-machine.jpg\" alt=\"m\u00e1quina de embalagem de gr\u00e2nulos de arroz\" class=\"wp-image-1486\" srcset=\"https:\/\/tianhuipackingmachine.com\/wp-content\/uploads\/2021\/06\/rice-granule-packing-machine.jpg 600w, https:\/\/tianhuipackingmachine.com\/wp-content\/uploads\/2021\/06\/rice-granule-packing-machine-300x225.jpg 300w\" sizes=\"auto, (max-width: 600px) 100vw, 600px\" \/><figcaption class=\"wp-element-caption\">M\u00e1quina de embalagem de gr\u00e2nulos de arroz<\/figcaption><\/figure> <\/div>    <div class=\"wp-block-column is-layout-flow wp-block-column-is-layout-flow\"> <h3 class=\"has-text-color wp-block-heading\" style=\"color:#ff5200\">Par\u00e2metros da m\u00e1quina de embalagem de gr\u00e2nulos TH-450<\/h3>    <ul class=\"wp-block-list\"> <li>Estilo do saco de embalagem (escolha a op\u00e7\u00e3o): Selo traseiro\/selo de 3 lados<\/li>    <li>Velocidade de embalagem: 20-80 sacos\/min<\/li>    <li>Consumo de energia: 2,2 kW<\/li>    <li>Peso:\u00a0420kg<\/li>    <li>Dimens\u00f5es: 750*750*21000mm<\/li>    <li>Peso da embalagem: 100-1000 gramas<\/li>    <li>Largura do saco: 20-200 mm<\/li>    <li>Comprimento do saco: ajuste de 30-180 mm<\/li>    <li>Nota: personalizado dispon\u00edvel<\/li> <\/ul> <\/div> <\/div>    <div class=\"wp-block-columns is-layout-flex wp-container-core-columns-is-layout-28f84493 wp-block-columns-is-layout-flex\"> <div class=\"wp-block-column is-layout-flow wp-block-column-is-layout-flow\"> <figure class=\"wp-block-image size-large\"><img loading=\"lazy\" decoding=\"async\" width=\"600\" height=\"450\" src=\"https:\/\/tianhuipackingmachine.com\/wp-content\/uploads\/2021\/05\/TH-liquid-packaging-machine.jpg\" alt=\"m\u00e1quina de embalagem de l\u00edquidos\" class=\"wp-image-721\" srcset=\"https:\/\/tianhuipackingmachine.com\/wp-content\/uploads\/2021\/05\/TH-liquid-packaging-machine.jpg 600w, https:\/\/tianhuipackingmachine.com\/wp-content\/uploads\/2021\/05\/TH-liquid-packaging-machine-300x225.jpg 300w\" sizes=\"auto, (max-width: 600px) 100vw, 600px\" \/><figcaption class=\"wp-element-caption\">M\u00e1quina de embalagem de l\u00edquidos<\/figcaption><\/figure> <\/div>    <div class=\"wp-block-column is-layout-flow wp-block-column-is-layout-flow\"> <h3 class=\"has-text-color wp-block-heading\" style=\"color:#ff5200\">Par\u00e2metros da m\u00e1quina de embalagem de l\u00edquidos TH-420<\/h3>    <ul class=\"wp-block-list\"> <li>Tipo: m\u00e1quina de embalagem de l\u00edquidos TH-420<\/li>    <li>Comprimento do saco: 80-300 mm (L)<\/li>    <li>Largura do saco: 50-200 mm (L)<\/li>    <li>Velocidade de embalagem: 5-30 sacos\/min<\/li>    <li>Faixa de medi\u00e7\u00e3o: 5-1000ml<\/li>    <li>Consumo de ar: 0,65mpa<\/li>    <li>Consumo de g\u00e1s:0,3m\u00b3\/min<\/li>    <li>Tens\u00e3o: 220V<\/li>    <li>Pot\u00eancia: 2,2KW<\/li>    <li>Dimens\u00e3o:(L)1320mm\u00d7(L)950mm\u00d7(A)1360mm<\/li>    <li>Peso: 540Kg<\/li>    <li>Nota: personalizado dispon\u00edvel<\/li> <\/ul> <\/div> <\/div>    <div class=\"wp-block-columns is-layout-flex wp-container-core-columns-is-layout-28f84493 wp-block-columns-is-layout-flex\"> <div class=\"wp-block-column is-layout-flow wp-block-column-is-layout-flow\"> <figure class=\"wp-block-image size-large\"><img loading=\"lazy\" decoding=\"async\" width=\"600\" height=\"450\" src=\"https:\/\/tianhuipackingmachine.com\/wp-content\/uploads\/2021\/05\/single-room-vacuum-packing-machine.jpg\" alt=\"M\u00e1quina de embalagem a v\u00e1cuo para quarto individual \u00e0 venda\" class=\"wp-image-660\" srcset=\"https:\/\/tianhuipackingmachine.com\/wp-content\/uploads\/2021\/05\/single-room-vacuum-packing-machine.jpg 600w, https:\/\/tianhuipackingmachine.com\/wp-content\/uploads\/2021\/05\/single-room-vacuum-packing-machine-300x225.jpg 300w\" sizes=\"auto, (max-width: 600px) 100vw, 600px\" \/><figcaption class=\"wp-element-caption\">M\u00e1quina de embalagem a v\u00e1cuo para quarto individual <\/figcaption><\/figure> <\/div>    <div class=\"wp-block-column is-layout-flow wp-block-column-is-layout-flow\"> <h3 class=\"has-text-color wp-block-heading\" style=\"color:#ff5200\">Par\u00e2metros da m\u00e1quina de embalagem a v\u00e1cuo de c\u00e2mara \u00fanica<\/h3>    <ul class=\"wp-block-list\"> <li>Tens\u00e3o: 220V\/50Hz<\/li>    <li>Pot\u00eancia da bomba de v\u00e1cuo: 0,9 KW<\/li>    <li>Pot\u00eancia de veda\u00e7\u00e3o: 0,6 KW<\/li>    <li>Press\u00e3o absoluta: 0,1pa<\/li>    <li>N\u00famero de tiras de veda\u00e7\u00e3o: 1<\/li>    <li>Tamanho das tiras de veda\u00e7\u00e3o: 500 mm * 10 mm * 2<\/li>    <li>Material da c\u00e2mara: a\u00e7o inoxid\u00e1vel 304<\/li>    <li>Material de cobertura: vidro org\u00e2nico<\/li>    <li>Tamanho da c\u00e2mara: 525*520*130<\/li>    <li>Tamanho da m\u00e1quina: 650*580*960<\/li>    <li>Peso da m\u00e1quina: 80kg<\/li> <\/ul> <\/div> <\/div>    <h2 class=\"wp-block-heading\"><strong>Recursos e benef\u00edcios da m\u00e1quina de embalagem pequena<\/strong><strong><\/strong><\/h2>    <ol class=\"wp-block-list\" type=\"1\"> <li>Estrutura compacta e pequena \u00e1rea ocupada;<\/li>    <li>Simples de instalar, operar e substituir o formador de saco;<\/li>    <li>Baixo custo, boa qualidade e baixo ru\u00eddo;<\/li>    <li>Quatro rodas est\u00e3o na parte inferior da pequena m\u00e1quina de embalagem, f\u00e1ceis de mover;<\/li>    <li>O formador de saco pode fazer o saco com veda\u00e7\u00e3o traseira, veda\u00e7\u00e3o de 3 lados, veda\u00e7\u00e3o de 4 lados ou pir\u00e2mide;<\/li>    <li>Um painel controlador inteligente para configura\u00e7\u00e3o de par\u00e2metros de embalagem \u00e9 f\u00e1cil de operar;<\/li>    <li>O bot\u00e3o de emerg\u00eancia est\u00e1 equipado em uma pequena embaladora como medida de seguran\u00e7a.<\/li>    <li>Servi\u00e7o de personaliza\u00e7\u00e3o dispon\u00edvel.<\/li> <\/ol>    <h2 class=\"wp-block-heading\">Embalagem em bolsa de p\u00f3 e selagem a v\u00e1cuo de c\u00e2mara \u00fanica<\/h2>    <div class=\"wp-block-columns is-layout-flex wp-container-core-columns-is-layout-28f84493 wp-block-columns-is-layout-flex\"> <div class=\"wp-block-column is-layout-flow wp-block-column-is-layout-flow\"><figure class=\"wp-block-embed-youtube wp-block-embed is-type-video is-provider-youtube wp-embed-aspect-16-9 wp-has-aspect-ratio\"><div class=\"lyte-wrapper\" title=\"M\u00e1quina autom\u00e1tica de embalagem de bolsas de p\u00f3 | Adequado para farinha, especiarias, leite em p\u00f3, caf\u00e9 em p\u00f3, etc.\" style=\"width:853px;max-width:100%;margin:5px auto;\"><div class=\"lyMe\" id=\"WYL_-dsZnBZpzUg\" itemprop=\"video\" itemscope itemtype=\"https:\/\/schema.org\/VideoObject\"><div><meta itemprop=\"thumbnailUrl\" content=\"https:\/\/i.ytimg.com\/vi\/-dsZnBZpzUg\/hqdefault.jpg\" \/><meta itemprop=\"embedURL\" content=\"https:\/\/www.youtube.com\/embed\/-dsZnBZpzUg\" \/><meta itemprop=\"duration\" content=\"PT46S\" \/><meta itemprop=\"uploadDate\" content=\"2021-07-30T02:35:20Z\" \/><\/div><div id=\"lyte_-dsZnBZpzUg\" data-src=\"https:\/\/i.ytimg.com\/vi\/-dsZnBZpzUg\/hqdefault.jpg\" class=\"pL\"><div class=\"tC\"><div class=\"tT\" itemprop=\"name\">M\u00e1quina autom\u00e1tica de embalagem de bolsas de p\u00f3 | Adequado para farinha, especiarias, leite em p\u00f3, caf\u00e9 em p\u00f3, etc.<\/div><\/div><div class=\"play\"><\/div><div class=\"ctrl\"><div class=\"Lctrl\"><\/div><div class=\"Rctrl\"><\/div><\/div><\/div><noscript><a href=\"https:\/\/youtu.be\/-dsZnBZpzUg\" rel=\"nofollow noopener\" target=\"_blank\"><img loading=\"lazy\" decoding=\"async\" src=\"https:\/\/i.ytimg.com\/vi\/-dsZnBZpzUg\/0.jpg\" alt=\"M\u00e1quina autom\u00e1tica de embalagem de bolsas de p\u00f3 | Adequado para farinha, especiarias, leite em p\u00f3, caf\u00e9 em p\u00f3, etc.\" width=\"853\" height=\"460\" \/><\/a><\/noscript><meta itemprop=\"description\" content=\"#powderpackingmachine #powderfillingmachines #bagpacking If you are interested in this machine, welcome to contact us to get a free quotation \ud83d\ude04 Email: sales@tianhuipackingmachine.com Whatsapp\/Tel: +86 17329326135 Useful reference: https:\/\/tianhuipackingmachine.com\/powder-packing-machine\/ ------------------------------------------------------------------- Automatic powder pouch packaging machine is high efficient and accurate, applying to flour, spice, milk powder, coffee powder, chili powder, detergent powder, ginger powder, cornflour, cocoa powder, dyes powder, etc. This type is suitable for 0-80g per bag. And we also provide other types for 0-1kg, 1-3kg, 1-5kg, or 5-50kg per bag. ------------------------------------------------------------------- You may also like these videos\ud83d\udc49 1-3kg powder packing machine https:\/\/www.youtube.com\/watch?v=-Tbkx7gq6EY Detergent powder packing machine https:\/\/www.youtube.com\/watch?v=1ZOv-MtMBzU Dry powder grinding machine https:\/\/www.youtube.com\/watch?v=6Wacp-y2C6A&amp;t=1s ------------------------------------------------------------------- Email: sales@tianhuipackingmachine.com Whatsapp\/Tel: +86 17329326135 Useful reference: https:\/\/tianhuipackingmachine.com\/powder-packing-machine\/\"><\/div><\/div><div class=\"lL\" style=\"max-width:100%;width:853px;margin:5px auto;\"> <a href=\"https:\/\/youtu.be\/-dsZnBZpzUg\" target=\"_blank\" rel=\"noopener\">Assista a este v\u00eddeo no YouTube<\/a>.<\/div><figcaption><\/figcaption><\/figure><\/div>    <div class=\"wp-block-column is-layout-flow wp-block-column-is-layout-flow\"><figure class=\"wp-block-embed-youtube wp-block-embed is-type-video is-provider-youtube wp-embed-aspect-16-9 wp-has-aspect-ratio\"><div class=\"lyte-wrapper\" title=\"M\u00e1quina embaladora a v\u00e1cuo de c\u00e2mara \u00fanica | Seladora a v\u00e1cuo para quarto individual\" style=\"width:853px;max-width:100%;margin:5px auto;\"><div class=\"lyMe\" id=\"WYL_g91PoEzoRlQ\" itemprop=\"video\" itemscope itemtype=\"https:\/\/schema.org\/VideoObject\"><div><meta itemprop=\"thumbnailUrl\" content=\"https:\/\/i.ytimg.com\/vi\/g91PoEzoRlQ\/hqdefault.jpg\" \/><meta itemprop=\"embedURL\" content=\"https:\/\/www.youtube.com\/embed\/g91PoEzoRlQ\" \/><meta itemprop=\"duration\" content=\"PT49S\" \/><meta itemprop=\"uploadDate\" content=\"2021-08-14T10:48:28Z\" \/><\/div><div id=\"lyte_g91PoEzoRlQ\" data-src=\"https:\/\/i.ytimg.com\/vi\/g91PoEzoRlQ\/hqdefault.jpg\" class=\"pL\"><div class=\"tC\"><div class=\"tT\" itemprop=\"name\">M\u00e1quina embaladora a v\u00e1cuo de c\u00e2mara \u00fanica | Seladora a v\u00e1cuo para quarto individual<\/div><\/div><div class=\"play\"><\/div><div class=\"ctrl\"><div class=\"Lctrl\"><\/div><div class=\"Rctrl\"><\/div><\/div><\/div><noscript><a href=\"https:\/\/youtu.be\/g91PoEzoRlQ\" rel=\"nofollow noopener\" target=\"_blank\"><img loading=\"lazy\" decoding=\"async\" src=\"https:\/\/i.ytimg.com\/vi\/g91PoEzoRlQ\/0.jpg\" alt=\"M\u00e1quina embaladora a v\u00e1cuo de c\u00e2mara \u00fanica | Seladora a v\u00e1cuo para quarto individual\" width=\"853\" height=\"460\" \/><\/a><\/noscript><meta itemprop=\"description\" content=\"Single chamber vacuum packing machine has a widespread application in a variety of food in order to prevent oxidization and prolong shelf life, such as sausage, bacon, roast duck, dried tofu, beef, mutton, pork, chicken, fruit, vegetables, butter, nuts, dried fruit, biscuits, corns, peanut, flour, etc. Get more details: https:\/\/tianhuipackingmachine.com\/single-chamber-vacuum-packaging-machine\/ Email: toppacking@163.com Whatsapp\/Tel: +86 17329326135\"><\/div><\/div><div class=\"lL\" style=\"max-width:100%;width:853px;margin:5px auto;\"> <a href=\"https:\/\/youtu.be\/g91PoEzoRlQ\" target=\"_blank\" rel=\"noopener\">Assista a este v\u00eddeo no YouTube<\/a>.<\/div><figcaption><\/figcaption><\/figure><\/div> <\/div>    <h2 class=\"wp-block-heading\"><strong>Pre\u00e7o de m\u00e1quina de embalagem pequena <\/strong><strong><\/strong><\/h2>    <p class=\"translation-block\">O pre\u00e7o da m\u00e1quina de embalagem pequena est\u00e1 relacionado a qual m\u00e1quina voc\u00ea escolher. O equipamento de embalagem pequeno para p\u00f3, gr\u00e2nulos, l\u00edquidos ou embalagem a v\u00e1cuo difere bastante em pre\u00e7o devido \u00e0s suas estruturas. Para controlar o volume de enchimento, a <strong><a href=\"https:\/\/tianhuipackingmachine.com\/pt\/powder-packing-machine\/\">m\u00e1quina de embalagem de p\u00f3<\/a><\/strong> adota um parafuso, mas a m\u00e1quina de embalagem de gr\u00e2nulos geralmente utiliza uma mesa girat\u00f3ria com copos medidores. A m\u00e1quina de embalagem l\u00edquida \u00e9 equipada com uma bomba para carregamento, medi\u00e7\u00e3o e enchimento. <\/p>    <p class=\"translation-block\">Enquanto a maioria dos pequenos <strong><a href=\"https:\/\/tianhuipackingmachine.com\/pt\/single-chamber-vacuum-packaging-machine\/\">equipamentos de embalagem a v\u00e1cuo de c\u00e2mara \u00fanica<\/a><\/strong> possui uma c\u00e2mara de v\u00e1cuo. Al\u00e9m disso, diferentes modelos do mesmo tipo de m\u00e1quina de embalagem pequena tamb\u00e9m diferem em pre\u00e7o. Suas velocidades de embalagem, tamanhos de filmes de embalagem e os tipos de dispositivos de selagem e corte s\u00e3o fatores que afetam o pre\u00e7o. Al\u00e9m disso, apoiamos o servi\u00e7o OEM. Entre em contato conosco hoje para o melhor pre\u00e7o.<\/p>    <h2 class=\"wp-block-heading\"><strong>M\u00faltiplas aplica\u00e7\u00f5es de pequenos equipamentos de embalagem<\/strong><\/h2>    <p>A m\u00e1quina de embalagem pequena tem uma ampla aplica\u00e7\u00e3o na \u00e1rea de alimentos, produtos qu\u00edmicos de uso di\u00e1rio, farmac\u00eautica, etc. H\u00e1 uma variedade de alimentos que podem ser embalados em pequenas m\u00e1quinas de embalagem de alimentos. Para p\u00f3, como caf\u00e9 em p\u00f3, leite em p\u00f3, especiarias em p\u00f3, farinha, amido de milho e assim por diante, \u00e9 \u00f3timo escolher uma pequena m\u00e1quina de embalagem de p\u00f3. A m\u00e1quina de embalagem de gr\u00e2nulos pequenos \u00e9 adequada para gr\u00e2nulos pequenos, como gr\u00e3os de caf\u00e9, fava, sementes de mel\u00e3o, soja verde, doces, amendoim, aveia, arroz, etc. A m\u00e1quina de embalagem de l\u00edquidos aplica-se a \u00e1gua, leite, suco e assim por diante. <\/p>    <p>Enquanto a pequena m\u00e1quina de embalagem a v\u00e1cuo de c\u00e2mara \u00fanica pode embalar carne fresca, vegetais, frutas, arroz e gr\u00e3os, esgotando o ar na embalagem. A embalagem a v\u00e1cuo evita oxida\u00e7\u00e3o, mofo, insetos, umidade, prolongando o per\u00edodo de armazenamento e mantendo a cor. Voc\u00ea pode escolher o equipamento de embalagem pequena de acordo com suas necessidades.<\/p>    <div class=\"wp-block-columns is-layout-flex wp-container-core-columns-is-layout-28f84493 wp-block-columns-is-layout-flex\"> <div class=\"wp-block-column is-layout-flow wp-block-column-is-layout-flow\"> <div class=\"wp-block-columns is-layout-flex wp-container-core-columns-is-layout-28f84493 wp-block-columns-is-layout-flex\"> <div class=\"wp-block-column is-layout-flow wp-block-column-is-layout-flow\"> <figure class=\"wp-block-image size-large\"><img loading=\"lazy\" decoding=\"async\" width=\"600\" height=\"450\" src=\"https:\/\/tianhuipackingmachine.com\/wp-content\/uploads\/2021\/07\/snacks-packing-equipment-applications.jpg\" alt=\"aplica\u00e7\u00f5es de equipamentos de embalagem de gr\u00e2nulos\" class=\"wp-image-1712\" srcset=\"https:\/\/tianhuipackingmachine.com\/wp-content\/uploads\/2021\/07\/snacks-packing-equipment-applications.jpg 600w, https:\/\/tianhuipackingmachine.com\/wp-content\/uploads\/2021\/07\/snacks-packing-equipment-applications-300x225.jpg 300w\" sizes=\"auto, (max-width: 600px) 100vw, 600px\" \/><figcaption class=\"wp-element-caption\">Aplica\u00e7\u00f5es de equipamentos de embalagem de gr\u00e2nulos<\/figcaption><\/figure> <\/div> <\/div> <\/div>    <div class=\"wp-block-column is-layout-flow wp-block-column-is-layout-flow\"> <div class=\"wp-block-columns is-layout-flex wp-container-core-columns-is-layout-28f84493 wp-block-columns-is-layout-flex\"> <div class=\"wp-block-column is-layout-flow wp-block-column-is-layout-flow\"> <figure class=\"wp-block-image size-large\"><img loading=\"lazy\" decoding=\"async\" width=\"720\" height=\"484\" src=\"https:\/\/tianhuipackingmachine.com\/wp-content\/uploads\/2021\/05\/liquid-packing-products-display.jpg\" alt=\"exposi\u00e7\u00e3o de produtos de embalagem l\u00edquida\" class=\"wp-image-720\" srcset=\"https:\/\/tianhuipackingmachine.com\/wp-content\/uploads\/2021\/05\/liquid-packing-products-display.jpg 720w, https:\/\/tianhuipackingmachine.com\/wp-content\/uploads\/2021\/05\/liquid-packing-products-display-300x202.jpg 300w, https:\/\/tianhuipackingmachine.com\/wp-content\/uploads\/2021\/05\/liquid-packing-products-display-272x182.jpg 272w\" sizes=\"auto, (max-width: 720px) 100vw, 720px\" \/><figcaption class=\"wp-element-caption\">Exibi\u00e7\u00e3o de produtos de embalagem l\u00edquida<\/figcaption><\/figure> <\/div> <\/div> <\/div> <\/div>    <h2 class=\"wp-block-heading\"><strong>Por que nos escolher como seu principal fornecedor de m\u00e1quinas para embalagens pequenas? <\/strong><\/h2>    <ol class=\"wp-block-list\" type=\"1\"> <li>Nossa empresa, <strong><a href=\"https:\/\/tianhuipackingmachine.com\/pt\/\">M\u00e1quinas de embalagem superior Co. de Henan, Ltd,<\/a><\/strong> foi fundada em 1992 e estamos envolvidos em m\u00e1quinas de embalagem h\u00e1 quase 30 anos. Acumulamos muita experi\u00eancia na fabrica\u00e7\u00e3o e fornecimento de pequenos equipamentos para embalagens.<\/li>    <li>Temos um sistema extremamente de inspe\u00e7\u00e3o para nossos produtos. Antes do envio, enviaremos fotos e v\u00eddeos para voc\u00ea. E oferecemos 24 meses de garantia e servi\u00e7o online 24 horas. Al\u00e9m disso, v\u00eddeos e manuais em ingl\u00eas est\u00e3o dispon\u00edveis para ajud\u00e1-lo a instalar e operar a m\u00e1quina.<\/li>    <li>N\u00e3o somos apenas fornecedores, mas tamb\u00e9m fabricantes. Adotamos vendas diretas da f\u00e1brica com o melhor pre\u00e7o e garantia de qualidade. E oferecemos suporte a servi\u00e7os OEM com base em seus requisitos espec\u00edficos. Podemos ajustar a tens\u00e3o de acordo com o seu pa\u00eds.<\/li> <\/ol>    <h2 class=\"wp-block-heading\"><strong>Servi\u00e7o p\u00f3s-venda<\/strong><\/h2>    <p>Fornecemos um manual em ingl\u00eas e v\u00eddeo did\u00e1tico para ajud\u00e1-lo a instalar e operar a m\u00e1quina. E fornecemos 24 meses de garantia de qualidade e manuten\u00e7\u00e3o vital\u00edcia. Se a m\u00e1quina apresentar algum problema ao us\u00e1-la, voc\u00ea poder\u00e1 nos enviar um v\u00eddeo de feedback. Verificaremos o que aconteceu ap\u00f3s recebermos seu v\u00eddeo e responderemos o mais breve poss\u00edvel. Se o problema for desencadeado por uma opera\u00e7\u00e3o inadequada, podemos fornecer-lhe componentes do equipamento pelo pre\u00e7o original. Se n\u00e3o for causado por comportamento inadequado, fornecemos componentes da m\u00e1quina gratuitamente. Durante todo o processo, o atendimento online 24 horas est\u00e1 dispon\u00edvel para voc\u00ea.<\/p>    <figure class=\"wp-block-image aligncenter size-full\"><img loading=\"lazy\" decoding=\"async\" width=\"750\" height=\"500\" src=\"https:\/\/tianhuipackingmachine.com\/wp-content\/uploads\/2021\/07\/customer-visit.jpg\" alt=\"visita do cliente\" class=\"wp-image-1970\" srcset=\"https:\/\/tianhuipackingmachine.com\/wp-content\/uploads\/2021\/07\/customer-visit.jpg 750w, https:\/\/tianhuipackingmachine.com\/wp-content\/uploads\/2021\/07\/customer-visit-300x200.jpg 300w\" sizes=\"auto, (max-width: 750px) 100vw, 750px\" \/><figcaption class=\"wp-element-caption\">Visita do cliente<\/figcaption><\/figure>    <h2 class=\"wp-block-heading\"><strong>Entre em contato conosco em breve para obter o melhor pre\u00e7o<\/strong><strong><\/strong><\/h2>    <p class=\"translation-block\">A m\u00e1quina de embalar pequena \u00e9 pequena e requintada com pouco espa\u00e7o ocupado. Existem v\u00e1rias formas de m\u00e1quinas de embalagem pequenas \u00e0 venda na nossa empresa. Al\u00e9m de m\u00e1quinas pequenas de p\u00f3, gr\u00e2nulos, l\u00edquido e embalagem a v\u00e1cuo, tamb\u00e9m fornecemos m\u00e1quinas espec\u00edficas de embalagem pequena, como m\u00e1quinas de embalar especiarias, m\u00e1quinas de embalar caf\u00e9, <strong><a href=\"https:\/\/tianhuipackingmachine.com\/pt\/tea-packaging-machine\/\">m\u00e1quinas de dobrar saquinhos de ch\u00e1<\/a><\/strong>, m\u00e1quinas de embalar arroz, etc. A estrutura da m\u00e1quina de embalagem pequena \u00e9 simples de instalar, operar e substituir o formato de saco. Funciona de forma est\u00e1vel com baixo ru\u00eddo, baixo custo e alta qualidade. Al\u00e9m disso, oferecemos servi\u00e7o personalizado. Se estiver interessado nos nossos produtos de m\u00e1quinas de embalagem, <strong><a href=\"https:\/\/tianhuipackingmachine.com\/pt\/contact\/\">entre em contacto connosco em breve<\/a><\/strong> para mais detalhes e o melhor pre\u00e7o.<\/p>","protected":false},"excerpt":{"rendered":"<p>Small packing machine is a tool that is used to package small items, such as food, household goods, or other consumer products, in small quantities. These machines are typically used in small businesses, such as convenience stores, delis, or small manufacturing operations, and are designed to be compact, easy to use, and cost-effective. Some common [&hellip;]<\/p>\n","protected":false},"author":1,"featured_media":1486,"parent":0,"template":"","tags":[164],"product-type":[145],"class_list":["post-1637","product","type-product","status-publish","has-post-thumbnail","hentry","tag-packing-machine","product-type-other-products"],"_links":{"self":[{"href":"https:\/\/tianhuipackingmachine.com\/pt\/wp-json\/wp\/v2\/product\/1637","targetHints":{"allow":["GET"]}}],"collection":[{"href":"https:\/\/tianhuipackingmachine.com\/pt\/wp-json\/wp\/v2\/product"}],"about":[{"href":"https:\/\/tianhuipackingmachine.com\/pt\/wp-json\/wp\/v2\/types\/product"}],"author":[{"embeddable":true,"href":"https:\/\/tianhuipackingmachine.com\/pt\/wp-json\/wp\/v2\/users\/1"}],"wp:featuredmedia":[{"embeddable":true,"href":"https:\/\/tianhuipackingmachine.com\/pt\/wp-json\/wp\/v2\/media\/1486"}],"wp:attachment":[{"href":"https:\/\/tianhuipackingmachine.com\/pt\/wp-json\/wp\/v2\/media?parent=1637"}],"wp:term":[{"taxonomy":"post_tag","embeddable":true,"href":"https:\/\/tianhuipackingmachine.com\/pt\/wp-json\/wp\/v2\/tags?post=1637"},{"taxonomy":"product-type","embeddable":true,"href":"https:\/\/tianhuipackingmachine.com\/pt\/wp-json\/wp\/v2\/product-type?post=1637"}],"curies":[{"name":"wp","href":"https:\/\/api.w.org\/{rel}","templated":true}]}}