{"id":1455,"date":"2021-06-25T10:31:26","date_gmt":"2021-06-25T02:31:26","guid":{"rendered":"https:\/\/tianhuipackingmachine.com\/?page_id=1455"},"modified":"2022-09-26T14:04:22","modified_gmt":"2022-09-26T06:04:22","slug":"automatic-packing-machine","status":"publish","type":"product","link":"https:\/\/tianhuipackingmachine.com\/pt\/automatic-packing-machine\/","title":{"rendered":"M\u00e1quina de embalagem autom\u00e1tica"},"content":{"rendered":"<p class=\"translation-block\"><strong>A m\u00e1quina de embalagem autom\u00e1tica<\/strong> foi aplicada a alimentos, bebidas, medicamentos, hardware, marcenaria, etc. Podemos ver produtos embalados em todos os lugares em nossa vida di\u00e1ria. Diferentes tipos e tamanhos de embalagem satisfizeram muito as necessidades das pessoas. As pessoas n\u00e3o apenas notar\u00e3o o pr\u00f3prio produto, mas tamb\u00e9m considerar\u00e3o sua embalagem ao comprar algo. Uma embalagem bonita e organizada atrairia muitos clientes. Al\u00e9m disso, uma excelente m\u00e1quina de embalagem autom\u00e1tica pode melhorar muito a efici\u00eancia e economizar m\u00e3o de obra. De acordo com o grau de automa\u00e7\u00e3o, os equipamentos de embalagem s\u00e3o divididos em m\u00e1quinas de embalagem totalmente autom\u00e1ticas e m\u00e1quinas de embalagem semi-autom\u00e1ticas. Voc\u00ea pode escolher uma m\u00e1quina de embalagem adequada com base em suas necessidades. E n\u00f3s fornecemos servi\u00e7o personalizado. Entre em contato conosco para obter mais informa\u00e7\u00f5es.<\/p>    <h2 class=\"wp-block-heading\" id=\"h-various-types-of-automatic-packing-machine-for-sale\"><strong>V\u00e1rios tipos de m\u00e1quina de embalagem autom\u00e1tica para venda<\/strong><\/h2>    <p>As m\u00e1quinas de embalagem autom\u00e1tica para venda em m\u00e1quinas de embalagem TOP s\u00e3o principalmente m\u00e1quinas de embalagem de p\u00f3, equipamentos de embalagem de gr\u00e2nulos, equipamentos de embalagem de l\u00edquidos, m\u00e1quinas de embalagem a v\u00e1cuo, equipamentos de embalagem vertical, m\u00e1quinas de embalagem de travesseiros, etc. Uma m\u00e1quina de embalagem a v\u00e1cuo \u00e9 usada para embalar alimentos perec\u00edveis, como carne fresca, frutas, vegetais, etc. Enquanto a m\u00e1quina de embalagem de travesseiros \u00e9 adequada para formatos regulares de produtos, como p\u00e3o, bolo lunar, biscoito, m\u00e1scara, roupas e assim por diante. Se voc\u00ea quiser embalar v\u00e1rios sacos pequenos em um s\u00f3 saco, \u00e9 uma boa ideia selecionar um equipamento de embalagem de travesseiros. Al\u00e9m disso, tamb\u00e9m fornecemos m\u00e1quina de embalagem autom\u00e1tica espec\u00edfica, como uma m\u00e1quina de embalagem autom\u00e1tica de saquinhos de ch\u00e1 que pode completar todo o processo de embalagem do saco interno e externo automaticamente. Enquanto isso, o servi\u00e7o de personaliza\u00e7\u00e3o est\u00e1 dispon\u00edvel. Se voc\u00ea estiver interessado em nossos produtos, entre em contato conosco para mais detalhes.<\/p>    <div class=\"wp-block-columns is-layout-flex wp-container-core-columns-is-layout-28f84493 wp-block-columns-is-layout-flex\"> <div class=\"wp-block-column is-layout-flow wp-block-column-is-layout-flow\"> <figure class=\"wp-block-image size-large\"><img loading=\"lazy\" decoding=\"async\" width=\"600\" height=\"450\" src=\"https:\/\/tianhuipackingmachine.com\/wp-content\/uploads\/2021\/06\/powder-pouch-packing-machine-2.jpg\" alt=\"fornecedor de m\u00e1quina de embalagem de bolsa de p\u00f3\" class=\"wp-image-1351\" srcset=\"https:\/\/tianhuipackingmachine.com\/wp-content\/uploads\/2021\/06\/powder-pouch-packing-machine-2.jpg 600w, https:\/\/tianhuipackingmachine.com\/wp-content\/uploads\/2021\/06\/powder-pouch-packing-machine-2-300x225.jpg 300w\" sizes=\"auto, (max-width: 600px) 100vw, 600px\" \/><figcaption>M\u00e1quina de embalagem de bolsas de p\u00f3<\/figcaption><\/figure> <\/div>    <div class=\"wp-block-column is-layout-flow wp-block-column-is-layout-flow\"> <h3 class=\"has-text-color wp-block-heading\" id=\"h-1-80g-automatic-powder-packing-machine-parameters\" style=\"color:#ff5200\">Par\u00e2metros autom\u00e1ticos da m\u00e1quina de embalagem de p\u00f3 1-80g<\/h3>    <ul class=\"wp-block-list\"><li>Estilo de embalagem (estilo saco): veda\u00e7\u00e3o de 3 lados \/ veda\u00e7\u00e3o traseira \/ veda\u00e7\u00e3o de 4 lados<\/li><li>Velocidade de embalagem: 20-80 sacos\/min<\/li><li>Consumo de energia: 1,8 kW<\/li><li>Consumo de energia: 1,8 kW<\/li><li>Peso:\u00a0250kg<\/li><li>Dimens\u00f5es: 650*1050*1950mm<\/li><li>Peso da embalagem: 0-80g<\/li><li>Largura do saco: 20-150 mm (substituir o anterior do saco)<\/li><li>Comprimento do saco: ajuste de 30-180 mm<\/li><li>Nota: servi\u00e7o personalizado dispon\u00edvel<\/li><\/ul> <\/div> <\/div>    <div class=\"wp-block-columns is-layout-flex wp-container-core-columns-is-layout-28f84493 wp-block-columns-is-layout-flex\"> <div class=\"wp-block-column is-layout-flow wp-block-column-is-layout-flow\"> <figure class=\"wp-block-image size-large\"><img loading=\"lazy\" decoding=\"async\" width=\"600\" height=\"450\" src=\"https:\/\/tianhuipackingmachine.com\/wp-content\/uploads\/2021\/06\/automatic-granule-packing-machine.jpg\" alt=\"m\u00e1quina autom\u00e1tica de embalagem de gr\u00e2nulos\" class=\"wp-image-1457\" srcset=\"https:\/\/tianhuipackingmachine.com\/wp-content\/uploads\/2021\/06\/automatic-granule-packing-machine.jpg 600w, https:\/\/tianhuipackingmachine.com\/wp-content\/uploads\/2021\/06\/automatic-granule-packing-machine-300x225.jpg 300w\" sizes=\"auto, (max-width: 600px) 100vw, 600px\" \/><figcaption>M\u00e1quina autom\u00e1tica de embalagem de gr\u00e2nulos<\/figcaption><\/figure> <\/div>    <div class=\"wp-block-column is-layout-flow wp-block-column-is-layout-flow\"> <h3 class=\"has-text-color wp-block-heading\" id=\"h-th-320-granule-packing-machine-parameters\" style=\"color:#ff5200\">Par\u00e2metros da m\u00e1quina de embalagem de gr\u00e2nulos TH-320<\/h3>    <ul class=\"wp-block-list\"><li>Estilo do saco: veda\u00e7\u00e3o traseira<\/li><li>Velocidade de embalagem: 32-72 sacos\/min ou 50-100 sacos\/min<\/li><li>Comprimento do saco: 30-180mm<\/li><li>Largura do saco: 25-145 mm (precisa substituir o\u00a0\u00a0antigo)<\/li><li>Faixa de enchimento:\u00a022-220ml<\/li><li>Consumo de energia: 1,8 kW<\/li><li>Peso: 250kg<\/li><li>Dimens\u00f5es: 650*1050*1950mm<\/li><li>Tamanho da caixa: 1100*750*1820mm<\/li><li>Nota: Servi\u00e7o OEM dispon\u00edvel<\/li><\/ul> <\/div> <\/div>    <div class=\"wp-block-columns is-layout-flex wp-container-core-columns-is-layout-28f84493 wp-block-columns-is-layout-flex\"> <div class=\"wp-block-column is-layout-flow wp-block-column-is-layout-flow\"> <figure class=\"wp-block-image size-large\"><img loading=\"lazy\" decoding=\"async\" width=\"600\" height=\"450\" src=\"https:\/\/tianhuipackingmachine.com\/wp-content\/uploads\/2021\/06\/automatic-liquid-packing-machine.jpg\" alt=\"m\u00e1quina autom\u00e1tica de embalagem de l\u00edquidos\" class=\"wp-image-1460\" srcset=\"https:\/\/tianhuipackingmachine.com\/wp-content\/uploads\/2021\/06\/automatic-liquid-packing-machine.jpg 600w, https:\/\/tianhuipackingmachine.com\/wp-content\/uploads\/2021\/06\/automatic-liquid-packing-machine-300x225.jpg 300w\" sizes=\"auto, (max-width: 600px) 100vw, 600px\" \/><figcaption>M\u00e1quina autom\u00e1tica de embalagem de l\u00edquidos<\/figcaption><\/figure> <\/div>    <div class=\"wp-block-column is-layout-flow wp-block-column-is-layout-flow\"> <h3 class=\"has-text-color wp-block-heading\" id=\"h-th-420-liquid-packaging-machine-parameters\" style=\"color:#ff5200\">Par\u00e2metros da m\u00e1quina de embalagem de l\u00edquidos TH-420<\/h3>    <ul class=\"wp-block-list\"><li>Tipo: m\u00e1quina de embalagem de l\u00edquidos TH-420<\/li><li>Comprimento do saco: 80-300 mm (L)<\/li><li>Largura do saco: 50-200 mm (L)<\/li><li>Velocidade de embalagem: 5-30 sacos\/min<\/li><li>Faixa de medi\u00e7\u00e3o: 5-1000ml<\/li><li>Consumo de ar: 0,65mpa<\/li><li>Consumo de g\u00e1s:0,3m\u00b3\/min<\/li><li>Tens\u00e3o: 220V<\/li><li>Pot\u00eancia: 2,2KW<\/li><li>Dimens\u00e3o:(L)1320mm\u00d7(L)950mm\u00d7(A)1360mm<\/li><li>Peso: 540Kg<\/li><li>Nota: Servi\u00e7o personalizado dispon\u00edvel<\/li><\/ul> <\/div> <\/div>    <div class=\"wp-block-columns is-layout-flex wp-container-core-columns-is-layout-28f84493 wp-block-columns-is-layout-flex\"> <div class=\"wp-block-column is-layout-flow wp-block-column-is-layout-flow\"> <figure class=\"wp-block-image size-full\"><img loading=\"lazy\" decoding=\"async\" width=\"600\" height=\"450\" src=\"https:\/\/tianhuipackingmachine.com\/wp-content\/uploads\/2021\/12\/automatic-pillow-packing-machine.jpg\" alt=\"m\u00e1quina autom\u00e1tica de embalagem de travesseiros\" class=\"wp-image-3611\" srcset=\"https:\/\/tianhuipackingmachine.com\/wp-content\/uploads\/2021\/12\/automatic-pillow-packing-machine.jpg 600w, https:\/\/tianhuipackingmachine.com\/wp-content\/uploads\/2021\/12\/automatic-pillow-packing-machine-480x360.jpg 480w\" sizes=\"auto, (max-width: 600px) 100vw, 600px\" \/><figcaption>M\u00e1quina autom\u00e1tica de embalagem de travesseiros<\/figcaption><\/figure> <\/div>    <div class=\"wp-block-column is-layout-flow wp-block-column-is-layout-flow\"> <h3 class=\"has-text-color wp-block-heading\" id=\"h-th-450-pillow-packing-equipment-parameters\" style=\"color:#ff5200\">Par\u00e2metros do equipamento de embalagem de travesseiros TH-450<\/h3>    <ul class=\"wp-block-list\" id=\"block-2b2732e3-9ecb-491e-b7cd-ef8fd6cac921\"><li>Largura do filme: m\u00e1x. 450 mm<\/li><li>Comprimento do saco: 130-450 mm<\/li><li>Largura do saco: 50-80 mm<\/li><li>Altura do produto: M\u00e1x.70 mm<\/li><li>Velocidade de embalagem: 30-180 sacos\/min<\/li><li>Pot\u00eancia: 220 V, 50\/60 Hz, 2,6 KVA<\/li><li>Peso: 900 kg<\/li><li>Dimens\u00e3o: 4020*745*1450mm<\/li><li>Nota: Personaliza\u00e7\u00e3o dispon\u00edvel<\/li><\/ul> <\/div> <\/div>    <h2 class=\"wp-block-heading\" id=\"h-fully-automatic-packaging-machine-vs-semi-automatic-packing-machine\"><strong>M\u00e1quina de embalagem totalmente autom\u00e1tica VS m\u00e1quina de embalagem semiautom\u00e1tica<\/strong><\/h2>    <p>Existem semelhan\u00e7as e diferen\u00e7as entre equipamentos de embalagem totalmente autom\u00e1ticos e equipamentos de embalagem semiautom\u00e1ticos, como segue. Em primeiro lugar, independentemente das m\u00e1quinas de embalagem totalmente autom\u00e1ticas ou semiautom\u00e1ticas, em compara\u00e7\u00e3o com o trabalho totalmente manual, ambas melhoram at\u00e9 certo ponto a efici\u00eancia do trabalho. Em segundo lugar, a sua pesagem e enchimento s\u00e3o bastante precisos e convenientes. Em terceiro lugar, uma m\u00e1quina de embalagem totalmente autom\u00e1tica pode completar todo o processo de forma\u00e7\u00e3o de sacos, impress\u00e3o de datas, pesagem, enchimento, selagem, corte e contagem. J\u00e1 o equipamento de embalagem semiautom\u00e1tico exige que a equipe coloque o saco na m\u00e1quina para enchimento e selagem. Resumindo, o equipamento de embalagem totalmente autom\u00e1tico economiza mais tempo, m\u00e3o de obra e trabalha com mais efici\u00eancia do que uma m\u00e1quina de embalagem semiautom\u00e1tica.<\/p>    <h2 class=\"wp-block-heading\" id=\"h-wide-applications-of-automatic-packing-machine\"><strong>Amplas aplica\u00e7\u00f5es de m\u00e1quina de embalagem autom\u00e1tica<\/strong><\/h2>    <p>O equipamento de embalagem autom\u00e1tica tem ampla aplica\u00e7\u00e3o em diversos tipos de ind\u00fastrias, como ind\u00fastrias aliment\u00edcias, qu\u00edmicas de uso di\u00e1rio, cosm\u00e9tica, farmac\u00eautica, tabaco, ch\u00e1, ferragens, padaria, vestu\u00e1rio, bebidas, molhos, etc. materiais, o equipamento de embalagem autom\u00e1tica inclui m\u00e1quina de embalagem de p\u00f3, gr\u00e2nulos, pasta e l\u00edquido.<\/p>    <ul class=\"wp-block-list\"><li><strong><a href=\"https:\/\/tianhuipackingmachine.com\/pt\/powder-packing-machine\/\">M\u00e1quina de embalagem de p\u00f3<\/a><\/strong> aplica-se ao leite em p\u00f3, caf\u00e9 em p\u00f3, pimenta preta em p\u00f3, cominho em p\u00f3, masala em p\u00f3, p\u00f3 farmac\u00eautico, farinha, farinha de milho, etc.<\/li><li>O <strong><a href=\"https:\/\/tianhuipackingmachine.com\/pt\/granule-packing-machine\/\">m\u00e1quina de embalagem de gr\u00e2nulos<\/a><\/strong> \u00e9 adequado para embalar gr\u00e3os de caf\u00e9, salgadinhos, pipoca, batatas fritas, biscoitos de camar\u00e3o, arroz, doces, sementes, cereais, comprimidos, pequenas bolas de a\u00e7o, detergentes, etc.<\/li><li>O <strong><a href=\"https:\/\/tianhuipackingmachine.com\/pt\/liquid-packing-machine\/\">m\u00e1quina de embalagem l\u00edquida<\/a><\/strong> \u00e9 melhor embalar o l\u00edquido com boa fluidez, como \u00e1gua, leite, caf\u00e9, suco, cerveja, vinho, \u00f3leo comest\u00edvel, vinagre, molho de soja e assim por diante.<\/li><li>Enquanto o equipamento de embalagem de pasta se aplica a molho de chocolate, molho de tomate, molho de espaguete, molho para salada, manteiga de amendoim, gel\u00e9ia, etc.<\/li><\/ul>    <p class=\"translation-block\">Al\u00e9m disso, s\u00f3lidos com formas regulares podem ser embalados por uma m\u00e1quina de embalagem em pillow, como toalhas, m\u00e1scaras, roupas, p\u00e3o, biscoitos, etc. E \u00e9 uma boa ideia usar<strong><a href=\"https:\/\/tianhuipackingmachine.com\/pt\/vacuum-packaging-machine\/\">m\u00e1quina de embalagem a v\u00e1cuo<\/a><\/strong> para alimentos perec\u00edveis, como carne fresca, frutas e vegetais, prolongando sua vida \u00fatil.<\/p>    <div class=\"wp-block-columns is-layout-flex wp-container-core-columns-is-layout-28f84493 wp-block-columns-is-layout-flex\"> <div class=\"wp-block-column is-layout-flow wp-block-column-is-layout-flow\"> <figure class=\"wp-block-image size-large\"><img loading=\"lazy\" decoding=\"async\" width=\"600\" height=\"450\" src=\"https:\/\/tianhuipackingmachine.com\/wp-content\/uploads\/2021\/05\/powder-packing-equipment-applications.jpg\" alt=\"aplica\u00e7\u00f5es de equipamentos de embalagem de p\u00f3\" class=\"wp-image-700\" srcset=\"https:\/\/tianhuipackingmachine.com\/wp-content\/uploads\/2021\/05\/powder-packing-equipment-applications.jpg 600w, https:\/\/tianhuipackingmachine.com\/wp-content\/uploads\/2021\/05\/powder-packing-equipment-applications-300x225.jpg 300w\" sizes=\"auto, (max-width: 600px) 100vw, 600px\" \/><figcaption>Aplica\u00e7\u00f5es de equipamentos de embalagem de p\u00f3<\/figcaption><\/figure> <\/div>    <div class=\"wp-block-column is-layout-flow wp-block-column-is-layout-flow\"> <figure class=\"wp-block-image size-large\"><img loading=\"lazy\" decoding=\"async\" width=\"600\" height=\"450\" src=\"https:\/\/tianhuipackingmachine.com\/wp-content\/uploads\/2021\/05\/horizontal-packing-machine-applications.jpg\" alt=\"aplica\u00e7\u00f5es de m\u00e1quinas de embalagem horizontais\" class=\"wp-image-748\" srcset=\"https:\/\/tianhuipackingmachine.com\/wp-content\/uploads\/2021\/05\/horizontal-packing-machine-applications.jpg 600w, https:\/\/tianhuipackingmachine.com\/wp-content\/uploads\/2021\/05\/horizontal-packing-machine-applications-300x225.jpg 300w\" sizes=\"auto, (max-width: 600px) 100vw, 600px\" \/><figcaption>Aplica\u00e7\u00f5es de m\u00e1quinas de embalagem horizontais<\/figcaption><\/figure> <\/div> <\/div>    <h2 class=\"wp-block-heading\" id=\"h-how-to-choose-a-satisfactory-automatic-packing-machine\"><strong>Como escolher uma m\u00e1quina embaladora autom\u00e1tica satisfat\u00f3ria?<\/strong><strong><\/strong><\/h2>    <p class=\"translation-block\">Ao escolher e comprar uma m\u00e1quina de embalagem autom\u00e1tica, voc\u00ea deve considerar os seguintes pontos. Primeiro, quais materiais de preenchimento voc\u00ea est\u00e1 preparando para embalar? Voc\u00ea pode escolher entre seu estado, p\u00f3, s\u00f3lido, l\u00edquido ou pasta. Em segundo lugar, qual velocidade e tamanho de embalagem voc\u00ea deseja? Diferentes tipos de m\u00e1quinas de embalagem autom\u00e1tica t\u00eam diversas velocidades e tamanhos de embalagem. \u00c9 melhor escolher a mais adequada para seus produtos. Em terceiro lugar, qual estilo de embalagem voc\u00ea escolhe? H\u00e1 selagem traseira, selagem de 3 lados, selagem de 4 lados, saco piramidal, etc. Fa\u00e7a uma escolha entre eles. Al\u00e9m disso, voc\u00ea tamb\u00e9m pode encontrar <strong><a href=\"https:\/\/tianhuipackingmachine.com\/pt\/\">um fabricante e fornecedor confi\u00e1vel<\/a><\/strong> para personalizar equipamentos de acordo com suas necessidades reais.<\/p>    <h2 class=\"wp-block-heading\" id=\"h-what-s-the-automatic-packing-equipment-price\"><strong>O que<\/strong><strong>'<\/strong><strong>Qual \u00e9 o pre\u00e7o do equipamento de embalagem autom\u00e1tica?<\/strong><strong><\/strong><\/h2>    <p>A m\u00e1quina de embalagem autom\u00e1tica \u00e9 afetada por v\u00e1rios fatores, principalmente os tipos de m\u00e1quina de embalagem. Por exemplo, equipamento de embalagem de p\u00f3, m\u00e1quina de embalagem de gr\u00e2nulos, m\u00e1quina de embalagem de l\u00edquidos s\u00e3o m\u00e1quinas de embalagem vertical. O enchimento do p\u00f3 necessita de parafuso, gr\u00e2nulo com copo medidor e l\u00edquido equipado com tubo e bomba. Al\u00e9m disso, o equipamento de embalagem a v\u00e1cuo adota uma c\u00e2mara \u00fanica ou c\u00e2mara dupla. A m\u00e1quina de embalagem de travesseiros oferece dois tipos de correias transportadoras opcionais, um tipo de correia transportadora com corrente e travas e um tipo de correia transportadora de filme servo. Essas diferen\u00e7as fazem com que o pre\u00e7o seja diferente. Al\u00e9m disso, oferecemos um servi\u00e7o personalizado para voc\u00ea. O pre\u00e7o depende de suas necessidades reais.<\/p>    <h2 class=\"wp-block-heading\" id=\"h-different-structures-of-automatic-packing-equipment\"><strong>Diferentes estruturas de equipamentos de embalagem autom\u00e1tica<\/strong><strong><\/strong><\/h2>    <p class=\"translation-block\">O equipamento de embalagem semi-autom\u00e1tico \u00e9 equipado com um funil, dispositivo de pesagem, dispositivo de preenchimento, dispositivo de selagem e corte. Enquanto a m\u00e1quina de embalagem totalmente autom\u00e1tica oferece PLC, funil, suporte de filme de embalagem, formador de saco, rodas de desenho de filme, dispositivo de selagem e corte. Entre os equipamentos de embalagem totalmente autom\u00e1ticos, a m\u00e1quina de embalagem de p\u00f3 usa um parafuso para controlar o volume de preenchimento. A m\u00e1quina de embalagem de gr\u00e2nulos adota uma x\u00edcara de medi\u00e7\u00e3o na plataforma para preenchimento. A m\u00e1quina de embalagem l\u00edquida preenche os materiais com uma bomba. Enquanto a m\u00e1quina de embalagem a v\u00e1cuo \u00e9 dividida em <strong><a href=\"https:\/\/tianhuipackingmachine.com\/pt\/single-chamber-vacuum-packaging-machine\/\">equipamento de embalagem a v\u00e1cuo de c\u00e2mara \u00fanica<\/a><\/strong> e <strong><a href=\"https:\/\/tianhuipackingmachine.com\/pt\/double-chamber-vacuum-packaging-machine\/\">equipamento de embalagem a v\u00e1cuo de c\u00e2mara dupla<\/a><\/strong>. E existem dois tipos de correias transportadoras opcionais para a m\u00e1quina de embalagem em pillow, uma \u00e9 uma correia transportadora com corrente e ganchos de bloqueio, e a outra \u00e9 uma correia transportadora de filme servo. Esta \u00faltima \u00e9 mais inteligente do que a primeira.<\/p>    <div class=\"wp-block-columns is-layout-flex wp-container-core-columns-is-layout-28f84493 wp-block-columns-is-layout-flex\"> <div class=\"wp-block-column is-layout-flow wp-block-column-is-layout-flow\"> <figure class=\"wp-block-image size-large\"><img loading=\"lazy\" decoding=\"async\" width=\"600\" height=\"450\" src=\"https:\/\/tianhuipackingmachine.com\/wp-content\/uploads\/2021\/05\/powder-packing-equipment-parts.jpg\" alt=\"pe\u00e7as de equipamento de embalagem de p\u00f3\" class=\"wp-image-701\" srcset=\"https:\/\/tianhuipackingmachine.com\/wp-content\/uploads\/2021\/05\/powder-packing-equipment-parts.jpg 600w, https:\/\/tianhuipackingmachine.com\/wp-content\/uploads\/2021\/05\/powder-packing-equipment-parts-300x225.jpg 300w\" sizes=\"auto, (max-width: 600px) 100vw, 600px\" \/><figcaption>Pe\u00e7as de equipamentos de embalagem de p\u00f3<\/figcaption><\/figure> <\/div>    <div class=\"wp-block-column is-layout-flow wp-block-column-is-layout-flow\"> <figure class=\"wp-block-image size-large\"><img loading=\"lazy\" decoding=\"async\" width=\"600\" height=\"450\" src=\"https:\/\/tianhuipackingmachine.com\/wp-content\/uploads\/2021\/06\/rotary-table-and-measuring-cup.jpg\" alt=\"copo medidor de m\u00e1quina de embalagem\" class=\"wp-image-1053\" srcset=\"https:\/\/tianhuipackingmachine.com\/wp-content\/uploads\/2021\/06\/rotary-table-and-measuring-cup.jpg 600w, https:\/\/tianhuipackingmachine.com\/wp-content\/uploads\/2021\/06\/rotary-table-and-measuring-cup-300x225.jpg 300w\" sizes=\"auto, (max-width: 600px) 100vw, 600px\" \/><figcaption>Mesa girat\u00f3ria e copo medidor<\/figcaption><\/figure> <\/div> <\/div>    <h2 class=\"wp-block-heading\" id=\"h-features-benefits-of-automatic-packing-equipment\"><strong>Recursos e benef\u00edcios do equipamento de embalagem autom\u00e1tica<\/strong><strong><\/strong><\/h2>    <ol class=\"wp-block-list\" type=\"1\"><li>Estrutura simples, f\u00e1cil de instalar e operar;<\/li><li>Os motores el\u00e9tricos controlam os componentes da m\u00e1quina separadamente, funcionando de forma est\u00e1vel e eficiente;<\/li><li>A m\u00e1quina de embalagem totalmente autom\u00e1tica adota PLC para configurar a velocidade de embalagem, comprimento dos sacos, temperatura de selagem, etc.;<\/li><li>O equipamento de embalagem autom\u00e1tica \u00e9 equipado com uma tampa de vidro transparente ao redor dos dispositivos de veda\u00e7\u00e3o e corte, como medida de seguran\u00e7a;<\/li><li>Os bot\u00f5es de parada de emerg\u00eancia e passo s\u00e3o projetados para situa\u00e7\u00f5es especiais;<\/li><li>O parafuso \u00e9 usado em uma m\u00e1quina autom\u00e1tica de embalagem de p\u00f3 para controlar o volume dos materiais de enchimento;<\/li><li>Duas rodas trefiladoras puxam o filme para selar, garantindo a movimenta\u00e7\u00e3o do filme;<\/li><li>V\u00e1rios estilos de embalagem s\u00e3o opcionais, como veda\u00e7\u00e3o traseira, veda\u00e7\u00e3o de 3 lados, veda\u00e7\u00e3o de 4 lados, pir\u00e2mide, etc.;<\/li><li>Quatro rodas na parte inferior da m\u00e1quina de embalagem vertical, para movimenta\u00e7\u00e3o conveniente.<\/li><li>Servi\u00e7o OEM dispon\u00edvel<\/li><\/ol>    <h2 class=\"wp-block-heading\" id=\"h-contact-us-and-get-a-custom-automatic-packing-machine\"><strong>Entre em contato conosco e g<\/strong><strong>et<\/strong><strong>&nbsp;<\/strong><strong>um costume<\/strong><strong>&nbsp;m\u00e1quina de embalagem autom\u00e1tica<\/strong><strong><\/strong><\/h2>    <p class=\"translation-block\">Uma excelente m\u00e1quina de embalagem autom\u00e1tica protegeria os produtos de danos, atrairia um n\u00famero de clientes a comprar, melhoraria muito a efici\u00eancia e a precis\u00e3o do trabalho. Ao ver essas m\u00e1quinas de embalagem autom\u00e1tica, voc\u00ea encontrou uma ou v\u00e1rias m\u00e1quinas que lhe interessam? <strong><a href=\"https:\/\/tianhuipackingmachine.com\/pt\/contact\/\">Entre em contato conosco e obtenha mais detalhes <\/a><\/strong>s sobre nossos produtos. Se voc\u00ea deseja personalizar seu pr\u00f3prio equipamento de embalagem autom\u00e1tica, n\u00f3s o fabricaremos de acordo com seus requisitos reais. Sinta-se \u00e0 vontade para entrar em contato conosco, e faremos o nosso melhor para atender \u00e0s suas necessidades.<\/p>","protected":false},"excerpt":{"rendered":"<p>Automatic packaging machine has been applied to food, drink, medicine, hardware, woodwork, etc. We can see packing products everywhere in our daily life. Different packaging types and sizes have greatly satisfied people&#8217;s needs. People will not only notice the product itself but also consider its packaging when they purchase something. A pretty and neat packing [&hellip;]<\/p>\n","protected":false},"author":1,"featured_media":1351,"parent":0,"template":"","tags":[171],"product-type":[145],"class_list":["post-1455","product","type-product","status-publish","has-post-thumbnail","hentry","tag-automatic-packing-machine","product-type-other-products"],"_links":{"self":[{"href":"https:\/\/tianhuipackingmachine.com\/pt\/wp-json\/wp\/v2\/product\/1455","targetHints":{"allow":["GET"]}}],"collection":[{"href":"https:\/\/tianhuipackingmachine.com\/pt\/wp-json\/wp\/v2\/product"}],"about":[{"href":"https:\/\/tianhuipackingmachine.com\/pt\/wp-json\/wp\/v2\/types\/product"}],"author":[{"embeddable":true,"href":"https:\/\/tianhuipackingmachine.com\/pt\/wp-json\/wp\/v2\/users\/1"}],"wp:featuredmedia":[{"embeddable":true,"href":"https:\/\/tianhuipackingmachine.com\/pt\/wp-json\/wp\/v2\/media\/1351"}],"wp:attachment":[{"href":"https:\/\/tianhuipackingmachine.com\/pt\/wp-json\/wp\/v2\/media?parent=1455"}],"wp:term":[{"taxonomy":"post_tag","embeddable":true,"href":"https:\/\/tianhuipackingmachine.com\/pt\/wp-json\/wp\/v2\/tags?post=1455"},{"taxonomy":"product-type","embeddable":true,"href":"https:\/\/tianhuipackingmachine.com\/pt\/wp-json\/wp\/v2\/product-type?post=1455"}],"curies":[{"name":"wp","href":"https:\/\/api.w.org\/{rel}","templated":true}]}}