{"id":1384,"date":"2021-06-23T15:04:36","date_gmt":"2021-06-23T07:04:36","guid":{"rendered":"https:\/\/tianhuipackingmachine.com\/?page_id=1384"},"modified":"2024-10-16T14:17:18","modified_gmt":"2024-10-16T06:17:18","slug":"single-chamber-vacuum-packaging-machine","status":"publish","type":"product","link":"https:\/\/tianhuipackingmachine.com\/pt\/single-chamber-vacuum-packaging-machine\/","title":{"rendered":"M\u00e1quina de embalagem a v\u00e1cuo de c\u00e2mara \u00fanica"},"content":{"rendered":"<p class=\"translation-block\">Shuliy <strong>m\u00e1quina de embalagem a v\u00e1cuo de c\u00e2mara \u00fanica<\/strong> aplica-se a alimentos, gr\u00e3os, carne, vegetais, etc. selagem a v\u00e1cuo para prolongar a vida \u00fatil dos alimentos, removendo o ar. O pouco ar no saco impede o crescimento de micr\u00f3bios e retarda o estrago dos alimentos.<\/p>    <p>\u00c9 uma seladora a v\u00e1cuo, com capacidade de 1 a 10 sacos por minuto. Esta m\u00e1quina de embalagem a v\u00e1cuo \u00e9 adequada para aplica\u00e7\u00f5es dom\u00e9sticas e comerciais. <\/p>    <p>A m\u00e1quina de embalagem a v\u00e1cuo para sala \u00fanica pode satisfazer tamanhos comuns de embalagem de sacos com opera\u00e7\u00e3o simples. Al\u00e9m disso, oferecemos suporte ao servi\u00e7o OEM de acordo com suas necessidades exatas. <\/p>    <p>Se voc\u00ea est\u00e1 procurando uma m\u00e1quina de embalagem a v\u00e1cuo confi\u00e1vel, entre em contato conosco o mais r\u00e1pido poss\u00edvel para obter mais informa\u00e7\u00f5es sobre a m\u00e1quina!<\/p>   <figure class=\"wp-block-embed-youtube wp-block-embed is-type-video is-provider-youtube wp-embed-aspect-16-9 wp-has-aspect-ratio\"><div class=\"lyte-wrapper\" title=\"M\u00e1quina de embalagem a v\u00e1cuo de c\u00e2mara \u00fanica para arroz e farinha\uff5cMelhor escolha para preserva\u00e7\u00e3o de alimentos #pack\" style=\"width:853px;max-width:100%;margin:5px auto;\"><div class=\"lyMe\" id=\"WYL_q9kFbJGuf88\" itemprop=\"video\" itemscope itemtype=\"https:\/\/schema.org\/VideoObject\"><div><meta itemprop=\"thumbnailUrl\" content=\"https:\/\/i.ytimg.com\/vi\/q9kFbJGuf88\/hqdefault.jpg\" \/><meta itemprop=\"embedURL\" content=\"https:\/\/www.youtube.com\/embed\/q9kFbJGuf88\" \/><meta itemprop=\"duration\" content=\"PT1M12S\" \/><meta itemprop=\"uploadDate\" content=\"2024-09-26T06:56:41Z\" \/><\/div><meta itemprop=\"accessibilityFeature\" content=\"captions\" \/><div id=\"lyte_q9kFbJGuf88\" data-src=\"https:\/\/i.ytimg.com\/vi\/q9kFbJGuf88\/hqdefault.jpg\" class=\"pL\"><div class=\"tC\"><div class=\"tT\" itemprop=\"name\">M\u00e1quina de embalagem a v\u00e1cuo de c\u00e2mara \u00fanica para arroz e farinha\uff5cMelhor escolha para preserva\u00e7\u00e3o de alimentos #pack<\/div><\/div><div class=\"play\"><\/div><div class=\"ctrl\"><div class=\"Lctrl\"><\/div><div class=\"Rctrl\"><\/div><\/div><\/div><noscript><a href=\"https:\/\/youtu.be\/q9kFbJGuf88\" rel=\"nofollow noopener\" target=\"_blank\"><img loading=\"lazy\" decoding=\"async\" src=\"https:\/\/i.ytimg.com\/vi\/q9kFbJGuf88\/0.jpg\" alt=\"M\u00e1quina de embalagem a v\u00e1cuo de c\u00e2mara \u00fanica para arroz e farinha\uff5cMelhor escolha para preserva\u00e7\u00e3o de alimentos #pack\" width=\"853\" height=\"460\" \/><\/a><\/noscript><meta itemprop=\"description\" content=\"#vacuumsealer #vacuumpackingmachine #vacuumpackaging #vacuumpacking #packingsolution WhatsApp No.: https:\/\/wa.me\/+8613673689272 WeChat\/Tel No.:+8613673689272 Email: sales@tianhuipackingmachine.com Website: https:\/\/tianhuipackingmachine.com\/single-chamber-vacuum-packaging-machine\/ In this video, we demonstrate the excellent performance of the Schulich Single Chamber Vacuum Packaging Machine for vacuum packaging of rice and flour. The vacuum sealer machine is easy to operate and efficiently seals to ensure long term food freshness. Whether it&#039;s rice or flour, this vacuum packaging machine ensures tight packaging and maximizes shelf life, making it especially suitable for grain storage and food processing industries. Feel free to watch the machine in action and see how it can help you improve your productivity. WhatsApp No.: https:\/\/wa.me\/+8613673689272 WeChat\/Tel No.:+8613673689272 Email: sales@tianhuipackingmachine.com Website: https:\/\/tianhuipackingmachine.com\/single-chamber-vacuum-packaging-machine\/\"><\/div><\/div><div class=\"lL\" style=\"max-width:100%;width:853px;margin:5px auto;\"> <a href=\"https:\/\/youtu.be\/q9kFbJGuf88\" target=\"_blank\" rel=\"noopener\">Assista a este v\u00eddeo no YouTube<\/a>.<\/div><figcaption>seladora a v\u00e1cuo de c\u00e2mara \u00fanica<\/figcaption><\/figure>   <h2 class=\"wp-block-heading\" id=\"h-advantages-of-single-room-vacuum-sealer\"><strong>Vantagens do selador a v\u00e1cuo para ambiente individual<\/strong><\/h2>    <ol style=\"list-style-type:1\" class=\"wp-block-list\"> <li>Ele adota um <strong>capa de perspex transparente convexa<\/strong>, f\u00e1cil ver o processo de veda\u00e7\u00e3o a v\u00e1cuo.<\/li>    <li>A tens\u00e3o \u00e9 <strong>adequado para aplica\u00e7\u00f5es dom\u00e9sticas<\/strong>.<\/li>    <li>O <strong>painel de controle inteligente<\/strong> opera de forma conveniente e segura.<\/li>    <li>A m\u00e1quina de embalagem a v\u00e1cuo Shuliy pode aumentar a vida \u00fatil dos produtos aliment\u00edcios. \u00c9 especialmente adequado para as necessidades de frescura de <strong>comida, carne, nozes, peixe, castanha de caju, frango, legumes, frutas<\/strong>, etc.<\/li>    <li>Nossa m\u00e1quina \u00e9 <strong>equipado com quatro rodas na parte inferior da m\u00e1quina<\/strong>, f\u00e1cil de mover.<\/li>    <li>Pudermos <strong>personalize a cor da m\u00e1quina, tens\u00e3o, pot\u00eancia<\/strong>, etc.<\/li> <\/ol>    <h2 class=\"wp-block-heading\"><strong>Par\u00e2metros t\u00e9cnicos do embalador a v\u00e1cuo de c\u00e2mara \u00fanica<\/strong><\/h2>    <div class=\"wp-block-columns is-layout-flex wp-container-core-columns-is-layout-28f84493 wp-block-columns-is-layout-flex\"> <div class=\"wp-block-column is-layout-flow wp-block-column-is-layout-flow\"> <figure class=\"wp-block-image size-full\"><img loading=\"lazy\" decoding=\"async\" width=\"600\" height=\"450\" src=\"https:\/\/tianhuipackingmachine.com\/wp-content\/uploads\/2021\/08\/single-chamber-vacuum-packing-machine.jpg\" alt=\"m\u00e1quina de embalagem a v\u00e1cuo de c\u00e2mara \u00fanica\" class=\"wp-image-2337\" srcset=\"https:\/\/tianhuipackingmachine.com\/wp-content\/uploads\/2021\/08\/single-chamber-vacuum-packing-machine.jpg 600w, https:\/\/tianhuipackingmachine.com\/wp-content\/uploads\/2021\/08\/single-chamber-vacuum-packing-machine-300x225.jpg 300w\" sizes=\"auto, (max-width: 600px) 100vw, 600px\" \/><figcaption class=\"wp-element-caption\">M\u00e1quina de embalagem a v\u00e1cuo de c\u00e2mara \u00fanica<\/figcaption><\/figure> <\/div>    <div class=\"wp-block-column is-vertically-aligned-center is-layout-flow wp-block-column-is-layout-flow\"> <ul class=\"wp-block-list\"> <li>Modelo: SL-500<\/li>    <li>Tens\u00e3o: 220V\/50Hz<\/li>    <li>Pot\u00eancia da bomba de v\u00e1cuo: 0,9KW<\/li>    <li>Pot\u00eancia de veda\u00e7\u00e3o: 0,6KW<\/li>    <li>Press\u00e3o absoluta: 0,1pa<\/li>    <li>N\u00famero de tiras de veda\u00e7\u00e3o: 1<\/li>    <li>Tamanho das tiras de veda\u00e7\u00e3o: 500 mm * 10 mm * 2<\/li>    <li>Material da c\u00e2mara: a\u00e7o inoxid\u00e1vel 304<\/li>    <li>Material de cobertura: vidro org\u00e2nico<\/li>    <li>Tamanho da c\u00e2mara: 525*520*130mm<\/li>    <li>Tamanho da m\u00e1quina: 650*580*960mm<\/li>    <li>Peso da m\u00e1quina: 80kg<\/li> <\/ul> <\/div> <\/div>    <p>Esses par\u00e2metros da m\u00e1quina s\u00e3o para sua refer\u00eancia antes de comprar uma. Al\u00e9m disso, voc\u00ea pode entrar em contato conosco para obter uma m\u00e1quina de embalagem a v\u00e1cuo personalizada.<\/p>    <h2 class=\"wp-block-heading\" id=\"h-single-chamber-vacuum-packaging-machine-for-sale\"><strong>O que comp\u00f5e a m\u00e1quina de embalagem a v\u00e1cuo de c\u00e2mara \u00fanica Shuliy?<\/strong><\/h2>    <p>Nossa m\u00e1quina embaladora a v\u00e1cuo de c\u00e2mara \u00fanica para venda consiste em uma tampa convexa transparente de perspex, uma c\u00e2mara de v\u00e1cuo, sistema de controle el\u00e9trico e sistema de v\u00e1cuo. \u00c9 f\u00e1cil de entender e aprender a operar.<\/p>    <h2 class=\"wp-block-heading\" id=\"h-working-principles-of-single-chamber-vacuum-seal-machine\"><strong>Como funciona a m\u00e1quina seladora a v\u00e1cuo de c\u00e2mara \u00fanica?<\/strong><\/h2>    <p>O fluxo de trabalho principal da m\u00e1quina embaladora a v\u00e1cuo de c\u00e2mara \u00fanica \u00e9 o seguinte:<\/p>    <ol class=\"wp-block-list\"> <li><strong>Prepara\u00e7\u00e3o<\/strong>. Coloque os itens no saco de embalagem a v\u00e1cuo e coloque a abertura do saco na tira de veda\u00e7\u00e3o.<\/li>    <li><strong>Extra\u00e7\u00e3o a v\u00e1cuo<\/strong>. Cubra a tampa da m\u00e1quina e ligue-a. A m\u00e1quina extrair\u00e1 o ar do saco para formar um v\u00e1cuo.<\/li>    <li><strong>Selagem<\/strong>. No estado de v\u00e1cuo, a m\u00e1quina sela o saco a quente atrav\u00e9s da tira de aquecimento para selar a boca do saco.<\/li>    <li><strong>Conclus\u00e3o<\/strong>. Ap\u00f3s completar a selagem, a m\u00e1quina retornar\u00e1 automaticamente ao estado de press\u00e3o atmosf\u00e9rica. O saco grudar\u00e1 no produto formando uma embalagem lacrada.<\/li>    <li><strong>Infla\u00e7\u00e3o (opcional)<\/strong>. Alguns produtos, como alimentos tufados, podem ser enchidos com g\u00e1s inerte antes de serem selados para prolongar a vida \u00fatil.<\/li> <\/ol>   <figure class=\"wp-block-embed-youtube wp-block-embed is-type-video is-provider-youtube wp-embed-aspect-16-9 wp-has-aspect-ratio\"><div class=\"lyte-wrapper\" title=\"M\u00e1quina embaladora a v\u00e1cuo de c\u00e2mara \u00fanica | Seladora a v\u00e1cuo para quarto individual\" style=\"width:853px;max-width:100%;margin:5px auto;\"><div class=\"lyMe\" id=\"WYL_g91PoEzoRlQ\" itemprop=\"video\" itemscope itemtype=\"https:\/\/schema.org\/VideoObject\"><div><meta itemprop=\"thumbnailUrl\" content=\"https:\/\/i.ytimg.com\/vi\/g91PoEzoRlQ\/hqdefault.jpg\" \/><meta itemprop=\"embedURL\" content=\"https:\/\/www.youtube.com\/embed\/g91PoEzoRlQ\" \/><meta itemprop=\"duration\" content=\"PT49S\" \/><meta itemprop=\"uploadDate\" content=\"2021-08-14T10:48:28Z\" \/><\/div><div id=\"lyte_g91PoEzoRlQ\" data-src=\"https:\/\/i.ytimg.com\/vi\/g91PoEzoRlQ\/hqdefault.jpg\" class=\"pL\"><div class=\"tC\"><div class=\"tT\" itemprop=\"name\">M\u00e1quina embaladora a v\u00e1cuo de c\u00e2mara \u00fanica | Seladora a v\u00e1cuo para quarto individual<\/div><\/div><div class=\"play\"><\/div><div class=\"ctrl\"><div class=\"Lctrl\"><\/div><div class=\"Rctrl\"><\/div><\/div><\/div><noscript><a href=\"https:\/\/youtu.be\/g91PoEzoRlQ\" rel=\"nofollow noopener\" target=\"_blank\"><img loading=\"lazy\" decoding=\"async\" src=\"https:\/\/i.ytimg.com\/vi\/g91PoEzoRlQ\/0.jpg\" alt=\"M\u00e1quina embaladora a v\u00e1cuo de c\u00e2mara \u00fanica | Seladora a v\u00e1cuo para quarto individual\" width=\"853\" height=\"460\" \/><\/a><\/noscript><meta itemprop=\"description\" content=\"Single chamber vacuum packing machine has a widespread application in a variety of food in order to prevent oxidization and prolong shelf life, such as sausage, bacon, roast duck, dried tofu, beef, mutton, pork, chicken, fruit, vegetables, butter, nuts, dried fruit, biscuits, corns, peanut, flour, etc. Get more details: https:\/\/tianhuipackingmachine.com\/single-chamber-vacuum-packaging-machine\/ Email: toppacking@163.com Whatsapp\/Tel: +86 17329326135\"><\/div><\/div><div class=\"lL\" style=\"max-width:100%;width:853px;margin:5px auto;\"> <a href=\"https:\/\/youtu.be\/g91PoEzoRlQ\" target=\"_blank\" rel=\"noopener\">Assista a este v\u00eddeo no YouTube<\/a>.<\/div><figcaption>m\u00e1quina de selagem a v\u00e1cuo para quarto individual<\/figcaption><\/figure>   <h2 class=\"wp-block-heading\" id=\"h-applications-of-single-chamber-vacuum-packaging-machine\"><strong>Aplica\u00e7\u00f5es da m\u00e1quina de embalagem a v\u00e1cuo de c\u00e2mara \u00fanica<\/strong><\/h2>    <p>A voltagem de uma m\u00e1quina de embalagem a v\u00e1cuo de c\u00e2mara \u00fanica aplica-se tanto \u00e0s ind\u00fastrias quanto \u00e0s fam\u00edlias. Suas dimens\u00f5es s\u00e3o pequenas e f\u00e1ceis de operar. <\/p>    <p>A seladora a v\u00e1cuo para ambientes individuais tem ampla aplica\u00e7\u00e3o em uma variedade, como:<\/p>    <ul class=\"wp-block-list\"> <li><strong>Carne<\/strong>: lingui\u00e7a, bacon, pato assado, carne bovina, carneiro, porco, frango, etc.<\/li>    <li><strong>Gr\u00e3o<\/strong>: milho, amendoim, farinha e outros.<\/li>    <li><strong>Comida<\/strong>: tofu seco, nozes, biscoitos, <a href=\"https:\/\/en.wikipedia.org\/wiki\/Marination\" target=\"_blank\" rel=\"noopener\">marinado<\/a> produtos, frutas, frutas secas, vegetais, etc.<\/li>    <li><strong>Outros<\/strong>: manteiga, etc.<\/li> <\/ul>    <figure class=\"wp-block-image size-large\"><img loading=\"lazy\" decoding=\"async\" width=\"600\" height=\"450\" src=\"https:\/\/tianhuipackingmachine.com\/wp-content\/uploads\/2021\/06\/applications-of-vacuum-packing-machine.jpg\" alt=\"aplica\u00e7\u00f5es da m\u00e1quina de embalagem a v\u00e1cuo\" class=\"wp-image-1386\" srcset=\"https:\/\/tianhuipackingmachine.com\/wp-content\/uploads\/2021\/06\/applications-of-vacuum-packing-machine.jpg 600w, https:\/\/tianhuipackingmachine.com\/wp-content\/uploads\/2021\/06\/applications-of-vacuum-packing-machine-300x225.jpg 300w\" sizes=\"auto, (max-width: 600px) 100vw, 600px\" \/><figcaption class=\"wp-element-caption\">Aplica\u00e7\u00f5es da m\u00e1quina de embalagem a v\u00e1cuo<\/figcaption><\/figure>    <h2 class=\"wp-block-heading\" id=\"h-various-types-of-vacuum-packing-film-materials\"><strong>V\u00e1rios tipos de materiais de filme para embalagem a v\u00e1cuo<\/strong><\/h2>    <p>Agora todos n\u00f3s conhecemos a ampla aplica\u00e7\u00e3o das m\u00e1quinas de embalagem a v\u00e1cuo, mas voc\u00ea sabe quais materiais s\u00e3o usados \u200b\u200bpara embalagem a v\u00e1cuo?<\/p>    <p class=\"translation-block\">Os materiais de filme das <a href=\"https:\/\/tianhuipackingmachine.com\/pt\/vacuum-packaging-machine\/\">m\u00e1quinas de embalagem a v\u00e1cuo<\/a> s\u00e3o principalmente PE, RCPP, AL e PET. As propriedades s\u00e3o as seguintes. <\/p>    <ul class=\"wp-block-list\"> <li>PE \u00e9 adequado para baixas temperaturas. <\/li>    <li>O RCPP \u00e9 capaz de suportar altas temperaturas. AL \u00e9 aplicado ao bloqueio de luz. <\/li>    <li>PET aumenta a resist\u00eancia mec\u00e2nica.<\/li> <\/ul>    <p>Al\u00e9m disso, est\u00e3o dispon\u00edveis comp\u00f3sitos, como: <\/p>    <ul class=\"wp-block-list\"> <li>PA\/PE, PA\/RCPP e PET\/RCPP<\/li>    <li>PET\/PA\/PE, PET\/AL\/RCPP, PA\/AL\/RAPP e PET\/PA\/AL\/RCPP<\/li> <\/ul>    <p> Os comp\u00f3sitos com tr\u00eas ou quatro tipos de materiais para melhorar as propriedades do material.<\/p>    <p>A apar\u00eancia do filme de embalagem a v\u00e1cuo afeta diretamente o resultado da embalagem, como prazo de validade e sabor dos alimentos. \u00c9 extremamente importante escolher um bom material de filme para embalagem a v\u00e1cuo. Se quiser mais informa\u00e7\u00f5es, entre em contato conosco agora!<\/p>    <figure class=\"wp-block-gallery has-nested-images columns-default is-cropped wp-block-gallery-2 is-layout-flex wp-block-gallery-is-layout-flex\"> <figure class=\"wp-block-image size-large\"><img loading=\"lazy\" decoding=\"async\" width=\"667\" height=\"500\" data-id=\"6861\" src=\"https:\/\/tianhuipackingmachine.com\/wp-content\/uploads\/2021\/06\/vacuum-packing-film-667x500.webp\" alt=\"filme de embalagem a v\u00e1cuo\" class=\"wp-image-6861\" srcset=\"https:\/\/tianhuipackingmachine.com\/wp-content\/uploads\/2021\/06\/vacuum-packing-film-667x500.webp 667w, https:\/\/tianhuipackingmachine.com\/wp-content\/uploads\/2021\/06\/vacuum-packing-film-480x360.webp 480w, https:\/\/tianhuipackingmachine.com\/wp-content\/uploads\/2021\/06\/vacuum-packing-film-16x12.webp 16w, https:\/\/tianhuipackingmachine.com\/wp-content\/uploads\/2021\/06\/vacuum-packing-film.webp 720w\" sizes=\"auto, (max-width: 667px) 100vw, 667px\" \/><figcaption class=\"wp-element-caption\">Filme de embalagem a v\u00e1cuo<\/figcaption><\/figure>    <figure class=\"wp-block-image size-large\"><img loading=\"lazy\" decoding=\"async\" width=\"667\" height=\"500\" data-id=\"6862\" src=\"https:\/\/tianhuipackingmachine.com\/wp-content\/uploads\/2021\/06\/various-types-of-package-bags-667x500.webp\" alt=\"v\u00e1rios tipos de sacos de pacote\" class=\"wp-image-6862\" srcset=\"https:\/\/tianhuipackingmachine.com\/wp-content\/uploads\/2021\/06\/various-types-of-package-bags-667x500.webp 667w, https:\/\/tianhuipackingmachine.com\/wp-content\/uploads\/2021\/06\/various-types-of-package-bags-480x360.webp 480w, https:\/\/tianhuipackingmachine.com\/wp-content\/uploads\/2021\/06\/various-types-of-package-bags-16x12.webp 16w, https:\/\/tianhuipackingmachine.com\/wp-content\/uploads\/2021\/06\/various-types-of-package-bags.webp 720w\" sizes=\"auto, (max-width: 667px) 100vw, 667px\" \/><figcaption class=\"wp-element-caption\">V\u00e1rios tipos de sacolas<\/figcaption><\/figure> <\/figure>    <h2 class=\"wp-block-heading\" id=\"h-single-chamber-vacuum-packaging-machine-cost\"><strong>Qual \u00e9 o custo da m\u00e1quina de embalagem a v\u00e1cuo de c\u00e2mara \u00fanica?<\/strong><\/h2>    <p>O pre\u00e7o da m\u00e1quina seladora de embalagem a v\u00e1cuo de c\u00e2mara \u00fanica \u00e9 afetado pelo material da m\u00e1quina, n\u00famero da tira de veda\u00e7\u00e3o, personaliza\u00e7\u00e3o, etc. <\/p>    <ul class=\"wp-block-list\"> <li>Por exemplo, o a\u00e7o inoxid\u00e1vel 304 cobre o corpo do equipamento de embalagem a v\u00e1cuo de sala \u00fanica. Assim, o pre\u00e7o da m\u00e1quina \u00e9 diferente da m\u00e1quina com materiais normais. <\/li>    <li>Os tamanhos e n\u00fameros das tiras de veda\u00e7\u00e3o equipadas tamb\u00e9m podem influenciar o pre\u00e7o. Quanto mais voc\u00ea precisar, maior ser\u00e1 o pre\u00e7o.<\/li>    <li>Em compara\u00e7\u00e3o com uma m\u00e1quina de embalagem a v\u00e1cuo de c\u00e2mara \u00fanica padr\u00e3o, o pre\u00e7o de uma m\u00e1quina de embalagem personalizada \u00e9 mais alto.<\/li> <\/ul>    <p>Contate-nos agora para mais detalhes. Daremos-lhe sugest\u00f5es \u00fateis e ajud\u00e1-lo-emos a escolher o equipamento adequado ao melhor pre\u00e7o.<\/p>    <div class=\"wp-block-columns is-layout-flex wp-container-core-columns-is-layout-28f84493 wp-block-columns-is-layout-flex\"> <div class=\"wp-block-column is-layout-flow wp-block-column-is-layout-flow\"> <figure class=\"wp-block-image size-large\"><img loading=\"lazy\" decoding=\"async\" width=\"600\" height=\"450\" src=\"https:\/\/tianhuipackingmachine.com\/wp-content\/uploads\/2021\/06\/single-chamber-vacuum-packaging-machine.jpg\" alt=\"m\u00e1quina de embalagem a v\u00e1cuo de c\u00e2mara \u00fanica\" class=\"wp-image-1387\" srcset=\"https:\/\/tianhuipackingmachine.com\/wp-content\/uploads\/2021\/06\/single-chamber-vacuum-packaging-machine.jpg 600w, https:\/\/tianhuipackingmachine.com\/wp-content\/uploads\/2021\/06\/single-chamber-vacuum-packaging-machine-300x225.jpg 300w\" sizes=\"auto, (max-width: 600px) 100vw, 600px\" \/><figcaption class=\"wp-element-caption\">M\u00e1quina de embalagem a v\u00e1cuo de c\u00e2mara \u00fanica<\/figcaption><\/figure> <\/div>    <div class=\"wp-block-column is-layout-flow wp-block-column-is-layout-flow\"> <figure class=\"wp-block-image size-large\"><img loading=\"lazy\" decoding=\"async\" width=\"600\" height=\"450\" src=\"https:\/\/tianhuipackingmachine.com\/wp-content\/uploads\/2021\/06\/double-chamber-vacuum-packing-machine.jpg\" alt=\"m\u00e1quina de embalagem a v\u00e1cuo de c\u00e2mara dupla\" class=\"wp-image-1388\" srcset=\"https:\/\/tianhuipackingmachine.com\/wp-content\/uploads\/2021\/06\/double-chamber-vacuum-packing-machine.jpg 600w, https:\/\/tianhuipackingmachine.com\/wp-content\/uploads\/2021\/06\/double-chamber-vacuum-packing-machine-300x225.jpg 300w\" sizes=\"auto, (max-width: 600px) 100vw, 600px\" \/><figcaption class=\"wp-element-caption\">M\u00e1quina de embalagem a v\u00e1cuo de c\u00e2mara dupla<\/figcaption><\/figure> <\/div> <\/div>    <h2 class=\"wp-block-heading\" id=\"h-why-choose-us-as-your-top-vacuum-packaging-machine-supplier\"><strong>Por que escolher Shuliy como seu principal fornecedor de m\u00e1quinas de embalagem a v\u00e1cuo?<\/strong><\/h2>    <p>Entre os muitos fornecedores de trabalhadores de m\u00e1quinas de selagem a v\u00e1cuo, temos as seguintes vantagens espec\u00edficas:<\/p>    <ul class=\"wp-block-list\"> <li>Nossa empresa tem bastante <strong>equipe t\u00e9cnica profissional<\/strong> para seladoras a v\u00e1cuo de alimentos de c\u00e2mara \u00fanica. <\/li>    <li>Com <strong>for\u00e7a de excelente qualidade de m\u00e1quina, pre\u00e7o competitivo e bom servi\u00e7o<\/strong>, conclu\u00edmos v\u00e1rios pedidos de todo o mundo.<\/li>    <li>Temos um extremamente <strong>rigoroso sistema de controle de qualidade<\/strong>. Antes do envio, tiraremos fotos e v\u00eddeos para voc\u00ea.<\/li>    <li>N\u00f3s apoiamos <strong>Atendimento on-line 24 horas<\/strong> e <strong>manuten\u00e7\u00e3o vital\u00edcia<\/strong>. <strong>Manual de ingl\u00eas e ensino de v\u00eddeo<\/strong> tamb\u00e9m s\u00e3o fornecidos.<\/li>    <li>Shuliy <strong>servi\u00e7o personalizado<\/strong> est\u00e1 dispon\u00edvel. Podemos fabricar a m\u00e1quina de embalagem de acordo com suas necessidades reais em rela\u00e7\u00e3o a tens\u00e3o, tamanho, velocidade de embalagem e assim por diante.<\/li> <\/ul>    <p>Al\u00e9m disso, se desejar obter mais informa\u00e7\u00f5es, entre em contato conosco e faremos o poss\u00edvel para atender \u00e0s suas necessidades.<\/p>    <figure class=\"wp-block-image size-large\"><img loading=\"lazy\" decoding=\"async\" width=\"500\" height=\"500\" src=\"https:\/\/tianhuipackingmachine.com\/wp-content\/uploads\/2021\/06\/vacuum-bag-packing-machine-manufacturer-500x500.webp\" alt=\"fabricante de m\u00e1quina de embalagem de saco a v\u00e1cuo\" class=\"wp-image-6865\" srcset=\"https:\/\/tianhuipackingmachine.com\/wp-content\/uploads\/2021\/06\/vacuum-bag-packing-machine-manufacturer-500x500.webp 500w, https:\/\/tianhuipackingmachine.com\/wp-content\/uploads\/2021\/06\/vacuum-bag-packing-machine-manufacturer-360x360.webp 360w, https:\/\/tianhuipackingmachine.com\/wp-content\/uploads\/2021\/06\/vacuum-bag-packing-machine-manufacturer-150x150.webp 150w, https:\/\/tianhuipackingmachine.com\/wp-content\/uploads\/2021\/06\/vacuum-bag-packing-machine-manufacturer-12x12.webp 12w, https:\/\/tianhuipackingmachine.com\/wp-content\/uploads\/2021\/06\/vacuum-bag-packing-machine-manufacturer.webp 720w\" sizes=\"auto, (max-width: 500px) 100vw, 500px\" \/><figcaption class=\"wp-element-caption\">Fabricante de m\u00e1quina de embalagem de saco a v\u00e1cuo<\/figcaption><\/figure>    <h2 class=\"wp-block-heading\" id=\"h-contact-us-for-the-best-price\"><strong>Contacte-nos para obter o melhor pre\u00e7o!<\/strong><\/h2>    <p>Como fabricante e fornecedor profissional de m\u00e1quinas de embalagem, al\u00e9m da m\u00e1quina de embalagem a v\u00e1cuo de c\u00e2mara \u00fanica, tamb\u00e9m temos: <\/p>    <ul class=\"wp-block-list\"> <li><a href=\"https:\/\/tianhuipackingmachine.com\/pt\/double-chamber-vacuum-packaging-machine\/\">M\u00e1quina de embalagem a v\u00e1cuo de c\u00e2mara dupla<\/a><\/li>    <li>M\u00e1quina de embalagem a v\u00e1cuo de filme extens\u00edvel<\/li>    <li>Seladora a v\u00e1cuo de mesa<\/li>    <li>M\u00e1quina embaladora a v\u00e1cuo com suc\u00e7\u00e3o externa<\/li> <\/ul>    <p>Se voc\u00ea est\u00e1 procurando um fabricante e fornecedor confi\u00e1vel, \u00e9 uma boa ideia cooperar conosco. Bem-vindo a entrar em contato conosco para mais detalhes e o melhor pre\u00e7o.<\/p>","protected":false},"excerpt":{"rendered":"<p>A m\u00e1quina de embalagem a v\u00e1cuo de c\u00e2mara \u00fanica Shuliy aplica-se a alimentos, gr\u00e3os, carne, vegetais, etc., veda\u00e7\u00e3o a v\u00e1cuo para prolongar a vida \u00fatil dos alimentos, removendo o ar. Tem capacidade de 1 a 10 sacos por minuto.<\/p>","protected":false},"author":1,"featured_media":6939,"parent":0,"template":"","tags":[194],"product-type":[140],"class_list":["post-1384","product","type-product","status-publish","has-post-thumbnail","hentry","tag-vacuum-packing-machine","product-type-vacuum-packaging-machines"],"_links":{"self":[{"href":"https:\/\/tianhuipackingmachine.com\/pt\/wp-json\/wp\/v2\/product\/1384","targetHints":{"allow":["GET"]}}],"collection":[{"href":"https:\/\/tianhuipackingmachine.com\/pt\/wp-json\/wp\/v2\/product"}],"about":[{"href":"https:\/\/tianhuipackingmachine.com\/pt\/wp-json\/wp\/v2\/types\/product"}],"author":[{"embeddable":true,"href":"https:\/\/tianhuipackingmachine.com\/pt\/wp-json\/wp\/v2\/users\/1"}],"wp:featuredmedia":[{"embeddable":true,"href":"https:\/\/tianhuipackingmachine.com\/pt\/wp-json\/wp\/v2\/media\/6939"}],"wp:attachment":[{"href":"https:\/\/tianhuipackingmachine.com\/pt\/wp-json\/wp\/v2\/media?parent=1384"}],"wp:term":[{"taxonomy":"post_tag","embeddable":true,"href":"https:\/\/tianhuipackingmachine.com\/pt\/wp-json\/wp\/v2\/tags?post=1384"},{"taxonomy":"product-type","embeddable":true,"href":"https:\/\/tianhuipackingmachine.com\/pt\/wp-json\/wp\/v2\/product-type?post=1384"}],"curies":[{"name":"wp","href":"https:\/\/api.w.org\/{rel}","templated":true}]}}