{"id":365,"date":"2021-05-12T07:20:48","date_gmt":"2021-05-12T07:20:48","guid":{"rendered":"https:\/\/tianhuipackingmachine.com\/?page_id=365"},"modified":"2025-09-12T09:46:19","modified_gmt":"2025-09-12T01:46:19","slug":"be-agent","status":"publish","type":"page","link":"https:\/\/tianhuipackingmachine.com\/pt\/be-agent\/","title":{"rendered":"Seja agente"},"content":{"rendered":"<h2 class=\"wp-block-heading has-text-color\" id=\"h-who-we-are\" style=\"color:#ff4301\"><strong>Quem n\u00f3s somos<\/strong><\/h2>    <p>Fundada em 1993, somos um dos principais fabricantes profissionais de m\u00e1quinas de embalagem na China. Com vasta experi\u00eancia em design, pesquisa, fabrica\u00e7\u00e3o e comercializa\u00e7\u00e3o de equipamentos de embalagem, as m\u00e1quinas de embalagem TOP foram exportadas para mais de 80 pa\u00edses e regi\u00f5es ao redor do mundo. Agora, procuramos distribuidores como nossos parceiros estrat\u00e9gicos globais para uma situa\u00e7\u00e3o vantajosa para todos.<\/p>    <h2 class=\"wp-block-heading has-text-color\" id=\"h-what-we-supply\" style=\"color:#ff4301\"><strong>O que fornecemos<\/strong><\/h2>    <p class=\"translation-block\">Somos um fabricante profissional de m\u00e1quinas de embalagem. Nossos produtos cobrem <a href=\"https:\/\/tianhuipackingmachine.com\/pt\/powder-packing-machine\/\">m\u00e1quina de embalagem de p\u00f3<\/a>, <a href=\"https:\/\/tianhuipackingmachine.com\/pt\/granule-packing-machine\/\">m\u00e1quina de embalagem de gr\u00e2nulos<\/a>, <a href=\"https:\/\/tianhuipackingmachine.com\/pt\/liquid-packing-machine\/\">m\u00e1quina de embalagem de l\u00edquidos<\/a>, m\u00e1quina de embalagem de pasta. Quanto \u00e0 estrutura da m\u00e1quina, existem <a href=\"https:\/\/tianhuipackingmachine.com\/pt\/vertical-packaging-machine\/\">m\u00e1quina de embalagem vertical<\/a> e <a href=\"https:\/\/tianhuipackingmachine.com\/pt\/pillow-packing-machine\/\">m\u00e1quina de embalagem tipo almofada<\/a>. Em outras palavras, fornecemos v\u00e1rios tipos de equipamentos de embalagem para materiais aliment\u00edcios e n\u00e3o aliment\u00edcios, como ch\u00e1, caf\u00e9, batatas fritas, salgadinhos, chocolate, arroz, vegetais, pipoca, doces, a\u00e7\u00facar, p\u00edlulas, \u00f3leo, leite, suco, padaria, biscoito, etc.<\/p>    <h2 class=\"wp-block-heading has-text-color\" id=\"h-what-we-support\" style=\"color:#ff4301\"><strong>O que apoiamos<\/strong><\/h2>    <p>Sistema de cadeia de suprimentos cont\u00ednuo e est\u00e1vel<\/p>    <p>Sistema de pre\u00e7os completo e competitivo<\/p>    <p>Apoie totalmente a promo\u00e7\u00e3o: Exposi\u00e7\u00f5es Mundiais, Sites Oficiais, Redes Sociais, Publicidade Mundial<\/p>    <p>Log\u00edstica: Log\u00edstica mundial e log\u00edstica indicada pelo cliente<\/p>    <p>Estrat\u00e9gia e constru\u00e7\u00e3o de marca: marketing de marca baseado em nossa pr\u00f3pria marca ou OEM\/ODM<\/p>    <h2 class=\"wp-block-heading has-text-color\" id=\"h-how-to-start\" style=\"color:#ff4301\"><strong>Como come\u00e7ar<\/strong><\/h2>    <ol class=\"wp-block-list\" style=\"list-style-type:1\"> <li>Informa\u00e7\u00f5es do candidato e envio de inten\u00e7\u00e3o<\/li>    <li>Avalia\u00e7\u00e3o e revis\u00e3o<\/li>    <li>Proposta e plano de neg\u00f3cios<\/li>    <li>Ordem executada e processada<\/li> <\/ol>    <hr class=\"wp-block-separator has-text-color has-css-opacity has-background is-style-wide\" style=\"background-color:#ff4301;color:#ff4301\"\/>    <p class=\"has-black-color has-text-color translation-block\"><strong>HENAN TOP PACKING MACHINERY CO., LTD<\/strong><\/p>    <p class=\"translation-block\">Website: <a href=\"https:\/\/tianhuipackingmachine.com\/pt\/\">https:\/\/tianhuipackingmachine.com\/<\/a><\/p>    <p><\/p>    <p class=\"translation-block\">Email: <u><\/u><u><a href=\"mailto:sales@tianhuipackingmachine.com\" target=\"_blank\" rel=\"noreferrer noopener\">sales@tianhuipackingmachine.com<\/a><\/u><\/p>    <p>Tel\/WhatsApp: +8613673689272 (Sra. Malinda)<\/p>    <h3 class=\"wp-block-heading has-text-align-center has-text-color has-background\" id=\"h-want-to-start-your-successful-business\" style=\"color:#ff5200;background-color:#eeeeee\"><strong>Quer come\u00e7ar seu neg\u00f3cio de sucesso agora? <\/strong><\/h3>    <p>N\u00e3o hesite em nos deixar uma mensagem! Com base na sua mensagem e informa\u00e7\u00f5es, entraremos em contato com voc\u00ea o mais breve poss\u00edvel.<\/p>","protected":false},"excerpt":{"rendered":"<p>Who we are Founded in 1993, we are one of the leading professional packing machine manufacturers in China. With rich experience in the design, research, manufacturing, and marketing of packaging equipment, TOP packing machines have been exported to more than 80 countries and regions around the world. Now, we are looking for distributors as our [&hellip;]<\/p>\n","protected":false},"author":1,"featured_media":0,"parent":0,"menu_order":0,"comment_status":"closed","ping_status":"closed","template":"","meta":{"footnotes":""},"class_list":["post-365","page","type-page","status-publish","hentry"],"_links":{"self":[{"href":"https:\/\/tianhuipackingmachine.com\/pt\/wp-json\/wp\/v2\/pages\/365","targetHints":{"allow":["GET"]}}],"collection":[{"href":"https:\/\/tianhuipackingmachine.com\/pt\/wp-json\/wp\/v2\/pages"}],"about":[{"href":"https:\/\/tianhuipackingmachine.com\/pt\/wp-json\/wp\/v2\/types\/page"}],"author":[{"embeddable":true,"href":"https:\/\/tianhuipackingmachine.com\/pt\/wp-json\/wp\/v2\/users\/1"}],"replies":[{"embeddable":true,"href":"https:\/\/tianhuipackingmachine.com\/pt\/wp-json\/wp\/v2\/comments?post=365"}],"version-history":[{"count":0,"href":"https:\/\/tianhuipackingmachine.com\/pt\/wp-json\/wp\/v2\/pages\/365\/revisions"}],"wp:attachment":[{"href":"https:\/\/tianhuipackingmachine.com\/pt\/wp-json\/wp\/v2\/media?parent=365"}],"curies":[{"name":"wp","href":"https:\/\/api.w.org\/{rel}","templated":true}]}}