{"id":320,"date":"2021-05-12T01:52:32","date_gmt":"2021-05-12T01:52:32","guid":{"rendered":"https:\/\/tianhuipackingmachine.com\/?page_id=320"},"modified":"2025-09-12T09:47:44","modified_gmt":"2025-09-12T01:47:44","slug":"faq","status":"publish","type":"page","link":"https:\/\/tianhuipackingmachine.com\/pt\/faq\/","title":{"rendered":"Perguntas frequentes"},"content":{"rendered":"<div id=\"rank-math-faq\" class=\"rank-math-block\"> <div class=\"rank-math-list\"> <div id=\"faq-question-1664413497532\" class=\"rank-math-list-item\"> <h3 class=\"rank-math-question\"><strong>P: Posso me tornar seu distribuidor em uma determinada \u00e1rea?<\/strong><\/h3> <div class=\"rank-math-answer\">  <p>R: Claro, damos as boas-vindas aos distribuidores, forneceremos pre\u00e7os e servi\u00e7os mais competitivos quando voc\u00ea comprar uma quantidade diferente de m\u00e1quinas de embalagem.<\/p>  <\/div> <\/div> <div id=\"faq-question-1664413502438\" class=\"rank-math-list-item\"> <h3 class=\"rank-math-question\"><strong>P: Qual \u00e9 o prazo de entrega e a forma de envio?<\/strong><\/h3> <div class=\"rank-math-answer\">  <p>R: \u00c9 baseado na quantidade do pedido e nos itens da m\u00e1quina! Para pequenas quantidades de pedidos de m\u00e1quinas padr\u00e3o, sempre temos estoque. Para um grande n\u00famero de m\u00e1quinas padr\u00e3o e outras m\u00e1quinas personalizadas, s\u00e3o necess\u00e1rios 15 a 45 dias. Confirmaremos os detalhes com os clientes antes de fazer um pedido.<\/p>  <\/div> <\/div> <div id=\"faq-question-1664413519158\" class=\"rank-math-list-item\"> <h3 class=\"rank-math-question\"><strong>P: Que tipo de filme em rolo pode ser usado em sua m\u00e1quina?<\/strong><\/h3> <div class=\"rank-math-answer\">  <p>A: Polipropileno\/polietileno, folha de alum\u00ednio\/polietileno, poli\u00e9ster\/alum\u00ednio\/polietileno, n\u00e1ilon\/polietileno refor\u00e7ado, papel\/polietileno, papel de filtro, etc.<\/p>  <\/div> <\/div> <div id=\"faq-question-1664413534934\" class=\"rank-math-list-item\"> <h3 class=\"rank-math-question\"><strong>P: Que tipo de m\u00e1quina de embalagem voc\u00ea fornece?<\/strong><\/h3> <div class=\"rank-math-answer\">  <p>R: Quanto ao material de embalagem, fornecemos v\u00e1rios tipos de m\u00e1quinas de embalagem de p\u00f3, m\u00e1quinas de embalagem de gr\u00e2nulos, m\u00e1quinas de embalagem de l\u00edquidos e m\u00e1quinas de embalagem de pasta. No que diz respeito \u00e0 estrutura da m\u00e1quina, existem diferentes tipos de equipamentos de embalagem de almofadas e equipamentos de embalagem vertical. E diferentes m\u00e1quinas de embalagem com balan\u00e7as m\u00faltiplas dispon\u00edveis.<\/p>  <\/div> <\/div> <div id=\"faq-question-1664413560534\" class=\"rank-math-list-item\"> <h3 class=\"rank-math-question\"><strong>P: Para a m\u00e1quina de embalagem de gr\u00e2nulos, quanto peso diminuir\u00e1 com a remo\u00e7\u00e3o de um copo medidor?<\/strong><\/h3> <div class=\"rank-math-answer\">  <p>R: Os diferentes objetos s\u00e3o diferentes porque a densidade dos objetos \u00e9 diferente. Faremos sugest\u00f5es para voc\u00ea com base na sua situa\u00e7\u00e3o real.<\/p>  <\/div> <\/div> <div id=\"faq-question-1664413578629\" class=\"rank-math-list-item\"> <h3 class=\"rank-math-question\"><strong>P: Sua m\u00e1quina de embalagem pode imprimir a data?<\/strong><\/h3> <div class=\"rank-math-answer\">  <p>R: Sim. Podemos adicionar um dispositivo para imprimir a data de produ\u00e7\u00e3o \/ N\u00famero do lote \/ Data de validade.<\/p>  <\/div> <\/div> <div id=\"faq-question-1664413653783\" class=\"rank-math-list-item\"> <h3 class=\"rank-math-question\"><strong>P: Para a m\u00e1quina de embalagem de travesseiros, posso ajustar a largura do saco sozinho?<\/strong><\/h3> <div class=\"rank-math-answer\">  <p>R: Claro. Voc\u00ea pode ajustar a largura em um determinado intervalo. N\u00f3s lhe daremos conselhos.<\/p>  <\/div> <\/div> <div id=\"faq-question-1664413673286\" class=\"rank-math-list-item\"> <h3 class=\"rank-math-question\"><strong>P: Como podemos ter certeza da qualidade da m\u00e1quina depois de fazer o pedido?<\/strong><\/h3> <div class=\"rank-math-answer\">  <p>R: Antes da entrega, enviaremos as fotos e v\u00eddeos para voc\u00ea verificar a qualidade, e voc\u00ea tamb\u00e9m pode providenciar a verifica\u00e7\u00e3o de qualidade por conta pr\u00f3pria ou por seus contatos em Zhengzhou.<\/p>  <\/div> <\/div> <div id=\"faq-question-1664413689222\" class=\"rank-math-list-item\"> <h3 class=\"rank-math-question\"><strong>P: Por que devemos escolher sua empresa?<\/strong><\/h3> <div class=\"rank-math-answer\">  <p>R: Estamos envolvidos no projeto, pesquisa, fabrica\u00e7\u00e3o e comercializa\u00e7\u00e3o de m\u00e1quinas de embalagem h\u00e1 quase 30 anos. Al\u00e9m disso, com excelente qualidade e atendimento \u00edntimo, nossos produtos s\u00e3o bastante competitivos no mercado global.<\/p>  <\/div> <\/div> <div id=\"faq-question-1664413702814\" class=\"rank-math-list-item\"> <h3 class=\"rank-math-question\"><strong>P:\u00a0Onde sua empresa est\u00e1 localizada? Como posso visitar l\u00e1?<\/strong><\/h3> <div class=\"rank-math-answer\">  <p>R: Nossa f\u00e1brica est\u00e1 localizada na cidade de Zhengzhou, prov\u00edncia de Henan, China. Fica muito perto do Aeroporto Internacional de Xinzheng. Podemos providenciar nossos motoristas para busc\u00e1-lo. Respeitamos cada cliente como nosso amigo e sinceramente fazemos neg\u00f3cios e fazemos amizade com eles. Bem-vindo a visitar nossa f\u00e1brica para maior coopera\u00e7\u00e3o.<\/p>  <\/div> <\/div> <\/div> <\/div>   <hr class=\"wp-block-separator has-css-opacity is-style-default\"\/>    <h3 class=\"wp-block-heading has-text-color\" id=\"h-any-other-questions-please-feel-free-to-leave-your-message-below-we-will-get-back-to-you-as-soon-as-possible-or-you-can-contact-us-by-whatsapp-tel-or-email\" style=\"color:#eb5e0b\"><em>Qualquer outra d\u00favida, fique \u00e0 vontade para deixar sua mensagem abaixo, entraremos em contato o mais breve poss\u00edvel. Ou voc\u00ea pode entrar em contato conosco por WhatsApp\/Tel ou Email.<\/em><\/h3>    <h3 class=\"wp-block-heading has-text-color\" id=\"h-whatsapp-tel-86-17329326135-email-sales-tianhuipackingmachine-com\" style=\"color:#eb5e0b\"><strong><em>Whatsapp\/Tel:<\/em><\/strong> +86 13673689272, <strong><em>E-mail:<\/em><\/strong> <a href=\"mailto:sales@tianhuipackingmachine.com\">sales@tianhuipackingmachine.com<\/a><\/h3>","protected":false},"excerpt":{"rendered":"<p>Qualquer outra d\u00favida, fique \u00e0 vontade para deixar sua mensagem abaixo, entraremos em contato o mais breve poss\u00edvel. Ou voc\u00ea pode entrar em contato conosco por WhatsApp\/Tel ou Email. Whatsapp\/Tel: +86 13673689272, E-mail: sales@tianhuipackingmachine.com<\/p>","protected":false},"author":1,"featured_media":0,"parent":0,"menu_order":0,"comment_status":"closed","ping_status":"closed","template":"","meta":{"footnotes":""},"class_list":["post-320","page","type-page","status-publish","hentry"],"_links":{"self":[{"href":"https:\/\/tianhuipackingmachine.com\/pt\/wp-json\/wp\/v2\/pages\/320","targetHints":{"allow":["GET"]}}],"collection":[{"href":"https:\/\/tianhuipackingmachine.com\/pt\/wp-json\/wp\/v2\/pages"}],"about":[{"href":"https:\/\/tianhuipackingmachine.com\/pt\/wp-json\/wp\/v2\/types\/page"}],"author":[{"embeddable":true,"href":"https:\/\/tianhuipackingmachine.com\/pt\/wp-json\/wp\/v2\/users\/1"}],"replies":[{"embeddable":true,"href":"https:\/\/tianhuipackingmachine.com\/pt\/wp-json\/wp\/v2\/comments?post=320"}],"version-history":[{"count":0,"href":"https:\/\/tianhuipackingmachine.com\/pt\/wp-json\/wp\/v2\/pages\/320\/revisions"}],"wp:attachment":[{"href":"https:\/\/tianhuipackingmachine.com\/pt\/wp-json\/wp\/v2\/media?parent=320"}],"curies":[{"name":"wp","href":"https:\/\/api.w.org\/{rel}","templated":true}]}}