{"id":121,"date":"2021-05-06T09:31:24","date_gmt":"2021-05-06T09:31:24","guid":{"rendered":"https:\/\/tianhuipackingmachine.com\/?page_id=121"},"modified":"2025-09-12T09:46:50","modified_gmt":"2025-09-12T01:46:50","slug":"about-us","status":"publish","type":"page","link":"https:\/\/tianhuipackingmachine.com\/pt\/about-us\/","title":{"rendered":"Sobre n\u00f3s"},"content":{"rendered":"<p>Fundada em 1993, a Henan Shuliy Machinery Co., Ltd est\u00e1 envolvida no projeto, pesquisa, fabrica\u00e7\u00e3o e comercializa\u00e7\u00e3o de v\u00e1rias m\u00e1quinas de embalagem de qualidade, m\u00e1quinas de envase, m\u00e1quinas de selagem, m\u00e1quinas de etiquetagem e m\u00e1quinas de nivelamento por quase 30 anos. Nosso objetivo \u00e9 ser um dos fornecedores de m\u00e1quinas de embalagem mais confi\u00e1veis, famosos e excelentes para agentes, distribuidores e empreendedores em todo o mundo. Nestes anos, fizemos grandes conquistas. Nossos produtos foram exportados com sucesso para mais de 80 pa\u00edses e regi\u00f5es e trouxeram grandes benef\u00edcios aos nossos parceiros. Al\u00e9m disso, tamb\u00e9m estamos dispostos a cooperar com pequenas empresas. E ajude-os a obter mais lucro com nossas m\u00e1quinas competitivas e de qualidade.<\/p>    <h2 class=\"wp-block-heading has-text-align-center\" id=\"h-pre-sales-service\">Servi\u00e7o de pr\u00e9-venda<\/h2>    <div class=\"wp-block-columns is-layout-flex wp-container-core-columns-is-layout-28f84493 wp-block-columns-is-layout-flex\"> <div class=\"wp-block-column is-layout-flow wp-block-column-is-layout-flow\"> <figure class=\"wp-block-image size-large\"><img loading=\"lazy\" decoding=\"async\" width=\"750\" height=\"500\" src=\"https:\/\/tianhuipackingmachine.com\/wp-content\/uploads\/2021\/12\/team-750x500.jpg\" alt=\"equipe\" class=\"wp-image-4184\" srcset=\"https:\/\/tianhuipackingmachine.com\/wp-content\/uploads\/2021\/12\/team.jpg 750w, https:\/\/tianhuipackingmachine.com\/wp-content\/uploads\/2021\/12\/team-480x320.jpg 480w\" sizes=\"auto, (max-width: 750px) 100vw, 750px\" \/><figcaption class=\"wp-element-caption\">Equipe<\/figcaption><\/figure> <\/div>    <div class=\"wp-block-column is-layout-flow wp-block-column-is-layout-flow\"> <p>Iremos consultar e confirmar as demandas de nossos clientes e, em seguida, fornecer solu\u00e7\u00f5es de embalagem gratuitas.<\/p>    <p>Podemos fornecer aos nossos clientes um conjunto completo de v\u00eddeos como refer\u00eancia para escolher a m\u00e1quina adequada.<\/p>    <p>A Henan Shuliy Machinery oferece suporte ao teste de amostras de nossos clientes usando nossos equipamentos e daremos feedback.<\/p>    <p>Se voc\u00ea quiser ver nossa f\u00e1brica, agradecemos sua visita ou podemos fazer um v\u00eddeo online.<\/p> <\/div> <\/div>    <h2 class=\"wp-block-heading has-text-align-center\">Servi\u00e7o p\u00f3s-venda<\/h2>    <p>Cada uma de nossas m\u00e1quinas possui manuais de orienta\u00e7\u00e3o em ingl\u00eas correspondentes e v\u00eddeos de instala\u00e7\u00e3o, configura\u00e7\u00e3o, opera\u00e7\u00e3o, manuten\u00e7\u00e3o, etc.<\/p>    <p>Temos um atendimento on-line 24 horas. Voc\u00ea pode entrar em contato conosco a qualquer momento se tiver alguma d\u00favida que queira consultar.<\/p>    <p>Nossa empresa pode enviar t\u00e9cnicos e engenheiros ao seu pa\u00eds para ajudar a instalar, ajustar e orientar o funcionamento da m\u00e1quina.<\/p>    <p>As m\u00e1quinas Henan Shuliy ser\u00e3o respons\u00e1veis \u200b\u200bpelos equipamentos em suas pr\u00f3prias garantias.<\/p>    <p>Se voc\u00ea tiver alguma emerg\u00eancia, entre em contato conosco a qualquer momento e responderemos o mais breve poss\u00edvel.<\/p>    <h2 class=\"wp-block-heading has-text-align-center\">Pegada<\/h2>    <p class=\"has-text-align-center\">Desde que iniciamos nosso neg\u00f3cio de embalagens, nossos equipamentos de embalagem t\u00eam sido aplicados em todas as esferas da vida, como ind\u00fastria aliment\u00edcia, ind\u00fastria de bebidas, ind\u00fastria qu\u00edmica, ind\u00fastria cosm\u00e9tica, ind\u00fastria farmac\u00eautica, etc. 80 pa\u00edses e regi\u00f5es, como EUA, Canad\u00e1, Austr\u00e1lia, Inglaterra, \u00cdndia, Paquist\u00e3o, Mal\u00e1sia, Filipinas, Indon\u00e9sia, Bangladesh, Qu\u00eania, Nig\u00e9ria, etc. Nossas m\u00e1quinas gozam de boa reputa\u00e7\u00e3o por seu bom desempenho e pre\u00e7o competitivo.<\/p>    <figure class=\"wp-block-image aligncenter size-full\"><img loading=\"lazy\" decoding=\"async\" width=\"1024\" height=\"486\" src=\"https:\/\/tianhuipackingmachine.com\/wp-content\/uploads\/2021\/08\/global-market.jpg\" alt=\"mercado global de m\u00e1quinas de embalagem Tianhui\" class=\"wp-image-2153\" srcset=\"https:\/\/tianhuipackingmachine.com\/wp-content\/uploads\/2021\/08\/global-market.jpg 1024w, https:\/\/tianhuipackingmachine.com\/wp-content\/uploads\/2021\/08\/global-market-300x142.jpg 300w, https:\/\/tianhuipackingmachine.com\/wp-content\/uploads\/2021\/08\/global-market-768x365.jpg 768w\" sizes=\"auto, (max-width: 1024px) 100vw, 1024px\" \/><figcaption class=\"wp-element-caption\">Mercado global de m\u00e1quinas de embalagem Tianhui<\/figcaption><\/figure>    <h2 class=\"wp-block-heading has-text-align-center\">Certificados<\/h2>    <figure class=\"wp-block-image aligncenter size-large\"><img loading=\"lazy\" decoding=\"async\" width=\"1024\" height=\"355\" src=\"https:\/\/tianhuipackingmachine.com\/wp-content\/uploads\/2021\/09\/certificates-1024x355.jpg\" alt=\"certificados\" class=\"wp-image-2678\" srcset=\"https:\/\/tianhuipackingmachine.com\/wp-content\/uploads\/2021\/09\/certificates-1024x355.jpg 1024w, https:\/\/tianhuipackingmachine.com\/wp-content\/uploads\/2021\/09\/certificates-300x104.jpg 300w, https:\/\/tianhuipackingmachine.com\/wp-content\/uploads\/2021\/09\/certificates-768x266.jpg 768w, https:\/\/tianhuipackingmachine.com\/wp-content\/uploads\/2021\/09\/certificates-1536x533.jpg 1536w, https:\/\/tianhuipackingmachine.com\/wp-content\/uploads\/2021\/09\/certificates.jpg 1920w\" sizes=\"auto, (max-width: 1024px) 100vw, 1024px\" \/><figcaption class=\"wp-element-caption\">Certificados<\/figcaption><\/figure>","protected":false},"excerpt":{"rendered":"<p>Founded in 1993, Henan Shuliy Machinery Co., Ltd has been involved in the design, research, manufacturing, and marketing of various quality packing machines, filling machines, sealing machines, labeling machines, and capping machines for almost 30 years. We aim to be one of the most reliable, famous, and excellent packing machine suppliers for worldwide agents, distributors, [&hellip;]<\/p>\n","protected":false},"author":1,"featured_media":0,"parent":0,"menu_order":0,"comment_status":"closed","ping_status":"closed","template":"","meta":{"footnotes":""},"class_list":["post-121","page","type-page","status-publish","hentry"],"_links":{"self":[{"href":"https:\/\/tianhuipackingmachine.com\/pt\/wp-json\/wp\/v2\/pages\/121","targetHints":{"allow":["GET"]}}],"collection":[{"href":"https:\/\/tianhuipackingmachine.com\/pt\/wp-json\/wp\/v2\/pages"}],"about":[{"href":"https:\/\/tianhuipackingmachine.com\/pt\/wp-json\/wp\/v2\/types\/page"}],"author":[{"embeddable":true,"href":"https:\/\/tianhuipackingmachine.com\/pt\/wp-json\/wp\/v2\/users\/1"}],"replies":[{"embeddable":true,"href":"https:\/\/tianhuipackingmachine.com\/pt\/wp-json\/wp\/v2\/comments?post=121"}],"version-history":[{"count":0,"href":"https:\/\/tianhuipackingmachine.com\/pt\/wp-json\/wp\/v2\/pages\/121\/revisions"}],"wp:attachment":[{"href":"https:\/\/tianhuipackingmachine.com\/pt\/wp-json\/wp\/v2\/media?parent=121"}],"curies":[{"name":"wp","href":"https:\/\/api.w.org\/{rel}","templated":true}]}}