{"id":9350,"date":"2026-04-10T16:00:17","date_gmt":"2026-04-10T08:00:17","guid":{"rendered":"https:\/\/tianhuipackingmachine.com\/?post_type=product&#038;p=9350"},"modified":"2026-04-10T16:42:15","modified_gmt":"2026-04-10T08:42:15","slug":"vacuum-skin-packaging-machine","status":"publish","type":"product","link":"https:\/\/tianhuipackingmachine.com\/fr\/vacuum-skin-packaging-machine\/","title":{"rendered":"Machine d'emballage sous vide \u00e0 peau"},"content":{"rendered":"<p class=\"translation-block\">La <strong>machine d'emballage sous vide de peau<\/strong> est une sorte de machine d'emballage MAP, une solution d'emballage avanc\u00e9e qui utilise la pression de vide pour sceller \u00e9troitement un film plastique chauff\u00e9 sur un produit plac\u00e9 sur un plateau ou une planche de base. Le film \u00e9pouse parfaitement la forme du produit, cr\u00e9ant un <strong>emballage en peau 3D \u00e9tanche<\/strong> qui combine protection, fra\u00eecheur et attrait visuel.<\/p>    <p class=\"translation-block\">Elle a une capacit\u00e9 de <strong>180-500 bo\u00eetes par heure<\/strong> et peut terminer <strong>un cycle en 12-15 secondes<\/strong>. Cette technologie d'emballage innovante offre trois avantages cl\u00e9s : <strong>protection \u00e9tanche du produit, conservation sous vide et pr\u00e9sentation visuelle 3D<\/strong>, largement utilis\u00e9e dans la transformation alimentaire, l'emballage de d\u00e9tail et la protection des produits industriels.<\/p>    <h2 class=\"wp-block-heading\"><strong>Vid\u00e9o de fonctionnement de la machine d'emballage sous vide VSP<\/strong><\/h2>   <figure class=\"wp-block-embed-youtube wp-block-embed is-type-video is-provider-youtube wp-embed-aspect-16-9 wp-has-aspect-ratio\"><div class=\"lyte-wrapper\" title=\"Vid\u00e9o de fonctionnement de la machine d&#039;emballage sous vide de peau | Solution d&#039;emballage alimentaire 3D parfaite \u2013 Contactez pour le prix !\" style=\"width:853px;max-width:100%;margin:5px auto;\"><div class=\"lyMe\" id=\"WYL_XR3KQcHGhuc\" itemprop=\"video\" itemscope itemtype=\"https:\/\/schema.org\/VideoObject\"><div><meta itemprop=\"thumbnailUrl\" content=\"https:\/\/i.ytimg.com\/vi\/XR3KQcHGhuc\/hqdefault.jpg\" \/><meta itemprop=\"embedURL\" content=\"https:\/\/www.youtube.com\/embed\/XR3KQcHGhuc\" \/><meta itemprop=\"duration\" content=\"PT1M22S\" \/><meta itemprop=\"uploadDate\" content=\"2026-04-10T07:00:16Z\" \/><\/div><div id=\"lyte_XR3KQcHGhuc\" data-src=\"https:\/\/i.ytimg.com\/vi\/XR3KQcHGhuc\/hqdefault.jpg\" class=\"pL\"><div class=\"tC\"><div class=\"tT\" itemprop=\"name\">Vid\u00e9o de fonctionnement de la machine d'emballage sous vide de peau | Solution d'emballage alimentaire 3D parfaite \u2013 Contactez pour le prix !<\/div><\/div><div class=\"play\"><\/div><div class=\"ctrl\"><div class=\"Lctrl\"><\/div><div class=\"Rctrl\"><\/div><\/div><\/div><noscript><a href=\"https:\/\/youtu.be\/XR3KQcHGhuc\" rel=\"nofollow noopener\" target=\"_blank\"><img loading=\"lazy\" decoding=\"async\" src=\"https:\/\/i.ytimg.com\/vi\/XR3KQcHGhuc\/0.jpg\" alt=\"Vid\u00e9o de fonctionnement de la machine d&#039;emballage sous vide de peau | Solution d&#039;emballage alimentaire 3D parfaite \u2013 Contactez pour le prix !\" width=\"853\" height=\"460\" \/><\/a><\/noscript><meta itemprop=\"description\" content=\"#skinpack #vacuumpackaging #vacuumpacking WhatsApp No.: https:\/\/wa.me\/+8613673689272 WeChat\/Tel No.:+8613673689272 Email: sales@tianhuipackingmachine.com Website: https:\/\/tianhuipackingmachine.com\/vacuum-skin-packaging-machine\/ This video shows the working process of a vacuum skin packaging machine, designed for high-quality packaging of fresh food and industrial products. The machine uses vacuum pressure to tightly seal a heated film over the product, creating a 3D skin-tight package that enhances product appearance, extends shelf life, and prevents movement or damage during transport. \u2728 Key Features: Perfect 3D display for better product presentation Strong vacuum sealing for freshness and protection Suitable for meat, seafood, frozen food, and hardware Stable performance with high efficiency Widely used in supermarkets, food processing plants, and industrial packaging. \ud83d\udc49 Looking for a reliable vacuum skin packaging machine? Contact us now for detailed specifications, working videos, and the latest price! WhatsApp No.: https:\/\/wa.me\/+8613673689272 WeChat\/Tel No.:+8613673689272 Email: sales@tianhuipackingmachine.com Website: https:\/\/tianhuipackingmachine.com\/vacuum-skin-packaging-machine\/\"><\/div><\/div><div class=\"lL\" style=\"max-width:100%;width:853px;margin:5px auto;\"> <a href=\"https:\/\/youtu.be\/XR3KQcHGhuc\" target=\"_blank\" rel=\"noopener\">Regarder cette vid\u00e9o sur YouTube<\/a>.<\/div><figcaption>Vid\u00e9o de la machine manuelle d'emballage de plateau alimentaire<\/figcaption><\/figure>   <h2 class=\"wp-block-heading\"><strong>Param\u00e8tres techniques de la machine d'emballage sous vide de peau<\/strong><\/h2>    <p class=\"translation-block\">Chez Shuliy, il existe deux mod\u00e8les de machines d'emballage sous vide de peau verticales \u00e0 vendre : <strong>JRB-M380V<\/strong> et <strong>JRB-M450V<\/strong>. <\/p>    <p>La taille du plateau peut \u00eatre personnalis\u00e9e selon les besoins r\u00e9els. <\/p>    <figure class=\"wp-block-table\"><table class=\"has-fixed-layout\"><tbody><tr><td><strong>Mod\u00e8le<\/strong><\/td><td><strong>JRB-M380V<\/strong><\/td><td><strong>JRB-M450V<\/strong><\/td><\/tr><tr><td><strong>Largeur maximale du film<\/strong><\/td><td>380 mm<\/td><td>450 mm<\/td><\/tr><tr><td><strong>Diam\u00e8tre maximal du film<\/strong><\/td><td>240 mm<\/td><td> 240 mm<\/td><\/tr><tr><td><strong>Vitesse d'emballage<\/strong><\/td><td>12\u201315 secondes\/cycle<\/td><td>12\u201315 secondes\/cycle<\/td><\/tr><tr><td><strong>Capacit\u00e9 de sortie<\/strong><\/td><td>2 plateaux : \u2248300 plateaux\/heure<br>4 plateaux : \u2248500 plateaux\/heure<\/td><td>1 plateau : \u2248180 plateaux\/heure<br>2 plateaux : \u2248300 plateaux\/heure<br>4 plateaux : \u2248500 plateaux\/heure<\/td><\/tr><tr><td><strong>Capacit\u00e9 de la pompe \u00e0 vide<\/strong><\/td><td>63 m\u00b3\/h<\/td><td>100 m\u00b3\/h<\/td><\/tr><tr><td><strong>Source de courant<\/strong><\/td><td>380V \/ 50Hz <\/td><td>380V \/ 50Hz<\/td><\/tr><tr><td><strong>Puissance totale<\/strong><\/td><td>4,5 kW<\/td><td>6,5 kW <\/td><\/tr><tr><td><strong>Pression de l'air<\/strong><\/td><td> 0,6\u20130,8 MPa<\/td><td> 0,6\u20130,8 MPa<\/td><\/tr><tr><td><strong>Poids de la machine<\/strong><\/td><td>330 kg<\/td><td>447 kg<\/td><\/tr><tr><td><strong>Taille de la machine<\/strong><\/td><td>1120 \u00d7 1100 \u00d7 1600 mm<\/td><td>1250 \u00d7 1200 \u00d7 1600 mm<\/td><\/tr><tr><td><strong>Taille maximale du plateau<\/strong><\/td><td>2 plateaux : 310 \u00d7 200 \u00d7 60 mm<br>4 plateaux : 200 \u00d7 140 \u00d7 60 mm<\/td><td>2 plateaux : 380 \u00d7 260 \u00d7 60 mm<br>4 plateaux : 260 \u00d7 175 \u00d7 60 mm<\/td><\/tr><\/tbody><\/table><figcaption class=\"wp-element-caption\">param\u00e8tres de la machine de scellage de plateau alimentaire vertical VSP<\/figcaption><\/figure>    <figure class=\"wp-block-image aligncenter size-large\"><img loading=\"lazy\" decoding=\"async\" width=\"667\" height=\"500\" src=\"https:\/\/tianhuipackingmachine.com\/wp-content\/uploads\/2026\/04\/commercial-vacuum-tray-sealing-machine-for-skin-packing-667x500.webp\" alt=\"commercial vacuum tray sealing machine for skin packing\" class=\"wp-image-9361\" srcset=\"https:\/\/tianhuipackingmachine.com\/wp-content\/uploads\/2026\/04\/commercial-vacuum-tray-sealing-machine-for-skin-packing-667x500.webp 667w, https:\/\/tianhuipackingmachine.com\/wp-content\/uploads\/2026\/04\/commercial-vacuum-tray-sealing-machine-for-skin-packing-480x360.webp 480w, https:\/\/tianhuipackingmachine.com\/wp-content\/uploads\/2026\/04\/commercial-vacuum-tray-sealing-machine-for-skin-packing-16x12.webp 16w, https:\/\/tianhuipackingmachine.com\/wp-content\/uploads\/2026\/04\/commercial-vacuum-tray-sealing-machine-for-skin-packing.webp 720w\" sizes=\"auto, (max-width: 667px) 100vw, 667px\" \/><figcaption class=\"wp-element-caption\">Machine d'emballage sous vide de plateau commercial pour emballage sous vide de peau<\/figcaption><\/figure>    <h2 class=\"wp-block-heading\"><strong>Comment fonctionne la machine d'emballage sous vide de Shuliy ?<\/strong><\/h2>    <p>Le processus de fonctionnement d'une machine d'emballage sous vide de peau est simple mais tr\u00e8s efficace :<\/p>   <div id=\"rank-math-howto\" class=\"rank-math-block\" > <div class=\"rank-math-howto-description\">  <\/div>  <div class=\"rank-math-steps\"> <div id=\"howto-step-1775803819391\" class=\"rank-math-step\"> <h3 class=\"rank-math-step-title\"> <strong>Placement du produit<\/strong><\/h3> <div class=\"rank-math-step-content\"><p>Le produit est plac\u00e9 sur une base telle qu\u2019un carton respirant ou un plateau perfor\u00e9.<\/p> <\/div> <\/div> <div id=\"howto-step-1775803893070\" class=\"rank-math-step\"> <h3 class=\"rank-math-step-title\"><strong>Chauffage du film<\/strong><\/h3> <div class=\"rank-math-step-content\"><p>Le film d'emballage est chauff\u00e9 \u00e0 une temp\u00e9rature de ramollissement, ce qui le rend flexible et formable.<\/p> <\/div> <\/div> <div id=\"howto-step-1775803912682\" class=\"rank-math-step\"> <h3 class=\"rank-math-step-title\"><strong>S\u00e9chage sous vide<\/strong><\/h3> <div class=\"rank-math-step-content\"><p>Un syst\u00e8me de vide \u00e9limine l'air de la chambre. Sous pression n\u00e9gative, le film chauff\u00e9 enveloppe \u00e9troitement le produit et se lie \u00e0 la base.<\/p> <\/div> <\/div> <div id=\"howto-step-1775803933822\" class=\"rank-math-step\"> <h3 class=\"rank-math-step-title\"><strong>Refroidissement et formation<\/strong><\/h3> <div class=\"rank-math-step-content\"><img loading=\"lazy\" decoding=\"async\" width=\"639\" height=\"540\" src=\"https:\/\/tianhuipackingmachine.com\/wp-content\/uploads\/2026\/04\/vacuum-skin-packaging-effect.webp\" class=\"attachment-full size-full\" alt=\"vacuum skin packaging effect\" srcset=\"https:\/\/tianhuipackingmachine.com\/wp-content\/uploads\/2026\/04\/vacuum-skin-packaging-effect.webp 639w, https:\/\/tianhuipackingmachine.com\/wp-content\/uploads\/2026\/04\/vacuum-skin-packaging-effect-426x360.webp 426w, https:\/\/tianhuipackingmachine.com\/wp-content\/uploads\/2026\/04\/vacuum-skin-packaging-effect-592x500.webp 592w, https:\/\/tianhuipackingmachine.com\/wp-content\/uploads\/2026\/04\/vacuum-skin-packaging-effect-14x12.webp 14w\" sizes=\"auto, (max-width: 639px) 100vw, 639px\" \/><p>Le film refroidit et se solidifie tout en maintenant une \u00e9tanch\u00e9it\u00e9, cr\u00e9ant un emballage durable et visuellement attrayant (3D).<\/p> <\/div> <\/div> <\/div> <\/div>       <h2 class=\"wp-block-heading\"><strong>Principaux avantages de l'emballage sous vide de peau<\/strong><\/h2>    <ul class=\"wp-block-list\"> <li><strong>Affichage visuel 3D pour de meilleures ventes<\/strong> <ul class=\"wp-block-list\"> <li>Products are displayed like a &#8220;sculpture,&#8221; enhancing shelf appeal and allowing customers to clearly see product details.<\/li> <\/ul> <\/li>    <li><strong>Fra\u00eecheur et conservation sup\u00e9rieures<\/strong> <ul class=\"wp-block-list\"> <li>L'emballage sous vide aide \u00e0 maintenir la couleur, la texture et la fra\u00eecheur, ce qui le rend id\u00e9al pour : <ul class=\"wp-block-list\"> <li>Viande fra\u00eeche<\/li>    <li>Fruits de mer<\/li>    <li>Aliments surgel\u00e9s<\/li> <\/ul> <\/li>    <li>Elle r\u00e9duit \u00e9galement la formation de cristaux de glace et le br\u00fblage par cong\u00e9lation.<\/li> <\/ul> <\/li>    <li><strong>Protection et stabilit\u00e9 excellentes<\/strong> <ul class=\"wp-block-list\"> <li>L'emballage \u00e9tanche emp\u00eache le mouvement du produit, ce qui le rend adapt\u00e9 pour : <ul class=\"wp-block-list\"> <li>Outils mat\u00e9riels<\/li>    <li>Composants \u00e9lectroniques<\/li>    <li>Articles fragiles<\/li> <\/ul> <\/li> <\/ul> <\/li> <\/ul>    <h2 class=\"wp-block-heading\"><strong>Applications de la machine d'emballage sous vide commerciale<\/strong><\/h2>    <p>La machine d'emballage de peau pour aliments est largement utilis\u00e9e dans :<\/p>    <h3 class=\"wp-block-heading\"><strong>Industrie alimentaire<\/strong><\/h3>    <ul class=\"wp-block-list\"> <li>Viande fra\u00eeche et b\u0153uf<\/li>    <li>Fruits de mer et poissons<\/li>    <li>Aliments surgel\u00e9s<\/li>    <li>Repas pr\u00eats<\/li> <\/ul>    <figure class=\"wp-block-gallery has-nested-images columns-default is-cropped wp-block-gallery-2 is-layout-flex wp-block-gallery-is-layout-flex\"> <figure class=\"wp-block-image size-large\"><img loading=\"lazy\" decoding=\"async\" width=\"375\" height=\"500\" data-id=\"9357\" src=\"https:\/\/tianhuipackingmachine.com\/wp-content\/uploads\/2026\/04\/vacuum-skin-packaging-VSP-machine-for-food-375x500.webp\" alt=\"vacuum skin packaging (VSP) machine for food\" class=\"wp-image-9357\" srcset=\"https:\/\/tianhuipackingmachine.com\/wp-content\/uploads\/2026\/04\/vacuum-skin-packaging-VSP-machine-for-food-375x500.webp 375w, https:\/\/tianhuipackingmachine.com\/wp-content\/uploads\/2026\/04\/vacuum-skin-packaging-VSP-machine-for-food-270x360.webp 270w, https:\/\/tianhuipackingmachine.com\/wp-content\/uploads\/2026\/04\/vacuum-skin-packaging-VSP-machine-for-food-768x1024.webp 768w, https:\/\/tianhuipackingmachine.com\/wp-content\/uploads\/2026\/04\/vacuum-skin-packaging-VSP-machine-for-food-9x12.webp 9w, https:\/\/tianhuipackingmachine.com\/wp-content\/uploads\/2026\/04\/vacuum-skin-packaging-VSP-machine-for-food.webp 1080w\" sizes=\"auto, (max-width: 375px) 100vw, 375px\" \/><figcaption class=\"wp-element-caption\">Machine d'emballage sous vide de peau (Vsp) pour aliments<\/figcaption><\/figure>    <figure class=\"wp-block-image size-large\"><img loading=\"lazy\" decoding=\"async\" width=\"375\" height=\"500\" data-id=\"9358\" src=\"https:\/\/tianhuipackingmachine.com\/wp-content\/uploads\/2026\/04\/vacuum-skin-packaging-machine-for-foodstuffs-375x500.webp\" alt=\"vacuum skin packaging machine for foodstuffs\" class=\"wp-image-9358\" srcset=\"https:\/\/tianhuipackingmachine.com\/wp-content\/uploads\/2026\/04\/vacuum-skin-packaging-machine-for-foodstuffs-375x500.webp 375w, https:\/\/tianhuipackingmachine.com\/wp-content\/uploads\/2026\/04\/vacuum-skin-packaging-machine-for-foodstuffs-270x360.webp 270w, https:\/\/tianhuipackingmachine.com\/wp-content\/uploads\/2026\/04\/vacuum-skin-packaging-machine-for-foodstuffs-768x1024.webp 768w, https:\/\/tianhuipackingmachine.com\/wp-content\/uploads\/2026\/04\/vacuum-skin-packaging-machine-for-foodstuffs-9x12.webp 9w, https:\/\/tianhuipackingmachine.com\/wp-content\/uploads\/2026\/04\/vacuum-skin-packaging-machine-for-foodstuffs.webp 960w\" sizes=\"auto, (max-width: 375px) 100vw, 375px\" \/><figcaption class=\"wp-element-caption\">Machine d'emballage sous vide de peau pour aliments<\/figcaption><\/figure>    <figure class=\"wp-block-image size-large\"><img loading=\"lazy\" decoding=\"async\" width=\"375\" height=\"500\" data-id=\"9359\" src=\"https:\/\/tianhuipackingmachine.com\/wp-content\/uploads\/2026\/04\/manual-vacuum-skin-packaging-machine-for-meat-375x500.webp\" alt=\"manual vacuum skin packaging machine for meat\" class=\"wp-image-9359\" srcset=\"https:\/\/tianhuipackingmachine.com\/wp-content\/uploads\/2026\/04\/manual-vacuum-skin-packaging-machine-for-meat-375x500.webp 375w, https:\/\/tianhuipackingmachine.com\/wp-content\/uploads\/2026\/04\/manual-vacuum-skin-packaging-machine-for-meat-270x360.webp 270w, https:\/\/tianhuipackingmachine.com\/wp-content\/uploads\/2026\/04\/manual-vacuum-skin-packaging-machine-for-meat-768x1024.webp 768w, https:\/\/tianhuipackingmachine.com\/wp-content\/uploads\/2026\/04\/manual-vacuum-skin-packaging-machine-for-meat-9x12.webp 9w, https:\/\/tianhuipackingmachine.com\/wp-content\/uploads\/2026\/04\/manual-vacuum-skin-packaging-machine-for-meat.webp 1080w\" sizes=\"auto, (max-width: 375px) 100vw, 375px\" \/><figcaption class=\"wp-element-caption\">Machine manuelle d'emballage sous vide de peau pour viande<\/figcaption><\/figure> <\/figure>    <h3 class=\"wp-block-heading\"><strong>Industrie non alimentaire<\/strong><\/h3>    <ul class=\"wp-block-list\"> <li>Outils mat\u00e9riels et produits DIY<\/li>    <li>Composants \u00e9lectroniques<\/li>    <li>Composants industriels<\/li>    <li>Produits cosm\u00e9tiques et de soins personnels<\/li> <\/ul>    <h2 class=\"wp-block-heading\"><strong>What&#8217;s the Vacuum Skin Packaging Machine Price?<\/strong><\/h2>    <p>Le prix de la machine d'emballage \u00e0 gaz d\u00e9pend de :<\/p>    <ul class=\"wp-block-list\"> <li>Mod\u00e8le et taille de la machine (par ex., M380 vs M450)<\/li>    <li>Capacit\u00e9 de la pompe \u00e0 vide<\/li>    <li>Capacit\u00e9 de production (plateaux par heure)<\/li>    <li>Largeur du film et taille du plateau<\/li>    <li>Fonctionnalit\u00e9s de personnalisation optionnelles<\/li> <\/ul>    <p>Contactez notre \u00e9quipe commerciale pour un devis pr\u00e9cis bas\u00e9 sur votre volume de production, les sp\u00e9cifications du produit et les exigences de livraison. Nous proposons des devis comp\u00e9titifs pour les unit\u00e9s individuelles et les commandes en gros, avec une exp\u00e9dition mondiale vers plus de 50 pays.<\/p>    <h2 class=\"wp-block-heading\"><strong>Pourquoi choisir la machine d'emballage sous vide de Shuliy ?<\/strong><\/h2>    <ul class=\"wp-block-list\"> <li>Syst\u00e8me de vide haute performance pour une \u00e9tanch\u00e9it\u00e9 parfaite<\/li>    <li>Fonctionnement stable avec une qualit\u00e9 d'emballage constante<\/li>    <li>Large application pour produits alimentaires et industriels<\/li>    <li>Configurations personnalisables en fonction des besoins de production<\/li>    <li>Support professionnel et exp\u00e9rience d'exportation mondiale<\/li> <\/ul>    <figure class=\"wp-block-gallery has-nested-images columns-default is-cropped wp-block-gallery-3 is-layout-flex wp-block-gallery-is-layout-flex\"> <figure class=\"wp-block-image size-large\"><img loading=\"lazy\" decoding=\"async\" width=\"667\" height=\"500\" data-id=\"9364\" src=\"https:\/\/tianhuipackingmachine.com\/wp-content\/uploads\/2026\/04\/skin-vacuum-packaging-machine-for-sale-667x500.webp\" alt=\"skin vacuum packaging machine for sale\" class=\"wp-image-9364\" srcset=\"https:\/\/tianhuipackingmachine.com\/wp-content\/uploads\/2026\/04\/skin-vacuum-packaging-machine-for-sale-667x500.webp 667w, https:\/\/tianhuipackingmachine.com\/wp-content\/uploads\/2026\/04\/skin-vacuum-packaging-machine-for-sale-480x360.webp 480w, https:\/\/tianhuipackingmachine.com\/wp-content\/uploads\/2026\/04\/skin-vacuum-packaging-machine-for-sale-16x12.webp 16w, https:\/\/tianhuipackingmachine.com\/wp-content\/uploads\/2026\/04\/skin-vacuum-packaging-machine-for-sale.webp 720w\" sizes=\"auto, (max-width: 667px) 100vw, 667px\" \/><figcaption class=\"wp-element-caption\">Machine d'emballage sous vide pour vente<\/figcaption><\/figure>    <figure class=\"wp-block-image size-large\"><img loading=\"lazy\" decoding=\"async\" width=\"500\" height=\"500\" data-id=\"9363\" src=\"https:\/\/tianhuipackingmachine.com\/wp-content\/uploads\/2026\/04\/meat-skin-packaging-with-3D-effect-500x500.webp\" alt=\"meat skin packaging with 3D effect\" class=\"wp-image-9363\" srcset=\"https:\/\/tianhuipackingmachine.com\/wp-content\/uploads\/2026\/04\/meat-skin-packaging-with-3D-effect-500x500.webp 500w, https:\/\/tianhuipackingmachine.com\/wp-content\/uploads\/2026\/04\/meat-skin-packaging-with-3D-effect-360x360.webp 360w, https:\/\/tianhuipackingmachine.com\/wp-content\/uploads\/2026\/04\/meat-skin-packaging-with-3D-effect-150x150.webp 150w, https:\/\/tianhuipackingmachine.com\/wp-content\/uploads\/2026\/04\/meat-skin-packaging-with-3D-effect-768x768.webp 768w, https:\/\/tianhuipackingmachine.com\/wp-content\/uploads\/2026\/04\/meat-skin-packaging-with-3D-effect-12x12.webp 12w, https:\/\/tianhuipackingmachine.com\/wp-content\/uploads\/2026\/04\/meat-skin-packaging-with-3D-effect.webp 924w\" sizes=\"auto, (max-width: 500px) 100vw, 500px\" \/><figcaption class=\"wp-element-caption\">Emballage de peau de viande avec effet 3D<\/figcaption><\/figure> <\/figure>    <h2 class=\"wp-block-heading\"><strong>Contactez-nous pour des solutions d'emballage sous vide de peau<\/strong><\/h2>    <p class=\"translation-block\">Une <strong>machine d'emballage sous vide<\/strong> est une solution id\u00e9ale pour les entreprises cherchant \u00e0 am\u00e9liorer la fra\u00eecheur, la protection et l'attrait visuel du produit. Avec une technologie de vide avanc\u00e9e et des performances efficaces, elle contribue \u00e0 augmenter la valeur du produit et la comp\u00e9titivit\u00e9 sur le march\u00e9.<\/p>    <p class=\"translation-block\">&#x1f449; <strong>Contact us today to get detailed specifications, videos, and the best price for your vacuum skin packaging solution.<\/strong><\/p>    <h2 class=\"wp-block-heading\"><strong>Produits connexes<\/strong><\/h2>    <ul class=\"wp-block-list\"> <li><strong><a href=\"https:\/\/tianhuipackingmachine.com\/fr\/modified-atmosphere-packaging-machine-map-tray-sealer\/\">Machine d'emballage MAP verticale<\/a><\/strong><\/li>    <li><strong>Machine d'emballage sous vide \u00e0 double chambre<\/strong><\/li>    <li><strong>Machine d'emballage modifi\u00e9 en atmosph\u00e8re de bureau<\/strong><\/li> <\/ul>","protected":false},"excerpt":{"rendered":"<p>Shuliy vacuum skin packaging machine creates 3D tight-fitting packages with superior product presentation. Perfect for premium meat, seafood, and retail display packaging.<\/p>","protected":false},"author":1,"featured_media":9351,"parent":0,"template":"","tags":[239,243,193,242,244],"product-type":[140],"class_list":["post-9350","product","type-product","status-publish","has-post-thumbnail","hentry","tag-map-packaging","tag-skin-packaging-machine","tag-vacuum-packaging","tag-vacuum-skin-packaging-machine","tag-vsp-packaging","product-type-vacuum-packaging-machines"],"_links":{"self":[{"href":"https:\/\/tianhuipackingmachine.com\/fr\/wp-json\/wp\/v2\/product\/9350","targetHints":{"allow":["GET"]}}],"collection":[{"href":"https:\/\/tianhuipackingmachine.com\/fr\/wp-json\/wp\/v2\/product"}],"about":[{"href":"https:\/\/tianhuipackingmachine.com\/fr\/wp-json\/wp\/v2\/types\/product"}],"author":[{"embeddable":true,"href":"https:\/\/tianhuipackingmachine.com\/fr\/wp-json\/wp\/v2\/users\/1"}],"wp:featuredmedia":[{"embeddable":true,"href":"https:\/\/tianhuipackingmachine.com\/fr\/wp-json\/wp\/v2\/media\/9351"}],"wp:attachment":[{"href":"https:\/\/tianhuipackingmachine.com\/fr\/wp-json\/wp\/v2\/media?parent=9350"}],"wp:term":[{"taxonomy":"post_tag","embeddable":true,"href":"https:\/\/tianhuipackingmachine.com\/fr\/wp-json\/wp\/v2\/tags?post=9350"},{"taxonomy":"product-type","embeddable":true,"href":"https:\/\/tianhuipackingmachine.com\/fr\/wp-json\/wp\/v2\/product-type?post=9350"}],"curies":[{"name":"wp","href":"https:\/\/api.w.org\/{rel}","templated":true}]}}