{"id":6356,"date":"2023-03-03T15:28:21","date_gmt":"2023-03-03T07:28:21","guid":{"rendered":"https:\/\/tianhuipackingmachine.com\/?post_type=product&#038;p=6356"},"modified":"2023-03-03T17:19:30","modified_gmt":"2023-03-03T09:19:30","slug":"soap-making-machine","status":"publish","type":"product","link":"https:\/\/tianhuipackingmachine.com\/fr\/soap-making-machine\/","title":{"rendered":"Machine \u00e0 fabriquer du savon"},"content":{"rendered":"<p class=\"translation-block\"><strong>La machine \u00e0 fabriquer du savon<\/strong> est un excellent outil utilis\u00e9 pour automatiser le processus de fabrication du savon. La machine est con\u00e7ue pour m\u00e9langer, combiner, extruder et couper les savons. La machine \u00e0 fabriquer du savon peut \u00eatre utilis\u00e9e pour fabriquer divers produits savonniers, tels que du savon en barre, du savon \u00e0 lessive, du savon pour le bain, du savon de toilette et du savon transparent. \u00a0<\/p>    <p>Le savon est un \u00e9l\u00e9ment essentiel de l\u2019hygi\u00e8ne et de la propret\u00e9 humaine depuis des si\u00e8cles. Et la machine \u00e0 fabriquer du savon r\u00e9volutionne la fa\u00e7on dont les savons sont produits. Cela a permis aux fabricants de savon de produire des produits de savon \u00e0 plus grande \u00e9chelle, avec une plus grande efficacit\u00e9 et fiabilit\u00e9.<\/p>    <figure class=\"wp-block-image size-full\"><img loading=\"lazy\" decoding=\"async\" width=\"720\" height=\"540\" src=\"https:\/\/tianhuipackingmachine.com\/wp-content\/uploads\/2023\/03\/soap-making-machine.jpg\" alt=\"machine \u00e0 fabriquer du savon\" class=\"wp-image-6357\"\/><figcaption class=\"wp-element-caption\">Machine \u00e0 fabriquer du savon<\/figcaption><\/figure>    <h2 class=\"wp-block-heading\"><strong>Types de machine de fabrication de savon en barre \u00e0 vendre<\/strong><\/h2>    <p>Afin de r\u00e9aliser un processus de fabrication de savon enti\u00e8rement automatique, il existe plusieurs types de machines de fabrication de savon disponibles sur le march\u00e9 mondial, chacune \u00e9tant con\u00e7ue pour r\u00e9pondre \u00e0 des besoins de fabrication sp\u00e9cifiques. Et ils se sont combin\u00e9s pour cr\u00e9er une ligne compl\u00e8te de fabrication de savon. Voici quelques-uns des types de machines \u00e0 savon les plus courants\u00a0:<\/p>    <p class=\"translation-block\"><strong>Machine \u00e0 m\u00e9langer le savon :<\/strong> la machine \u00e0 m\u00e9langer le savon est utilis\u00e9e pour m\u00e9langer les ingr\u00e9dients avant de les broyer. Le mat\u00e9riau du cadre de la machine est en acier au carbone Q235 de bonne qualit\u00e9, et la partie atteinte par la nouille de savon est en acier inoxydable.<\/p>    <p class=\"translation-block\"><strong>Machine \u00e0 broyer le savon : <\/strong>la machine \u00e0 broyer le savon est appliqu\u00e9e pour broyer les granul\u00e9s de savon en plus petits morceaux. C'est une \u00e9tape cl\u00e9 pour la pr\u00e9paration du mat\u00e9riau savonneux. La puissance du moteur de la machine est de 4kw. &nbsp;<\/p>    <p class=\"translation-block\"><strong>Machine \u00e0 extruder le savon : <\/strong>la machine \u00e0 extruder le savon est utilis\u00e9e pour fabriquer des nouilles de savon, qui sont utilis\u00e9es pour produire divers types de produits savonneux. La capacit\u00e9 de production de la machine \u00e0 plodder peut atteindre 100 kg par heure.<\/p>    <p class=\"translation-block\"><strong>Machine \u00e0 couper le savon :<\/strong> la machine \u00e0 couper le savon est utilis\u00e9e pour couper les barres de savon en formes et tailles uniformes. Et elles peuvent \u00eatre personnalis\u00e9es selon vos exigences. Sa capacit\u00e9 peut atteindre 200 barres de savon par minute.<\/p>    <p class=\"translation-block\"><strong>Machine \u00e0 estampiller le savon :<\/strong> la machine \u00e0 estampiller le savon est appliqu\u00e9e pour imprimer des logos ou des designs sur les barres de savon. Les ventouses soul\u00e8vent le savon original et le mettent dans le moule, apr\u00e8s formation, elles prennent les barres de savon finies et les mettent sur le convoyeur. L'ensemble du processus est enti\u00e8rement automatique, de haute efficacit\u00e9 et fiable.<\/p>    <p class=\"translation-block\"><strong>Machine \u00e0 emballer le savon : <\/strong><a href=\"https:\/\/tianhuipackingmachine.com\/fr\/soap-packaging-machines\/\" target=\"_blank\" rel=\"noreferrer noopener\">la machine \u00e0 emballer le savon<\/a> est utilis\u00e9e pour envelopper les barres de savon finies dans des sachets. C'est une \u00e9tape n\u00e9cessaire avant d'exposer vos produits savonneux sur les \u00e9tag\u00e8res des supermarch\u00e9s. \u00a0<\/p>    <h2 class=\"wp-block-heading\"><strong>Processus de production de la ligne de machines \u00e0 fabriquer du savon<\/strong><\/h2>    <p>Une ligne de fabrication de savon se compose de plusieurs machines \u00e0 fabriquer du savon. Et le processus de production de toute la cha\u00eene de fabrication de savon est aussi d\u00e9taill\u00e9 que suit\u00a0:<\/p>    <p class=\"translation-block\"><strong>M\u00e9lange des ingr\u00e9dients de savon \u2192 broyage <strong>\u2192<\/strong><\/strong> <strong>extrusion des nouilles de savon <strong><strong><strong>\u2192<\/strong><\/strong> <\/strong>coupe des barres de savon <strong><strong>\u2192<\/strong><\/strong> estampillage <strong><strong>\u2192<\/strong><\/strong> emballage des produits finis.<\/strong><\/p>    <figure class=\"wp-block-image size-full\"><img loading=\"lazy\" decoding=\"async\" width=\"720\" height=\"540\" src=\"https:\/\/tianhuipackingmachine.com\/wp-content\/uploads\/2023\/03\/soap-making-line.jpg\" alt=\"ligne de fabrication de savon\" class=\"wp-image-6363\"\/><figcaption class=\"wp-element-caption\">Ligne de fabrication de savon<\/figcaption><\/figure>    <h2 class=\"wp-block-heading\"><strong>Caract\u00e9ristiques de cette machine automatique de fabrication de savon<\/strong><\/h2>    <ol class=\"wp-block-list\" type=\"1\"> <li>Structure corporelle simple. Toutes les machines \u00e0 fabriquer du savon sont con\u00e7ues avec des structures simples. Ce qui est facile \u00e0 installer et \u00e0 entretenir.<\/li>    <li>Mat\u00e9riaux de carrosserie de haute qualit\u00e9. Toutes les machines sont en acier inoxydable, durable et facile \u00e0 nettoyer.<\/li>    <li>Facile \u00e0 utiliser. Avec un syst\u00e8me de contr\u00f4le avanc\u00e9, il est facile \u00e0 utiliser et un seul homme peut le g\u00e9rer.<\/li>    <li>Grande vari\u00e9t\u00e9. Cette ligne de machines de fabrication de pain de savon peut fabriquer une large gamme de produits de savon, tels que du savon \u00e0 lessive, du savon de toilette, du savon de bain, etc.<\/li>    <li>Qualit\u00e9 constante. La machine automatique de fabrication de savon peut produire des produits de savon de qualit\u00e9 constante, ce qui garantit que chaque pain de savon r\u00e9pond aux m\u00eames normes \u00e9lev\u00e9es.<\/li>    <li>Le service OEM est disponible. Forts d'une riche exp\u00e9rience, nous fournissons d'excellents services de personnalisation tels que la puissance de la machine, les mat\u00e9riaux, les composants, les logos, les formes et les tailles du savon.<\/li> <\/ol>    <h2 class=\"wp-block-heading\"><strong>Principales parties de la ligne de machines automatiques de fabrication de savon<\/strong><\/h2>    <p>Les principales pi\u00e8ces d'une ligne de fabrication de savon automatique compl\u00e8te comprennent un m\u00e9langeur de mat\u00e9riaux, une broyeur, une machine \u00e0 vide, une machine de d\u00e9coupe, une imprimante \u00e0 savon, une armoire de commande, un tapis roulant, etc. Chaque pi\u00e8ce fonctionne ensemble pour cr\u00e9er une excellente machine de fabrication de savon.<\/p>    <div class=\"wp-block-group is-layout-constrained wp-block-group-is-layout-constrained\"> <div class=\"wp-block-columns is-layout-flex wp-container-core-columns-is-layout-28f84493 wp-block-columns-is-layout-flex\"> <div class=\"wp-block-column is-layout-flow wp-block-column-is-layout-flow\"> <figure class=\"wp-block-gallery has-nested-images columns-default is-cropped wp-block-gallery-2 is-layout-flex wp-block-gallery-is-layout-flex\"> <figure class=\"wp-block-image size-full\"><img loading=\"lazy\" decoding=\"async\" width=\"720\" height=\"540\" data-id=\"6364\" src=\"https:\/\/tianhuipackingmachine.com\/wp-content\/uploads\/2023\/03\/soap-mixing-and-grinding-machine.jpg\" alt=\"machine \u00e0 m\u00e9langer et \u00e0 broyer le savon\" class=\"wp-image-6364\"\/><figcaption class=\"wp-element-caption\">Machine de m\u00e9lange et de broyage de savon<\/figcaption><\/figure> <\/figure> <\/div>    <div class=\"wp-block-column is-layout-flow wp-block-column-is-layout-flow\"> <figure class=\"wp-block-gallery has-nested-images columns-default is-cropped wp-block-gallery-3 is-layout-flex wp-block-gallery-is-layout-flex\"> <figure class=\"wp-block-image size-full\"><img loading=\"lazy\" decoding=\"async\" width=\"720\" height=\"540\" data-id=\"6366\" src=\"https:\/\/tianhuipackingmachine.com\/wp-content\/uploads\/2023\/03\/soap-extruder.jpg\" alt=\"extrudeuse de savon\" class=\"wp-image-6366\"\/><figcaption class=\"wp-element-caption\">Extrudeuse de savon<\/figcaption><\/figure> <\/figure> <\/div>    <div class=\"wp-block-column is-layout-flow wp-block-column-is-layout-flow\"> <figure class=\"wp-block-gallery has-nested-images columns-default is-cropped wp-block-gallery-4 is-layout-flex wp-block-gallery-is-layout-flex\"> <figure class=\"wp-block-image size-full\"><img loading=\"lazy\" decoding=\"async\" width=\"720\" height=\"540\" data-id=\"6367\" src=\"https:\/\/tianhuipackingmachine.com\/wp-content\/uploads\/2023\/03\/soap-cutter-machine.jpg\" alt=\"machine \u00e0 couper le savon\" class=\"wp-image-6367\"\/><figcaption class=\"wp-element-caption\">Machine \u00e0 couper le savon<\/figcaption><\/figure> <\/figure> <\/div> <\/div> <\/div>    <h2 class=\"wp-block-heading\"><strong>Quel est le co\u00fbt d\u2019une machine \u00e0 fabriquer du savon ?<\/strong><\/h2>    <p>Le prix des machines \u00e0 fabriquer du savon varie en fonction des diff\u00e9rentes configurations, capacit\u00e9s et mat\u00e9riaux de la machine. De plus, le prix de la machine \u00e0 fabriquer du savon est diff\u00e9rent selon l'exp\u00e9dition vers un port diff\u00e9rent, car les frais d'exp\u00e9dition sont diff\u00e9rents. Nous fournissons une ligne compl\u00e8te de production de savon et une seule machine de fabrication de savon. Ainsi, que vous souhaitiez acheter une ligne compl\u00e8te de fabrication de savon ou simplement une seule machine dont vous avez besoin, c'est merveilleux de nous contacter pour plus de d\u00e9tails et une liste de prix.<\/p>    <h2 class=\"wp-block-heading\"><strong>Applications des machines \u00e0 fabriquer du savon<\/strong><\/h2>    <p>En fait, cette machine \u00e0 savon est con\u00e7ue pour fabriquer des savons en pain, et non des savons liquides. Avec diff\u00e9rents tampons et moules, la ligne de production de savon peut produire une gamme compl\u00e8te de pains de savon, ils peuvent \u00eatre con\u00e7us dans diff\u00e9rentes tailles, formes, couleurs et logos. En outre, avec diff\u00e9rentes formulations de savon, il peut fabriquer du savon d\u00e9tergent, du savon de toilette, du savon \u00e0 lessive, du savon de nettoyage, du savon de bain, du savon transparent, etc.<\/p>    <figure class=\"wp-block-image size-full\"><img loading=\"lazy\" decoding=\"async\" width=\"720\" height=\"540\" src=\"https:\/\/tianhuipackingmachine.com\/wp-content\/uploads\/2023\/03\/finished-soap-products.jpg\" alt=\"produits de savon finis\" class=\"wp-image-6360\"\/><figcaption class=\"wp-element-caption\">Produits de savon finis<\/figcaption><\/figure>    <h2 class=\"wp-block-heading\"><strong>Utiliser des machines \u00e0 fabriquer du savon pour rationaliser la production de savon<\/strong><\/h2>    <p>La machine \u00e0 fabriquer du savon peut \u00eatre utilis\u00e9e pour rationaliser la production de savon de plusieurs mani\u00e8res. Voici quelques fa\u00e7ons dont la machine de fabrication de savon peut \u00eatre utilis\u00e9e pour rationaliser la production de savon \u00e0 grande \u00e9chelle\u00a0:<\/p>    <h3 class=\"wp-block-heading\">1. <strong>Am\u00e9liorer l'efficacit\u00e9<\/strong><\/h3>    <p>La machine \u00e0 fabriquer du savon peut am\u00e9liorer l\u2019efficacit\u00e9 en automatisant le processus de fabrication du savon. Cela signifie que moins d\u2019efforts et de temps sont n\u00e9cessaires pour produire du savon, ce qui peut contribuer \u00e0 r\u00e9duire les co\u00fbts et \u00e0 augmenter les b\u00e9n\u00e9fices de votre entreprise.<\/p>    <h3 class=\"wp-block-heading\">2. <strong>Augmenter la capacit\u00e9 de production<\/strong><\/h3>    <p>Une machine de fabrication de savon enti\u00e8rement automatique peut augmenter consid\u00e9rablement la capacit\u00e9 de production. Cela signifie que davantage de savon peut \u00eatre produit en moins de temps. Ce qui peut augmenter la comp\u00e9titivit\u00e9 de vos produits de savon sur le march\u00e9.<\/p>    <h3 class=\"wp-block-heading\">3. <strong>R\u00e9duire les co\u00fbts de main d\u2019\u0153uvre<\/strong><\/h3>    <p>Par rapport \u00e0 la fabrication manuelle du savon, la machine automatique de fabrication de savon n\u00e9cessite moins de travail et est tr\u00e8s facile \u00e0 utiliser. \u00a0\u00a0<\/p>    <h2 class=\"wp-block-heading\"><strong>Contactez-nous aujourd'hui pour d\u00e9marrer votre entreprise de fabrication de savon<\/strong><\/h2>    <p class=\"translation-block\">En tant que <a href=\"https:\/\/tianhuipackingmachine.com\/fr\/\">fabricant de machines complet<\/a>, nos machines \u00e0 fabriquer du savon ont \u00e9t\u00e9 export\u00e9es avec succ\u00e8s vers plus de 15 pays et r\u00e9gions, tels que l'Afrique du Sud, le Kenya, le Zimbabwe, le Ghana, le Nigeria, les Philippines, l'\u00c9thiopie, les \u00c9tats-Unis, la Nouvelle-Z\u00e9lande, etc. Si vous souhaitez commencer votre projet de fabrication de savon, il est temps de nous contacter pour des d\u00e9tails utiles sur les machines et la derni\u00e8re liste de prix.<\/p>","protected":false},"excerpt":{"rendered":"<p>Soap making machine is a great tool used to automate the soap making process. The machine is designed to mix, blend, extrude, and cut of soaps. The soap making machine can be used to manufacture various soap products, such as bar soap, laundry soap, bath soap, toilet soap, and transparent soap. \u00a0 Soap has been [&hellip;]<\/p>\n","protected":false},"author":1,"featured_media":6357,"parent":0,"template":"","tags":[],"product-type":[145],"class_list":["post-6356","product","type-product","status-publish","has-post-thumbnail","hentry","product-type-other-products"],"_links":{"self":[{"href":"https:\/\/tianhuipackingmachine.com\/fr\/wp-json\/wp\/v2\/product\/6356","targetHints":{"allow":["GET"]}}],"collection":[{"href":"https:\/\/tianhuipackingmachine.com\/fr\/wp-json\/wp\/v2\/product"}],"about":[{"href":"https:\/\/tianhuipackingmachine.com\/fr\/wp-json\/wp\/v2\/types\/product"}],"author":[{"embeddable":true,"href":"https:\/\/tianhuipackingmachine.com\/fr\/wp-json\/wp\/v2\/users\/1"}],"wp:featuredmedia":[{"embeddable":true,"href":"https:\/\/tianhuipackingmachine.com\/fr\/wp-json\/wp\/v2\/media\/6357"}],"wp:attachment":[{"href":"https:\/\/tianhuipackingmachine.com\/fr\/wp-json\/wp\/v2\/media?parent=6356"}],"wp:term":[{"taxonomy":"post_tag","embeddable":true,"href":"https:\/\/tianhuipackingmachine.com\/fr\/wp-json\/wp\/v2\/tags?post=6356"},{"taxonomy":"product-type","embeddable":true,"href":"https:\/\/tianhuipackingmachine.com\/fr\/wp-json\/wp\/v2\/product-type?post=6356"}],"curies":[{"name":"wp","href":"https:\/\/api.w.org\/{rel}","templated":true}]}}