{"id":5923,"date":"2022-06-20T17:25:29","date_gmt":"2022-06-20T09:25:29","guid":{"rendered":"https:\/\/tianhuipackingmachine.com\/?post_type=product&#038;p=5923"},"modified":"2025-05-14T15:45:52","modified_gmt":"2025-05-14T07:45:52","slug":"sunflower-seed-packing-machine","status":"publish","type":"product","link":"https:\/\/tianhuipackingmachine.com\/fr\/sunflower-seed-packing-machine\/","title":{"rendered":"Machine d'emballage de graines de tournesol"},"content":{"rendered":"<p class=\"translation-block\">La <strong>machine de conditionnement de graines de tournesol Shuliy<\/strong> est un type de machine de conditionnement automatique en sachets pour les graines de tournesol, les graines de l\u00e9gumes, etc., dans des sacs, par pes\u00e9e automatique, remplissage, fabrication de sacs, scellage et sortie. Elle a une vitesse de conditionnement de 5 \u00e0 100 sacs par minute. Le poids de conditionnement courant par sac est de 20g, 50g, 100g, 200g, 250g, 500g, 1kg, 5kg, 10kg, etc.<\/p>    <p>Usine de machines de remplissage de poudre s\u00e8che<\/p>    <p>\u00a0Shuliy Machinery optimise constamment les performances de la machine de remplissage de poudre et le syst\u00e8me de service pour aider davantage de clients canadiens \u00e0 atteindre une efficacit\u00e9<\/p>   <figure class=\"wp-block-embed-youtube wp-block-embed is-type-video is-provider-youtube wp-embed-aspect-16-9 wp-has-aspect-ratio\"><div class=\"lyte-wrapper\" title=\"Comment emballer des graines de tournesol ? Machine d&#039;emballage de granul\u00e9s \u00e0 vendre \u00e0 bon prix #emballage\" style=\"width:853px;max-width:100%;margin:5px auto;\"><div class=\"lyMe\" id=\"WYL_029yLx8sBaU\" itemprop=\"video\" itemscope itemtype=\"https:\/\/schema.org\/VideoObject\"><div><meta itemprop=\"thumbnailUrl\" content=\"https:\/\/i.ytimg.com\/vi\/029yLx8sBaU\/hqdefault.jpg\" \/><meta itemprop=\"embedURL\" content=\"https:\/\/www.youtube.com\/embed\/029yLx8sBaU\" \/><meta itemprop=\"duration\" content=\"PT1M53S\" \/><meta itemprop=\"uploadDate\" content=\"2024-03-20T08:50:42Z\" \/><\/div><div id=\"lyte_029yLx8sBaU\" data-src=\"https:\/\/i.ytimg.com\/vi\/029yLx8sBaU\/hqdefault.jpg\" class=\"pL\"><div class=\"tC\"><div class=\"tT\" itemprop=\"name\">Comment emballer des graines de tournesol ? Machine d'emballage de granul\u00e9s \u00e0 vendre \u00e0 bon prix #emballage<\/div><\/div><div class=\"play\"><\/div><div class=\"ctrl\"><div class=\"Lctrl\"><\/div><div class=\"Rctrl\"><\/div><\/div><\/div><noscript><a href=\"https:\/\/youtu.be\/029yLx8sBaU\" rel=\"nofollow noopener\" target=\"_blank\"><img loading=\"lazy\" decoding=\"async\" src=\"https:\/\/i.ytimg.com\/vi\/029yLx8sBaU\/0.jpg\" alt=\"Comment emballer des graines de tournesol ? Machine d&#039;emballage de granul\u00e9s \u00e0 vendre \u00e0 bon prix #emballage\" width=\"853\" height=\"460\" \/><\/a><\/noscript><meta itemprop=\"description\" content=\"#granulepackingmachine #packing #packingmachine WhatsApp No.: https:\/\/wa.me\/+8613673689272 WeChat\/Tel No.:+8613673689272 Email: sales@tianhuipackingmachine.com Website: https:\/\/tianhuipackingmachine.com\/sunflower-seed-packing-machine\/ Welcome to our channel! In this video, we showcase our advanced granule packing machine in action, specifically designed for packaging sunflower seeds. Our granule packaging machine offers precise and efficient packaging, ensuring consistent weights and high-quality sealing for each packet of sunflower seeds. With its user-friendly interface and reliable performance, our automatic granule packing machine is the perfect solution for sunflower seed producers looking to streamline their packaging process and enhance productivity. Watch the video to see our machine in operation and discover how it can benefit your packaging needs! WhatsApp No.: https:\/\/wa.me\/+8613673689272 WeChat\/Tel No.:+8613673689272 Email: sales@tianhuipackingmachine.com Website: https:\/\/tianhuipackingmachine.com\/sunflower-seed-packing-machine\/\"><\/div><\/div><div class=\"lL\" style=\"max-width:100%;width:853px;margin:5px auto;\"> <a href=\"https:\/\/youtu.be\/029yLx8sBaU\" target=\"_blank\" rel=\"noopener\">Regarder cette vid\u00e9o sur YouTube<\/a>.<\/div><figcaption>d'automatisation de l'emballage. Si vous recherchez une machine de remplissage de poudre professionnelle, veuillez nous contacter pour un devis et une r\u00e9f\u00e9rence de cas.<\/figcaption><\/figure>   <h2 class=\"wp-block-heading\" id=\"h-what-is-sunflower-seed-packing-machine\"><strong>Machine de remplissage de poudre Canada<\/strong><\/h2>    <p>Usine de machine de remplissage de poudre s\u00e8che<\/p>    <h3 class=\"wp-block-heading\"><strong>La machine de remplissage de poudre Shuliy au Canada offre un remplissage de haute pr\u00e9cision, un contr\u00f4le automatique, une configuration flexible et un service apr\u00e8s-vente parfait, ce qui en fait un choix id\u00e9al pour les clients.<\/strong><\/h3>    <p class=\"translation-block\">Cette machine de remplissage et de scellage de graines de tournesol verticale est une machine de conditionnement enti\u00e8rement automatique. Elle a une petite taille, un prix abordable et de bonnes performances. La <a href=\"https:\/\/tianhuipackingmachine.com\/fr\/machine-demballage-de-granules\/\">machine de conditionnement de petites granul\u00e9s<\/a> est id\u00e9ale pour les petites exigences de production. Le scellage arri\u00e8re, le scellage \u00e0 trois c\u00f4t\u00e9s et le scellage \u00e0 quatre c\u00f4t\u00e9s sont disponibles avec cette machine. Elle est adapt\u00e9e pour un poids de conditionnement de 0 \u00e0 600g.<\/p>    <figure class=\"wp-block-image size-full\"><img loading=\"lazy\" decoding=\"async\" width=\"720\" height=\"540\" src=\"https:\/\/tianhuipackingmachine.com\/wp-content\/uploads\/2022\/06\/small-sunflower-seed-packing-machine.jpg\" alt=\"petite machine d&#039;emballage de graines de tournesol\" class=\"wp-image-5926\"\/><figcaption class=\"wp-element-caption\">Petite machine d'emballage de graines de tournesol<\/figcaption><\/figure>    <h4 class=\"wp-block-heading\"><strong>Param\u00e8tres de la petite machine de remplissage et de scellage de type vertical<\/strong><\/h4>    <figure class=\"wp-block-table\"><table><tbody><tr><td>Taper<\/td><td>SL-320<\/td><td>SL-450<\/td><\/tr><tr><td>Style de sac<\/td><td>Joint arri\u00e8re\/joint 3 c\u00f4t\u00e9s\/joint 4 c\u00f4t\u00e9s<\/td><td>Joint arri\u00e8re\/joint 3 c\u00f4t\u00e9s\/joint 4 c\u00f4t\u00e9s<\/td><\/tr><tr><td>Vitesse d'emballage<\/td><td>32-72 sacs\/min ou 50-100 sacs\/min<\/td><td>20-80 sacs\/min<\/td><\/tr><tr><td>Longueur de sac<\/td><td>30-180mm<\/td><td>30-180mm<\/td><\/tr><tr><td>Largeur du sac<\/td><td>20-145 mm (besoin de remplacer l'ancien)<\/td><td>20-200mm<\/td><\/tr><tr><td>Consommation d'\u00e9nergie<\/td><td>1,8 kW<\/td><td>1,8 kW<\/td><\/tr><tr><td>Poids<\/td><td>250 kg<\/td><td>420 kg<\/td><\/tr><tr><td>Dimensions<\/td><td>650*1050*1950mm<\/td><td>750*750*2100mm<\/td><\/tr><\/tbody><\/table><figcaption class=\"wp-element-caption\">Sp\u00e9cifications de la machine d'emballage de granul\u00e9s pour graines de tournesol<\/figcaption><\/figure>    <h3 class=\"wp-block-heading\"><strong>Type 2 : machine d'emballage de peseur multi-t\u00eates de graines super efficace<\/strong><\/h3>    <p class=\"translation-block\">Cette machine de conditionnement avec peseur multi-t\u00eates pour graines de tournesol est \u00e9galement un \u00e9quipement de conditionnement automatique. Elle a une super efficacit\u00e9 et d'excellentes performances. La <a href=\"https:\/\/tianhuipackingmachine.com\/fr\/multi-head-weigher-packing-machine\/\">machine de conditionnement avec peseur multi-t\u00eates<\/a> est adapt\u00e9e pour de grandes exigences de production. La machine se compose principalement d'un \u00e9l\u00e9vateur en Z, d'une machine de conditionnement verticale, d'un peseur multi-t\u00eates et d'un convoyeur. Elle convient pour 0-6000g de graines de tournesol par sac.<\/p>    <figure class=\"wp-block-image size-full\"><img loading=\"lazy\" decoding=\"async\" width=\"720\" height=\"540\" src=\"https:\/\/tianhuipackingmachine.com\/wp-content\/uploads\/2022\/06\/multi-head-weigher-machine-for-sunflower-seed.jpg\" alt=\"peseuse multi-t\u00eates pour graines de tournesol\" class=\"wp-image-5928\"\/><figcaption class=\"wp-element-caption\">Machine de pes\u00e9e multi-t\u00eates pour graines de tournesol<\/figcaption><\/figure>    <h4 class=\"wp-block-heading\"><strong>usine de machine de remplissage de poudre s\u00e8che<\/strong><\/h4>    <figure class=\"wp-block-table\"><table><tbody><tr><td>Mod\u00e8le<\/td><td>SL-420<\/td><td>SL-520<\/td><td>SL-720<\/td><\/tr><tr><td>Types de sacs d'emballage<\/td><td>Joint arri\u00e8re<\/td><td>Joint arri\u00e8re<\/td><td>Joint arri\u00e8re<\/td><\/tr><tr><td>Vitesse d'emballage<\/td><td>5-30 sacs\/min<\/td><td>5-50 sacs\/min<\/td><td>5-50 sacs\/min<\/td><\/tr><tr><td>Consommation d'\u00e9nergie<\/td><td>220 V, 2,2 kW<\/td><td>220 VCA\/50 Hz<\/td><td>220 VCA\/50 Hz, 5 kW<\/td><\/tr><tr><td>Dimension<\/td><td>(L)1320*(L)950*(H)1360mm<\/td><td>(L)1150*(L)1795*(H)1650mm<\/td><td>(L)1780*(L)1350*(H)1950mm<\/td><\/tr><tr><td>Longueur de sac<\/td><td>80-300mm<\/td><td>80-400mm<\/td><td>100-400mm<\/td><\/tr><tr><td>Largeur du sac<\/td><td>80-200mm<\/td><td>80-250mm<\/td><td>180-350mm<\/td><\/tr><tr><td>Consommation d'air<\/td><td>0,65 MPa<\/td><td>0,65 MPa<\/td><td>0,65 MPa<\/td><\/tr><tr><td>Consommation de gaz<\/td><td>0,4 m3\/min<\/td><td>0,4 m3\/min<\/td><td>0,4 m3\/min<\/td><\/tr><\/tbody><\/table><figcaption class=\"wp-element-caption\">Param\u00e8tres de la machine \u00e0 emballer avec peseuse multi-t\u00eates<\/figcaption><\/figure>    <h3 class=\"wp-block-heading\"><strong>Type 3 : Machine de remplissage semi-automatique de graines de tournesol<\/strong><\/h3>    <p>Cette machine d'emballage de graines de tournesol a la fonction de remplissage et de scellage et doit \u00eatre utilis\u00e9e avec des sacs pr\u00e9par\u00e9s. La machine d'emballage de graines de tournesol est adapt\u00e9e pour emballer des produits de 5 kg \u00e0 50 kg. Elle a de bonnes performances et une haute efficacit\u00e9. Parall\u00e8lement, la machine de remplissage de graines de tournesol a un co\u00fbt avantageux.<\/p>    <figure class=\"wp-block-image size-full\"><img loading=\"lazy\" decoding=\"async\" width=\"720\" height=\"540\" src=\"https:\/\/tianhuipackingmachine.com\/wp-content\/uploads\/2022\/06\/sunflower-seed-filling-machine.jpg\" alt=\"machine de remplissage de graines de tournesol\" class=\"wp-image-5929\"\/><figcaption class=\"wp-element-caption\">Machine de remplissage de graines de tournesol<\/figcaption><\/figure>    <h2 class=\"wp-block-heading\"><strong>Pourquoi avez-vous besoin d\u2019une machine d\u2019emballage de graines de tournesol ?<\/strong><\/h2>    <p>Mar, 03 juin 2025 08:40:03 +0000<\/p>    <ol style=\"list-style-type:1\" class=\"wp-block-list\"> <li>Haute efficacit\u00e9. Elle a une vitesse d'emballage de 5 \u00e0 100 sacs par minute, et l'efficacit\u00e9 de la machine est 10 fois celle d'un humain.<\/li>    <li>\u00c9conomisez vos co\u00fbts. Avec une grande efficacit\u00e9, il peut remplacer 10 travailleurs ou plus. De plus, il peut emballer pendant plusieurs heures sans s'arr\u00eater. Par cons\u00e9quent, il peut \u00e9conomiser beaucoup de co\u00fbts de main-d'\u0153uvre.<\/li>    <li>Comment choisir les bons fabricants de machines d'emballage de coussins ?<\/li>    <li>juin 06,2025<\/li>    <li>Parmi de nombreux fabricants de machines d'emballage de coussins, s\u00e9lectionner un fournisseur professionnel et fiable a un impact significatif sur la productivit\u00e9 et la qualit\u00e9 des produits de l'entreprise. Cet article vous aidera \u00e0 faire le bon choix<\/li> <\/ol>    <figure class=\"wp-block-gallery has-nested-images columns-default is-cropped wp-block-gallery-2 is-layout-flex wp-block-gallery-is-layout-flex\"> <figure class=\"wp-block-image size-large\"><img loading=\"lazy\" decoding=\"async\" width=\"667\" height=\"500\" data-id=\"7265\" src=\"https:\/\/tianhuipackingmachine.com\/wp-content\/uploads\/2024\/11\/granules-packing-machine-667x500.webp\" alt=\"machine d&#039;emballage de granul\u00e9s\" class=\"wp-image-7265\" srcset=\"https:\/\/tianhuipackingmachine.com\/wp-content\/uploads\/2024\/11\/granules-packing-machine-667x500.webp 667w, https:\/\/tianhuipackingmachine.com\/wp-content\/uploads\/2024\/11\/granules-packing-machine-480x360.webp 480w, https:\/\/tianhuipackingmachine.com\/wp-content\/uploads\/2024\/11\/granules-packing-machine-16x12.webp 16w, https:\/\/tianhuipackingmachine.com\/wp-content\/uploads\/2024\/11\/granules-packing-machine.webp 720w\" sizes=\"auto, (max-width: 667px) 100vw, 667px\" \/><figcaption class=\"wp-element-caption\">Machine d'emballage de granul\u00e9s<\/figcaption><\/figure>    <figure class=\"wp-block-image size-large\"><img loading=\"lazy\" decoding=\"async\" width=\"667\" height=\"500\" data-id=\"8650\" src=\"https:\/\/tianhuipackingmachine.com\/wp-content\/uploads\/2025\/03\/Shuliy-automatic-granule-packaging-machine-667x500.webp\" alt=\"Shuliy Machine d&#039;emballage de granules automatiques\" class=\"wp-image-8650\" srcset=\"https:\/\/tianhuipackingmachine.com\/wp-content\/uploads\/2025\/03\/Shuliy-automatic-granule-packaging-machine-667x500.webp 667w, https:\/\/tianhuipackingmachine.com\/wp-content\/uploads\/2025\/03\/Shuliy-automatic-granule-packaging-machine-480x360.webp 480w, https:\/\/tianhuipackingmachine.com\/wp-content\/uploads\/2025\/03\/Shuliy-automatic-granule-packaging-machine-16x12.webp 16w, https:\/\/tianhuipackingmachine.com\/wp-content\/uploads\/2025\/03\/Shuliy-automatic-granule-packaging-machine.webp 720w\" sizes=\"auto, (max-width: 667px) 100vw, 667px\" \/><figcaption class=\"wp-element-caption\">Shuliy Machine d'emballage de granules automatiques<\/figcaption><\/figure> <\/figure>    <h2 class=\"wp-block-heading\"><strong>fabricants selon les aspects suivants.<\/strong><\/h2>    <p class=\"translation-block\"><strong>Graines appropri\u00e9es \u00e0 emballer<\/strong><\/p>    <ul class=\"wp-block-list\"> <li>Exp\u00e9rience de production et professionnalisme du fabricant<\/li>    <li>Choisir un fabricant exp\u00e9riment\u00e9 est le premier \u00e9l\u00e9ment. Les fabricants professionnels de machines d'emballage de coussins poss\u00e8dent g\u00e9n\u00e9ralement une vaste exp\u00e9rience en recherche et d\u00e9veloppement, ainsi qu'en fabrication, leur permettant de r\u00e9pondre \u00e0 un large \u00e9ventail de besoins personnalis\u00e9s.<\/li>    <li>Shuliy Machinery a plus de dix ans d'exp\u00e9rience dans la fabrication d'\u00e9quipements d'emballage, les produits ont \u00e9t\u00e9 export\u00e9s vers plus de 80 pays \u00e0 travers le monde. Cette machine d'emballage en sachet peut emballer du pain, des petits pains, des masques, des l\u00e9gumes et des fruits, des jouets, et de nombreuses autres industries. Elle dispose d'une gamme compl\u00e8te de produits, d'une riche exp\u00e9rience et est digne de confiance.<\/li>    <li>Machines d'emballage de coussins horizontales<\/li> <\/ul>    <p class=\"translation-block\"><strong>Sp\u00e9cifications d'emballage de graines courantes<\/strong><\/p>    <ul class=\"wp-block-list\"> <li><strong>Qualit\u00e9 et niveau technique de l'\u00e9quipement<\/strong>Les clients se pr\u00e9occupent g\u00e9n\u00e9ralement de la dur\u00e9e de vie de la machine d'emballage horizontale, de l'effet d'emballage, de la stabilit\u00e9 et du degr\u00e9 d'automatisation. Un \u00e9quipement de haute qualit\u00e9 est non seulement tr\u00e8s efficace, avec un faible taux de panne, mais est \u00e9galement plus propice \u00e0 un fonctionnement \u00e0 long terme.<\/li>    <li><strong>Les avantages de la machine d'emballage de coussins Shuliy sont :<\/strong>Adoption d'un syst\u00e8me de contr\u00f4le servo, vitesse d'emballage rapide, scellage propre et esth\u00e9tique.<\/li>    <li><strong>Convient \u00e0 une vari\u00e9t\u00e9 de produits, tels que les aliments, les m\u00e9dicaments, les articles de tous les jours, etc.<\/strong>\u00c9quipements auxiliaires optionnels tels que machine \u00e0 coder, dispositif gonflable, convoyeur, etc.<\/li>    <li><strong>Support pour la personnalisation des mat\u00e9riaux irr\u00e9guliers, emballage combin\u00e9, etc.<\/strong>Soutenir la personnalisation personnalis\u00e9e<\/li>    <li><strong>Diff\u00e9rents clients ont diff\u00e9rentes tailles d'emballage, tensions, m\u00e9thodes de scellage, exigences en mati\u00e8re de mat\u00e9riau de film, etc. Les excellents fabricants de machines d'emballage en coussin doivent avoir la flexibilit\u00e9 de personnaliser.<\/strong>Les services de personnalisation de Shuliy incluent :<\/li>    <li><strong>Tension (220V\/380V, 50Hz\/60Hz)<\/strong>Forme de scellage (scellement arri\u00e8re, scellement \u00e0 trois c\u00f4t\u00e9s, etc.)<\/li> <\/ul>    <p>Fonctions suppl\u00e9mentaires (gonflable, marquage, humidit\u00e9 et autres fonctions)<\/p>    <figure class=\"wp-block-image size-large\"><img loading=\"lazy\" decoding=\"async\" width=\"750\" height=\"187\" src=\"https:\/\/tianhuipackingmachine.com\/wp-content\/uploads\/2022\/06\/applications-of-sunflower-seed-packaging-machine-750x187.webp\" alt=\"Les bons fabricants de machines d&#039;emballage en coussin devraient avoir une riche exp\u00e9rience de production, soutenir la personnalisation, un bon service apr\u00e8s-vente, etc.\" class=\"wp-image-8981\" srcset=\"https:\/\/tianhuipackingmachine.com\/wp-content\/uploads\/2022\/06\/applications-of-sunflower-seed-packaging-machine-750x187.webp 750w, https:\/\/tianhuipackingmachine.com\/wp-content\/uploads\/2022\/06\/applications-of-sunflower-seed-packaging-machine-480x119.webp 480w, https:\/\/tianhuipackingmachine.com\/wp-content\/uploads\/2022\/06\/applications-of-sunflower-seed-packaging-machine-768x191.webp 768w, https:\/\/tianhuipackingmachine.com\/wp-content\/uploads\/2022\/06\/applications-of-sunflower-seed-packaging-machine-1536x382.webp 1536w, https:\/\/tianhuipackingmachine.com\/wp-content\/uploads\/2022\/06\/applications-of-sunflower-seed-packaging-machine-2048x510.webp 2048w, https:\/\/tianhuipackingmachine.com\/wp-content\/uploads\/2022\/06\/applications-of-sunflower-seed-packaging-machine-18x4.webp 18w\" sizes=\"auto, (max-width: 750px) 100vw, 750px\" \/><figcaption class=\"wp-element-caption\">Machine d'emballage automatique en flow wrap dans l'usine<\/figcaption><\/figure>    <h2 class=\"wp-block-heading\"><strong>Les clients s'inqui\u00e8tent souvent de \"pouvoir se le permettre mais ne pas pouvoir bien l'utiliser\", il est donc crucial que les fabricants de machines d'emballage en coussin fournissent des conseils d'installation, une formation technique et un service apr\u00e8s-vente.<\/strong><\/h2>    <p>La garantie de service de Shuliy comprend :<\/p>    <h2 class=\"wp-block-heading\"><strong>Comment choisir la bonne machine d'emballage de graines de tournesol ?<\/strong><\/h2>    <p>Fournir une vid\u00e9o d'op\u00e9ration en anglais + manuel<\/p>    <ol class=\"wp-block-list\"> <li>Support apr\u00e8s-vente en ligne, assistance technique \u00e0 distance<\/li>    <li>Garantie d'un an, accessoires suffisants et r\u00e9ponse rapide<\/li>    <li>\u00c9quipe d'exportation exp\u00e9riment\u00e9e pour aider au d\u00e9douanement et au transport<\/li> <\/ol>    <div class=\"wp-block-columns is-layout-flex wp-container-core-columns-is-layout-28f84493 wp-block-columns-is-layout-flex\"> <div class=\"wp-block-column is-layout-flow wp-block-column-is-layout-flow\"> <figure class=\"wp-block-image size-large\"><img loading=\"lazy\" decoding=\"async\" width=\"750\" height=\"500\" src=\"https:\/\/tianhuipackingmachine.com\/wp-content\/uploads\/2021\/12\/lots-of-customers-from-different-countries-750x500.jpg\" alt=\"beaucoup de clients de diff\u00e9rents pays\" class=\"wp-image-4727\" srcset=\"https:\/\/tianhuipackingmachine.com\/wp-content\/uploads\/2021\/12\/lots-of-customers-from-different-countries.jpg 750w, https:\/\/tianhuipackingmachine.com\/wp-content\/uploads\/2021\/12\/lots-of-customers-from-different-countries-480x320.jpg 480w\" sizes=\"auto, (max-width: 750px) 100vw, 750px\" \/><figcaption class=\"wp-element-caption\">Beaucoup de clients de diff\u00e9rents pays<\/figcaption><\/figure> <\/div> <\/div>    <p class=\"translation-block\">En tant que fabricant et fournisseur professionnel de machines de conditionnement de graines automatiques, nous avons une riche exp\u00e9rience en mati\u00e8re d'emballage, des machines \u00e0 bon rapport co\u00fbt-efficacit\u00e9, des solutions compl\u00e8tes, de la personnalisation et un service apr\u00e8s-vente parfait. Si vous recherchez une machine de conditionnement <a href=\"https:\/\/en.wikipedia.org\/wiki\/Sunflower_seed\" target=\"_blank\" rel=\"noopener\">de graines de tournesol<\/a> hautement efficace, pr\u00e9cise et automatique, n'h\u00e9sitez pas \u00e0 laisser un message ou \u00e0 nous contacter pour plus d'informations.<\/p>","protected":false},"excerpt":{"rendered":"<p>Machine d'emballage de poche horizontale de Shuliy <\/p>","protected":false},"author":1,"featured_media":5926,"parent":0,"template":"","tags":[166,234,233],"product-type":[136],"class_list":["post-5923","product","type-product","status-publish","has-post-thumbnail","hentry","tag-granule","tag-seeds","tag-sunflower-seeds","product-type-granule-packing-machines"],"_links":{"self":[{"href":"https:\/\/tianhuipackingmachine.com\/fr\/wp-json\/wp\/v2\/product\/5923","targetHints":{"allow":["GET"]}}],"collection":[{"href":"https:\/\/tianhuipackingmachine.com\/fr\/wp-json\/wp\/v2\/product"}],"about":[{"href":"https:\/\/tianhuipackingmachine.com\/fr\/wp-json\/wp\/v2\/types\/product"}],"author":[{"embeddable":true,"href":"https:\/\/tianhuipackingmachine.com\/fr\/wp-json\/wp\/v2\/users\/1"}],"wp:featuredmedia":[{"embeddable":true,"href":"https:\/\/tianhuipackingmachine.com\/fr\/wp-json\/wp\/v2\/media\/5926"}],"wp:attachment":[{"href":"https:\/\/tianhuipackingmachine.com\/fr\/wp-json\/wp\/v2\/media?parent=5923"}],"wp:term":[{"taxonomy":"post_tag","embeddable":true,"href":"https:\/\/tianhuipackingmachine.com\/fr\/wp-json\/wp\/v2\/tags?post=5923"},{"taxonomy":"product-type","embeddable":true,"href":"https:\/\/tianhuipackingmachine.com\/fr\/wp-json\/wp\/v2\/product-type?post=5923"}],"curies":[{"name":"wp","href":"https:\/\/api.w.org\/{rel}","templated":true}]}}