{"id":5705,"date":"2022-04-20T11:27:19","date_gmt":"2022-04-20T03:27:19","guid":{"rendered":"https:\/\/tianhuipackingmachine.com\/?post_type=product&#038;p=5705"},"modified":"2025-05-13T15:11:42","modified_gmt":"2025-05-13T07:11:42","slug":"machine-demballage-de-collations","status":"publish","type":"product","link":"https:\/\/tianhuipackingmachine.com\/fr\/snacks-packing-machine\/","title":{"rendered":"Machine d'emballage de snacks"},"content":{"rendered":"<p class=\"translation-block\">La <strong>machine d'emballage de snacks Shuliy<\/strong> est largement appliqu\u00e9e dans l'emballage quantitatif de divers aliments souffl\u00e9s, noix, bonbons, fruits secs, biscuits, crackers de riz, pop-corn, petites p\u00e2tes et autres aliments de collation. Elle a une vitesse d'emballage de 5 \u00e0 80 sacs par minute et un poids d'emballage de 0 \u00e0 6000 g par sac. <\/p>    <p>Qu'il s'agisse de mat\u00e9riaux granulaires, en flocons ou en morceaux, il peut r\u00e9aliser un pesage pr\u00e9cis, un emballage automatique et un scellage esth\u00e9tique. Cette machine d'emballage r\u00e9pond aux besoins diversifi\u00e9s des petites et moyennes entreprises de transformation alimentaire, des marques de collations et des usines. Si vous \u00eates int\u00e9ress\u00e9, veuillez nous contacter pour plus de d\u00e9tails !<\/p>   <figure class=\"wp-block-embed-youtube wp-block-embed is-type-video is-provider-youtube wp-embed-aspect-16-9 wp-has-aspect-ratio\"><div class=\"lyte-wrapper\" title=\"Machine d&#039;emballage \u00e0 peseur multi-t\u00eates pour un emballage de collations efficace | Machine d&#039;emballage Shuliy\" style=\"width:853px;max-width:100%;margin:5px auto;\"><div class=\"lyMe\" id=\"WYL_-8sideZWr70\" itemprop=\"video\" itemscope itemtype=\"https:\/\/schema.org\/VideoObject\"><div><meta itemprop=\"thumbnailUrl\" content=\"https:\/\/i.ytimg.com\/vi\/-8sideZWr70\/hqdefault.jpg\" \/><meta itemprop=\"embedURL\" content=\"https:\/\/www.youtube.com\/embed\/-8sideZWr70\" \/><meta itemprop=\"duration\" content=\"PT1M4S\" \/><meta itemprop=\"uploadDate\" content=\"2024-10-16T07:34:44Z\" \/><\/div><div id=\"lyte_-8sideZWr70\" data-src=\"https:\/\/i.ytimg.com\/vi\/-8sideZWr70\/hqdefault.jpg\" class=\"pL\"><div class=\"tC\"><div class=\"tT\" itemprop=\"name\">Machine d'emballage \u00e0 peseur multi-t\u00eates pour un emballage de collations efficace | Machine d'emballage Shuliy<\/div><\/div><div class=\"play\"><\/div><div class=\"ctrl\"><div class=\"Lctrl\"><\/div><div class=\"Rctrl\"><\/div><\/div><\/div><noscript><a href=\"https:\/\/youtu.be\/-8sideZWr70\" rel=\"nofollow noopener\" target=\"_blank\"><img loading=\"lazy\" decoding=\"async\" src=\"https:\/\/i.ytimg.com\/vi\/-8sideZWr70\/0.jpg\" alt=\"Machine d&#039;emballage \u00e0 peseur multi-t\u00eates pour un emballage de collations efficace | Machine d&#039;emballage Shuliy\" width=\"853\" height=\"460\" \/><\/a><\/noscript><meta itemprop=\"description\" content=\"#snacks #snackpack #packingmachine #packagingsolution #foodpackagingmachine WhatsApp No.: https:\/\/wa.me\/+8613673689272 WeChat\/Tel No.:+8613673689272 Email: sales@tianhuipackingmachine.com Website: https:\/\/tianhuipackingmachine.com\/multi-head-weigher-packing-machine\/ In this video, the Shuliy Multihead Scale Wrapper demonstrates how quickly and accurately snacks can be packaged. The machine is able to automatically weigh different weights of snacks and package them efficiently, ensuring consistent product quality and appearance. Suitable for a variety of snack product packaging needs, this multihead scale packaging machine helps food companies improve productivity and save labor costs. Watch the video to see this packaging machine in action and in action! WhatsApp No.: https:\/\/wa.me\/+8613673689272 WeChat\/Tel No.:+8613673689272 Email: sales@tianhuipackingmachine.com Website: https:\/\/tianhuipackingmachine.com\/multi-head-weigher-packing-machine\/\"><\/div><\/div><div class=\"lL\" style=\"max-width:100%;width:853px;margin:5px auto;\"> <a href=\"https:\/\/youtu.be\/-8sideZWr70\" target=\"_blank\" rel=\"noopener\">Regarder cette vid\u00e9o sur YouTube<\/a>.<\/div><figcaption>vid\u00e9o de fonctionnement de la machine d'emballage de snacks<\/figcaption><\/figure>   <h2 class=\"wp-block-heading\" id=\"h-various-types-of-snacks-packing-machine-for-sale\"><strong>Divers types de machines d'emballage de snacks \u00e0 vendre<\/strong><\/h2>    <p>Parmi les nombreuses suggestions sur \"la meilleure fa\u00e7on de stocker des graines de tournesol\", le scellement, l'\u00e9tanch\u00e9it\u00e9 \u00e0 l'humidit\u00e9 et la protection contre les nuisibles sont les principes fondamentaux. L'une des m\u00e9thodes les plus efficaces consiste \u00e0 utiliser une machine de conditionnement automatique de graines de melon professionnelle pour le scellement et l'emballage. Compar\u00e9 \u00e0 l'emballage manuel traditionnel, l'emballage m\u00e9canique est non seulement plus\u2026<\/p>    <ul class=\"wp-block-list\"> <li>Machine d'emballage granulaire VFFS (SL-320, SL-450 et SL-420)<\/li>    <li>Machine d'emballage \u00e0 \u00e9tiquettes \u00e0 balances multiples (SL-420, SL-520 et SL-720)<\/li>    <li>Machine d'emballage en coussin (SL-250, SL-350, SL-450 et SL-600)<\/li>    <li>Machine d'emballage sous vide (scelleuse sous vide \u00e0 chambre unique et scelleuse sous vide \u00e0 double chambre)<\/li> <\/ul>    <p>Emballage de sacs de graines de tournesol<\/p>    <h3 class=\"wp-block-heading\"><strong>Type 1 : Machine d'emballage de snacks en sachets rotatifs<\/strong><\/h3>    <div class=\"wp-block-columns is-layout-flex wp-container-core-columns-is-layout-28f84493 wp-block-columns-is-layout-flex\"> <div class=\"wp-block-column is-layout-flow wp-block-column-is-layout-flow\"> <figure class=\"wp-block-image size-large\"><img loading=\"lazy\" decoding=\"async\" width=\"750\" height=\"500\" src=\"https:\/\/tianhuipackingmachine.com\/wp-content\/uploads\/2021\/12\/vertical-snacks-granule-packaging-machine-750x500.jpg\" alt=\"machine de conditionnement verticale de granul\u00e9s de collations\" class=\"wp-image-4534\" srcset=\"https:\/\/tianhuipackingmachine.com\/wp-content\/uploads\/2021\/12\/vertical-snacks-granule-packaging-machine.jpg 750w, https:\/\/tianhuipackingmachine.com\/wp-content\/uploads\/2021\/12\/vertical-snacks-granule-packaging-machine-480x320.jpg 480w\" sizes=\"auto, (max-width: 750px) 100vw, 750px\" \/><figcaption class=\"wp-element-caption\">Machine de conditionnement verticale de granul\u00e9s de collations<\/figcaption><\/figure> <\/div>    <div class=\"wp-block-column is-vertically-aligned-center is-layout-flow wp-block-column-is-layout-flow\"> <ul class=\"wp-block-list\"> <li>Mod\u00e8le : SL-450<\/li>    <li>Style de sachet : scell\u00e9 \u00e0 l'arri\u00e8re \/ scell\u00e9 \u00e0 3 c\u00f4t\u00e9s<\/li>    <li>Vitesse d'emballage : 20-80 sacs\/min<\/li>    <li>Vous avez recherch\u00e9 - Page 7 \u00e0 18 - Fabricant de machines d'emballage Shuliy<\/li>    <li>Largeur du sac\u00a0: 20-200\u00a0mm<\/li>    <li>Vous avez recherch\u00e9 - Page 18 sur 18 - Fabricant de machines d'emballage Shuliy<\/li>    <li>Consommation d'\u00e9nergie : 2,2 kW<\/li>    <li>Poids : 420 kg<\/li>    <li>Dimensions\u00a0: 750*750*21000mm<\/li> <\/ul> <\/div> <\/div>    <figure class=\"wp-block-gallery has-nested-images columns-4 is-cropped wp-block-gallery-2 is-layout-flex wp-block-gallery-is-layout-flex\"> <figure class=\"wp-block-image size-large\"><img loading=\"lazy\" decoding=\"async\" width=\"750\" height=\"500\" data-id=\"4508\" src=\"https:\/\/tianhuipackingmachine.com\/wp-content\/uploads\/2021\/12\/bag-maker-750x500.jpg\" alt=\"fabricant de sacs\" class=\"wp-image-4508\" srcset=\"https:\/\/tianhuipackingmachine.com\/wp-content\/uploads\/2021\/12\/bag-maker.jpg 750w, https:\/\/tianhuipackingmachine.com\/wp-content\/uploads\/2021\/12\/bag-maker-480x320.jpg 480w\" sizes=\"auto, (max-width: 750px) 100vw, 750px\" \/><figcaption class=\"wp-element-caption\">Fabricant de sacs<\/figcaption><\/figure>    <figure class=\"wp-block-image size-large\"><img loading=\"lazy\" decoding=\"async\" width=\"750\" height=\"500\" data-id=\"4513\" src=\"https:\/\/tianhuipackingmachine.com\/wp-content\/uploads\/2021\/12\/turntable-with-measuring-cups-750x500.jpg\" alt=\"plateau tournant avec tasses \u00e0 mesurer\" class=\"wp-image-4513\" srcset=\"https:\/\/tianhuipackingmachine.com\/wp-content\/uploads\/2021\/12\/turntable-with-measuring-cups.jpg 750w, https:\/\/tianhuipackingmachine.com\/wp-content\/uploads\/2021\/12\/turntable-with-measuring-cups-480x320.jpg 480w\" sizes=\"auto, (max-width: 750px) 100vw, 750px\" \/><figcaption class=\"wp-element-caption\">Plateau tournant avec tasses \u00e0 mesurer<\/figcaption><\/figure>    <figure class=\"wp-block-image size-large\"><img loading=\"lazy\" decoding=\"async\" width=\"750\" height=\"500\" data-id=\"4516\" src=\"https:\/\/tianhuipackingmachine.com\/wp-content\/uploads\/2021\/12\/vertical-sealing-end-sealing-and-cutting-device-750x500.jpg\" alt=\"dispositif de scellage vertical, de scellage d&#039;extr\u00e9mit\u00e9 et de d\u00e9coupe\" class=\"wp-image-4516\" srcset=\"https:\/\/tianhuipackingmachine.com\/wp-content\/uploads\/2021\/12\/vertical-sealing-end-sealing-and-cutting-device.jpg 750w, https:\/\/tianhuipackingmachine.com\/wp-content\/uploads\/2021\/12\/vertical-sealing-end-sealing-and-cutting-device-480x320.jpg 480w\" sizes=\"auto, (max-width: 750px) 100vw, 750px\" \/><figcaption class=\"wp-element-caption\">Scellage vertical et amp; Dispositif de scellement et de coupe d'extr\u00e9mit\u00e9<\/figcaption><\/figure>    <figure class=\"wp-block-image size-large\"><img loading=\"lazy\" decoding=\"async\" width=\"750\" height=\"500\" data-id=\"4511\" src=\"https:\/\/tianhuipackingmachine.com\/wp-content\/uploads\/2021\/12\/ribbon-coding-printer-750x500.jpg\" alt=\"imprimante de codage \u00e0 ruban\" class=\"wp-image-4511\" srcset=\"https:\/\/tianhuipackingmachine.com\/wp-content\/uploads\/2021\/12\/ribbon-coding-printer.jpg 750w, https:\/\/tianhuipackingmachine.com\/wp-content\/uploads\/2021\/12\/ribbon-coding-printer-480x320.jpg 480w\" sizes=\"auto, (max-width: 750px) 100vw, 750px\" \/><figcaption class=\"wp-element-caption\">Imprimante de codage de ruban<\/figcaption><\/figure> <\/figure>    <p class=\"translation-block\"><strong>Machine d'emballage \u00e0 cha\u00eene \u00e0 seau pour les produits alimentaires<\/strong><\/p>    <div class=\"wp-block-columns is-layout-flex wp-container-core-columns-is-layout-28f84493 wp-block-columns-is-layout-flex\"> <div class=\"wp-block-column is-layout-flow wp-block-column-is-layout-flow\"> <figure class=\"wp-block-image size-large\"><img loading=\"lazy\" decoding=\"async\" width=\"750\" height=\"500\" src=\"https:\/\/tianhuipackingmachine.com\/wp-content\/uploads\/2021\/12\/chain-bucket-packing-machine-for-snacks-750x500.jpg\" alt=\"machine d&#039;emballage de seau \u00e0 cha\u00eene pour snacks\" class=\"wp-image-4527\" srcset=\"https:\/\/tianhuipackingmachine.com\/wp-content\/uploads\/2021\/12\/chain-bucket-packing-machine-for-snacks.jpg 750w, https:\/\/tianhuipackingmachine.com\/wp-content\/uploads\/2021\/12\/chain-bucket-packing-machine-for-snacks-480x320.jpg 480w\" sizes=\"auto, (max-width: 750px) 100vw, 750px\" \/><figcaption class=\"wp-element-caption\">Machine d'emballage de seau \u00e0 cha\u00eene pour collations<\/figcaption><\/figure> <\/div>    <div class=\"wp-block-column is-vertically-aligned-center is-layout-flow wp-block-column-is-layout-flow\"> <ul class=\"wp-block-list\"> <li>Mod\u00e8le : SL-420<\/li>    <li>Style de sac d'emballage : scell\u00e9 \u00e0 l'arri\u00e8re \/ scell\u00e9 \u00e0 3 c\u00f4t\u00e9s \/ scell\u00e9 \u00e0 4 c\u00f4t\u00e9s<\/li>    <li>Vitesse d'emballage : 30-60 sacs\/min<\/li>    <li>Poids d'emballage : 100-1000 g<\/li>    <li>Longueur du sac\u00a0: 30-280\u00a0mm<\/li>    <li>Consommation d'\u00e9nergie : 2,2 kW<\/li>    <li>Poids : 400kg<\/li>    <li>Dimensions\u00a0: 870*1350*1850mm<\/li> <\/ul> <\/div> <\/div>    <h3 class=\"wp-block-heading\"><strong>Type 2 : Machine d'emballage de snacks avec peseuse multi-t\u00eates<\/strong><\/h3>    <div class=\"wp-block-columns is-layout-flex wp-container-core-columns-is-layout-28f84493 wp-block-columns-is-layout-flex\"> <div class=\"wp-block-column is-layout-flow wp-block-column-is-layout-flow\"> <figure class=\"wp-block-image size-large\"><img loading=\"lazy\" decoding=\"async\" width=\"750\" height=\"500\" src=\"https:\/\/tianhuipackingmachine.com\/wp-content\/uploads\/2021\/12\/multi-head-combination-weigher-packing-equipment-750x500.jpg\" alt=\"\u00e9quipement d&#039;emballage de peseuse combin\u00e9e multi-t\u00eates\" class=\"wp-image-4528\" srcset=\"https:\/\/tianhuipackingmachine.com\/wp-content\/uploads\/2021\/12\/multi-head-combination-weigher-packing-equipment.jpg 750w, https:\/\/tianhuipackingmachine.com\/wp-content\/uploads\/2021\/12\/multi-head-combination-weigher-packing-equipment-480x320.jpg 480w\" sizes=\"auto, (max-width: 750px) 100vw, 750px\" \/><figcaption class=\"wp-element-caption\">\u00c9quipement d'emballage de peseuse combin\u00e9e multi-t\u00eates<\/figcaption><\/figure> <\/div>    <div class=\"wp-block-column is-vertically-aligned-center is-layout-flow wp-block-column-is-layout-flow\"> <p>Vous avez recherch\u00e9 - Page 16 \u00e0 18 - Fabricant de machines d'emballage Shuliy<\/p>    <ul class=\"wp-block-list\"> <li>Mod\u00e8le : SL-520<\/li>    <li>Vitesse d'emballage : 5-50 sacs\/min<\/li>    <li>Plage de mesure : Max. 3000ml<\/li>    <li>Longueur du sac\u00a0: 80-400\u00a0mm<\/li>    <li>Largeur du sac\u00a0: 80-250\u00a0mm<\/li>    <li>La machine d'emballage de collations Shuliy est largement utilis\u00e9e dans l'emballage quantitatif de divers aliments souffl\u00e9s, noix, bonbons, fruits secs, biscuits, crackers de riz, pop-corn, petites p\u00e2tes et autres collations. Elle a une vitesse d'emballage de 5 \u00e0 80 sacs par minute et un poids d'emballage de 0 \u00e0 6000 g par sac. Que ce soit des granul\u00e9s,\u2026<\/li>    <li>Poids : 600kg<\/li>    <li>Vous avez recherch\u00e9 - Page 9 \u00e0 18 - Fabricant de machines d'emballage Shuliy<\/li> <\/ul> <\/div> <\/div>    <figure class=\"wp-block-gallery has-nested-images columns-default is-cropped wp-block-gallery-3 is-layout-flex wp-block-gallery-is-layout-flex\"> <figure class=\"wp-block-image size-large\"><img loading=\"lazy\" decoding=\"async\" width=\"600\" height=\"450\" data-id=\"4362\" src=\"https:\/\/tianhuipackingmachine.com\/wp-content\/uploads\/2021\/12\/ten-head-weighing-feeding-system.jpg\" alt=\"syst\u00e8me de pes\u00e9e et d&#039;alimentation \u00e0 dix t\u00eates\" class=\"wp-image-4362\" srcset=\"https:\/\/tianhuipackingmachine.com\/wp-content\/uploads\/2021\/12\/ten-head-weighing-feeding-system.jpg 600w, https:\/\/tianhuipackingmachine.com\/wp-content\/uploads\/2021\/12\/ten-head-weighing-feeding-system-480x360.jpg 480w\" sizes=\"auto, (max-width: 600px) 100vw, 600px\" \/><figcaption class=\"wp-element-caption\">Pesage \u00e0 dix t\u00eates et amp; Syst\u00e8me d'alimentation<\/figcaption><\/figure>    <figure class=\"wp-block-image size-large\"><img loading=\"lazy\" decoding=\"async\" width=\"600\" height=\"450\" data-id=\"4364\" src=\"https:\/\/tianhuipackingmachine.com\/wp-content\/uploads\/2021\/12\/feeding-material-system.jpg\" alt=\"syst\u00e8me de mat\u00e9riel d&#039;alimentation\" class=\"wp-image-4364\" srcset=\"https:\/\/tianhuipackingmachine.com\/wp-content\/uploads\/2021\/12\/feeding-material-system.jpg 600w, https:\/\/tianhuipackingmachine.com\/wp-content\/uploads\/2021\/12\/feeding-material-system-480x360.jpg 480w\" sizes=\"auto, (max-width: 600px) 100vw, 600px\" \/><figcaption class=\"wp-element-caption\">Syst\u00e8me de mat\u00e9riel d'alimentation<\/figcaption><\/figure>    <figure class=\"wp-block-image size-large\"><img loading=\"lazy\" decoding=\"async\" width=\"600\" height=\"450\" data-id=\"4366\" src=\"https:\/\/tianhuipackingmachine.com\/wp-content\/uploads\/2021\/12\/packaging-system-by-pneumatic-drive.jpg\" alt=\"syst\u00e8me d&#039;emballage par entra\u00eenement pneumatique\" class=\"wp-image-4366\" srcset=\"https:\/\/tianhuipackingmachine.com\/wp-content\/uploads\/2021\/12\/packaging-system-by-pneumatic-drive.jpg 600w, https:\/\/tianhuipackingmachine.com\/wp-content\/uploads\/2021\/12\/packaging-system-by-pneumatic-drive-480x360.jpg 480w\" sizes=\"auto, (max-width: 600px) 100vw, 600px\" \/><figcaption class=\"wp-element-caption\">Syst\u00e8me d'emballage par entra\u00eenement pneumatique<\/figcaption><\/figure> <\/figure>    <h2 class=\"wp-block-heading\" id=\"h-features-of-top-snacks-packing-machine\"><strong>Caract\u00e9ristiques de la machine d'emballage de snacks Shuliy<\/strong><\/h2>    <ul class=\"wp-block-list\"> <li>Haut degr\u00e9 d'automatisation <ul class=\"wp-block-list\"> <li>Prend en charge la pes\u00e9e \u00e9lectronique multi-t\u00eates, le syst\u00e8me servo et l'op\u00e9ration tactile PLC. Une personne peut facilement op\u00e9rer, r\u00e9duisant consid\u00e9rablement les co\u00fbts de main-d'\u0153uvre.<\/li> <\/ul> <\/li>    <li>Vous avez recherch\u00e9 - Page 14 \u00e0 18 - Fabricant de machines d'emballage Shuliy <ul class=\"wp-block-list\"> <li>Vous avez recherch\u00e9 - Page 8 \u00e0 18 - Fabricant de machines d'emballage Shuliy<\/li> <\/ul> <\/li>    <li>Fonctions optionnelles <ul class=\"wp-block-list\"> <li>Vous avez recherch\u00e9 - Page 13 \u00e0 18 - Fabricant de machines d'emballage Shuliy<\/li> <\/ul> <\/li>    <li>Solution de ligne compl\u00e8te personnalisable <ul class=\"wp-block-list\"> <li>Shuliy prend en charge la personnalisation de l'ensemble de la ligne d'emballage de snacks pour les clients, y compris la machine de chargement, la machine de pesage, vertical \/<a href=\"https:\/\/tianhuipackingmachine.com\/fr\/pillow-packing-machine\/\">machine de conditionnement d'oreillers<\/a>, tapis roulant de produits finis, scellage et codage, etc., pour r\u00e9pondre \u00e0 diff\u00e9rentes capacit\u00e9s et agencements d'atelier.<\/li> <\/ul> <\/li> <\/ul>    <figure class=\"wp-block-gallery has-nested-images columns-default is-cropped wp-block-gallery-4 is-layout-flex wp-block-gallery-is-layout-flex\"> <figure class=\"wp-block-image size-large\"><img loading=\"lazy\" decoding=\"async\" width=\"750\" height=\"500\" data-id=\"4515\" src=\"https:\/\/tianhuipackingmachine.com\/wp-content\/uploads\/2021\/12\/vertical-granule-packing-machine-in-factory-750x500.jpg\" alt=\"machine d&#039;emballage de granul\u00e9s verticale en usine\" class=\"wp-image-4515\" srcset=\"https:\/\/tianhuipackingmachine.com\/wp-content\/uploads\/2021\/12\/vertical-granule-packing-machine-in-factory.jpg 750w, https:\/\/tianhuipackingmachine.com\/wp-content\/uploads\/2021\/12\/vertical-granule-packing-machine-in-factory-480x320.jpg 480w\" sizes=\"auto, (max-width: 750px) 100vw, 750px\" \/><figcaption class=\"wp-element-caption\">Machine d'emballage verticale de granul\u00e9s en usine<\/figcaption><\/figure>    <figure class=\"wp-block-image size-large\"><img loading=\"lazy\" decoding=\"async\" width=\"750\" height=\"500\" data-id=\"4514\" src=\"https:\/\/tianhuipackingmachine.com\/wp-content\/uploads\/2021\/12\/vertical-granule-packaging-equipment-in-factory-750x500.jpg\" alt=\"\u00e9quipement d&#039;emballage de granul\u00e9s vertical en usine\" class=\"wp-image-4514\" srcset=\"https:\/\/tianhuipackingmachine.com\/wp-content\/uploads\/2021\/12\/vertical-granule-packaging-equipment-in-factory.jpg 750w, https:\/\/tianhuipackingmachine.com\/wp-content\/uploads\/2021\/12\/vertical-granule-packaging-equipment-in-factory-480x320.jpg 480w\" sizes=\"auto, (max-width: 750px) 100vw, 750px\" \/><figcaption class=\"wp-element-caption\">\u00c9quipement d'emballage de granul\u00e9s verticaux en usine<\/figcaption><\/figure> <\/figure>    <h2 class=\"wp-block-heading\" id=\"h-applications-of-snacks-packing-equipment\"><strong>Applications des machines d'emballage de snacks<\/strong><\/h2>    <p>Notre machine d'emballage de nourriture pour snacks a un large \u00e9ventail d'applications, d\u00e9crites comme suit :<\/p>    <ul class=\"wp-block-list\"> <li>Snacks granulaires <ul class=\"wp-block-list\"> <li>Cacahu\u00e8tes, graines de melon, f\u00e8ves, pop-corn, flocons d'avoine, cro\u00fbte de riz, grains de caf\u00e9, sucre en poudre, dattes rouges, nimko garri, bonbons aux prunes, etc.<\/li> <\/ul> <\/li>    <li>03 juin 2025 <ul class=\"wp-block-list\"> <li>Ces derni\u00e8res ann\u00e9es, avec le d\u00e9veloppement de l'industrie de transformation des aliments, pharmaceutique et chimique au Canada, la demande du march\u00e9 pour des\u2026 <a href=\"https:\/\/en.wikipedia.org\/wiki\/Pastry\" target=\"_blank\" rel=\"noopener\">Ces derni\u00e8res ann\u00e9es, avec le d\u00e9veloppement de l'industrie de transformation alimentaire, pharmaceutique et chimique au Canada, la demande du march\u00e9 pour des machines de remplissage de poudre efficaces et intelligentes au Canada continue d'augmenter. Shuliy Machinery est devenu un fournisseur d'\u00e9quipements fiable pour de nombreux clients canadiens gr\u00e2ce \u00e0 sa technologie mature et \u00e0 son excellent service. remplissage de poudre\u2026<\/a>, etc.<\/li> <\/ul> <\/li>    <li>Snacks souffl\u00e9s <ul class=\"wp-block-list\"> <li>Machine de remplissage en poudre Canada<\/li> <\/ul> <\/li> <\/ul>    <p>Remplissage haute pr\u00e9cision pour r\u00e9pondre aux besoins de plusieurs industries\u00a0<\/p>    <figure class=\"wp-block-gallery has-nested-images columns-default is-cropped wp-block-gallery-5 is-layout-flex wp-block-gallery-is-layout-flex\"> <figure class=\"wp-block-image size-large\"><img loading=\"lazy\" decoding=\"async\" width=\"750\" height=\"500\" data-id=\"4530\" src=\"https:\/\/tianhuipackingmachine.com\/wp-content\/uploads\/2021\/12\/small-snacks-packaging-pouches-display-750x500.jpg\" alt=\"pr\u00e9sentoir de pochettes d&#039;emballage de petites collations\" class=\"wp-image-4530\" srcset=\"https:\/\/tianhuipackingmachine.com\/wp-content\/uploads\/2021\/12\/small-snacks-packaging-pouches-display.jpg 750w, https:\/\/tianhuipackingmachine.com\/wp-content\/uploads\/2021\/12\/small-snacks-packaging-pouches-display-480x320.jpg 480w\" sizes=\"auto, (max-width: 750px) 100vw, 750px\" \/><figcaption class=\"wp-element-caption\">Affichage de pochettes d'emballage de petites collations<\/figcaption><\/figure>    <figure class=\"wp-block-image size-large\"><img loading=\"lazy\" decoding=\"async\" width=\"750\" height=\"500\" data-id=\"4529\" src=\"https:\/\/tianhuipackingmachine.com\/wp-content\/uploads\/2021\/12\/packaged-puffed-food-with-nitrigen-filling-750x500.jpg\" alt=\"aliments souffl\u00e9s emball\u00e9s fourr\u00e9s \u00e0 l&#039;azote\" class=\"wp-image-4529\" srcset=\"https:\/\/tianhuipackingmachine.com\/wp-content\/uploads\/2021\/12\/packaged-puffed-food-with-nitrigen-filling.jpg 750w, https:\/\/tianhuipackingmachine.com\/wp-content\/uploads\/2021\/12\/packaged-puffed-food-with-nitrigen-filling-480x320.jpg 480w\" sizes=\"auto, (max-width: 750px) 100vw, 750px\" \/><figcaption class=\"wp-element-caption\">Aliments souffl\u00e9s emball\u00e9s fourr\u00e9s \u00e0 l'azote<\/figcaption><\/figure> <\/figure>    <h2 class=\"wp-block-heading\" id=\"h-snacks-packing-machine-price\"><strong>Quel est le prix de la machine d'emballage de snacks ?<\/strong><\/h2>    <p>Qu'il s'agisse de farine, de lait en poudre, de caf\u00e9 en poudre, d'\u00e9pices, de poudre chimique ou de poudre pharmaceutique, il peut r\u00e9aliser un remplissage rapide et sans poussi\u00e8re pour r\u00e9pondre aux besoins de divers volumes de remplissage et formes d'emballage.<\/p>    <h2 class=\"wp-block-heading\" id=\"h-why-choose-us-as-your-top-packing-machine-supplier\"><strong>Contr\u00f4le intelligent pour s'adapter \u00e0 la tendance de l'automatisation industrielle canadienne<\/strong><\/h2>    <p>Pour r\u00e9pondre \u00e0 la demande du march\u00e9 canadien en mati\u00e8re d'automatisation et de fabrication intelligente, les machines de remplissage en poudre de Shuliy sont \u00e9quip\u00e9es de syst\u00e8mes de contr\u00f4le PLC et d'interfaces homme-machine (IHM). Les utilisateurs peuvent facilement ajuster les param\u00e8tres de remplissage, augmenter la productivit\u00e9 et r\u00e9duire l'intervention manuelle.<\/p>    <p>De plus, un syst\u00e8me de retour de pes\u00e9e optionnel est disponible pour un contr\u00f4le de pr\u00e9cision dynamique, ce qui am\u00e9liore encore le taux de qualification des produits.<\/p>    <p>Configuration flexible pour r\u00e9pondre aux besoins locaux diversifi\u00e9s<\/p>    <figure class=\"wp-block-gallery has-nested-images columns-default is-cropped wp-block-gallery-6 is-layout-flex wp-block-gallery-is-layout-flex\"> <figure class=\"wp-block-image size-large\"><img loading=\"lazy\" decoding=\"async\" width=\"750\" height=\"500\" data-id=\"4509\" src=\"https:\/\/tianhuipackingmachine.com\/wp-content\/uploads\/2021\/12\/packaging-process-before-transportation-750x500.jpg\" alt=\"processus d&#039;emballage avant le transport\" class=\"wp-image-4509\" srcset=\"https:\/\/tianhuipackingmachine.com\/wp-content\/uploads\/2021\/12\/packaging-process-before-transportation.jpg 750w, https:\/\/tianhuipackingmachine.com\/wp-content\/uploads\/2021\/12\/packaging-process-before-transportation-480x320.jpg 480w\" sizes=\"auto, (max-width: 750px) 100vw, 750px\" \/><figcaption class=\"wp-element-caption\">Processus d'emballage avant le transport<\/figcaption><\/figure>    <figure class=\"wp-block-image size-large\"><img loading=\"lazy\" decoding=\"async\" width=\"750\" height=\"500\" data-id=\"4510\" src=\"https:\/\/tianhuipackingmachine.com\/wp-content\/uploads\/2021\/12\/placing-the-machine-into-the-truck-750x500.jpg\" alt=\"placer la machine dans le camion\" class=\"wp-image-4510\" srcset=\"https:\/\/tianhuipackingmachine.com\/wp-content\/uploads\/2021\/12\/placing-the-machine-into-the-truck.jpg 750w, https:\/\/tianhuipackingmachine.com\/wp-content\/uploads\/2021\/12\/placing-the-machine-into-the-truck-480x320.jpg 480w\" sizes=\"auto, (max-width: 750px) 100vw, 750px\" \/><figcaption class=\"wp-element-caption\">Placer la machine dans le camion<\/figcaption><\/figure> <\/figure>","protected":false},"excerpt":{"rendered":"<p>La machine d'emballage de collations Shuliy est utilis\u00e9e pour l'emballage quantitatif de divers aliments souffl\u00e9s, noix, etc., avec une vitesse d'emballage de 5 \u00e0 80 sacs par minute, et un poids d'emballage de 0 \u00e0 6000 g par sac.<\/p>","protected":false},"author":1,"featured_media":1061,"parent":0,"template":"","tags":[206,166,232],"product-type":[136],"class_list":["post-5705","product","type-product","status-publish","has-post-thumbnail","hentry","tag-food-packing-machine","tag-granule","tag-snacks","product-type-granule-packing-machines"],"_links":{"self":[{"href":"https:\/\/tianhuipackingmachine.com\/fr\/wp-json\/wp\/v2\/product\/5705","targetHints":{"allow":["GET"]}}],"collection":[{"href":"https:\/\/tianhuipackingmachine.com\/fr\/wp-json\/wp\/v2\/product"}],"about":[{"href":"https:\/\/tianhuipackingmachine.com\/fr\/wp-json\/wp\/v2\/types\/product"}],"author":[{"embeddable":true,"href":"https:\/\/tianhuipackingmachine.com\/fr\/wp-json\/wp\/v2\/users\/1"}],"wp:featuredmedia":[{"embeddable":true,"href":"https:\/\/tianhuipackingmachine.com\/fr\/wp-json\/wp\/v2\/media\/1061"}],"wp:attachment":[{"href":"https:\/\/tianhuipackingmachine.com\/fr\/wp-json\/wp\/v2\/media?parent=5705"}],"wp:term":[{"taxonomy":"post_tag","embeddable":true,"href":"https:\/\/tianhuipackingmachine.com\/fr\/wp-json\/wp\/v2\/tags?post=5705"},{"taxonomy":"product-type","embeddable":true,"href":"https:\/\/tianhuipackingmachine.com\/fr\/wp-json\/wp\/v2\/product-type?post=5705"}],"curies":[{"name":"wp","href":"https:\/\/api.w.org\/{rel}","templated":true}]}}