{"id":5685,"date":"2022-04-19T09:28:57","date_gmt":"2022-04-19T01:28:57","guid":{"rendered":"http:\/\/tianhuipackingmachine.local\/?post_type=product&#038;p=5685"},"modified":"2024-09-20T18:32:44","modified_gmt":"2024-09-20T10:32:44","slug":"rice-vacuum-packing-machine-2","status":"publish","type":"product","link":"https:\/\/tianhuipackingmachine.com\/fr\/rice-vacuum-packing-machine\/","title":{"rendered":"Machine d'emballage sous vide de riz"},"content":{"rendered":"<p class=\"translation-block\">La <strong>machine de conditionnement sous vide de riz<\/strong> Shuliy est un scelleur sous vide sp\u00e9cifique pour le conditionnement de riz avec des formes de briques et des poids de 0,5 \u00e0 20 kg par brique. <\/p>    <p>Cette machine peut emballer sous vide 1 \u00e0 20 paquets de briques de riz par minute. L'emballage sous vide de cette machine peut prolonger efficacement la dur\u00e9e de conservation des aliments, en r\u00e9sistant \u00e0 l'oxydation, aux insectes, \u00e0 la moisissure et \u00e0 l'humidit\u00e9.<\/p>    <p>En outre, il peut \u00e9galement emballer sous vide divers mat\u00e9riaux pulv\u00e9rulents et granulaires, tels que la farine, la poudre de levure s\u00e8che ferment\u00e9e, le th\u00e9, les cacahu\u00e8tes, les noix de cajou, etc. Si vous \u00eates int\u00e9ress\u00e9, n'h\u00e9sitez pas \u00e0 nous contacter pour plus de d\u00e9tails ! <\/p>    <figure class=\"wp-block-image aligncenter size-large\"><img loading=\"lazy\" decoding=\"async\" width=\"750\" height=\"500\" src=\"https:\/\/tianhuipackingmachine.com\/wp-content\/uploads\/2021\/12\/rice-vacuum-packing-machine-750x500.jpg\" alt=\"machine d&#039;emballage sous vide de riz\" class=\"wp-image-3870\" srcset=\"https:\/\/tianhuipackingmachine.com\/wp-content\/uploads\/2021\/12\/rice-vacuum-packing-machine.jpg 750w, https:\/\/tianhuipackingmachine.com\/wp-content\/uploads\/2021\/12\/rice-vacuum-packing-machine-480x320.jpg 480w\" sizes=\"auto, (max-width: 750px) 100vw, 750px\" \/><figcaption class=\"wp-element-caption\">Machine d'emballage sous vide de riz<\/figcaption><\/figure>    <h2 class=\"wp-block-heading\" id=\"h-what-raw-materials-can-be-packaged-into-brick-shape-by-this-machine\">Quelles mati\u00e8res premi\u00e8res peuvent \u00eatre conditionn\u00e9es sous forme de briques par cette machine\u00a0?<\/h2>    <p>La machine commerciale d'emballage sous vide de riz en forme de brique s'applique \u00e0 divers articles, tels que\u00a0: <\/p>    <ul class=\"wp-block-list\"> <li><strong>Grains<\/strong> <ul class=\"wp-block-list\"> <li>Riz, millet, haricots verts, haricots rouges, avoine, grains de bl\u00e9, c\u00e9r\u00e9ales secondaires m\u00e9lang\u00e9es, etc.<\/li> <\/ul> <\/li>    <li><strong>Des noisettes<\/strong> <ul class=\"wp-block-list\"> <li>Cacahu\u00e8tes, noix de cajou, pistaches, <a href=\"https:\/\/en.wikipedia.org\/wiki\/Macadamia_nuts\" target=\"_blank\" rel=\"noopener\">noix de macadamia<\/a>, amandes, dattes rouges, etc.<\/li> <\/ul> <\/li>    <li><strong>Poudre<\/strong> <ul class=\"wp-block-list\"> <li>Poudre de levure s\u00e8che cuite au four, farine et autres.<\/li> <\/ul> <\/li>    <li><strong>Autres<\/strong> <ul class=\"wp-block-list\"> <li>Th\u00e9, lentilles, fruits de mer, etc.<\/li> <\/ul> <\/li> <\/ul>    <p>De plus, notre machine d'emballage sous vide de riz propose une vari\u00e9t\u00e9 de sacs et de moules en briques de riz, comme 250 g, 500 g, 1 000 g, 1 500 g, 2 500 g, etc. Vous pouvez le choisir en fonction de vos besoins r\u00e9els.<\/p>    <figure class=\"wp-block-gallery has-nested-images columns-default is-cropped wp-block-gallery-2 is-layout-flex wp-block-gallery-is-layout-flex\"> <figure class=\"wp-block-image size-large\"><img loading=\"lazy\" decoding=\"async\" width=\"750\" height=\"500\" data-id=\"4623\" src=\"https:\/\/tianhuipackingmachine.com\/wp-content\/uploads\/2021\/12\/rice-brick-mold-and-packing-effect-750x500.jpg\" alt=\"moule en brique de riz et effet d&#039;emballage\" class=\"wp-image-4623\" srcset=\"https:\/\/tianhuipackingmachine.com\/wp-content\/uploads\/2021\/12\/rice-brick-mold-and-packing-effect.jpg 750w, https:\/\/tianhuipackingmachine.com\/wp-content\/uploads\/2021\/12\/rice-brick-mold-and-packing-effect-480x320.jpg 480w\" sizes=\"auto, (max-width: 750px) 100vw, 750px\" \/><figcaption class=\"wp-element-caption\">Moule \u00e0 briques de riz et effet d'emballage<\/figcaption><\/figure>    <figure class=\"wp-block-image size-large\"><img loading=\"lazy\" decoding=\"async\" width=\"750\" height=\"500\" data-id=\"4626\" src=\"https:\/\/tianhuipackingmachine.com\/wp-content\/uploads\/2021\/12\/rice-brick-molds-sealing-effect-750x500.jpg\" alt=\"moules \u00e0 briques de riz et effet d&#039;\u00e9tanch\u00e9it\u00e9\" class=\"wp-image-4626\" srcset=\"https:\/\/tianhuipackingmachine.com\/wp-content\/uploads\/2021\/12\/rice-brick-molds-sealing-effect.jpg 750w, https:\/\/tianhuipackingmachine.com\/wp-content\/uploads\/2021\/12\/rice-brick-molds-sealing-effect-480x320.jpg 480w\" sizes=\"auto, (max-width: 750px) 100vw, 750px\" \/><figcaption class=\"wp-element-caption\">Moules \u00e0 briques de riz et effet d'\u00e9tanch\u00e9it\u00e9<\/figcaption><\/figure> <\/figure>    <h2 class=\"wp-block-heading\" id=\"h-characteristics-advantages-of-rice-vacuum-packing-machine\">Caract\u00e9ristiques de la machine d'emballage sous vide de riz Shuliy<\/h2>    <ol style=\"list-style-type:1\" class=\"wp-block-list\"> <li>Il peut traiter <strong>1 \u00e0 20 sacs de briques de riz sous vide par minute<\/strong>, ce qui est efficace.<\/li>    <li>La machine a un <strong>plaque acrylique<\/strong>, qui est du plexiglas transparent incolore. Il a une excellente transparence et son <strong>la transmission de la lumi\u00e8re peut atteindre plus de 92%<\/strong>. <\/li>    <li>Les bords avant et arri\u00e8re sont \u00e9quip\u00e9s du <strong>bande d'\u00e9tanch\u00e9it\u00e9<\/strong>.<\/li>    <li>Notre machine d'emballage sous vide de briques de riz est \u00e9quip\u00e9e de <strong>quatre roues<\/strong>, se d\u00e9pla\u00e7ant facilement et\u00a0avec\u00a0flexibilit\u00e9.<\/li>    <li>Op\u00e9ration simple, structure compacte, petit espace occup\u00e9, faible co\u00fbt.<\/li>    <li>Conservation durable, \u00e9tanch\u00e9it\u00e9 \u00e9tanche, prolongeant efficacement la dur\u00e9e de conservation.<\/li> <\/ol>    <figure class=\"wp-block-image size-large\"><img loading=\"lazy\" decoding=\"async\" width=\"750\" height=\"500\" src=\"https:\/\/tianhuipackingmachine.com\/wp-content\/uploads\/2021\/12\/rice-brick-packing-machine-750x500.jpg\" alt=\"machine d&#039;emballage de briques de riz\" class=\"wp-image-4624\" srcset=\"https:\/\/tianhuipackingmachine.com\/wp-content\/uploads\/2021\/12\/rice-brick-packing-machine.jpg 750w, https:\/\/tianhuipackingmachine.com\/wp-content\/uploads\/2021\/12\/rice-brick-packing-machine-480x320.jpg 480w\" sizes=\"auto, (max-width: 750px) 100vw, 750px\" \/><figcaption class=\"wp-element-caption\">Machine d'emballage de briques de riz<\/figcaption><\/figure>    <h2 class=\"wp-block-heading has-black-color has-text-color\" id=\"h-technical-data-of-vacuum-packing-machine-for-rice-brick\">Donn\u00e9es techniques de la machine d'emballage sous vide pour brique de riz<\/h2>    <p>Nous avons deux types de scelleuses sous vide pour briques de riz \u00e0 vendre, SL-660 et SL-850. Le nombre indique la longueur des bandes d'\u00e9tanch\u00e9it\u00e9. Vous pouvez \u00e9galement conna\u00eetre sa puissance, son poids, sa taille, etc. Le tableau suivant contient des informations d\u00e9taill\u00e9es sur les param\u00e8tres pour votre r\u00e9f\u00e9rence.<\/p>    <figure class=\"wp-block-table is-style-stripes\"><table><tbody><tr><td>Mod\u00e8le<\/td><td>SL-660<\/td><td>SL-850<\/td><\/tr><tr><td>Tension<\/td><td>AC220V\/50Hz<\/td><td>AC220V\/50Hz<\/td><\/tr><tr><td>Puissance du moteur<\/td><td>1000W<\/td><td>1000W<\/td><\/tr><tr><td>Pouvoir d'\u00e9tanch\u00e9it\u00e9<\/td><td>1200W<\/td><td>1600W<\/td><\/tr><tr><td>Nombre de barres de soudure pour chaque chambre<\/td><td>2 pi\u00e8ces<\/td><td>2 pi\u00e8ces<\/td><\/tr><tr><td>Vide limite Pression<\/td><td>1Kpa<\/td><td>1Kpa<\/td><\/tr><tr><td>La dimension de la Chambre<\/td><td>680 (L)*210(L)*350(H)mm <\/td><td>900(L)*210(L)*350(H)mm<\/td><\/tr><tr><td>Taille du certificat de scellement<\/td><td>660(L)*10(L)mm<\/td><td>850(L)*10(L)mm<\/td><\/tr><tr><td>Taux de pompe \u00e0 vide<\/td><td>20*1m<sup>3<\/sup>\/h<\/td><td>20*1m<sup>3<\/sup>\/h<\/td><\/tr><tr><td>Mat\u00e9riel pour chambre \u00e0 vide<\/td><td>Acier inoxydable 201<\/td><td>Acier inoxydable 201<\/td><\/tr><tr><td>Dimension<\/td><td>740*480*800mm<\/td><td>930*450*800mm<\/td><\/tr><tr><td>Poids net<\/td><td>88 kg<\/td><td>100 kg<\/td><\/tr><tr><td>L'entraxe entre deux barres de soudure<\/td><td>280 mm<\/td><td>280 mm<\/td><\/tr><\/tbody><\/table><figcaption class=\"wp-element-caption\">donn\u00e9es de la machine d'emballage sous vide de riz<\/figcaption><\/figure>    <h2 class=\"wp-block-heading\" id=\"h-main-parts-of-rice-vacuum-packing-machine\">Pi\u00e8ces principales de la machine d'emballage sous vide de riz enti\u00e8rement automatique<\/h2>    <p>La machine est principalement compos\u00e9e d'un panneau de commande, d'un moteur, d'une chambre \u00e0 vide, de doubles bandes d'\u00e9tanch\u00e9it\u00e9, d'un couvercle transparent en acrylique, d'une pompe \u00e0 vide, de quatre roues, etc.<\/p>    <ul class=\"wp-block-list\"> <li>Tout d'abord, vous pouvez d\u00e9finir et v\u00e9rifier les param\u00e8tres sur le panneau de commande. <ul class=\"wp-block-list\"> <li>R\u00e9glez le temps de mise sous vide et de scellage, ainsi que la temp\u00e9rature de scellage.<\/li>    <li>Il y a une jauge \u00e0 vide et un affichage de l'heure pour aspirer, sceller, temp\u00e9rature constante et refroidissement.<\/li> <\/ul> <\/li> <\/ul>    <figure class=\"wp-block-image size-large\"><img loading=\"lazy\" decoding=\"async\" width=\"750\" height=\"500\" src=\"https:\/\/tianhuipackingmachine.com\/wp-content\/uploads\/2021\/12\/the-control-panel-of-rice-brick-vacuum-sealer-750x500.jpg\" alt=\"le panneau de commande de la scelleuse sous vide en brique de riz\" class=\"wp-image-3859\" srcset=\"https:\/\/tianhuipackingmachine.com\/wp-content\/uploads\/2021\/12\/the-control-panel-of-rice-brick-vacuum-sealer.jpg 750w, https:\/\/tianhuipackingmachine.com\/wp-content\/uploads\/2021\/12\/the-control-panel-of-rice-brick-vacuum-sealer-480x320.jpg 480w\" sizes=\"auto, (max-width: 750px) 100vw, 750px\" \/><figcaption class=\"wp-element-caption\">Le panneau de commande de la scelleuse sous vide en brique de riz<\/figcaption><\/figure>    <ul class=\"wp-block-list\"> <li>Deuxi\u00e8mement, sa chambre \u00e0 vide est sp\u00e9cialement con\u00e7ue pour le conditionnement sous vide des briques de riz.  <ul class=\"wp-block-list\"> <li>La capacit\u00e9 est plus longue et plus profonde qu'un ordinaire <a href=\"https:\/\/tianhuipackingmachine.com\/fr\/single-chamber-vacuum-packaging-machine\/\">scelleuse sous vide \u00e0 chambre unique<\/a>. <\/li>    <li>Sa taille peut \u00eatre personnalis\u00e9e en fonction de la taille du sac sous vide. <\/li> <\/ul> <\/li>    <li>Troisi\u00e8mement, la machine \u00e0 sceller le riz sous vide est \u00e9quip\u00e9e de bandes d'\u00e9tanch\u00e9it\u00e9 \u00e0 l'avant et \u00e0 l'arri\u00e8re.  <ul class=\"wp-block-list\"> <li>Deux bandes d'\u00e9tanch\u00e9it\u00e9 ont une grande capacit\u00e9 de traitement et une efficacit\u00e9 \u00e9lev\u00e9e. <\/li> <\/ul> <\/li> <\/ul>    <figure class=\"wp-block-image size-large\"><img loading=\"lazy\" decoding=\"async\" width=\"750\" height=\"500\" src=\"https:\/\/tianhuipackingmachine.com\/wp-content\/uploads\/2021\/12\/two-sealing-strips-in-the-vacuum-chamber-1-750x500.jpg\" alt=\"deux bandes d&#039;\u00e9tanch\u00e9it\u00e9 dans la chambre \u00e0 vide\" class=\"wp-image-3860\" srcset=\"https:\/\/tianhuipackingmachine.com\/wp-content\/uploads\/2021\/12\/two-sealing-strips-in-the-vacuum-chamber-1.jpg 750w, https:\/\/tianhuipackingmachine.com\/wp-content\/uploads\/2021\/12\/two-sealing-strips-in-the-vacuum-chamber-1-480x320.jpg 480w\" sizes=\"auto, (max-width: 750px) 100vw, 750px\" \/><figcaption class=\"wp-element-caption\">Deux bandes d'\u00e9tanch\u00e9it\u00e9 dans la chambre \u00e0 vide<\/figcaption><\/figure>    <ul class=\"wp-block-list\"> <li>Le couvercle transparent en acrylique est populaire pour sa forte r\u00e9sistance aux chocs, sa bonne t\u00e9nacit\u00e9, ses excellentes performances d'isolation et son poids l\u00e9ger. <\/li> <\/ul>    <figure class=\"wp-block-gallery has-nested-images columns-default is-cropped wp-block-gallery-3 is-layout-flex wp-block-gallery-is-layout-flex\"> <figure class=\"wp-block-image size-large\"><img loading=\"lazy\" decoding=\"async\" width=\"750\" height=\"500\" data-id=\"3861\" src=\"https:\/\/tianhuipackingmachine.com\/wp-content\/uploads\/2021\/12\/acrylic-transparent-cover-1-750x500.jpg\" alt=\"couverture transparente en acrylique\" class=\"wp-image-3861\" srcset=\"https:\/\/tianhuipackingmachine.com\/wp-content\/uploads\/2021\/12\/acrylic-transparent-cover-1.jpg 750w, https:\/\/tianhuipackingmachine.com\/wp-content\/uploads\/2021\/12\/acrylic-transparent-cover-1-480x320.jpg 480w\" sizes=\"auto, (max-width: 750px) 100vw, 750px\" \/><figcaption class=\"wp-element-caption\">Couverture transparente en acrylique<\/figcaption><\/figure>    <figure class=\"wp-block-image size-large\"><img loading=\"lazy\" decoding=\"async\" width=\"750\" height=\"500\" data-id=\"3862\" src=\"https:\/\/tianhuipackingmachine.com\/wp-content\/uploads\/2021\/12\/suitable-for-various-sizes-of-rice-bricks-1-750x500.jpg\" alt=\"adapt\u00e9 \u00e0 diff\u00e9rentes tailles de briques de riz\" class=\"wp-image-3862\" srcset=\"https:\/\/tianhuipackingmachine.com\/wp-content\/uploads\/2021\/12\/suitable-for-various-sizes-of-rice-bricks-1.jpg 750w, https:\/\/tianhuipackingmachine.com\/wp-content\/uploads\/2021\/12\/suitable-for-various-sizes-of-rice-bricks-1-480x320.jpg 480w\" sizes=\"auto, (max-width: 750px) 100vw, 750px\" \/><figcaption class=\"wp-element-caption\">Convient \u00e0 diff\u00e9rentes tailles de briques de riz<\/figcaption><\/figure> <\/figure>    <h2 class=\"wp-block-heading\"><strong>Comment fonctionne la machine d'emballage sous vide de riz ?<\/strong><\/h2>    <p>La machine d'emballage sous vide de riz fonctionne en extrayant l'air du sac pour former un vide, puis en le scellant rapidement.<\/p>    <ul class=\"wp-block-list\"> <li>Tout d\u2019abord, le riz est automatiquement charg\u00e9 dans le sac.<\/li>    <li>Ensuite, la machine commence \u00e0 extraire de l'air pour former une pression n\u00e9gative \u00e0 l'int\u00e9rieur du sac, r\u00e9duisant ainsi la teneur en oxyg\u00e8ne.<\/li>    <li>Enfin, la machine thermoscellera l\u2019ouverture du sac pour assurer l\u2019\u00e9tanch\u00e9it\u00e9 et prolonger la dur\u00e9e de conservation du riz.<\/li> <\/ul>    <p>L'ensemble du processus est hautement automatis\u00e9, simple \u00e0 utiliser et tr\u00e8s efficace. La machine convient aux petites et moyennes entreprises de transformation du riz.<\/p>   <figure class=\"wp-block-embed-youtube wp-block-embed is-type-video is-provider-youtube wp-embed-aspect-16-9 wp-has-aspect-ratio\"><div class=\"lyte-wrapper\" title=\"Machine sous vide pour emballage de fruits de mer au Maroc | Test de la machine d&#039;emballage sous vide en usine\" style=\"width:853px;max-width:100%;margin:5px auto;\"><div class=\"lyMe\" id=\"WYL_2r2CLlFwGMk\" itemprop=\"video\" itemscope itemtype=\"https:\/\/schema.org\/VideoObject\"><div><meta itemprop=\"thumbnailUrl\" content=\"https:\/\/i.ytimg.com\/vi\/2r2CLlFwGMk\/hqdefault.jpg\" \/><meta itemprop=\"embedURL\" content=\"https:\/\/www.youtube.com\/embed\/2r2CLlFwGMk\" \/><meta itemprop=\"duration\" content=\"PT1M30S\" \/><meta itemprop=\"uploadDate\" content=\"2024-07-31T03:18:23Z\" \/><\/div><div id=\"lyte_2r2CLlFwGMk\" data-src=\"https:\/\/i.ytimg.com\/vi\/2r2CLlFwGMk\/hqdefault.jpg\" class=\"pL\"><div class=\"tC\"><div class=\"tT\" itemprop=\"name\">Machine sous vide pour emballage de fruits de mer au Maroc | Test de la machine d'emballage sous vide en usine<\/div><\/div><div class=\"play\"><\/div><div class=\"ctrl\"><div class=\"Lctrl\"><\/div><div class=\"Rctrl\"><\/div><\/div><\/div><noscript><a href=\"https:\/\/youtu.be\/2r2CLlFwGMk\" rel=\"nofollow noopener\" target=\"_blank\"><img loading=\"lazy\" decoding=\"async\" src=\"https:\/\/i.ytimg.com\/vi\/2r2CLlFwGMk\/0.jpg\" alt=\"Machine sous vide pour emballage de fruits de mer au Maroc | Test de la machine d&#039;emballage sous vide en usine\" width=\"853\" height=\"460\" \/><\/a><\/noscript><meta itemprop=\"description\" content=\"WhatsApp No.: https:\/\/wa.me\/+8613673689272 WeChat\/Tel No.:+8613673689272 Email: sales@tianhuipackingmachine.com Website: https:\/\/tianhuipackingmachine.com\/double-chamber-vacuum-packaging-machine\/ In this video, we show the trial process of the vacuum packaging machine customized for Moroccan customers. This vacuum sealer will be used for seafood packaging to ensure that seafood remains fresh and high quality during transportation and storage. Through the trial machine, we verified the performance and effect of the machine to ensure that it can meet the needs of customers. Thank you for your trust and support, and hope that this vacuum packing machine can help their seafood business flourish. WhatsApp No.: https:\/\/wa.me\/+8613673689272 WeChat\/Tel No.:+8613673689272 Email: sales@tianhuipackingmachine.com Website: https:\/\/tianhuipackingmachine.com\/double-chamber-vacuum-packaging-machine\/\"><\/div><\/div><div class=\"lL\" style=\"max-width:100%;width:853px;margin:5px auto;\"> <a href=\"https:\/\/youtu.be\/2r2CLlFwGMk\" target=\"_blank\" rel=\"noopener\">Regarder cette vid\u00e9o sur YouTube<\/a>.<\/div><figcaption>vid\u00e9o de la machine \u00e0 sceller sous vide<\/figcaption><\/figure>   <h2 class=\"wp-block-heading\"><strong>Quel est le prix de la machine \u00e0 emballer sous vide le riz ?<\/strong><\/h2>    <p>Le prix de la machine d'emballage sous vide en briques de riz Shuliy varie en fonction de sa capacit\u00e9, de sa marque, de sa configuration, de son service apr\u00e8s-vente, etc.<\/p>    <p>Le prix d\u2019une grande machine de production est plus \u00e9lev\u00e9 que celui d\u2019une petite. Les prix peuvent \u00e9galement augmenter encore s\u2019il existe des besoins d\u2019emballage particuliers ou de personnalisation.<\/p>    <p>Vous souhaitez un prix d\u00e9taill\u00e9 des machines\u00a0? Contactez-nous rapidement et nous vous ferons un devis d\u00e9taill\u00e9.<\/p>    <figure class=\"wp-block-image size-large\"><img loading=\"lazy\" decoding=\"async\" width=\"750\" height=\"500\" src=\"https:\/\/tianhuipackingmachine.com\/wp-content\/uploads\/2021\/12\/the-rice-vacuum-sealer-display-750x500.jpg\" alt=\"l&#039;affichage de la machine \u00e0 sceller sous vide le riz\" class=\"wp-image-4625\" srcset=\"https:\/\/tianhuipackingmachine.com\/wp-content\/uploads\/2021\/12\/the-rice-vacuum-sealer-display.jpg 750w, https:\/\/tianhuipackingmachine.com\/wp-content\/uploads\/2021\/12\/the-rice-vacuum-sealer-display-480x320.jpg 480w\" sizes=\"auto, (max-width: 750px) 100vw, 750px\" \/><figcaption class=\"wp-element-caption\">L'affichage de la machine \u00e0 sceller sous vide le riz<\/figcaption><\/figure>    <h2 class=\"wp-block-heading\"><strong>Renseignez-vous d\u00e8s maintenant sur les machines d\u2019emballage sous vide\u00a0!<\/strong><\/h2>    <p>Vous souhaitez conserver vos aliments plus longtemps ? Si oui, contactez-nous d\u00e8s maintenant ! Nous vous fournirons le devis le plus adapt\u00e9 \u00e0 vos besoins !<\/p>","protected":false},"excerpt":{"rendered":"<p>La machine d'emballage sous vide de riz Shuliy est une emballeuse sous vide sp\u00e9cifique pour la mise sous vide du riz avec des formes de briques et un poids de 0,5 \u00e0 20 kg par brique. <\/p>","protected":false},"author":1,"featured_media":3870,"parent":0,"template":"","tags":[218,194],"product-type":[140],"class_list":["post-5685","product","type-product","status-publish","has-post-thumbnail","hentry","tag-rice-vacuum-packing","tag-vacuum-packing-machine","product-type-vacuum-packaging-machines"],"_links":{"self":[{"href":"https:\/\/tianhuipackingmachine.com\/fr\/wp-json\/wp\/v2\/product\/5685","targetHints":{"allow":["GET"]}}],"collection":[{"href":"https:\/\/tianhuipackingmachine.com\/fr\/wp-json\/wp\/v2\/product"}],"about":[{"href":"https:\/\/tianhuipackingmachine.com\/fr\/wp-json\/wp\/v2\/types\/product"}],"author":[{"embeddable":true,"href":"https:\/\/tianhuipackingmachine.com\/fr\/wp-json\/wp\/v2\/users\/1"}],"wp:featuredmedia":[{"embeddable":true,"href":"https:\/\/tianhuipackingmachine.com\/fr\/wp-json\/wp\/v2\/media\/3870"}],"wp:attachment":[{"href":"https:\/\/tianhuipackingmachine.com\/fr\/wp-json\/wp\/v2\/media?parent=5685"}],"wp:term":[{"taxonomy":"post_tag","embeddable":true,"href":"https:\/\/tianhuipackingmachine.com\/fr\/wp-json\/wp\/v2\/tags?post=5685"},{"taxonomy":"product-type","embeddable":true,"href":"https:\/\/tianhuipackingmachine.com\/fr\/wp-json\/wp\/v2\/product-type?post=5685"}],"curies":[{"name":"wp","href":"https:\/\/api.w.org\/{rel}","templated":true}]}}