{"id":5538,"date":"2022-04-15T09:55:05","date_gmt":"2022-04-15T01:55:05","guid":{"rendered":"http:\/\/tianhuipackingmachine.local\/?post_type=product&#038;p=5538"},"modified":"2022-06-21T11:32:08","modified_gmt":"2022-06-21T03:32:08","slug":"non-food-packaging-solution-2","status":"publish","type":"product","link":"https:\/\/tianhuipackingmachine.com\/fr\/non-food-packaging-solution\/","title":{"rendered":"Solution d'emballage non alimentaire"},"content":{"rendered":"<p>HENAN TOP PACKING MACHINERY CO., LTD fournit diverses solutions d'emballage non alimentaires pour diff\u00e9rents produits (mat\u00e9riel, produits jetables, articles m\u00e9dicaux, etc. Les types de sacs d'emballage comprennent le sac b\u00e2ton, la pochette scell\u00e9e au centre arri\u00e8re, le sachet scell\u00e9 sur 3 c\u00f4t\u00e9s, 4- sac \u00e0 fermeture lat\u00e9rale, sacs continus, pochette \u00e0 soufflet, sac debout, pochette avec un trou, pochette facile \u00e0 d\u00e9chirer, sac de d\u00e9coupe plat, sac de d\u00e9coupe en dents de scie, pochette \u00e0 coin rond, sac plat, emballage thermor\u00e9tractable, etc.<\/p>","protected":false},"excerpt":{"rendered":"<p>HENAN TOP PACKING MACHINERY CO., LTD supplies various non-food packaging solutions for different products ( hardware, disposable products, medical articles, etc. Packaging bag types include the stick bag, back center seal pouch, 3-side seal sachet, 4-side seal bag, continuous bags, gusset pouch, stand up bag, pouch with a hole, pouch easy to tear, flat cutting [&hellip;]<\/p>\n","protected":false},"author":1,"featured_media":0,"parent":0,"template":"","tags":[],"product-type":[135],"class_list":["post-5538","product","type-product","status-publish","hentry","product-type-solutions"],"_links":{"self":[{"href":"https:\/\/tianhuipackingmachine.com\/fr\/wp-json\/wp\/v2\/product\/5538","targetHints":{"allow":["GET"]}}],"collection":[{"href":"https:\/\/tianhuipackingmachine.com\/fr\/wp-json\/wp\/v2\/product"}],"about":[{"href":"https:\/\/tianhuipackingmachine.com\/fr\/wp-json\/wp\/v2\/types\/product"}],"author":[{"embeddable":true,"href":"https:\/\/tianhuipackingmachine.com\/fr\/wp-json\/wp\/v2\/users\/1"}],"wp:attachment":[{"href":"https:\/\/tianhuipackingmachine.com\/fr\/wp-json\/wp\/v2\/media?parent=5538"}],"wp:term":[{"taxonomy":"post_tag","embeddable":true,"href":"https:\/\/tianhuipackingmachine.com\/fr\/wp-json\/wp\/v2\/tags?post=5538"},{"taxonomy":"product-type","embeddable":true,"href":"https:\/\/tianhuipackingmachine.com\/fr\/wp-json\/wp\/v2\/product-type?post=5538"}],"curies":[{"name":"wp","href":"https:\/\/api.w.org\/{rel}","templated":true}]}}