{"id":5537,"date":"2022-04-15T09:52:16","date_gmt":"2022-04-15T01:52:16","guid":{"rendered":"http:\/\/tianhuipackingmachine.local\/?post_type=product&#038;p=5537"},"modified":"2022-12-01T15:33:48","modified_gmt":"2022-12-01T07:33:48","slug":"fresh-food-packaging-solution-2","status":"publish","type":"product","link":"https:\/\/tianhuipackingmachine.com\/fr\/fresh-food-packaging-solution\/","title":{"rendered":"Solution d'emballage de produits frais"},"content":{"rendered":"<p>HENAN TOP PACKING MACHINERY CO., LTD propose diverses solutions d'emballage d'aliments frais pour diff\u00e9rents produits, tels que les l\u00e9gumes, les fruits, la viande, la volaille, les fruits de mer, etc. Notre \u00e9quipe de professionnels concevra et fabriquera l'\u00e9quipement d'emballage d'aliments frais en fonction des propri\u00e9t\u00e9s du aliments frais sp\u00e9cifiques et autres demandes. Il s\u2019agit par exemple de la taille des aliments, de l\u2019emballage directement ou avec une bo\u00eete, de l\u2019emballage sous vide ou non, etc. Les types d'emballage finaux comprennent le sac scell\u00e9 au centre arri\u00e8re, le sac \u00e0 soufflet, le sac debout, l'emballage sous vide, etc.<\/p>","protected":false},"excerpt":{"rendered":"<p>HENAN TOP PACKING MACHINERY CO., LTD provides various fresh food packaging solutions for different products, such as vegetables, fruits, meat, poultry, seafood, etc. Our professional team will design and manufacture the fresh food packing equipment according to the properties of the specific fresh food and other demands. For instance, it refers to the size of [&hellip;]<\/p>\n","protected":false},"author":1,"featured_media":0,"parent":0,"template":"","tags":[],"product-type":[135],"class_list":["post-5537","product","type-product","status-publish","hentry","product-type-solutions"],"_links":{"self":[{"href":"https:\/\/tianhuipackingmachine.com\/fr\/wp-json\/wp\/v2\/product\/5537","targetHints":{"allow":["GET"]}}],"collection":[{"href":"https:\/\/tianhuipackingmachine.com\/fr\/wp-json\/wp\/v2\/product"}],"about":[{"href":"https:\/\/tianhuipackingmachine.com\/fr\/wp-json\/wp\/v2\/types\/product"}],"author":[{"embeddable":true,"href":"https:\/\/tianhuipackingmachine.com\/fr\/wp-json\/wp\/v2\/users\/1"}],"wp:attachment":[{"href":"https:\/\/tianhuipackingmachine.com\/fr\/wp-json\/wp\/v2\/media?parent=5537"}],"wp:term":[{"taxonomy":"post_tag","embeddable":true,"href":"https:\/\/tianhuipackingmachine.com\/fr\/wp-json\/wp\/v2\/tags?post=5537"},{"taxonomy":"product-type","embeddable":true,"href":"https:\/\/tianhuipackingmachine.com\/fr\/wp-json\/wp\/v2\/product-type?post=5537"}],"curies":[{"name":"wp","href":"https:\/\/api.w.org\/{rel}","templated":true}]}}