{"id":5536,"date":"2022-04-15T09:51:58","date_gmt":"2022-04-15T01:51:58","guid":{"rendered":"http:\/\/tianhuipackingmachine.local\/?post_type=product&#038;p=5536"},"modified":"2023-01-12T14:23:28","modified_gmt":"2023-01-12T06:23:28","slug":"food-packaging-solution-2","status":"publish","type":"product","link":"https:\/\/tianhuipackingmachine.com\/fr\/food-packaging-solution-2\/","title":{"rendered":"Solution d'emballage alimentaire"},"content":{"rendered":"<p>HENAN TOP PACKING MACHINERY CO., LTD propose une large gamme de solutions d'emballage alimentaire, telles que le pain, la boulangerie, les biscuits, le chocolat, etc. La m\u00e9thode de pond\u00e9ration adopte une tasse \u00e0 mesurer, une peseuse \u00e0 2 t\u00eates, une peseuse \u00e0 4 t\u00eates, une combinaison multi-t\u00eates. balance ou pes\u00e9e quantitative \u00e9lectrique. Les types de sacs d'emballage comprennent le sac scell\u00e9 au centre arri\u00e8re, la pochette scell\u00e9e sur 3 c\u00f4t\u00e9s, le sachet sur 4 c\u00f4t\u00e9s, les sacs continus, le sac \u00e0 soufflet, le sac debout, la pochette avec un trou, le sac de d\u00e9coupe plat, le sac de d\u00e9coupe en dents de scie, le sac plat, le coin rond. pochette, sac de remplissage d'azote, etc.<\/p>","protected":false},"excerpt":{"rendered":"<p>HENAN TOP PACKING MACHINERY CO., LTD provides a wide range of food packaging solutions, such as for bread, bakery, biscuit, chocolate, etc. The weighting method adopts measuring cup, 2 head weigher, 4-head weigher, multi-head combination scale, or electric quantitative weighing. The packaging bag types include the back center seal bag, 3-side seal pouch, 4-side sachet, [&hellip;]<\/p>\n","protected":false},"author":1,"featured_media":0,"parent":0,"template":"","tags":[],"product-type":[135],"class_list":["post-5536","product","type-product","status-publish","hentry","product-type-solutions"],"_links":{"self":[{"href":"https:\/\/tianhuipackingmachine.com\/fr\/wp-json\/wp\/v2\/product\/5536","targetHints":{"allow":["GET"]}}],"collection":[{"href":"https:\/\/tianhuipackingmachine.com\/fr\/wp-json\/wp\/v2\/product"}],"about":[{"href":"https:\/\/tianhuipackingmachine.com\/fr\/wp-json\/wp\/v2\/types\/product"}],"author":[{"embeddable":true,"href":"https:\/\/tianhuipackingmachine.com\/fr\/wp-json\/wp\/v2\/users\/1"}],"wp:attachment":[{"href":"https:\/\/tianhuipackingmachine.com\/fr\/wp-json\/wp\/v2\/media?parent=5536"}],"wp:term":[{"taxonomy":"post_tag","embeddable":true,"href":"https:\/\/tianhuipackingmachine.com\/fr\/wp-json\/wp\/v2\/tags?post=5536"},{"taxonomy":"product-type","embeddable":true,"href":"https:\/\/tianhuipackingmachine.com\/fr\/wp-json\/wp\/v2\/product-type?post=5536"}],"curies":[{"name":"wp","href":"https:\/\/api.w.org\/{rel}","templated":true}]}}