{"id":5535,"date":"2022-04-15T09:51:38","date_gmt":"2022-04-15T01:51:38","guid":{"rendered":"http:\/\/tianhuipackingmachine.local\/?post_type=product&#038;p=5535"},"modified":"2022-09-28T18:40:31","modified_gmt":"2022-09-28T10:40:31","slug":"liquid-paste-packaging-solution-2","status":"publish","type":"product","link":"https:\/\/tianhuipackingmachine.com\/fr\/liquid-paste-packaging-solution\/","title":{"rendered":"Solution d'emballage liquide\/p\u00e2teux"},"content":{"rendered":"<p>HENAN TOP PACKING MACHINERY CO., LTD fournit de nombreuses solutions d'emballage de liquides et de p\u00e2tes pour diff\u00e9rents produits liquides et p\u00e2teux. Notre \u00e9quipe de professionnels concevra et fabriquera l\u2019\u00e9quipement d\u2019emballage de liquides et de p\u00e2tes en fonction des propri\u00e9t\u00e9s sp\u00e9cifiques du liquide, de la p\u00e2te et d\u2019autres demandes. Par exemple, il fait r\u00e9f\u00e9rence \u00e0 la liquidit\u00e9, \u00e0 la viscosit\u00e9, au poids de l'emballage, en sac ou en bouteille, etc. Les types d'emballage finaux comprennent un sac scell\u00e9 au centre arri\u00e8re, un sac scell\u00e9 sur 3 c\u00f4t\u00e9s, un sachet scell\u00e9 sur 4 c\u00f4t\u00e9s, un sac d\u00e9coup\u00e9 \u00e0 plat, un sac debout, une pochette avec un bec verseur, un sac irr\u00e9gulier, des bouteilles, des canettes, des tasses, etc.<\/p>","protected":false},"excerpt":{"rendered":"<p>HENAN TOP PACKING MACHINERY CO., LTD provides a lot of liquid and paste packing solutions for different liquids and paste products. Our professional team will design and manufacture the liquid and paste packing equipment according to the properties of the specific liquid, paste, and other demands. For instance, it refers to liquidity, viscosity, packaging weight, [&hellip;]<\/p>\n","protected":false},"author":1,"featured_media":0,"parent":0,"template":"","tags":[],"product-type":[135],"class_list":["post-5535","product","type-product","status-publish","hentry","product-type-solutions"],"_links":{"self":[{"href":"https:\/\/tianhuipackingmachine.com\/fr\/wp-json\/wp\/v2\/product\/5535","targetHints":{"allow":["GET"]}}],"collection":[{"href":"https:\/\/tianhuipackingmachine.com\/fr\/wp-json\/wp\/v2\/product"}],"about":[{"href":"https:\/\/tianhuipackingmachine.com\/fr\/wp-json\/wp\/v2\/types\/product"}],"author":[{"embeddable":true,"href":"https:\/\/tianhuipackingmachine.com\/fr\/wp-json\/wp\/v2\/users\/1"}],"wp:attachment":[{"href":"https:\/\/tianhuipackingmachine.com\/fr\/wp-json\/wp\/v2\/media?parent=5535"}],"wp:term":[{"taxonomy":"post_tag","embeddable":true,"href":"https:\/\/tianhuipackingmachine.com\/fr\/wp-json\/wp\/v2\/tags?post=5535"},{"taxonomy":"product-type","embeddable":true,"href":"https:\/\/tianhuipackingmachine.com\/fr\/wp-json\/wp\/v2\/product-type?post=5535"}],"curies":[{"name":"wp","href":"https:\/\/api.w.org\/{rel}","templated":true}]}}