{"id":5534,"date":"2022-04-15T09:51:10","date_gmt":"2022-04-15T01:51:10","guid":{"rendered":"http:\/\/tianhuipackingmachine.local\/?post_type=product&#038;p=5534"},"modified":"2022-06-21T10:51:05","modified_gmt":"2022-06-21T02:51:05","slug":"powder-packaging-solution-2","status":"publish","type":"product","link":"https:\/\/tianhuipackingmachine.com\/fr\/powder-packaging-solution\/","title":{"rendered":"Solution d'emballage en poudre"},"content":{"rendered":"<p>HENAN TOP PACKING MACHINERY CO., LTD propose diverses solutions d'emballage en poudre pour diff\u00e9rents produits en poudre. Notre \u00e9quipe de professionnels concevra et fabriquera l'\u00e9quipement d'emballage de poudre en fonction des propri\u00e9t\u00e9s de la poudre sp\u00e9cifique et d'autres exigences. Par exemple, il s'agit de la finesse, de la viscosit\u00e9, du poids de l'emballage, des types de sacs d'emballage, etc. Les sacs d'emballage finaux sont beaucoup facultatifs, y compris le sac b\u00e2ton, le sac scell\u00e9 au centre arri\u00e8re, la pochette scell\u00e9e sur 3 c\u00f4t\u00e9s, le sachet sur 4 c\u00f4t\u00e9s, les sacs continus, le sac \u00e0 soufflet, le sac debout, la pochette avec un trou, la pochette facile \u00e0 d\u00e9chirer, sac de coupe plat, sac de coupe en dents de scie, sac plat, pochette \u00e0 coins ronds, sac tiss\u00e9, etc.<\/p>","protected":false},"excerpt":{"rendered":"<p>HENAN TOP PACKING MACHINERY CO., LTD provides various powder packing solutions for different powder products. Our professional team will design and manufacture the powder packing equipment according to the properties of the specific powder and other demands. For instance, it refers to the fineness, viscosity, packaging weight, the types of the packaging bag, and so [&hellip;]<\/p>\n","protected":false},"author":1,"featured_media":0,"parent":0,"template":"","tags":[],"product-type":[135],"class_list":["post-5534","product","type-product","status-publish","hentry","product-type-solutions"],"_links":{"self":[{"href":"https:\/\/tianhuipackingmachine.com\/fr\/wp-json\/wp\/v2\/product\/5534","targetHints":{"allow":["GET"]}}],"collection":[{"href":"https:\/\/tianhuipackingmachine.com\/fr\/wp-json\/wp\/v2\/product"}],"about":[{"href":"https:\/\/tianhuipackingmachine.com\/fr\/wp-json\/wp\/v2\/types\/product"}],"author":[{"embeddable":true,"href":"https:\/\/tianhuipackingmachine.com\/fr\/wp-json\/wp\/v2\/users\/1"}],"wp:attachment":[{"href":"https:\/\/tianhuipackingmachine.com\/fr\/wp-json\/wp\/v2\/media?parent=5534"}],"wp:term":[{"taxonomy":"post_tag","embeddable":true,"href":"https:\/\/tianhuipackingmachine.com\/fr\/wp-json\/wp\/v2\/tags?post=5534"},{"taxonomy":"product-type","embeddable":true,"href":"https:\/\/tianhuipackingmachine.com\/fr\/wp-json\/wp\/v2\/product-type?post=5534"}],"curies":[{"name":"wp","href":"https:\/\/api.w.org\/{rel}","templated":true}]}}