{"id":5526,"date":"2022-04-14T10:52:52","date_gmt":"2022-04-14T02:52:52","guid":{"rendered":"http:\/\/tianhuipackingmachine.local\/?post_type=product&#038;p=5526"},"modified":"2022-06-21T11:26:49","modified_gmt":"2022-06-21T03:26:49","slug":"granule-food-packaging-solution-3","status":"publish","type":"product","link":"https:\/\/tianhuipackingmachine.com\/fr\/granule-food-packaging-solution\/","title":{"rendered":"Solution d'emballage alimentaire en granul\u00e9s"},"content":{"rendered":"<p>HENAN TOP PACKING MACHINERY CO., LTD fournit diverses solutions d'emballage de granul\u00e9s pour diff\u00e9rents produits en granul\u00e9s. Le syst\u00e8me de pes\u00e9e comprend une tasse \u00e0 mesurer, une peseuse \u00e0 2 t\u00eates, une peseuse \u00e0 4 t\u00eates, une balance combin\u00e9e multi-t\u00eates, une pes\u00e9e quantitative \u00e9lectrique en option. Les types de sacs d'emballage comprennent le sac b\u00e2ton, la pochette scell\u00e9e au centre arri\u00e8re, le sachet scell\u00e9 sur 3 c\u00f4t\u00e9s, le sac scell\u00e9 sur 4 c\u00f4t\u00e9s, les sacs continus, la pochette \u00e0 soufflet, le sac debout, la pochette avec un trou, la pochette facile \u00e0 d\u00e9chirer, le sac de d\u00e9coupe plat, le sac en dents de scie. sac de d\u00e9coupe, pochette \u00e0 coins ronds, sac plat, sac de remplissage d'azote, etc.<\/p>","protected":false},"excerpt":{"rendered":"<p>HENAN TOP PACKING MACHINERY CO., LTD supplies various granule packaging solutions for different granule products. The weighing system has the measuring cup, 2 head weigher, 4-head weigher, multi-head combination scale, electric quantitative weighing optional. Packaging bag types include the stick bag, back center seal pouch, 3-side seal sachet, 4-side seal bag, continuous bags, gusset pouch, [&hellip;]<\/p>\n","protected":false},"author":1,"featured_media":0,"parent":0,"template":"","tags":[],"product-type":[135],"class_list":["post-5526","product","type-product","status-publish","hentry","product-type-solutions"],"_links":{"self":[{"href":"https:\/\/tianhuipackingmachine.com\/fr\/wp-json\/wp\/v2\/product\/5526","targetHints":{"allow":["GET"]}}],"collection":[{"href":"https:\/\/tianhuipackingmachine.com\/fr\/wp-json\/wp\/v2\/product"}],"about":[{"href":"https:\/\/tianhuipackingmachine.com\/fr\/wp-json\/wp\/v2\/types\/product"}],"author":[{"embeddable":true,"href":"https:\/\/tianhuipackingmachine.com\/fr\/wp-json\/wp\/v2\/users\/1"}],"wp:attachment":[{"href":"https:\/\/tianhuipackingmachine.com\/fr\/wp-json\/wp\/v2\/media?parent=5526"}],"wp:term":[{"taxonomy":"post_tag","embeddable":true,"href":"https:\/\/tianhuipackingmachine.com\/fr\/wp-json\/wp\/v2\/tags?post=5526"},{"taxonomy":"product-type","embeddable":true,"href":"https:\/\/tianhuipackingmachine.com\/fr\/wp-json\/wp\/v2\/product-type?post=5526"}],"curies":[{"name":"wp","href":"https:\/\/api.w.org\/{rel}","templated":true}]}}