{"id":485,"date":"2021-05-13T11:03:45","date_gmt":"2021-05-13T03:03:45","guid":{"rendered":"https:\/\/tianhuipackingmachine.com\/?page_id=485"},"modified":"2022-12-08T10:01:58","modified_gmt":"2022-12-08T02:01:58","slug":"vertical-packaging-machine","status":"publish","type":"product","link":"https:\/\/tianhuipackingmachine.com\/fr\/vertical-packaging-machine\/","title":{"rendered":"Machine d'emballage verticale"},"content":{"rendered":"<p class=\"translation-block\"><strong>Machine d'emballage verticale<\/strong> ou machine verticale de formage, remplissage et scellage est un nouveau type de machine d'emballage qui peut \u00eatre utilis\u00e9 dans l'alimentation, les boissons, la m\u00e9decine, la chimie et de nombreuses autres industries. Elle comprend principalement des machines d'emballage verticales pour liquides, des machines d'emballage verticales pour granul\u00e9s et des machines d'emballage verticales pour poudres. Elles sont toutes fondamentalement identiques dans leur structure principale. \u00c0 l'exception de la tr\u00e9mie, la premi\u00e8re est adapt\u00e9e \u00e0 des mat\u00e9riaux d'emballage de diff\u00e9rentes tailles. Notre machine d'emballage adopte une technologie de contr\u00f4le avanc\u00e9e par syst\u00e8me micro-informatique, et elle pr\u00e9sente les caract\u00e9ristiques d'une belle apparence, d'une haute pr\u00e9cision et d'une grande vitesse. Nous pouvons la personnaliser en fonction des diff\u00e9rents besoins et vous recommander la machine d'emballage la plus adapt\u00e9e. De plus, la qualit\u00e9 est garantie, et nous pensons que vous ne regretterez jamais d'avoir investi dans notre machine d'emballage verticale.<\/p>    <h2 class=\"has-contrast-color has-text-color wp-block-heading\" id=\"h-different-types-of-vertical-packaging-machine-for-sale\">Diff\u00e9rents types de machines d'emballage verticales \u00e0 vendre <\/h2>    <p class=\"translation-block\">Nous avons quatre types diff\u00e9rents de machines d'emballage verticales parmi lesquels vous pouvez choisir, <a href=\"https:\/\/tianhuipackingmachine.com\/fr\/powder-packing-machine\/\"><strong>machine d'emballage de poudre<\/strong><\/a>, <a href=\"https:\/\/tianhuipackingmachine.com\/fr\/machine-demballage-de-granules\/\"><strong>machine d'emballage de granul\u00e9s<\/strong><\/a>, <a href=\"https:\/\/tianhuipackingmachine.com\/fr\/liquid-packing-machine\/\"><strong>machine d'emballage de liquide<\/strong><\/a>, et machine d'emballage de p\u00e2te. La plupart de leurs pi\u00e8ces sont identiques, seuls les syst\u00e8mes d'alimentation diff\u00e8rent. Par cons\u00e9quent, si vous souhaitez acheter une machine d'emballage verticale, nous vous proposons diff\u00e9rents types de machines. Mais les diff\u00e9rentes machines d'emballage ont des applications diff\u00e9rentes. Avant d'acheter un \u00e9quipement d'emballage vertical, vous devez nous indiquer le mat\u00e9riau que vous emballez, la vitesse d'emballage, le budget, etc. Afin que nous puissions vous sugg\u00e9rer la machine la plus adapt\u00e9e \u00e0 votre situation r\u00e9elle. Et nous prenons en charge les services de personnalisation. Contactez-nous d\u00e8s aujourd'hui pour lancer votre entreprise prosp\u00e8re. <\/p>    <div class=\"wp-block-columns is-layout-flex wp-container-core-columns-is-layout-28f84493 wp-block-columns-is-layout-flex\"> <div class=\"wp-block-column is-layout-flow wp-block-column-is-layout-flow\"> <figure class=\"wp-block-image size-large\"><img loading=\"lazy\" decoding=\"async\" width=\"600\" height=\"450\" src=\"https:\/\/tianhuipackingmachine.com\/wp-content\/uploads\/2021\/07\/coffee-granule-packing-machine.jpg\" alt=\"machine d&#039;emballage de granules de caf\u00e9\" class=\"wp-image-1819\" srcset=\"https:\/\/tianhuipackingmachine.com\/wp-content\/uploads\/2021\/07\/coffee-granule-packing-machine.jpg 600w, https:\/\/tianhuipackingmachine.com\/wp-content\/uploads\/2021\/07\/coffee-granule-packing-machine-300x225.jpg 300w\" sizes=\"auto, (max-width: 600px) 100vw, 600px\" \/><figcaption class=\"wp-element-caption\">Machine d'emballage de granul\u00e9s de caf\u00e9<\/figcaption><\/figure> <\/div>    <div class=\"wp-block-column is-layout-flow wp-block-column-is-layout-flow\"> <p><\/p>    <h3 class=\"has-text-color wp-block-heading\" id=\"h-th-320-granule-packing-machine-parameters\" style=\"color:#ff5200\">Param\u00e8tres de la machine d'emballage de granul\u00e9s TH-320<\/h3>    <ul class=\"wp-block-list\"> <li>Style de sac\u00a0:\u00a0joint arri\u00e8re\/joint \u00e0 trois c\u00f4t\u00e9s\/joint \u00e0 quatre c\u00f4t\u00e9s<\/li>    <li>Vitesse d'emballage\u00a0: 32 \u00e0 72\u00a0sacs\/min ou\u00a050 \u00e0 100\u00a0sacs\/min<\/li>    <li>Longueur du sac\u00a0: 30-180\u00a0mm<\/li>    <li>Largeur du sac\u00a0:\u00a025-145\u00a0mm (besoin de remplacer l'ancien)<\/li>    <li>Plage de remplissage\u00a0:\u00a022-220\u00a0ml<\/li>    <li>Consommation \u00e9lectrique\u00a0: 1,8\u00a0KW<\/li>    <li>Poids : 250 kg<\/li>    <li>Dimensions\u00a0: 650*1050*1950mm<\/li>    <li>Taille du carton\u00a0: 1100*750*1820mm<\/li>    <li>Remarque : service personnalis\u00e9 disponible<\/li> <\/ul> <\/div> <\/div>    <div class=\"wp-block-columns is-layout-flex wp-container-core-columns-is-layout-28f84493 wp-block-columns-is-layout-flex\"> <div class=\"wp-block-column is-layout-flow wp-block-column-is-layout-flow\"> <figure class=\"wp-block-image size-large\"><img loading=\"lazy\" decoding=\"async\" width=\"600\" height=\"450\" src=\"https:\/\/tianhuipackingmachine.com\/wp-content\/uploads\/2021\/06\/powder-pouch-packing-machine-2.jpg\" alt=\"fournisseur de machine d&#039;emballage de sachets de poudre\" class=\"wp-image-1351\" srcset=\"https:\/\/tianhuipackingmachine.com\/wp-content\/uploads\/2021\/06\/powder-pouch-packing-machine-2.jpg 600w, https:\/\/tianhuipackingmachine.com\/wp-content\/uploads\/2021\/06\/powder-pouch-packing-machine-2-300x225.jpg 300w\" sizes=\"auto, (max-width: 600px) 100vw, 600px\" \/><figcaption class=\"wp-element-caption\">Machine d'emballage de sachets de poudre<\/figcaption><\/figure> <\/div>    <div class=\"wp-block-column is-layout-flow wp-block-column-is-layout-flow\"> <p><\/p>    <h3 class=\"has-text-color wp-block-heading\" id=\"h-vertical-powder-packing-machine-parameters\" style=\"color:#ff5200\">Param\u00e8tres de la machine d'emballage de poudre verticale <\/h3>    <ul class=\"wp-block-list\"> <li>Style d'emballage (style sac): joint \u00e0 3 c\u00f4t\u00e9s\/joint arri\u00e8re\/joint \u00e0 4 c\u00f4t\u00e9s<\/li>    <li>Vitesse d'emballage : 20-80 sacs\/min<\/li>    <li>Consommation d'\u00e9nergie\u00a0: 1,8\u00a0kw<\/li>    <li>Consommation d'\u00e9nergie\u00a0: 1,8\u00a0kw<\/li>    <li>Poids\u00a0:\u00a0250\u00a0kg<\/li>    <li>Dimensions\u00a0: 650*1050*1950mm<\/li>    <li>Poids de l'emballage : 0-100g<\/li>    <li>Largeur du sac\u00a0:\u00a020-150 mm (remplacer l'ancien sac)<\/li>    <li>Longueur du sac : 30-180 mm r\u00e9glable.<\/li>    <li>Remarque\u00a0: service personnalis\u00e9 disponible<\/li> <\/ul> <\/div> <\/div>    <div class=\"wp-block-columns is-layout-flex wp-container-core-columns-is-layout-28f84493 wp-block-columns-is-layout-flex\"> <div class=\"wp-block-column is-layout-flow wp-block-column-is-layout-flow\"> <figure class=\"wp-block-image size-large\"><img loading=\"lazy\" decoding=\"async\" width=\"600\" height=\"450\" src=\"https:\/\/tianhuipackingmachine.com\/wp-content\/uploads\/2021\/05\/TH-liquid-packaging-machine.jpg\" alt=\"machine de conditionnement de liquides\" class=\"wp-image-721\" srcset=\"https:\/\/tianhuipackingmachine.com\/wp-content\/uploads\/2021\/05\/TH-liquid-packaging-machine.jpg 600w, https:\/\/tianhuipackingmachine.com\/wp-content\/uploads\/2021\/05\/TH-liquid-packaging-machine-300x225.jpg 300w\" sizes=\"auto, (max-width: 600px) 100vw, 600px\" \/><figcaption class=\"wp-element-caption\">Machine de conditionnement liquide verticale<\/figcaption><\/figure> <\/div>    <div class=\"wp-block-column is-layout-flow wp-block-column-is-layout-flow\"> <p><\/p>    <h3 class=\"has-text-color wp-block-heading\" id=\"h-vertical-liquid-packing-machine-parameters\" style=\"color:#ff5200\">Param\u00e8tres de la machine d'emballage liquide verticale <\/h3>    <ul class=\"wp-block-list\"> <li>Longueur du sac\u00a0: 80-300 mm (L)<\/li>    <li>Largeur du sac\u00a0: 50-200 mm (L)<\/li>    <li>Vitesse d'emballage: 5-30 sacs\/min<\/li>    <li>Plage de mesure : 5-1000 ml<\/li>    <li>Consommation d'air\u00a0: 0,65\u00a0mpa<\/li>    <li>Consommation de gaz\u00a0: 0,3 m\u00b3\/min<\/li>    <li>Tension: 220 V<\/li>    <li>Puissance :2,2KW<\/li>    <li>Dimension\u00a0:(L)1320 mm\u00d7(L)950 mm\u00d7(H)1360 mm<\/li>    <li>Poids :540Kg<\/li>    <li>Remarque\u00a0:\u00a0personnalis\u00e9 disponible<\/li> <\/ul> <\/div> <\/div>    <div class=\"wp-block-columns is-layout-flex wp-container-core-columns-is-layout-28f84493 wp-block-columns-is-layout-flex\"> <div class=\"wp-block-column is-layout-flow wp-block-column-is-layout-flow\"> <figure class=\"wp-block-image size-large\"><a href=\"https:\/\/tianhuipackingmachine.com\/fr\/candy-packaging-machine\/\"><img loading=\"lazy\" decoding=\"async\" width=\"600\" height=\"450\" src=\"https:\/\/tianhuipackingmachine.com\/wp-content\/uploads\/2021\/06\/multi-head-weigher-candy-packaging-machine.jpg\" alt=\"machine d&#039;emballage de bonbons \u00e0 peseuse multi-t\u00eates\" class=\"wp-image-1338\" srcset=\"https:\/\/tianhuipackingmachine.com\/wp-content\/uploads\/2021\/06\/multi-head-weigher-candy-packaging-machine.jpg 600w, https:\/\/tianhuipackingmachine.com\/wp-content\/uploads\/2021\/06\/multi-head-weigher-candy-packaging-machine-300x225.jpg 300w\" sizes=\"auto, (max-width: 600px) 100vw, 600px\" \/><\/a><figcaption class=\"wp-element-caption\">Machine de conditionnement de bonbons \u00e0 peseuse multi-t\u00eates<\/figcaption><\/figure> <\/div>    <div class=\"wp-block-column is-layout-flow wp-block-column-is-layout-flow\"> <h3 class=\"has-text-color wp-block-heading\" id=\"h-tz-520-multi-head-weigher-packaging-machine-parameters\" style=\"color:#ff5200\">Param\u00e8tres de la machine d'emballage avec peseuse multi-t\u00eates TZ-520<\/h3>    <ul class=\"wp-block-list\"> <li>Largeur du film\u00a0:\u00a0Max.520<\/li>    <li>Longueur du sac\u00a0(mm)\u00a0:\u00a080-350<\/li>    <li>Largeur du sac\u00a0(mm)\u00a0:\u00a0100-250<\/li>    <li>Diam\u00e8tre du film\u00a0(mm)\u00a0:\u00a0Max.320<\/li>    <li>Vitesse d'emballage\u00a0(P\/min)\u00a0:\u00a05-60<\/li>    <li>Plage de mesure : 2000<\/li>    <li>Puissance (220 V 50\/60 Hz) : 3 kW.<\/li>    <li>Dimension (mm)\uff1a1488*1080*1490<\/li>    <li>Remarque\u00a0: service OEM disponible<\/li> <\/ul> <\/div> <\/div>    <h2 class=\"has-contrast-color has-text-color wp-block-heading\" id=\"h-features-of-henan-top-vertical-form-filling-sealing-machine\">Caract\u00e9ristiques de la machine de remplissage et de scellage de formulaires verticaux Henan Top <\/h2>    <ul class=\"wp-block-list\"> <li>Structure de haute pr\u00e9cision, op\u00e9ration et maintenance faciles\u00a0;<\/li>    <li>L'ensemble de la machine est en acier inoxydable 304, \u00e0 l'exception des ressorts et des couteaux, qui ne conviennent pas \u00e0 la fabrication de l'acier inoxydable 304\u00a0;<\/li>    <li>Il peut automatiquement effectuer la fabrication de sacs, le dosage, le d\u00e9coupage, le scellage, le refendage, le comptage et d'autres fonctions, et peut imprimer des num\u00e9ros de lot selon les exigences du client\u00a0;<\/li>    <li>Forte applicabilit\u00e9 et applications larges\u00a0;<\/li>    <li>En adoptant un contr\u00f4leur de micro-ordinateur avanc\u00e9 et un moteur pas \u00e0 pas pour contr\u00f4ler la longueur du sac, les performances sont stables, le r\u00e9glage est pratique et la d\u00e9tection est pr\u00e9cise.<\/li> <\/ul>    <h2 class=\"has-contrast-color has-text-color wp-block-heading\" id=\"h-wide-applications-of-vertical-packaging-machine\">Applications larges de la machine d'emballage verticale <\/h2>    <p class=\"translation-block\"><strong>La machine d'emballage verticale<\/strong> convient \u00e0 l'emballage de divers mat\u00e9riaux, tels que le <a href=\"https:\/\/tianhuipackingmachine.com\/fr\/popcorn-packaging-machine\/\"><strong>popcorn<\/strong><\/a>, les graines, les noix et autres particules, ou les liquides et p\u00e2tes tels que l'eau, les boissons, l'huile piment\u00e9e, et peut \u00e9galement convenir \u00e0 divers mat\u00e9riaux d'emballage en poudre. Elle peut satisfaire les besoins divers des utilisateurs et a un large \u00e9ventail d'applications.<\/p>    <div class=\"wp-block-columns is-layout-flex wp-container-core-columns-is-layout-28f84493 wp-block-columns-is-layout-flex\"> <div class=\"wp-block-column is-layout-flow wp-block-column-is-layout-flow\"> <figure class=\"wp-block-image size-large\"><img loading=\"lazy\" decoding=\"async\" width=\"600\" height=\"450\" src=\"https:\/\/tianhuipackingmachine.com\/wp-content\/uploads\/2021\/07\/applications-of-powder-packaging-machine.jpg\" alt=\"applications de la machine de conditionnement de poudre\" class=\"wp-image-1742\" srcset=\"https:\/\/tianhuipackingmachine.com\/wp-content\/uploads\/2021\/07\/applications-of-powder-packaging-machine.jpg 600w, https:\/\/tianhuipackingmachine.com\/wp-content\/uploads\/2021\/07\/applications-of-powder-packaging-machine-300x225.jpg 300w\" sizes=\"auto, (max-width: 600px) 100vw, 600px\" \/><figcaption class=\"wp-element-caption\">Applications de la machine de conditionnement de poudre<\/figcaption><\/figure> <\/div>    <div class=\"wp-block-column is-layout-flow wp-block-column-is-layout-flow\"> <figure class=\"wp-block-image size-large\"><img loading=\"lazy\" decoding=\"async\" width=\"600\" height=\"450\" src=\"https:\/\/tianhuipackingmachine.com\/wp-content\/uploads\/2021\/07\/snacks-packing-equipment-applications.jpg\" alt=\"applications d&#039;\u00e9quipement d&#039;emballage de granul\u00e9s\" class=\"wp-image-1712\" srcset=\"https:\/\/tianhuipackingmachine.com\/wp-content\/uploads\/2021\/07\/snacks-packing-equipment-applications.jpg 600w, https:\/\/tianhuipackingmachine.com\/wp-content\/uploads\/2021\/07\/snacks-packing-equipment-applications-300x225.jpg 300w\" sizes=\"auto, (max-width: 600px) 100vw, 600px\" \/><figcaption class=\"wp-element-caption\">Applications d'\u00e9quipement d'emballage de granul\u00e9s<\/figcaption><\/figure> <\/div>    <div class=\"wp-block-column is-layout-flow wp-block-column-is-layout-flow\"> <figure class=\"wp-block-image size-large\"><img loading=\"lazy\" decoding=\"async\" width=\"720\" height=\"484\" src=\"https:\/\/tianhuipackingmachine.com\/wp-content\/uploads\/2021\/05\/liquid-packing-products-display.jpg\" alt=\"affichage des produits d&#039;emballage liquide\" class=\"wp-image-720\" srcset=\"https:\/\/tianhuipackingmachine.com\/wp-content\/uploads\/2021\/05\/liquid-packing-products-display.jpg 720w, https:\/\/tianhuipackingmachine.com\/wp-content\/uploads\/2021\/05\/liquid-packing-products-display-300x202.jpg 300w, https:\/\/tianhuipackingmachine.com\/wp-content\/uploads\/2021\/05\/liquid-packing-products-display-272x182.jpg 272w\" sizes=\"auto, (max-width: 720px) 100vw, 720px\" \/><figcaption class=\"wp-element-caption\">Affichage des produits d'emballage liquide<\/figcaption><\/figure> <\/div> <\/div>    <h2 class=\"has-contrast-color has-text-color wp-block-heading\" id=\"h-what-is-the-cost-of-vertical-form-packing-equipment\">Quel est le co\u00fbt de l\u2019\u00e9quipement d\u2019emballage vertical\u00a0? <\/h2>    <p>Selon la compr\u00e9hension des conditions du march\u00e9, la machine d'emballage verticale\u00a0a une vari\u00e9t\u00e9 de styles et le prix est tr\u00e8s diff\u00e9rent. Parmi eux, les facteurs affectant le prix de la machine d'emballage verticale sont principalement deux aspects : le mod\u00e8le et les param\u00e8tres. Le co\u00fbt de la machine d'emballage verticale est principalement li\u00e9 \u00e0 sa structure interne, y compris la structure mat\u00e9rielle du baril, du formeur, du couteau et de l'acier inoxydable 304, et la taille du premier et du couteau est diff\u00e9rente, et le co\u00fbt de fabrication est diff\u00e9rent.<\/p>    <p class=\"translation-block\"><a href=\"https:\/\/tianhuipackingmachine.com\/fr\/about-us\/\"><strong>Henan TOP Machinery<\/strong><\/a> est un fabricant professionnel de machines d'emballage. Lorsque vous achetez notre machine d'emballage, non seulement la qualit\u00e9 de l'\u00e9quipement est garantie, mais le service apr\u00e8s-vente est \u00e9galement garanti. Bien s\u00fbr, nous vous recommanderons \u00e9galement la machine d'emballage qui r\u00e9pond le mieux \u00e0 vos exigences en fonction de vos besoins r\u00e9els. Pour que vous n'ayez aucun souci, ne vous inqui\u00e9tez d'aucun probl\u00e8me de qualit\u00e9.<\/p>    <h2 class=\"has-contrast-color has-text-color wp-block-heading\" id=\"h-vertical-packing-machine-vs-pillow-packing-machine\">Machine d'emballage verticale vs machine d'emballage d'oreillers <\/h2>    <p class=\"translation-block\"><strong>La machine d'emballage verticale<\/strong> fait r\u00e9f\u00e9rence \u00e0 une machine verticale de formage, remplissage et scellage (machine VFFS), la bobine est g\u00e9n\u00e9ralement \u00e0 l'extr\u00e9mit\u00e9 sup\u00e9rieure de la machine. La bobine est transform\u00e9e en un sac d'emballage form\u00e9 par le formeur de sacs, puis le processus de remplissage, d'emballage et de scellage est effectu\u00e9. Elle peut \u00eatre utilis\u00e9e pour les granul\u00e9s, les poudres, les liquides et les p\u00e2tes. Elle a une large gamme et peut \u00e9conomiser beaucoup d'espace d'usine.<\/p>    <p class=\"translation-block\"><strong>La machine d'emballage coussin<\/strong> fait r\u00e9f\u00e9rence \u00e0 une machine horizontale de formage, remplissage et scellage (machine HFFS), les articles emball\u00e9s sont transport\u00e9s horizontalement par le convoyeur vers l'entr\u00e9e du film (\u00e0 ce moment, le film est d\u00e9j\u00e0 cylindrique gr\u00e2ce au formeur de sacs, et les articles emball\u00e9s entreront dans le mat\u00e9riau d'emballage cylindrique), puis subissent le scellage \u00e0 chaud, le processus de pompage ou d'aspiration, de coupe, etc. compl\u00e8te l'emballage. Les aliments tels que les pains, les chocolats, les biscuits, les nouilles instantan\u00e9es, etc. sont tous emball\u00e9s par des machines d'emballage coussin. Compar\u00e9 \u00e0 l'emballage vertical, <a href=\"https:\/\/tianhuipackingmachine.com\/fr\/pillow-packing-machine\/\"><strong>l'\u00e9quipement d'emballage coussin<\/strong><\/a> est principalement utilis\u00e9 pour emballer des articles individuels relativement styl\u00e9s ou des articles int\u00e9gr\u00e9s tels que des blocs, des bandes et des boules.&nbsp;<\/p>    <div class=\"wp-block-columns is-layout-flex wp-container-core-columns-is-layout-28f84493 wp-block-columns-is-layout-flex\"> <div class=\"wp-block-column is-layout-flow wp-block-column-is-layout-flow\"> <figure class=\"wp-block-image size-large\"><img loading=\"lazy\" decoding=\"async\" width=\"600\" height=\"450\" src=\"https:\/\/tianhuipackingmachine.com\/wp-content\/uploads\/2021\/07\/vertical-packing-machines-in-stock.jpg\" alt=\"machines d&#039;emballage verticales en stock\" class=\"wp-image-1825\" srcset=\"https:\/\/tianhuipackingmachine.com\/wp-content\/uploads\/2021\/07\/vertical-packing-machines-in-stock.jpg 600w, https:\/\/tianhuipackingmachine.com\/wp-content\/uploads\/2021\/07\/vertical-packing-machines-in-stock-300x225.jpg 300w\" sizes=\"auto, (max-width: 600px) 100vw, 600px\" \/><figcaption class=\"wp-element-caption\">Machines d'emballage verticales en stock<\/figcaption><\/figure> <\/div>    <div class=\"wp-block-column is-layout-flow wp-block-column-is-layout-flow\"> <figure class=\"wp-block-image size-large\"><img loading=\"lazy\" decoding=\"async\" width=\"600\" height=\"450\" src=\"https:\/\/tianhuipackingmachine.com\/wp-content\/uploads\/2021\/07\/pillow-packaging-machine-in-stock.jpg\" alt=\"machine d&#039;emballage d&#039;oreillers en stock\" class=\"wp-image-1770\" srcset=\"https:\/\/tianhuipackingmachine.com\/wp-content\/uploads\/2021\/07\/pillow-packaging-machine-in-stock.jpg 600w, https:\/\/tianhuipackingmachine.com\/wp-content\/uploads\/2021\/07\/pillow-packaging-machine-in-stock-300x225.jpg 300w\" sizes=\"auto, (max-width: 600px) 100vw, 600px\" \/><figcaption class=\"wp-element-caption\">Machine de conditionnement d'oreillers en stock<\/figcaption><\/figure> <\/div> <\/div>    <h2 class=\"has-contrast-color has-text-color wp-block-heading\" id=\"h-how-to-choose-a-reliable-vertical-packing-machine-manufacturer\">Comment choisir un fabricant de machines d'emballage verticales fiable ? <\/h2>    <p>Vraisemblablement, vous \u00eates \u00e9galement tr\u00e8s pr\u00e9occup\u00e9 par divers probl\u00e8mes lors de l'achat de produits, donc choisir un fabricant de machines d'emballage fiable peut vous apporter une grande commodit\u00e9. Vous pouvez prendre en compte les points suivants lors du choix d\u2019un fabricant fiable\u00a0:<\/p>    <p>1. Tout d\u2019abord, la performance \u00e0 co\u00fbt \u00e9lev\u00e9 est le premier principe. Lors du choix d'un fabricant de machines d'emballage, nous devons veiller \u00e0 choisir un fabricant dot\u00e9 d'une technologie de production mature et d'une qualit\u00e9 stable, afin que l'emballage puisse \u00eatre plus rapide et plus stable, afin d'obtenir une faible consommation d'\u00e9nergie, un faible travail manuel et un faible taux de d\u00e9chets. ;<\/p>    <p>2. En mati\u00e8re de service apr\u00e8s-vente, il faut choisir \u00ab dans le cercle \u00bb pour avoir une bonne r\u00e9putation. Service apr\u00e8s-vente rapide, disponible sur appel pour garantir que le service apr\u00e8s-vente est garanti\u00a0;<\/p>    <p>3. La machine d'emballage approuv\u00e9e par l'industrie peut \u00eatre prioritaire et il faut distinguer s'il s'agit d'un fabricant ou d'une soci\u00e9t\u00e9 commerciale ;<\/p>    <p>4. Recherche de fabricants professionnels de conception personnalis\u00e9e. Il peut personnaliser la conception de la cha\u00eene de montage en fonction des caract\u00e9ristiques du produit, des mat\u00e9riaux du film d'emballage et des conditions du site, et la cha\u00eene de production est mature et compl\u00e8te.<\/p>    <p class=\"translation-block\">Henan TOP Machinery Company est une <a href=\"https:\/\/tianhuipackingmachine.com\/fr\/\"><strong>usine professionnelle de machines d'emballage<\/strong><\/a>. Nous sommes engag\u00e9s dans l'industrie de la fabrication de machines d'emballage depuis de nombreuses ann\u00e9es. Nos produits sont appr\u00e9ci\u00e9s par les clients du monde entier. Et nous sommes dignes de votre confiance !<\/p>    <h2 class=\"has-contrast-color has-text-color wp-block-heading\" id=\"h-tips-to-choose-a-correct-vertical-form-filling-sealing-machine\">Conseils pour choisir une bonne machine de remplissage et de scellage de formulaires verticaux<\/h2>    <p>De nombreux acheteurs sont des acheteurs novices et ne savent pas comment acheter une machine d'emballage verticale. Veuillez donc nous indiquer les informations importantes suivantes lorsque vous vous renseignez sur le plan de la machine d'emballage, afin que nous puissions fournir des solutions d'emballage adapt\u00e9es \u00e0 votre entreprise. Le sch\u00e9ma est pour votre r\u00e9f\u00e9rence et votre choix\u00a0:<\/p>    <p>1. Quels sont les mat\u00e9riaux que vous devez emballer\u00a0?<\/p>    <p>2. Quel type de sac est n\u00e9cessaire\u00a0? (Sac \u00e0 fermeture arri\u00e8re, sceau sur trois c\u00f4t\u00e9s, sceau sur quatre c\u00f4t\u00e9s ou autre chose)<\/p>    <p>3. Besoin d\u2019emballer plus d\u2019un paquet ? Ou combien\/paquet ?<\/p>    <p>4. Dois-je imprimer la date de production ?<\/p>    <p>5. Y a-t-il des exigences concernant le fuselage ? Tous les corps en acier inoxydable sont-ils obligatoires\u00a0? Ou la partie en contact avec le mat\u00e9riau doit-elle \u00eatre constitu\u00e9e d'un corps en acier inoxydable\u00a0?<\/p>    <p>6. La pr\u00e9cision des mesures est-elle \u00e9lev\u00e9e\u00a0? (Pour machine d'emballage automatique)<\/p>    <h2 class=\"has-contrast-color has-text-color wp-block-heading\" id=\"h-contact-us-today-for-the-best-price\">Contactez-nous aujourd'hui pour le meilleur prix <\/h2>    <p class=\"translation-block\"><strong>La machine d'emballage verticale<\/strong> \u00e0 vendre par notre usine a de bonnes performances et un service apr\u00e8s-vente absolument excellent. De plus, elle a des co\u00fbts d'exploitation et des prix d'usine plus bas, et peut \u00e9galement vous faire \u00e9conomiser de l'espace en usine, ainsi qu'une op\u00e9ration simple et efficace, donc choisir une machine d'emballage verticale de qualit\u00e9 peut grandement b\u00e9n\u00e9ficier \u00e0 votre entreprise. De plus, nous proposons \u00e9galement d'autres types de machines d'emballage, telles que des machines d'emballage coussin, des <a href=\"https:\/\/tianhuipackingmachine.com\/fr\/vacuum-packaging-machine\/\"><strong>machines d'emballage sous vide<\/strong><\/a>, etc. Bienvenue \u00e0 nous contacter d\u00e8s aujourd'hui et nous avons h\u00e2te d'avoir de vos nouvelles.<\/p>","protected":false},"excerpt":{"rendered":"<p>Vertical packaging machine&nbsp;or vertical form fill seal machine is a new type of packaging machine that can be used in food, beverage, medicine, chemical, and many other industries.&nbsp;It&nbsp;mainly includes liquid vertical packaging machines, granule&nbsp;vertical packaging machines, and powder vertical packaging machines. They are all basically the same in the main structure. Except for the hopper, [&hellip;]<\/p>\n","protected":false},"author":1,"featured_media":1819,"parent":0,"template":"","tags":[199],"product-type":[145],"class_list":["post-485","product","type-product","status-publish","has-post-thumbnail","hentry","tag-vertical-packing-machine","product-type-other-products"],"_links":{"self":[{"href":"https:\/\/tianhuipackingmachine.com\/fr\/wp-json\/wp\/v2\/product\/485","targetHints":{"allow":["GET"]}}],"collection":[{"href":"https:\/\/tianhuipackingmachine.com\/fr\/wp-json\/wp\/v2\/product"}],"about":[{"href":"https:\/\/tianhuipackingmachine.com\/fr\/wp-json\/wp\/v2\/types\/product"}],"author":[{"embeddable":true,"href":"https:\/\/tianhuipackingmachine.com\/fr\/wp-json\/wp\/v2\/users\/1"}],"wp:featuredmedia":[{"embeddable":true,"href":"https:\/\/tianhuipackingmachine.com\/fr\/wp-json\/wp\/v2\/media\/1819"}],"wp:attachment":[{"href":"https:\/\/tianhuipackingmachine.com\/fr\/wp-json\/wp\/v2\/media?parent=485"}],"wp:term":[{"taxonomy":"post_tag","embeddable":true,"href":"https:\/\/tianhuipackingmachine.com\/fr\/wp-json\/wp\/v2\/tags?post=485"},{"taxonomy":"product-type","embeddable":true,"href":"https:\/\/tianhuipackingmachine.com\/fr\/wp-json\/wp\/v2\/product-type?post=485"}],"curies":[{"name":"wp","href":"https:\/\/api.w.org\/{rel}","templated":true}]}}