{"id":4793,"date":"2022-01-12T09:55:21","date_gmt":"2022-01-12T01:55:21","guid":{"rendered":"https:\/\/tianhuipackingmachine.com\/?page_id=4793"},"modified":"2023-12-22T15:04:45","modified_gmt":"2023-12-22T07:04:45","slug":"counting-packing-machine","status":"publish","type":"product","link":"https:\/\/tianhuipackingmachine.com\/fr\/counting-packing-machine\/","title":{"rendered":"Compteuse \u00e0 emballer"},"content":{"rendered":"<p class=\"translation-block\"><strong>Machine d\u2019emballage compteur<\/strong> est adapt\u00e9e pour l\u2019emballage d\u2019un seul type ou de plusieurs types de petites pi\u00e8ces en assortissant diff\u00e9rents nombres de nourrisseurs \u00e0 bols. Elle se compose principalement d\u2019un syst\u00e8me de comptage et d\u2019un syst\u00e8me d\u2019emballage. Le syst\u00e8me de comptage se pr\u00e9sente sous deux types. L\u2019un est un capteur \u00e0 induction par rayon infrarouge, et l\u2019autre est un dispositif personnalis\u00e9 pour un certain nombre par sac. Le syst\u00e8me d\u2019emballage peut automatiser le processus de fabrication des sacs, de remplissage, de scellage et de coupe. Il pr\u00e9sente les avantages d\u2019un haut degr\u00e9 d\u2019automatisation, d\u2019intelligence, d\u2019efficacit\u00e9, de pr\u00e9cision, etc. Le nourrisseur de comptage est personnalis\u00e9 en fonction de la taille et du nombre d\u2019objets. Si vous souhaitez augmenter la vitesse d\u2019emballage ou emballer diff\u00e9rentes sortes de mat\u00e9riaux dans une m\u00eame pochette, ajouter des alimentateurs vibrants est une bonne id\u00e9e.<\/p>    <figure class=\"wp-block-image aligncenter size-large\"><img loading=\"lazy\" decoding=\"async\" width=\"667\" height=\"500\" src=\"https:\/\/tianhuipackingmachine.com\/wp-content\/uploads\/2022\/01\/counting-packaging-machine-667x500.webp\" alt=\"compteuse de machine d&#039;emballage\" class=\"wp-image-6525\" srcset=\"https:\/\/tianhuipackingmachine.com\/wp-content\/uploads\/2022\/01\/counting-packaging-machine-667x500.webp 667w, https:\/\/tianhuipackingmachine.com\/wp-content\/uploads\/2022\/01\/counting-packaging-machine-480x360.webp 480w, https:\/\/tianhuipackingmachine.com\/wp-content\/uploads\/2022\/01\/counting-packaging-machine.webp 720w\" sizes=\"auto, (max-width: 667px) 100vw, 667px\" \/><figcaption class=\"wp-element-caption\">Machine d'emballage de comptage<\/figcaption><\/figure>    <h2 class=\"wp-block-heading\" id=\"h-what-are-the-characteristics-of-the-counting-packing-machine\">Quelles sont les caract\u00e9ristiques de la machine \u00e0 emballer compteuse ?<\/h2>    <ol class=\"wp-block-list\"> <li>Structure simple, facile \u00e0 installer, \u00e0 utiliser et \u00e0 entretenir<\/li>    <li>Effet d'emballage excellent, thermoscellage fermement, en douceur et soign\u00e9<\/li>    <li>Vitesse de production, qualit\u00e9, efficacit\u00e9 et durabilit\u00e9 \u00e9lev\u00e9es,<\/li>    <li>La machine d'emballage des ongles\u00a0utilise un \u00e9cran de contr\u00f4le PLC qui est pratique pour d\u00e9finir diverses donn\u00e9es d'ex\u00e9cution associ\u00e9es.<\/li>    <li>Disque d'alimentation \u00e0 vis personnalis\u00e9 en fonction des pi\u00e8ces, en les remplissant dans le sac une par une<\/li>    <li>\u00catre \u00e9quip\u00e9 d'un dispositif de protection de s\u00e9curit\u00e9 pour les pi\u00e8ces dangereuses, comme un couvercle autour du cutter.<\/li>    <li>La conception d'alimentation vibrante garantit que les mat\u00e9riaux sont dispos\u00e9s pour un comptage automatique<\/li>    <li>Il peut correspondre \u00e0 un nombre diff\u00e9rent de mangeoires \u00e0 vis selon les besoins du client.<\/li>    <li>\u00catre capable de correspondre \u00e0 une imprimante de date, une \u00e9tiqueteuse, un convoyeur de sortie et d'autres dispositifs de support.<\/li> <\/ol>    <figure class=\"wp-block-gallery has-nested-images columns-default is-cropped wp-block-gallery-2 is-layout-flex wp-block-gallery-is-layout-flex\"> <figure class=\"wp-block-image size-large\"><img loading=\"lazy\" decoding=\"async\" width=\"667\" height=\"500\" data-id=\"6529\" src=\"https:\/\/tianhuipackingmachine.com\/wp-content\/uploads\/2022\/01\/multiple-feeder-of-counting-packing-machine-667x500.webp\" alt=\"alimentateur multiple de machine \u00e0 emballer de comptage\" class=\"wp-image-6529\" srcset=\"https:\/\/tianhuipackingmachine.com\/wp-content\/uploads\/2022\/01\/multiple-feeder-of-counting-packing-machine-667x500.webp 667w, https:\/\/tianhuipackingmachine.com\/wp-content\/uploads\/2022\/01\/multiple-feeder-of-counting-packing-machine-480x360.webp 480w, https:\/\/tianhuipackingmachine.com\/wp-content\/uploads\/2022\/01\/multiple-feeder-of-counting-packing-machine.webp 720w\" sizes=\"auto, (max-width: 667px) 100vw, 667px\" \/><figcaption class=\"wp-element-caption\">Alimentateur multiple de machine \u00e0 emballer de comptage<\/figcaption><\/figure>    <figure class=\"wp-block-image size-large\"><img loading=\"lazy\" decoding=\"async\" width=\"750\" height=\"500\" data-id=\"4811\" src=\"https:\/\/tianhuipackingmachine.com\/wp-content\/uploads\/2022\/01\/screw-bowl-feeders-750x500.jpg\" alt=\"mangeoires \u00e0 bol \u00e0 vis\" class=\"wp-image-4811\" srcset=\"https:\/\/tianhuipackingmachine.com\/wp-content\/uploads\/2022\/01\/screw-bowl-feeders.jpg 750w, https:\/\/tianhuipackingmachine.com\/wp-content\/uploads\/2022\/01\/screw-bowl-feeders-480x320.jpg 480w\" sizes=\"auto, (max-width: 750px) 100vw, 750px\" \/><figcaption class=\"wp-element-caption\">Mangeoires \u00e0 bol \u00e0 vis<\/figcaption><\/figure> <\/figure>    <h2 class=\"wp-block-heading\" id=\"h-main-components-of-screw-nail-packing-machine\">Principaux composants de la machine d'emballage de clous \u00e0 vis<\/h2>    <p class=\"translation-block\">La machine d\u2019emballage \u00e0 vis est compos\u00e9e d\u2019un alimentateur vibrant \u00e0 vis, d\u2019un syst\u00e8me de transport du film d\u2019emballage, d\u2019un emballeur, d\u2019un panneau de contr\u00f4le, d\u2019un dispositif de scellage, d\u2019un coupeur, de doubles roues pour tirer le film, d\u2019un plateau, et ainsi de suite. Un alimentateur vibrant spiral est utilis\u00e9 pour placer les \u00e9l\u00e9ments dans l\u2019ordre. Comme les <strong><a href=\"https:\/\/tianhuipackingmachine.com\/fr\/chain-bucket-packing-machine\/\">machines d\u2019emballage par cha\u00eene \u00e0 godets<\/a><\/strong>, elle peut faire correspondre plusieurs alimentateurs \u00e0 vis pour emballer diff\u00e9rents types d\u2019objets dans une m\u00eame pochette. Le syst\u00e8me de transport du film d\u2019emballage comprend plusieurs rouleaux et dispositifs de tirage du film, b\u00e9n\u00e9fique pour un emballage continu. L\u2019\u00e9cran tactile PLC, l\u2019affichage du dispositif de scellage \u00e0 chaud, le bouton d\u2019urgence et l\u2019interrupteur marche\/arr\u00eat sont sur le panneau de contr\u00f4le. Comme d\u2019autres machines d\u2019emballage, elle est \u00e9quip\u00e9e de scellage horizontal et de scellage\/cmptage et coupe \u00e0 la fin. Afin de prot\u00e9ger le produit final, il y a une palette au bas de l\u2019\u00e9quipement. De plus, de nombreux clients associeront un convoyeur de sortie sous la palette. <\/p>    <h2 class=\"wp-block-heading\" id=\"h-wide-applications-of-counting-and-packaging-equipment\">Applications \u00e9tendues des \u00e9quipements de comptage et d'emballage<\/h2>    <p class=\"translation-block\">La machine d\u2019emballage avec alimentateur \u00e0 vis convient \u00e0 une vari\u00e9t\u00e9 d\u2019industries non alimentaires et alimentaires. Les articles d\u2019emballage courants incluent un kit d\u2019attaches rapides, une visserie en bois pour meuble, une cheville en plastique, <a href=\"https:\/\/en.wikipedia.org\/wiki\/Bolt_(fastener)\" target=\"_blank\" rel=\"noopener\">une vis<\/a>, un bouchon de bouteille en plastique, un joint torique en caoutchouc, des accessoires mat\u00e9riel, des breloques, une rondelle, un clou, de petits accessoires, des jouets, des blocs de construction, des boutons, des m\u00e9dicaments, des bonbons, des comprim\u00e9s de lait, des noix et d\u2019autres petits articles, etc.<\/p>    <figure class=\"wp-block-gallery has-nested-images columns-default is-cropped wp-block-gallery-3 is-layout-flex wp-block-gallery-is-layout-flex\"> <figure class=\"wp-block-image size-large\"><img loading=\"lazy\" decoding=\"async\" width=\"750\" height=\"500\" data-id=\"4808\" src=\"https:\/\/tianhuipackingmachine.com\/wp-content\/uploads\/2022\/01\/widely-applicable-raw-material-750x500.jpg\" alt=\"mati\u00e8re premi\u00e8re largement applicable\" class=\"wp-image-4808\" srcset=\"https:\/\/tianhuipackingmachine.com\/wp-content\/uploads\/2022\/01\/widely-applicable-raw-material.jpg 750w, https:\/\/tianhuipackingmachine.com\/wp-content\/uploads\/2022\/01\/widely-applicable-raw-material-480x320.jpg 480w\" sizes=\"auto, (max-width: 750px) 100vw, 750px\" \/><figcaption class=\"wp-element-caption\">Mati\u00e8re premi\u00e8re largement applicable<\/figcaption><\/figure>    <figure class=\"wp-block-image size-large\"><img loading=\"lazy\" decoding=\"async\" width=\"750\" height=\"500\" data-id=\"4807\" src=\"https:\/\/tianhuipackingmachine.com\/wp-content\/uploads\/2022\/01\/fastener-parts-packaging-effect-750x500.jpg\" alt=\"effet d&#039;emballage des pi\u00e8ces de fixation\" class=\"wp-image-4807\" srcset=\"https:\/\/tianhuipackingmachine.com\/wp-content\/uploads\/2022\/01\/fastener-parts-packaging-effect.jpg 750w, https:\/\/tianhuipackingmachine.com\/wp-content\/uploads\/2022\/01\/fastener-parts-packaging-effect-480x320.jpg 480w\" sizes=\"auto, (max-width: 750px) 100vw, 750px\" \/><figcaption class=\"wp-element-caption\">Effet d'emballage des pi\u00e8ces de fixation<\/figcaption><\/figure> <\/figure>    <h2 class=\"wp-block-heading\" id=\"h-how-does-the-hardware-counting-packing-machine-work\">Comment fonctionne la machine d'emballage et de comptage de mat\u00e9riel\u00a0?<\/h2>    <ol class=\"wp-block-list\"> <li>Installez chaque partie de la machine d'emballage \u00e0 comptage automatique et connectez-la \u00e0 l'alimentation.<\/li>    <li>Assurez-vous que le film d'emballage a \u00e9t\u00e9 install\u00e9 et placez les objets d'emballage dans le chargeur vibrant.<\/li>    <li>Configurez les param\u00e8tres d'emballage sur le panneau de commande, tels que l'utilisation de la langue, la longueur du sac, la temp\u00e9rature de scellage, etc.<\/li>    <li>En d\u00e9marrant l'\u00e9quipement, il terminera automatiquement le transport des articles d'emballage jusqu'au point de vente, la mise en forme du sac d'emballage, la chute des articles dans les sachets, le scellement et la d\u00e9coupe.<\/li>    <li>L'\u00e9cran tactile affichera le nombre de produits finis.<\/li>    <li>\u00c9teignez la machine d'emballage si vous avez fini de travailler.<\/li>    <li>Entretenez-le \u00e0 intervalles r\u00e9guliers.<\/li> <\/ol>    <h2 class=\"wp-block-heading\" id=\"h-automatic-counting-packaging-equipment-working-video\">Vid\u00e9o de travail sur l'\u00e9quipement d'emballage \u00e0 comptage automatique <\/h2>   <figure class=\"wp-block-embed-youtube wp-block-embed is-type-video is-provider-youtube wp-embed-aspect-16-9 wp-has-aspect-ratio\"><div class=\"lyte-wrapper\" title=\"Machine de comptage et d&#039;emballage automatique | Petites pi\u00e8ces, mat\u00e9riel, vis, comprim\u00e9s de lait, composants\" style=\"width:853px;max-width:100%;margin:5px auto;\"><div class=\"lyMe\" id=\"WYL_KaRf02S05d4\" itemprop=\"video\" itemscope itemtype=\"https:\/\/schema.org\/VideoObject\"><div><meta itemprop=\"thumbnailUrl\" content=\"https:\/\/i.ytimg.com\/vi\/KaRf02S05d4\/hqdefault.jpg\" \/><meta itemprop=\"embedURL\" content=\"https:\/\/www.youtube.com\/embed\/KaRf02S05d4\" \/><meta itemprop=\"duration\" content=\"PT3M27S\" \/><meta itemprop=\"uploadDate\" content=\"2022-01-07T05:57:22Z\" \/><\/div><div id=\"lyte_KaRf02S05d4\" data-src=\"https:\/\/i.ytimg.com\/vi\/KaRf02S05d4\/hqdefault.jpg\" class=\"pL\"><div class=\"tC\"><div class=\"tT\" itemprop=\"name\">Machine de comptage et d'emballage automatique | Petites pi\u00e8ces, mat\u00e9riel, vis, comprim\u00e9s de lait, composants<\/div><\/div><div class=\"play\"><\/div><div class=\"ctrl\"><div class=\"Lctrl\"><\/div><div class=\"Rctrl\"><\/div><\/div><\/div><noscript><a href=\"https:\/\/youtu.be\/KaRf02S05d4\" rel=\"nofollow noopener\" target=\"_blank\"><img loading=\"lazy\" decoding=\"async\" src=\"https:\/\/i.ytimg.com\/vi\/KaRf02S05d4\/0.jpg\" alt=\"Machine de comptage et d&#039;emballage automatique | Petites pi\u00e8ces, mat\u00e9riel, vis, comprim\u00e9s de lait, composants\" width=\"853\" height=\"460\" \/><\/a><\/noscript><meta itemprop=\"description\" content=\"If you are interested in it, welcome to contact us. Website: https:\/\/tianhuipackingmachine.com\/counting-packing-machine\/ Whatsapp\/Tel: +86 17329326135 Email: sales@toppackingmachine.com The automatic counting and packing machine is composed of vibratory feeders counting system and bag packaging system. It applies to small parts, hardware, screw, milk tablet, components, and other granular materials. The number of vibratory feeders depends on the packaging objects and actual requirements for packing speed. Each vibrating tray is customized in accordance with the size of the packaging things. TH-320 granule packing machine: https:\/\/youtu.be\/WL8gU11AWqI Electric vertical packing machine: https:\/\/youtu.be\/7TSMlFBWPOY Four-head weigher packing machine: https:\/\/youtu.be\/m3XHQ9LlhgY Email: sales@toppackingmachine.com Whatsapp\/Tel: +86 17329326135\"><\/div><\/div><div class=\"lL\" style=\"max-width:100%;width:853px;margin:5px auto;\"> <a href=\"https:\/\/youtu.be\/KaRf02S05d4\" target=\"_blank\" rel=\"noopener\">Regarder cette vid\u00e9o sur YouTube<\/a>.<\/div><figcaption><\/figcaption><\/figure>   <h2 class=\"wp-block-heading\" id=\"h-technical-data-of-automatic-counting-packaging-machine\">Donn\u00e9es techniques de la machine d'emballage \u00e0 comptage automatique<\/h2>    <figure class=\"wp-block-table is-style-stripes\"><table><tbody><tr><td>Mod\u00e8le<\/td><td>TH-320<\/td><\/tr><tr><td>Pouvoir<\/td><td>220 V, 50\/60 Hz, 2 kW<\/td><\/tr><tr><td>Vitesse d'emballage<\/td><td>30-60 sacs\/min<\/td><\/tr><tr><td>Longueur de sac<\/td><td>50-180mm<\/td><\/tr><tr><td>Largeur du sac<\/td><td>40-150mm<\/td><\/tr><tr><td>Largeur maximale du film d'emballage<\/td><td>320 mm<\/td><\/tr><tr><td>Poids<\/td><td>300 kg<\/td><\/tr><tr><td>Dimension<\/td><td>1200*1000*1600mm<\/td><\/tr><\/tbody><\/table><\/figure>    <p>Le param\u00e8tre n'est qu'une r\u00e9f\u00e9rence pour la machine d'emballage de comptage standard TH-320. L\u2019\u00e9quipement final d\u00e9pend des exigences du client. Et son chargeur \u00e0 bol \u00e0 vis est g\u00e9n\u00e9ralement personnalis\u00e9 en fonction de la taille des \u00e9l\u00e9ments d'emballage et du nombre par sac. <\/p>","protected":false},"excerpt":{"rendered":"<p>Counting packing machine&nbsp;is suitable for single kind or several kinds of small parts packaging by matching different numbers of bowl feeders. It mainly consists of a counting system and a packaging system. The counting system has two types. One is an infrared ray induction sensor, and the other one is a customized device for a [&hellip;]<\/p>\n","protected":false},"author":1,"featured_media":6525,"parent":0,"template":"","tags":[164],"product-type":[136],"class_list":["post-4793","product","type-product","status-publish","has-post-thumbnail","hentry","tag-packing-machine","product-type-granule-packing-machines"],"_links":{"self":[{"href":"https:\/\/tianhuipackingmachine.com\/fr\/wp-json\/wp\/v2\/product\/4793","targetHints":{"allow":["GET"]}}],"collection":[{"href":"https:\/\/tianhuipackingmachine.com\/fr\/wp-json\/wp\/v2\/product"}],"about":[{"href":"https:\/\/tianhuipackingmachine.com\/fr\/wp-json\/wp\/v2\/types\/product"}],"author":[{"embeddable":true,"href":"https:\/\/tianhuipackingmachine.com\/fr\/wp-json\/wp\/v2\/users\/1"}],"wp:featuredmedia":[{"embeddable":true,"href":"https:\/\/tianhuipackingmachine.com\/fr\/wp-json\/wp\/v2\/media\/6525"}],"wp:attachment":[{"href":"https:\/\/tianhuipackingmachine.com\/fr\/wp-json\/wp\/v2\/media?parent=4793"}],"wp:term":[{"taxonomy":"post_tag","embeddable":true,"href":"https:\/\/tianhuipackingmachine.com\/fr\/wp-json\/wp\/v2\/tags?post=4793"},{"taxonomy":"product-type","embeddable":true,"href":"https:\/\/tianhuipackingmachine.com\/fr\/wp-json\/wp\/v2\/product-type?post=4793"}],"curies":[{"name":"wp","href":"https:\/\/api.w.org\/{rel}","templated":true}]}}