{"id":3035,"date":"2021-10-29T17:39:09","date_gmt":"2021-10-29T09:39:09","guid":{"rendered":"https:\/\/tianhuipackingmachine.com\/?page_id=3035"},"modified":"2023-03-17T16:23:44","modified_gmt":"2023-03-17T08:23:44","slug":"food-grinding-machine","status":"publish","type":"product","link":"https:\/\/tianhuipackingmachine.com\/fr\/food-grinding-machine\/","title":{"rendered":"Machine \u00e0 broyer les aliments"},"content":{"rendered":"<p class=\"translation-block\"><strong>La machine de broyage alimentaire<\/strong> est un broyeur utilis\u00e9 pour divers aliments secs, comme les grains, le riz, le soja, le sucre, le piment, les \u00e9pices, le poivre noir, les herbes, les cacahu\u00e8tes, etc. Le transport \u00e0 pression n\u00e9gative permet de d\u00e9charger en continu la chaleur g\u00e9n\u00e9r\u00e9e dans la cavit\u00e9 de la machine pendant le processus de broyage, il est donc \u00e9galement adapt\u00e9 au broyage de mat\u00e9riaux sensibles \u00e0 la chaleur. L'utilisation locale de l'op\u00e9ration \u00e0 vitesse relativement \u00e9lev\u00e9e entre le disque dent\u00e9 mobile et la roue \u00e0 cha\u00eene fixe soumet le mat\u00e9riau \u00e0 l'impact du disque dent\u00e9, \u00e0 la friction et \u00e0 la collision des mat\u00e9riaux entre eux pour obtenir la poudre.<\/p>    <h2 class=\"wp-block-heading\" id=\"h-types-of-food-grinding-machine\">Types de broyeurs alimentaires \u00e0 vendre<\/h2>    <p class=\"translation-block\">La machine de broyage d'aliments secs \u00e0 vendre chez <strong><a href=\"https:\/\/tianhuipackingmachine.com\/fr\/\">Henan Top Packing Machinery<\/a><\/strong> comprend des types \u00e0 lame, \u00e0 marteau crois\u00e9, turbo, \u00e0 cha\u00eene et \u00e0 tamis. Pour les types \u00e0 tamis, il y a des mailles de 40, 60, 80, 100 et 120 disponibles. La maille fait r\u00e9f\u00e9rence au nombre de trous par pouce. Plus le nombre de mailles par pouce est \u00e9lev\u00e9, plus il y a de trous, et plus la taille des particules qui passent est petite. Par cons\u00e9quent, vous pouvez choisir le type de tamis avec plus de mailles si vous souhaitez obtenir une poudre plus fine.<\/p>    <figure class=\"wp-block-image aligncenter size-full\"><img loading=\"lazy\" decoding=\"async\" width=\"750\" height=\"500\" src=\"https:\/\/tianhuipackingmachine.com\/wp-content\/uploads\/2021\/10\/grinding-machine-for-food.jpg\" alt=\"broyeur pour aliments\" class=\"wp-image-3036\" srcset=\"https:\/\/tianhuipackingmachine.com\/wp-content\/uploads\/2021\/10\/grinding-machine-for-food.jpg 750w, https:\/\/tianhuipackingmachine.com\/wp-content\/uploads\/2021\/10\/grinding-machine-for-food-300x200.jpg 300w\" sizes=\"auto, (max-width: 750px) 100vw, 750px\" \/><figcaption class=\"wp-element-caption\">Broyeuse pour la nourriture<\/figcaption><\/figure>    <h2 class=\"wp-block-heading\" id=\"h-food-grinding-machine-working-video\">Vid\u00e9o de fonctionnement de la rectifieuse alimentaire <\/h2>   <figure class=\"wp-block-embed-youtube wp-block-embed is-type-video is-provider-youtube wp-embed-aspect-16-9 wp-has-aspect-ratio\"><div class=\"lyte-wrapper\" title=\"Machine \u00e0 broyer les aliments secs | Comment fonctionne un broyeur alimentaire ? | Machine de broyeur de nourriture \u00e0 vendre\" style=\"width:853px;max-width:100%;margin:5px auto;\"><div class=\"lyMe\" id=\"WYL_6Wacp-y2C6A\" itemprop=\"video\" itemscope itemtype=\"https:\/\/schema.org\/VideoObject\"><div><meta itemprop=\"thumbnailUrl\" content=\"https:\/\/i.ytimg.com\/vi\/6Wacp-y2C6A\/hqdefault.jpg\" \/><meta itemprop=\"embedURL\" content=\"https:\/\/www.youtube.com\/embed\/6Wacp-y2C6A\" \/><meta itemprop=\"duration\" content=\"PT3M8S\" \/><meta itemprop=\"uploadDate\" content=\"2021-11-01T05:59:07Z\" \/><\/div><div id=\"lyte_6Wacp-y2C6A\" data-src=\"https:\/\/i.ytimg.com\/vi\/6Wacp-y2C6A\/hqdefault.jpg\" class=\"pL\"><div class=\"tC\"><div class=\"tT\" itemprop=\"name\">Machine \u00e0 broyer les aliments secs | Comment fonctionne un broyeur alimentaire ? | Machine de broyeur de nourriture \u00e0 vendre<\/div><\/div><div class=\"play\"><\/div><div class=\"ctrl\"><div class=\"Lctrl\"><\/div><div class=\"Rctrl\"><\/div><\/div><\/div><noscript><a href=\"https:\/\/youtu.be\/6Wacp-y2C6A\" rel=\"nofollow noopener\" target=\"_blank\"><img loading=\"lazy\" decoding=\"async\" src=\"https:\/\/i.ytimg.com\/vi\/6Wacp-y2C6A\/0.jpg\" alt=\"Machine \u00e0 broyer les aliments secs | Comment fonctionne un broyeur alimentaire ? | Machine de broyeur de nourriture \u00e0 vendre\" width=\"853\" height=\"460\" \/><\/a><\/noscript><meta itemprop=\"description\" content=\"More information here: https:\/\/tianhuipackingmachine.com\/food-grinding-machine\/ sales@toppackingmachine.com Whatsapp\/Tel: +86 17329326135 Dry food grinding machine is suitable for various dry food milling, such as grains, sugar, ginger, chilli, black pepper, bean, rice, seasoning, etc. It has the features of compact structure, reasonable design, simple operation, wide applications, and efficient working. The machine is made of stainless steel, durable and convenient to clean and maintain.\"><\/div><\/div><div class=\"lL\" style=\"max-width:100%;width:853px;margin:5px auto;\"> <a href=\"https:\/\/youtu.be\/6Wacp-y2C6A\" target=\"_blank\" rel=\"noopener\">Regarder cette vid\u00e9o sur YouTube<\/a>.<\/div><figcaption><\/figcaption><\/figure>   <h2 class=\"has-text-color wp-block-heading\" id=\"h-parameters-of-food-grinding-machine\" style=\"color:#ff5200\">Param\u00e8tres de la rectifieuse alimentaire<\/h2>    <figure class=\"wp-block-table is-style-stripes\"><table><tbody><tr><td>mod\u00e8le<\/td><td>TZ-18<\/td><td>TZ-20<\/td><td>TZ-30<\/td><td>TZ-40<\/td><td>TZ-60<\/td><\/tr><tr><td>Finesse de traitement<\/td><td>5-120 mailles<\/td><td>5-120 mailles<\/td><td>5-120 mailles<\/td><td>5-120 mailles<\/td><td>5-120 mailles<\/td><\/tr><tr><td>Capacit\u00e9<\/td><td>5-60kg\/heure<\/td><td>6-150kg\/heure<\/td><td>100-200kg\/heure<\/td><td>160-800kg\/heure<\/td><td>500-1500kg\/heure<\/td><\/tr><tr><td>Pouvoir<\/td><td>2,2 kW\/h<\/td><td>4 kW\/h<\/td><td>5,5 kW\/h<\/td><td>7,5 kW\/h<\/td><td>15 kW\/h<\/td><\/tr><tr><td>Taille<\/td><td>550*600*1000mm<\/td><td>550*600*1250mm<\/td><td>600*700*1450mm<\/td><td>800*900*1550mm<\/td><td>1000*900*1680mm<\/td><\/tr><\/tbody><\/table><\/figure>    <h2 class=\"wp-block-heading\" id=\"h-features-of-food-grinder\">Caract\u00e9ristiques de la machine \u00e0 broyer les aliments<\/h2>    <ol class=\"wp-block-list\" type=\"1\"> <li>Conception raisonnable, structure compacte, op\u00e9ration simple<\/li>    <li>Fonctionne de mani\u00e8re stable, travaille efficacement, meule \u00e0 grande vitesse<\/li>    <li>\u00catre fabriqu\u00e9 en acier inoxydable, durable, pratique pour le nettoyage et l'entretien<\/li>    <li>Convient \u00e0 une vari\u00e9t\u00e9 de mat\u00e9riaux, tels que le riz, le soja, le sucre, le piment, les c\u00e9r\u00e9ales, les condiments, etc.<\/li>    <li>De nombreux types de broyeurs alimentaires sont facultatifs<\/li> <\/ol>    <h2 class=\"wp-block-heading\" id=\"h-applications-of-grinding-miller\">Applications du broyeur<\/h2>    <p>La rectifieuse alimentaire commerciale\u00a0est principalement utilis\u00e9e dans toutes sortes de c\u00e9r\u00e9ales, d'assaisonnements, de plantes m\u00e9dicinales chinoises avec des racines, des branches, des mat\u00e9riaux en blocs et d'autres mat\u00e9riaux secs, durs ou cassants \u00e0 faible teneur en huile. Les mat\u00e9riaux applicables comprennent les haricots, le bl\u00e9, le riz, le millet, l'orge, le riz noir, le sarrasin, le sorgho, les grains de ma\u00efs, le poivre noir, le piment, les f\u00e8ves de cacao, le gingembre, les graines de fenouil, etc. En outre, il peut \u00e9galement \u00eatre appliqu\u00e9 dans les industries des mat\u00e9riaux chimiques, pharmaceutiques et des pesticides.<\/p>    <div class=\"wp-block-columns is-layout-flex wp-container-core-columns-is-layout-28f84493 wp-block-columns-is-layout-flex\"> <div class=\"wp-block-column is-layout-flow wp-block-column-is-layout-flow\"> <figure class=\"wp-block-image size-full\"><img loading=\"lazy\" decoding=\"async\" width=\"750\" height=\"500\" src=\"https:\/\/tianhuipackingmachine.com\/wp-content\/uploads\/2021\/10\/applications-of-food-grinder.jpg\" alt=\"applications du broyeur alimentaire\" class=\"wp-image-3039\" srcset=\"https:\/\/tianhuipackingmachine.com\/wp-content\/uploads\/2021\/10\/applications-of-food-grinder.jpg 750w, https:\/\/tianhuipackingmachine.com\/wp-content\/uploads\/2021\/10\/applications-of-food-grinder-300x200.jpg 300w\" sizes=\"auto, (max-width: 750px) 100vw, 750px\" \/><figcaption class=\"wp-element-caption\">Applications du broyeur alimentaire<\/figcaption><\/figure> <\/div>    <div class=\"wp-block-column is-layout-flow wp-block-column-is-layout-flow\"> <figure class=\"wp-block-image size-full\"><img loading=\"lazy\" decoding=\"async\" width=\"750\" height=\"500\" src=\"https:\/\/tianhuipackingmachine.com\/wp-content\/uploads\/2021\/10\/food-grinder-applications.jpg\" alt=\"applications de broyeur d&#039;aliments\" class=\"wp-image-3040\" srcset=\"https:\/\/tianhuipackingmachine.com\/wp-content\/uploads\/2021\/10\/food-grinder-applications.jpg 750w, https:\/\/tianhuipackingmachine.com\/wp-content\/uploads\/2021\/10\/food-grinder-applications-300x200.jpg 300w\" sizes=\"auto, (max-width: 750px) 100vw, 750px\" \/><figcaption class=\"wp-element-caption\">Applications du broyeur d'aliments<\/figcaption><\/figure> <\/div> <\/div>    <h2 class=\"wp-block-heading\" id=\"h-structure-of-food-grinder\">Structure de l'\u00e9quipement de broyage d'aliments<\/h2>    <p>La machine \u00e0 broyer les aliments se compose d'une entr\u00e9e, d'un dispositif de r\u00e9glage de la vitesse, d'une vis de verrouillage, d'une cavit\u00e9 de broyage, d'un bouton de commutation et d'une prise. Avant d'utiliser la machine, il faut s'assurer que la cavit\u00e9 de concassage est ferm\u00e9e et que la vis est verrouill\u00e9e. Le processus de travail principal consiste \u00e0 placer le mat\u00e9riau dans le broyeur par entr\u00e9e, puis le mat\u00e9riau s'\u00e9coulera dans la cavit\u00e9 de concassage pour \u00eatre broy\u00e9 en poudre, obtenant enfin la poudre correspondante par la sortie. Vous feriez mieux de pr\u00e9parer un sac propre \u00e0 fixer sur la sortie, qui non seulement peut collecter facilement la poudre, mais \u00e9galement mieux garder le lieu de travail propre.<\/p>    <figure class=\"wp-block-image aligncenter size-full\"><img loading=\"lazy\" decoding=\"async\" width=\"750\" height=\"500\" src=\"https:\/\/tianhuipackingmachine.com\/wp-content\/uploads\/2021\/11\/structure-of-grinding-miller.jpg\" alt=\"structure du broyeur\" class=\"wp-image-3050\" srcset=\"https:\/\/tianhuipackingmachine.com\/wp-content\/uploads\/2021\/11\/structure-of-grinding-miller.jpg 750w, https:\/\/tianhuipackingmachine.com\/wp-content\/uploads\/2021\/11\/structure-of-grinding-miller-300x200.jpg 300w\" sizes=\"auto, (max-width: 750px) 100vw, 750px\" \/><figcaption class=\"wp-element-caption\">Structure du broyeur de broyage<\/figcaption><\/figure>    <h2 class=\"wp-block-heading\" id=\"h-related-machines\">Machines associ\u00e9es<\/h2>    <p class=\"translation-block\">L'\u00e9quipement de broyage alimentaire peut non seulement \u00eatre utilis\u00e9 seul, mais aussi \u00eatre associ\u00e9 \u00e0 un m\u00e9langeur (m\u00e9langeur \u00e0 tambour, m\u00e9langeur horizontal en option) et \u00e0 une <strong><a href=\"https:\/\/tianhuipackingmachine.com\/fr\/powder-packing-machine\/\">machine d'emballage de poudre<\/a><\/strong> pour composer une ligne de production enti\u00e8rement automatique. La ligne peut r\u00e9aliser le processus de broyage, de m\u00e9lange, d'emballage, de scellage et de comptage. Si cela vous int\u00e9resse, vous pouvez nous contacter rapidement pour obtenir plus de d\u00e9tails et le meilleur prix.<\/p>","protected":false},"excerpt":{"rendered":"<p>Food grinding machine&nbsp;is a grinder&nbsp;used for various dry food, like grains, rice, soybean, sugar, chili, spice, black pepper, herbs, peanut, etc. Negative pressure conveying causes the heat generated in the machine cavity to be continuously discharged during the grinding process, so it is also suitable for the milling of heat-sensitive materials. Local using the relatively [&hellip;]<\/p>\n","protected":false},"author":1,"featured_media":3036,"parent":0,"template":"","tags":[203],"product-type":[144],"class_list":["post-3035","product","type-product","status-publish","has-post-thumbnail","hentry","tag-food-grinding-machine","product-type-supporting-equipment"],"_links":{"self":[{"href":"https:\/\/tianhuipackingmachine.com\/fr\/wp-json\/wp\/v2\/product\/3035","targetHints":{"allow":["GET"]}}],"collection":[{"href":"https:\/\/tianhuipackingmachine.com\/fr\/wp-json\/wp\/v2\/product"}],"about":[{"href":"https:\/\/tianhuipackingmachine.com\/fr\/wp-json\/wp\/v2\/types\/product"}],"author":[{"embeddable":true,"href":"https:\/\/tianhuipackingmachine.com\/fr\/wp-json\/wp\/v2\/users\/1"}],"wp:featuredmedia":[{"embeddable":true,"href":"https:\/\/tianhuipackingmachine.com\/fr\/wp-json\/wp\/v2\/media\/3036"}],"wp:attachment":[{"href":"https:\/\/tianhuipackingmachine.com\/fr\/wp-json\/wp\/v2\/media?parent=3035"}],"wp:term":[{"taxonomy":"post_tag","embeddable":true,"href":"https:\/\/tianhuipackingmachine.com\/fr\/wp-json\/wp\/v2\/tags?post=3035"},{"taxonomy":"product-type","embeddable":true,"href":"https:\/\/tianhuipackingmachine.com\/fr\/wp-json\/wp\/v2\/product-type?post=3035"}],"curies":[{"name":"wp","href":"https:\/\/api.w.org\/{rel}","templated":true}]}}