{"id":2876,"date":"2021-10-11T14:28:12","date_gmt":"2021-10-11T06:28:12","guid":{"rendered":"https:\/\/tianhuipackingmachine.com\/?page_id=2876"},"modified":"2024-03-08T15:03:08","modified_gmt":"2024-03-08T07:03:08","slug":"multi-head-filling-machine","status":"publish","type":"product","link":"https:\/\/tianhuipackingmachine.com\/fr\/multi-head-filling-machine\/","title":{"rendered":"Machine de remplissage multi-t\u00eates"},"content":{"rendered":"<p class=\"translation-block\"><strong>Machine d\u2019emballage multi-t\u00eates<\/strong> est \u00e9quip\u00e9e de plusieurs peseuses ou orifices pour remplir les mat\u00e9riaux. C\u2019est une sorte de machine de remplissage quantitative. La machine peut remplir des mat\u00e9riaux dans des sacs, des bouteilles, des bo\u00eetes, etc. Il existe une vari\u00e9t\u00e9 de machines \u00e0 remplissage multi-t\u00eates pour poudres, granul\u00e9s, liquides ou p\u00e2tes. De plus, l\u2019\u00e9quipement de remplissage multi-t\u00eates peut \u00eatre associ\u00e9 \u00e0 un syst\u00e8me d\u2019emballage correspondant pour devenir des machines d\u2019emballage. Les machines d\u2019emballage de sacs multi-t\u00eates comprennent la machine d\u2019emballage pneumatique pour sachets multi-t\u00eates et la machine d\u2019emballage combin\u00e9e multi-t\u00eates. Celle \u00e0 pneumatique est actionn\u00e9e par la force pneumatique, fonctionnant de mani\u00e8re stable. De plus, un service de personnalisation est disponible selon vos exigences r\u00e9elles.<\/p>    <h2 class=\"wp-block-heading\" id=\"h-multi-head-filling-machine-for-sale\">Machine de remplissage multi-t\u00eates \u00e0 vendre<\/h2>    <h3 class=\"wp-block-heading\" id=\"h-pneumatic-electronic-scale-filling-machine\">Machine de remplissage de balance \u00e9lectronique pneumatique<\/h3>    <p>Les machines de remplissage pneumatiques \u00e0 balance \u00e9lectronique sont \u00e0 double t\u00eate, \u00e0 trois t\u00eates, \u00e0 quatre et cinq t\u00eates en option. Diff\u00e9rents types de mat\u00e9riaux peuvent \u00eatre plac\u00e9s dans diff\u00e9rentes tr\u00e9mies dot\u00e9es de balances pour peser diff\u00e9rents grammes s\u00e9par\u00e9ment, et ces mat\u00e9riaux peuvent \u00eatre plac\u00e9s dans le m\u00eame sac, bouteille ou canette. Pour le m\u00eame produit, des sorties de remplissage multi-t\u00eates peuvent \u00eatre configur\u00e9es pour se relayer afin d'am\u00e9liorer l'efficacit\u00e9 de la production. Il convient \u00e0 diverses particules et poudres, telles que le lait en poudre, le caf\u00e9 en poudre, la farine, les c\u00e9r\u00e9ales, le th\u00e9 parfum\u00e9, les grains de caf\u00e9, le riz, le millet, le pop-corn, les collations, les noix, les graines, les aliments souffl\u00e9s, le goji, les c\u00e9r\u00e9ales, les fruits secs, la ch\u00e2taigne. , nourriture pour chien, bibelot, accessoires de quincaillerie, etc. En outre, la machine de pes\u00e9e et de remplissage peut \u00eatre \u00e9quip\u00e9e d'un syst\u00e8me d'emballage, compl\u00e9tant le pesage, la fabrication de sacs, le remplissage, le scellage et la d\u00e9coupe. Le joint arri\u00e8re et le joint lat\u00e9ral sont facultatifs.<\/p>    <div class=\"wp-block-image\"><figure class=\"aligncenter size-full\"><img loading=\"lazy\" decoding=\"async\" width=\"750\" height=\"500\" src=\"https:\/\/tianhuipackingmachine.com\/wp-content\/uploads\/2021\/10\/pneumatic-multi-head-weigher-filler.jpg\" alt=\"remplisseuse pneumatique \u00e0 peseuse multi-t\u00eates\" class=\"wp-image-2879\" srcset=\"https:\/\/tianhuipackingmachine.com\/wp-content\/uploads\/2021\/10\/pneumatic-multi-head-weigher-filler.jpg 750w, https:\/\/tianhuipackingmachine.com\/wp-content\/uploads\/2021\/10\/pneumatic-multi-head-weigher-filler-300x200.jpg 300w\" sizes=\"auto, (max-width: 750px) 100vw, 750px\" \/><figcaption>remplisseuse pneumatique \u00e0 peseuse multi-t\u00eates<\/figcaption><\/figure><\/div>    <h3 class=\"wp-block-heading\" id=\"h-multi-head-liquid-filling-machine\">Machine de remplissage de liquide multi-t\u00eates<\/h3>    <p class=\"translation-block\">L'<strong>\u00e9quipement d\u2019emballage liquide<\/strong> \u00e0 multiples sorties peut \u00eatre utilis\u00e9 ind\u00e9pendamment ou comme une partie de la ligne de production. Il peut remplir plusieurs bouteilles ou bo\u00eetes en m\u00eame temps. La plage de remplissage des mod\u00e8les de pompes comprend 10-100 ml, 50-500 ml, 100-1000 ml, 500-3000 ml, 1000-5000 ml, etc. Et le nombre de sorties de remplissage peut \u00eatre personnalis\u00e9 en fonction de vos besoins. Le remplisseur liquide multi-t\u00eates adopte un dispositif anti-goutte pour garantir la pr\u00e9cision de remplissage sans fuite. De plus, il peut s\u2019associer \u00e0 d\u2019autres machines pour constituer une ligne de production enti\u00e8re, comme la machine de d\u00e9balleur de bouteilles, la <strong><a href=\"https:\/\/tianhuipackingmachine.com\/fr\/vacuum-capping-machines\/\">machine de bouchage<\/a><\/strong>, la machine d\u2019\u00e9tiquetage, la <strong><a href=\"https:\/\/tianhuipackingmachine.com\/fr\/carton-sealing-machine\/\">machine de scellement de carton<\/a><\/strong>, etc. Si vous souhaitez remplir des p\u00e2tes, il existe des remplisseurs de p\u00e2tes \u00e9quip\u00e9s de pompes \u00e0 p\u00e2te. Et un service de personnalisation est fourni.<\/p>    <div class=\"wp-block-image\"><figure class=\"aligncenter size-full\"><img loading=\"lazy\" decoding=\"async\" width=\"750\" height=\"500\" src=\"https:\/\/tianhuipackingmachine.com\/wp-content\/uploads\/2021\/09\/multi-head-automatic-liquid-filler.jpg\" alt=\"remplisseuse de liquide automatique multi-t\u00eates\" class=\"wp-image-2564\" srcset=\"https:\/\/tianhuipackingmachine.com\/wp-content\/uploads\/2021\/09\/multi-head-automatic-liquid-filler.jpg 750w, https:\/\/tianhuipackingmachine.com\/wp-content\/uploads\/2021\/09\/multi-head-automatic-liquid-filler-300x200.jpg 300w\" sizes=\"auto, (max-width: 750px) 100vw, 750px\" \/><figcaption>remplisseuse de liquide automatique multi-t\u00eates<\/figcaption><\/figure><\/div>    <h2 class=\"wp-block-heading\" id=\"h-pneumatic-multi-head-pouch-packing-machine-chain-bucket-packing-machine\">Machine d'emballage pneumatique de pochettes \u00e0 t\u00eates multiples et machine d'emballage de seaux \u00e0 cha\u00eene<\/h2>    <p class=\"translation-block\">Les machines d\u2019emballage multi-pistes \u00e0 sachets pneumatiques peuvent non seulement disposer de sorties de remplissage qui prennent des tourn\u00e9es pour remplir le m\u00eame mat\u00e9riau, mais aussi peser diff\u00e9rents types de mat\u00e9riaux en grammes s\u00e9par\u00e9ment et les emballer dans un m\u00eame sac. Alors que la machine d\u2019emballage \u00e0 brique-cha\u00eene elle-m\u00eame n\u2019a pas la fonction de pesage. Elle peut \u00eatre associ\u00e9e \u00e0 plusieurs <strong><a href=\"https:\/\/tianhuipackingmachine.com\/fr\/small-filling-machine\/\">machines d\u2019emballage quantitatives de bureau<\/a><\/strong> pour granul\u00e9s ou poudres afin d\u2019emballer un certain poids de diff\u00e9rents mat\u00e9riaux, tels que th\u00e9 parfum\u00e9, c\u00e9r\u00e9ales et autres m\u00e9langes. Par rapport \u00e0 la premi\u00e8re, la <strong><a href=\"https:\/\/tianhuipackingmachine.com\/fr\/chain-bucket-packing-machine\/\">machine d\u2019emballage \u00e0 cha\u00eene et seau<\/a><\/strong> demande plus de co\u00fbts. Les deux peuvent fonctionner ensemble avec des machines d\u2019appoint, comme des machines d\u2019alimentation, des convoyeurs de sortie, des imprimantes de date, des dispositifs de remplissage d\u2019azote, etc.<\/p>    <div class=\"wp-block-columns is-layout-flex wp-container-core-columns-is-layout-28f84493 wp-block-columns-is-layout-flex\"> <div class=\"wp-block-column is-layout-flow wp-block-column-is-layout-flow\"> <figure class=\"wp-block-image size-full\"><img loading=\"lazy\" decoding=\"async\" width=\"600\" height=\"450\" src=\"https:\/\/tianhuipackingmachine.com\/wp-content\/uploads\/2021\/10\/pneumatic-multitrack-pouch-packing-machine.jpg\" alt=\"machine d&#039;emballage de sachets pneumatique multipiste\" class=\"wp-image-2880\" srcset=\"https:\/\/tianhuipackingmachine.com\/wp-content\/uploads\/2021\/10\/pneumatic-multitrack-pouch-packing-machine.jpg 600w, https:\/\/tianhuipackingmachine.com\/wp-content\/uploads\/2021\/10\/pneumatic-multitrack-pouch-packing-machine-300x225.jpg 300w\" sizes=\"auto, (max-width: 600px) 100vw, 600px\" \/><figcaption>Machine d'emballage de sachets pneumatiques multipistes<\/figcaption><\/figure> <\/div>    <div class=\"wp-block-column is-layout-flow wp-block-column-is-layout-flow\"> <figure class=\"wp-block-image size-full\"><img loading=\"lazy\" decoding=\"async\" width=\"600\" height=\"450\" src=\"https:\/\/tianhuipackingmachine.com\/wp-content\/uploads\/2021\/09\/chain-bucket-packing-machine.jpg\" alt=\"machine \u00e0 emballer de seau \u00e0 cha\u00eene\" class=\"wp-image-2605\" srcset=\"https:\/\/tianhuipackingmachine.com\/wp-content\/uploads\/2021\/09\/chain-bucket-packing-machine.jpg 600w, https:\/\/tianhuipackingmachine.com\/wp-content\/uploads\/2021\/09\/chain-bucket-packing-machine-300x225.jpg 300w\" sizes=\"auto, (max-width: 600px) 100vw, 600px\" \/><figcaption>Machine d'emballage de seau \u00e0 cha\u00eene<\/figcaption><\/figure> <\/div> <\/div>    <h2 class=\"wp-block-heading\" id=\"h-conclusion\">Conclusion<\/h2>    <p class=\"translation-block\">La machine multi-t\u00eates de remplissage est l\u2019\u00e9quipement pour remplir le mat\u00e9riau. Le peseur-\u00e9chelle \u00e9lectrique multi-t\u00eates pneumatique peut prendre en charge le remplissage tour \u00e0 tour d\u2019un seul mat\u00e9riau, ou peser s\u00e9par\u00e9ment des grammes diff\u00e9rents de mat\u00e9riaux et les remplir en m\u00eame temps. Que ce soit de la poudre, des granul\u00e9s, des liquides ou des p\u00e2tes, il existe des syst\u00e8mes de remplissage et d\u2019emballage correspondants disponibles. En tant que <strong><a href=\"https:\/\/tianhuipackingmachine.com\/fr\/\">fabricant et fournisseur de machines d\u2019emballage<\/a><\/strong>, nous proposons \u00e9galement des machines d\u2019emballage en coussin, <strong><a href=\"https:\/\/tianhuipackingmachine.com\/fr\/vacuum-packaging-machine\/\">machines d\u2019emballage sous vide<\/a><\/strong>, des machines de scellement continu, des machines de bouchage, <strong><a href=\"https:\/\/tianhuipackingmachine.com\/fr\/semi-automatic-round-bottle-labeling-machine\/\">machines d\u2019\u00e9tiquetage<\/a><\/strong>, des machines de scellement de cartons, des convoyeurs de chargement, des convoyeurs de sortie, des imprimantes de codage, et ainsi de suite. De plus, nous proposons des services OEM sur la base de vos exigences sp\u00e9cifiques. <strong><a href=\"https:\/\/tianhuipackingmachine.com\/fr\/contact\/\">Contactez-nous<\/a><\/strong> pour obtenir plus de d\u00e9tails et le meilleur prix, et nous vous r\u00e9pondrons dans les plus brefs d\u00e9lais.<\/p>","protected":false},"excerpt":{"rendered":"<p>Multi-head filling machine is equipped with multiple weighers or outlets to fill materials. It\u2019s one kind of quantitative filling machine. The machine can fill materials into bags, bottles, cans, etc. There are a variety of multi-head filling machines for powder, granules, liquid, or paste. Besides, the multi-head filling equipment can match with accordant packaging system [&hellip;]<\/p>\n","protected":false},"author":1,"featured_media":2879,"parent":0,"template":"","tags":[162],"product-type":[141],"class_list":["post-2876","product","type-product","status-publish","has-post-thumbnail","hentry","tag-filling-machine","product-type-filling-machines"],"_links":{"self":[{"href":"https:\/\/tianhuipackingmachine.com\/fr\/wp-json\/wp\/v2\/product\/2876","targetHints":{"allow":["GET"]}}],"collection":[{"href":"https:\/\/tianhuipackingmachine.com\/fr\/wp-json\/wp\/v2\/product"}],"about":[{"href":"https:\/\/tianhuipackingmachine.com\/fr\/wp-json\/wp\/v2\/types\/product"}],"author":[{"embeddable":true,"href":"https:\/\/tianhuipackingmachine.com\/fr\/wp-json\/wp\/v2\/users\/1"}],"wp:featuredmedia":[{"embeddable":true,"href":"https:\/\/tianhuipackingmachine.com\/fr\/wp-json\/wp\/v2\/media\/2879"}],"wp:attachment":[{"href":"https:\/\/tianhuipackingmachine.com\/fr\/wp-json\/wp\/v2\/media?parent=2876"}],"wp:term":[{"taxonomy":"post_tag","embeddable":true,"href":"https:\/\/tianhuipackingmachine.com\/fr\/wp-json\/wp\/v2\/tags?post=2876"},{"taxonomy":"product-type","embeddable":true,"href":"https:\/\/tianhuipackingmachine.com\/fr\/wp-json\/wp\/v2\/product-type?post=2876"}],"curies":[{"name":"wp","href":"https:\/\/api.w.org\/{rel}","templated":true}]}}