{"id":2827,"date":"2021-09-28T16:17:47","date_gmt":"2021-09-28T08:17:47","guid":{"rendered":"https:\/\/tianhuipackingmachine.com\/?page_id=2827"},"modified":"2024-03-08T14:44:22","modified_gmt":"2024-03-08T06:44:22","slug":"flat-label-applicator","status":"publish","type":"product","link":"https:\/\/tianhuipackingmachine.com\/fr\/flat-label-applicator\/","title":{"rendered":"Applicateur d'\u00e9tiquettes plates"},"content":{"rendered":"<p class=\"translation-block\"><strong>Applicateur d'\u00e9tiquettes \u00e0 surface plate<\/strong> comprend une machine d'\u00e9tiquetage plate de bureau et une machine d'\u00e9tiquetage plate verticale. C'est une machine d'\u00e9tiquetage automatique, adapt\u00e9e \u00e0 diverses surfaces plates, telles que des sachets plats, des bo\u00eetes ou des canettes avec des couvercles plats, des cartons, etc. La machine peut \u00eatre utilis\u00e9e seule ou associ\u00e9e \u00e0 d'autres machines pour composer une ligne de production compl\u00e8te, comme une machine de remplissage, une machine de scellage, une machine d'emballage, une machine de capsulage, une machine de chargement, un convoyeur, une imprimante de date, etc. Vous pouvez choisir en fonction de vos besoins concernant la taille des \u00e9tiquettes, les tailles des objets \u00e0 \u00e9tiqueter, la vitesse d'\u00e9tiquetage, etc. De plus, vous pouvez \u00e9galement nous contacter pour obtenir des suggestions utiles en fonction de vos exigences.<\/p>    <h2 class=\"wp-block-heading\" id=\"h-flat-label-applicator-for-sale\">Applicateur d'\u00e9tiquettes plates \u00e0 vendre<\/h2>    <p>La machine d'\u00e9tiquetage automatique pour les surfaces planes de Top (Henan) Machinery \u00e0 vendre est appel\u00e9e applicateur d'\u00e9tiquetage plat vertical et de bureau. Le premier est plus \u00e9lev\u00e9 que le second. Une machine verticale est pratique \u00e0 utiliser \u00e0 une hauteur appropri\u00e9e. Et la machine de bureau est portable et conviviale pour les petites et moyennes entreprises. Pour les sachets plats, il peut \u00eatre associ\u00e9 \u00e0 des machines de remplissage pour poudre, granul\u00e9s, liquides ou p\u00e2tes, et \u00e0 une machine de scellage de sacs en continu pour composer une ligne de production. Tandis que si vous souhaitez \u00e9tiqueter des canettes, vous pouvez choisir une machine de remplissage et une capsuleuse de liquide ou de p\u00e2te pour composer une ligne de production. Contactez-nous pour plus de d\u00e9tails.<\/p>    <div class=\"wp-block-columns is-layout-flex wp-container-core-columns-is-layout-28f84493 wp-block-columns-is-layout-flex\"> <div class=\"wp-block-column is-layout-flow wp-block-column-is-layout-flow\"> <figure class=\"wp-block-image size-full\"><img loading=\"lazy\" decoding=\"async\" width=\"750\" height=\"500\" src=\"https:\/\/tianhuipackingmachine.com\/wp-content\/uploads\/2021\/09\/vertical-automatic-flat-labeling-machine.jpg\" alt=\"\u00e9tiqueteuse plate automatique verticale\" class=\"wp-image-2830\" srcset=\"https:\/\/tianhuipackingmachine.com\/wp-content\/uploads\/2021\/09\/vertical-automatic-flat-labeling-machine.jpg 750w, https:\/\/tianhuipackingmachine.com\/wp-content\/uploads\/2021\/09\/vertical-automatic-flat-labeling-machine-300x200.jpg 300w\" sizes=\"auto, (max-width: 750px) 100vw, 750px\" \/><figcaption class=\"wp-element-caption\">Machine d'\u00e9tiquetage plate automatique verticale<\/figcaption><\/figure> <\/div>    <div class=\"wp-block-column is-layout-flow wp-block-column-is-layout-flow\"> <figure class=\"wp-block-image size-full\"><img loading=\"lazy\" decoding=\"async\" width=\"750\" height=\"500\" src=\"https:\/\/tianhuipackingmachine.com\/wp-content\/uploads\/2021\/09\/desktop-flat-labeling-machine.jpg\" alt=\"\u00e9tiqueteuse plate de bureau\" class=\"wp-image-2831\" srcset=\"https:\/\/tianhuipackingmachine.com\/wp-content\/uploads\/2021\/09\/desktop-flat-labeling-machine.jpg 750w, https:\/\/tianhuipackingmachine.com\/wp-content\/uploads\/2021\/09\/desktop-flat-labeling-machine-300x200.jpg 300w\" sizes=\"auto, (max-width: 750px) 100vw, 750px\" \/><figcaption class=\"wp-element-caption\">Machine d'\u00e9tiquetage plate de bureau<\/figcaption><\/figure> <\/div> <\/div>    <h2 class=\"wp-block-heading\" id=\"h-features-of-flat-surface-labeling-machine\">Caract\u00e9ristiques de l'\u00e9tiqueteuse \u00e0 surface plane<\/h2>    <ol class=\"wp-block-list\"> <li>Conception raisonnable, structure simple, haute efficacit\u00e9, large application, faible bruit<\/li>    <li>Fonctionner de mani\u00e8re stable, travailler efficacement, bien \u00e9tiqueter, se terminer automatiquement<\/li>    <li>Un applicateur d'\u00e9tiquettes vertical \u00e0 surface plane et un applicateur de bureau sont disponibles.<\/li>    <li>Hauteur r\u00e9glable de l'\u00e9tiquette, largeur de la bande transporteuse et longueur r\u00e9v\u00e9latrice de l'\u00e9tiquette<\/li>    <li>Le panneau de commande intelligent peut configurer de nombreux param\u00e8tres pour terminer l'\u00e9tiquetage.<\/li>    <li>La vitesse d'\u00e9tiquetage est automatiquement synchrone avec la vitesse de la bande transporteuse.<\/li>    <li>Le bouton d\u2019arr\u00eat d\u2019urgence est con\u00e7u comme mesure de s\u00e9curit\u00e9.<\/li>    <li>Service de personnalisation disponible<\/li> <\/ol>    <h2 class=\"wp-block-heading\" id=\"h-applicable-objects-of-flat-label-applicator\">Objets applicables de l'applicateur d'\u00e9tiquettes plates<\/h2>    <p class=\"translation-block\">Un applicateur d'\u00e9tiquettes \u00e0 surface plate convient \u00e0 tous les types d'objets avec des surfaces plates dans diverses industries, telles que l'alimentation, la livraison, les jouets, les cosm\u00e9tiques, les articles de premi\u00e8re n\u00e9cessit\u00e9, la papeterie, la m\u00e9decine et d'autres industries. La <strong><a href=\"https:\/\/tianhuipackingmachine.com\/fr\/automatic-round-bottle-labeling-machine-sale\/\">machine d'\u00e9tiquetage<\/a><\/strong> s'applique largement aux sachets plats, aux bo\u00eetes et aux cartons pour l'emballage de collations, de noix, de bonbons, de fruits, de l\u00e9gumes, de v\u00eatements, de chaussures, de gel d'aloe vera, de cosm\u00e9tiques, de shampoing, de gel douche, de d\u00e9tergent \u00e0 lessive, de papier, de pochettes de fichiers, de bo\u00eetes \u00e0 lunch, de bo\u00eetes-cadeaux, etc.<\/p>    <figure class=\"wp-block-image aligncenter size-full\"><img loading=\"lazy\" decoding=\"async\" width=\"750\" height=\"500\" src=\"https:\/\/tianhuipackingmachine.com\/wp-content\/uploads\/2021\/09\/applications-of-flat-label-applicator.jpg\" alt=\"applications de l&#039;applicateur d&#039;\u00e9tiquettes plates\" class=\"wp-image-2832\" srcset=\"https:\/\/tianhuipackingmachine.com\/wp-content\/uploads\/2021\/09\/applications-of-flat-label-applicator.jpg 750w, https:\/\/tianhuipackingmachine.com\/wp-content\/uploads\/2021\/09\/applications-of-flat-label-applicator-300x200.jpg 300w\" sizes=\"auto, (max-width: 750px) 100vw, 750px\" \/><figcaption class=\"wp-element-caption\">Applications de l'applicateur d'\u00e9tiquettes plates<\/figcaption><\/figure>    <h2 class=\"wp-block-heading\" id=\"h-automatic-flat-labeling-machine-structure\">Structure de la machine d'\u00e9tiquetage plate automatique<\/h2>    <p>L'applicateur d'\u00e9tiquettes pour surface plane se compose d'une structure d'\u00e9tiquetage, d'un porte-\u00e9tiquette, d'un bouton rotatif, d'un panneau de commande, d'un \u0153il \u00e9lectrique, d'un moteur, d'un bouton d'arr\u00eat d'urgence, etc. La structure d'\u00e9tiquetage est l'endroit id\u00e9al pour \u00e9tiqueter les objets, un porte-\u00e9tiquette pour fixer l'\u00e9tiquette en rouleau, un bouton rotatif pour ajuster la hauteur de l'\u00e9tiquetage, panneau de commande pour d\u00e9finir divers param\u00e8tres. L'\u0153il \u00e9lectrique est sensible pour d\u00e9tecter les mat\u00e9riaux, am\u00e9liorant ainsi la pr\u00e9cision du travail. Un applicateur d'\u00e9tiquetage plat standard est \u00e9quip\u00e9 d'un porte-\u00e9tiquette, mais le service OEM est disponible en fonction de vos besoins. Par exemple, si vous souhaitez \u00e9tiqueter la partie sup\u00e9rieure et lat\u00e9rale d\u2019une bo\u00eete ronde, un applicateur d\u2019\u00e9tiquettes int\u00e9gr\u00e9 peut le r\u00e9aliser. <\/p>    <figure class=\"wp-block-image aligncenter size-full\"><img loading=\"lazy\" decoding=\"async\" width=\"750\" height=\"500\" src=\"https:\/\/tianhuipackingmachine.com\/wp-content\/uploads\/2021\/09\/the-structure-of-labeling-machine-for-flat-surfaces.jpg\" alt=\"la structure de la machine \u00e0 \u00e9tiqueter pour surfaces planes\" class=\"wp-image-2833\" srcset=\"https:\/\/tianhuipackingmachine.com\/wp-content\/uploads\/2021\/09\/the-structure-of-labeling-machine-for-flat-surfaces.jpg 750w, https:\/\/tianhuipackingmachine.com\/wp-content\/uploads\/2021\/09\/the-structure-of-labeling-machine-for-flat-surfaces-300x200.jpg 300w\" sizes=\"auto, (max-width: 750px) 100vw, 750px\" \/><figcaption class=\"wp-element-caption\">La structure de la machine \u00e0 \u00e9tiqueter pour surfaces planes<\/figcaption><\/figure>    <h2 class=\"wp-block-heading\" id=\"h-related-machines\">Machines associ\u00e9es<\/h2>    <p class=\"translation-block\">Pour les machines d'\u00e9tiquetage, il existe des <strong><a href=\"https:\/\/tianhuipackingmachine.com\/fr\/automatic-round-bottle-labeling-machine-sale\/\">machines d'\u00e9tiquetage automatiques pour bouteilles rondes<\/a><\/strong> et des <strong><a href=\"https:\/\/tianhuipackingmachine.com\/fr\/semi-automatic-round-bottle-labeling-machine\/\">machines d'\u00e9tiquetage semi-automatiques pour bouteilles rondes<\/a><\/strong> \u00e0 vendre chez Top(Henen) Packing Machinery \u00e9galement, en plus de l'applicateur d'\u00e9tiquettes plates. Ces \u00e9tiqueteuses peuvent \u00eatre utilis\u00e9es seules ou associ\u00e9es \u00e0 d'autres machines pour composer une ligne de production, comme des machines de remplissage, des machines de capsulage, des machines de scellage, des machines d'emballage sous film r\u00e9tractable, des scelleuses sous vide, des <strong><a href=\"https:\/\/tianhuipackingmachine.com\/fr\/\">machines d'emballage<\/a><\/strong>, etc. Si vous souhaitez en savoir plus, vous pouvez <strong><a href=\"https:\/\/tianhuipackingmachine.com\/fr\/contact\/\">nous contacter<\/a><\/strong> et nous vous r\u00e9pondrons d\u00e8s que possible.<\/p>","protected":false},"excerpt":{"rendered":"<p>Flat label applicator includes desktop flat labeling machine and a vertical flat labeling machine. It\u2019s an automatic labeling machine, suitable for various flat surfaces, such as flat bags, boxes, or cans with flat covers, cartons, etc. The machine can be used alone or matched with other machines to compose a whole production line, like filling [&hellip;]<\/p>\n","protected":false},"author":1,"featured_media":2831,"parent":0,"template":"","tags":[172],"product-type":[144],"class_list":["post-2827","product","type-product","status-publish","has-post-thumbnail","hentry","tag-labeling-machine","product-type-supporting-equipment"],"_links":{"self":[{"href":"https:\/\/tianhuipackingmachine.com\/fr\/wp-json\/wp\/v2\/product\/2827","targetHints":{"allow":["GET"]}}],"collection":[{"href":"https:\/\/tianhuipackingmachine.com\/fr\/wp-json\/wp\/v2\/product"}],"about":[{"href":"https:\/\/tianhuipackingmachine.com\/fr\/wp-json\/wp\/v2\/types\/product"}],"author":[{"embeddable":true,"href":"https:\/\/tianhuipackingmachine.com\/fr\/wp-json\/wp\/v2\/users\/1"}],"wp:featuredmedia":[{"embeddable":true,"href":"https:\/\/tianhuipackingmachine.com\/fr\/wp-json\/wp\/v2\/media\/2831"}],"wp:attachment":[{"href":"https:\/\/tianhuipackingmachine.com\/fr\/wp-json\/wp\/v2\/media?parent=2827"}],"wp:term":[{"taxonomy":"post_tag","embeddable":true,"href":"https:\/\/tianhuipackingmachine.com\/fr\/wp-json\/wp\/v2\/tags?post=2827"},{"taxonomy":"product-type","embeddable":true,"href":"https:\/\/tianhuipackingmachine.com\/fr\/wp-json\/wp\/v2\/product-type?post=2827"}],"curies":[{"name":"wp","href":"https:\/\/api.w.org\/{rel}","templated":true}]}}