{"id":2805,"date":"2021-09-25T10:07:48","date_gmt":"2021-09-25T02:07:48","guid":{"rendered":"https:\/\/tianhuipackingmachine.com\/?page_id=2805"},"modified":"2022-12-08T11:47:23","modified_gmt":"2022-12-08T03:47:23","slug":"desktop-vacuum-packing-machine","status":"publish","type":"product","link":"https:\/\/tianhuipackingmachine.com\/fr\/desktop-vacuum-packing-machine\/","title":{"rendered":"Machine d'emballage sous vide de bureau"},"content":{"rendered":"<p class=\"translation-block\"><strong>La machine de conditionnement sous vide de bureau<\/strong> s'applique \u00e0 divers emballages alimentaires sous vide, prolongeant la dur\u00e9e de conservation, ralentissant la d\u00e9t\u00e9rioration des aliments. Elle pr\u00e9sente les avantages d'un petit espace occup\u00e9, de la portabilit\u00e9, d'un faible co\u00fbt et d'un bon effet de scellage. Ce type de machine de conditionnement sous vide de table n\u00e9cessite que nous mettions manuellement le mat\u00e9riau \u00e0 remplir dans des sacs pr\u00e9fabriqu\u00e9s, puis que nous placions la pochette avec le mat\u00e9riau dans la machine pour sceller. Ainsi, la machine de conditionnement sous vide de bureau peut \u00e9galement \u00eatre appel\u00e9e scelleuse sous vide de bureau.<\/p>    <h2 class=\"wp-block-heading\" id=\"h-desktop-vacuum-packing-machine-for-sale\">Machine d'emballage sous vide de bureau \u00e0 vendre<\/h2>    <p>La scelleuse sous vide portable \u00e0 vendre chez Top Packing Machinery comprend le type DZ-260, qui subdivise DZ-260A, DZ-260B et DZ-260C. La machine d'emballage sous vide est en acier inoxydable, durable et difficile \u00e0 rouiller. La pompe \u00e0 vide adopte des pi\u00e8ces de marque c\u00e9l\u00e8bres, extrayant l'air rapidement et efficacement, fonctionnant efficacement. Son couvercle est transparent, r\u00e9sistant \u00e0 la corrosion et couvrant la dur\u00e9e de vie. Si vous souhaitez choisir et acheter une machine sous vide plus efficace, vous pouvez envisager une machine sous vide \u00e0 cloche ou une machine sous vide double.<\/p>    <figure class=\"wp-block-image aligncenter size-full\"><img loading=\"lazy\" decoding=\"async\" width=\"750\" height=\"500\" src=\"https:\/\/tianhuipackingmachine.com\/wp-content\/uploads\/2021\/09\/desktop-vacuum-packing-machine.jpg\" alt=\"machine d&#039;emballage sous vide de bureau\" class=\"wp-image-2806\" srcset=\"https:\/\/tianhuipackingmachine.com\/wp-content\/uploads\/2021\/09\/desktop-vacuum-packing-machine.jpg 750w, https:\/\/tianhuipackingmachine.com\/wp-content\/uploads\/2021\/09\/desktop-vacuum-packing-machine-300x200.jpg 300w\" sizes=\"auto, (max-width: 750px) 100vw, 750px\" \/><figcaption class=\"wp-element-caption\">Machine d'emballage sous vide de bureau<\/figcaption><\/figure>    <h2 class=\"has-text-color wp-block-heading\" id=\"h-table-top-vacuum-sealer-parameters\" style=\"color:#ff5200\">Param\u00e8tres de la machine sous vide de table<\/h2>    <figure class=\"wp-block-table is-style-stripes\"><table><tbody><tr><td>Mod\u00e8le<\/td><td>DZ-260A<\/td><td>DZ-260B<\/td><td>DZ-260C<\/td><\/tr><tr><td>Source de courant<\/td><td> AC220V\/50Hz 110V\/60Hz <\/td><td>AC220V\/50Hz 110V\/60Hz<\/td><td>AC220V\/50Hz 110V\/60Hz<\/td><\/tr><tr><td>Puissance de la pompe \u00e0 vide<\/td><td>180W<\/td><td>180W<\/td><td>120W<\/td><\/tr><tr><td>Pouvoir de thermoscellage<\/td><td>260W<\/td><td>260W<\/td><td>260W<\/td><\/tr><tr><td>Taille de la salle sous vide<\/td><td>390*285*50mm<\/td><td>390*285*50mm<\/td><td>330*270*50mm<\/td><\/tr><tr><td>Mat\u00e9riau de la chambre sous vide<\/td><td>Acier inoxydable<\/td><td>Acier inoxydable<\/td><td>Acier inoxydable<\/td><\/tr><tr><td>Taille de la machine<\/td><td>490*340*380mm<\/td><td>490*340*380mm<\/td><td>405*320*340mm<\/td><\/tr><\/tbody><\/table><\/figure>    <h2 class=\"wp-block-heading\" id=\"h-features-of-tabletop-vacuum-packing-machine\">Caract\u00e9ristiques de la machine d'emballage sous vide de table<\/h2>    <ol class=\"wp-block-list\" type=\"1\"> <li>Conception raisonnable, structure simple, bon effet d'\u00e9tanch\u00e9it\u00e9, op\u00e9ration simple, applications larges<\/li>    <li>Petite taille, portable, faible co\u00fbt, prix abordable, adapt\u00e9 aux petites entreprises, faible bruit<\/li>    <li>Le panneau de commande intelligent adopte un syst\u00e8me de micro-ordinateur, facile \u00e0 g\u00e9rer divers param\u00e8tres<\/li>    <li>Le corps de la machine est en acier inoxydable, durable et de bonne apparence<\/li>    <li>La salle sous vide est une conception en pente, pratique pour placer des mat\u00e9riaux humides ou avec de l'huile<\/li>    <li>Couvercle sous vide transparent, r\u00e9sistant \u00e0 la corrosion et \u00e0 la rouille, bon \u00e9tat d'\u00e9tanch\u00e9it\u00e9<\/li>    <li>Facile \u00e0 utiliser et \u00e0 entretenir, simple \u00e0 d\u00e9monter la machine de sa partie arri\u00e8re<\/li>    <li>L'interrupteur d'urgence peut arr\u00eater la proc\u00e9dure lorsqu'elle est en cours par mesure de s\u00e9curit\u00e9<\/li> <\/ol>    <h2 class=\"wp-block-heading\" id=\"h-wide-applications-of-desktop-vacuum-sealer\">Applications larges de la scelleuse sous vide de bureau<\/h2>    <p class=\"translation-block\">En tant que type de <strong><a href=\"https:\/\/tianhuipackingmachine.com\/fr\/vacuum-packaging-machine\/\">scelleuse sous vide<\/a><\/strong>, la machine de conditionnement sous vide de bureau s'applique \u00e0 la viande, aux fruits, aux l\u00e9gumes, aux c\u00e9r\u00e9ales, aux \u00e9pices, aux collations, aux fruits de mer, etc. Elle convient pour le b\u0153uf, l'agneau, le porc, le poisson, le poulet, la saucisse, le bacon, le canard r\u00f4ti, la pomme, les prunes, les p\u00eaches, l'orange, le kiwi, les myrtilles, le citron, l'ananas, le jacquier, la carotte, les l\u00e9gumes verts, le piment, le concombre, le tofu s\u00e9ch\u00e9, <strong><a href=\"https:\/\/tianhuipackingmachine.com\/fr\/rice-packaging-machine\/\">le riz<\/a><\/strong>, les flocons d'avoine, le soja, le haricot vert, le haricot rouge, le riz noir, la poudre de poivre noir, <strong><a href=\"https:\/\/tianhuipackingmachine.com\/fr\/chilli-powder-packing-machine\/\">la poudre de piment<\/a><\/strong>, la poudre de gingembre, la poudre de cumin, la poudre de cardamome, <strong><a href=\"https:\/\/tianhuipackingmachine.com\/fr\/tea-packaging-machine\/\">le th\u00e9<\/a><\/strong>, les biscuits, les fruits secs, le ma\u00efs, les cacahu\u00e8tes, les noix, les graines de melon, etc. Pour les sacs d'emballage, les sacs d'emballage sous vide courants sont g\u00e9n\u00e9ralement applicables.<\/p>    <figure class=\"wp-block-image aligncenter size-full\"><img loading=\"lazy\" decoding=\"async\" width=\"750\" height=\"500\" src=\"https:\/\/tianhuipackingmachine.com\/wp-content\/uploads\/2021\/09\/table-top-vacuum-packing-machine-applications.jpg\" alt=\"applications de machines d&#039;emballage sous vide de table\" class=\"wp-image-2807\" srcset=\"https:\/\/tianhuipackingmachine.com\/wp-content\/uploads\/2021\/09\/table-top-vacuum-packing-machine-applications.jpg 750w, https:\/\/tianhuipackingmachine.com\/wp-content\/uploads\/2021\/09\/table-top-vacuum-packing-machine-applications-300x200.jpg 300w\" sizes=\"auto, (max-width: 750px) 100vw, 750px\" \/><figcaption class=\"wp-element-caption\">Applications de machines d'emballage sous vide de table<\/figcaption><\/figure>    <h2 class=\"wp-block-heading\" id=\"h-desktop-vacuum-packing-machine-structure\">Structure de la machine d'emballage sous vide de bureau<\/h2>    <p>La machine d'emballage sous vide de table se compose d'une pompe \u00e0 vide, d'un panneau de commande, d'une chambre \u00e0 vide, d'une bande d'\u00e9tanch\u00e9it\u00e9, d'un couvercle transparent, etc. Premi\u00e8rement, la pompe \u00e0 vide est haute puissance, vitesse de pompage rapide, haute efficacit\u00e9 et faible bruit. Deuxi\u00e8mement, le panneau de commande g\u00e8re les param\u00e8tres du vide, affichant le degr\u00e9 de vide dans la chambre \u00e0 vide, le temps de mise sous vide, de scellage, de refroidissement, etc. Troisi\u00e8mement, la surface de la salle sous vide est inclin\u00e9e, ce qui est pratique pour mettre un sac sous vide contenant un mat\u00e9riau humide ou huileux. En outre, une bande d'\u00e9tanch\u00e9it\u00e9 est utilis\u00e9e pour garantir la longueur et la largeur du vide. Et le couvercle transparent rend le processus de travail visible et facile \u00e0 utiliser.<\/p>    <h2 class=\"wp-block-heading\" id=\"h-related-machines-to-vacuum-packaging\">Machines li\u00e9es \u00e0 l'emballage sous vide<\/h2>    <p class=\"translation-block\">Les machines de conditionnement sous vide chez <strong><a href=\"https:\/\/tianhuipackingmachine.com\/fr\/\">Top(Henan) Packaging Machinery<\/a><\/strong> \u00e0 vendre incluent le conditionneur sous vide de bureau, le conditionneur sous vide \u00e0 chambre unique et le conditionneur sous vide \u00e0 double chambre. Compar\u00e9 \u00e0 la scelleuse sous vide de table, la chambre \u00e0 vide d'une <strong><a href=\"https:\/\/tianhuipackingmachine.com\/fr\/single-chamber-vacuum-packaging-machine\/\">machine de conditionnement sous vide \u00e0 chambre unique<\/a><\/strong> poss\u00e8de un espace plus grand pour le scellage sous vide et une efficacit\u00e9 de travail sup\u00e9rieure. Si vous visez une plus grande production, il est judicieux de choisir <strong><a href=\"https:\/\/tianhuipackingmachine.com\/fr\/double-chamber-vacuum-packaging-machine\/\">la machine de conditionnement sous vide \u00e0 double chambre<\/a><\/strong>. De plus, nous fournissons \u00e9galement des machines de remplissage, des machines d'\u00e9tiquetage, des imprimantes de date, etc. En outre, nous proposons \u00e9galement un service de personnalisation selon vos exigences sp\u00e9cifiques. <strong><a href=\"https:\/\/tianhuipackingmachine.com\/fr\/contact\/\">Contactez-nous<\/a><\/strong> pour plus de d\u00e9tails.<\/p>    <figure class=\"wp-block-image aligncenter size-full\"><img loading=\"lazy\" decoding=\"async\" width=\"750\" height=\"500\" src=\"https:\/\/tianhuipackingmachine.com\/wp-content\/uploads\/2021\/09\/single-chamber-double-chamber-vacuum-sealer.jpg\" alt=\"scelleuse sous vide \u00e0 chambre simple et double chambre\" class=\"wp-image-2809\" srcset=\"https:\/\/tianhuipackingmachine.com\/wp-content\/uploads\/2021\/09\/single-chamber-double-chamber-vacuum-sealer.jpg 750w, https:\/\/tianhuipackingmachine.com\/wp-content\/uploads\/2021\/09\/single-chamber-double-chamber-vacuum-sealer-300x200.jpg 300w\" sizes=\"auto, (max-width: 750px) 100vw, 750px\" \/><figcaption class=\"wp-element-caption\">Chambre unique et Amp; Scelleuse sous vide \u00e0 double chambre<\/figcaption><\/figure>","protected":false},"excerpt":{"rendered":"<p>Desktop vacuum packing machine applies to various food vacuum packaging, extending shelf life, slowing down food spoilage. It has the advantages of small occupied space, portability, low cost, and good sealing effect. This kind of tabletop vacuum packaging machine needs us to put the material to fill in pre-made bags manually, then place the pouch [&hellip;]<\/p>\n","protected":false},"author":1,"featured_media":2806,"parent":0,"template":"","tags":[194],"product-type":[140],"class_list":["post-2805","product","type-product","status-publish","has-post-thumbnail","hentry","tag-vacuum-packing-machine","product-type-vacuum-packaging-machines"],"_links":{"self":[{"href":"https:\/\/tianhuipackingmachine.com\/fr\/wp-json\/wp\/v2\/product\/2805","targetHints":{"allow":["GET"]}}],"collection":[{"href":"https:\/\/tianhuipackingmachine.com\/fr\/wp-json\/wp\/v2\/product"}],"about":[{"href":"https:\/\/tianhuipackingmachine.com\/fr\/wp-json\/wp\/v2\/types\/product"}],"author":[{"embeddable":true,"href":"https:\/\/tianhuipackingmachine.com\/fr\/wp-json\/wp\/v2\/users\/1"}],"wp:featuredmedia":[{"embeddable":true,"href":"https:\/\/tianhuipackingmachine.com\/fr\/wp-json\/wp\/v2\/media\/2806"}],"wp:attachment":[{"href":"https:\/\/tianhuipackingmachine.com\/fr\/wp-json\/wp\/v2\/media?parent=2805"}],"wp:term":[{"taxonomy":"post_tag","embeddable":true,"href":"https:\/\/tianhuipackingmachine.com\/fr\/wp-json\/wp\/v2\/tags?post=2805"},{"taxonomy":"product-type","embeddable":true,"href":"https:\/\/tianhuipackingmachine.com\/fr\/wp-json\/wp\/v2\/product-type?post=2805"}],"curies":[{"name":"wp","href":"https:\/\/api.w.org\/{rel}","templated":true}]}}