{"id":2733,"date":"2021-09-24T09:58:04","date_gmt":"2021-09-24T01:58:04","guid":{"rendered":"https:\/\/tianhuipackingmachine.com\/?page_id=2733"},"modified":"2022-04-27T11:43:16","modified_gmt":"2022-04-27T03:43:16","slug":"electric-vertical-packing-machine","status":"publish","type":"product","link":"https:\/\/tianhuipackingmachine.com\/fr\/electric-vertical-packing-machine\/","title":{"rendered":"Machine d'emballage verticale \u00e9lectrique"},"content":{"rendered":"<p class=\"translation-block\"><strong>La machine d'emballage verticale \u00e9lectrique<\/strong> se compose principalement de deux parties\u00a0: le syst\u00e8me d'alimentation et le syst\u00e8me d'emballage. Le syst\u00e8me d'alimentation est une petite machine de remplissage pour poudre, granul\u00e9s ou deux-en-un. De nombreuses plages de remplissage sont disponibles en option. Le syst\u00e8me d'emballage est utilis\u00e9 pour fabriquer des sacs afin d'emballer les mat\u00e9riaux tombant du syst\u00e8me d'alimentation. Compar\u00e9e \u00e0 une machine d'emballage standard pour granul\u00e9s ou poudre, la machine remplit avec une plus grande pr\u00e9cision par pesage quantitatif, mais la vitesse d'emballage est plus lente. Et son faible co\u00fbt la rend adapt\u00e9e aux petites et moyennes entreprises. De plus, un service de personnalisation est disponible selon vos besoins.<\/p>    <h2 class=\"wp-block-heading\" id=\"h-electric-vertical-packaging-machine-for-sale\">Machine d'emballage verticale \u00e9lectrique \u00e0 vendre<\/h2>    <p class=\"translation-block\">La machine d'emballage verticale \u00e9lectrique de <strong><a href=\"https:\/\/tianhuipackingmachine.com\/fr\/\">Henan Top Packing machinery<\/a><\/strong> \u00e0 vendre comprend une machine d'emballage de type scellage lat\u00e9ral \u00e9lectrique et une machine d'emballage de type scellage arri\u00e8re \u00e9lectrique. Les deux types d'\u00e9quipements diff\u00e8rent par le formeur de sac, le dispositif de scellage vertical et le dispositif de scellage et de coupe final. La machine peut fabriquer des sacs \u00e0 3 c\u00f4t\u00e9s scell\u00e9s ou des sacs \u00e0 scellage arri\u00e8re. Elle peut terminer s\u00e9par\u00e9ment le processus de pesage, de formation de sac, de remplissage, de scellage et de coupe. Le panneau de commande peut r\u00e9gler la temp\u00e9rature de scellage et la longueur du sac, et afficher la temp\u00e9rature sup\u00e9rieure, la temp\u00e9rature inf\u00e9rieure et la longueur r\u00e9elle.<\/p>    <figure class=\"wp-block-gallery has-nested-images columns-default is-cropped wp-block-gallery-2 is-layout-flex wp-block-gallery-is-layout-flex\"> <figure class=\"wp-block-image size-large\"><img loading=\"lazy\" decoding=\"async\" width=\"750\" height=\"500\" data-id=\"4432\" src=\"https:\/\/tianhuipackingmachine.com\/wp-content\/uploads\/2021\/12\/electric-packaging-machine-750x500.jpg\" alt=\"machine d&#039;emballage \u00e9lectrique\" class=\"wp-image-4432\" srcset=\"https:\/\/tianhuipackingmachine.com\/wp-content\/uploads\/2021\/12\/electric-packaging-machine.jpg 750w, https:\/\/tianhuipackingmachine.com\/wp-content\/uploads\/2021\/12\/electric-packaging-machine-480x320.jpg 480w\" sizes=\"auto, (max-width: 750px) 100vw, 750px\" \/><figcaption>Machine d'emballage \u00e9lectrique<\/figcaption><\/figure>    <figure class=\"wp-block-image size-large\"><img loading=\"lazy\" decoding=\"async\" width=\"750\" height=\"500\" data-id=\"3630\" src=\"https:\/\/tianhuipackingmachine.com\/wp-content\/uploads\/2021\/12\/Electric-VFFS-Machine-750x500.jpg\" alt=\"Machine \u00e9lectrique VFFS\" class=\"wp-image-3630\" srcset=\"https:\/\/tianhuipackingmachine.com\/wp-content\/uploads\/2021\/12\/Electric-VFFS-Machine.jpg 750w, https:\/\/tianhuipackingmachine.com\/wp-content\/uploads\/2021\/12\/Electric-VFFS-Machine-480x320.jpg 480w\" sizes=\"auto, (max-width: 750px) 100vw, 750px\" \/><figcaption>Machine \u00e9lectrique Vffs<\/figcaption><\/figure> <\/figure>    <h2 class=\"wp-block-heading\" id=\"h-features-of-electric-vertical-packaging-machine\">Caract\u00e9ristiques de la machine d'emballage verticale \u00e9lectrique<\/h2>    <ol class=\"wp-block-list\" type=\"1\"><li>Conception raisonnable, structure simple, facile \u00e0 utiliser<\/li><li>Pesage pr\u00e9cis, haute pr\u00e9cision, faible co\u00fbt, prix abordable<\/li><li>De nombreuses \u00e9tendues d'emballage peuvent \u00eatre choisies en fonction de vos besoins<\/li><li>Le sac scell\u00e9 sur 3 c\u00f4t\u00e9s et le sac scell\u00e9 \u00e0 l'arri\u00e8re sont facultatifs<\/li><li>Service de personnalisation disponible<\/li><\/ol>    <h2 class=\"wp-block-heading\" id=\"h-wide-applications-of-small-electric-packing-machine\">Applications larges de petite machine d'emballage \u00e9lectrique<\/h2>    <p class=\"translation-block\">La machine est similaire \u00e0 d'autres <strong><a href=\"https:\/\/tianhuipackingmachine.com\/fr\/machine-demballage-de-granules\/\">machines d'emballage de granul\u00e9s<\/a><\/strong> et machines d'emballage de poudre. Elle s'applique \u00e0 divers granul\u00e9s et poudres, tels que cacahu\u00e8te, grain de caf\u00e9, graines de melon, c\u00e9r\u00e9ales, noix, avoine, riz, th\u00e9, fruits secs, s\u00e9same, soja, haricot vert, haricot rouge, glutamate monosodique, sel, farine, lait en poudre, farine de ma\u00efs, farine de riz, <strong><a href=\"https:\/\/tianhuipackingmachine.com\/fr\/coffee-packaging-machine\/\">poudre de caf\u00e9<\/a><\/strong>, \u00e9pice, <strong><a href=\"https:\/\/tianhuipackingmachine.com\/fr\/chilli-powder-packing-machine\/\">poudre de piment<\/a><\/strong>, amidon, poudre de colorant, <strong><a href=\"https:\/\/tianhuipackingmachine.com\/fr\/detergent-powder-packing-machine\/\">poudre d\u00e9tergente<\/a><\/strong>, etc.<\/p>    <figure class=\"wp-block-gallery has-nested-images columns-default is-cropped wp-block-gallery-3 is-layout-flex wp-block-gallery-is-layout-flex\"> <figure class=\"wp-block-image size-large\"><img loading=\"lazy\" decoding=\"async\" width=\"750\" height=\"500\" data-id=\"4433\" src=\"https:\/\/tianhuipackingmachine.com\/wp-content\/uploads\/2021\/12\/final-packing-effect-750x500.jpg\" alt=\"effet d&#039;emballage final\" class=\"wp-image-4433\" srcset=\"https:\/\/tianhuipackingmachine.com\/wp-content\/uploads\/2021\/12\/final-packing-effect.jpg 750w, https:\/\/tianhuipackingmachine.com\/wp-content\/uploads\/2021\/12\/final-packing-effect-480x320.jpg 480w\" sizes=\"auto, (max-width: 750px) 100vw, 750px\" \/><figcaption>Effet d'emballage final<\/figcaption><\/figure>    <figure class=\"wp-block-image size-large\"><img loading=\"lazy\" decoding=\"async\" width=\"750\" height=\"500\" data-id=\"4434\" src=\"https:\/\/tianhuipackingmachine.com\/wp-content\/uploads\/2021\/12\/packaging-effect-display-1-750x500.jpg\" alt=\"affichage de l&#039;effet d&#039;emballage\" class=\"wp-image-4434\" srcset=\"https:\/\/tianhuipackingmachine.com\/wp-content\/uploads\/2021\/12\/packaging-effect-display-1.jpg 750w, https:\/\/tianhuipackingmachine.com\/wp-content\/uploads\/2021\/12\/packaging-effect-display-1-480x320.jpg 480w\" sizes=\"auto, (max-width: 750px) 100vw, 750px\" \/><figcaption>Affichage de l'effet d'emballage<\/figcaption><\/figure> <\/figure>    <h2 class=\"wp-block-heading\" id=\"h-electric-vertical-form-filling-sealing-machine-working-video\">Vid\u00e9o de travail de la machine de remplissage et de scellage de formulaires verticale \u00e9lectrique <\/h2>   <figure class=\"wp-block-embed-youtube wp-block-embed is-type-video is-provider-youtube wp-embed-aspect-16-9 wp-has-aspect-ratio\"><div class=\"lyte-wrapper\" title=\"Machine d&#039;emballage verticale \u00e9lectrique | Convient pour la poudre, les granul\u00e9s avec sac b\u00e2ton, le sac \u00e0 fermeture lat\u00e9rale\" style=\"width:853px;max-width:100%;margin:5px auto;\"><div class=\"lyMe\" id=\"WYL_7TSMlFBWPOY\" itemprop=\"video\" itemscope itemtype=\"https:\/\/schema.org\/VideoObject\"><div><meta itemprop=\"thumbnailUrl\" content=\"https:\/\/i.ytimg.com\/vi\/7TSMlFBWPOY\/hqdefault.jpg\" \/><meta itemprop=\"embedURL\" content=\"https:\/\/www.youtube.com\/embed\/7TSMlFBWPOY\" \/><meta itemprop=\"duration\" content=\"PT4M31S\" \/><meta itemprop=\"uploadDate\" content=\"2021-12-24T04:18:33Z\" \/><\/div><div id=\"lyte_7TSMlFBWPOY\" data-src=\"https:\/\/i.ytimg.com\/vi\/7TSMlFBWPOY\/hqdefault.jpg\" class=\"pL\"><div class=\"tC\"><div class=\"tT\" itemprop=\"name\">Machine d'emballage verticale \u00e9lectrique | Convient pour la poudre, les granul\u00e9s avec sac b\u00e2ton, le sac \u00e0 fermeture lat\u00e9rale<\/div><\/div><div class=\"play\"><\/div><div class=\"ctrl\"><div class=\"Lctrl\"><\/div><div class=\"Rctrl\"><\/div><\/div><\/div><noscript><a href=\"https:\/\/youtu.be\/7TSMlFBWPOY\" rel=\"nofollow noopener\" target=\"_blank\"><img loading=\"lazy\" decoding=\"async\" src=\"https:\/\/i.ytimg.com\/vi\/7TSMlFBWPOY\/0.jpg\" alt=\"Machine d&#039;emballage verticale \u00e9lectrique | Convient pour la poudre, les granul\u00e9s avec sac b\u00e2ton, le sac \u00e0 fermeture lat\u00e9rale\" width=\"853\" height=\"460\" \/><\/a><\/noscript><meta itemprop=\"description\" content=\"https:\/\/tianhuipackingmachine.com\/electric-vertical-packing-machine\/ If you are interested in it, welcome to consult us. Email: sales@toppackingmachine.com | Whatsapp\/Tel: +86 17329326135 Electric vertical packing machine applies to various powdery and granular material packaging, such as milk powder, coffee powder, spice powder, sugar, salt, peanut, banana chips, rice, etc. It has the characteristics of low cost, small occupied space, wide applicable material, and so on. There are lots of types of machines, and so can choose the suitable one according to your actual needs. If you are interested in it, welcome to consult us. Email: sales@toppackingmachine.com | Whatsapp\/Tel: +86 17329326135 https:\/\/tianhuipackingmachine.com\/electric-vertical-packing-machine\/\"><\/div><\/div><div class=\"lL\" style=\"max-width:100%;width:853px;margin:5px auto;\"> <a href=\"https:\/\/youtu.be\/7TSMlFBWPOY\" target=\"_blank\" rel=\"noopener\">Regarder cette vid\u00e9o sur YouTube<\/a>.<\/div><figcaption><\/figcaption><\/figure>   <h2 class=\"wp-block-heading\" id=\"h-electric-vertical-packing-machine-structure\">Structure de la machine d'emballage verticale \u00e9lectrique<\/h2>    <p class=\"translation-block\">La machine d'emballage \u00e9lectrique est un type de <strong><a href=\"https:\/\/tianhuipackingmachine.com\/fr\/vertical-packaging-machine\/\">machine verticale de formage, remplissage et scellage<\/a><\/strong>. Elle est compos\u00e9e d'un film d'emballage en rouleau, d'une tr\u00e9mie \u00e0 mat\u00e9riaux, d'un panneau de commande quantitatif, d'un formeur de sac, d'un panneau de commande encapsul\u00e9, d'un interrupteur d'alimentation, d'un s\u00e9parateur, d'un dispositif de scellage, de roues de traction du film d'emballage, d'un trou de d\u00e9charge. Elle adopte un pesage et un remplissage quantitatifs, avec une grande pr\u00e9cision et exactitude. Les panneaux de commande intelligents peuvent r\u00e9gler divers param\u00e8tres concernant le remplissage et l'emballage, ce qui est simple \u00e0 utiliser. Le formeur de sac est utilis\u00e9 pour fa\u00e7onner les sacs pour l'emballage. Le scellage \u00e0 chaud est stable et donne un bon effet. Les roues de traction du film d'emballage tirent le film vers le bas, am\u00e9liorant l'efficacit\u00e9 de l'emballage. De plus, la machine peut \u00e9galement \u00eatre associ\u00e9e \u00e0 d'autres dispositifs, tels qu'une imprimante de date, un dispositif de chargement, un dispositif de remplissage d'azote, etc. <\/p>    <div class=\"wp-block-image\"><figure class=\"aligncenter size-large\"><img loading=\"lazy\" decoding=\"async\" width=\"750\" height=\"500\" src=\"https:\/\/tianhuipackingmachine.com\/wp-content\/uploads\/2021\/12\/structure-of-electric-verticle-packing-machine-750x500.jpg\" alt=\"structure de la machine d&#039;emballage verticale \u00e9lectrique\" class=\"wp-image-4317\" srcset=\"https:\/\/tianhuipackingmachine.com\/wp-content\/uploads\/2021\/12\/structure-of-electric-verticle-packing-machine.jpg 750w, https:\/\/tianhuipackingmachine.com\/wp-content\/uploads\/2021\/12\/structure-of-electric-verticle-packing-machine-480x320.jpg 480w\" sizes=\"auto, (max-width: 750px) 100vw, 750px\" \/><figcaption>structure de la machine d'emballage verticale \u00e9lectrique<\/figcaption><\/figure><\/div>    <h2 class=\"wp-block-heading\" id=\"h-detailed-components-of-the-electric-vertical-packer\">Composants d\u00e9taill\u00e9s de l'emballeur vertical \u00e9lectrique<\/h2>    <div class=\"wp-block-columns is-layout-flex wp-container-core-columns-is-layout-28f84493 wp-block-columns-is-layout-flex\"> <div class=\"wp-block-column is-layout-flow wp-block-column-is-layout-flow\"> <figure class=\"wp-block-gallery has-nested-images columns-default is-cropped wp-block-gallery-4 is-layout-flex wp-block-gallery-is-layout-flex\"> <figure class=\"wp-block-image size-large\"><img loading=\"lazy\" decoding=\"async\" width=\"750\" height=\"500\" data-id=\"4325\" src=\"https:\/\/tianhuipackingmachine.com\/wp-content\/uploads\/2021\/12\/material-hopper-750x500.jpg\" alt=\"tr\u00e9mie \u00e0 mat\u00e9riaux\" class=\"wp-image-4325\" srcset=\"https:\/\/tianhuipackingmachine.com\/wp-content\/uploads\/2021\/12\/material-hopper.jpg 750w, https:\/\/tianhuipackingmachine.com\/wp-content\/uploads\/2021\/12\/material-hopper-480x320.jpg 480w\" sizes=\"auto, (max-width: 750px) 100vw, 750px\" \/><figcaption>Tr\u00e9mie de mat\u00e9riaux<\/figcaption><\/figure>    <figure class=\"wp-block-image size-large\"><img loading=\"lazy\" decoding=\"async\" width=\"750\" height=\"500\" data-id=\"4326\" src=\"https:\/\/tianhuipackingmachine.com\/wp-content\/uploads\/2021\/12\/top-material-holder-750x500.jpg\" alt=\"support de mat\u00e9riel sup\u00e9rieur\" class=\"wp-image-4326\" srcset=\"https:\/\/tianhuipackingmachine.com\/wp-content\/uploads\/2021\/12\/top-material-holder.jpg 750w, https:\/\/tianhuipackingmachine.com\/wp-content\/uploads\/2021\/12\/top-material-holder-480x320.jpg 480w\" sizes=\"auto, (max-width: 750px) 100vw, 750px\" \/><figcaption>Support de mat\u00e9riau sup\u00e9rieur<\/figcaption><\/figure> <\/figure> <\/div>    <div class=\"wp-block-column is-layout-flow wp-block-column-is-layout-flow\"> <figure class=\"wp-block-gallery has-nested-images columns-default is-cropped wp-block-gallery-5 is-layout-flex wp-block-gallery-is-layout-flex\"> <figure class=\"wp-block-image size-large\"><img loading=\"lazy\" decoding=\"async\" width=\"750\" height=\"500\" data-id=\"4320\" src=\"https:\/\/tianhuipackingmachine.com\/wp-content\/uploads\/2021\/12\/control-panel-750x500.jpg\" alt=\"Panneau de contr\u00f4le\" class=\"wp-image-4320\" srcset=\"https:\/\/tianhuipackingmachine.com\/wp-content\/uploads\/2021\/12\/control-panel.jpg 750w, https:\/\/tianhuipackingmachine.com\/wp-content\/uploads\/2021\/12\/control-panel-480x320.jpg 480w\" sizes=\"auto, (max-width: 750px) 100vw, 750px\" \/><figcaption>Panneau de contr\u00f4le<\/figcaption><\/figure>    <figure class=\"wp-block-image size-large\"><img loading=\"lazy\" decoding=\"async\" width=\"750\" height=\"500\" data-id=\"4319\" src=\"https:\/\/tianhuipackingmachine.com\/wp-content\/uploads\/2021\/12\/coding-printer-750x500.jpg\" alt=\"imprimante de codage\" class=\"wp-image-4319\" srcset=\"https:\/\/tianhuipackingmachine.com\/wp-content\/uploads\/2021\/12\/coding-printer.jpg 750w, https:\/\/tianhuipackingmachine.com\/wp-content\/uploads\/2021\/12\/coding-printer-480x320.jpg 480w\" sizes=\"auto, (max-width: 750px) 100vw, 750px\" \/><figcaption>Imprimante de codage<\/figcaption><\/figure> <\/figure> <\/div> <\/div>    <div class=\"wp-block-columns is-layout-flex wp-container-core-columns-is-layout-28f84493 wp-block-columns-is-layout-flex\"> <div class=\"wp-block-column is-layout-flow wp-block-column-is-layout-flow\"> <figure class=\"wp-block-gallery has-nested-images columns-default is-cropped wp-block-gallery-6 is-layout-flex wp-block-gallery-is-layout-flex\"> <figure class=\"wp-block-image size-large\"><img loading=\"lazy\" decoding=\"async\" width=\"750\" height=\"500\" data-id=\"4324\" src=\"https:\/\/tianhuipackingmachine.com\/wp-content\/uploads\/2021\/12\/heat-sealing-750x500.jpg\" alt=\"thermoscellage\" class=\"wp-image-4324\" srcset=\"https:\/\/tianhuipackingmachine.com\/wp-content\/uploads\/2021\/12\/heat-sealing.jpg 750w, https:\/\/tianhuipackingmachine.com\/wp-content\/uploads\/2021\/12\/heat-sealing-480x320.jpg 480w\" sizes=\"auto, (max-width: 750px) 100vw, 750px\" \/><figcaption>Thermoscellage<\/figcaption><\/figure>    <figure class=\"wp-block-image size-large\"><img loading=\"lazy\" decoding=\"async\" width=\"750\" height=\"500\" data-id=\"4323\" src=\"https:\/\/tianhuipackingmachine.com\/wp-content\/uploads\/2021\/12\/forming-part-750x500.jpg\" alt=\"faisant partie\" class=\"wp-image-4323\" srcset=\"https:\/\/tianhuipackingmachine.com\/wp-content\/uploads\/2021\/12\/forming-part.jpg 750w, https:\/\/tianhuipackingmachine.com\/wp-content\/uploads\/2021\/12\/forming-part-480x320.jpg 480w\" sizes=\"auto, (max-width: 750px) 100vw, 750px\" \/><figcaption>Partie Formante<\/figcaption><\/figure> <\/figure> <\/div>    <div class=\"wp-block-column is-layout-flow wp-block-column-is-layout-flow\"> <figure class=\"wp-block-gallery has-nested-images columns-default is-cropped wp-block-gallery-7 is-layout-flex wp-block-gallery-is-layout-flex\"> <figure class=\"wp-block-image size-large\"><img loading=\"lazy\" decoding=\"async\" width=\"750\" height=\"500\" data-id=\"4321\" src=\"https:\/\/tianhuipackingmachine.com\/wp-content\/uploads\/2021\/12\/cursor-position-tracker-750x500.jpg\" alt=\"suivi de la position du curseur\" class=\"wp-image-4321\" srcset=\"https:\/\/tianhuipackingmachine.com\/wp-content\/uploads\/2021\/12\/cursor-position-tracker.jpg 750w, https:\/\/tianhuipackingmachine.com\/wp-content\/uploads\/2021\/12\/cursor-position-tracker-480x320.jpg 480w\" sizes=\"auto, (max-width: 750px) 100vw, 750px\" \/><figcaption>Suivi de la position du curseur<\/figcaption><\/figure>    <figure class=\"wp-block-image size-large\"><img loading=\"lazy\" decoding=\"async\" width=\"750\" height=\"500\" data-id=\"4322\" src=\"https:\/\/tianhuipackingmachine.com\/wp-content\/uploads\/2021\/12\/feeding-clamp-wheel-750x500.jpg\" alt=\"roue de serrage d&#039;alimentation\" class=\"wp-image-4322\" srcset=\"https:\/\/tianhuipackingmachine.com\/wp-content\/uploads\/2021\/12\/feeding-clamp-wheel.jpg 750w, https:\/\/tianhuipackingmachine.com\/wp-content\/uploads\/2021\/12\/feeding-clamp-wheel-480x320.jpg 480w\" sizes=\"auto, (max-width: 750px) 100vw, 750px\" \/><figcaption>Roue de serrage d'alimentation<\/figcaption><\/figure> <\/figure> <\/div> <\/div>    <h2 class=\"has-text-color wp-block-heading\" id=\"h-electric-side-seal-vertical-packaging-machine-parameters\" style=\"color:#ff5200\">Param\u00e8tres de la machine d'emballage verticale \u00e0 joint lat\u00e9ral \u00e9lectrique<\/h2>    <figure class=\"wp-block-table is-style-stripes\"><table><tbody><tr><td>Mod\u00e8le<\/td><td>CF-200<\/td><td>CF-260<\/td><td>CF-300<\/td><\/tr><tr><td>Pouvoir<\/td><td>600W<\/td><td>700W<\/td><td>800W<\/td><\/tr><tr><td>Vitesse d'emballage<\/td><td>700-1200 sacs\/h<\/td><td>650-1000 sacs\/h<\/td><td>650-1000 sacs\/h<\/td><\/tr><tr><td>Largeur du film d'emballage<\/td><td>5-20 cm<\/td><td>21-26 cm<\/td><td>27-30 cm<\/td><\/tr><tr><td>Longueur de sac<\/td><td>3-17 cm<\/td><td>3-22 cm<\/td><td>3-22 cm<\/td><\/tr><tr><td>Taille de la machine<\/td><td>45*55*148cm<\/td><td>56*63*168cm<\/td><td>56*63*168<\/td><\/tr><\/tbody><\/table><\/figure>    <h2 class=\"has-text-color wp-block-heading\" id=\"h-electric-back-seal-vertical-packaging-machine-parameters\" style=\"color:#ff5200\">Param\u00e8tres de la machine d'emballage verticale \u00e0 joint arri\u00e8re \u00e9lectrique<\/h2>    <figure class=\"wp-block-table is-style-stripes\"><table><tbody><tr><td>Mod\u00e8le<\/td><td>BF-200<\/td><td>BF-260<\/td><td>BF-340<\/td><td>BF-440<\/td><\/tr><tr><td>Pouvoir<\/td><td>600W<\/td><td>700W<\/td><td>800W<\/td><td>900W<\/td><\/tr><tr><td>Vitesse d'emballage<\/td><td>700-1200 sacs\/h<\/td><td>650-1000 sacs\/h<\/td><td>650-1000 sacs\/h<\/td><td>600-950 sacs\/h<\/td><\/tr><tr><td>Largeur du film d'emballage<\/td><td>5-20 cm<\/td><td>21-26 cm<\/td><td>27-34 cm<\/td><td>35-44 cm<\/td><\/tr><tr><td>Longueur de sac<\/td><td>3-17 cm<\/td><td>3-22 cm<\/td><td>3-22 cm<\/td><td>5-27 cm<\/td><\/tr><tr><td>Taille de la machine<\/td><td>45*55*148cm<\/td><td>56*63*168cm<\/td><td>56*63*168cm<\/td><td>66*77*180cm<\/td><\/tr><\/tbody><\/table><\/figure>    <h2 class=\"wp-block-heading\" id=\"h-conclusion\">Conclusion<\/h2>    <p class=\"translation-block\">La machine d'emballage verticale \u00e9lectrique peut terminer automatiquement le processus d'emballage. Sa vitesse de travail est plus lente que celle d'une emballeuse de granul\u00e9s standard et d'une <strong><a href=\"https:\/\/tianhuipackingmachine.com\/fr\/powder-packing-machine\/\">emballeuse de poudre<\/a><\/strong>, mais sa pr\u00e9cision de remplissage est plus \u00e9lev\u00e9e car la machine adopte un pesage et un remplissage quantitatifs, plut\u00f4t que des tasses \u00e0 mesurer ou un agitateur. De plus, elle pr\u00e9sente \u00e9galement les avantages d'un faible co\u00fbt, d'un prix abordable, adapt\u00e9 aux petites et moyennes entreprises. Si vous souhaitez <strong><a href=\"https:\/\/tianhuipackingmachine.com\/fr\/contact\/\">obtenir plus de d\u00e9tails<\/a><\/strong> ou devenir distributeur, vous pouvez nous contacter et nous vous r\u00e9pondrons dans les plus brefs d\u00e9lais.<\/p>","protected":false},"excerpt":{"rendered":"<p>Electric vertical packing machine mainly consists of two parts, feeding system, and packaging system. The feeding system is a small filling machine for powder, granule, or two-in-one. Many filling scopes are optional. The packaging system is used to make bags to package falling materials from the feeding system. Compared with a standard granule or powder [&hellip;]<\/p>\n","protected":false},"author":1,"featured_media":2743,"parent":0,"template":"","tags":[199],"product-type":[145],"class_list":["post-2733","product","type-product","status-publish","has-post-thumbnail","hentry","tag-vertical-packing-machine","product-type-other-products"],"_links":{"self":[{"href":"https:\/\/tianhuipackingmachine.com\/fr\/wp-json\/wp\/v2\/product\/2733","targetHints":{"allow":["GET"]}}],"collection":[{"href":"https:\/\/tianhuipackingmachine.com\/fr\/wp-json\/wp\/v2\/product"}],"about":[{"href":"https:\/\/tianhuipackingmachine.com\/fr\/wp-json\/wp\/v2\/types\/product"}],"author":[{"embeddable":true,"href":"https:\/\/tianhuipackingmachine.com\/fr\/wp-json\/wp\/v2\/users\/1"}],"wp:featuredmedia":[{"embeddable":true,"href":"https:\/\/tianhuipackingmachine.com\/fr\/wp-json\/wp\/v2\/media\/2743"}],"wp:attachment":[{"href":"https:\/\/tianhuipackingmachine.com\/fr\/wp-json\/wp\/v2\/media?parent=2733"}],"wp:term":[{"taxonomy":"post_tag","embeddable":true,"href":"https:\/\/tianhuipackingmachine.com\/fr\/wp-json\/wp\/v2\/tags?post=2733"},{"taxonomy":"product-type","embeddable":true,"href":"https:\/\/tianhuipackingmachine.com\/fr\/wp-json\/wp\/v2\/product-type?post=2733"}],"curies":[{"name":"wp","href":"https:\/\/api.w.org\/{rel}","templated":true}]}}