{"id":2710,"date":"2021-09-23T15:38:40","date_gmt":"2021-09-23T07:38:40","guid":{"rendered":"https:\/\/tianhuipackingmachine.com\/?page_id=2710"},"modified":"2023-01-18T15:30:04","modified_gmt":"2023-01-18T07:30:04","slug":"shisha-charcoal-packing-machine","status":"publish","type":"product","link":"https:\/\/tianhuipackingmachine.com\/fr\/shisha-charcoal-packing-machine\/","title":{"rendered":"Machine d'emballage de charbon de bois pour chicha"},"content":{"rendered":"<p class=\"translation-block\"><strong>Machine d'emballage de charbon Shisha<\/strong> ou machine d'emballage de charbon pour narguil\u00e9 est une sorte de machine \u00e0 flux horizontal. Elle est aliment\u00e9e \u00e9lectriquement et contr\u00f4l\u00e9e par un syst\u00e8me de contr\u00f4le PLC intelligent. Avec un mat\u00e9riau en acier inoxydable 304 et une structure raisonnable, l'emballeuse de charbon Shisha est durable et a une longue dur\u00e9e de vie. De plus, elle est assez facile \u00e0 installer, \u00e0 op\u00e9rer et \u00e0 entretenir. L'\u00e9quipement d'emballage de charbon Shisha en vente chez Henan Top Packing Machinery b\u00e9n\u00e9ficie d'une haute qualit\u00e9 et de prix comp\u00e9titifs. Et elle est appr\u00e9ci\u00e9e par de nombreux clients. N'h\u00e9sitez pas \u00e0 nous contacter pour obtenir le dernier prix.<\/p>    <figure class=\"wp-block-image aligncenter size-large\"><img loading=\"lazy\" decoding=\"async\" width=\"750\" height=\"500\" src=\"https:\/\/tianhuipackingmachine.com\/wp-content\/uploads\/2022\/01\/shisha-charcoal-packing-machine-750x500.jpg\" alt=\"machine d&#039;emballage de charbon de chicha\" class=\"wp-image-5054\" srcset=\"https:\/\/tianhuipackingmachine.com\/wp-content\/uploads\/2022\/01\/shisha-charcoal-packing-machine.jpg 750w, https:\/\/tianhuipackingmachine.com\/wp-content\/uploads\/2022\/01\/shisha-charcoal-packing-machine-480x320.jpg 480w\" sizes=\"auto, (max-width: 750px) 100vw, 750px\" \/><figcaption class=\"wp-element-caption\">Machine d'emballage de charbon de bois pour chicha<\/figcaption><\/figure>    <h2 class=\"wp-block-heading\" id=\"h-detailed-components-of-the-ring-shisha-charcoal-packing-equipment\">Composants d\u00e9taill\u00e9s de la machine d'emballage de charbon de chicha en anneau<\/h2>    <p class=\"translation-block\">Une ligne de production d'emballage de charbon pour narguil\u00e9 est principalement compos\u00e9e d'une bande transporteuse, d'une machine d'alimentation et d'une machine d'emballage en coussin. Apr\u00e8s que l'op\u00e9rateur ait d\u00e9pos\u00e9 les mati\u00e8res premi\u00e8res sur la bande transporteuse, elle les transportera jusqu'\u00e0 la machine d'alimentation. Le chargeur de mati\u00e8re peut s\u00e9parer ces charbons Shisha et les regrouper en lots pour l'emballage. Il y a de nombreuses loquets sur la machine \u00e0 emballage en flux afin que l'\u00e9quipement puisse donner au charbon de narguil\u00e9 une forme cylindrique pour l'emballage. Si vous avez besoin de les emballer dans des cartons, nous fournissons \u00e9galement des <a href=\"https:\/\/tianhuipackingmachine.com\/fr\/carton-sealing-machine\/\">machines de scellage et de cerclage de carton<\/a>. N'h\u00e9sitez pas \u00e0 nous consulter si vous \u00eates int\u00e9ress\u00e9 par ce type de machine d'emballage.<\/p>    <figure class=\"wp-block-gallery has-nested-images columns-default is-cropped wp-block-gallery-2 is-layout-flex wp-block-gallery-is-layout-flex\"> <figure class=\"wp-block-image size-large\"><img loading=\"lazy\" decoding=\"async\" width=\"750\" height=\"500\" data-id=\"5045\" src=\"https:\/\/tianhuipackingmachine.com\/wp-content\/uploads\/2022\/01\/conveyor-belts-for-hookah-charcoal-750x500.jpg\" alt=\"\" class=\"wp-image-5045\" srcset=\"https:\/\/tianhuipackingmachine.com\/wp-content\/uploads\/2022\/01\/conveyor-belts-for-hookah-charcoal.jpg 750w, https:\/\/tianhuipackingmachine.com\/wp-content\/uploads\/2022\/01\/conveyor-belts-for-hookah-charcoal-480x320.jpg 480w\" sizes=\"auto, (max-width: 750px) 100vw, 750px\" \/><figcaption class=\"wp-element-caption\">Bandes transporteuses pour charbon de narguil\u00e9<\/figcaption><\/figure>    <figure class=\"wp-block-image size-large\"><img loading=\"lazy\" decoding=\"async\" width=\"750\" height=\"500\" data-id=\"5039\" src=\"https:\/\/tianhuipackingmachine.com\/wp-content\/uploads\/2022\/01\/feeding-machine-for-sets-of-shisha-charcoal-750x500.jpg\" alt=\"machine d&#039;alimentation pour ensembles de charbon de chicha\" class=\"wp-image-5039\" srcset=\"https:\/\/tianhuipackingmachine.com\/wp-content\/uploads\/2022\/01\/feeding-machine-for-sets-of-shisha-charcoal.jpg 750w, https:\/\/tianhuipackingmachine.com\/wp-content\/uploads\/2022\/01\/feeding-machine-for-sets-of-shisha-charcoal-480x320.jpg 480w\" sizes=\"auto, (max-width: 750px) 100vw, 750px\" \/><figcaption class=\"wp-element-caption\">Machine d'alimentation pour ensembles de charbon de chicha<\/figcaption><\/figure>    <figure class=\"wp-block-image size-large\"><img loading=\"lazy\" decoding=\"async\" width=\"750\" height=\"500\" data-id=\"5044\" src=\"https:\/\/tianhuipackingmachine.com\/wp-content\/uploads\/2022\/01\/the-place-for-putting-a-group-of-hookah-charcoal-750x500.jpg\" alt=\"l&#039;endroit pour mettre un groupe de charbon de narguil\u00e9\" class=\"wp-image-5044\" srcset=\"https:\/\/tianhuipackingmachine.com\/wp-content\/uploads\/2022\/01\/the-place-for-putting-a-group-of-hookah-charcoal.jpg 750w, https:\/\/tianhuipackingmachine.com\/wp-content\/uploads\/2022\/01\/the-place-for-putting-a-group-of-hookah-charcoal-480x320.jpg 480w\" sizes=\"auto, (max-width: 750px) 100vw, 750px\" \/><figcaption class=\"wp-element-caption\">L'endroit pour mettre un groupe de charbon de narguil\u00e9<\/figcaption><\/figure> <\/figure>    <figure class=\"wp-block-gallery has-nested-images columns-default is-cropped wp-block-gallery-3 is-layout-flex wp-block-gallery-is-layout-flex\"> <figure class=\"wp-block-image size-large\"><img loading=\"lazy\" decoding=\"async\" width=\"750\" height=\"500\" data-id=\"5041\" src=\"https:\/\/tianhuipackingmachine.com\/wp-content\/uploads\/2022\/01\/shisha-charcoal-packaging-production-line-750x500.jpg\" alt=\"ligne de production d&#039;emballages de charbon de chicha\" class=\"wp-image-5041\" srcset=\"https:\/\/tianhuipackingmachine.com\/wp-content\/uploads\/2022\/01\/shisha-charcoal-packaging-production-line.jpg 750w, https:\/\/tianhuipackingmachine.com\/wp-content\/uploads\/2022\/01\/shisha-charcoal-packaging-production-line-480x320.jpg 480w\" sizes=\"auto, (max-width: 750px) 100vw, 750px\" \/><figcaption class=\"wp-element-caption\">Ligne de production d'emballages de charbon de chicha<\/figcaption><\/figure>    <figure class=\"wp-block-image size-large\"><img loading=\"lazy\" decoding=\"async\" width=\"750\" height=\"500\" data-id=\"5051\" src=\"https:\/\/tianhuipackingmachine.com\/wp-content\/uploads\/2022\/01\/upper-roll-film-device-750x500.jpg\" alt=\"dispositif de film en rouleau sup\u00e9rieur\" class=\"wp-image-5051\" srcset=\"https:\/\/tianhuipackingmachine.com\/wp-content\/uploads\/2022\/01\/upper-roll-film-device.jpg 750w, https:\/\/tianhuipackingmachine.com\/wp-content\/uploads\/2022\/01\/upper-roll-film-device-480x320.jpg 480w\" sizes=\"auto, (max-width: 750px) 100vw, 750px\" \/><figcaption class=\"wp-element-caption\">Dispositif de film en rouleau sup\u00e9rieur<\/figcaption><\/figure>    <figure class=\"wp-block-image size-large\"><img loading=\"lazy\" decoding=\"async\" width=\"750\" height=\"500\" data-id=\"5048\" src=\"https:\/\/tianhuipackingmachine.com\/wp-content\/uploads\/2022\/01\/PLC-touch-screen-750x500.jpg\" alt=\"\u00c9cran tactile CPL\" class=\"wp-image-5048\" srcset=\"https:\/\/tianhuipackingmachine.com\/wp-content\/uploads\/2022\/01\/PLC-touch-screen.jpg 750w, https:\/\/tianhuipackingmachine.com\/wp-content\/uploads\/2022\/01\/PLC-touch-screen-480x320.jpg 480w\" sizes=\"auto, (max-width: 750px) 100vw, 750px\" \/><figcaption class=\"wp-element-caption\">\u00c9cran tactile de PLC<\/figcaption><\/figure> <\/figure>    <h2 class=\"wp-block-heading\" id=\"h-features-of-hookah-charcoal-packaging-machine\">Caract\u00e9ristiques de la machine d'emballage de charbon de narguil\u00e9<\/h2>    <ol class=\"wp-block-list\" type=\"1\"> <li>excellente conception, structure simple, performances stables<\/li>    <li>Syst\u00e8me de contr\u00f4le intelligent PLC, facile \u00e0 utiliser et \u00e0 mettre \u00e0 niveau<\/li>    <li>Des dispositifs de protection de s\u00e9curit\u00e9 fiables pour assurer la s\u00e9curit\u00e9 des op\u00e9rateurs<\/li>    <li>Syst\u00e8me de servomoteur, fonctionne avec pr\u00e9cision et efficacit\u00e9<\/li>    <li>Contr\u00f4le PID de temp\u00e9rature ind\u00e9pendant, adapt\u00e9 \u00e0 l'emballage de divers mat\u00e9riaux de film<\/li>    <li>Faible bruit, \u00e9conomie d'\u00e9nergie et prix d'usine<\/li> <\/ol>    <h2 class=\"wp-block-heading\" id=\"h-how-to-package-shisha-charcoal-by-the-pillow-packing-machine\">Comment emballer du charbon de chicha avec la machine d'emballage d'oreillers ?<\/h2>   <figure class=\"wp-block-embed-youtube wp-block-embed is-type-video is-provider-youtube wp-embed-aspect-16-9 wp-has-aspect-ratio\"><div class=\"lyte-wrapper\" title=\"Machine d&#039;emballage automatique de briquettes de charbon de chicha | Haute efficacit\u00e9\" style=\"width:853px;max-width:100%;margin:5px auto;\"><div class=\"lyMe\" id=\"WYL_XRflGHvTdo8\" itemprop=\"video\" itemscope itemtype=\"https:\/\/schema.org\/VideoObject\"><div><meta itemprop=\"thumbnailUrl\" content=\"https:\/\/i.ytimg.com\/vi\/XRflGHvTdo8\/hqdefault.jpg\" \/><meta itemprop=\"embedURL\" content=\"https:\/\/www.youtube.com\/embed\/XRflGHvTdo8\" \/><meta itemprop=\"duration\" content=\"PT2M34S\" \/><meta itemprop=\"uploadDate\" content=\"2021-09-27T10:20:48Z\" \/><\/div><div id=\"lyte_XRflGHvTdo8\" data-src=\"https:\/\/i.ytimg.com\/vi\/XRflGHvTdo8\/hqdefault.jpg\" class=\"pL\"><div class=\"tC\"><div class=\"tT\" itemprop=\"name\">Machine d'emballage automatique de briquettes de charbon de chicha | Haute efficacit\u00e9<\/div><\/div><div class=\"play\"><\/div><div class=\"ctrl\"><div class=\"Lctrl\"><\/div><div class=\"Rctrl\"><\/div><\/div><\/div><noscript><a href=\"https:\/\/youtu.be\/XRflGHvTdo8\" rel=\"nofollow noopener\" target=\"_blank\"><img loading=\"lazy\" decoding=\"async\" src=\"https:\/\/i.ytimg.com\/vi\/XRflGHvTdo8\/0.jpg\" alt=\"Machine d&#039;emballage automatique de briquettes de charbon de chicha | Haute efficacit\u00e9\" width=\"853\" height=\"460\" \/><\/a><\/noscript><meta itemprop=\"description\" content=\"Email: sales@toppackingmachine.com Whatsapp\/Tel: +86 17329326135 Official website: https:\/\/tianhuipackingmachine.com\/shisha-charcoal-packing-machine\/ Shisha charcoal packing machine or hookah charcoal packing machine is a kind of pillow packing machine. It is powered by electricity and controlled by an intelligent PLC control system. With 304 stainless steel material and reasonable structure, the shisha charcoal wrapping machine is durable and has a long service life. Besides, it is quite easy to install, operate, and maintain.\"><\/div><\/div><div class=\"lL\" style=\"max-width:100%;width:853px;margin:5px auto;\"> <a href=\"https:\/\/youtu.be\/XRflGHvTdo8\" target=\"_blank\" rel=\"noopener\">Regarder cette vid\u00e9o sur YouTube<\/a>.<\/div><figcaption><\/figcaption><\/figure>   <h2 class=\"wp-block-heading\" id=\"h-do-you-know-these-about-hookah-charcoal-packing-machine\">Connaissez-vous cela \u00e0 propos de la machine d'emballage de charbon de narguil\u00e9\u00a0?<\/h2>    <p class=\"translation-block\">En r\u00e9alit\u00e9, la machine d'emballage de charbon Shisha en vente est une sorte d'<a href=\"https:\/\/tianhuipackingmachine.com\/fr\/pillow-packing-machine\/\">\u00e9quipement d'emballage en coussin<\/a>, elle peut envelopper les briquettes de charbon Shisha de mani\u00e8re serr\u00e9e et \u00e9l\u00e9gante. Par cons\u00e9quent, il est pratique de les stocker et de les vendre. En tant que l'un des principaux fabricants de machines d'emballage en Chine, nous avons une forte capacit\u00e9 de production et nous offrons un service OEM\/ODM pour r\u00e9pondre \u00e0 vos exigences sp\u00e9cifiques, telles que le mat\u00e9riau du corps, la puissance, les dimensions de la machine, la marque du moteur, etc. <\/p>    <p class=\"translation-block\">Nous admettons que le prix de notre machine d'emballage de charbon pour narguil\u00e9 est tout \u00e0 fait avantageux. Si vous cherchez une machine d'emballage de shisha charbons de qualit\u00e9, contactez-nous d\u00e8s aujourd'hui pour dynamiser votre activit\u00e9. Et si vous voulez <a href=\"https:\/\/tianhuipackingmachine.com\/fr\/be-agent\/\">devenir notre agent<\/a>, faites-le moi savoir et nous vous enverrons les informations d\u00e9taill\u00e9es pertinentes.<\/p>    <figure class=\"wp-block-gallery has-nested-images columns-default is-cropped wp-block-gallery-4 is-layout-flex wp-block-gallery-is-layout-flex\"> <figure class=\"wp-block-image size-large\"><img loading=\"lazy\" decoding=\"async\" width=\"750\" height=\"500\" data-id=\"5049\" src=\"https:\/\/tianhuipackingmachine.com\/wp-content\/uploads\/2022\/01\/shisha-charcoal-packaging-machine-in-factory-750x500.jpg\" alt=\"Machine d&#039;emballage de charbon de chicha en usine\" class=\"wp-image-5049\" srcset=\"https:\/\/tianhuipackingmachine.com\/wp-content\/uploads\/2022\/01\/shisha-charcoal-packaging-machine-in-factory.jpg 750w, https:\/\/tianhuipackingmachine.com\/wp-content\/uploads\/2022\/01\/shisha-charcoal-packaging-machine-in-factory-480x320.jpg 480w\" sizes=\"auto, (max-width: 750px) 100vw, 750px\" \/><figcaption class=\"wp-element-caption\">Machine de conditionnement de charbon de chicha en usine<\/figcaption><\/figure>    <figure class=\"wp-block-image size-large\"><img loading=\"lazy\" decoding=\"async\" width=\"750\" height=\"500\" data-id=\"5052\" src=\"https:\/\/tianhuipackingmachine.com\/wp-content\/uploads\/2022\/01\/pillow-packaging-equipment-display-750x500.jpg\" alt=\"affichage de l&#039;\u00e9quipement d&#039;emballage d&#039;oreillers\" class=\"wp-image-5052\" srcset=\"https:\/\/tianhuipackingmachine.com\/wp-content\/uploads\/2022\/01\/pillow-packaging-equipment-display.jpg 750w, https:\/\/tianhuipackingmachine.com\/wp-content\/uploads\/2022\/01\/pillow-packaging-equipment-display-480x320.jpg 480w\" sizes=\"auto, (max-width: 750px) 100vw, 750px\" \/><figcaption class=\"wp-element-caption\">Affichage de l'\u00e9quipement d'emballage d'oreillers<\/figcaption><\/figure> <\/figure>    <h2 class=\"has-luminous-vivid-orange-color has-text-color wp-block-heading\" id=\"h-shisha-charcoal-flow-wrapping-machine-parameter\">Param\u00e8tres de la machine d'emballage de flux de charbon de Shisha<\/h2>    <figure class=\"wp-block-table is-style-stripes\"><table><tbody><tr><td>Mod\u00e8le<\/td><td>TH-280<\/td><\/tr><tr><td>Largeur du film<\/td><td>Maximum 280 mm<\/td><\/tr><tr><td>Largeur du sac<\/td><td>50-110mm<\/td><\/tr><tr><td>Hauteur des produits<\/td><td>Max40mm<\/td><\/tr><tr><td>Diam\u00e8tre du rouleau de film<\/td><td>Max320mm<\/td><\/tr><tr><td>Texture<\/td><td>Acier inoxydable<\/td><\/tr><tr><td>Longueur d'emballage<\/td><td>65-190 mm ou 120-280 mm<\/td><\/tr><tr><td>Vitesse d'emballage<\/td><td>40-230 sacs\/min<\/td><\/tr><tr><td>Tension<\/td><td>220V50HZ 2,5kw (r\u00e9glable)<\/td><\/tr><tr><td>Dimension<\/td><td>(L)3920\u00d7(L)670\u00d7(H)1210mm<\/td><\/tr><tr><td>Poids<\/td><td>500 kg<\/td><\/tr><\/tbody><\/table><\/figure>    <h2 class=\"wp-block-heading\" id=\"h-what-is-the-shisha-charcoal-packing-machine-price\">Quel est le prix de la machine d'emballage de charbon de chicha ?<\/h2>    <p>Le prix de la machine d'emballage de charbon de chicha d\u00e9pend de nombreux facteurs tels que la quantit\u00e9 command\u00e9e, le mat\u00e9riau du corps, la marque des accessoires, les frais d'exp\u00e9dition, etc. Le co\u00fbt de la machine d'emballage de flux de charbon de chicha varie donc et est instable. Mais nous pouvons nous assurer que le prix de notre machine d'emballage de charbon de narguil\u00e9 est assez comp\u00e9titif et raisonnable. Si vous \u00eates int\u00e9ress\u00e9 par cet \u00e9quipement, veuillez nous envoyer un e-mail ou laisser votre message ci-dessous, et nous vous enverrons le meilleur prix.<\/p>    <h2 class=\"wp-block-heading\" id=\"h-contact-us-to-start-your-business\">Contactez-nous pour d\u00e9marrer votre entreprise<\/h2>    <p class=\"translation-block\">En tant que fabricant et fournisseur complet de machines d'emballage, <a href=\"https:\/\/tianhuipackingmachine.com\/fr\/\">Henan Top Packing Machinery Co., Ltd<\/a> fournit d\u2019excellentes machines d\u2019emballage horizontal pour charbon de narguil\u00e9 avec de bonnes performances et un prix raisonnable. De plus, nous proposons un service sur mesure pour r\u00e9pondre \u00e0 votre besoin sp\u00e9cial. Directement de l\u2019usine et de bonne qualit\u00e9, nos machines peuvent grandement profiter \u00e0 votre activit\u00e9. Envoyez vos exigences et nous vous r\u00e9pondrons d\u00e8s que possible.<\/p>","protected":false},"excerpt":{"rendered":"<p>Shisha charcoal packing machine or&nbsp;hookah charcoal packing machine is a kind of horizontal flow wrap machine. It is powered by electricity and is controlled by an intelligent PLC control system. With 304 stainless steel material and a reasonable structure, the shisha charcoal wrapping machine is durable and has a long service life. Besides, it is [&hellip;]<\/p>\n","protected":false},"author":1,"featured_media":5054,"parent":0,"template":"","tags":[213],"product-type":[139],"class_list":["post-2710","product","type-product","status-publish","has-post-thumbnail","hentry","tag-flow-wrapping-machine","product-type-pillow-packing-machines"],"_links":{"self":[{"href":"https:\/\/tianhuipackingmachine.com\/fr\/wp-json\/wp\/v2\/product\/2710","targetHints":{"allow":["GET"]}}],"collection":[{"href":"https:\/\/tianhuipackingmachine.com\/fr\/wp-json\/wp\/v2\/product"}],"about":[{"href":"https:\/\/tianhuipackingmachine.com\/fr\/wp-json\/wp\/v2\/types\/product"}],"author":[{"embeddable":true,"href":"https:\/\/tianhuipackingmachine.com\/fr\/wp-json\/wp\/v2\/users\/1"}],"wp:featuredmedia":[{"embeddable":true,"href":"https:\/\/tianhuipackingmachine.com\/fr\/wp-json\/wp\/v2\/media\/5054"}],"wp:attachment":[{"href":"https:\/\/tianhuipackingmachine.com\/fr\/wp-json\/wp\/v2\/media?parent=2710"}],"wp:term":[{"taxonomy":"post_tag","embeddable":true,"href":"https:\/\/tianhuipackingmachine.com\/fr\/wp-json\/wp\/v2\/tags?post=2710"},{"taxonomy":"product-type","embeddable":true,"href":"https:\/\/tianhuipackingmachine.com\/fr\/wp-json\/wp\/v2\/product-type?post=2710"}],"curies":[{"name":"wp","href":"https:\/\/api.w.org\/{rel}","templated":true}]}}