{"id":2692,"date":"2021-09-23T11:35:54","date_gmt":"2021-09-23T03:35:54","guid":{"rendered":"https:\/\/tianhuipackingmachine.com\/?page_id=2692"},"modified":"2025-05-07T15:12:27","modified_gmt":"2025-05-07T07:12:27","slug":"small-filling-machine","status":"publish","type":"product","link":"https:\/\/tianhuipackingmachine.com\/fr\/small-filling-machine\/","title":{"rendered":"Petite machine de remplissage"},"content":{"rendered":"<p class=\"translation-block\"><strong>Small filling machine<\/strong> est un type de petite machine quantitative pour peser et remplir des mat\u00e9riaux. Elle pr\u00e9sente les avantages d\u2019un petit encombrement, d\u2019un pesage pr\u00e9cis, d\u2019un co\u00fbt bas, d\u2019une large gamme d\u2019applications, etc., adapt\u00e9e \u00e0 divers granul\u00e9s, poudres, liquides ou p\u00e2tes, que ce soit en sachets ou en bouteilles. Cette machine peut \u00eatre utilis\u00e9e individuellement ou comme partie d\u2019une ligne d\u2019emballage. Elle peut \u00eatre associ\u00e9e \u00e0 une partie emballage pour r\u00e9aliser l\u2019ensemble du processus d\u2019empaquetage. Par exemple, une association courante est une machine d\u2019empaquetage \u00e0 cha\u00eenes de seaux avec plusieurs petites machines de remplissage quantitatif de granul\u00e9s pour emballer du th\u00e9 parfum\u00e9. De plus, un service de personnalisation est disponible selon vos besoins.<\/p>   <figure class=\"wp-block-embed-youtube wp-block-embed is-type-video is-provider-youtube wp-embed-aspect-16-9 wp-has-aspect-ratio\"><div class=\"lyte-wrapper\" title=\"Fabricant de machines \u00e0 emballer en flow wrap\" style=\"width:853px;max-width:100%;margin:5px auto;\"><div class=\"lyMe\" id=\"WYL_pBURm4vka_Q\" itemprop=\"video\" itemscope itemtype=\"https:\/\/schema.org\/VideoObject\"><div><meta itemprop=\"thumbnailUrl\" content=\"https:\/\/i.ytimg.com\/vi\/pBURm4vka_Q\/hqdefault.jpg\" \/><meta itemprop=\"embedURL\" content=\"https:\/\/www.youtube.com\/embed\/pBURm4vka_Q\" \/><meta itemprop=\"duration\" content=\"PT1M17S\" \/><meta itemprop=\"uploadDate\" content=\"2025-04-17T05:39:35Z\" \/><\/div><div id=\"lyte_pBURm4vka_Q\" data-src=\"https:\/\/i.ytimg.com\/vi\/pBURm4vka_Q\/hqdefault.jpg\" class=\"pL\"><div class=\"tC\"><div class=\"tT\" itemprop=\"name\">Fabricant de machines \u00e0 emballer en flow wrap<\/div><\/div><div class=\"play\"><\/div><div class=\"ctrl\"><div class=\"Lctrl\"><\/div><div class=\"Rctrl\"><\/div><\/div><\/div><noscript><a href=\"https:\/\/youtu.be\/pBURm4vka_Q\" rel=\"nofollow noopener\" target=\"_blank\"><img loading=\"lazy\" decoding=\"async\" src=\"https:\/\/i.ytimg.com\/vi\/pBURm4vka_Q\/0.jpg\" alt=\"Fabricant de machines \u00e0 emballer en flow wrap\" width=\"853\" height=\"460\" \/><\/a><\/noscript><meta itemprop=\"description\" content=\"WhatsApp No.: https:\/\/wa.me\/+8613673689272 WeChat\/Tel No.:+8613673689272 Email: info@tianhuipackingmachine.com Website: https:\/\/tianhuipackingmachine.com\/small-filling-machine\/ Want to improve your powder filling efficiency? Check out our high-precision automatic filling machine, specially designed for filling fine powder and small particle products such as milk powder, protein powder, flour, coffee powder, spice, cocoa powder, chemical powder, rice, coffee beans, and more. \ud83d\udca1 Features of our powder filling machine: Accurate dosing with minimal error Adjustable filling weight Easy to clean and operate Applicable to jars, bottles, pouches, and cans Optional screw feeder and dust collection system available \ud83c\udfaf Ideal for food, pharmaceutical, and chemical industries. \ud83d\udcde Contact us now to get the best price and customized solution for your production line! \ud83c\udf10 Learn more on our website or leave a comment below for more machine details! WhatsApp No.: https:\/\/wa.me\/+8613673689272 WeChat\/Tel No.:+8613673689272 Email: info@tianhuipackingmachine.com Website: https:\/\/tianhuipackingmachine.com\/small-filling-machine\/\"><\/div><\/div><div class=\"lL\" style=\"max-width:100%;width:853px;margin:5px auto;\"> <a href=\"https:\/\/youtu.be\/pBURm4vka_Q\" target=\"_blank\" rel=\"noopener\">Regarder cette vid\u00e9o sur YouTube<\/a>.<\/div><figcaption>vid\u00e9o de petite machine de remplissage<\/figcaption><\/figure>   <h2 class=\"wp-block-heading\" id=\"h-small-filling-machine-for-sale\">Petite machine de remplissage \u00e0 vendre<\/h2>    <p>La petite machine de remplissage quantitative de bureau dans les machines d'emballage Top (Henan) \u00e0 vendre comprend un remplisseur quantitatif de granul\u00e9s, un remplisseur quantitatif en poudre, un remplisseur quantitatif de granul\u00e9s et de poudre en un, un remplisseur liquide, un remplisseur de p\u00e2te. Tous pr\u00e9sentent les caract\u00e9ristiques d'un petit espace occup\u00e9, d'un remplissage quantitatif, d'un faible co\u00fbt et d'une facilit\u00e9 d'utilisation. De nombreux volumes de remplissage sont disponibles. Vous pouvez choisir en fonction de vos besoins. \u00cates-vous int\u00e9ress\u00e9 par eux? Voulez-vous \u00eatre notre distributeur? Si oui, nous vous proposerons des prix plus comp\u00e9titifs lorsque vous en ach\u00e8terez davantage. Bienvenue \u00e0 nous contacter pour obtenir plus de d\u00e9tails.<\/p>    <div class=\"wp-block-columns is-layout-flex wp-container-core-columns-is-layout-28f84493 wp-block-columns-is-layout-flex\"> <div class=\"wp-block-column is-layout-flow wp-block-column-is-layout-flow\"> <figure class=\"wp-block-image aligncenter size-full\"><img loading=\"lazy\" decoding=\"async\" width=\"750\" height=\"500\" src=\"https:\/\/tianhuipackingmachine.com\/wp-content\/uploads\/2021\/09\/granule-powder-two-in-one-desktop-filling-machine.jpg\" alt=\"Machine de remplissage de granul\u00e9s, de poudre et de bureau deux-en-un\" class=\"wp-image-2705\" srcset=\"https:\/\/tianhuipackingmachine.com\/wp-content\/uploads\/2021\/09\/granule-powder-two-in-one-desktop-filling-machine.jpg 750w, https:\/\/tianhuipackingmachine.com\/wp-content\/uploads\/2021\/09\/granule-powder-two-in-one-desktop-filling-machine-300x200.jpg 300w\" sizes=\"auto, (max-width: 750px) 100vw, 750px\" \/><figcaption class=\"wp-element-caption\">Notre machine d'emballage horizontale prend en charge une vari\u00e9t\u00e9 de mat\u00e9riaux d'emballage, tels que OPP, film lamin\u00e9, etc., pour s'adapter aux besoins des multiples lignes de produits des clients.<\/figcaption><\/figure> <\/div> <\/div>    <h2 class=\"wp-block-heading\" id=\"h-small-granule-filling-machine\">Machine de remplissage de petits granul\u00e9s<\/h2>    <p class=\"translation-block\">Desktop granule filler<strong>\u00a0<\/strong>est \u00e0 faible co\u00fbt, occupe peu d\u2019espace, est portable, adapt\u00e9 \u00e0 divers granul\u00e9s, tels que des c\u00e9r\u00e9ales, du th\u00e9, des bibelots, du riz, des c\u00e9r\u00e9ales, des graines, des fruits secs, du th\u00e9 parfum\u00e9, du sucre d\u2019orge, de la rose th\u00e9, du th\u00e9 au jasmin, du th\u00e9 de chrysanth\u00e8me, des haricots mungo, des haricots rouges, des arachides, des graines de melon, des noix, etc. La plage de remplissage quantitatif comprend 0,3-20 g, 0,5-50 g, 0,5-99 g et 1-200 g.&nbsp;<\/p>    <figure class=\"wp-block-image aligncenter size-full\"><img loading=\"lazy\" decoding=\"async\" width=\"750\" height=\"500\" src=\"https:\/\/tianhuipackingmachine.com\/wp-content\/uploads\/2021\/09\/small-granule-filler.jpg\" alt=\"remplisseur de petits granul\u00e9s\" class=\"wp-image-2697\" srcset=\"https:\/\/tianhuipackingmachine.com\/wp-content\/uploads\/2021\/09\/small-granule-filler.jpg 750w, https:\/\/tianhuipackingmachine.com\/wp-content\/uploads\/2021\/09\/small-granule-filler-300x200.jpg 300w\" sizes=\"auto, (max-width: 750px) 100vw, 750px\" \/><figcaption class=\"wp-element-caption\">Remplisseur de petits granul\u00e9s<\/figcaption><\/figure>    <h2 class=\"wp-block-heading has-text-color\" id=\"h-desktop-granule-filler-parameters\" style=\"color:#ff5200\">Param\u00e8tres de remplissage de granules de bureau<\/h2>    <figure class=\"wp-block-table is-style-stripes\"><table><tbody><tr><td>Mod\u00e8le<\/td><td>KL-20<\/td><td>KL-50<\/td><td>KL-100<\/td><td>KL-200<\/td><\/tr><tr><td>Pouvoir<\/td><td>100W<\/td><td>100W<\/td><td>100W<\/td><td>120W<\/td><\/tr><tr><td>Port\u00e9e de remplissage<\/td><td>0,3-20g<\/td><td>0,5-50g<\/td><td>0,5-99,9g<\/td><td>1-200g<\/td><\/tr><tr><td>D\u00e9viation<\/td><td>\u00b10,1-0,3g<\/td><td>\u00b10,1-0,3g<\/td><td>\u00b10,1-0,3g<\/td><td>\u00b10,1-0,5g<\/td><\/tr><tr><td>Taille de la machine<\/td><td>38*24*49cm<\/td><td>38*24*49cm<\/td><td>38*24*51cm<\/td><td>38*24*51cm<\/td><\/tr><\/tbody><\/table><\/figure>    <h2 class=\"wp-block-heading\" id=\"h-desktop-powder-filling-machine\">Machine de remplissage de poudre de bureau<\/h2>    <p>La petite machine de remplissage de poudre s'applique \u00e0 une vari\u00e9t\u00e9 de poudres, telles que la farine, le lait en poudre, la poudre de caf\u00e9, la poudre d'\u00e9pices, la farine de ma\u00efs, la farine de riz, la poudre de colorants, la poudre nutritionnelle, le condiment, la poudre de cacao, la poudre chimique, la poudre de chili, la poudre de poivre noir, poudre d'herbes, etc. Les \u00e9tendues de remplissage de 0,3 \u00e0 20 g, 0,5 \u00e0 50 g, 0,5 \u00e0 99,9 g et 1 \u00e0 200 g sont facultatives. L'erreur de remplissage est de \u00b1 0,1 \u00e0 0,3 g.<\/p>    <figure class=\"wp-block-image aligncenter size-full\"><img loading=\"lazy\" decoding=\"async\" width=\"750\" height=\"500\" src=\"https:\/\/tianhuipackingmachine.com\/wp-content\/uploads\/2021\/09\/desktop-powder-weighing-and-filling-machine.jpg\" alt=\"machine de pesage et de remplissage de poudre de bureau\" class=\"wp-image-2699\" srcset=\"https:\/\/tianhuipackingmachine.com\/wp-content\/uploads\/2021\/09\/desktop-powder-weighing-and-filling-machine.jpg 750w, https:\/\/tianhuipackingmachine.com\/wp-content\/uploads\/2021\/09\/desktop-powder-weighing-and-filling-machine-300x200.jpg 300w\" sizes=\"auto, (max-width: 750px) 100vw, 750px\" \/><figcaption class=\"wp-element-caption\">fabricant de machines \u00e0 emballer en flow wrap<\/figcaption><\/figure>    <h2 class=\"wp-block-heading has-text-color\" id=\"h-small-powder-filler-parameters\" style=\"color:#ff5200\">Param\u00e8tres de remplissage de petites poudres<\/h2>    <figure class=\"wp-block-table is-style-stripes\"><table><tbody><tr><td>Mod\u00e8le<\/td><td>F-20<\/td><td>F-50<\/td><td>F-100<\/td><td>F-200<\/td><\/tr><tr><td>Pouvoir<\/td><td>100W<\/td><td>100W<\/td><td>100W<\/td><td>120W<\/td><\/tr><tr><td>Port\u00e9e de remplissage<\/td><td>0,3-20g<\/td><td>0,5-50g<\/td><td>0,5-99,9g<\/td><td>1-200g<\/td><\/tr><tr><td>D\u00e9viation<\/td><td>\u00b10,1-0,3g<\/td><td>\u00b10,1-0,3g<\/td><td>\u00b10,1-0,3g<\/td><td>\u00b10,1-0,5g<\/td><\/tr><tr><td>Taille de la machine<\/td><td>38*24*51cm<\/td><td>38*24*51cm<\/td><td>38*24*51 cm\/38*24*56 cm (tr\u00e9mie carr\u00e9e)<\/td><td>42*26*62cm<\/td><\/tr><\/tbody><\/table><\/figure>    <h2 class=\"wp-block-heading\" id=\"h-desktop-granule-and-powder-filling-machine-in-one\">Machine de remplissage de granul\u00e9s et de poudre de bureau en une<\/h2>    <p>Ce type de machine est la remplisseuse deux en un pour granul\u00e9s et poudres. Il peut non seulement peser et remplir des poudres mais \u00e9galement des granul\u00e9s. Si le mat\u00e9riau de remplissage est de la farine, le poids maximum du remplissage peut \u00eatre de 500 g. Tandis que pour le riz, il peut atteindre 999g. Parmi ces trois machines de remplissage quantitatives de bureau, elles sont toutes prises en charge par la personnalisation et la tension peut \u00eatre modifi\u00e9e. &nbsp;<\/p>    <figure class=\"wp-block-image aligncenter size-full\"><img loading=\"lazy\" decoding=\"async\" width=\"750\" height=\"500\" src=\"https:\/\/tianhuipackingmachine.com\/wp-content\/uploads\/2021\/09\/small-granule-and-powder-quantitative-filler.jpg\" alt=\"remplisseur quantitatif de petits granules et de poudre\" class=\"wp-image-2701\" srcset=\"https:\/\/tianhuipackingmachine.com\/wp-content\/uploads\/2021\/09\/small-granule-and-powder-quantitative-filler.jpg 750w, https:\/\/tianhuipackingmachine.com\/wp-content\/uploads\/2021\/09\/small-granule-and-powder-quantitative-filler-300x200.jpg 300w\" sizes=\"auto, (max-width: 750px) 100vw, 750px\" \/><figcaption class=\"wp-element-caption\">Remplisseur quantitatif pour petits granul\u00e9s et poudres<\/figcaption><\/figure>    <h2 class=\"wp-block-heading has-text-color\" id=\"h-desktop-powder-and-granule-filler-parameters\" style=\"color:#ff5200\">Param\u00e8tres de remplissage de poudre et de granul\u00e9s de bureau<\/h2>    <figure class=\"wp-block-table is-style-stripes\"><table><tbody><tr><td>Mod\u00e8le<\/td><td>F-500<\/td><\/tr><tr><td>Pouvoir<\/td><td>200W<\/td><\/tr><tr><td>Port\u00e9e de remplissage<\/td><td>1-500g (farine)\/1-999g (riz)<\/td><\/tr><tr><td>D\u00e9viation<\/td><td>\u00b11-3g<\/td><\/tr><tr><td>Taille de la machine<\/td><td>40*27*80cm<\/td><\/tr><\/tbody><\/table><\/figure>    <h2 class=\"wp-block-heading\" id=\"h-desktop-quantitative-liquid-filling-machine\">Machine de remplissage de liquide quantitatif de bureau<\/h2>    <p>La machine de remplissage de liquide de bureau est entra\u00een\u00e9e par un cylindre pour extraire et \u00e9jecter le mat\u00e9riau. De nombreuses tailles de pompes \u00e0 liquide sont facultatives et la port\u00e9e des mod\u00e8les de remplissage comprend 1 \u00e0 10 ml, 10 \u00e0 100 ml, 100 \u00e0 1 000 ml, 5 \u00e0 50 ml, 50 \u00e0 500 ml, 500 \u00e0 5 000 ml, 30 \u00e0 300 ml, 300 \u00e0 3 000 ml, 1 000 \u00e0 5 000 ml, etc. Il convient au liquide qui peut s'\u00e9couler facilement. Cette machine est populaire aupr\u00e8s des petites et moyennes entreprises en raison de son petit espace occup\u00e9, de son portable, de son fonctionnement simple et de son faible co\u00fbt. La machine de remplissage de liquide de bureau standard est une remplisseuse \u00e0 une sortie. Si vous avez besoin d'un remplisseur de liquide \u00e0 double buse, il peut \u00eatre personnalis\u00e9 en fonction de vos besoins.<\/p>    <figure class=\"wp-block-image aligncenter size-full\"><img loading=\"lazy\" decoding=\"async\" width=\"750\" height=\"500\" src=\"https:\/\/tianhuipackingmachine.com\/wp-content\/uploads\/2021\/09\/semi-automatic-single-outlet-liquid-filler.jpg\" alt=\"remplisseuse de liquide semi-automatique \u00e0 sortie unique\" class=\"wp-image-2563\" srcset=\"https:\/\/tianhuipackingmachine.com\/wp-content\/uploads\/2021\/09\/semi-automatic-single-outlet-liquid-filler.jpg 750w, https:\/\/tianhuipackingmachine.com\/wp-content\/uploads\/2021\/09\/semi-automatic-single-outlet-liquid-filler-300x200.jpg 300w\" sizes=\"auto, (max-width: 750px) 100vw, 750px\" \/><figcaption class=\"wp-element-caption\">Remplisseuse de liquide semi-automatique \u00e0 sortie unique<\/figcaption><\/figure>    <h2 class=\"wp-block-heading\" id=\"h-desktop-paste-filling-machine\">Machine de remplissage de p\u00e2te de bureau<\/h2>    <p>La petite remplisseuse de p\u00e2te en comprend deux types, la remplisseuse de p\u00e2te \u00e0 tr\u00e9mie en forme de c\u00f4ne et la remplisseuse de p\u00e2te de type U. Comme leur nom l\u2019indique, ils diff\u00e8rent par leurs tr\u00e9mies d\u2019alimentation. Le premier est \u00e9quip\u00e9 d'une tr\u00e9mie en forme de c\u00f4ne, adapt\u00e9e aux p\u00e2tes de bonne fluidit\u00e9 et sans granules ni s\u00e9diments. Si le mat\u00e9riau de remplissage est vicieux, il est pr\u00e9f\u00e9rable d'associer un dispositif d'agitation et une fonction de chauffage pour faciliter le remplissage. Alors que ce dernier s'applique aux p\u00e2tes contenant des particules ou des s\u00e9diments. Un dispositif d'agitation dans la tr\u00e9mie de type U permet aux mat\u00e9riaux contenant des particules ou des s\u00e9diments de se m\u00e9langer bien et uniform\u00e9ment.<\/p>    <div class=\"wp-block-columns is-layout-flex wp-container-core-columns-is-layout-28f84493 wp-block-columns-is-layout-flex\"> <div class=\"wp-block-column is-layout-flow wp-block-column-is-layout-flow\"> <figure class=\"wp-block-image size-full\"><img loading=\"lazy\" decoding=\"async\" width=\"750\" height=\"500\" src=\"https:\/\/tianhuipackingmachine.com\/wp-content\/uploads\/2021\/09\/semi-automatic-cone-shaped-hopper-paste-filler.jpg\" alt=\"remplisseuse de p\u00e2te \u00e0 tr\u00e9mie semi-automatique en forme de c\u00f4ne\" class=\"wp-image-2573\" srcset=\"https:\/\/tianhuipackingmachine.com\/wp-content\/uploads\/2021\/09\/semi-automatic-cone-shaped-hopper-paste-filler.jpg 750w, https:\/\/tianhuipackingmachine.com\/wp-content\/uploads\/2021\/09\/semi-automatic-cone-shaped-hopper-paste-filler-300x200.jpg 300w\" sizes=\"auto, (max-width: 750px) 100vw, 750px\" \/><figcaption class=\"wp-element-caption\">Remplisseuse de p\u00e2te \u00e0 tr\u00e9mie semi-automatique en forme de c\u00f4ne<\/figcaption><\/figure> <\/div>    <div class=\"wp-block-column is-layout-flow wp-block-column-is-layout-flow\"> <figure class=\"wp-block-image size-full\"><img loading=\"lazy\" decoding=\"async\" width=\"750\" height=\"500\" src=\"https:\/\/tianhuipackingmachine.com\/wp-content\/uploads\/2021\/09\/semi-automatic-U-type-paste-filling-machine.jpg\" alt=\"machine de remplissage de p\u00e2te semi-automatique de type U\" class=\"wp-image-2574\" srcset=\"https:\/\/tianhuipackingmachine.com\/wp-content\/uploads\/2021\/09\/semi-automatic-U-type-paste-filling-machine.jpg 750w, https:\/\/tianhuipackingmachine.com\/wp-content\/uploads\/2021\/09\/semi-automatic-U-type-paste-filling-machine-300x200.jpg 300w\" sizes=\"auto, (max-width: 750px) 100vw, 750px\" \/><figcaption class=\"wp-element-caption\">Machine de remplissage de p\u00e2te semi-automatique de type U<\/figcaption><\/figure> <\/div> <\/div>    <h2 class=\"wp-block-heading has-text-color\" id=\"h-semi-automatic-paste-filler-parameters\" style=\"color:#ff5200\">Param\u00e8tres de remplissage de p\u00e2te semi-automatique<\/h2>    <figure class=\"wp-block-table is-style-stripes\"><table><tbody><tr><td>Mod\u00e8le<\/td><td>500 (8 mod\u00e8les au total)<\/td><\/tr><tr><td>Un mat\u00e9riau de remplissage<\/td><td>P\u00e2te<\/td><\/tr><tr><td>Plage de remplissage<\/td><td>50-500 ml (8 gammes au total)<\/td><\/tr><tr><td>Pression de l'air<\/td><td>0,4-0,6 MPa<\/td><\/tr><tr><td>Port\u00e9e de tol\u00e9rance<\/td><td>0.50%<\/td><\/tr><tr><td>T\u00eate de remplissage<\/td><td>C\u00e9libataire<\/td><\/tr><\/tbody><\/table><\/figure>    <h2 class=\"wp-block-heading\" id=\"h-characteristics-of-desktop-filling-machine\">Caract\u00e9ristiques de la machine de remplissage de bureau<\/h2>    <ol class=\"wp-block-list\"> <li>Petit espace occup\u00e9, portable, faible co\u00fbt, prix abordable, applications larges<\/li>    <li>Fonctionnement stable et fluide, faible bruit, puissance minimale, l\u00e9g\u00e8ret\u00e9, \u00e9conomie d'\u00e9nergie<\/li>    <li>Contr\u00f4le par micro-ordinateur, haute pr\u00e9cision, pesage et remplissage pr\u00e9cis<\/li>    <li>Pesage et remplissage quantitatifs, faible \u00e9cart, diminution des d\u00e9chets de mat\u00e9riaux<\/li>    <li>De nombreux types de champs de remplissage sont facultatifs pour diff\u00e9rentes demandes<\/li>    <li>Adoptez l'acier inoxydable pour les pi\u00e8ces en mat\u00e9riau de contact, durable et facile \u00e0 nettoyer<\/li>    <li>Supporte le service OEM, y compris la modification de la tension en fonction de vos besoins<\/li> <\/ol>    <h2 class=\"wp-block-heading\" id=\"h-structure-of-small-filler-for-powder-and-granules\">Structure de petite charge pour poudre et granul\u00e9s<\/h2>    <p>La structure de la machine de remplissage de bureau pour granul\u00e9s et poudres comprend une tr\u00e9mie de stockage, un panneau de commande intelligent, un repose-pieds, une prise, un capteur infrarouge et un port de donn\u00e9es. La tr\u00e9mie de stockage peut charger beaucoup de mat\u00e9riaux, \u00e9conomisant ainsi du temps d'alimentation. Un panneau de commande intelligent est facile \u00e0 utiliser, pratique pour configurer divers param\u00e8tres, tr\u00e8s pr\u00e9cis et exact. La partie du mat\u00e9riau de contact est en acier inoxydable durable, hygi\u00e9nique et propre. Le cordon d'alimentation du produit est hautement isol\u00e9 pour \u00e9viter les fuites. Une tension personnalis\u00e9e est disponible.<\/p>    <figure class=\"wp-block-image aligncenter size-full\"><img loading=\"lazy\" decoding=\"async\" width=\"750\" height=\"500\" src=\"https:\/\/tianhuipackingmachine.com\/wp-content\/uploads\/2021\/09\/small-quantitative-powder-filler-structure.jpg\" alt=\"petite structure de remplissage de poudre quantitative\" class=\"wp-image-2702\" srcset=\"https:\/\/tianhuipackingmachine.com\/wp-content\/uploads\/2021\/09\/small-quantitative-powder-filler-structure.jpg 750w, https:\/\/tianhuipackingmachine.com\/wp-content\/uploads\/2021\/09\/small-quantitative-powder-filler-structure-300x200.jpg 300w\" sizes=\"auto, (max-width: 750px) 100vw, 750px\" \/><figcaption class=\"wp-element-caption\">Structure de remplisseur de poudre quantitative petite<\/figcaption><\/figure>    <h2 class=\"wp-block-heading\" id=\"h-why-choose-us-as-your-top-supplier\">Pourquoi nous choisir comme votre principal fournisseur\u00a0?<\/h2>    <p class=\"translation-block\">Tout d\u2019abord, notre soci\u00e9t\u00e9, Top(Henan) Packing Machinery Co., Ltd est <strong><a href=\"https:\/\/tianhuipackingmachine.com\/fr\/\">un fabricant et fournisseur<\/a><\/strong>. La machine est livr\u00e9e directement depuis l\u2019usine, et nous pouvons offrir aux clients un bon prix. Avant l\u2019exp\u00e9dition, nous enverrons \u00e0 l\u2019acheteur des photos et des vid\u00e9os. Pour la machine en fonctionnement, nous fournirons un manuel et une vid\u00e9o en anglais. Si nos clients rencontrent des difficult\u00e9s lors de l\u2019utilisation de notre \u00e9quipement, un service en ligne 24h est disponible. Par ailleurs, nous proposons un service OEM selon vos exigences sp\u00e9cifiques.<\/p>    <h2 class=\"wp-block-heading\" id=\"h-related-machines\">Machines associ\u00e9es<\/h2>    <p class=\"translation-block\">Tous les \u00e9l\u00e9ments ci-dessus concernent des petites machines de remplissage pour poudre, granule, liquide ou p\u00e2te. De plus, nous proposons \u00e9galement des machines de remplissage de poudre de 5-50 kg, une machine d\u2019emballage automatique de poudre, <strong><a href=\"https:\/\/tianhuipackingmachine.com\/fr\/5-50kg-granule-filling-machine\/\">machine de remplissage de granules 5-50 kg<\/a><\/strong>, une machine d\u2019empaquetage de granules enti\u00e8rement automatique, une machine d\u2019empaquetage avec balance multi-t\u00eates, une machine d\u2019empaquetage \u00e0 cha\u00eenes de seaux, une machine de remplissage de p\u00e2te \u00e0 l\u2019aide d\u2019une buse multi-t\u00eates, une sortie multi-buse <strong><a href=\"https:\/\/tianhuipackingmachine.com\/fr\/liquid-filling-machines\/\">machine de remplissage de liquides<\/a><\/strong>, une machine d\u2019empaquetage de sacs de liquide, une machine d\u2019empaquetage de sauces en sachet. De nombreux volumes de remplissage sont optionnels. Vous pouvez choisir selon vos besoins, ou <strong><a href=\"https:\/\/tianhuipackingmachine.com\/fr\/contact\/\">nous contacter<\/a><\/strong> pour obtenir des suggestions utiles.<\/p>    <figure class=\"wp-block-image aligncenter size-full\"><img loading=\"lazy\" decoding=\"async\" width=\"600\" height=\"450\" src=\"https:\/\/tianhuipackingmachine.com\/wp-content\/uploads\/2021\/07\/multi-head-liquid-bottle-packaging-machine.jpg\" alt=\"machine de conditionnement de bouteilles de liquide multi-t\u00eates\" class=\"wp-image-1959\" srcset=\"https:\/\/tianhuipackingmachine.com\/wp-content\/uploads\/2021\/07\/multi-head-liquid-bottle-packaging-machine.jpg 600w, https:\/\/tianhuipackingmachine.com\/wp-content\/uploads\/2021\/07\/multi-head-liquid-bottle-packaging-machine-300x225.jpg 300w\" sizes=\"auto, (max-width: 600px) 100vw, 600px\" \/><figcaption class=\"wp-element-caption\">Machine de conditionnement de bouteilles liquides \u00e0 plusieurs t\u00eates<\/figcaption><\/figure>    <h2 class=\"wp-block-heading\" id=\"h-conclusion\">Conclusion<\/h2>    <p class=\"translation-block\">En tant que fabricant et fournisseur de machines d\u2019emballage, Top(Henan) packing machinery propose toutes sortes de machines d\u2019emballage, machines de scellement, <strong><a href=\"https:\/\/tianhuipackingmachine.com\/fr\/filling-machines\/\">machines de remplissage<\/a><\/strong>, machines de bouchage, machines d\u2019\u00e9tiquetage, <strong><a href=\"https:\/\/tianhuipackingmachine.com\/fr\/shrink-packing-machine\/\">machines d\u2019emballage r\u00e9tractable<\/a><\/strong>, etc. De plus, de nombreuses machines de soutien sont en vente, telles que des machines de chargement, des convoyeurs, des imprimantes de codage, et ainsi de suite. De plus, nous prenons en charge un service de personnalisation en fonction de vos exigences. Nous ferons tout notre possible pour r\u00e9pondre \u00e0 vos besoins en machines. Voulez-vous plus d\u2019informations et le meilleur prix ? Contactez-nous pour une communication ult\u00e9rieure, et nous vous r\u00e9pondrons d\u00e8s que possible.<\/p>","protected":false},"excerpt":{"rendered":"<p>Small filling machine is a kind of small quantitative machine for weighing and filling materials. It has the advantages of small occupied place, accurate weighing, low cost, wide applications, etc., suitable for various granule, powder, liquid, or paste, no matter bags or bottles. This machine can be used individually or as a part of a [&hellip;]<\/p>\n","protected":false},"author":1,"featured_media":2705,"parent":0,"template":"","tags":[162],"product-type":[141],"class_list":["post-2692","product","type-product","status-publish","has-post-thumbnail","hentry","tag-filling-machine","product-type-filling-machines"],"_links":{"self":[{"href":"https:\/\/tianhuipackingmachine.com\/fr\/wp-json\/wp\/v2\/product\/2692","targetHints":{"allow":["GET"]}}],"collection":[{"href":"https:\/\/tianhuipackingmachine.com\/fr\/wp-json\/wp\/v2\/product"}],"about":[{"href":"https:\/\/tianhuipackingmachine.com\/fr\/wp-json\/wp\/v2\/types\/product"}],"author":[{"embeddable":true,"href":"https:\/\/tianhuipackingmachine.com\/fr\/wp-json\/wp\/v2\/users\/1"}],"wp:featuredmedia":[{"embeddable":true,"href":"https:\/\/tianhuipackingmachine.com\/fr\/wp-json\/wp\/v2\/media\/2705"}],"wp:attachment":[{"href":"https:\/\/tianhuipackingmachine.com\/fr\/wp-json\/wp\/v2\/media?parent=2692"}],"wp:term":[{"taxonomy":"post_tag","embeddable":true,"href":"https:\/\/tianhuipackingmachine.com\/fr\/wp-json\/wp\/v2\/tags?post=2692"},{"taxonomy":"product-type","embeddable":true,"href":"https:\/\/tianhuipackingmachine.com\/fr\/wp-json\/wp\/v2\/product-type?post=2692"}],"curies":[{"name":"wp","href":"https:\/\/api.w.org\/{rel}","templated":true}]}}