{"id":2601,"date":"2021-09-14T18:02:34","date_gmt":"2021-09-14T10:02:34","guid":{"rendered":"https:\/\/tianhuipackingmachine.com\/?page_id=2601"},"modified":"2025-04-28T17:02:29","modified_gmt":"2025-04-28T09:02:29","slug":"chain-bucket-packing-machine","status":"publish","type":"product","link":"https:\/\/tianhuipackingmachine.com\/fr\/chain-bucket-packing-machine\/","title":{"rendered":"Machine d'emballage de seau \u00e0 cha\u00eene"},"content":{"rendered":"<p class=\"translation-block\"><strong>La machine de conditionnement par seau \u00e0 cha\u00eene<\/strong> est un type d'\u00e9quipement qui ne p\u00e8se pas le mat\u00e9riau lors du processus d'emballage. Elle s'applique largement \u00e0 divers granul\u00e9s, tels que les cacahu\u00e8tes, les chips de pommes de terre, les chips de banane, les crackers de crevettes, les snacks bugles, les anneaux d'oignon, les biscuits, les f\u00e8ves larges, les haricots verts, les dattes rouges, les c\u00e9r\u00e9ales, etc. De plus, elle permet d'emballer diff\u00e9rents mat\u00e9riaux dans un seul sac, comme le th\u00e9 parfum\u00e9. Vous pouvez choisir de mettre manuellement le mat\u00e9riau dans les seaux \u00e0 cha\u00eene ou de l'associer \u00e0 une machine de remplissage pesant pour r\u00e9aliser un processus enti\u00e8rement automatique, am\u00e9liorant consid\u00e9rablement l'efficacit\u00e9 de production et \u00e9conomisant du travail et du temps.<\/p>   <figure class=\"wp-block-embed-youtube wp-block-embed is-type-video is-provider-youtube wp-embed-aspect-16-9 wp-has-aspect-ratio\"><div class=\"lyte-wrapper\" title=\"machine d&#039;emballage de sachets de sucre \u00e9lectrique pour emballage en sachet\" style=\"width:853px;max-width:100%;margin:5px auto;\"><div class=\"lyMe\" id=\"WYL_yw1mwP7_aCI\" itemprop=\"video\" itemscope itemtype=\"https:\/\/schema.org\/VideoObject\"><div><meta itemprop=\"thumbnailUrl\" content=\"https:\/\/i.ytimg.com\/vi\/yw1mwP7_aCI\/hqdefault.jpg\" \/><meta itemprop=\"embedURL\" content=\"https:\/\/www.youtube.com\/embed\/yw1mwP7_aCI\" \/><meta itemprop=\"duration\" content=\"PT1M7S\" \/><meta itemprop=\"uploadDate\" content=\"2025-04-28T09:01:59Z\" \/><\/div><div id=\"lyte_yw1mwP7_aCI\" data-src=\"https:\/\/i.ytimg.com\/vi\/yw1mwP7_aCI\/hqdefault.jpg\" class=\"pL\"><div class=\"tC\"><div class=\"tT\" itemprop=\"name\">machine d'emballage de sachets de sucre \u00e9lectrique pour emballage en sachet<\/div><\/div><div class=\"play\"><\/div><div class=\"ctrl\"><div class=\"Lctrl\"><\/div><div class=\"Rctrl\"><\/div><\/div><\/div><noscript><a href=\"https:\/\/youtu.be\/yw1mwP7_aCI\" rel=\"nofollow noopener\" target=\"_blank\"><img loading=\"lazy\" decoding=\"async\" src=\"https:\/\/i.ytimg.com\/vi\/yw1mwP7_aCI\/0.jpg\" alt=\"machine d&#039;emballage de sachets de sucre \u00e9lectrique pour emballage en sachet\" width=\"853\" height=\"460\" \/><\/a><\/noscript><meta itemprop=\"description\" content=\"#granulepackingmachine #granules #packingmachine #packagingmachine WhatsApp No.: https:\/\/wa.me\/+8613673689272 WeChat\/Tel No.:+8613673689272 Email: info@tianhuipackingmachine.com Website: https:\/\/tianhuipackingmachine.com\/chain-bucket-packing-machine\/ Discover the working process of our efficient bucket conveyor packing machine! This automatic dump type packaging machine is perfect for various granular, powder, and irregular products. It features precise filling, stable operation, and easy maintenance, making it ideal for industries like food, agriculture, and chemicals. If you&#039;re looking for a reliable and high-efficiency packing solution, don&#039;t miss this video! \u2705 Contact us now for professional advice and best price! \ud83c\udf1f Application: rice, seeds, nuts, beans, snacks, chemical powders, fertilizers, etc. \ud83c\udf1f Features: high efficiency, precise weighing, smooth dumping, customizable solutions. \ud83d\udce9 Inquiry for more details and machine quotation! WhatsApp No.: https:\/\/wa.me\/+8613673689272 WeChat\/Tel No.:+8613673689272 Email: info@tianhuipackingmachine.com Website: https:\/\/tianhuipackingmachine.com\/chain-bucket-packing-machine\/\"><\/div><\/div><div class=\"lL\" style=\"max-width:100%;width:853px;margin:5px auto;\"> <a href=\"https:\/\/youtu.be\/yw1mwP7_aCI\" target=\"_blank\" rel=\"noopener\">Regarder cette vid\u00e9o sur YouTube<\/a>.<\/div><figcaption>vid\u00e9o de machine d'emballage \u00e0 seau \u00e0 cha\u00eene<\/figcaption><\/figure>   <h2 class=\"wp-block-heading\" id=\"h-chain-bucket-packing-machine-for-sale\">Machine d'emballage de seau \u00e0 cha\u00eene \u00e0 vendre<\/h2>    <p>Machine d'emballage de sacs avec godet \u00e0 cha\u00eene \u00e0 vendre \u00e0 Top (Henan) Packing Machinery comprend 2 mod\u00e8les, TH-320 et TH-450. Ils sont nomm\u00e9s d'apr\u00e8s la largeur maximale du film d'emballage. Ils peuvent tous terminer la fabrication, le remplissage, le scellage, la d\u00e9coupe et le comptage automatiques des sacs. Lorsqu'il fonctionne, il emballe les mat\u00e9riaux du godet \u00e0 cha\u00eene un par un, quelle que soit la quantit\u00e9 de mat\u00e9riaux.<\/p>    <figure class=\"wp-block-image aligncenter size-full\"><img loading=\"lazy\" decoding=\"async\" width=\"600\" height=\"450\" src=\"https:\/\/tianhuipackingmachine.com\/wp-content\/uploads\/2021\/09\/chain-bucket-packing-machine.jpg\" alt=\"machine \u00e0 emballer de seau \u00e0 cha\u00eene\" class=\"wp-image-2605\" srcset=\"https:\/\/tianhuipackingmachine.com\/wp-content\/uploads\/2021\/09\/chain-bucket-packing-machine.jpg 600w, https:\/\/tianhuipackingmachine.com\/wp-content\/uploads\/2021\/09\/chain-bucket-packing-machine-300x225.jpg 300w\" sizes=\"auto, (max-width: 600px) 100vw, 600px\" \/><figcaption class=\"wp-element-caption\">Machine d'emballage de seau \u00e0 cha\u00eene<\/figcaption><\/figure>    <h2 class=\"wp-block-heading has-text-color\" id=\"h-chain-bucket-granule-packaging-machine-parameters\" style=\"color:#ff5200\">Param\u00e8tres de la machine d'emballage de granul\u00e9s \u00e0 seau \u00e0 cha\u00eene<\/h2>    <figure class=\"wp-block-table is-style-stripes\"><table><tbody><tr><td>Pouvoir<\/td><td>2,2 kW<\/td><\/tr><tr><td>Longueur du sac d'emballage<\/td><td>50-300mm<\/td><\/tr><tr><td>Largeur du sac d'emballage<\/td><td>80-200mm<\/td><\/tr><tr><td>Vitesse d'emballage<\/td><td>20-60 sacs\/min<\/td><\/tr><tr><td>Capacit\u00e9 d'emballage<\/td><td>Mat\u00e9riel de mise manuel ou machine de remplissage d'allumettes<\/td><\/tr><tr><td>Style d'\u00e9tanch\u00e9it\u00e9<\/td><td>Joint arri\u00e8re<\/td><\/tr><tr><td>Poids<\/td><td>400 kg<\/td><\/tr><tr><td>Dimension<\/td><td>820*1220*2000mm<\/td><\/tr><\/tbody><\/table><\/figure>    <p>(Les param\u00e8tres peuvent \u00eatre ajust\u00e9s selon les exigences du client)<\/p>    <h2 class=\"wp-block-heading\" id=\"h-bucket-chain-packing-machine-working-video\">Vid\u00e9o de fonctionnement de la machine d'emballage \u00e0 cha\u00eene \u00e0 godets <\/h2>   <figure class=\"wp-block-embed-youtube wp-block-embed is-type-video is-provider-youtube wp-embed-aspect-16-9 wp-has-aspect-ratio\"><div class=\"lyte-wrapper\" title=\"Voici comment fonctionne une machine d&#039;emballage \u00e0 seau \u00e0 cha\u00eene | Intelligent, Multifonctionnel, Semi-automatique, Automatique\" style=\"width:853px;max-width:100%;margin:5px auto;\"><div class=\"lyMe\" id=\"WYL_Fl8qAtw3M4o\" itemprop=\"video\" itemscope itemtype=\"https:\/\/schema.org\/VideoObject\"><div><meta itemprop=\"thumbnailUrl\" content=\"https:\/\/i.ytimg.com\/vi\/Fl8qAtw3M4o\/hqdefault.jpg\" \/><meta itemprop=\"embedURL\" content=\"https:\/\/www.youtube.com\/embed\/Fl8qAtw3M4o\" \/><meta itemprop=\"duration\" content=\"PT2M14S\" \/><meta itemprop=\"uploadDate\" content=\"2022-01-11T09:10:20Z\" \/><\/div><div id=\"lyte_Fl8qAtw3M4o\" data-src=\"https:\/\/i.ytimg.com\/vi\/Fl8qAtw3M4o\/hqdefault.jpg\" class=\"pL\"><div class=\"tC\"><div class=\"tT\" itemprop=\"name\">Voici comment fonctionne une machine d'emballage \u00e0 seau \u00e0 cha\u00eene | Intelligent, Multifonctionnel, Semi-automatique, Automatique<\/div><\/div><div class=\"play\"><\/div><div class=\"ctrl\"><div class=\"Lctrl\"><\/div><div class=\"Rctrl\"><\/div><\/div><\/div><noscript><a href=\"https:\/\/youtu.be\/Fl8qAtw3M4o\" rel=\"nofollow noopener\" target=\"_blank\"><img loading=\"lazy\" decoding=\"async\" src=\"https:\/\/i.ytimg.com\/vi\/Fl8qAtw3M4o\/0.jpg\" alt=\"Voici comment fonctionne une machine d&#039;emballage \u00e0 seau \u00e0 cha\u00eene | Intelligent, Multifonctionnel, Semi-automatique, Automatique\" width=\"853\" height=\"460\" \/><\/a><\/noscript><meta itemprop=\"description\" content=\"If you are interested in it, welcome to consult us. Website: https:\/\/tianhuipackingmachine.com\/chain-bucket-packing-machine\/ Whatsapp\/Tel: +86 17329326135 Email: sales@toppackingmachine.com Chain bucket packing machine is a kind of special equipment. The pouch can package the material in each bucket as long as the packaging bag has enough capacity. The operator can choose to place material manually or match one or several feeders based on the needs. The size of the machine support customization service for different packaging raw material and actual requirements. It is composed of a PLC touch screen, bucket chain, bag maker, film roll fixing device, vertical sealing device, horizontal sealing, and cutting device, etc. The operator can set up using language, packaging bag length, packing speed, etc. The sealing temperature is adjustable according to the packaging effect. When the bucket chain reaches to bag maker, it will tip the material into the packaging bag automatically. The tripping bucket packing machine is suitable for single or multiple objects per bag. And it can be equipped with a date cording machine, nitrogen filling device, output conveyor, etc. The sealing style includes bag center seal, 3-side seal, 4-side seal, gusset pouch, flat bag, pouch with a hole, plain end seal, sawtooth end seal, etc. This type of packaging machine has a wide range of applications, such as scented tea, coffee bean, peanut, broad bean, melon seeds, puffed food, oatmeal, rice crust, green beans, red beans, popcorn, candy, apple chips, potato\u00a0chips, french chips, banana chips, prawn cracker, bugles snacks, onion ring, biscuit,\u00a0snacks, jelly, dried fruit, dried vegetable, and so on. If you want to know more about granule packing machines, you can see them here. Vertical granule packing machine: https:\/\/youtu.be\/WL8gU11AWqI Four-head weigher packing machine: https:\/\/www.youtube.com\/watch?v=m3XHQ9LlhgY&amp;t=19s 10-Head scale packing machine for potato chips: https:\/\/youtu.be\/fIU65zNNvU4 Whatsapp\/Tel: +86 17329326135 Email: sales@toppackingmachine.com\"><\/div><\/div><div class=\"lL\" style=\"max-width:100%;width:853px;margin:5px auto;\"> <a href=\"https:\/\/youtu.be\/Fl8qAtw3M4o\" target=\"_blank\" rel=\"noopener\">Regarder cette vid\u00e9o sur YouTube<\/a>.<\/div><figcaption><\/figcaption><\/figure>   <h2 class=\"wp-block-heading\" id=\"h-features-of-chain-bucket-packaging-machine\">Caract\u00e9ristiques de la machine d'emballage \u00e0 seau \u00e0 cha\u00eene<\/h2>    <ol class=\"wp-block-list\"> <li>Conception raisonnable, structure simple, godet \u00e0 cha\u00eene horizontal, facile \u00e0 utiliser<\/li>    <li>Contr\u00f4le avanc\u00e9 des puces par micro-ordinateur, sur \u00e9cran tactile \u00e0 configurer en utilisant la langue, la vitesse d'emballage, la longueur du sac, etc.<\/li>    <li>Il peut compl\u00e9ter l'ensemble du processus de formation, de remplissage, de scellage, de d\u00e9coupe et de comptage automatique des sacs.<\/li>    <li>\u00c9quip\u00e9 d'un \u0153il photo\u00e9lectrique pour assurer un positionnement pr\u00e9cis et une coupe pr\u00e9cise<\/li>    <li>Un grand \u00e9cran permet de voir facilement divers param\u00e8tres \u00e0 l\u2019\u00e9cran.<\/li>    <li>Il est facile de voir la temp\u00e9rature de scellage verticale et horizontale<\/li>    <li>Diagnostic de d\u00e9faut intelligent, affichant la position du d\u00e9faut, pratique \u00e0 entretenir<\/li>    <li>Le bouton d'urgence est con\u00e7u par mesure de s\u00e9curit\u00e9<\/li>    <li>Service de personnalisation disponible<\/li> <\/ol>    <h2 class=\"wp-block-heading\" id=\"h-wide-applications-of-chain-bucket-packing-equipment\">Applications larges des \u00e9quipements d'emballage \u00e0 godets \u00e0 cha\u00eene<\/h2>    <p class=\"translation-block\">La machine d'emballage \u00e0 dos scell\u00e9 avec seaux \u00e0 cha\u00eene est adapt\u00e9e \u00e0 toutes sortes de granul\u00e9s non adh\u00e9sifs, tels que le th\u00e9 parfum\u00e9, les grains de caf\u00e9, les cacahu\u00e8tes, les f\u00e8ves larges, les graines de melon, les aliments souffl\u00e9s, les flocons d'avoine, les cro\u00fbtes de riz, les haricots verts, les haricots rouges, le popcorn, les bonbons, les chips de pomme, les <strong><a href=\"https:\/\/tianhuipackingmachine.com\/fr\/chips-packaging-machine\/\">chips<\/a><\/strong> de pomme de terre, les chips fran\u00e7aises, les chips de banane, les crackers de crevettes, les snacks bugles, les anneaux d'oignon, les biscuits, <strong><a href=\"https:\/\/tianhuipackingmachine.com\/fr\/machine-demballage-de-collations\/\">snacks<\/a><\/strong>, gel\u00e9e, fruits secs, l\u00e9gumes secs, etc. &nbsp;<\/p>    <figure class=\"wp-block-image aligncenter size-full\"><img loading=\"lazy\" decoding=\"async\" width=\"750\" height=\"500\" src=\"https:\/\/tianhuipackingmachine.com\/wp-content\/uploads\/2021\/09\/applications-of-chain-bucket-packaging-machine.jpg\" alt=\"applications de la machine d&#039;emballage \u00e0 seau \u00e0 cha\u00eene\" class=\"wp-image-2610\" srcset=\"https:\/\/tianhuipackingmachine.com\/wp-content\/uploads\/2021\/09\/applications-of-chain-bucket-packaging-machine.jpg 750w, https:\/\/tianhuipackingmachine.com\/wp-content\/uploads\/2021\/09\/applications-of-chain-bucket-packaging-machine-300x200.jpg 300w\" sizes=\"auto, (max-width: 750px) 100vw, 750px\" \/><figcaption class=\"wp-element-caption\">Applications de la machine de conditionnement \u00e0 godets \u00e0 cha\u00eene<\/figcaption><\/figure>    <h2 class=\"wp-block-heading\" id=\"h-chain-granule-packing-machine-structure\">Structure de la machine d'emballage de granul\u00e9s \u00e0 cha\u00eene<\/h2>    <p>L'\u00e9quipement est compos\u00e9 d'un \u00e9cran tactile, de godets \u00e0 cha\u00eene, d'un formeur de sacs, d'un dispositif de fixation de rouleau de film, d'un dispositif de scellage vertical, d'un dispositif de scellage horizontal et d'un dispositif de d\u00e9coupe, etc. L'op\u00e9rateur peut configurer l'utilisation de la langue, de la longueur du sac d'emballage, de la vitesse d'emballage, etc. Le godet \u00e0 cha\u00eene pour mat\u00e9riaux est utilis\u00e9 pour transporter et introduire les granul\u00e9s dans le sac d'emballage. Et la taille du godet \u00e0 cha\u00eene pour le mat\u00e9riau pr\u00e9sente quelques diff\u00e9rences en fonction des exigences des diff\u00e9rents clients. Si vous souhaitez emballer des sacs de diff\u00e9rentes tailles, vous devez remplacer le fabricant de sacs coordonn\u00e9. En outre, nous fournissons \u00e9galement des dispositifs de remplissage d'azote si vous le souhaitez. De plus, un service OEM est disponible.<\/p>    <figure class=\"wp-block-image aligncenter size-full\"><img loading=\"lazy\" decoding=\"async\" width=\"750\" height=\"500\" src=\"https:\/\/tianhuipackingmachine.com\/wp-content\/uploads\/2021\/09\/chain-bucket-packaging-machine-structure.jpg\" alt=\"structure de machine d&#039;emballage de seau \u00e0 cha\u00eene\" class=\"wp-image-2606\" srcset=\"https:\/\/tianhuipackingmachine.com\/wp-content\/uploads\/2021\/09\/chain-bucket-packaging-machine-structure.jpg 750w, https:\/\/tianhuipackingmachine.com\/wp-content\/uploads\/2021\/09\/chain-bucket-packaging-machine-structure-300x200.jpg 300w\" sizes=\"auto, (max-width: 750px) 100vw, 750px\" \/><figcaption class=\"wp-element-caption\">vid\u00e9o de travail de la machine d'emballage de dhoop batti<\/figcaption><\/figure>    <h2 class=\"wp-block-heading\" id=\"h-do-you-know-these-about-chain-bucket-packing-equipment-price\">Connaissez-vous ces informations sur le prix de l'\u00e9quipement d'emballage de godets \u00e0 cha\u00eene\u00a0?<\/h2>    <p class=\"translation-block\">Le prix de la machine de conditionnement par granul\u00e9s \u00e0 cha\u00eene est \u00e9troitement li\u00e9 au mat\u00e9riau de fabrication, \u00e0 la technologie et \u00e0 d'autres dispositifs optionnels \u00e0 associer. Plus le mat\u00e9riau de fabrication de la machine est de meilleure qualit\u00e9, plus le co\u00fbt du mat\u00e9riau est \u00e9lev\u00e9. Une technologie plus avanc\u00e9e n\u00e9cessite des co\u00fbts de main-d'\u0153uvre plus \u00e9lev\u00e9s pour sa r\u00e9alisation. Pour les dispositifs optionnels, cela d\u00e9pend de vos choix. Si vous avez besoin d'un dispositif d'alimentation pour remplir le mat\u00e9riau dans le seau \u00e0 cha\u00eene, vous pouvez choisir d'associer un ou plusieurs dispositifs de pesage et de remplissage quantitatifs \u00e0 faible co\u00fbt. De plus, il existe une imprimante \u00e0 coder, un convoyeur de sortie, un dispositif de remplissage d'azote, etc. Par cons\u00e9quent, le prix final est d\u00e9termin\u00e9 par la machine sp\u00e9cifique. \u00cates-vous int\u00e9ress\u00e9 ? <strong><a href=\"https:\/\/tianhuipackingmachine.com\/fr\/contact\/\">Contactez-nous<\/a><\/strong> pour obtenir plus de d\u00e9tails et le meilleur prix.<\/p>    <h2 class=\"wp-block-heading\" id=\"h-contact-us-to-learn-more-information\">Contactez-nous pour en savoir plus<\/h2>    <p class=\"translation-block\">Compar\u00e9 \u00e0 d'autres <strong><a href=\"https:\/\/tianhuipackingmachine.com\/fr\/machine-demballage-de-granules\/\">machines de conditionnement de granul\u00e9s<\/a><\/strong>, elle peut emballer diff\u00e9rentes tailles de granul\u00e9s dans le cadre du seau \u00e0 cha\u00eene et du sac d'emballage. Lorsqu'elle fonctionne avec des dispositifs d'alimentation quantitatifs, il est possible d'emballer diff\u00e9rents mat\u00e9riaux dans une certaine proportion. Les mod\u00e8les courants chez Top(Henan) Packing Machinery sont TH-320 et TH-450, mais nous pouvons personnaliser la taille de la machine selon vos exigences. De plus, nous fournissons \u00e9galement des <strong><a href=\"https:\/\/tianhuipackingmachine.com\/fr\/\">machines d'emballage<\/a><\/strong> pour liquide, p\u00e2te, morceaux, poudre ou granul\u00e9s, des scelleuses sous vide, des machines de capsulage, des machines de scellage, des machines d'emballage en coussin, etc. Nous attendons avec impatience vos coordonn\u00e9es et une communication ult\u00e9rieure.<\/p>","protected":false},"excerpt":{"rendered":"<p>Chain bucket packing machine is a kind of equipment that does not weigh the material when during the packaging process. It widely applies to various granules, such as peanuts, potato chips, banana chips, prawn crackers, bugles snacks, onion rings, biscuits, broad beans, green beans, red dates, cereal, etc. Besides, it can make it possible to [&hellip;]<\/p>\n","protected":false},"author":1,"featured_media":2606,"parent":0,"template":"","tags":[184],"product-type":[145],"class_list":["post-2601","product","type-product","status-publish","has-post-thumbnail","hentry","tag-chain-bucket-packing-machine","product-type-other-products"],"_links":{"self":[{"href":"https:\/\/tianhuipackingmachine.com\/fr\/wp-json\/wp\/v2\/product\/2601","targetHints":{"allow":["GET"]}}],"collection":[{"href":"https:\/\/tianhuipackingmachine.com\/fr\/wp-json\/wp\/v2\/product"}],"about":[{"href":"https:\/\/tianhuipackingmachine.com\/fr\/wp-json\/wp\/v2\/types\/product"}],"author":[{"embeddable":true,"href":"https:\/\/tianhuipackingmachine.com\/fr\/wp-json\/wp\/v2\/users\/1"}],"wp:featuredmedia":[{"embeddable":true,"href":"https:\/\/tianhuipackingmachine.com\/fr\/wp-json\/wp\/v2\/media\/2606"}],"wp:attachment":[{"href":"https:\/\/tianhuipackingmachine.com\/fr\/wp-json\/wp\/v2\/media?parent=2601"}],"wp:term":[{"taxonomy":"post_tag","embeddable":true,"href":"https:\/\/tianhuipackingmachine.com\/fr\/wp-json\/wp\/v2\/tags?post=2601"},{"taxonomy":"product-type","embeddable":true,"href":"https:\/\/tianhuipackingmachine.com\/fr\/wp-json\/wp\/v2\/product-type?post=2601"}],"curies":[{"name":"wp","href":"https:\/\/api.w.org\/{rel}","templated":true}]}}