{"id":2571,"date":"2021-09-14T11:13:10","date_gmt":"2021-09-14T03:13:10","guid":{"rendered":"https:\/\/tianhuipackingmachine.com\/?page_id=2571"},"modified":"2022-04-27T11:20:26","modified_gmt":"2022-04-27T03:20:26","slug":"paste-filling-machines","status":"publish","type":"product","link":"https:\/\/tianhuipackingmachine.com\/fr\/paste-filling-machines\/","title":{"rendered":"Machine de remplissage de p\u00e2te"},"content":{"rendered":"<p class=\"translation-block\">La <strong>machine de remplissage de p\u00e2te<\/strong> est l'\u00e9quipement pour remplir de la p\u00e2te dans des sacs, des bouteilles ou des bo\u00eetes. Elle convient \u00e0 diverses p\u00e2tes, comme les sauces, les produits de premi\u00e8re n\u00e9cessit\u00e9, les produits chimiques, etc. Il existe des remplisseuses de p\u00e2te semi-automatiques et des remplisseuses automatiques multi-t\u00eates. Les premi\u00e8res occupent peu d'espace, ont une structure simple et un faible co\u00fbt. Les secondes sont \u00e9quip\u00e9es de plusieurs sorties, de remplissage automatique, am\u00e9liorant l'efficacit\u00e9 de la production et \u00e9conomisant de la main-d'\u0153uvre. Et les automatiques peuvent \u00eatre associ\u00e9es \u00e0 d'autres machines pour former une ligne de production, comme une trieuse de bouteilles, une laveuse, une boucheuse, une \u00e9tiqueteuse, une imprimante de codage, etc. De plus, un service de personnalisation est disponible.<\/p>    <h2 class=\"wp-block-heading\" id=\"h-paste-filling-machine-for-sale\">Machine de remplissage de p\u00e2te \u00e0 vendre<\/h2>    <p>L'\u00e9quipement de remplissage de p\u00e2te dans la machine d'emballage Top (Henan) \u00e0 vendre comprend une remplisseuse de p\u00e2te semi-automatique avec une tr\u00e9mie en forme de c\u00f4ne ou une tr\u00e9mie de type U, une remplisseuse automatique de p\u00e2te multi-t\u00eates. Pour le remplisseur de p\u00e2te semi-automatique, 8 mod\u00e8les de tubes de remplissage sont facultatifs, 5-50 ml, 10-100 ml, 30-300 ml, 50-500 ml, 100-1 000 ml, 250-2 500 ml, 300-3 000 ml et 500-5 000 ml.<\/p>    <div class=\"wp-block-columns is-layout-flex wp-container-core-columns-is-layout-28f84493 wp-block-columns-is-layout-flex\"> <div class=\"wp-block-column is-layout-flow wp-block-column-is-layout-flow\"> <figure class=\"wp-block-image size-full\"><img loading=\"lazy\" decoding=\"async\" width=\"750\" height=\"500\" src=\"https:\/\/tianhuipackingmachine.com\/wp-content\/uploads\/2021\/09\/semi-automatic-cone-shaped-hopper-paste-filler.jpg\" alt=\"remplisseuse de p\u00e2te \u00e0 tr\u00e9mie semi-automatique en forme de c\u00f4ne\" class=\"wp-image-2573\" srcset=\"https:\/\/tianhuipackingmachine.com\/wp-content\/uploads\/2021\/09\/semi-automatic-cone-shaped-hopper-paste-filler.jpg 750w, https:\/\/tianhuipackingmachine.com\/wp-content\/uploads\/2021\/09\/semi-automatic-cone-shaped-hopper-paste-filler-300x200.jpg 300w\" sizes=\"auto, (max-width: 750px) 100vw, 750px\" \/><figcaption>Remplisseuse de p\u00e2te \u00e0 tr\u00e9mie semi-automatique en forme de c\u00f4ne<\/figcaption><\/figure> <\/div>    <div class=\"wp-block-column is-layout-flow wp-block-column-is-layout-flow\"> <figure class=\"wp-block-image size-full\"><img loading=\"lazy\" decoding=\"async\" width=\"750\" height=\"500\" src=\"https:\/\/tianhuipackingmachine.com\/wp-content\/uploads\/2021\/09\/semi-automatic-U-type-paste-filling-machine.jpg\" alt=\"machine de remplissage de p\u00e2te semi-automatique de type U\" class=\"wp-image-2574\" srcset=\"https:\/\/tianhuipackingmachine.com\/wp-content\/uploads\/2021\/09\/semi-automatic-U-type-paste-filling-machine.jpg 750w, https:\/\/tianhuipackingmachine.com\/wp-content\/uploads\/2021\/09\/semi-automatic-U-type-paste-filling-machine-300x200.jpg 300w\" sizes=\"auto, (max-width: 750px) 100vw, 750px\" \/><figcaption>Machine de remplissage de p\u00e2te semi-automatique de type U<\/figcaption><\/figure> <\/div> <\/div>    <h2 class=\"wp-block-heading\" id=\"h-cone-shaped-hopper-semi-auto-paste-filler\">Remplisseuse de p\u00e2te semi-automatique \u00e0 tr\u00e9mie conique<\/h2>    <p>La remplisseuse de p\u00e2tes semi-automatique avec tr\u00e9mie en forme de c\u00f4ne convient pour diverses p\u00e2tes sans petits granules ni s\u00e9diments. Si le mat\u00e9riau est trop visqueux, il est pr\u00e9f\u00e9rable d'ajouter un dispositif de chauffage et d'agitation pour favoriser le processus de remplissage. Ce type de machine de remplissage de p\u00e2te s'applique au remplissage de sacs, au remplissage de bouteilles ou au remplissage de canettes. La vitesse de remplissage et le volume de remplissage peuvent \u00eatre ajust\u00e9s selon vos besoins. <\/p>    <h2 class=\"wp-block-heading\" id=\"h-cone-shaped-hopper-paste-filling-machine-structure\">Structure de machine de remplissage de p\u00e2te \u00e0 tr\u00e9mie en forme de c\u00f4ne<\/h2>    <p>Il se compose d'une tr\u00e9mie, d'une sortie, d'une p\u00e9dale, d'une vanne rotative, d'un cylindre, d'un barom\u00e8tre, d'une poign\u00e9e, etc. La partie en contact avec le mat\u00e9riau est en acier inoxydable 304. La buse de sortie est anti-goutte, am\u00e9liorant la pr\u00e9cision du travail et gardant un environnement de remplissage propre. La vanne rotative contr\u00f4le le processus de remplissage de la p\u00e2te. La rotation de la poign\u00e9e ajuste le volume de remplissage. Le contr\u00f4le pneumatique doit correspondre au compresseur d'air, fonctionnant de mani\u00e8re stable. La pr\u00e9cision de remplissage d\u00e9pend de la stabilit\u00e9 de la pression atmosph\u00e9rique, de l'uniformit\u00e9 du mat\u00e9riau et de la vitesse de remplissage. La vitesse de travail est li\u00e9e \u00e0 la viscosit\u00e9 du mat\u00e9riau, \u00e0 la taille de la buse de sortie et \u00e0 la vitesse de fonctionnement du travailleur.<\/p>    <figure class=\"wp-block-gallery has-nested-images columns-default is-cropped wp-block-gallery-2 is-layout-flex wp-block-gallery-is-layout-flex\"> <figure class=\"wp-block-image size-large\"><img loading=\"lazy\" decoding=\"async\" width=\"750\" height=\"500\" data-id=\"2575\" src=\"https:\/\/tianhuipackingmachine.com\/wp-content\/uploads\/2021\/09\/cone-shaped-hopper-paste-semi-automatic-filler-structure.jpg\" alt=\"structure de remplissage semi-automatique de p\u00e2te de tr\u00e9mie en forme de c\u00f4ne\" class=\"wp-image-2575\" srcset=\"https:\/\/tianhuipackingmachine.com\/wp-content\/uploads\/2021\/09\/cone-shaped-hopper-paste-semi-automatic-filler-structure.jpg 750w, https:\/\/tianhuipackingmachine.com\/wp-content\/uploads\/2021\/09\/cone-shaped-hopper-paste-semi-automatic-filler-structure-300x200.jpg 300w\" sizes=\"auto, (max-width: 750px) 100vw, 750px\" \/><figcaption>Structure de remplissage semi-automatique de p\u00e2te \u00e0 tr\u00e9mie en forme de c\u00f4ne<\/figcaption><\/figure>    <figure class=\"wp-block-image size-large\"><img loading=\"lazy\" decoding=\"async\" width=\"750\" height=\"500\" data-id=\"4482\" src=\"https:\/\/tianhuipackingmachine.com\/wp-content\/uploads\/2021\/12\/details-of-cone-hopper-type-sauce-filler-750x500.jpg\" alt=\"D\u00e9tails du remplisseur de sauce de type c\u00f4ne-tr\u00e9mie\" class=\"wp-image-4482\" srcset=\"https:\/\/tianhuipackingmachine.com\/wp-content\/uploads\/2021\/12\/details-of-cone-hopper-type-sauce-filler.jpg 750w, https:\/\/tianhuipackingmachine.com\/wp-content\/uploads\/2021\/12\/details-of-cone-hopper-type-sauce-filler-480x320.jpg 480w\" sizes=\"auto, (max-width: 750px) 100vw, 750px\" \/><figcaption>D\u00e9tails du remplisseur de sauce de type c\u00f4ne-tr\u00e9mie<\/figcaption><\/figure> <\/figure>    <h2 class=\"wp-block-heading\" id=\"h-u-type-hopper-semi-automatic-paste-filler\">Remplisseuse de p\u00e2te semi-automatique \u00e0 tr\u00e9mie de type U<\/h2>    <p>L'\u00e9quipement de remplissage semi-automatique de p\u00e2te \u00e0 tr\u00e9mie de type U est une sorte de machine de remplissage horizontale. Compar\u00e9e \u00e0 la remplisseuse de p\u00e2te \u00e0 tr\u00e9mie en forme de c\u00f4ne, la machine de remplissage de p\u00e2te avec tr\u00e9mie de type U a une plus grande capacit\u00e9 de remplissage et un co\u00fbt plus \u00e9lev\u00e9. Si la p\u00e2te contient des particules ou des s\u00e9diments, la tr\u00e9mie de type U est un bon choix, comme la sauce chili, le citron au miel, la sauce aux fruits de la passion, les confitures \u00e0 petits granul\u00e9s, la p\u00e2te de b\u0153uf, etc. L'op\u00e9rateur peut modifier la vitesse et le volume de remplissage en tournant la poign\u00e9e.<\/p>    <h2 class=\"wp-block-heading\" id=\"h-u-type-hopper-paste-filling-machine-structure\">Structure de machine de remplissage de p\u00e2te \u00e0 tr\u00e9mie de type U<\/h2>    <p>La machine est compos\u00e9e d'une sortie, d'une vanne rotative, d'une tr\u00e9mie de m\u00e9lange, d'une p\u00e9dale, d'un cylindre, d'un barom\u00e8tre, d'un moteur, d'une pi\u00e8ce de r\u00e9glage, etc. La buse de sortie adopte une technologie anti-goutte, remplissant plus pr\u00e9cis\u00e9ment. La tr\u00e9mie est \u00e9quip\u00e9e d'un agitateur pour m\u00e9langer le mat\u00e9riau uniform\u00e9ment. La p\u00e9dale est pratique \u00e0 placer dans un endroit appropri\u00e9 lorsque vous utilisez la machine. La rotation de la poign\u00e9e ajuste le pointeur sur l'\u00e9chelle \u00e0 l'ext\u00e9rieur du cylindre, puis le volume de remplissage est modifi\u00e9. Il est entra\u00een\u00e9 par une force pneumatique, n\u00e9cessitant un compresseur d\u2019air lors de l\u2019utilisation de la machine.<\/p>    <figure class=\"wp-block-gallery has-nested-images columns-default is-cropped wp-block-gallery-3 is-layout-flex wp-block-gallery-is-layout-flex\"> <figure class=\"wp-block-image size-large\"><img loading=\"lazy\" decoding=\"async\" width=\"750\" height=\"500\" data-id=\"2596\" src=\"https:\/\/tianhuipackingmachine.com\/wp-content\/uploads\/2021\/09\/structure-of-U-type-hopper-paste-filling-machine.jpg\" alt=\"structure de la machine de remplissage de p\u00e2te \u00e0 tr\u00e9mie de type U\" class=\"wp-image-2596\" srcset=\"https:\/\/tianhuipackingmachine.com\/wp-content\/uploads\/2021\/09\/structure-of-U-type-hopper-paste-filling-machine.jpg 750w, https:\/\/tianhuipackingmachine.com\/wp-content\/uploads\/2021\/09\/structure-of-U-type-hopper-paste-filling-machine-300x200.jpg 300w\" sizes=\"auto, (max-width: 750px) 100vw, 750px\" \/><figcaption>Structure de la machine de remplissage de p\u00e2te \u00e0 tr\u00e9mie de type U<\/figcaption><\/figure>    <figure class=\"wp-block-image size-large\"><img loading=\"lazy\" decoding=\"async\" width=\"750\" height=\"500\" data-id=\"4485\" src=\"https:\/\/tianhuipackingmachine.com\/wp-content\/uploads\/2021\/12\/detailed-parts-of-U-type-hopper-sauce-filler-750x500.jpg\" alt=\"parties d\u00e9taill\u00e9es du remplisseur de sauce \u00e0 tr\u00e9mie de type U\" class=\"wp-image-4485\" srcset=\"https:\/\/tianhuipackingmachine.com\/wp-content\/uploads\/2021\/12\/detailed-parts-of-U-type-hopper-sauce-filler.jpg 750w, https:\/\/tianhuipackingmachine.com\/wp-content\/uploads\/2021\/12\/detailed-parts-of-U-type-hopper-sauce-filler-480x320.jpg 480w\" sizes=\"auto, (max-width: 750px) 100vw, 750px\" \/><figcaption>Pi\u00e8ces d\u00e9taill\u00e9es du remplisseur de sauce \u00e0 tr\u00e9mie de type U<\/figcaption><\/figure> <\/figure>    <h2 class=\"has-text-color wp-block-heading\" id=\"h-parameters-of-semi-automatic-paste-filler\" style=\"color:#ff5200\">Param\u00e8tres de la remplisseuse de p\u00e2te semi-automatique<\/h2>    <figure class=\"wp-block-table is-style-stripes\"><table><tbody><tr><td>Mod\u00e8le<\/td><td>500 (8 mod\u00e8les au total)<\/td><\/tr><tr><td>Un mat\u00e9riau de remplissage<\/td><td>P\u00e2te<\/td><\/tr><tr><td>Plage de remplissage<\/td><td>50-500 ml (8 gammes au total)<\/td><\/tr><tr><td>Pression de l'air<\/td><td>0,4-0,6 MPa<\/td><\/tr><tr><td>Port\u00e9e de tol\u00e9rance<\/td><td>0.50%<\/td><\/tr><tr><td>T\u00eate de remplissage<\/td><td>C\u00e9libataire<\/td><\/tr><\/tbody><\/table><\/figure>    <h2 class=\"wp-block-heading\" id=\"h-multi-head-automatic-paste-filling-machine\">Machine de remplissage de p\u00e2te automatique multi-t\u00eates<\/h2>    <p>L'\u00e9quipement de remplissage automatique de p\u00e2te multi-t\u00eates peut automatiquement remplir plusieurs bouteilles de p\u00e2te une fois, am\u00e9liorant consid\u00e9rablement l'efficacit\u00e9 de la production. Le nombre de buses de sortie peut \u00eatre personnalis\u00e9 selon vos besoins. Et il peut composer une ligne de production avec d'autres machines, telles qu'un redresseur de bouteilles, une machine de capsulage sous vide, une machine de capsulage de bouteilles en plastique, une \u00e9tiqueteuse, une imprimante de codage, etc.<\/p>    <h2 class=\"wp-block-heading\" id=\"h-multi-head-automatic-paste-filler-structure\">Structure de remplissage de p\u00e2te automatique multi-t\u00eates<\/h2>    <p>L'\u00e9quipement se compose d'un panneau de commande, d'une tr\u00e9mie, d'un bouton rotatif pour r\u00e9gler la hauteur, d'une buse de remplissage, d'un convoyeur, d'un \u0153il \u00e9lectrique, d'un bo\u00eetier de machine, etc. Le panneau de commande avec un \u00e9cran tactile PLC peut configurer divers param\u00e8tres rapidement et facilement. La buse de remplissage adopte un dispositif anti-goutte. La largeur de la bande transporteuse peut \u00eatre personnalis\u00e9e en fonction de vos besoins.<\/p>    <div class=\"wp-block-image\"><figure class=\"aligncenter size-full\"><img loading=\"lazy\" decoding=\"async\" width=\"750\" height=\"500\" src=\"https:\/\/tianhuipackingmachine.com\/wp-content\/uploads\/2021\/09\/multi-head-paste-filling-equipment-structure.jpg\" alt=\"structure d&#039;\u00e9quipement de remplissage de p\u00e2te multi-t\u00eates\" class=\"wp-image-2582\" srcset=\"https:\/\/tianhuipackingmachine.com\/wp-content\/uploads\/2021\/09\/multi-head-paste-filling-equipment-structure.jpg 750w, https:\/\/tianhuipackingmachine.com\/wp-content\/uploads\/2021\/09\/multi-head-paste-filling-equipment-structure-300x200.jpg 300w\" sizes=\"auto, (max-width: 750px) 100vw, 750px\" \/><figcaption>structure d'\u00e9quipement de remplissage de p\u00e2te multi-t\u00eates<\/figcaption><\/figure><\/div>    <h2 class=\"has-text-color wp-block-heading\" id=\"h-parameters-of-automatic-paste-filler\" style=\"color:#ff5200\">Param\u00e8tres du remplisseur de p\u00e2te automatique <\/h2>    <figure class=\"wp-block-table is-style-stripes\"><table><tbody><tr><td>Poudre<\/td><td>220 V\/50 Hz<\/td><\/tr><tr><td>Plage de remplissage<\/td><td>50-500, 100-1000<\/td><\/tr><tr><td>Pr\u00e9cision de remplissage<\/td><td>&lt;\u00b11%<\/td><\/tr><tr><td>Vitesse de remplissage<\/td><td>2000-2400 bouteilles\/h<\/td><\/tr><tr><td>Note<\/td><td>Service de personnalisation disponible<\/td><\/tr><\/tbody><\/table><\/figure>    <h2 class=\"wp-block-heading\" id=\"h-features-of-paste-filling-machine\">Caract\u00e9ristiques de la machine de remplissage de p\u00e2te<\/h2>    <ol class=\"wp-block-list\" type=\"1\"><li>Structure compacte, structure simple, facile \u00e0 utiliser<\/li><li>\u00catre entra\u00een\u00e9 par la force pneumatique, fonctionnant de mani\u00e8re stable<\/li><li>Equip\u00e9 du dispositif anti-goutte, remplissage pr\u00e9cis<\/li><li>La partie du mat\u00e9riau de contact est en acier inoxydable, durable et facile \u00e0 nettoyer<\/li><li>La vitesse et le volume de remplissage peuvent \u00eatre ajust\u00e9s selon vos besoins<\/li><li>La machine de remplissage de p\u00e2te semi-automatique dispose de deux m\u00e9thodes de remplissage : \u00e0 p\u00e9dale et automatique. Et les deux m\u00e9thodes de remplissage peuvent \u00eatre commut\u00e9es \u00e0 volont\u00e9.<\/li><li>Le remplisseur de p\u00e2te semi-automatique horizontal est \u00e9quip\u00e9 d'un agitateur, m\u00e9langeant le mat\u00e9riau uniform\u00e9ment<\/li><li>La machine de remplissage automatique de p\u00e2te peut remplir le mat\u00e9riau automatiquement apr\u00e8s avoir configur\u00e9 les param\u00e8tres sur l'\u00e9cran tactile.<\/li><li>Le service OEM est disponible<\/li><\/ol>    <h2 class=\"wp-block-heading\" id=\"h-wide-applications-of-paste-filling-equipment\">Applications larges de l'\u00e9quipement de remplissage de p\u00e2te<\/h2>    <p>La machine de remplissage de p\u00e2te s'applique largement au miel, \u00e0 la confiture de fraises, \u00e0 la confiture de myrtilles, \u00e0 la marmelade, au citron au miel, \u00e0 la sauce aux fruits de la passion, au tahini, \u00e0 la vinaigrette, \u00e0 l'huile de cuisson, au ketchup, \u00e0 la sauce, \u00e0 la sauce chili, au beurre, \u00e0 la p\u00e2te de s\u00e9same, au beurre de cacahu\u00e8te, \u00e0 la p\u00e2te de b\u0153uf, au hoisin. sauce, sauce aux hu\u00eetres, d\u00e9tergent, d\u00e9sinfectant pour les mains, shampoing, apr\u00e8s-shampooing, gel d'aloe vera, cosm\u00e9tique, colle, etc. Pour les p\u00e2tes contenant des particules, il est pr\u00e9f\u00e9rable de choisir la tr\u00e9mie de type U. Si le mat\u00e9riau est visqueux, l'ajout d'un dispositif de chauffage et d'agitation est une bonne id\u00e9e pour faciliter le remplissage du mat\u00e9riau.<\/p>    <figure class=\"wp-block-gallery has-nested-images columns-default is-cropped wp-block-gallery-4 is-layout-flex wp-block-gallery-is-layout-flex\"> <figure class=\"wp-block-image size-large\"><img loading=\"lazy\" decoding=\"async\" width=\"750\" height=\"500\" data-id=\"2595\" src=\"https:\/\/tianhuipackingmachine.com\/wp-content\/uploads\/2021\/09\/wide-applications-of-paste-filling-equipment.jpg\" alt=\"applications \u00e9tendues de l&#039;\u00e9quipement de remplissage de p\u00e2te\" class=\"wp-image-2595\" srcset=\"https:\/\/tianhuipackingmachine.com\/wp-content\/uploads\/2021\/09\/wide-applications-of-paste-filling-equipment.jpg 750w, https:\/\/tianhuipackingmachine.com\/wp-content\/uploads\/2021\/09\/wide-applications-of-paste-filling-equipment-300x200.jpg 300w\" sizes=\"auto, (max-width: 750px) 100vw, 750px\" \/><figcaption>Applications larges de l'\u00e9quipement de remplissage de p\u00e2te<\/figcaption><\/figure>    <figure class=\"wp-block-image size-large\"><img loading=\"lazy\" decoding=\"async\" width=\"750\" height=\"500\" data-id=\"4480\" src=\"https:\/\/tianhuipackingmachine.com\/wp-content\/uploads\/2021\/12\/applicable-filling-products-750x500.jpg\" alt=\"produits de remplissage applicables\" class=\"wp-image-4480\" srcset=\"https:\/\/tianhuipackingmachine.com\/wp-content\/uploads\/2021\/12\/applicable-filling-products.jpg 750w, https:\/\/tianhuipackingmachine.com\/wp-content\/uploads\/2021\/12\/applicable-filling-products-480x320.jpg 480w\" sizes=\"auto, (max-width: 750px) 100vw, 750px\" \/><figcaption>Produits de remplissage applicables<\/figcaption><\/figure> <\/figure>    <h2 class=\"wp-block-heading\" id=\"h-related-machines-in-henan-top-packing-machinery\">Machines associ\u00e9es dans les meilleures machines d'emballage du Henan<\/h2>    <p class=\"translation-block\">La machine de remplissage de p\u00e2te fait partie des produits fournis par Henan Top Packing Machinery Co., Ltd. En tant que fabricant et fournisseur fiable de machines d'emballage, nous proposons une vari\u00e9t\u00e9 de machines d'emballage, telles que des emballeuses de poudre, des machines d'emballage de granul\u00e9s, des <a href=\"https:\/\/tianhuipackingmachine.com\/fr\/liquid-packing-machine\/\" target=\"_blank\" rel=\"noreferrer noopener\">machines d'emballage de liquides<\/a>, des machines d'emballage de p\u00e2te, des scelleuses sous vide, des machines d'emballage coussin, etc. Et nous avons des machines de remplissage pour poudre, granul\u00e9s, liquides ou p\u00e2tes. De plus, nous fournissons \u00e9galement des machines de scellage de sacs, des <a href=\"https:\/\/tianhuipackingmachine.com\/fr\/vacuum-capping-machines\/\" target=\"_blank\" rel=\"noreferrer noopener\">boucheuses<\/a>, des machines de codage, des <a href=\"https:\/\/tianhuipackingmachine.com\/fr\/automatic-round-bottle-labeling-machine-sale\/\" target=\"_blank\" rel=\"noreferrer noopener\">\u00e9tiqueteuses<\/a>, des machines de scellage de cartons, etc. Contactez-nous pour plus d'informations.<\/p>    <figure class=\"wp-block-gallery has-nested-images columns-default is-cropped wp-block-gallery-5 is-layout-flex wp-block-gallery-is-layout-flex\"> <figure class=\"wp-block-image size-large\"><img loading=\"lazy\" decoding=\"async\" width=\"750\" height=\"500\" data-id=\"2014\" src=\"https:\/\/tianhuipackingmachine.com\/wp-content\/uploads\/2021\/08\/vacuum-capping-machine-1.jpg\" alt=\"machine de capsulage sous vide\" class=\"wp-image-2014\" srcset=\"https:\/\/tianhuipackingmachine.com\/wp-content\/uploads\/2021\/08\/vacuum-capping-machine-1.jpg 750w, https:\/\/tianhuipackingmachine.com\/wp-content\/uploads\/2021\/08\/vacuum-capping-machine-1-300x200.jpg 300w\" sizes=\"auto, (max-width: 750px) 100vw, 750px\" \/><figcaption>Machine de capsulage sous vide<\/figcaption><\/figure>    <figure class=\"wp-block-image size-large\"><img loading=\"lazy\" decoding=\"async\" width=\"750\" height=\"500\" data-id=\"1988\" src=\"https:\/\/tianhuipackingmachine.com\/wp-content\/uploads\/2021\/07\/automatic-round-bottle-labeler.jpg\" alt=\"\u00e9tiqueteuse automatique de bouteilles rondes\" class=\"wp-image-1988\" srcset=\"https:\/\/tianhuipackingmachine.com\/wp-content\/uploads\/2021\/07\/automatic-round-bottle-labeler.jpg 750w, https:\/\/tianhuipackingmachine.com\/wp-content\/uploads\/2021\/07\/automatic-round-bottle-labeler-300x200.jpg 300w\" sizes=\"auto, (max-width: 750px) 100vw, 750px\" \/><figcaption>\u00c9tiqueteuse automatique de bouteilles rondes<\/figcaption><\/figure> <\/figure>    <figure class=\"wp-block-gallery has-nested-images columns-default is-cropped wp-block-gallery-6 is-layout-flex wp-block-gallery-is-layout-flex\"> <figure class=\"wp-block-image size-large\"><img loading=\"lazy\" decoding=\"async\" width=\"750\" height=\"500\" data-id=\"4484\" src=\"https:\/\/tianhuipackingmachine.com\/wp-content\/uploads\/2021\/12\/U-type-paste-filler-in-factory-750x500.jpg\" alt=\"Remplisseur de p\u00e2te de type U en usine\" class=\"wp-image-4484\" srcset=\"https:\/\/tianhuipackingmachine.com\/wp-content\/uploads\/2021\/12\/U-type-paste-filler-in-factory.jpg 750w, https:\/\/tianhuipackingmachine.com\/wp-content\/uploads\/2021\/12\/U-type-paste-filler-in-factory-480x320.jpg 480w\" sizes=\"auto, (max-width: 750px) 100vw, 750px\" \/><figcaption>Remplisseur de p\u00e2te de type U en usine<\/figcaption><\/figure>    <figure class=\"wp-block-image size-large\"><img loading=\"lazy\" decoding=\"async\" width=\"750\" height=\"500\" data-id=\"4483\" src=\"https:\/\/tianhuipackingmachine.com\/wp-content\/uploads\/2021\/12\/paste-fillling-pump-in-factory-display-750x500.jpg\" alt=\"pompe de remplissage de p\u00e2te dans l&#039;affichage d&#039;usine\" class=\"wp-image-4483\" srcset=\"https:\/\/tianhuipackingmachine.com\/wp-content\/uploads\/2021\/12\/paste-fillling-pump-in-factory-display.jpg 750w, https:\/\/tianhuipackingmachine.com\/wp-content\/uploads\/2021\/12\/paste-fillling-pump-in-factory-display-480x320.jpg 480w\" sizes=\"auto, (max-width: 750px) 100vw, 750px\" \/><figcaption>Pompe de remplissage de p\u00e2te dans l'affichage d'usine<\/figcaption><\/figure> <\/figure>","protected":false},"excerpt":{"rendered":"<p>Paste filling machine is the equipment to fill paste into bags, bottles, or cans. It\u2019s suitable for various pastes, like sauces, daily necessities, chemicals, etc. There is semi-automatic paste filler and automatic multi-head filler. The former occupies a small space, simple structure, low cost. The latter is equipped with multiple outlets, automatic filling, improving production [&hellip;]<\/p>\n","protected":false},"author":1,"featured_media":2573,"parent":0,"template":"","tags":[162],"product-type":[141],"class_list":["post-2571","product","type-product","status-publish","has-post-thumbnail","hentry","tag-filling-machine","product-type-filling-machines"],"_links":{"self":[{"href":"https:\/\/tianhuipackingmachine.com\/fr\/wp-json\/wp\/v2\/product\/2571","targetHints":{"allow":["GET"]}}],"collection":[{"href":"https:\/\/tianhuipackingmachine.com\/fr\/wp-json\/wp\/v2\/product"}],"about":[{"href":"https:\/\/tianhuipackingmachine.com\/fr\/wp-json\/wp\/v2\/types\/product"}],"author":[{"embeddable":true,"href":"https:\/\/tianhuipackingmachine.com\/fr\/wp-json\/wp\/v2\/users\/1"}],"wp:featuredmedia":[{"embeddable":true,"href":"https:\/\/tianhuipackingmachine.com\/fr\/wp-json\/wp\/v2\/media\/2573"}],"wp:attachment":[{"href":"https:\/\/tianhuipackingmachine.com\/fr\/wp-json\/wp\/v2\/media?parent=2571"}],"wp:term":[{"taxonomy":"post_tag","embeddable":true,"href":"https:\/\/tianhuipackingmachine.com\/fr\/wp-json\/wp\/v2\/tags?post=2571"},{"taxonomy":"product-type","embeddable":true,"href":"https:\/\/tianhuipackingmachine.com\/fr\/wp-json\/wp\/v2\/product-type?post=2571"}],"curies":[{"name":"wp","href":"https:\/\/api.w.org\/{rel}","templated":true}]}}