{"id":2556,"date":"2021-09-11T11:45:26","date_gmt":"2021-09-11T03:45:26","guid":{"rendered":"https:\/\/tianhuipackingmachine.com\/?page_id=2556"},"modified":"2022-04-27T11:18:46","modified_gmt":"2022-04-27T03:18:46","slug":"liquid-filling-machines","status":"publish","type":"product","link":"https:\/\/tianhuipackingmachine.com\/fr\/liquid-filling-machines\/","title":{"rendered":"Machine de remplissage de liquide"},"content":{"rendered":"<p class=\"translation-block\"><strong>Liquid filling machine<\/strong> est l\u2019un des types de machine de remplissage quantitatif, remplissant de mani\u00e8re homog\u00e8ne, simple \u00e0 utiliser. L\u2019\u00e9quipement convient \u00e0 une vari\u00e9t\u00e9 de liquides qui s\u2019\u00e9coulent bien, tels que l\u2019eau, le jus, le lait, le vin, la bi\u00e8re, l\u2019alcool, le vinaigre, les boissons, l\u2019huile, le lubrifiant, l\u2019eau de pr\u00e9paration, etc. Une vari\u00e9t\u00e9 de mod\u00e8les de pompes de remplissage de liquides est disponible en option. Vous pouvez choisir l\u2019appareil de remplissage le plus adapt\u00e9 \u00e0 vos besoins concernant le volume que vous souhaitez remplir. De plus, nous proposons \u00e9galement un service de personnalisation bas\u00e9 sur vos exigences r\u00e9elles.<\/p>    <h2 class=\"wp-block-heading\" id=\"h-liquid-filling-machine-for-sale\">Machine de remplissage de liquide \u00e0 vendre<\/h2>    <p>Il existe deux types de machines de remplissage de liquide dans les machines d'emballage Top (Henan) \u00e0 vendre, la remplisseuse de liquide semi-automatique \u00e0 sortie unique et la remplisseuse de liquide automatique \u00e0 plusieurs t\u00eates. Le premier pr\u00e9sente les avantages d\u2019un faible co\u00fbt, d\u2019un petit espace occup\u00e9 et de larges applications, adapt\u00e9es aux petites entreprises. Cette derni\u00e8re et d'autres machines peuvent composer une ligne de production d'emballages liquides, comme une machine \u00e0 d\u00e9chiffrer les bouteilles, une machine de capsulage, une \u00e9tiqueteuse, une imprimante de codage, etc., fonctionnant de mani\u00e8re efficace et pr\u00e9cise, adapt\u00e9e \u00e0 la production de remplissage de liquide en masse.<\/p>    <div class=\"wp-block-columns is-layout-flex wp-container-core-columns-is-layout-28f84493 wp-block-columns-is-layout-flex\"> <div class=\"wp-block-column is-layout-flow wp-block-column-is-layout-flow\"> <figure class=\"wp-block-image size-full\"><img loading=\"lazy\" decoding=\"async\" width=\"750\" height=\"500\" src=\"https:\/\/tianhuipackingmachine.com\/wp-content\/uploads\/2021\/09\/semi-automatic-single-outlet-liquid-filler.jpg\" alt=\"remplisseuse de liquide semi-automatique \u00e0 sortie unique\" class=\"wp-image-2563\" srcset=\"https:\/\/tianhuipackingmachine.com\/wp-content\/uploads\/2021\/09\/semi-automatic-single-outlet-liquid-filler.jpg 750w, https:\/\/tianhuipackingmachine.com\/wp-content\/uploads\/2021\/09\/semi-automatic-single-outlet-liquid-filler-300x200.jpg 300w\" sizes=\"auto, (max-width: 750px) 100vw, 750px\" \/><figcaption>Remplisseuse de liquide semi-automatique \u00e0 sortie unique<\/figcaption><\/figure> <\/div>    <div class=\"wp-block-column is-layout-flow wp-block-column-is-layout-flow\"> <figure class=\"wp-block-image size-full\"><img loading=\"lazy\" decoding=\"async\" width=\"750\" height=\"500\" src=\"https:\/\/tianhuipackingmachine.com\/wp-content\/uploads\/2021\/09\/multi-head-automatic-liquid-filler.jpg\" alt=\"remplisseuse de liquide automatique multi-t\u00eates\" class=\"wp-image-2564\" srcset=\"https:\/\/tianhuipackingmachine.com\/wp-content\/uploads\/2021\/09\/multi-head-automatic-liquid-filler.jpg 750w, https:\/\/tianhuipackingmachine.com\/wp-content\/uploads\/2021\/09\/multi-head-automatic-liquid-filler-300x200.jpg 300w\" sizes=\"auto, (max-width: 750px) 100vw, 750px\" \/><figcaption>Remplisseuse de liquide automatique multi-t\u00eates<\/figcaption><\/figure> <\/div> <\/div>    <h2 class=\"wp-block-heading\" id=\"h-semi-automatic-single-outlet-liquid-filling-machine\">Machine de remplissage de liquide semi-automatique \u00e0 sortie unique<\/h2>    <p>La machine de remplissage de liquide \u00e0 sortie unique est une machine de remplissage \u00e0 piston semi-automatique, entra\u00een\u00e9e par un cylindre pour extraire et \u00e9jecter les mat\u00e9riaux. Le corps de la machine est en acier inoxydable, durable et facile \u00e0 nettoyer et \u00e0 entretenir. Une \u00e9chelle se trouve sur l'appareil pour r\u00e9gler le volume de remplissage, pratique \u00e0 utiliser. De nombreuses tailles de pompes \u00e0 liquide sont facultatives. La port\u00e9e des mod\u00e8les de pompe de remplissage comprend 1-10 ml, 10-100 ml, 100-1000 ml, 5-50 ml, 50-500 ml, 500-5000 ml, 3-30 ml, 30-300 ml, 300-3000 ml, 1000-5000 ml, etc. peut choisir en fonction de vos besoins. La machine est populaire aupr\u00e8s des petites entreprises en raison de ses caract\u00e9ristiques de petit espace occup\u00e9, de bonne qualit\u00e9 et de faible co\u00fbt.<\/p>    <h2 class=\"wp-block-heading\" id=\"h-single-outlet-liquid-filling-machine-structure\">Structure de machine de remplissage de liquide \u00e0 sortie unique<\/h2>    <div class=\"wp-block-image\"><figure class=\"aligncenter size-full\"><img loading=\"lazy\" decoding=\"async\" width=\"750\" height=\"500\" src=\"https:\/\/tianhuipackingmachine.com\/wp-content\/uploads\/2021\/09\/semi-automatic-liquid-filling-machine-structure.jpg\" alt=\"structure de machine de remplissage de liquide semi-automatique\" class=\"wp-image-2560\" srcset=\"https:\/\/tianhuipackingmachine.com\/wp-content\/uploads\/2021\/09\/semi-automatic-liquid-filling-machine-structure.jpg 750w, https:\/\/tianhuipackingmachine.com\/wp-content\/uploads\/2021\/09\/semi-automatic-liquid-filling-machine-structure-300x200.jpg 300w\" sizes=\"auto, (max-width: 750px) 100vw, 750px\" \/><figcaption>structure de machine de remplissage de liquide semi-automatique<\/figcaption><\/figure><\/div>    <h2 class=\"wp-block-heading\" id=\"h-automatic-multi-head-liquid-filling-equipment\">\u00c9quipement de remplissage de liquide automatique multi-t\u00eates<\/h2>    <p>Remplisseuse de liquide automatique multi-t\u00eates, comme son nom l'indique, elle adopte plusieurs t\u00eates de remplissage, am\u00e9liorant ainsi consid\u00e9rablement la production. Parmi eux, un \u00e9quipement de remplissage de liquide \u00e0 12 t\u00eates peut atteindre 3 000 bouteilles\/h. Le nombre minimum de t\u00eates de remplissage est de deux et ce nombre peut \u00eatre personnalis\u00e9. Vous pouvez choisir en fonction de votre \u00e9chelle de production. En outre, le dispositif de t\u00eate de remplissage lin\u00e9aire est \u00e9quip\u00e9 d'un dispositif anti-goutte emp\u00eachant efficacement le gaspillage de mat\u00e9riaux. Les mod\u00e8les de pompes \u00e0 port\u00e9e de remplissage sont de 10 \u00e0 100 ml, 50 \u00e0 500 ml, 100 \u00e0 1 000 ml, 500 \u00e0 3 000 ml, 1 000 \u00e0 5 000 ml, etc. Son r\u00e9sultat de remplissage est pr\u00e9cis et uniforme. Il peut \u00e9galement \u00eatre associ\u00e9 \u00e0 d\u2019autres machines pour composer une ligne de production adapt\u00e9e aux moyennes et grandes entreprises. \u00a0<\/p>    <h2 class=\"wp-block-heading\" id=\"h-multi-head-bottle-filling-machine-structure\">Structure de la machine de remplissage de bouteilles multi-t\u00eates<\/h2>    <div class=\"wp-block-image\"><figure class=\"aligncenter size-full\"><img loading=\"lazy\" decoding=\"async\" width=\"750\" height=\"500\" src=\"https:\/\/tianhuipackingmachine.com\/wp-content\/uploads\/2021\/09\/multi-head-automatic-liquid-filling-equipment-structure.jpg\" alt=\"structure d&#039;\u00e9quipement de remplissage de liquide automatique multi-t\u00eates\" class=\"wp-image-2568\" srcset=\"https:\/\/tianhuipackingmachine.com\/wp-content\/uploads\/2021\/09\/multi-head-automatic-liquid-filling-equipment-structure.jpg 750w, https:\/\/tianhuipackingmachine.com\/wp-content\/uploads\/2021\/09\/multi-head-automatic-liquid-filling-equipment-structure-300x200.jpg 300w\" sizes=\"auto, (max-width: 750px) 100vw, 750px\" \/><figcaption>structure d'\u00e9quipement de remplissage de liquide automatique multi-t\u00eates<\/figcaption><\/figure><\/div>    <h2 class=\"wp-block-heading\" id=\"h-features-benefits-of-liquid-filling-machines\">Caract\u00e9ristiques et avantages des machines de remplissage de liquides<\/h2>    <ol class=\"wp-block-list\" type=\"1\"><li>Conception raisonnable, structure simple, remplissage quantitatif, facile \u00e0 utiliser<\/li><li>Diverses port\u00e9es de pompe de remplissage de liquide en option, le volume de remplissage et la vitesse sont r\u00e9glables<\/li><li>Le corps de l'\u00e9quipement est en acier inoxydable, durable et pratique \u00e0 nettoyer et \u00e0 entretenir.<\/li><li>Equip\u00e9 du dispositif anti-goutte pour assurer un remplissage pr\u00e9cis.<\/li><li>Le remplisseur de liquide semi-automatique occupe un petit espace, pr\u00e9sente un faible investissement et un faible bruit<\/li><li>La remplisseuse multi-t\u00eates automatique peut s'associer \u00e0 d'autres machines pour composer une ligne de production enti\u00e8re, r\u00e9alisant une automatisation compl\u00e8te, am\u00e9liorant l'efficacit\u00e9 et \u00e9conomisant du travail.<\/li><li>Besoin de travailler ensemble avec le compresseur d'air<\/li><li>Service de personnalisation disponible<\/li><\/ol>    <h2 class=\"wp-block-heading\" id=\"h-multi-head-water-bottle-filling-machine-working-video\">Vid\u00e9o de travail de la machine de remplissage de bouteilles d'eau multi-t\u00eates<\/h2>   <figure class=\"wp-block-embed-youtube wp-block-embed is-type-video is-provider-youtube wp-embed-aspect-16-9 wp-has-aspect-ratio\"><div class=\"lyte-wrapper\" title=\"Machine de remplissage de bouteilles multi-t\u00eates | Haute efficacit\u00e9 et pr\u00e9cision\" style=\"width:853px;max-width:100%;margin:5px auto;\"><div class=\"lyMe\" id=\"WYL_FyQd0tZFAAA\" itemprop=\"video\" itemscope itemtype=\"https:\/\/schema.org\/VideoObject\"><div><meta itemprop=\"thumbnailUrl\" content=\"https:\/\/i.ytimg.com\/vi\/FyQd0tZFAAA\/hqdefault.jpg\" \/><meta itemprop=\"embedURL\" content=\"https:\/\/www.youtube.com\/embed\/FyQd0tZFAAA\" \/><meta itemprop=\"duration\" content=\"PT1M34S\" \/><meta itemprop=\"uploadDate\" content=\"2021-08-06T10:47:45Z\" \/><\/div><div id=\"lyte_FyQd0tZFAAA\" data-src=\"https:\/\/i.ytimg.com\/vi\/FyQd0tZFAAA\/hqdefault.jpg\" class=\"pL\"><div class=\"tC\"><div class=\"tT\" itemprop=\"name\">Machine de remplissage de bouteilles multi-t\u00eates | Haute efficacit\u00e9 et pr\u00e9cision<\/div><\/div><div class=\"play\"><\/div><div class=\"ctrl\"><div class=\"Lctrl\"><\/div><div class=\"Rctrl\"><\/div><\/div><\/div><noscript><a href=\"https:\/\/youtu.be\/FyQd0tZFAAA\" rel=\"nofollow noopener\" target=\"_blank\"><img loading=\"lazy\" decoding=\"async\" src=\"https:\/\/i.ytimg.com\/vi\/FyQd0tZFAAA\/0.jpg\" alt=\"Machine de remplissage de bouteilles multi-t\u00eates | Haute efficacit\u00e9 et pr\u00e9cision\" width=\"853\" height=\"460\" \/><\/a><\/noscript><meta itemprop=\"description\" content=\"Multi-head bottle filling and packaging machine is suitable for various kinds of liquids to realize high-volume production, filling with multiple heads, efficiently and accurately. It also can match with some other machines, such as unscramble bottle machine, screwing cap machine, labeling machine, date printer, etc. Get more details: https:\/\/tianhuipackingmachine.com\/water-packing-machine\/ Email: toppacking@163.com\"><\/div><\/div><div class=\"lL\" style=\"max-width:100%;width:853px;margin:5px auto;\"> <a href=\"https:\/\/youtu.be\/FyQd0tZFAAA\" target=\"_blank\" rel=\"noopener\">Regarder cette vid\u00e9o sur YouTube<\/a>.<\/div><figcaption><\/figcaption><\/figure>   <h2 class=\"wp-block-heading\" id=\"h-applications-of-liquid-filling-equipment\">Applications des \u00e9quipements de remplissage de liquides<\/h2>    <p class=\"translation-block\">Les machines de remplissage liquides conviennent au remplissage de liquides ayant une bonne fluidit\u00e9, s\u2019appliquant largement \u00e0 <strong><a href=\"https:\/\/tianhuipackingmachine.com\/fr\/water-packing-machine\/\">l\u2019eau<\/a><\/strong>, boissons, condiments, <strong><a href=\"https:\/\/tianhuipackingmachine.com\/fr\/oil-packaging-machine\/\">huiles<\/a><\/strong>, articles de premi\u00e8re n\u00e9cessit\u00e9, m\u00e9dicaments, cosm\u00e9tiques, produits chimiques, additifs, etc. L\u2019\u00e9quipement peut remplir l\u2019eau min\u00e9rale, l\u2019eau gazeuse, l\u2019eau p\u00e9tillante, le jus, le lait, la bi\u00e8re, le vin, le vinaigre, l\u2019alcool, les solutions orales, l\u2019huile comestible, l\u2019huile d\u2019olive, l\u2019huile d\u2019arachide, le lubrifiant, l\u2019eau de pr\u00e9paration, le d\u00e9tergent liquide, les d\u00e9sinfectants pour les mains, le shampoing, le gel douche, les d\u00e9sinfectants, l\u2019antigel, les pesticides, les herbicides, etc. Pour le remplissage de liquides visqueux, vous devez utiliser une machine de remplissage de p\u00e2te.<\/p>    <h2 class=\"wp-block-heading\" id=\"h-liquid-filling-machine-price\">Prix \u200b\u200bde la machine de remplissage de liquide<\/h2>    <p class=\"translation-block\">Le prix du remplisseur liquide est li\u00e9 au type de machine, \u00e0 la taille de la pompe de remplissage, au nombre de sorties de remplissage, etc. Compar\u00e9 au remplisseur liquide semi-automatique \u00e0 sortie unique, le prix du remplisseur liquide automatique multi-t\u00eates est plus \u00e9lev\u00e9 car ce dernier n\u00e9cessite plus de co\u00fbts de production. Pour diff\u00e9rentes tailles de pompes de remplissage de liquides, la plus grande est plus co\u00fbteuse. De plus, en ce qui concerne les remplisseurs liquides \u00e0 t\u00eates multiples, plus de t\u00eates de remplissage n\u00e9cessitent \u00e9galement un co\u00fbt plus \u00e9lev\u00e9. En tant que <strong><a href=\"https:\/\/tianhuipackingmachine.com\/fr\/\">fabricant et fournisseur d\u2019emballage<\/a><\/strong>, nous ferons de notre mieux pour fournir des machines \u00e0 haut rendement. Mais comme dit le proverbe, on en a pour son argent. Il vaut donc mieux ne pas n\u00e9gliger la qualit\u00e9 et d\u2019autres propri\u00e9t\u00e9s \u00e0 cause du prix. <strong><a href=\"https:\/\/tianhuipackingmachine.com\/fr\/contact\/\">Contactez-nous<\/a><\/strong> pour obtenir plus de d\u00e9tails.<\/p>","protected":false},"excerpt":{"rendered":"<p>Liquid filling machine is one kind of quantitative filling machine, filling evenly, simple to operate. The equipment is suitable for a variety of liquids that flow well, such as water, juice, milk, wine, beer, alcohol, vinegar, beverage, oil, lubricant, make-up water, etc. A variety of liquid filling pump models are optional. You can choose the [&hellip;]<\/p>\n","protected":false},"author":1,"featured_media":2563,"parent":0,"template":"","tags":[162],"product-type":[141],"class_list":["post-2556","product","type-product","status-publish","has-post-thumbnail","hentry","tag-filling-machine","product-type-filling-machines"],"_links":{"self":[{"href":"https:\/\/tianhuipackingmachine.com\/fr\/wp-json\/wp\/v2\/product\/2556","targetHints":{"allow":["GET"]}}],"collection":[{"href":"https:\/\/tianhuipackingmachine.com\/fr\/wp-json\/wp\/v2\/product"}],"about":[{"href":"https:\/\/tianhuipackingmachine.com\/fr\/wp-json\/wp\/v2\/types\/product"}],"author":[{"embeddable":true,"href":"https:\/\/tianhuipackingmachine.com\/fr\/wp-json\/wp\/v2\/users\/1"}],"wp:featuredmedia":[{"embeddable":true,"href":"https:\/\/tianhuipackingmachine.com\/fr\/wp-json\/wp\/v2\/media\/2563"}],"wp:attachment":[{"href":"https:\/\/tianhuipackingmachine.com\/fr\/wp-json\/wp\/v2\/media?parent=2556"}],"wp:term":[{"taxonomy":"post_tag","embeddable":true,"href":"https:\/\/tianhuipackingmachine.com\/fr\/wp-json\/wp\/v2\/tags?post=2556"},{"taxonomy":"product-type","embeddable":true,"href":"https:\/\/tianhuipackingmachine.com\/fr\/wp-json\/wp\/v2\/product-type?post=2556"}],"curies":[{"name":"wp","href":"https:\/\/api.w.org\/{rel}","templated":true}]}}