{"id":2522,"date":"2021-09-09T11:06:51","date_gmt":"2021-09-09T03:06:51","guid":{"rendered":"https:\/\/tianhuipackingmachine.com\/?page_id=2522"},"modified":"2023-02-15T10:24:05","modified_gmt":"2023-02-15T02:24:05","slug":"yogurt-cup-filling-machine","status":"publish","type":"product","link":"https:\/\/tianhuipackingmachine.com\/fr\/yogurt-cup-filling-machine\/","title":{"rendered":"Machine de remplissage de pots de yaourt"},"content":{"rendered":"<p class=\"translation-block\"><strong>Machine de remplissage de pots de yaourt<\/strong>, comme son nom l'indique, est un type d'\u00e9quipement pour le remplissage et le scellement des pots. Compar\u00e9e \u00e0 la machine de remplissage de liquide en ligne, cette machine d'emballage de yaourt pour pots est \u00e9quip\u00e9e d'un plateau rotatif. La <strong>machine de remplissage et de scellement de pots de yaourt<\/strong> peut automatiquement compl\u00e9ter l'ensemble du processus d'alimentation des pots, de remplissage, de scellement et de retrait des produits finis. Elle s'applique aux pots et couvercles pr\u00e9fabriqu\u00e9s. <\/p>    <p>Les t\u00eates de remplissage \u00e0 sortie unique et doubles sont des types courants. En outre, ce type de machine n\u00e9cessite une personnalisation en fonction des tailles et des formes des tasses et des couvercles, nous sugg\u00e9rons donc \u00e0 notre client de nous indiquer les d\u00e9tails de la forme et de la capacit\u00e9 du produit lorsqu'il nous contacte.<\/p>    <figure class=\"wp-block-image aligncenter size-full\"><img loading=\"lazy\" decoding=\"async\" width=\"750\" height=\"500\" src=\"https:\/\/tianhuipackingmachine.com\/wp-content\/uploads\/2021\/09\/yogurt-cup-filler.jpg\" alt=\"remplissage de tasse de yaourt\" class=\"wp-image-2523\" srcset=\"https:\/\/tianhuipackingmachine.com\/wp-content\/uploads\/2021\/09\/yogurt-cup-filler.jpg 750w, https:\/\/tianhuipackingmachine.com\/wp-content\/uploads\/2021\/09\/yogurt-cup-filler-300x200.jpg 300w\" sizes=\"auto, (max-width: 750px) 100vw, 750px\" \/><figcaption class=\"wp-element-caption\">Remplisseur de tasse de yaourt<\/figcaption><\/figure>    <h2 class=\"wp-block-heading\" id=\"h-features-benefits-of-yogurt-cup-filling-machine\">Caract\u00e9ristiques et avantages de la machine de remplissage de pots de yaourt<\/h2>    <ol class=\"wp-block-list\" type=\"1\"> <li>Structure rotative, conception raisonnable, haute efficacit\u00e9 et pr\u00e9cision, fonctions compl\u00e8tes.<\/li>    <li>\u00c9cran tactile pour configurer divers param\u00e8tres de la machine, facile \u00e0 utiliser.<\/li>    <li>Haute automatisation\u00a0: alimentation automatique des gobelets, remplissage, scellage et extraction des produits finis.<\/li>    <li>Occupe un petit espace, fonctionne de mani\u00e8re stable, en utilisant un contr\u00f4le de temp\u00e9rature ind\u00e9pendant.<\/li>    <li>La machine s'arr\u00eatera si aucune tasse ne tombe et red\u00e9marrera apr\u00e8s l'alimentation de la tasse.<\/li>    <li>Il est fabriqu\u00e9 en acier inoxydable et en alliage d'aluminium, stable et durable, et pratique \u00e0 nettoyer.<\/li>    <li>Adoptez un syst\u00e8me de contr\u00f4le et des composants pneumatiques de renomm\u00e9e mondiale, une bonne qualit\u00e9 et une longue dur\u00e9e de vie.<\/li>    <li>Service de personnalisation disponible.<\/li> <\/ol>    <h2 class=\"wp-block-heading\" id=\"how-does-a-yogurt-cup-filling-and-sealing-machine-work\">Comment fonctionne une machine de remplissage et de scellage de pots de yaourt ?<\/h2>   <figure class=\"wp-block-embed-youtube wp-block-embed is-type-video is-provider-youtube wp-embed-aspect-16-9 wp-has-aspect-ratio lyte-align aligncenter\"><div class=\"lyte-wrapper\" title=\"Machine automatique de remplissage et de scellage de gobelets de yaourt avec type rotatif\" style=\"width:853px;max-width:100%;margin:5px auto;\"><div class=\"lyMe\" id=\"WYL_HicsfkDOUwI\" itemprop=\"video\" itemscope itemtype=\"https:\/\/schema.org\/VideoObject\"><div><meta itemprop=\"thumbnailUrl\" content=\"https:\/\/i.ytimg.com\/vi\/HicsfkDOUwI\/hqdefault.jpg\" \/><meta itemprop=\"embedURL\" content=\"https:\/\/www.youtube.com\/embed\/HicsfkDOUwI\" \/><meta itemprop=\"duration\" content=\"PT3M10S\" \/><meta itemprop=\"uploadDate\" content=\"2021-09-17T09:58:33Z\" \/><\/div><div id=\"lyte_HicsfkDOUwI\" data-src=\"https:\/\/i.ytimg.com\/vi\/HicsfkDOUwI\/hqdefault.jpg\" class=\"pL\"><div class=\"tC\"><div class=\"tT\" itemprop=\"name\">Machine automatique de remplissage et de scellage de gobelets de yaourt avec type rotatif<\/div><\/div><div class=\"play\"><\/div><div class=\"ctrl\"><div class=\"Lctrl\"><\/div><div class=\"Rctrl\"><\/div><\/div><\/div><noscript><a href=\"https:\/\/youtu.be\/HicsfkDOUwI\" rel=\"nofollow noopener\" target=\"_blank\"><img loading=\"lazy\" decoding=\"async\" src=\"https:\/\/i.ytimg.com\/vi\/HicsfkDOUwI\/0.jpg\" alt=\"Machine automatique de remplissage et de scellage de gobelets de yaourt avec type rotatif\" width=\"853\" height=\"460\" \/><\/a><\/noscript><meta itemprop=\"description\" content=\"#yogurt #yogurtrecipe #yogurtpackaging Email\ud83d\udc49 sales@tianhuipackingmachine.com WhatsApp\/Tel\ud83d\udc49 +86 17329326135 Useful reference\ud83d\udc49 https:\/\/tianhuipackingmachine.com\/yogurt-cup-filling-machine\/ ----------------------------------------------------------------------- Yogurt cup filling sealing machine is a kind of equipment for cup yogurt packaging. Compared with a single outlet liquid filling machine and multi-head liquid filling machine, this yogurt packaging machine for cups can automatically complete the whole process of feeding cups, filling, sealing, pulling out finished products. Besides, this kind of machine requires to customize according to the sizes and shapes of cups and covers, so we suggest our customer tell us the details of the product\u2019s shape and capacity when getting in touch with us. Yogurt cup filling machine is composed of an automatic touch screen, cup dropping system, gearing and pulling system, filling system, film putting device, sealing system, and cup discharging device with an output conveyor belt. ----------------------------------------------------------------------- Email\ud83d\udc49 sales@tianhuipackingmachine.com WhatsApp\/Tel\ud83d\udc49 +86 17329326135 Useful reference\ud83d\udc49 https:\/\/tianhuipackingmachine.com\/yogurt-cup-filling-machine\/\"><\/div><\/div><div class=\"lL\" style=\"max-width:100%;width:853px;margin:5px auto;\"> <a href=\"https:\/\/youtu.be\/HicsfkDOUwI\" target=\"_blank\" rel=\"noopener\">Regarder cette vid\u00e9o sur YouTube<\/a>.<\/div><figcaption><\/figcaption><\/figure>   <h2 class=\"wp-block-heading\" id=\"h-yogurt-cup-filler-structure\">Structure de remplissage de pot de yaourt<\/h2>    <p>La machine de remplissage de gobelets \u00e0 yaourt est compos\u00e9e d'un \u00e9cran tactile automatique, d'un syst\u00e8me de chute de gobelets, d'un syst\u00e8me d'engrenage et de traction, d'un syst\u00e8me de remplissage, d'un dispositif de mise en film, d'un syst\u00e8me de scellage et d'un dispositif de d\u00e9chargement de gobelets avec une bande transporteuse de sortie. L'\u00e9cran tactile contr\u00f4le les commutateurs de chute des gobelets, de remplissage, de mise du film, de scellage, de d\u00e9chargement et d'affichage du comptage des produits finis. Le dispositif de chute de gobelet r\u00e9alis\u00e9 est entra\u00een\u00e9 par une puissance pneumatique, fonctionnant de mani\u00e8re stable et pr\u00e9cise. <\/p>    <p>Le syst\u00e8me d'engrenage et de traction comprend un moteur d'entra\u00eenement, un r\u00e9ducteur de vitesse, un dispositif d'engrenage stable et des gobelets de transport vers le syst\u00e8me de remplissage. Le dispositif de remplissage comprend une sortie unique et une double t\u00eate de remplissage, cette derni\u00e8re \u00e9tant plus efficace. Le syst\u00e8me de mise en place du couvercle de la tasse se place avec pr\u00e9cision. L'\u00e9quipement scelle fermement le bord des gobelets et les pousse dans le tapis roulant de sortie.<\/p>    <figure class=\"wp-block-image aligncenter size-full\"><img loading=\"lazy\" decoding=\"async\" width=\"750\" height=\"500\" src=\"https:\/\/tianhuipackingmachine.com\/wp-content\/uploads\/2021\/09\/yogurt-cup-filling-machine-structure.jpg\" alt=\"structure de la machine de remplissage de tasses de yaourt\" class=\"wp-image-2524\" srcset=\"https:\/\/tianhuipackingmachine.com\/wp-content\/uploads\/2021\/09\/yogurt-cup-filling-machine-structure.jpg 750w, https:\/\/tianhuipackingmachine.com\/wp-content\/uploads\/2021\/09\/yogurt-cup-filling-machine-structure-300x200.jpg 300w\" sizes=\"auto, (max-width: 750px) 100vw, 750px\" \/><figcaption class=\"wp-element-caption\">Structure de la machine de remplissage de tasses de yaourt<\/figcaption><\/figure>    <h2 class=\"has-text-color wp-block-heading\" id=\"h-yogurt-filling-equipment-parameters\" style=\"color:#ff5200\">Param\u00e8tres de l'\u00e9quipement de remplissage de yaourt<\/h2>    <figure class=\"wp-block-table is-style-stripes\"><table><tbody><tr><td>Pouvoir<\/td><td>220\u00a0V \u00a0\u00a01\u00a0200\u00a0W<\/td><\/tr><tr><td>Vitesse d'emballage<\/td><td>800-900 tasses\/h (sortie unique) \u00a0 1\u00a0600-1\u00a0800 tasses\/h (sortie double)<\/td><\/tr><tr><td>Pression de l'air<\/td><td>0,5-0,75 MPa<\/td><\/tr><tr><td>Consommation d'air maximale<\/td><td>0,45m<sup>3<\/sup>\/m<\/td><\/tr><tr><td>Dimension<\/td><td>100*80*120cm<\/td><\/tr><tr><td>Poids<\/td><td>350 kg<\/td><\/tr><\/tbody><\/table><\/figure>    <p>La technique r\u00e9elle pr\u00e9sentera quelques diff\u00e9rences en fonction de la situation r\u00e9elle, car la machine de remplissage de pots de yaourt est g\u00e9n\u00e9ralement personnalis\u00e9e. <\/p>    <h2 class=\"wp-block-heading\" id=\"h-applications-of-yogurt-filling-machine\">Applications de la machine de remplissage de yaourt<\/h2>    <p>Le remplisseur de tasses de yaourt peut non seulement remplir et sceller des tasses de yaourt, mais peut \u00e9galement s'appliquer aux boissons, au lait, au caf\u00e9, aux jus, \u00e0 la cr\u00e8me \u00e0 caf\u00e9, \u00e0 la cr\u00e8me glac\u00e9e, \u00e0 la gel\u00e9e, au lait de soja, au sirop de prune, au vin de riz, \u00e0 la confiture, \u00e0 la sauce, \u00e0 la sauce chili, au b\u0153uf. p\u00e2te, etc. en \u00e9tant \u00e9quip\u00e9 de diff\u00e9rents syst\u00e8mes de remplissage. Il convient aux gobelets en plastique, aux gobelets en papier, aux gobelets en aluminium, etc. Pour le dispositif de remplissage, diff\u00e9rents volumes de remplissage sont facultatifs, se r\u00e9f\u00e9rant \u00e0 1-10 ml, 10-100 ml, 5-50 ml, 50-500 ml, 30-300 ml, etc. (jusqu'\u00e0 500 ml). Vous pouvez choisir en fonction de vos besoins r\u00e9els. <\/p>    <figure class=\"wp-block-gallery has-nested-images columns-default is-cropped wp-block-gallery-2 is-layout-flex wp-block-gallery-is-layout-flex\"> <figure class=\"wp-block-image size-large\"><img loading=\"lazy\" decoding=\"async\" width=\"750\" height=\"500\" data-id=\"2526\" src=\"https:\/\/tianhuipackingmachine.com\/wp-content\/uploads\/2021\/09\/yogurt-cup-filling-equipment-applications-display.jpg\" alt=\"affichage des applications de l&#039;\u00e9quipement de remplissage de pots de yaourt\" class=\"wp-image-2526\" srcset=\"https:\/\/tianhuipackingmachine.com\/wp-content\/uploads\/2021\/09\/yogurt-cup-filling-equipment-applications-display.jpg 750w, https:\/\/tianhuipackingmachine.com\/wp-content\/uploads\/2021\/09\/yogurt-cup-filling-equipment-applications-display-300x200.jpg 300w\" sizes=\"auto, (max-width: 750px) 100vw, 750px\" \/><figcaption class=\"wp-element-caption\">Affichage des applications de l'\u00e9quipement de remplissage de gobelets de yaourt<\/figcaption><\/figure>    <figure class=\"wp-block-image size-large\"><img loading=\"lazy\" decoding=\"async\" width=\"750\" height=\"500\" data-id=\"4684\" src=\"https:\/\/tianhuipackingmachine.com\/wp-content\/uploads\/2021\/12\/coffee-mate-750x500.jpg\" alt=\"camarade de caf\u00e9\" class=\"wp-image-4684\" srcset=\"https:\/\/tianhuipackingmachine.com\/wp-content\/uploads\/2021\/12\/coffee-mate.jpg 750w, https:\/\/tianhuipackingmachine.com\/wp-content\/uploads\/2021\/12\/coffee-mate-480x320.jpg 480w\" sizes=\"auto, (max-width: 750px) 100vw, 750px\" \/><figcaption class=\"wp-element-caption\">Compagnon de caf\u00e9<\/figcaption><\/figure> <\/figure>    <h2 class=\"wp-block-heading\" id=\"do-you-need-a-yogurt-cup-filling-and-sealing-machine-for-larger-output\">Avez-vous besoin d'une machine de remplissage et de scellage de pots de yaourt pour un rendement plus important\u00a0?<\/h2>    <p>Si oui, vous pouvez jeter un \u0153il \u00e0 la machine de remplissage et de scellage de gobelets en continu. C'est l'\u00e9quipement id\u00e9al pour le conditionnement de gobelets pour les cha\u00eenes de montage et la production en grande s\u00e9rie. Cette machine d'emballage de gobelets s'applique au yaourt, \u00e0 la gel\u00e9e, aux jus, \u00e0 la cr\u00e8me glac\u00e9e, au pudding, au porridge, \u00e0 d'autres liquides ou p\u00e2tes, etc. L'\u00e9quipement peut automatiquement terminer le processus de chute des gobelets dans les mod\u00e8les, de remplissage du mat\u00e9riau dans les gobelets, d'alimentation du film, de scellage et couper le film d'emballage. <\/p>    <p>Il pr\u00e9sente les avantages d'une structure compacte, d'un degr\u00e9 \u00e9lev\u00e9 d'automatisation, d'une utilisation pratique, d'une maintenance simple et d'une efficacit\u00e9 de production \u00e9lev\u00e9e. Et l'\u00e9quipement a une qualit\u00e9 stable et une longue dur\u00e9e de vie, des performances avanc\u00e9es et une qualit\u00e9 fiable. Le nombre de gobelets par rang\u00e9e peut \u00eatre personnalis\u00e9 en fonction des exigences de production du client.<\/p>    <figure class=\"wp-block-image aligncenter size-large\"><img loading=\"lazy\" decoding=\"async\" width=\"750\" height=\"500\" src=\"https:\/\/tianhuipackingmachine.com\/wp-content\/uploads\/2022\/02\/cup-filling-and-sealing-machine-750x500.jpg\" alt=\"machine de remplissage et de scellage de gobelets\" class=\"wp-image-5183\" srcset=\"https:\/\/tianhuipackingmachine.com\/wp-content\/uploads\/2022\/02\/cup-filling-and-sealing-machine.jpg 750w, https:\/\/tianhuipackingmachine.com\/wp-content\/uploads\/2022\/02\/cup-filling-and-sealing-machine-480x320.jpg 480w\" sizes=\"auto, (max-width: 750px) 100vw, 750px\" \/><figcaption class=\"wp-element-caption\">Machine de remplissage et de scellage de gobelets<\/figcaption><\/figure>    <h2 class=\"wp-block-heading\" id=\"what-are-characteristics-of-the-continuous-yogurt-cup-filling-and-sealing-machine\">Quelles sont les caract\u00e9ristiques de la machine de remplissage et de scellage de pots de yaourt en continu\u00a0?<\/h2>    <ol class=\"wp-block-list\" type=\"1\"> <li>Conception avanc\u00e9e, structure raisonnable, automatisation \u00e9lev\u00e9e et performances fiables.<\/li>    <li>Une op\u00e9ration simple am\u00e9liore l'efficacit\u00e9 du travail et r\u00e9duit le travail humain.<\/li>    <li>L'ensemble de la machine est fabriqu\u00e9 en acier inoxydable, en alliage d'aluminium, en cuivre et en d'autres mat\u00e9riaux anticorrosion, conform\u00e9ment aux normes d'hygi\u00e8ne et de s\u00e9curit\u00e9 alimentaire.<\/li>    <li>Le moule de placement de tasse peut \u00eatre personnalis\u00e9. Les moules ronds et carr\u00e9s sont des types courants disponibles. <\/li>    <li>Les d\u00e9tecteurs oculaires photo\u00e9lectriques assurent un remplissage et un scellement pr\u00e9cis et pr\u00e9cis.<\/li>    <li>La vitesse de production et la pression de scellage sont r\u00e9glables en fonction des besoins r\u00e9els.<\/li>    <li>Le joint est ferme et les bords sont lisses et impeccables.<\/li> <\/ol>    <figure class=\"wp-block-gallery has-nested-images columns-default is-cropped wp-block-gallery-3 is-layout-flex wp-block-gallery-is-layout-flex\"> <figure class=\"wp-block-image size-large\"><img loading=\"lazy\" decoding=\"async\" width=\"750\" height=\"500\" data-id=\"5185\" src=\"https:\/\/tianhuipackingmachine.com\/wp-content\/uploads\/2022\/02\/round-cup-type-filling-system-for-liquid.jpg\" alt=\"syst\u00e8me de remplissage de type tasse ronde pour liquide\" class=\"wp-image-5185\" srcset=\"https:\/\/tianhuipackingmachine.com\/wp-content\/uploads\/2022\/02\/round-cup-type-filling-system-for-liquid.jpg 750w, https:\/\/tianhuipackingmachine.com\/wp-content\/uploads\/2022\/02\/round-cup-type-filling-system-for-liquid-480x320.jpg 480w\" sizes=\"auto, (max-width: 750px) 100vw, 750px\" \/><figcaption class=\"wp-element-caption\">Syst\u00e8me de remplissage de type tasse ronde pour liquide<\/figcaption><\/figure>    <figure class=\"wp-block-image size-large\"><img loading=\"lazy\" decoding=\"async\" width=\"750\" height=\"500\" data-id=\"5184\" src=\"https:\/\/tianhuipackingmachine.com\/wp-content\/uploads\/2022\/02\/quadrate-cup-type-filling-system.jpg\" alt=\"syst\u00e8me de remplissage \u00e0 coupelles carr\u00e9es\" class=\"wp-image-5184\" srcset=\"https:\/\/tianhuipackingmachine.com\/wp-content\/uploads\/2022\/02\/quadrate-cup-type-filling-system.jpg 750w, https:\/\/tianhuipackingmachine.com\/wp-content\/uploads\/2022\/02\/quadrate-cup-type-filling-system-480x320.jpg 480w\" sizes=\"auto, (max-width: 750px) 100vw, 750px\" \/><figcaption class=\"wp-element-caption\">Syst\u00e8me de remplissage de type tasse carr\u00e9e<\/figcaption><\/figure> <\/figure>    <h2 class=\"has-luminous-vivid-orange-color has-text-color wp-block-heading\" id=\"multiline-linear-automatic-cup-packing-machine-parameter\">Param\u00e8tres de la machine \u00e0 emballer automatique lin\u00e9aire multiligne<\/h2>    <figure class=\"wp-block-table\"><table><tbody><tr><td>Taper<\/td><td>XBG60-4<\/td><td>JXS-1680<\/td><\/tr><tr><td>Pouvoir<\/td><td>Triphas\u00e9 \u00e0 quatre fils, 380V\/50HZ, 2,4Kw\/h<\/td><td>380 V, 2,2 kW<\/td><\/tr><tr><td>Plage de contr\u00f4le de la temp\u00e9rature<\/td><td>0-400 \u2103<\/td><td>\/<\/td><\/tr><tr><td>Consommation d'air<\/td><td>0,6 m<sup>3<\/sup>\/s<\/td><td>\/<\/td><\/tr><tr><td>Pression de l'air<\/td><td>0,65-0,85 MPa<\/td><td>0,6-0,8 MPa<\/td><\/tr><tr><td>Vitesse d'emballage<\/td><td>1800-2000tasse\/h<\/td><td>1200-7200tasse\/h<\/td><\/tr><tr><td>Poids<\/td><td>700 kg<\/td><td>1050 kg<\/td><\/tr><tr><td>Dimension<\/td><td>3000mm*600mm*1600mm<\/td><td>3200*1350*1720mm<\/td><\/tr><\/tbody><\/table><\/figure>    <p>Les donn\u00e9es techniques r\u00e9elles s'ajusteront en fonction de la situation et des exigences r\u00e9elles. <\/p>    <h2 class=\"wp-block-heading\" id=\"h-get-in-touch-with-us-to-get-more-information\">Contactez-nous pour obtenir plus d'informations<\/h2>    <p class=\"translation-block\">La machine automatique de remplissage et de scellement de pots de yaourt rotative est g\u00e9n\u00e9ralement personnalis\u00e9e afin de bien s'adapter \u00e0 la taille et \u00e0 la forme de votre pot et de son couvercle. Chez Henan Top Packing machinery, il existe de nombreuses <a href=\"https:\/\/tianhuipackingmachine.com\/fr\/\">machines d'emballage<\/a> \u00e0 vendre, telles que la <a href=\"https:\/\/tianhuipackingmachine.com\/fr\/liquid-packing-machine\/\">machine d'emballage de liquide<\/a>, la machine d'emballage en poudre, la machine d'emballage de granul\u00e9s, la machine d'emballage sous vide, la machine d'emballage en coussin, la machine \u00e0 \u00e9tiqueter, l'imprimante de date, la <a href=\"https:\/\/tianhuipackingmachine.com\/fr\/carton-sealing-machine\/\">machine de scellement de carton<\/a>, et bien d'autres. Vous cherchez des \u00e9quipements comme ceux-ci ? Contactez-nous pour obtenir plus de d\u00e9tails et le meilleur prix.<\/p>","protected":false},"excerpt":{"rendered":"<p>Yogurt cup filling machine, as the name implies, is a kind of equipment for cup filling and sealing. Compared with the inline liquid filling machine, this yogurt packaging machine for cups is equipped with a rotary plate. The yogurt cup filling and sealing machine can automatically complete the whole process of feeding cups, filling, sealing, [&hellip;]<\/p>\n","protected":false},"author":1,"featured_media":2523,"parent":0,"template":"","tags":[162],"product-type":[141],"class_list":["post-2522","product","type-product","status-publish","has-post-thumbnail","hentry","tag-filling-machine","product-type-filling-machines"],"_links":{"self":[{"href":"https:\/\/tianhuipackingmachine.com\/fr\/wp-json\/wp\/v2\/product\/2522","targetHints":{"allow":["GET"]}}],"collection":[{"href":"https:\/\/tianhuipackingmachine.com\/fr\/wp-json\/wp\/v2\/product"}],"about":[{"href":"https:\/\/tianhuipackingmachine.com\/fr\/wp-json\/wp\/v2\/types\/product"}],"author":[{"embeddable":true,"href":"https:\/\/tianhuipackingmachine.com\/fr\/wp-json\/wp\/v2\/users\/1"}],"wp:featuredmedia":[{"embeddable":true,"href":"https:\/\/tianhuipackingmachine.com\/fr\/wp-json\/wp\/v2\/media\/2523"}],"wp:attachment":[{"href":"https:\/\/tianhuipackingmachine.com\/fr\/wp-json\/wp\/v2\/media?parent=2522"}],"wp:term":[{"taxonomy":"post_tag","embeddable":true,"href":"https:\/\/tianhuipackingmachine.com\/fr\/wp-json\/wp\/v2\/tags?post=2522"},{"taxonomy":"product-type","embeddable":true,"href":"https:\/\/tianhuipackingmachine.com\/fr\/wp-json\/wp\/v2\/product-type?post=2522"}],"curies":[{"name":"wp","href":"https:\/\/api.w.org\/{rel}","templated":true}]}}