{"id":2510,"date":"2021-09-08T11:10:06","date_gmt":"2021-09-08T03:10:06","guid":{"rendered":"https:\/\/tianhuipackingmachine.com\/?page_id=2510"},"modified":"2026-03-11T15:10:18","modified_gmt":"2026-03-11T07:10:18","slug":"1-10kg-powder-filling-machine","status":"publish","type":"product","link":"https:\/\/tianhuipackingmachine.com\/fr\/1-10kg-powder-filling-machine\/","title":{"rendered":"Machine de remplissage de poudre de 1 \u00e0 10 kg"},"content":{"rendered":"<p class=\"translation-block\"><strong>Machine de remplissage en poudre<\/strong> voici un outil pour remplir la poudre entre 1 et 10 kg de mani\u00e8re efficace et fiable. Comme les autres machines d\u2019emballage de poudre, elle est \u00e9quip\u00e9e d\u2019un vis sans fin qui mesure le volume du mat\u00e9riau de remplissage. L\u2019\u00e9quipement convient \u00e0 divers types de poudres, telles que poudre de lait, farine, f\u00e9cule, condiments, poudre de piment, poudre de d\u00e9tergent, poudre chimique, produits agricoles et accessoires, poudre additive, poudre de colorants, poudre d\u2019alimentation animale, etc. <\/p>    <p>Afin d'emballer plus efficacement, vous pouvez l'utiliser en l'associant \u00e0 certains appareils. Par exemple, il est pr\u00e9f\u00e9rable d\u2019acheter ensemble une machine \u00e0 sceller les sacs si vous souhaitez \u00e9galement sceller le sac. Tandis que si vous utilisez des bouteilles pour l\u2019emballage, vous pouvez acheter un tapis roulant pour \u00e9conomiser du travail. De plus, un service OEM est disponible selon vos besoins.<\/p>    <figure class=\"wp-block-image size-full\"><img loading=\"lazy\" decoding=\"async\" width=\"750\" height=\"500\" src=\"https:\/\/tianhuipackingmachine.com\/wp-content\/uploads\/2021\/09\/powder-weighing-and-filing-machine.jpg\" alt=\"machine de pesage et de remplissage de poudre\" class=\"wp-image-6246\"\/><figcaption class=\"wp-element-caption\">Machine de pesage et de remplissage de poudre<\/figcaption><\/figure>    <h2 class=\"has-black-color has-text-color wp-block-heading\" id=\"h-features-benefits-of-1-10kg-powder-filling-machine\">Caract\u00e9ristiques et avantages de la machine de pesage et de remplissage de poudre s\u00e8che<\/h2>    <ol class=\"wp-block-list\" type=\"1\"> <li>Conception raisonnable, structure simple, facile \u00e0 installer, \u00e0 utiliser et \u00e0 entretenir<\/li>    <li>Pes\u00e9e quantitative automatique, remplissage et r\u00e9glage des erreurs de dosage<\/li>    <li>Les touches et l'\u00e9cran tactile PLC sont optionnels en fonction de vos besoins<\/li>    <li>Ajoutez une grosse pince sur l'orifice de d\u00e9charge pour fixer le sac d'emballage afin de remplir un grand volume<\/li>    <li>Changer diff\u00e9rentes tailles de tari\u00e8re peut contr\u00f4ler l'emballage de diff\u00e9rents volumes de mat\u00e9riau<\/li>    <li>Adoptez un syst\u00e8me de pes\u00e9e quantitative, pr\u00e9cis, efficace et pratique<\/li>    <li>Utiliser un moteur pas \u00e0 pas et une technologie de pesage \u00e9lectronique, haute pr\u00e9cision<\/li>    <li>Convient pour remplir des sacs d'emballage, des bouteilles et des canettes<\/li>    <li>Service de personnalisation disponible<\/li> <\/ol>    <h2 class=\"has-text-color wp-block-heading\" id=\"h-semi-automatic-1-10-kg-powder-packing-equipment-parameters\" style=\"color:#ff5200\">Param\u00e8tres de la machine de remplissage de poudre semi-automatique<\/h2>    <figure class=\"wp-block-table is-style-stripes\"><table><tbody><tr><td>Pouvoir<\/td><td>AC380V\u00a0900W<\/td><\/tr><tr><td>Sp\u00e9cifications d'emballage<\/td><td>1-10kg<\/td><\/tr><tr><td>Pr\u00e9cision de l'emballage<\/td><td>\u00b11%<\/td><\/tr><tr><td>Vitesse d'emballage<\/td><td>500-1500bags\/h (selon la taille de l'emballage et les produits)<\/td><\/tr><tr><td>Dimension<\/td><td>1000*850*1850mm<\/td><\/tr><tr><td>Poids<\/td><td>280 kg<\/td><\/tr><\/tbody><\/table><\/figure>    <h2 class=\"has-black-color has-text-color wp-block-heading\" id=\"h-1-10kg-powder-auger-filler-structure\">Structure de machine de remplissage de tari\u00e8re de poudre de 1 \u00e0 10 kg<\/h2>    <p>La remplisseuse \u00e0 vis se compose d'une tr\u00e9mie de mat\u00e9riaux, d'une sortie de d\u00e9charge, d'un panneau de commande \u00e9lectronique, d'un plateau, d'un convoyeur \u00e0 vis avec tr\u00e9mie et d'un moteur. La tr\u00e9mie de mat\u00e9riau est utilis\u00e9e pour stocker la poudre \u00e0 remplir. Une sortie de d\u00e9charge avec une vis sans fin permet de contr\u00f4ler le volume de remplissage. Pour le remplissage de grands sacs, il sera \u00e9quip\u00e9 d'un dispositif de serrage pour fixer le sac. Le plateau a une fonction de support pour les sacs, les bouteilles ou les canettes. Il existe deux types de panneaux de commande en option, des touches et un \u00e9cran tactile PLC. Le convoyeur \u00e0 vis transporte le mat\u00e9riau dans la tr\u00e9mie de la machine de remplissage gr\u00e2ce \u00e0 la puissance de son propre moteur. <\/p>    <p class=\"translation-block\">De plus, nous prenons en charge des machines personnalis\u00e9es selon vos besoins. Vous pouvez <strong><a href=\"https:\/\/tianhuipackingmachine.com\/fr\/contact\/\">prendre contact avec nous<\/a><\/strong> pour obtenir plus de d\u00e9tails en remplissant le formulaire en bas de cet article.<\/p>    <figure class=\"wp-block-image aligncenter size-full\"><img loading=\"lazy\" decoding=\"async\" width=\"750\" height=\"500\" src=\"https:\/\/tianhuipackingmachine.com\/wp-content\/uploads\/2021\/09\/1-10kg-powder-filling-equipment-structure.jpg\" alt=\"Structure d&#039;\u00e9quipement de remplissage de poudre 1-10kg\" class=\"wp-image-2512\" srcset=\"https:\/\/tianhuipackingmachine.com\/wp-content\/uploads\/2021\/09\/1-10kg-powder-filling-equipment-structure.jpg 750w, https:\/\/tianhuipackingmachine.com\/wp-content\/uploads\/2021\/09\/1-10kg-powder-filling-equipment-structure-300x200.jpg 300w\" sizes=\"auto, (max-width: 750px) 100vw, 750px\" \/><figcaption class=\"wp-element-caption\">Structure d'\u00e9quipement de remplissage de poudre 1-10Kg<\/figcaption><\/figure>    <h2 class=\"has-text-color wp-block-heading\" id=\"h-screw-conveyor-parameters\" style=\"color:#ff5200\">Param\u00e8tres du convoyeur \u00e0 vis<\/h2>    <figure class=\"wp-block-table is-style-stripes\"><table><tbody><tr><td>Pouvoir<\/td><td>AC380V\u00a01\u00a0100\u00a0W<\/td><\/tr><tr><td>Capacit\u00e9 \u00e9l\u00e9vatrice<\/td><td>1000-3000kg\/heure<\/td><\/tr><tr><td>Capacit\u00e9 de la tr\u00e9mie<\/td><td>100-300kg<\/td><\/tr><tr><td>Hauteur du dispositif de remplissage<\/td><td>2000 mm (supporte le service personnalis\u00e9)<\/td><\/tr><tr><td>Le mat\u00e9riel de l'\u00e9quipement<\/td><td>Acier inoxydable<\/td><\/tr><tr><td>Poids<\/td><td>150 kg<\/td><\/tr><\/tbody><\/table><\/figure>    <h2 class=\"has-black-color has-text-color wp-block-heading\" id=\"h-wide-applications-in-food-non-food-bags-bottles-or-cans\">Applications larges dans les secteurs alimentaire et non alimentaire, sacs, bouteilles ou canettes<\/h2>    <p class=\"translation-block\">La machine de remplissage en poudre pour 1-10 kg convient \u00e0 une vari\u00e9t\u00e9 de poudres, telles que poudre de lait, poudre de caf\u00e9, farine, f\u00e9cule de ma\u00efs, farine de riz, poudre de th\u00e9 au lait, poudre d\u2019albumen, amidon, <strong><a href=\"https:\/\/tianhuipackingmachine.com\/fr\/spice-packaging-machine\/\">\u00e9pices<\/a><\/strong>, poudre de matcha, poudre de cacao, poivre, <strong><a href=\"https:\/\/tianhuipackingmachine.com\/fr\/chilli-powder-packing-machine\/\">poudre de chili<\/a><\/strong>, poivre noir, cumin, curry, masala, poudre de colorants, poudre de pesticide, additif, poudre d\u2019alimentation animale, etc. Et l\u2019\u00e9quipement de remplissage s\u2019applique aux sacs, bouteilles et bo\u00eetes. <\/p>    <figure class=\"wp-block-image size-large\"><img loading=\"lazy\" decoding=\"async\" width=\"750\" height=\"500\" src=\"https:\/\/tianhuipackingmachine.com\/wp-content\/uploads\/2021\/12\/applicable-powder-750x500.jpg\" alt=\"poudre applicable\" class=\"wp-image-4449\" srcset=\"https:\/\/tianhuipackingmachine.com\/wp-content\/uploads\/2021\/12\/applicable-powder.jpg 750w, https:\/\/tianhuipackingmachine.com\/wp-content\/uploads\/2021\/12\/applicable-powder-480x320.jpg 480w\" sizes=\"auto, (max-width: 750px) 100vw, 750px\" \/><figcaption class=\"wp-element-caption\">Poudre Applicable<\/figcaption><\/figure>    <h2 class=\"has-black-color has-text-color wp-block-heading\" id=\"h-related-machines-in-top-packing-machinery\">Machines li\u00e9es de Henan Top Packing Machinery<\/h2>    <p class=\"translation-block\">Si vous souhaitez une ligne de production avec la machine de remplissage en poudre 1-10 kg, il existe de nombreuses machines en option chez <strong><a href=\"https:\/\/tianhuipackingmachine.com\/fr\/\">Henan Top Packing Machinery<\/a><\/strong>, telles que des convoyeurs pour bouteilles ou bo\u00eetes, <strong><a href=\"https:\/\/tianhuipackingmachine.com\/fr\/continuous-bag-sealing-machine\/\">machine de scellage de sacs continue<\/a><\/strong>, machines \u00e0 capuchonner, machine \u00e0 vide, imprimante de date, machine d\u2019emballage de carton, et ainsi de suite. De plus, nous proposons \u00e9galement <strong><a href=\"https:\/\/tianhuipackingmachine.com\/fr\/powder-packing-machine\/\">des machines d\u2019emballage de poudre<\/a><\/strong> pour 0-80 g\/sac, 20-200 g\/sac, 500-1000 g\/sac, 1000-3000 g\/sac, 5-50 kg\/sac, etc. En outre, nous proposons des services de personnalisation. Contactez-nous pour plus d\u2019informations et le meilleur prix.<\/p>    <figure class=\"wp-block-image size-full\"><img loading=\"lazy\" decoding=\"async\" width=\"750\" height=\"500\" src=\"https:\/\/tianhuipackingmachine.com\/wp-content\/uploads\/2021\/09\/powder-filling-machine-factory.jpg\" alt=\"usine de machines de remplissage de poudre\" class=\"wp-image-6240\"\/><figcaption class=\"wp-element-caption\">Usine de machines de remplissage de poudre<\/figcaption><\/figure>    <h2 class=\"wp-block-heading\">Conclusion <\/h2>    <p class=\"translation-block\"><strong>Les machines de remplissage en poudre<\/strong> sont un outil essentiel dans divers secteurs tels que les industries pharmaceutique, alimentaire et des boissons, chimique et agricole. Ces machines servent \u00e0 remplir les poudres dans des contenants avec un haut niveau de pr\u00e9cision et de r\u00e9gularit\u00e9. Elles sont disponibles sous diff\u00e9rents types, notamment remplisseur \u00e0 vis, remplisseur volum\u00e9trique et remplisseur gravim\u00e9trique, chacun avec ses propres caract\u00e9ristiques et usages uniques. Les caract\u00e9ristiques cl\u00e9s des machines de remplissage en poudre incluent la vitesse et la pr\u00e9cision, la pr\u00e9cision et la r\u00e9gularit\u00e9, la facilit\u00e9 d\u2019utilisation et d\u2019entretien, et les dispositifs de s\u00e9curit\u00e9. Avec la croissance continue et l\u2019avancement de la technologie, les machines de remplissage en poudre continueront de jouer un r\u00f4le essentiel pour assurer une production efficace et efficiente dans une vari\u00e9t\u00e9 d\u2019industries.<\/p>","protected":false},"excerpt":{"rendered":"<p>Powder filling machine here is a tool to fill powder within 1-10kg efficiently and reliably. The same as other powder packing machines, it\u2019s equipped with an auger that measures the volume of filling material. The equipment is suitable for various kinds of powders, such as milk powder, flour, starch, condiment, chili powder, detergent powder, chemical [&hellip;]<\/p>\n","protected":false},"author":1,"featured_media":6238,"parent":0,"template":"","tags":[162],"product-type":[141],"class_list":["post-2510","product","type-product","status-publish","has-post-thumbnail","hentry","tag-filling-machine","product-type-filling-machines"],"_links":{"self":[{"href":"https:\/\/tianhuipackingmachine.com\/fr\/wp-json\/wp\/v2\/product\/2510","targetHints":{"allow":["GET"]}}],"collection":[{"href":"https:\/\/tianhuipackingmachine.com\/fr\/wp-json\/wp\/v2\/product"}],"about":[{"href":"https:\/\/tianhuipackingmachine.com\/fr\/wp-json\/wp\/v2\/types\/product"}],"author":[{"embeddable":true,"href":"https:\/\/tianhuipackingmachine.com\/fr\/wp-json\/wp\/v2\/users\/1"}],"wp:featuredmedia":[{"embeddable":true,"href":"https:\/\/tianhuipackingmachine.com\/fr\/wp-json\/wp\/v2\/media\/6238"}],"wp:attachment":[{"href":"https:\/\/tianhuipackingmachine.com\/fr\/wp-json\/wp\/v2\/media?parent=2510"}],"wp:term":[{"taxonomy":"post_tag","embeddable":true,"href":"https:\/\/tianhuipackingmachine.com\/fr\/wp-json\/wp\/v2\/tags?post=2510"},{"taxonomy":"product-type","embeddable":true,"href":"https:\/\/tianhuipackingmachine.com\/fr\/wp-json\/wp\/v2\/product-type?post=2510"}],"curies":[{"name":"wp","href":"https:\/\/api.w.org\/{rel}","templated":true}]}}